{"id":2386,"date":"2019-11-25T11:12:13","date_gmt":"2019-11-25T11:12:13","guid":{"rendered":"https:\/\/hd-multimedia.com\/trgovina\/edifier-p12\/"},"modified":"2026-04-16T18:53:22","modified_gmt":"2026-04-16T18:53:22","slug":"edifier-p12-male-pasivne-zvucne-kutije","status":"publish","type":"product","link":"https:\/\/hd-multimedia.com\/sl\/trgovina\/edifier-p12-male-pasivne-zvucne-kutije\/","title":{"rendered":"Edifier P12"},"content":{"rendered":"<p>Edifier P12 \u2013 majhni pasivni zvo\u010dniki, studijska kakovost, enostavni za upravljanje. Sestavite celoten hifi sistem z uporabo Topping MX3, ki vklju\u010duje oja\u010devalnik, USB DAC in Bluetooth sprejemnik.<\/p>","protected":false},"excerpt":{"rendered":"<p>Pasivni zvo\u010dniki Edifier P12, ki za delovanje potrebujejo oja\u010devalnik. Uporabi se lahko vsak kvaliteten oja\u010devalec. Vsebuje 4-pal\u010dne gonilnike BAS. Zagotavljajo naraven zvok in bas refleks za izbolj\u0161an bas. 19 mm (3\/4 palca) visokotonci reproducirajo visoke tone v vseh podrobnostih. Edifier P12 je zasnovan tako, da se popolnoma prilega policam, mizam in stenam. P12 ima v vsak zvo\u010dnik vgrajen stenski nosilec, ki omogo\u010da uporabo kot zadnji kanal ali prostorski zvo\u010dnik. Stranice so prekrite s furnirjem iz pravega lesa, s \u010dudovito ukrivljenim zgornjim in spodnjim delom za prijetno splo\u0161no estetiko. Edifier P12 uporablja pravi crossover s to\u010dko crossoverja 1,5 kHz, ki se izogne frekvencam 2-4 kHz, kjer so na\u0161a u\u0161esa najbolj ob\u010dutljiva. Zvo\u010dniki z mo\u010djo med 5W in 20W.<\/p>","protected":false},"featured_media":2419,"template":"","meta":{"site-sidebar-layout":"default","site-content-layout":"default","ast-site-content-layout":"default","site-content-style":"default","site-sidebar-style":"default","ast-global-header-display":"","ast-banner-title-visibility":"","ast-main-header-display":"","ast-hfb-above-header-display":"","ast-hfb-below-header-display":"","ast-hfb-mobile-header-display":"","site-post-title":"","ast-breadcrumbs-content":"","ast-featured-img":"","footer-sml-layout":"","theme-transparent-header-meta":"default","adv-header-id-meta":"","stick-header-meta":"default","header-above-stick-meta":"","header-main-stick-meta":"","header-below-stick-meta":"","astra-migrate-meta-layouts":"set","ast-page-background-enabled":"default","ast-page-background-meta":{"desktop":{"background-color":"","background-image":"","background-repeat":"repeat","background-position":"center center","background-size":"auto","background-attachment":"scroll","background-type":"","background-media":"","overlay-type":"","overlay-color":"","overlay-opacity":"","overlay-gradient":""},"tablet":{"background-color":"","background-image":"","background-repeat":"repeat","background-position":"center center","background-size":"auto","background-attachment":"scroll","background-type":"","background-media":"","overlay-type":"","overlay-color":"","overlay-opacity":"","overlay-gradient":""},"mobile":{"background-color":"","background-image":"","background-repeat":"repeat","background-position":"center center","background-size":"auto","background-attachment":"scroll","background-type":"","background-media":"","overlay-type":"","overlay-color":"","overlay-opacity":"","overlay-gradient":""}},"ast-content-background-meta":{"desktop":{"background-color":"var(--ast-global-color-5)","background-image":"","background-repeat":"repeat","background-position":"center center","background-size":"auto","background-attachment":"scroll","background-type":"","background-media":"","overlay-type":"","overlay-color":"","overlay-opacity":"","overlay-gradient":""},"tablet":{"background-color":"var(--ast-global-color-5)","background-image":"","background-repeat":"repeat","background-position":"center center","background-size":"auto","background-attachment":"scroll","background-type":"","background-media":"","overlay-type":"","overlay-color":"","overlay-opacity":"","overlay-gradient":""},"mobile":{"background-color":"var(--ast-global-color-5)","background-image":"","background-repeat":"repeat","background-position":"center center","background-size":"auto","background-attachment":"scroll","background-type":"","background-media":"","overlay-type":"","overlay-color":"","overlay-opacity":"","overlay-gradient":""}}},"class_list":["post-2386","product","type-product","status-publish","has-post-thumbnail","hentry","product_cat-pasivne-zvucne-kutije","product_cat-edifier","desktop-align-center","tablet-align-center","mobile-align-center","ast-product-gallery-layout-horizontal","ast-magnify-disabled","ast-product-tabs-layout-horizontal"],"yoast_head":"<!-- This site is optimized with the Yoast SEO plugin v21.4 - https:\/\/yoast.com\/wordpress\/plugins\/seo\/ -->\n<title>Edifier P12 - hd-multimedia<\/title>\n<meta name=\"description\" content=\"male pasivne zvu\u010dne kutije, studijske kvalitete, lagane za pogon. Sastavie kompletan hifi sustav koriste\u0107i Topping MX3 koji uklju\u010duje poja\u010dalo.\" \/>\n<meta name=\"robots\" content=\"index, follow, max-snippet:-1, max-image-preview:large, max-video-preview:-1\" \/>\n<link rel=\"canonical\" href=\"https:\/\/hd-multimedia.com\/sl\/trgovina\/edifier-p12-male-pasivne-zvucne-kutije\/\" \/>\n<meta property=\"og:locale\" content=\"sl_SI\" \/>\n<meta property=\"og:type\" content=\"article\" \/>\n<meta property=\"og:title\" content=\"Edifier P12 - hd-multimedia\" \/>\n<meta property=\"og:description\" content=\"male pasivne zvu\u010dne kutije, studijske kvalitete, lagane za pogon. Sastavie kompletan hifi sustav koriste\u0107i Topping MX3 koji uklju\u010duje poja\u010dalo.\" \/>\n<meta property=\"og:url\" content=\"https:\/\/hd-multimedia.com\/sl\/trgovina\/edifier-p12-male-pasivne-zvucne-kutije\/\" \/>\n<meta property=\"og:site_name\" content=\"hd-multimedia\" \/>\n<meta property=\"article:modified_time\" content=\"2026-04-16T18:53:22+00:00\" \/>\n<meta property=\"og:image\" content=\"https:\/\/hd-multimedia.com\/hdm_media\/edifier-p12-e1574934946618.jpg\" \/>\n\t<meta property=\"og:image:width\" content=\"1200\" \/>\n\t<meta property=\"og:image:height\" content=\"1200\" \/>\n\t<meta property=\"og:image:type\" content=\"image\/jpeg\" \/>\n<meta name=\"twitter:card\" content=\"summary_large_image\" \/>\n<meta name=\"twitter:label1\" content=\"Est. reading time\" \/>\n\t<meta name=\"twitter:data1\" content=\"1 minuta\" \/>\n<script type=\"application\/ld+json\" class=\"yoast-schema-graph\">{\"@context\":\"https:\/\/schema.org\",\"@graph\":[{\"@type\":\"WebPage\",\"@id\":\"https:\/\/hd-multimedia.com\/trgovina\/edifier-p12-male-pasivne-zvucne-kutije\/\",\"url\":\"https:\/\/hd-multimedia.com\/trgovina\/edifier-p12-male-pasivne-zvucne-kutije\/\",\"name\":\"Edifier P12 - hd-multimedia\",\"isPartOf\":{\"@id\":\"https:\/\/hd-multimedia.com\/#website\"},\"datePublished\":\"2019-11-25T11:12:13+00:00\",\"dateModified\":\"2026-04-16T18:53:22+00:00\",\"description\":\"male pasivne zvu\u010dne kutije, studijske kvalitete, lagane za pogon. Sastavie kompletan hifi sustav koriste\u0107i Topping MX3 koji uklju\u010duje poja\u010dalo.\",\"breadcrumb\":{\"@id\":\"https:\/\/hd-multimedia.com\/trgovina\/edifier-p12-male-pasivne-zvucne-kutije\/#breadcrumb\"},\"inLanguage\":\"sl-SI\",\"potentialAction\":[{\"@type\":\"ReadAction\",\"target\":[\"https:\/\/hd-multimedia.com\/trgovina\/edifier-p12-male-pasivne-zvucne-kutije\/\"]}]},{\"@type\":\"BreadcrumbList\",\"@id\":\"https:\/\/hd-multimedia.com\/trgovina\/edifier-p12-male-pasivne-zvucne-kutije\/#breadcrumb\",\"itemListElement\":[{\"@type\":\"ListItem\",\"position\":1,\"name\":\"Po\u010detna stranica\",\"item\":\"https:\/\/hd-multimedia.com\/\"},{\"@type\":\"ListItem\",\"position\":2,\"name\":\"Trgovina\",\"item\":\"https:\/\/hd-multimedia.com\/trgovina\/\"},{\"@type\":\"ListItem\",\"position\":3,\"name\":\"Edifier P12\"}]},{\"@type\":\"WebSite\",\"@id\":\"https:\/\/hd-multimedia.com\/#website\",\"url\":\"https:\/\/hd-multimedia.com\/\",\"name\":\"hd-multimedia\",\"description\":\"\",\"publisher\":{\"@id\":\"https:\/\/hd-multimedia.com\/#organization\"},\"potentialAction\":[{\"@type\":\"SearchAction\",\"target\":{\"@type\":\"EntryPoint\",\"urlTemplate\":\"https:\/\/hd-multimedia.com\/?s={search_term_string}\"},\"query-input\":\"required name=search_term_string\"}],\"inLanguage\":\"sl-SI\"},{\"@type\":\"Organization\",\"@id\":\"https:\/\/hd-multimedia.com\/#organization\",\"name\":\"hd-multimedia\",\"url\":\"https:\/\/hd-multimedia.com\/\",\"logo\":{\"@type\":\"ImageObject\",\"inLanguage\":\"sl-SI\",\"@id\":\"https:\/\/hd-multimedia.com\/#\/schema\/logo\/image\/\",\"url\":\"https:\/\/hd-multimedia.com\/hdm_media\/HD-curves-ok-196-56px-alpha-1.png\",\"contentUrl\":\"https:\/\/hd-multimedia.com\/hdm_media\/HD-curves-ok-196-56px-alpha-1.png\",\"width\":196,\"height\":53,\"caption\":\"hd-multimedia\"},\"image\":{\"@id\":\"https:\/\/hd-multimedia.com\/#\/schema\/logo\/image\/\"}}]}<\/script>\n<!-- \/ Yoast SEO plugin. -->","yoast_head_json":{"title":"Edifier P12 - hd-multimedia","description":"male pasivne zvu\u010dne kutije, studijske kvalitete, lagane za pogon. Sastavie kompletan hifi sustav koriste\u0107i Topping MX3 koji uklju\u010duje poja\u010dalo.","robots":{"index":"index","follow":"follow","max-snippet":"max-snippet:-1","max-image-preview":"max-image-preview:large","max-video-preview":"max-video-preview:-1"},"canonical":"https:\/\/hd-multimedia.com\/sl\/trgovina\/edifier-p12-male-pasivne-zvucne-kutije\/","og_locale":"sl_SI","og_type":"article","og_title":"Edifier P12 - hd-multimedia","og_description":"male pasivne zvu\u010dne kutije, studijske kvalitete, lagane za pogon. Sastavie kompletan hifi sustav koriste\u0107i Topping MX3 koji uklju\u010duje poja\u010dalo.","og_url":"https:\/\/hd-multimedia.com\/sl\/trgovina\/edifier-p12-male-pasivne-zvucne-kutije\/","og_site_name":"hd-multimedia","article_modified_time":"2026-04-16T18:53:22+00:00","og_image":[{"width":1200,"height":1200,"url":"https:\/\/hd-multimedia.com\/hdm_media\/edifier-p12-e1574934946618.jpg","type":"image\/jpeg"}],"twitter_card":"summary_large_image","twitter_misc":{"Est. reading time":"1 minuta"},"schema":{"@context":"https:\/\/schema.org","@graph":[{"@type":"WebPage","@id":"https:\/\/hd-multimedia.com\/trgovina\/edifier-p12-male-pasivne-zvucne-kutije\/","url":"https:\/\/hd-multimedia.com\/trgovina\/edifier-p12-male-pasivne-zvucne-kutije\/","name":"Edifier P12 - hd-multimedia","isPartOf":{"@id":"https:\/\/hd-multimedia.com\/#website"},"datePublished":"2019-11-25T11:12:13+00:00","dateModified":"2026-04-16T18:53:22+00:00","description":"male pasivne zvu\u010dne kutije, studijske kvalitete, lagane za pogon. Sastavie kompletan hifi sustav koriste\u0107i Topping MX3 koji uklju\u010duje poja\u010dalo.","breadcrumb":{"@id":"https:\/\/hd-multimedia.com\/trgovina\/edifier-p12-male-pasivne-zvucne-kutije\/#breadcrumb"},"inLanguage":"sl-SI","potentialAction":[{"@type":"ReadAction","target":["https:\/\/hd-multimedia.com\/trgovina\/edifier-p12-male-pasivne-zvucne-kutije\/"]}]},{"@type":"BreadcrumbList","@id":"https:\/\/hd-multimedia.com\/trgovina\/edifier-p12-male-pasivne-zvucne-kutije\/#breadcrumb","itemListElement":[{"@type":"ListItem","position":1,"name":"Po\u010detna stranica","item":"https:\/\/hd-multimedia.com\/"},{"@type":"ListItem","position":2,"name":"Trgovina","item":"https:\/\/hd-multimedia.com\/trgovina\/"},{"@type":"ListItem","position":3,"name":"Edifier P12"}]},{"@type":"WebSite","@id":"https:\/\/hd-multimedia.com\/#website","url":"https:\/\/hd-multimedia.com\/","name":"hd-multimedia","description":"","publisher":{"@id":"https:\/\/hd-multimedia.com\/#organization"},"potentialAction":[{"@type":"SearchAction","target":{"@type":"EntryPoint","urlTemplate":"https:\/\/hd-multimedia.com\/?s={search_term_string}"},"query-input":"required name=search_term_string"}],"inLanguage":"sl-SI"},{"@type":"Organization","@id":"https:\/\/hd-multimedia.com\/#organization","name":"hd-multimedia","url":"https:\/\/hd-multimedia.com\/","logo":{"@type":"ImageObject","inLanguage":"sl-SI","@id":"https:\/\/hd-multimedia.com\/#\/schema\/logo\/image\/","url":"https:\/\/hd-multimedia.com\/hdm_media\/HD-curves-ok-196-56px-alpha-1.png","contentUrl":"https:\/\/hd-multimedia.com\/hdm_media\/HD-curves-ok-196-56px-alpha-1.png","width":196,"height":53,"caption":"hd-multimedia"},"image":{"@id":"https:\/\/hd-multimedia.com\/#\/schema\/logo\/image\/"}}]}},"post_mailing_queue_ids":[],"_links":{"self":[{"href":"https:\/\/hd-multimedia.com\/sl\/wp-json\/wp\/v2\/product\/2386","targetHints":{"allow":["GET"]}}],"collection":[{"href":"https:\/\/hd-multimedia.com\/sl\/wp-json\/wp\/v2\/product"}],"about":[{"href":"https:\/\/hd-multimedia.com\/sl\/wp-json\/wp\/v2\/types\/product"}],"version-history":[{"count":6,"href":"https:\/\/hd-multimedia.com\/sl\/wp-json\/wp\/v2\/product\/2386\/revisions"}],"predecessor-version":[{"id":11348,"href":"https:\/\/hd-multimedia.com\/sl\/wp-json\/wp\/v2\/product\/2386\/revisions\/11348"}],"wp:featuredmedia":[{"embeddable":true,"href":"https:\/\/hd-multimedia.com\/sl\/wp-json\/wp\/v2\/media\/2419"}],"wp:attachment":[{"href":"https:\/\/hd-multimedia.com\/sl\/wp-json\/wp\/v2\/media?parent=2386"}],"curies":[{"name":"wp","href":"https:\/\/api.w.org\/{rel}","templated":true}]}}