{"id":235,"date":"2019-08-21T09:47:59","date_gmt":"2019-08-21T09:47:59","guid":{"rendered":"https:\/\/hd-multimedia.com\/?product=dynaudio-st3x"},"modified":"2025-07-23T11:14:50","modified_gmt":"2025-07-23T11:14:50","slug":"dynaudio-st3x","status":"publish","type":"product","link":"https:\/\/hd-multimedia.com\/sl\/trgovina\/dynaudio-st3x\/","title":{"rendered":"Dynaudio STOJALO 3X"},"content":{"rendered":"<p><strong>Tehni\u010dni podatki:<\/strong><\/p>\n<p>Vi\u0161ina stojala (vklju\u010dno s talnimi konicami) 640 mm<br \/>\nDimenzije zgornje plo\u0161\u010de 145 x 195 mm<br \/>\nDimenzije osnovne plo\u0161\u010de 212 x 302 mm<br \/>\nBarva Visokosijajna bela, Visokosijajna \u010drna, Satenasto bela, Satenasto \u010drna<br \/>\nIdealno za Dynaudio DM 2\/6, DM 2\/7, Excite X12, Excite X16, Xeo 3 in druge kompaktne zvo\u010dnike<\/p>\n<p>&nbsp;<\/p>","protected":false},"excerpt":{"rendered":"<p>Stojalo za zvo\u010dnike Dynaudio STAND 3X ima rahlo nagnjen zadnji profil in elipti\u010dni steber, kar daje stojalu Stand 3X dinami\u010dno obliko.<\/p>\n<p>Sistem za upravljanje kablov Standa 3X omogo\u010da skoraj nevidno napeljavo kablov zvo\u010dnikov: Kabel je speljan skozi osnovno plo\u0161\u010do in kabelski kanal, skrit v pokon\u010dni cevi, neposredno do zvo\u010dnika. Odprtina za kabel je dovolj velika, da sprejme kable zvo\u010dnikov z vti\u010di ali napajalni kabel Europlug za Dynaudio Xeo 3. Tanka, zelo stabilna konstrukcija iz jekla in aluminija je \u0161e posebej odporna proti zvijanju; drog je mogo\u010de napolniti s peskom ali drugim primernim materialom za dodatno du\u0161enje. Osnovna plo\u0161\u010da je izdelana iz treh plasti in vsebuje posebno plast na sredini, ki znatno zmanj\u0161a resonanco.<\/p>\n<p>Zvo\u010dnik je mogo\u010de namestiti na zgornjo plo\u0161\u010do s prilo\u017eenimi konicami ali lepilnimi blazinicami. Tudi osnovna plo\u0161\u010da le\u017ei na konicah, ki jih je mogo\u010de enostavno prilagoditi neravnim tlom.<\/p>\n<p>&nbsp;<\/p>","protected":false},"featured_media":355,"template":"","meta":{"site-sidebar-layout":"default","site-content-layout":"default","ast-site-content-layout":"default","site-content-style":"default","site-sidebar-style":"default","ast-global-header-display":"","ast-banner-title-visibility":"","ast-main-header-display":"","ast-hfb-above-header-display":"","ast-hfb-below-header-display":"","ast-hfb-mobile-header-display":"","site-post-title":"","ast-breadcrumbs-content":"","ast-featured-img":"","footer-sml-layout":"","theme-transparent-header-meta":"default","adv-header-id-meta":"","stick-header-meta":"default","header-above-stick-meta":"","header-main-stick-meta":"","header-below-stick-meta":"","astra-migrate-meta-layouts":"set","ast-page-background-enabled":"default","ast-page-background-meta":{"desktop":{"background-color":"","background-image":"","background-repeat":"repeat","background-position":"center center","background-size":"auto","background-attachment":"scroll","background-type":"","background-media":"","overlay-type":"","overlay-color":"","overlay-opacity":"","overlay-gradient":""},"tablet":{"background-color":"","background-image":"","background-repeat":"repeat","background-position":"center center","background-size":"auto","background-attachment":"scroll","background-type":"","background-media":"","overlay-type":"","overlay-color":"","overlay-opacity":"","overlay-gradient":""},"mobile":{"background-color":"","background-image":"","background-repeat":"repeat","background-position":"center center","background-size":"auto","background-attachment":"scroll","background-type":"","background-media":"","overlay-type":"","overlay-color":"","overlay-opacity":"","overlay-gradient":""}},"ast-content-background-meta":{"desktop":{"background-color":"var(--ast-global-color-5)","background-image":"","background-repeat":"repeat","background-position":"center center","background-size":"auto","background-attachment":"scroll","background-type":"","background-media":"","overlay-type":"","overlay-color":"","overlay-opacity":"","overlay-gradient":""},"tablet":{"background-color":"var(--ast-global-color-5)","background-image":"","background-repeat":"repeat","background-position":"center center","background-size":"auto","background-attachment":"scroll","background-type":"","background-media":"","overlay-type":"","overlay-color":"","overlay-opacity":"","overlay-gradient":""},"mobile":{"background-color":"var(--ast-global-color-5)","background-image":"","background-repeat":"repeat","background-position":"center center","background-size":"auto","background-attachment":"scroll","background-type":"","background-media":"","overlay-type":"","overlay-color":"","overlay-opacity":"","overlay-gradient":""}}},"class_list":["post-235","product","type-product","status-publish","has-post-thumbnail","hentry","product_cat-stalci-za-zvucne-kutije","desktop-align-center","tablet-align-center","mobile-align-center","ast-product-gallery-layout-horizontal","ast-product-gallery-with-no-image","ast-magnify-disabled","ast-product-single-variable","ast-product-tabs-layout-horizontal"],"yoast_head":"<!-- This site is optimized with the Yoast SEO plugin v21.4 - https:\/\/yoast.com\/wordpress\/plugins\/seo\/ -->\n<title>Dynaudio STAND 3X - hd-multimedia<\/title>\n<meta name=\"description\" content=\"Dynaudio STAND 3X stalak za zvu\u010dnike ima blago nagnut profil unatrag i elipti\u010dni stup daju Standu 3X dinami\u010dan oblik. Dimenzije gornje plo\u010de 145 x 195 mm.\" \/>\n<meta name=\"robots\" content=\"index, follow, max-snippet:-1, max-image-preview:large, max-video-preview:-1\" \/>\n<link rel=\"canonical\" href=\"https:\/\/hd-multimedia.com\/sl\/trgovina\/dynaudio-st3x\/\" \/>\n<meta property=\"og:locale\" content=\"sl_SI\" \/>\n<meta property=\"og:type\" content=\"article\" \/>\n<meta property=\"og:title\" content=\"Dynaudio STAND 3X - hd-multimedia\" \/>\n<meta property=\"og:description\" content=\"Dynaudio STAND 3X stalak za zvu\u010dnike ima blago nagnut profil unatrag i elipti\u010dni stup daju Standu 3X dinami\u010dan oblik. Dimenzije gornje plo\u010de 145 x 195 mm.\" \/>\n<meta property=\"og:url\" content=\"https:\/\/hd-multimedia.com\/sl\/trgovina\/dynaudio-st3x\/\" \/>\n<meta property=\"og:site_name\" content=\"hd-multimedia\" \/>\n<meta property=\"article:modified_time\" content=\"2025-07-23T11:14:50+00:00\" \/>\n<meta property=\"og:image\" content=\"https:\/\/hd-multimedia.com\/hdm_media\/DYN_Stand3X_family.jpg\" \/>\n\t<meta property=\"og:image:width\" content=\"425\" \/>\n\t<meta property=\"og:image:height\" content=\"402\" \/>\n\t<meta property=\"og:image:type\" content=\"image\/jpeg\" \/>\n<meta name=\"twitter:card\" content=\"summary_large_image\" \/>\n<meta name=\"twitter:label1\" content=\"Est. reading time\" \/>\n\t<meta name=\"twitter:data1\" content=\"1 minuta\" \/>\n<script type=\"application\/ld+json\" class=\"yoast-schema-graph\">{\"@context\":\"https:\/\/schema.org\",\"@graph\":[{\"@type\":\"WebPage\",\"@id\":\"https:\/\/hd-multimedia.com\/trgovina\/dynaudio-st3x\/\",\"url\":\"https:\/\/hd-multimedia.com\/trgovina\/dynaudio-st3x\/\",\"name\":\"Dynaudio STAND 3X - hd-multimedia\",\"isPartOf\":{\"@id\":\"https:\/\/hd-multimedia.com\/#website\"},\"datePublished\":\"2019-08-21T09:47:59+00:00\",\"dateModified\":\"2025-07-23T11:14:50+00:00\",\"description\":\"Dynaudio STAND 3X stalak za zvu\u010dnike ima blago nagnut profil unatrag i elipti\u010dni stup daju Standu 3X dinami\u010dan oblik. Dimenzije gornje plo\u010de 145 x 195 mm.\",\"breadcrumb\":{\"@id\":\"https:\/\/hd-multimedia.com\/trgovina\/dynaudio-st3x\/#breadcrumb\"},\"inLanguage\":\"sl-SI\",\"potentialAction\":[{\"@type\":\"ReadAction\",\"target\":[\"https:\/\/hd-multimedia.com\/trgovina\/dynaudio-st3x\/\"]}]},{\"@type\":\"BreadcrumbList\",\"@id\":\"https:\/\/hd-multimedia.com\/trgovina\/dynaudio-st3x\/#breadcrumb\",\"itemListElement\":[{\"@type\":\"ListItem\",\"position\":1,\"name\":\"Po\u010detna stranica\",\"item\":\"https:\/\/hd-multimedia.com\/\"},{\"@type\":\"ListItem\",\"position\":2,\"name\":\"Trgovina\",\"item\":\"https:\/\/hd-multimedia.com\/trgovina\/\"},{\"@type\":\"ListItem\",\"position\":3,\"name\":\"Dynaudio STAND 3X\"}]},{\"@type\":\"WebSite\",\"@id\":\"https:\/\/hd-multimedia.com\/#website\",\"url\":\"https:\/\/hd-multimedia.com\/\",\"name\":\"hd-multimedia\",\"description\":\"\",\"publisher\":{\"@id\":\"https:\/\/hd-multimedia.com\/#organization\"},\"potentialAction\":[{\"@type\":\"SearchAction\",\"target\":{\"@type\":\"EntryPoint\",\"urlTemplate\":\"https:\/\/hd-multimedia.com\/?s={search_term_string}\"},\"query-input\":\"required name=search_term_string\"}],\"inLanguage\":\"sl-SI\"},{\"@type\":\"Organization\",\"@id\":\"https:\/\/hd-multimedia.com\/#organization\",\"name\":\"hd-multimedia\",\"url\":\"https:\/\/hd-multimedia.com\/\",\"logo\":{\"@type\":\"ImageObject\",\"inLanguage\":\"sl-SI\",\"@id\":\"https:\/\/hd-multimedia.com\/#\/schema\/logo\/image\/\",\"url\":\"https:\/\/hd-multimedia.com\/hdm_media\/HD-curves-ok-196-56px-alpha-1.png\",\"contentUrl\":\"https:\/\/hd-multimedia.com\/hdm_media\/HD-curves-ok-196-56px-alpha-1.png\",\"width\":196,\"height\":53,\"caption\":\"hd-multimedia\"},\"image\":{\"@id\":\"https:\/\/hd-multimedia.com\/#\/schema\/logo\/image\/\"}}]}<\/script>\n<!-- \/ Yoast SEO plugin. -->","yoast_head_json":{"title":"Dynaudio STAND 3X - hd-multimedia","description":"Dynaudio STAND 3X stalak za zvu\u010dnike ima blago nagnut profil unatrag i elipti\u010dni stup daju Standu 3X dinami\u010dan oblik. Dimenzije gornje plo\u010de 145 x 195 mm.","robots":{"index":"index","follow":"follow","max-snippet":"max-snippet:-1","max-image-preview":"max-image-preview:large","max-video-preview":"max-video-preview:-1"},"canonical":"https:\/\/hd-multimedia.com\/sl\/trgovina\/dynaudio-st3x\/","og_locale":"sl_SI","og_type":"article","og_title":"Dynaudio STAND 3X - hd-multimedia","og_description":"Dynaudio STAND 3X stalak za zvu\u010dnike ima blago nagnut profil unatrag i elipti\u010dni stup daju Standu 3X dinami\u010dan oblik. Dimenzije gornje plo\u010de 145 x 195 mm.","og_url":"https:\/\/hd-multimedia.com\/sl\/trgovina\/dynaudio-st3x\/","og_site_name":"hd-multimedia","article_modified_time":"2025-07-23T11:14:50+00:00","og_image":[{"width":425,"height":402,"url":"https:\/\/hd-multimedia.com\/hdm_media\/DYN_Stand3X_family.jpg","type":"image\/jpeg"}],"twitter_card":"summary_large_image","twitter_misc":{"Est. reading time":"1 minuta"},"schema":{"@context":"https:\/\/schema.org","@graph":[{"@type":"WebPage","@id":"https:\/\/hd-multimedia.com\/trgovina\/dynaudio-st3x\/","url":"https:\/\/hd-multimedia.com\/trgovina\/dynaudio-st3x\/","name":"Dynaudio STAND 3X - hd-multimedia","isPartOf":{"@id":"https:\/\/hd-multimedia.com\/#website"},"datePublished":"2019-08-21T09:47:59+00:00","dateModified":"2025-07-23T11:14:50+00:00","description":"Dynaudio STAND 3X stalak za zvu\u010dnike ima blago nagnut profil unatrag i elipti\u010dni stup daju Standu 3X dinami\u010dan oblik. Dimenzije gornje plo\u010de 145 x 195 mm.","breadcrumb":{"@id":"https:\/\/hd-multimedia.com\/trgovina\/dynaudio-st3x\/#breadcrumb"},"inLanguage":"sl-SI","potentialAction":[{"@type":"ReadAction","target":["https:\/\/hd-multimedia.com\/trgovina\/dynaudio-st3x\/"]}]},{"@type":"BreadcrumbList","@id":"https:\/\/hd-multimedia.com\/trgovina\/dynaudio-st3x\/#breadcrumb","itemListElement":[{"@type":"ListItem","position":1,"name":"Po\u010detna stranica","item":"https:\/\/hd-multimedia.com\/"},{"@type":"ListItem","position":2,"name":"Trgovina","item":"https:\/\/hd-multimedia.com\/trgovina\/"},{"@type":"ListItem","position":3,"name":"Dynaudio STAND 3X"}]},{"@type":"WebSite","@id":"https:\/\/hd-multimedia.com\/#website","url":"https:\/\/hd-multimedia.com\/","name":"hd-multimedia","description":"","publisher":{"@id":"https:\/\/hd-multimedia.com\/#organization"},"potentialAction":[{"@type":"SearchAction","target":{"@type":"EntryPoint","urlTemplate":"https:\/\/hd-multimedia.com\/?s={search_term_string}"},"query-input":"required name=search_term_string"}],"inLanguage":"sl-SI"},{"@type":"Organization","@id":"https:\/\/hd-multimedia.com\/#organization","name":"hd-multimedia","url":"https:\/\/hd-multimedia.com\/","logo":{"@type":"ImageObject","inLanguage":"sl-SI","@id":"https:\/\/hd-multimedia.com\/#\/schema\/logo\/image\/","url":"https:\/\/hd-multimedia.com\/hdm_media\/HD-curves-ok-196-56px-alpha-1.png","contentUrl":"https:\/\/hd-multimedia.com\/hdm_media\/HD-curves-ok-196-56px-alpha-1.png","width":196,"height":53,"caption":"hd-multimedia"},"image":{"@id":"https:\/\/hd-multimedia.com\/#\/schema\/logo\/image\/"}}]}},"post_mailing_queue_ids":[],"_links":{"self":[{"href":"https:\/\/hd-multimedia.com\/sl\/wp-json\/wp\/v2\/product\/235","targetHints":{"allow":["GET"]}}],"collection":[{"href":"https:\/\/hd-multimedia.com\/sl\/wp-json\/wp\/v2\/product"}],"about":[{"href":"https:\/\/hd-multimedia.com\/sl\/wp-json\/wp\/v2\/types\/product"}],"version-history":[{"count":3,"href":"https:\/\/hd-multimedia.com\/sl\/wp-json\/wp\/v2\/product\/235\/revisions"}],"predecessor-version":[{"id":18773,"href":"https:\/\/hd-multimedia.com\/sl\/wp-json\/wp\/v2\/product\/235\/revisions\/18773"}],"wp:featuredmedia":[{"embeddable":true,"href":"https:\/\/hd-multimedia.com\/sl\/wp-json\/wp\/v2\/media\/355"}],"wp:attachment":[{"href":"https:\/\/hd-multimedia.com\/sl\/wp-json\/wp\/v2\/media?parent=235"}],"curies":[{"name":"wp","href":"https:\/\/api.w.org\/{rel}","templated":true}]}}