{"id":228,"date":"2019-08-21T09:47:57","date_gmt":"2019-08-21T09:47:57","guid":{"rendered":"https:\/\/hd-multimedia.com\/?product=nagaoka-mp150-2"},"modified":"2024-07-10T10:59:00","modified_gmt":"2024-07-10T10:59:00","slug":"nagaoka-mp150-2","status":"publish","type":"product","link":"https:\/\/hd-multimedia.com\/sl\/trgovina\/nagaoka-mp150-2\/","title":{"rendered":"Nagaoka MP150 HS"},"content":{"rendered":"<p>Nagaoka je najstarej\u0161i japonski proizvajalec fonografskih vlo\u017ekov (ustanovljen leta 1940), ki proizvaja dele oziroma vlo\u017eke za priznane japonske in svetovne proizvajalce fonografske opreme.<\/p>\n<p><a href=\"https:\/\/www.nagaoka.co.jp\/item\/cat\/record\/\">Ostale informacije najdete na tej povezavi.<\/a><\/p>","protected":false},"excerpt":{"rendered":"<p>Nagaoka MP-150 tehta 6,5 gramov, ima izhodno napetost 4,5 mV in frekven\u010dno obmo\u010dje 20 Hz \u2013 20 kHz. Ravnovesje kanalov je 1,5 in lo\u010ditev je ve\u010dja od 24 dB. Prav tako je priporo\u010dena impedanca 47 kOhm s silo stiskanja od 1,5 do 2,0 grama.<\/p>\n<p>V paketu je vse potrebno za monta\u017eo (vijaki, matice in majhen izvija\u010d za la\u017ejo monta\u017eo).<\/p>\n<p>Te\u017ea Headshell je 9,5 g.<\/p>","protected":false},"featured_media":13105,"template":"","meta":{"site-sidebar-layout":"default","site-content-layout":"default","ast-site-content-layout":"","site-content-style":"default","site-sidebar-style":"default","ast-global-header-display":"","ast-banner-title-visibility":"","ast-main-header-display":"","ast-hfb-above-header-display":"","ast-hfb-below-header-display":"","ast-hfb-mobile-header-display":"","site-post-title":"","ast-breadcrumbs-content":"","ast-featured-img":"","footer-sml-layout":"","theme-transparent-header-meta":"default","adv-header-id-meta":"","stick-header-meta":"default","header-above-stick-meta":"","header-main-stick-meta":"","header-below-stick-meta":"","astra-migrate-meta-layouts":"default","ast-page-background-enabled":"default","ast-page-background-meta":{"desktop":{"background-color":"","background-image":"","background-repeat":"repeat","background-position":"center center","background-size":"auto","background-attachment":"scroll","background-type":"","background-media":"","overlay-type":"","overlay-color":"","overlay-opacity":"","overlay-gradient":""},"tablet":{"background-color":"","background-image":"","background-repeat":"repeat","background-position":"center center","background-size":"auto","background-attachment":"scroll","background-type":"","background-media":"","overlay-type":"","overlay-color":"","overlay-opacity":"","overlay-gradient":""},"mobile":{"background-color":"","background-image":"","background-repeat":"repeat","background-position":"center center","background-size":"auto","background-attachment":"scroll","background-type":"","background-media":"","overlay-type":"","overlay-color":"","overlay-opacity":"","overlay-gradient":""}},"ast-content-background-meta":{"desktop":{"background-color":"var(--ast-global-color-5)","background-image":"","background-repeat":"repeat","background-position":"center center","background-size":"auto","background-attachment":"scroll","background-type":"","background-media":"","overlay-type":"","overlay-color":"","overlay-opacity":"","overlay-gradient":""},"tablet":{"background-color":"var(--ast-global-color-5)","background-image":"","background-repeat":"repeat","background-position":"center center","background-size":"auto","background-attachment":"scroll","background-type":"","background-media":"","overlay-type":"","overlay-color":"","overlay-opacity":"","overlay-gradient":""},"mobile":{"background-color":"var(--ast-global-color-5)","background-image":"","background-repeat":"repeat","background-position":"center center","background-size":"auto","background-attachment":"scroll","background-type":"","background-media":"","overlay-type":"","overlay-color":"","overlay-opacity":"","overlay-gradient":""}}},"class_list":["post-228","product","type-product","status-publish","has-post-thumbnail","hentry","product_cat-zvucnice","product_cat-nagaoka","desktop-align-center","tablet-align-center","mobile-align-center","ast-product-gallery-layout-horizontal","ast-magnify-disabled","ast-product-tabs-layout-horizontal"],"yoast_head":"<!-- This site is optimized with the Yoast SEO plugin v21.4 - https:\/\/yoast.com\/wordpress\/plugins\/seo\/ -->\n<title>Nagaoka MP150 HS - hd-multimedia<\/title>\n<meta name=\"description\" content=\"Nagaoka MP-15Nagaoka MP-150 ima masu 6,5 grama, te 4.5mV izlaznog napona, frekvencijski raspon je 20 Hz \u2013 20 kHz, te balans kanala 1,5.\" \/>\n<meta name=\"robots\" content=\"index, follow, max-snippet:-1, max-image-preview:large, max-video-preview:-1\" \/>\n<link rel=\"canonical\" href=\"https:\/\/hd-multimedia.com\/sl\/trgovina\/nagaoka-mp150-2\/\" \/>\n<meta property=\"og:locale\" content=\"sl_SI\" \/>\n<meta property=\"og:type\" content=\"article\" \/>\n<meta property=\"og:title\" content=\"Nagaoka MP150 HS - hd-multimedia\" \/>\n<meta property=\"og:description\" content=\"Nagaoka MP-15Nagaoka MP-150 ima masu 6,5 grama, te 4.5mV izlaznog napona, frekvencijski raspon je 20 Hz \u2013 20 kHz, te balans kanala 1,5.\" \/>\n<meta property=\"og:url\" content=\"https:\/\/hd-multimedia.com\/sl\/trgovina\/nagaoka-mp150-2\/\" \/>\n<meta property=\"og:site_name\" content=\"hd-multimedia\" \/>\n<meta property=\"article:modified_time\" content=\"2024-07-10T10:59:00+00:00\" \/>\n<meta property=\"og:image\" content=\"https:\/\/hd-multimedia.com\/hdm_media\/NAGEOKO150HS.jpg\" \/>\n\t<meta property=\"og:image:width\" content=\"300\" \/>\n\t<meta property=\"og:image:height\" content=\"300\" \/>\n\t<meta property=\"og:image:type\" content=\"image\/jpeg\" \/>\n<meta name=\"twitter:card\" content=\"summary_large_image\" \/>\n<meta name=\"twitter:label1\" content=\"Est. reading time\" \/>\n\t<meta name=\"twitter:data1\" content=\"1 minuta\" \/>\n<script type=\"application\/ld+json\" class=\"yoast-schema-graph\">{\"@context\":\"https:\/\/schema.org\",\"@graph\":[{\"@type\":\"WebPage\",\"@id\":\"https:\/\/hd-multimedia.com\/trgovina\/nagaoka-mp150-2\/\",\"url\":\"https:\/\/hd-multimedia.com\/trgovina\/nagaoka-mp150-2\/\",\"name\":\"Nagaoka MP150 HS - hd-multimedia\",\"isPartOf\":{\"@id\":\"https:\/\/hd-multimedia.com\/#website\"},\"datePublished\":\"2019-08-21T09:47:57+00:00\",\"dateModified\":\"2024-07-10T10:59:00+00:00\",\"description\":\"Nagaoka MP-15Nagaoka MP-150 ima masu 6,5 grama, te 4.5mV izlaznog napona, frekvencijski raspon je 20 Hz \u2013 20 kHz, te balans kanala 1,5.\",\"breadcrumb\":{\"@id\":\"https:\/\/hd-multimedia.com\/trgovina\/nagaoka-mp150-2\/#breadcrumb\"},\"inLanguage\":\"sl-SI\",\"potentialAction\":[{\"@type\":\"ReadAction\",\"target\":[\"https:\/\/hd-multimedia.com\/trgovina\/nagaoka-mp150-2\/\"]}]},{\"@type\":\"BreadcrumbList\",\"@id\":\"https:\/\/hd-multimedia.com\/trgovina\/nagaoka-mp150-2\/#breadcrumb\",\"itemListElement\":[{\"@type\":\"ListItem\",\"position\":1,\"name\":\"Po\u010detna stranica\",\"item\":\"https:\/\/hd-multimedia.com\/\"},{\"@type\":\"ListItem\",\"position\":2,\"name\":\"Trgovina\",\"item\":\"https:\/\/hd-multimedia.com\/trgovina\/\"},{\"@type\":\"ListItem\",\"position\":3,\"name\":\"Nagaoka MP150 HS\"}]},{\"@type\":\"WebSite\",\"@id\":\"https:\/\/hd-multimedia.com\/#website\",\"url\":\"https:\/\/hd-multimedia.com\/\",\"name\":\"hd-multimedia\",\"description\":\"\",\"publisher\":{\"@id\":\"https:\/\/hd-multimedia.com\/#organization\"},\"potentialAction\":[{\"@type\":\"SearchAction\",\"target\":{\"@type\":\"EntryPoint\",\"urlTemplate\":\"https:\/\/hd-multimedia.com\/?s={search_term_string}\"},\"query-input\":\"required name=search_term_string\"}],\"inLanguage\":\"sl-SI\"},{\"@type\":\"Organization\",\"@id\":\"https:\/\/hd-multimedia.com\/#organization\",\"name\":\"hd-multimedia\",\"url\":\"https:\/\/hd-multimedia.com\/\",\"logo\":{\"@type\":\"ImageObject\",\"inLanguage\":\"sl-SI\",\"@id\":\"https:\/\/hd-multimedia.com\/#\/schema\/logo\/image\/\",\"url\":\"https:\/\/hd-multimedia.com\/hdm_media\/HD-curves-ok-196-56px-alpha-1.png\",\"contentUrl\":\"https:\/\/hd-multimedia.com\/hdm_media\/HD-curves-ok-196-56px-alpha-1.png\",\"width\":196,\"height\":53,\"caption\":\"hd-multimedia\"},\"image\":{\"@id\":\"https:\/\/hd-multimedia.com\/#\/schema\/logo\/image\/\"}}]}<\/script>\n<!-- \/ Yoast SEO plugin. -->","yoast_head_json":{"title":"Nagaoka MP150 HS - hd-multimedia","description":"Nagaoka MP-15Nagaoka MP-150 ima masu 6,5 grama, te 4.5mV izlaznog napona, frekvencijski raspon je 20 Hz \u2013 20 kHz, te balans kanala 1,5.","robots":{"index":"index","follow":"follow","max-snippet":"max-snippet:-1","max-image-preview":"max-image-preview:large","max-video-preview":"max-video-preview:-1"},"canonical":"https:\/\/hd-multimedia.com\/sl\/trgovina\/nagaoka-mp150-2\/","og_locale":"sl_SI","og_type":"article","og_title":"Nagaoka MP150 HS - hd-multimedia","og_description":"Nagaoka MP-15Nagaoka MP-150 ima masu 6,5 grama, te 4.5mV izlaznog napona, frekvencijski raspon je 20 Hz \u2013 20 kHz, te balans kanala 1,5.","og_url":"https:\/\/hd-multimedia.com\/sl\/trgovina\/nagaoka-mp150-2\/","og_site_name":"hd-multimedia","article_modified_time":"2024-07-10T10:59:00+00:00","og_image":[{"width":300,"height":300,"url":"https:\/\/hd-multimedia.com\/hdm_media\/NAGEOKO150HS.jpg","type":"image\/jpeg"}],"twitter_card":"summary_large_image","twitter_misc":{"Est. reading time":"1 minuta"},"schema":{"@context":"https:\/\/schema.org","@graph":[{"@type":"WebPage","@id":"https:\/\/hd-multimedia.com\/trgovina\/nagaoka-mp150-2\/","url":"https:\/\/hd-multimedia.com\/trgovina\/nagaoka-mp150-2\/","name":"Nagaoka MP150 HS - hd-multimedia","isPartOf":{"@id":"https:\/\/hd-multimedia.com\/#website"},"datePublished":"2019-08-21T09:47:57+00:00","dateModified":"2024-07-10T10:59:00+00:00","description":"Nagaoka MP-15Nagaoka MP-150 ima masu 6,5 grama, te 4.5mV izlaznog napona, frekvencijski raspon je 20 Hz \u2013 20 kHz, te balans kanala 1,5.","breadcrumb":{"@id":"https:\/\/hd-multimedia.com\/trgovina\/nagaoka-mp150-2\/#breadcrumb"},"inLanguage":"sl-SI","potentialAction":[{"@type":"ReadAction","target":["https:\/\/hd-multimedia.com\/trgovina\/nagaoka-mp150-2\/"]}]},{"@type":"BreadcrumbList","@id":"https:\/\/hd-multimedia.com\/trgovina\/nagaoka-mp150-2\/#breadcrumb","itemListElement":[{"@type":"ListItem","position":1,"name":"Po\u010detna stranica","item":"https:\/\/hd-multimedia.com\/"},{"@type":"ListItem","position":2,"name":"Trgovina","item":"https:\/\/hd-multimedia.com\/trgovina\/"},{"@type":"ListItem","position":3,"name":"Nagaoka MP150 HS"}]},{"@type":"WebSite","@id":"https:\/\/hd-multimedia.com\/#website","url":"https:\/\/hd-multimedia.com\/","name":"hd-multimedia","description":"","publisher":{"@id":"https:\/\/hd-multimedia.com\/#organization"},"potentialAction":[{"@type":"SearchAction","target":{"@type":"EntryPoint","urlTemplate":"https:\/\/hd-multimedia.com\/?s={search_term_string}"},"query-input":"required name=search_term_string"}],"inLanguage":"sl-SI"},{"@type":"Organization","@id":"https:\/\/hd-multimedia.com\/#organization","name":"hd-multimedia","url":"https:\/\/hd-multimedia.com\/","logo":{"@type":"ImageObject","inLanguage":"sl-SI","@id":"https:\/\/hd-multimedia.com\/#\/schema\/logo\/image\/","url":"https:\/\/hd-multimedia.com\/hdm_media\/HD-curves-ok-196-56px-alpha-1.png","contentUrl":"https:\/\/hd-multimedia.com\/hdm_media\/HD-curves-ok-196-56px-alpha-1.png","width":196,"height":53,"caption":"hd-multimedia"},"image":{"@id":"https:\/\/hd-multimedia.com\/#\/schema\/logo\/image\/"}}]}},"post_mailing_queue_ids":[],"_links":{"self":[{"href":"https:\/\/hd-multimedia.com\/sl\/wp-json\/wp\/v2\/product\/228","targetHints":{"allow":["GET"]}}],"collection":[{"href":"https:\/\/hd-multimedia.com\/sl\/wp-json\/wp\/v2\/product"}],"about":[{"href":"https:\/\/hd-multimedia.com\/sl\/wp-json\/wp\/v2\/types\/product"}],"version-history":[{"count":4,"href":"https:\/\/hd-multimedia.com\/sl\/wp-json\/wp\/v2\/product\/228\/revisions"}],"predecessor-version":[{"id":13106,"href":"https:\/\/hd-multimedia.com\/sl\/wp-json\/wp\/v2\/product\/228\/revisions\/13106"}],"wp:featuredmedia":[{"embeddable":true,"href":"https:\/\/hd-multimedia.com\/sl\/wp-json\/wp\/v2\/media\/13105"}],"wp:attachment":[{"href":"https:\/\/hd-multimedia.com\/sl\/wp-json\/wp\/v2\/media?parent=228"}],"curies":[{"name":"wp","href":"https:\/\/api.w.org\/{rel}","templated":true}]}}