{"id":226,"date":"2019-08-21T09:47:57","date_gmt":"2019-08-21T09:47:57","guid":{"rendered":"https:\/\/hd-multimedia.com\/?product=nagaoka-mp500"},"modified":"2024-07-10T11:03:55","modified_gmt":"2024-07-10T11:03:55","slug":"nagaoka-mp500","status":"publish","type":"product","link":"https:\/\/hd-multimedia.com\/sl\/trgovina\/nagaoka-mp500\/","title":{"rendered":"Nagaoka MP500"},"content":{"rendered":"<p>Nagaoka je najstarej\u0161i japonski proizvajalec gramofonskih vlo\u017ekov (ustanovljen leta 1940), ki proizvaja dele ali gramofonske vlo\u017eke za priznane japonske in svetovne proizvajalce fonografske opreme.<\/p>\n<p><a href=\"https:\/\/www.nagaoka.co.jp\/item\/cat\/record\/\">Ostale informacije najdete na tej povezavi.<\/a><\/p>\n<p>Princip: MM<br \/>\nFrekven\u010dni odziv: 20 \u2013 25.000 Hz<br \/>\nRavnovesje kanalov: bolj\u0161e od 1,0 dB<br \/>\nLo\u010devanje kanalov: bolj\u0161e od 27 dB pri 1 kHz<br \/>\nIzhodna napetost: 3 mV (5 cm\/s)<br \/>\nSila prijema: 1,3 \u2013 1,8 g<br \/>\nImpedanca: 47 ohmov<br \/>\nDinami\u010dna skladnost: 8,5 x10-6\/dyne<br \/>\nTe\u017ea: 8,0 g<br \/>\nMonta\u017ea: 1\/2 in\u010da<br \/>\nMikropresek: superfini diamant s \u010drtastim stikom<\/p>","protected":false},"excerpt":{"rendered":"<p>Zvo\u010dna kartu\u0161a Nagaoka MP-300 ima maso 8 gramov z izhodno napetostjo 3 mV in frekven\u010dnim razponom 20 Hz \u2013 25 kHz. Ravnovesje kanalov je 1,0 dB z lo\u010ditvijo, ve\u010djo od 25 dB. Priporo\u010dena impedanca je 47 kOhm, sila aktiviranja pa se giblje od 1,3 do 1,8 grama.<\/p>","protected":false},"featured_media":13122,"template":"","meta":{"site-sidebar-layout":"default","site-content-layout":"default","ast-site-content-layout":"default","site-content-style":"default","site-sidebar-style":"default","ast-global-header-display":"","ast-banner-title-visibility":"","ast-main-header-display":"","ast-hfb-above-header-display":"","ast-hfb-below-header-display":"","ast-hfb-mobile-header-display":"","site-post-title":"","ast-breadcrumbs-content":"","ast-featured-img":"","footer-sml-layout":"","theme-transparent-header-meta":"default","adv-header-id-meta":"","stick-header-meta":"default","header-above-stick-meta":"","header-main-stick-meta":"","header-below-stick-meta":"","astra-migrate-meta-layouts":"set","ast-page-background-enabled":"default","ast-page-background-meta":{"desktop":{"background-color":"","background-image":"","background-repeat":"repeat","background-position":"center center","background-size":"auto","background-attachment":"scroll","background-type":"","background-media":"","overlay-type":"","overlay-color":"","overlay-opacity":"","overlay-gradient":""},"tablet":{"background-color":"","background-image":"","background-repeat":"repeat","background-position":"center center","background-size":"auto","background-attachment":"scroll","background-type":"","background-media":"","overlay-type":"","overlay-color":"","overlay-opacity":"","overlay-gradient":""},"mobile":{"background-color":"","background-image":"","background-repeat":"repeat","background-position":"center center","background-size":"auto","background-attachment":"scroll","background-type":"","background-media":"","overlay-type":"","overlay-color":"","overlay-opacity":"","overlay-gradient":""}},"ast-content-background-meta":{"desktop":{"background-color":"var(--ast-global-color-5)","background-image":"","background-repeat":"repeat","background-position":"center center","background-size":"auto","background-attachment":"scroll","background-type":"","background-media":"","overlay-type":"","overlay-color":"","overlay-opacity":"","overlay-gradient":""},"tablet":{"background-color":"var(--ast-global-color-5)","background-image":"","background-repeat":"repeat","background-position":"center center","background-size":"auto","background-attachment":"scroll","background-type":"","background-media":"","overlay-type":"","overlay-color":"","overlay-opacity":"","overlay-gradient":""},"mobile":{"background-color":"var(--ast-global-color-5)","background-image":"","background-repeat":"repeat","background-position":"center center","background-size":"auto","background-attachment":"scroll","background-type":"","background-media":"","overlay-type":"","overlay-color":"","overlay-opacity":"","overlay-gradient":""}}},"class_list":["post-226","product","type-product","status-publish","has-post-thumbnail","hentry","product_cat-zvucnice","product_cat-nagaoka","desktop-align-center","tablet-align-center","mobile-align-center","ast-product-gallery-layout-horizontal","ast-product-gallery-with-no-image","ast-magnify-disabled","ast-product-tabs-layout-horizontal"],"yoast_head":"<!-- This site is optimized with the Yoast SEO plugin v21.4 - https:\/\/yoast.com\/wordpress\/plugins\/seo\/ -->\n<title>Nagaoka MP500 - hd-multimedia<\/title>\n<meta name=\"description\" content=\"Nagaoka MP500 zvu\u010dvica nudi najvi\u0161i glazbeni i kreativni izri\u010daj nove MP serije. Reproducira sa jasno\u0107om i prepoznatljivom kvalitetom.\" \/>\n<meta name=\"robots\" content=\"index, follow, max-snippet:-1, max-image-preview:large, max-video-preview:-1\" \/>\n<link rel=\"canonical\" href=\"https:\/\/hd-multimedia.com\/sl\/trgovina\/nagaoka-mp500\/\" \/>\n<meta property=\"og:locale\" content=\"sl_SI\" \/>\n<meta property=\"og:type\" content=\"article\" \/>\n<meta property=\"og:title\" content=\"Nagaoka MP500 - hd-multimedia\" \/>\n<meta property=\"og:description\" content=\"Nagaoka MP500 zvu\u010dvica nudi najvi\u0161i glazbeni i kreativni izri\u010daj nove MP serije. Reproducira sa jasno\u0107om i prepoznatljivom kvalitetom.\" \/>\n<meta property=\"og:url\" content=\"https:\/\/hd-multimedia.com\/sl\/trgovina\/nagaoka-mp500\/\" \/>\n<meta property=\"og:site_name\" content=\"hd-multimedia\" \/>\n<meta property=\"article:modified_time\" content=\"2024-07-10T11:03:55+00:00\" \/>\n<meta property=\"og:image\" content=\"https:\/\/hd-multimedia.com\/hdm_media\/NAGEOKA-500.webp\" \/>\n\t<meta property=\"og:image:width\" content=\"700\" \/>\n\t<meta property=\"og:image:height\" content=\"700\" \/>\n\t<meta property=\"og:image:type\" content=\"image\/webp\" \/>\n<meta name=\"twitter:card\" content=\"summary_large_image\" \/>\n<meta name=\"twitter:label1\" content=\"Est. reading time\" \/>\n\t<meta name=\"twitter:data1\" content=\"1 minuta\" \/>\n<script type=\"application\/ld+json\" class=\"yoast-schema-graph\">{\"@context\":\"https:\/\/schema.org\",\"@graph\":[{\"@type\":\"WebPage\",\"@id\":\"https:\/\/hd-multimedia.com\/trgovina\/nagaoka-mp500\/\",\"url\":\"https:\/\/hd-multimedia.com\/trgovina\/nagaoka-mp500\/\",\"name\":\"Nagaoka MP500 - hd-multimedia\",\"isPartOf\":{\"@id\":\"https:\/\/hd-multimedia.com\/#website\"},\"datePublished\":\"2019-08-21T09:47:57+00:00\",\"dateModified\":\"2024-07-10T11:03:55+00:00\",\"description\":\"Nagaoka MP500 zvu\u010dvica nudi najvi\u0161i glazbeni i kreativni izri\u010daj nove MP serije. Reproducira sa jasno\u0107om i prepoznatljivom kvalitetom.\",\"breadcrumb\":{\"@id\":\"https:\/\/hd-multimedia.com\/trgovina\/nagaoka-mp500\/#breadcrumb\"},\"inLanguage\":\"sl-SI\",\"potentialAction\":[{\"@type\":\"ReadAction\",\"target\":[\"https:\/\/hd-multimedia.com\/trgovina\/nagaoka-mp500\/\"]}]},{\"@type\":\"BreadcrumbList\",\"@id\":\"https:\/\/hd-multimedia.com\/trgovina\/nagaoka-mp500\/#breadcrumb\",\"itemListElement\":[{\"@type\":\"ListItem\",\"position\":1,\"name\":\"Po\u010detna stranica\",\"item\":\"https:\/\/hd-multimedia.com\/\"},{\"@type\":\"ListItem\",\"position\":2,\"name\":\"Trgovina\",\"item\":\"https:\/\/hd-multimedia.com\/trgovina\/\"},{\"@type\":\"ListItem\",\"position\":3,\"name\":\"Nagaoka MP500\"}]},{\"@type\":\"WebSite\",\"@id\":\"https:\/\/hd-multimedia.com\/#website\",\"url\":\"https:\/\/hd-multimedia.com\/\",\"name\":\"hd-multimedia\",\"description\":\"\",\"publisher\":{\"@id\":\"https:\/\/hd-multimedia.com\/#organization\"},\"potentialAction\":[{\"@type\":\"SearchAction\",\"target\":{\"@type\":\"EntryPoint\",\"urlTemplate\":\"https:\/\/hd-multimedia.com\/?s={search_term_string}\"},\"query-input\":\"required name=search_term_string\"}],\"inLanguage\":\"sl-SI\"},{\"@type\":\"Organization\",\"@id\":\"https:\/\/hd-multimedia.com\/#organization\",\"name\":\"hd-multimedia\",\"url\":\"https:\/\/hd-multimedia.com\/\",\"logo\":{\"@type\":\"ImageObject\",\"inLanguage\":\"sl-SI\",\"@id\":\"https:\/\/hd-multimedia.com\/#\/schema\/logo\/image\/\",\"url\":\"https:\/\/hd-multimedia.com\/hdm_media\/HD-curves-ok-196-56px-alpha-1.png\",\"contentUrl\":\"https:\/\/hd-multimedia.com\/hdm_media\/HD-curves-ok-196-56px-alpha-1.png\",\"width\":196,\"height\":53,\"caption\":\"hd-multimedia\"},\"image\":{\"@id\":\"https:\/\/hd-multimedia.com\/#\/schema\/logo\/image\/\"}}]}<\/script>\n<!-- \/ Yoast SEO plugin. -->","yoast_head_json":{"title":"Nagaoka MP500 - hd-multimedia","description":"Nagaoka MP500 zvu\u010dvica nudi najvi\u0161i glazbeni i kreativni izri\u010daj nove MP serije. Reproducira sa jasno\u0107om i prepoznatljivom kvalitetom.","robots":{"index":"index","follow":"follow","max-snippet":"max-snippet:-1","max-image-preview":"max-image-preview:large","max-video-preview":"max-video-preview:-1"},"canonical":"https:\/\/hd-multimedia.com\/sl\/trgovina\/nagaoka-mp500\/","og_locale":"sl_SI","og_type":"article","og_title":"Nagaoka MP500 - hd-multimedia","og_description":"Nagaoka MP500 zvu\u010dvica nudi najvi\u0161i glazbeni i kreativni izri\u010daj nove MP serije. Reproducira sa jasno\u0107om i prepoznatljivom kvalitetom.","og_url":"https:\/\/hd-multimedia.com\/sl\/trgovina\/nagaoka-mp500\/","og_site_name":"hd-multimedia","article_modified_time":"2024-07-10T11:03:55+00:00","og_image":[{"width":700,"height":700,"url":"https:\/\/hd-multimedia.com\/hdm_media\/NAGEOKA-500.webp","type":"image\/webp"}],"twitter_card":"summary_large_image","twitter_misc":{"Est. reading time":"1 minuta"},"schema":{"@context":"https:\/\/schema.org","@graph":[{"@type":"WebPage","@id":"https:\/\/hd-multimedia.com\/trgovina\/nagaoka-mp500\/","url":"https:\/\/hd-multimedia.com\/trgovina\/nagaoka-mp500\/","name":"Nagaoka MP500 - hd-multimedia","isPartOf":{"@id":"https:\/\/hd-multimedia.com\/#website"},"datePublished":"2019-08-21T09:47:57+00:00","dateModified":"2024-07-10T11:03:55+00:00","description":"Nagaoka MP500 zvu\u010dvica nudi najvi\u0161i glazbeni i kreativni izri\u010daj nove MP serije. Reproducira sa jasno\u0107om i prepoznatljivom kvalitetom.","breadcrumb":{"@id":"https:\/\/hd-multimedia.com\/trgovina\/nagaoka-mp500\/#breadcrumb"},"inLanguage":"sl-SI","potentialAction":[{"@type":"ReadAction","target":["https:\/\/hd-multimedia.com\/trgovina\/nagaoka-mp500\/"]}]},{"@type":"BreadcrumbList","@id":"https:\/\/hd-multimedia.com\/trgovina\/nagaoka-mp500\/#breadcrumb","itemListElement":[{"@type":"ListItem","position":1,"name":"Po\u010detna stranica","item":"https:\/\/hd-multimedia.com\/"},{"@type":"ListItem","position":2,"name":"Trgovina","item":"https:\/\/hd-multimedia.com\/trgovina\/"},{"@type":"ListItem","position":3,"name":"Nagaoka MP500"}]},{"@type":"WebSite","@id":"https:\/\/hd-multimedia.com\/#website","url":"https:\/\/hd-multimedia.com\/","name":"hd-multimedia","description":"","publisher":{"@id":"https:\/\/hd-multimedia.com\/#organization"},"potentialAction":[{"@type":"SearchAction","target":{"@type":"EntryPoint","urlTemplate":"https:\/\/hd-multimedia.com\/?s={search_term_string}"},"query-input":"required name=search_term_string"}],"inLanguage":"sl-SI"},{"@type":"Organization","@id":"https:\/\/hd-multimedia.com\/#organization","name":"hd-multimedia","url":"https:\/\/hd-multimedia.com\/","logo":{"@type":"ImageObject","inLanguage":"sl-SI","@id":"https:\/\/hd-multimedia.com\/#\/schema\/logo\/image\/","url":"https:\/\/hd-multimedia.com\/hdm_media\/HD-curves-ok-196-56px-alpha-1.png","contentUrl":"https:\/\/hd-multimedia.com\/hdm_media\/HD-curves-ok-196-56px-alpha-1.png","width":196,"height":53,"caption":"hd-multimedia"},"image":{"@id":"https:\/\/hd-multimedia.com\/#\/schema\/logo\/image\/"}}]}},"post_mailing_queue_ids":[],"_links":{"self":[{"href":"https:\/\/hd-multimedia.com\/sl\/wp-json\/wp\/v2\/product\/226","targetHints":{"allow":["GET"]}}],"collection":[{"href":"https:\/\/hd-multimedia.com\/sl\/wp-json\/wp\/v2\/product"}],"about":[{"href":"https:\/\/hd-multimedia.com\/sl\/wp-json\/wp\/v2\/types\/product"}],"version-history":[{"count":4,"href":"https:\/\/hd-multimedia.com\/sl\/wp-json\/wp\/v2\/product\/226\/revisions"}],"predecessor-version":[{"id":13124,"href":"https:\/\/hd-multimedia.com\/sl\/wp-json\/wp\/v2\/product\/226\/revisions\/13124"}],"wp:featuredmedia":[{"embeddable":true,"href":"https:\/\/hd-multimedia.com\/sl\/wp-json\/wp\/v2\/media\/13122"}],"wp:attachment":[{"href":"https:\/\/hd-multimedia.com\/sl\/wp-json\/wp\/v2\/media?parent=226"}],"curies":[{"name":"wp","href":"https:\/\/api.w.org\/{rel}","templated":true}]}}