{"id":224,"date":"2019-08-21T09:47:57","date_gmt":"2019-08-21T09:47:57","guid":{"rendered":"https:\/\/hd-multimedia.com\/?product=nagaoka-mp200"},"modified":"2024-06-06T12:30:47","modified_gmt":"2024-06-06T12:30:47","slug":"nagaoka-mp200","status":"publish","type":"product","link":"https:\/\/hd-multimedia.com\/sl\/trgovina\/nagaoka-mp200\/","title":{"rendered":"Nagaoka MP200"},"content":{"rendered":"<p>Nagaoka je najstarej\u0161i japonski proizvajalec fonografskih vlo\u017ekov (ustanovljen leta 1940), ki proizvaja dele oziroma vlo\u017eke za priznane japonske in svetovne proizvajalce fonografske opreme.<\/p>\n<p><a href=\"https:\/\/www.nagaoka.co.jp\/item\/cat\/record\/\">Ostale informacije najdete na tej povezavi.<\/a><\/p>","protected":false},"excerpt":{"rendered":"<p>Zvo\u010dna igla Nagaoka MP-200 tehta 6,5 gramov z izhodno napetostjo 4 mV in frekven\u010dnim razponom 20 Hz \u2013 23 kHz, ravnovesje kanalov je 1,5 dB z lo\u010ditvijo, ve\u010djo od 25 dB. Prav tako je priporo\u010dena izvedba 47 kOhm, medtem ko je sila aktiviranja v obmo\u010dju od 1,5 do 2,0 grama.<\/p>","protected":false},"featured_media":13115,"template":"","meta":{"site-sidebar-layout":"default","site-content-layout":"default","ast-site-content-layout":"default","site-content-style":"default","site-sidebar-style":"default","ast-global-header-display":"","ast-banner-title-visibility":"","ast-main-header-display":"","ast-hfb-above-header-display":"","ast-hfb-below-header-display":"","ast-hfb-mobile-header-display":"","site-post-title":"","ast-breadcrumbs-content":"","ast-featured-img":"","footer-sml-layout":"","theme-transparent-header-meta":"default","adv-header-id-meta":"","stick-header-meta":"default","header-above-stick-meta":"","header-main-stick-meta":"","header-below-stick-meta":"","astra-migrate-meta-layouts":"set","ast-page-background-enabled":"default","ast-page-background-meta":{"desktop":{"background-color":"","background-image":"","background-repeat":"repeat","background-position":"center center","background-size":"auto","background-attachment":"scroll","background-type":"","background-media":"","overlay-type":"","overlay-color":"","overlay-opacity":"","overlay-gradient":""},"tablet":{"background-color":"","background-image":"","background-repeat":"repeat","background-position":"center center","background-size":"auto","background-attachment":"scroll","background-type":"","background-media":"","overlay-type":"","overlay-color":"","overlay-opacity":"","overlay-gradient":""},"mobile":{"background-color":"","background-image":"","background-repeat":"repeat","background-position":"center center","background-size":"auto","background-attachment":"scroll","background-type":"","background-media":"","overlay-type":"","overlay-color":"","overlay-opacity":"","overlay-gradient":""}},"ast-content-background-meta":{"desktop":{"background-color":"var(--ast-global-color-5)","background-image":"","background-repeat":"repeat","background-position":"center center","background-size":"auto","background-attachment":"scroll","background-type":"","background-media":"","overlay-type":"","overlay-color":"","overlay-opacity":"","overlay-gradient":""},"tablet":{"background-color":"var(--ast-global-color-5)","background-image":"","background-repeat":"repeat","background-position":"center center","background-size":"auto","background-attachment":"scroll","background-type":"","background-media":"","overlay-type":"","overlay-color":"","overlay-opacity":"","overlay-gradient":""},"mobile":{"background-color":"var(--ast-global-color-5)","background-image":"","background-repeat":"repeat","background-position":"center center","background-size":"auto","background-attachment":"scroll","background-type":"","background-media":"","overlay-type":"","overlay-color":"","overlay-opacity":"","overlay-gradient":""}}},"class_list":["post-224","product","type-product","status-publish","has-post-thumbnail","hentry","product_cat-gramofoni-i-dodaci","product_cat-zvucnice","product_cat-nagaoka","desktop-align-center","tablet-align-center","mobile-align-center","ast-product-gallery-layout-horizontal","ast-product-gallery-with-no-image","ast-magnify-disabled","ast-product-tabs-layout-horizontal"],"yoast_head":"<!-- This site is optimized with the Yoast SEO plugin v21.4 - https:\/\/yoast.com\/wordpress\/plugins\/seo\/ -->\n<title>Nagaoka MP200 - hd-multimedia<\/title>\n<meta name=\"description\" content=\"Nagaoka MP-200 gramofonska zvu\u010dnica ima masu 6,5 grama s 4mV izlaznog napona i frekvencijski raspon 20 Hz \u2013 23 kHz uz raspon kanala od 1,5 dB.\" \/>\n<meta name=\"robots\" content=\"index, follow, max-snippet:-1, max-image-preview:large, max-video-preview:-1\" \/>\n<link rel=\"canonical\" href=\"https:\/\/hd-multimedia.com\/sl\/trgovina\/nagaoka-mp200\/\" \/>\n<meta property=\"og:locale\" content=\"sl_SI\" \/>\n<meta property=\"og:type\" content=\"article\" \/>\n<meta property=\"og:title\" content=\"Nagaoka MP200 - hd-multimedia\" \/>\n<meta property=\"og:description\" content=\"Nagaoka MP-200 gramofonska zvu\u010dnica ima masu 6,5 grama s 4mV izlaznog napona i frekvencijski raspon 20 Hz \u2013 23 kHz uz raspon kanala od 1,5 dB.\" \/>\n<meta property=\"og:url\" content=\"https:\/\/hd-multimedia.com\/sl\/trgovina\/nagaoka-mp200\/\" \/>\n<meta property=\"og:site_name\" content=\"hd-multimedia\" \/>\n<meta property=\"article:modified_time\" content=\"2024-06-06T12:30:47+00:00\" \/>\n<meta property=\"og:image\" content=\"https:\/\/hd-multimedia.com\/hdm_media\/NAGAOKA-200.jpg\" \/>\n\t<meta property=\"og:image:width\" content=\"600\" \/>\n\t<meta property=\"og:image:height\" content=\"600\" \/>\n\t<meta property=\"og:image:type\" content=\"image\/jpeg\" \/>\n<meta name=\"twitter:card\" content=\"summary_large_image\" \/>\n<meta name=\"twitter:label1\" content=\"Est. reading time\" \/>\n\t<meta name=\"twitter:data1\" content=\"1 minuta\" \/>\n<script type=\"application\/ld+json\" class=\"yoast-schema-graph\">{\"@context\":\"https:\/\/schema.org\",\"@graph\":[{\"@type\":\"WebPage\",\"@id\":\"https:\/\/hd-multimedia.com\/trgovina\/nagaoka-mp200\/\",\"url\":\"https:\/\/hd-multimedia.com\/trgovina\/nagaoka-mp200\/\",\"name\":\"Nagaoka MP200 - hd-multimedia\",\"isPartOf\":{\"@id\":\"https:\/\/hd-multimedia.com\/#website\"},\"datePublished\":\"2019-08-21T09:47:57+00:00\",\"dateModified\":\"2024-06-06T12:30:47+00:00\",\"description\":\"Nagaoka MP-200 gramofonska zvu\u010dnica ima masu 6,5 grama s 4mV izlaznog napona i frekvencijski raspon 20 Hz \u2013 23 kHz uz raspon kanala od 1,5 dB.\",\"breadcrumb\":{\"@id\":\"https:\/\/hd-multimedia.com\/trgovina\/nagaoka-mp200\/#breadcrumb\"},\"inLanguage\":\"sl-SI\",\"potentialAction\":[{\"@type\":\"ReadAction\",\"target\":[\"https:\/\/hd-multimedia.com\/trgovina\/nagaoka-mp200\/\"]}]},{\"@type\":\"BreadcrumbList\",\"@id\":\"https:\/\/hd-multimedia.com\/trgovina\/nagaoka-mp200\/#breadcrumb\",\"itemListElement\":[{\"@type\":\"ListItem\",\"position\":1,\"name\":\"Po\u010detna stranica\",\"item\":\"https:\/\/hd-multimedia.com\/\"},{\"@type\":\"ListItem\",\"position\":2,\"name\":\"Trgovina\",\"item\":\"https:\/\/hd-multimedia.com\/trgovina\/\"},{\"@type\":\"ListItem\",\"position\":3,\"name\":\"Nagaoka MP200\"}]},{\"@type\":\"WebSite\",\"@id\":\"https:\/\/hd-multimedia.com\/#website\",\"url\":\"https:\/\/hd-multimedia.com\/\",\"name\":\"hd-multimedia\",\"description\":\"\",\"publisher\":{\"@id\":\"https:\/\/hd-multimedia.com\/#organization\"},\"potentialAction\":[{\"@type\":\"SearchAction\",\"target\":{\"@type\":\"EntryPoint\",\"urlTemplate\":\"https:\/\/hd-multimedia.com\/?s={search_term_string}\"},\"query-input\":\"required name=search_term_string\"}],\"inLanguage\":\"sl-SI\"},{\"@type\":\"Organization\",\"@id\":\"https:\/\/hd-multimedia.com\/#organization\",\"name\":\"hd-multimedia\",\"url\":\"https:\/\/hd-multimedia.com\/\",\"logo\":{\"@type\":\"ImageObject\",\"inLanguage\":\"sl-SI\",\"@id\":\"https:\/\/hd-multimedia.com\/#\/schema\/logo\/image\/\",\"url\":\"https:\/\/hd-multimedia.com\/hdm_media\/HD-curves-ok-196-56px-alpha-1.png\",\"contentUrl\":\"https:\/\/hd-multimedia.com\/hdm_media\/HD-curves-ok-196-56px-alpha-1.png\",\"width\":196,\"height\":53,\"caption\":\"hd-multimedia\"},\"image\":{\"@id\":\"https:\/\/hd-multimedia.com\/#\/schema\/logo\/image\/\"}}]}<\/script>\n<!-- \/ Yoast SEO plugin. -->","yoast_head_json":{"title":"Nagaoka MP200 - hd-multimedia","description":"Nagaoka MP-200 gramofonska zvu\u010dnica ima masu 6,5 grama s 4mV izlaznog napona i frekvencijski raspon 20 Hz \u2013 23 kHz uz raspon kanala od 1,5 dB.","robots":{"index":"index","follow":"follow","max-snippet":"max-snippet:-1","max-image-preview":"max-image-preview:large","max-video-preview":"max-video-preview:-1"},"canonical":"https:\/\/hd-multimedia.com\/sl\/trgovina\/nagaoka-mp200\/","og_locale":"sl_SI","og_type":"article","og_title":"Nagaoka MP200 - hd-multimedia","og_description":"Nagaoka MP-200 gramofonska zvu\u010dnica ima masu 6,5 grama s 4mV izlaznog napona i frekvencijski raspon 20 Hz \u2013 23 kHz uz raspon kanala od 1,5 dB.","og_url":"https:\/\/hd-multimedia.com\/sl\/trgovina\/nagaoka-mp200\/","og_site_name":"hd-multimedia","article_modified_time":"2024-06-06T12:30:47+00:00","og_image":[{"width":600,"height":600,"url":"https:\/\/hd-multimedia.com\/hdm_media\/NAGAOKA-200.jpg","type":"image\/jpeg"}],"twitter_card":"summary_large_image","twitter_misc":{"Est. reading time":"1 minuta"},"schema":{"@context":"https:\/\/schema.org","@graph":[{"@type":"WebPage","@id":"https:\/\/hd-multimedia.com\/trgovina\/nagaoka-mp200\/","url":"https:\/\/hd-multimedia.com\/trgovina\/nagaoka-mp200\/","name":"Nagaoka MP200 - hd-multimedia","isPartOf":{"@id":"https:\/\/hd-multimedia.com\/#website"},"datePublished":"2019-08-21T09:47:57+00:00","dateModified":"2024-06-06T12:30:47+00:00","description":"Nagaoka MP-200 gramofonska zvu\u010dnica ima masu 6,5 grama s 4mV izlaznog napona i frekvencijski raspon 20 Hz \u2013 23 kHz uz raspon kanala od 1,5 dB.","breadcrumb":{"@id":"https:\/\/hd-multimedia.com\/trgovina\/nagaoka-mp200\/#breadcrumb"},"inLanguage":"sl-SI","potentialAction":[{"@type":"ReadAction","target":["https:\/\/hd-multimedia.com\/trgovina\/nagaoka-mp200\/"]}]},{"@type":"BreadcrumbList","@id":"https:\/\/hd-multimedia.com\/trgovina\/nagaoka-mp200\/#breadcrumb","itemListElement":[{"@type":"ListItem","position":1,"name":"Po\u010detna stranica","item":"https:\/\/hd-multimedia.com\/"},{"@type":"ListItem","position":2,"name":"Trgovina","item":"https:\/\/hd-multimedia.com\/trgovina\/"},{"@type":"ListItem","position":3,"name":"Nagaoka MP200"}]},{"@type":"WebSite","@id":"https:\/\/hd-multimedia.com\/#website","url":"https:\/\/hd-multimedia.com\/","name":"hd-multimedia","description":"","publisher":{"@id":"https:\/\/hd-multimedia.com\/#organization"},"potentialAction":[{"@type":"SearchAction","target":{"@type":"EntryPoint","urlTemplate":"https:\/\/hd-multimedia.com\/?s={search_term_string}"},"query-input":"required name=search_term_string"}],"inLanguage":"sl-SI"},{"@type":"Organization","@id":"https:\/\/hd-multimedia.com\/#organization","name":"hd-multimedia","url":"https:\/\/hd-multimedia.com\/","logo":{"@type":"ImageObject","inLanguage":"sl-SI","@id":"https:\/\/hd-multimedia.com\/#\/schema\/logo\/image\/","url":"https:\/\/hd-multimedia.com\/hdm_media\/HD-curves-ok-196-56px-alpha-1.png","contentUrl":"https:\/\/hd-multimedia.com\/hdm_media\/HD-curves-ok-196-56px-alpha-1.png","width":196,"height":53,"caption":"hd-multimedia"},"image":{"@id":"https:\/\/hd-multimedia.com\/#\/schema\/logo\/image\/"}}]}},"post_mailing_queue_ids":[],"_links":{"self":[{"href":"https:\/\/hd-multimedia.com\/sl\/wp-json\/wp\/v2\/product\/224","targetHints":{"allow":["GET"]}}],"collection":[{"href":"https:\/\/hd-multimedia.com\/sl\/wp-json\/wp\/v2\/product"}],"about":[{"href":"https:\/\/hd-multimedia.com\/sl\/wp-json\/wp\/v2\/types\/product"}],"version-history":[{"count":3,"href":"https:\/\/hd-multimedia.com\/sl\/wp-json\/wp\/v2\/product\/224\/revisions"}],"predecessor-version":[{"id":13116,"href":"https:\/\/hd-multimedia.com\/sl\/wp-json\/wp\/v2\/product\/224\/revisions\/13116"}],"wp:featuredmedia":[{"embeddable":true,"href":"https:\/\/hd-multimedia.com\/sl\/wp-json\/wp\/v2\/media\/13115"}],"wp:attachment":[{"href":"https:\/\/hd-multimedia.com\/sl\/wp-json\/wp\/v2\/media?parent=224"}],"curies":[{"name":"wp","href":"https:\/\/api.w.org\/{rel}","templated":true}]}}