{"id":2184,"date":"2019-11-14T10:17:02","date_gmt":"2019-11-14T10:17:02","guid":{"rendered":"https:\/\/hd-multimedia.com\/?post_type=product&#038;p=2184"},"modified":"2026-03-18T08:10:49","modified_gmt":"2026-03-18T08:10:49","slug":"eedifier-r19u-zvucne-kutije-povezane-preko-usb","status":"publish","type":"product","link":"https:\/\/hd-multimedia.com\/sl\/trgovina\/eedifier-r19u-zvucne-kutije-povezane-preko-usb\/","title":{"rendered":"Edifier R19U"},"content":{"rendered":"<p>Edifier R19U \u2013 Zvo\u010dniki povezani preko USB (napajanje in signal). Brez\u010dasen dizajn z naklonom za bolj\u0161i zvok. Kontrola glasnosti slu\u017ei tudi kot funkcija za vklop\/izklop.<\/p>\n<p><a href=\"https:\/\/www.edifier.com\/global\/p\/computer-speakers\/r19u\" target=\"_blank\" rel=\"noopener\">Ostale informacije najdete na tej povezavi.<\/a><\/p>","protected":false},"excerpt":{"rendered":"<p>Zvo\u010dniki Edifier R19U USB imajo najnovej\u0161o 2,75-pal\u010dno zvo\u010dni\u0161ko enoto polnega razpona, ki jo je izdelal Edifier. Ta namizni zvo\u010dnik 2.0 zagotavlja slog in kakovost zvoka brez popa\u010denj ali prekinitev. Zasnova pod kotom 10 stopinj vam omogo\u010da udobno u\u017eivanje v glasbi. Oba zvo\u010dnika sta vgrajena na leseno polkno in sivo podlago. Klasi\u010den videz Edifier R19U vam nudi transformativno izku\u0161njo. Eleganten gumb na sprednji plo\u0161\u010di zvo\u010dnika R19U se uporablja za nadzor, prilagajanje glasnosti in mo\u010di.<\/p>\n<p><a href=\"https:\/\/www.edifier.com\/global\/p\/computer-speakers\/r19u\" target=\"_blank\" rel=\"noopener\">Ostale informacije najdete na tej povezavi.<\/a><\/p>","protected":false},"featured_media":2826,"template":"","meta":{"site-sidebar-layout":"default","site-content-layout":"default","ast-site-content-layout":"default","site-content-style":"default","site-sidebar-style":"default","ast-global-header-display":"","ast-banner-title-visibility":"","ast-main-header-display":"","ast-hfb-above-header-display":"","ast-hfb-below-header-display":"","ast-hfb-mobile-header-display":"","site-post-title":"","ast-breadcrumbs-content":"","ast-featured-img":"","footer-sml-layout":"","theme-transparent-header-meta":"default","adv-header-id-meta":"","stick-header-meta":"default","header-above-stick-meta":"","header-main-stick-meta":"","header-below-stick-meta":"","astra-migrate-meta-layouts":"set","ast-page-background-enabled":"default","ast-page-background-meta":{"desktop":{"background-color":"","background-image":"","background-repeat":"repeat","background-position":"center center","background-size":"auto","background-attachment":"scroll","background-type":"","background-media":"","overlay-type":"","overlay-color":"","overlay-opacity":"","overlay-gradient":""},"tablet":{"background-color":"","background-image":"","background-repeat":"repeat","background-position":"center center","background-size":"auto","background-attachment":"scroll","background-type":"","background-media":"","overlay-type":"","overlay-color":"","overlay-opacity":"","overlay-gradient":""},"mobile":{"background-color":"","background-image":"","background-repeat":"repeat","background-position":"center center","background-size":"auto","background-attachment":"scroll","background-type":"","background-media":"","overlay-type":"","overlay-color":"","overlay-opacity":"","overlay-gradient":""}},"ast-content-background-meta":{"desktop":{"background-color":"var(--ast-global-color-5)","background-image":"","background-repeat":"repeat","background-position":"center center","background-size":"auto","background-attachment":"scroll","background-type":"","background-media":"","overlay-type":"","overlay-color":"","overlay-opacity":"","overlay-gradient":""},"tablet":{"background-color":"var(--ast-global-color-5)","background-image":"","background-repeat":"repeat","background-position":"center center","background-size":"auto","background-attachment":"scroll","background-type":"","background-media":"","overlay-type":"","overlay-color":"","overlay-opacity":"","overlay-gradient":""},"mobile":{"background-color":"var(--ast-global-color-5)","background-image":"","background-repeat":"repeat","background-position":"center center","background-size":"auto","background-attachment":"scroll","background-type":"","background-media":"","overlay-type":"","overlay-color":"","overlay-opacity":"","overlay-gradient":""}}},"class_list":["post-2184","product","type-product","status-publish","has-post-thumbnail","hentry","product_cat-aktivne-zvucne-kutije","product_cat-edifier","product_tag-pokloni-za-bozic","desktop-align-center","tablet-align-center","mobile-align-center","ast-product-gallery-layout-horizontal","ast-magnify-disabled","ast-product-tabs-layout-horizontal"],"yoast_head":"<!-- This site is optimized with the Yoast SEO plugin v21.4 - https:\/\/yoast.com\/wordpress\/plugins\/seo\/ -->\n<title>Edifier R19U - hd-multimedia<\/title>\n<meta name=\"description\" content=\"Zvu\u010dne kutije povezane preko USB (napajanje i signal). Bezvremenski dizajn sa nagibom za bolji zvuk. Jednostavno upravljanje glasno\u0107om.\" \/>\n<meta name=\"robots\" content=\"index, follow, max-snippet:-1, max-image-preview:large, max-video-preview:-1\" \/>\n<link rel=\"canonical\" href=\"https:\/\/hd-multimedia.com\/sl\/trgovina\/eedifier-r19u-zvucne-kutije-povezane-preko-usb\/\" \/>\n<meta property=\"og:locale\" content=\"sl_SI\" \/>\n<meta property=\"og:type\" content=\"article\" \/>\n<meta property=\"og:title\" content=\"Edifier R19U - hd-multimedia\" \/>\n<meta property=\"og:description\" content=\"Zvu\u010dne kutije povezane preko USB (napajanje i signal). Bezvremenski dizajn sa nagibom za bolji zvuk. Jednostavno upravljanje glasno\u0107om.\" \/>\n<meta property=\"og:url\" content=\"https:\/\/hd-multimedia.com\/sl\/trgovina\/eedifier-r19u-zvucne-kutije-povezane-preko-usb\/\" \/>\n<meta property=\"og:site_name\" content=\"hd-multimedia\" \/>\n<meta property=\"article:modified_time\" content=\"2026-03-18T08:10:49+00:00\" \/>\n<meta property=\"og:image\" content=\"https:\/\/hd-multimedia.com\/hdm_media\/edifier-r19u-1-e1583412759250.jpg\" \/>\n\t<meta property=\"og:image:width\" content=\"618\" \/>\n\t<meta property=\"og:image:height\" content=\"618\" \/>\n\t<meta property=\"og:image:type\" content=\"image\/jpeg\" \/>\n<meta name=\"twitter:card\" content=\"summary_large_image\" \/>\n<meta name=\"twitter:label1\" content=\"Est. reading time\" \/>\n\t<meta name=\"twitter:data1\" content=\"1 minuta\" \/>\n<script type=\"application\/ld+json\" class=\"yoast-schema-graph\">{\"@context\":\"https:\/\/schema.org\",\"@graph\":[{\"@type\":\"WebPage\",\"@id\":\"https:\/\/hd-multimedia.com\/trgovina\/eedifier-r19u-zvucne-kutije-povezane-preko-usb\/\",\"url\":\"https:\/\/hd-multimedia.com\/trgovina\/eedifier-r19u-zvucne-kutije-povezane-preko-usb\/\",\"name\":\"Edifier R19U - hd-multimedia\",\"isPartOf\":{\"@id\":\"https:\/\/hd-multimedia.com\/#website\"},\"datePublished\":\"2019-11-14T10:17:02+00:00\",\"dateModified\":\"2026-03-18T08:10:49+00:00\",\"description\":\"Zvu\u010dne kutije povezane preko USB (napajanje i signal). Bezvremenski dizajn sa nagibom za bolji zvuk. Jednostavno upravljanje glasno\u0107om.\",\"breadcrumb\":{\"@id\":\"https:\/\/hd-multimedia.com\/trgovina\/eedifier-r19u-zvucne-kutije-povezane-preko-usb\/#breadcrumb\"},\"inLanguage\":\"sl-SI\",\"potentialAction\":[{\"@type\":\"ReadAction\",\"target\":[\"https:\/\/hd-multimedia.com\/trgovina\/eedifier-r19u-zvucne-kutije-povezane-preko-usb\/\"]}]},{\"@type\":\"BreadcrumbList\",\"@id\":\"https:\/\/hd-multimedia.com\/trgovina\/eedifier-r19u-zvucne-kutije-povezane-preko-usb\/#breadcrumb\",\"itemListElement\":[{\"@type\":\"ListItem\",\"position\":1,\"name\":\"Po\u010detna stranica\",\"item\":\"https:\/\/hd-multimedia.com\/\"},{\"@type\":\"ListItem\",\"position\":2,\"name\":\"Trgovina\",\"item\":\"https:\/\/hd-multimedia.com\/trgovina\/\"},{\"@type\":\"ListItem\",\"position\":3,\"name\":\"Edifier R19U\"}]},{\"@type\":\"WebSite\",\"@id\":\"https:\/\/hd-multimedia.com\/#website\",\"url\":\"https:\/\/hd-multimedia.com\/\",\"name\":\"hd-multimedia\",\"description\":\"\",\"publisher\":{\"@id\":\"https:\/\/hd-multimedia.com\/#organization\"},\"potentialAction\":[{\"@type\":\"SearchAction\",\"target\":{\"@type\":\"EntryPoint\",\"urlTemplate\":\"https:\/\/hd-multimedia.com\/?s={search_term_string}\"},\"query-input\":\"required name=search_term_string\"}],\"inLanguage\":\"sl-SI\"},{\"@type\":\"Organization\",\"@id\":\"https:\/\/hd-multimedia.com\/#organization\",\"name\":\"hd-multimedia\",\"url\":\"https:\/\/hd-multimedia.com\/\",\"logo\":{\"@type\":\"ImageObject\",\"inLanguage\":\"sl-SI\",\"@id\":\"https:\/\/hd-multimedia.com\/#\/schema\/logo\/image\/\",\"url\":\"https:\/\/hd-multimedia.com\/hdm_media\/HD-curves-ok-196-56px-alpha-1.png\",\"contentUrl\":\"https:\/\/hd-multimedia.com\/hdm_media\/HD-curves-ok-196-56px-alpha-1.png\",\"width\":196,\"height\":53,\"caption\":\"hd-multimedia\"},\"image\":{\"@id\":\"https:\/\/hd-multimedia.com\/#\/schema\/logo\/image\/\"}}]}<\/script>\n<!-- \/ Yoast SEO plugin. -->","yoast_head_json":{"title":"Edifier R19U - hd-multimedia","description":"Zvu\u010dne kutije povezane preko USB (napajanje i signal). Bezvremenski dizajn sa nagibom za bolji zvuk. Jednostavno upravljanje glasno\u0107om.","robots":{"index":"index","follow":"follow","max-snippet":"max-snippet:-1","max-image-preview":"max-image-preview:large","max-video-preview":"max-video-preview:-1"},"canonical":"https:\/\/hd-multimedia.com\/sl\/trgovina\/eedifier-r19u-zvucne-kutije-povezane-preko-usb\/","og_locale":"sl_SI","og_type":"article","og_title":"Edifier R19U - hd-multimedia","og_description":"Zvu\u010dne kutije povezane preko USB (napajanje i signal). Bezvremenski dizajn sa nagibom za bolji zvuk. Jednostavno upravljanje glasno\u0107om.","og_url":"https:\/\/hd-multimedia.com\/sl\/trgovina\/eedifier-r19u-zvucne-kutije-povezane-preko-usb\/","og_site_name":"hd-multimedia","article_modified_time":"2026-03-18T08:10:49+00:00","og_image":[{"width":618,"height":618,"url":"https:\/\/hd-multimedia.com\/hdm_media\/edifier-r19u-1-e1583412759250.jpg","type":"image\/jpeg"}],"twitter_card":"summary_large_image","twitter_misc":{"Est. reading time":"1 minuta"},"schema":{"@context":"https:\/\/schema.org","@graph":[{"@type":"WebPage","@id":"https:\/\/hd-multimedia.com\/trgovina\/eedifier-r19u-zvucne-kutije-povezane-preko-usb\/","url":"https:\/\/hd-multimedia.com\/trgovina\/eedifier-r19u-zvucne-kutije-povezane-preko-usb\/","name":"Edifier R19U - hd-multimedia","isPartOf":{"@id":"https:\/\/hd-multimedia.com\/#website"},"datePublished":"2019-11-14T10:17:02+00:00","dateModified":"2026-03-18T08:10:49+00:00","description":"Zvu\u010dne kutije povezane preko USB (napajanje i signal). Bezvremenski dizajn sa nagibom za bolji zvuk. Jednostavno upravljanje glasno\u0107om.","breadcrumb":{"@id":"https:\/\/hd-multimedia.com\/trgovina\/eedifier-r19u-zvucne-kutije-povezane-preko-usb\/#breadcrumb"},"inLanguage":"sl-SI","potentialAction":[{"@type":"ReadAction","target":["https:\/\/hd-multimedia.com\/trgovina\/eedifier-r19u-zvucne-kutije-povezane-preko-usb\/"]}]},{"@type":"BreadcrumbList","@id":"https:\/\/hd-multimedia.com\/trgovina\/eedifier-r19u-zvucne-kutije-povezane-preko-usb\/#breadcrumb","itemListElement":[{"@type":"ListItem","position":1,"name":"Po\u010detna stranica","item":"https:\/\/hd-multimedia.com\/"},{"@type":"ListItem","position":2,"name":"Trgovina","item":"https:\/\/hd-multimedia.com\/trgovina\/"},{"@type":"ListItem","position":3,"name":"Edifier R19U"}]},{"@type":"WebSite","@id":"https:\/\/hd-multimedia.com\/#website","url":"https:\/\/hd-multimedia.com\/","name":"hd-multimedia","description":"","publisher":{"@id":"https:\/\/hd-multimedia.com\/#organization"},"potentialAction":[{"@type":"SearchAction","target":{"@type":"EntryPoint","urlTemplate":"https:\/\/hd-multimedia.com\/?s={search_term_string}"},"query-input":"required name=search_term_string"}],"inLanguage":"sl-SI"},{"@type":"Organization","@id":"https:\/\/hd-multimedia.com\/#organization","name":"hd-multimedia","url":"https:\/\/hd-multimedia.com\/","logo":{"@type":"ImageObject","inLanguage":"sl-SI","@id":"https:\/\/hd-multimedia.com\/#\/schema\/logo\/image\/","url":"https:\/\/hd-multimedia.com\/hdm_media\/HD-curves-ok-196-56px-alpha-1.png","contentUrl":"https:\/\/hd-multimedia.com\/hdm_media\/HD-curves-ok-196-56px-alpha-1.png","width":196,"height":53,"caption":"hd-multimedia"},"image":{"@id":"https:\/\/hd-multimedia.com\/#\/schema\/logo\/image\/"}}]}},"post_mailing_queue_ids":[],"_links":{"self":[{"href":"https:\/\/hd-multimedia.com\/sl\/wp-json\/wp\/v2\/product\/2184","targetHints":{"allow":["GET"]}}],"collection":[{"href":"https:\/\/hd-multimedia.com\/sl\/wp-json\/wp\/v2\/product"}],"about":[{"href":"https:\/\/hd-multimedia.com\/sl\/wp-json\/wp\/v2\/types\/product"}],"version-history":[{"count":5,"href":"https:\/\/hd-multimedia.com\/sl\/wp-json\/wp\/v2\/product\/2184\/revisions"}],"predecessor-version":[{"id":13443,"href":"https:\/\/hd-multimedia.com\/sl\/wp-json\/wp\/v2\/product\/2184\/revisions\/13443"}],"wp:featuredmedia":[{"embeddable":true,"href":"https:\/\/hd-multimedia.com\/sl\/wp-json\/wp\/v2\/media\/2826"}],"wp:attachment":[{"href":"https:\/\/hd-multimedia.com\/sl\/wp-json\/wp\/v2\/media?parent=2184"}],"curies":[{"name":"wp","href":"https:\/\/api.w.org\/{rel}","templated":true}]}}