{"id":2114,"date":"2019-11-12T09:23:06","date_gmt":"2019-11-12T09:23:06","guid":{"rendered":"https:\/\/hd-multimedia.com\/trgovina\/fiio-fh7-black\/"},"modified":"2025-02-10T10:08:18","modified_gmt":"2025-02-10T10:08:18","slug":"fiio-fh7-usne-slusalice-iem","status":"publish","type":"product","link":"https:\/\/hd-multimedia.com\/sl\/trgovina\/fiio-fh7-usne-slusalice-iem\/","title":{"rendered":"FiiO FH7"},"content":{"rendered":"<p>Specifikacije FiiO FH7:<\/p>\n<p>Ob\u010dutljivost: 111dB<\/p>\n<p>Frekven\u010dni odziv: 5-40000Hz<\/p>\n<p>Dol\u017eina kabla: 1,2 m<\/p>\n<p>Upornost: 16\u03a9<\/p>\n<p>Gonilniki: Knowles DFK + dvojni uravnote\u017eeni armaturni gonilnik SWFK-31736<\/p>\n<p>Dinami\u010dni gonilnik: 13,6 mm dinami\u010dni gonilnik<\/p>\n<p>Kabel: 8-\u017eilni monokristalni<\/p>","protected":false},"excerpt":{"rendered":"<p>FiiO FH7 so HIFI IEM slu\u0161alke s 5 hibridnimi gonilniki (4 Knowles BA + 13,6 mm dinami\u010dni) s snemljivim MMCX kablom. FiiO FH7 je izdelan iz CNC obdelanega aluminija in magnezija. FiiO FH7 ima 4 pogonske enote Knowles DFK+SWFK BA in en dinami\u010dni gonilnik z veliko 13,6 mm berilijevo membrano. V paketu je prilo\u017een kabel za slu\u0161alke LC-3.5C, sestavljen iz \u017eic iz monokristalnega srebra Litz visoke \u010distosti. Ustvarite svoj zvok s 3 pari zamenljivih zvo\u010dnih filtrov in 15 pari slu\u0161alk (s 3 pari konic SpinFit v S\/M\/L).<\/p>\n<p><a href=\"https:\/\/www.fiio.com\/fh7\" target=\"_blank\" rel=\"noopener noreferrer\">Povezava za dodatne informacije o specifikacijah!<\/a><\/p>","protected":false},"featured_media":17863,"template":"","meta":{"site-sidebar-layout":"default","site-content-layout":"default","ast-site-content-layout":"default","site-content-style":"default","site-sidebar-style":"default","ast-global-header-display":"","ast-banner-title-visibility":"","ast-main-header-display":"","ast-hfb-above-header-display":"","ast-hfb-below-header-display":"","ast-hfb-mobile-header-display":"","site-post-title":"","ast-breadcrumbs-content":"","ast-featured-img":"","footer-sml-layout":"","theme-transparent-header-meta":"default","adv-header-id-meta":"","stick-header-meta":"default","header-above-stick-meta":"","header-main-stick-meta":"","header-below-stick-meta":"","astra-migrate-meta-layouts":"set","ast-page-background-enabled":"default","ast-page-background-meta":{"desktop":{"background-color":"","background-image":"","background-repeat":"repeat","background-position":"center center","background-size":"auto","background-attachment":"scroll","background-type":"","background-media":"","overlay-type":"","overlay-color":"","overlay-opacity":"","overlay-gradient":""},"tablet":{"background-color":"","background-image":"","background-repeat":"repeat","background-position":"center center","background-size":"auto","background-attachment":"scroll","background-type":"","background-media":"","overlay-type":"","overlay-color":"","overlay-opacity":"","overlay-gradient":""},"mobile":{"background-color":"","background-image":"","background-repeat":"repeat","background-position":"center center","background-size":"auto","background-attachment":"scroll","background-type":"","background-media":"","overlay-type":"","overlay-color":"","overlay-opacity":"","overlay-gradient":""}},"ast-content-background-meta":{"desktop":{"background-color":"var(--ast-global-color-5)","background-image":"","background-repeat":"repeat","background-position":"center center","background-size":"auto","background-attachment":"scroll","background-type":"","background-media":"","overlay-type":"","overlay-color":"","overlay-opacity":"","overlay-gradient":""},"tablet":{"background-color":"var(--ast-global-color-5)","background-image":"","background-repeat":"repeat","background-position":"center center","background-size":"auto","background-attachment":"scroll","background-type":"","background-media":"","overlay-type":"","overlay-color":"","overlay-opacity":"","overlay-gradient":""},"mobile":{"background-color":"var(--ast-global-color-5)","background-image":"","background-repeat":"repeat","background-position":"center center","background-size":"auto","background-attachment":"scroll","background-type":"","background-media":"","overlay-type":"","overlay-color":"","overlay-opacity":"","overlay-gradient":""}}},"class_list":["post-2114","product","type-product","status-publish","has-post-thumbnail","hentry","product_cat-usne-slusalice-iem","product_cat-fiio","desktop-align-center","tablet-align-center","mobile-align-center","ast-product-gallery-layout-horizontal","ast-magnify-disabled","ast-product-tabs-layout-horizontal"],"yoast_head":"<!-- This site is optimized with the Yoast SEO plugin v21.4 - https:\/\/yoast.com\/wordpress\/plugins\/seo\/ -->\n<title>FiiO FH7 - hd-multimedia<\/title>\n<meta name=\"description\" content=\"FiiO FH7 su HIFI IEM slu\u0161alice s 5 hibridnh drivera (4 Knowles BA + 13,6 mm dynamic) s odvojivim MMCX kablom. FiiO FH7 su izra\u0111ene od aluminija i magnezija.\" \/>\n<meta name=\"robots\" content=\"index, follow, max-snippet:-1, max-image-preview:large, max-video-preview:-1\" \/>\n<link rel=\"canonical\" href=\"https:\/\/hd-multimedia.com\/sl\/trgovina\/fiio-fh7-usne-slusalice-iem\/\" \/>\n<meta property=\"og:locale\" content=\"sl_SI\" \/>\n<meta property=\"og:type\" content=\"article\" \/>\n<meta property=\"og:title\" content=\"FiiO FH7 - hd-multimedia\" \/>\n<meta property=\"og:description\" content=\"FiiO FH7 su HIFI IEM slu\u0161alice s 5 hibridnh drivera (4 Knowles BA + 13,6 mm dynamic) s odvojivim MMCX kablom. FiiO FH7 su izra\u0111ene od aluminija i magnezija.\" \/>\n<meta property=\"og:url\" content=\"https:\/\/hd-multimedia.com\/sl\/trgovina\/fiio-fh7-usne-slusalice-iem\/\" \/>\n<meta property=\"og:site_name\" content=\"hd-multimedia\" \/>\n<meta property=\"article:modified_time\" content=\"2025-02-10T10:08:18+00:00\" \/>\n<meta property=\"og:image\" content=\"https:\/\/hd-multimedia.com\/hdm_media\/jpg_02-600x600-1-e1739181684770.jpg\" \/>\n\t<meta property=\"og:image:width\" content=\"600\" \/>\n\t<meta property=\"og:image:height\" content=\"600\" \/>\n\t<meta property=\"og:image:type\" content=\"image\/jpeg\" \/>\n<meta name=\"twitter:card\" content=\"summary_large_image\" \/>\n<meta name=\"twitter:label1\" content=\"Est. reading time\" \/>\n\t<meta name=\"twitter:data1\" content=\"1 minuta\" \/>\n<script type=\"application\/ld+json\" class=\"yoast-schema-graph\">{\"@context\":\"https:\/\/schema.org\",\"@graph\":[{\"@type\":\"WebPage\",\"@id\":\"https:\/\/hd-multimedia.com\/trgovina\/fiio-fh7-usne-slusalice-iem\/\",\"url\":\"https:\/\/hd-multimedia.com\/trgovina\/fiio-fh7-usne-slusalice-iem\/\",\"name\":\"FiiO FH7 - hd-multimedia\",\"isPartOf\":{\"@id\":\"https:\/\/hd-multimedia.com\/#website\"},\"datePublished\":\"2019-11-12T09:23:06+00:00\",\"dateModified\":\"2025-02-10T10:08:18+00:00\",\"description\":\"FiiO FH7 su HIFI IEM slu\u0161alice s 5 hibridnh drivera (4 Knowles BA + 13,6 mm dynamic) s odvojivim MMCX kablom. FiiO FH7 su izra\u0111ene od aluminija i magnezija.\",\"breadcrumb\":{\"@id\":\"https:\/\/hd-multimedia.com\/trgovina\/fiio-fh7-usne-slusalice-iem\/#breadcrumb\"},\"inLanguage\":\"sl-SI\",\"potentialAction\":[{\"@type\":\"ReadAction\",\"target\":[\"https:\/\/hd-multimedia.com\/trgovina\/fiio-fh7-usne-slusalice-iem\/\"]}]},{\"@type\":\"BreadcrumbList\",\"@id\":\"https:\/\/hd-multimedia.com\/trgovina\/fiio-fh7-usne-slusalice-iem\/#breadcrumb\",\"itemListElement\":[{\"@type\":\"ListItem\",\"position\":1,\"name\":\"Po\u010detna stranica\",\"item\":\"https:\/\/hd-multimedia.com\/\"},{\"@type\":\"ListItem\",\"position\":2,\"name\":\"Trgovina\",\"item\":\"https:\/\/hd-multimedia.com\/trgovina\/\"},{\"@type\":\"ListItem\",\"position\":3,\"name\":\"FiiO FH7\"}]},{\"@type\":\"WebSite\",\"@id\":\"https:\/\/hd-multimedia.com\/#website\",\"url\":\"https:\/\/hd-multimedia.com\/\",\"name\":\"hd-multimedia\",\"description\":\"\",\"publisher\":{\"@id\":\"https:\/\/hd-multimedia.com\/#organization\"},\"potentialAction\":[{\"@type\":\"SearchAction\",\"target\":{\"@type\":\"EntryPoint\",\"urlTemplate\":\"https:\/\/hd-multimedia.com\/?s={search_term_string}\"},\"query-input\":\"required name=search_term_string\"}],\"inLanguage\":\"sl-SI\"},{\"@type\":\"Organization\",\"@id\":\"https:\/\/hd-multimedia.com\/#organization\",\"name\":\"hd-multimedia\",\"url\":\"https:\/\/hd-multimedia.com\/\",\"logo\":{\"@type\":\"ImageObject\",\"inLanguage\":\"sl-SI\",\"@id\":\"https:\/\/hd-multimedia.com\/#\/schema\/logo\/image\/\",\"url\":\"https:\/\/hd-multimedia.com\/hdm_media\/HD-curves-ok-196-56px-alpha-1.png\",\"contentUrl\":\"https:\/\/hd-multimedia.com\/hdm_media\/HD-curves-ok-196-56px-alpha-1.png\",\"width\":196,\"height\":53,\"caption\":\"hd-multimedia\"},\"image\":{\"@id\":\"https:\/\/hd-multimedia.com\/#\/schema\/logo\/image\/\"}}]}<\/script>\n<!-- \/ Yoast SEO plugin. -->","yoast_head_json":{"title":"FiiO FH7 - hd-multimedia","description":"FiiO FH7 su HIFI IEM slu\u0161alice s 5 hibridnh drivera (4 Knowles BA + 13,6 mm dynamic) s odvojivim MMCX kablom. FiiO FH7 su izra\u0111ene od aluminija i magnezija.","robots":{"index":"index","follow":"follow","max-snippet":"max-snippet:-1","max-image-preview":"max-image-preview:large","max-video-preview":"max-video-preview:-1"},"canonical":"https:\/\/hd-multimedia.com\/sl\/trgovina\/fiio-fh7-usne-slusalice-iem\/","og_locale":"sl_SI","og_type":"article","og_title":"FiiO FH7 - hd-multimedia","og_description":"FiiO FH7 su HIFI IEM slu\u0161alice s 5 hibridnh drivera (4 Knowles BA + 13,6 mm dynamic) s odvojivim MMCX kablom. FiiO FH7 su izra\u0111ene od aluminija i magnezija.","og_url":"https:\/\/hd-multimedia.com\/sl\/trgovina\/fiio-fh7-usne-slusalice-iem\/","og_site_name":"hd-multimedia","article_modified_time":"2025-02-10T10:08:18+00:00","og_image":[{"width":600,"height":600,"url":"https:\/\/hd-multimedia.com\/hdm_media\/jpg_02-600x600-1-e1739181684770.jpg","type":"image\/jpeg"}],"twitter_card":"summary_large_image","twitter_misc":{"Est. reading time":"1 minuta"},"schema":{"@context":"https:\/\/schema.org","@graph":[{"@type":"WebPage","@id":"https:\/\/hd-multimedia.com\/trgovina\/fiio-fh7-usne-slusalice-iem\/","url":"https:\/\/hd-multimedia.com\/trgovina\/fiio-fh7-usne-slusalice-iem\/","name":"FiiO FH7 - hd-multimedia","isPartOf":{"@id":"https:\/\/hd-multimedia.com\/#website"},"datePublished":"2019-11-12T09:23:06+00:00","dateModified":"2025-02-10T10:08:18+00:00","description":"FiiO FH7 su HIFI IEM slu\u0161alice s 5 hibridnh drivera (4 Knowles BA + 13,6 mm dynamic) s odvojivim MMCX kablom. FiiO FH7 su izra\u0111ene od aluminija i magnezija.","breadcrumb":{"@id":"https:\/\/hd-multimedia.com\/trgovina\/fiio-fh7-usne-slusalice-iem\/#breadcrumb"},"inLanguage":"sl-SI","potentialAction":[{"@type":"ReadAction","target":["https:\/\/hd-multimedia.com\/trgovina\/fiio-fh7-usne-slusalice-iem\/"]}]},{"@type":"BreadcrumbList","@id":"https:\/\/hd-multimedia.com\/trgovina\/fiio-fh7-usne-slusalice-iem\/#breadcrumb","itemListElement":[{"@type":"ListItem","position":1,"name":"Po\u010detna stranica","item":"https:\/\/hd-multimedia.com\/"},{"@type":"ListItem","position":2,"name":"Trgovina","item":"https:\/\/hd-multimedia.com\/trgovina\/"},{"@type":"ListItem","position":3,"name":"FiiO FH7"}]},{"@type":"WebSite","@id":"https:\/\/hd-multimedia.com\/#website","url":"https:\/\/hd-multimedia.com\/","name":"hd-multimedia","description":"","publisher":{"@id":"https:\/\/hd-multimedia.com\/#organization"},"potentialAction":[{"@type":"SearchAction","target":{"@type":"EntryPoint","urlTemplate":"https:\/\/hd-multimedia.com\/?s={search_term_string}"},"query-input":"required name=search_term_string"}],"inLanguage":"sl-SI"},{"@type":"Organization","@id":"https:\/\/hd-multimedia.com\/#organization","name":"hd-multimedia","url":"https:\/\/hd-multimedia.com\/","logo":{"@type":"ImageObject","inLanguage":"sl-SI","@id":"https:\/\/hd-multimedia.com\/#\/schema\/logo\/image\/","url":"https:\/\/hd-multimedia.com\/hdm_media\/HD-curves-ok-196-56px-alpha-1.png","contentUrl":"https:\/\/hd-multimedia.com\/hdm_media\/HD-curves-ok-196-56px-alpha-1.png","width":196,"height":53,"caption":"hd-multimedia"},"image":{"@id":"https:\/\/hd-multimedia.com\/#\/schema\/logo\/image\/"}}]}},"post_mailing_queue_ids":[],"_links":{"self":[{"href":"https:\/\/hd-multimedia.com\/sl\/wp-json\/wp\/v2\/product\/2114","targetHints":{"allow":["GET"]}}],"collection":[{"href":"https:\/\/hd-multimedia.com\/sl\/wp-json\/wp\/v2\/product"}],"about":[{"href":"https:\/\/hd-multimedia.com\/sl\/wp-json\/wp\/v2\/types\/product"}],"version-history":[{"count":4,"href":"https:\/\/hd-multimedia.com\/sl\/wp-json\/wp\/v2\/product\/2114\/revisions"}],"predecessor-version":[{"id":12866,"href":"https:\/\/hd-multimedia.com\/sl\/wp-json\/wp\/v2\/product\/2114\/revisions\/12866"}],"wp:featuredmedia":[{"embeddable":true,"href":"https:\/\/hd-multimedia.com\/sl\/wp-json\/wp\/v2\/media\/17863"}],"wp:attachment":[{"href":"https:\/\/hd-multimedia.com\/sl\/wp-json\/wp\/v2\/media?parent=2114"}],"curies":[{"name":"wp","href":"https:\/\/api.w.org\/{rel}","templated":true}]}}