{"id":207,"date":"2019-08-21T09:47:52","date_gmt":"2019-08-21T09:47:52","guid":{"rendered":"https:\/\/hd-multimedia.com\/?product=fiio-q1-mark-ii"},"modified":"2024-12-21T20:45:34","modified_gmt":"2024-12-21T20:45:34","slug":"fiio-q1-mark-ii","status":"publish","type":"product","link":"https:\/\/hd-multimedia.com\/sl\/trgovina\/fiio-q1-mark-ii\/","title":{"rendered":"FiiO Q1 Mark II"},"content":{"rendered":"<p>FIIO Q1 MARK II je prenosni oja\u010devalnik za slu\u0161alke z USB D\/A pretvornikom v \u010drni barvi, zasnovan za iPhone. DAC je AKM AK4452 z visokim razmerjem med signalom in \u0161umom ter nizkim popa\u010denjem, kar vam bo omogo\u010dilo naravno in realisti\u010dno izku\u0161njo poslu\u0161anja. FiiO Q1 MARK II ima 3,5 mm priklju\u010dek. Ko se Q1 Mark II uporablja kot linijski izhod, se lahko uporablja kot DAC in se pove\u017ee z zunanjim oja\u010devalnikom.<\/p>\n<p>Kaj je v \u0161katli:<\/p>\n<p>Kratek kabel Lightning-micro USB<br \/>\nmikro USB dolg podatkovni kabel<br \/>\n3,5 mm avdio kabel<br \/>\n2x dolga silikonska trakova<br \/>\n2x kratka silikonska trakova<br \/>\nsilikonska podloga in torbica<\/p>\n<p>LASTNOSTI:<\/p>\n<p>Izhodna mo\u010d: 75mW\uff08PO\/32\u03a9\uff09<br \/>\nSupported Sampling Rates: 384kHz\/32bit<br \/>\nBattery Capacity: 1800mAh<br \/>\nBattery Life: 20h<br \/>\nDimenzije: 99x59x12,5 mm<br \/>\nte\u017ea: 101 gram<\/p>\n<p><a href=\"https:\/\/www.fiio.com\/q1mkii\" target=\"_blank\" rel=\"noopener\">Ostale informacije najdete na tej povezavi.<\/a><\/p>","protected":false},"excerpt":{"rendered":"<p>FiiO Q1 Mark II, opremljen s platformo XMOS, ponuja izjemno kakovost zvoka s podporo za dekodiranje do 384 kHz \/ 32 bit PCM in do DSD256, kar ozna\u010duje zelena lu\u010dka. Njegov napredni mehanizem za prilagajanje glasnosti ADC natan\u010dno rekonstruira krivuljo ADC in prepre\u010duje te\u017eave, kot so neravnovesje glasnosti med kanali in hrup med prilagajanjem glasnosti, s \u010dimer pove\u010da natan\u010dnost z vsakim obratom gumba. Kovinsko ohi\u0161je naprave ne dodaja samo estetske privla\u010dnosti, ampak tudi \u0161\u010diti pred elektromagnetnimi motnjami, kar zagotavlja kakovost zvoka pri uporabi z iPhoneom. Edinstvena oblika gumba za glasnost pove\u010da njegov premer za la\u017eje vrtenje v omejenem prostoru. FiiO Q1 Mark II ima stikala za nastavitev oja\u010denja in fino nastavitev nivoja nizkih tonov, kar uporabnikom omogo\u010da prilagajanje oja\u010denja glede na ob\u010dutljivost njihovih slu\u0161alk in prilagajanje ravni nizkih tonov glede na njihove glasbene \u017eelje.<\/p>\n<p><a href=\"https:\/\/www.fiio.com\/q1mkii\" target=\"_blank\" rel=\"noopener\">Ostale informacije najdete na tej povezavi.<\/a><\/p>","protected":false},"featured_media":953,"template":"","meta":{"site-sidebar-layout":"default","site-content-layout":"default","ast-site-content-layout":"default","site-content-style":"default","site-sidebar-style":"default","ast-global-header-display":"","ast-banner-title-visibility":"","ast-main-header-display":"","ast-hfb-above-header-display":"","ast-hfb-below-header-display":"","ast-hfb-mobile-header-display":"","site-post-title":"","ast-breadcrumbs-content":"","ast-featured-img":"","footer-sml-layout":"","theme-transparent-header-meta":"default","adv-header-id-meta":"","stick-header-meta":"default","header-above-stick-meta":"","header-main-stick-meta":"","header-below-stick-meta":"","astra-migrate-meta-layouts":"set","ast-page-background-enabled":"default","ast-page-background-meta":{"desktop":{"background-color":"","background-image":"","background-repeat":"repeat","background-position":"center center","background-size":"auto","background-attachment":"scroll","background-type":"","background-media":"","overlay-type":"","overlay-color":"","overlay-opacity":"","overlay-gradient":""},"tablet":{"background-color":"","background-image":"","background-repeat":"repeat","background-position":"center center","background-size":"auto","background-attachment":"scroll","background-type":"","background-media":"","overlay-type":"","overlay-color":"","overlay-opacity":"","overlay-gradient":""},"mobile":{"background-color":"","background-image":"","background-repeat":"repeat","background-position":"center center","background-size":"auto","background-attachment":"scroll","background-type":"","background-media":"","overlay-type":"","overlay-color":"","overlay-opacity":"","overlay-gradient":""}},"ast-content-background-meta":{"desktop":{"background-color":"var(--ast-global-color-5)","background-image":"","background-repeat":"repeat","background-position":"center center","background-size":"auto","background-attachment":"scroll","background-type":"","background-media":"","overlay-type":"","overlay-color":"","overlay-opacity":"","overlay-gradient":""},"tablet":{"background-color":"var(--ast-global-color-5)","background-image":"","background-repeat":"repeat","background-position":"center center","background-size":"auto","background-attachment":"scroll","background-type":"","background-media":"","overlay-type":"","overlay-color":"","overlay-opacity":"","overlay-gradient":""},"mobile":{"background-color":"var(--ast-global-color-5)","background-image":"","background-repeat":"repeat","background-position":"center center","background-size":"auto","background-attachment":"scroll","background-type":"","background-media":"","overlay-type":"","overlay-color":"","overlay-opacity":"","overlay-gradient":""}}},"class_list":["post-207","product","type-product","status-publish","has-post-thumbnail","hentry","product_cat-pojacala-smartphone","product_cat-fiio","product_tag-fiio","desktop-align-center","tablet-align-center","mobile-align-center","ast-product-gallery-layout-horizontal","ast-magnify-disabled","ast-product-tabs-layout-horizontal"],"yoast_head":"<!-- This site is optimized with the Yoast SEO plugin v21.4 - https:\/\/yoast.com\/wordpress\/plugins\/seo\/ -->\n<title>FiiO Q1 Mark II - hd-multimedia<\/title>\n<meta name=\"description\" content=\"FIIO Q1 MARK II je prenosivo poja\u010dalo za slu\u0161alice s USB D\/A konverterom u crnoj boji namijenjeno za iphone. DAC je AKM AK4452 s visokim omjerom signala.\" \/>\n<meta name=\"robots\" content=\"index, follow, max-snippet:-1, max-image-preview:large, max-video-preview:-1\" \/>\n<link rel=\"canonical\" href=\"https:\/\/hd-multimedia.com\/sl\/trgovina\/fiio-q1-mark-ii\/\" \/>\n<meta property=\"og:locale\" content=\"sl_SI\" \/>\n<meta property=\"og:type\" content=\"article\" \/>\n<meta property=\"og:title\" content=\"FiiO Q1 Mark II - hd-multimedia\" \/>\n<meta property=\"og:description\" content=\"FIIO Q1 MARK II je prenosivo poja\u010dalo za slu\u0161alice s USB D\/A konverterom u crnoj boji namijenjeno za iphone. DAC je AKM AK4452 s visokim omjerom signala.\" \/>\n<meta property=\"og:url\" content=\"https:\/\/hd-multimedia.com\/sl\/trgovina\/fiio-q1-mark-ii\/\" \/>\n<meta property=\"og:site_name\" content=\"hd-multimedia\" \/>\n<meta property=\"article:modified_time\" content=\"2024-12-21T20:45:34+00:00\" \/>\n<meta property=\"og:image\" content=\"https:\/\/hd-multimedia.com\/hdm_media\/2c7914c9706b726f7f74b5add128101a-e1567601474139.jpg\" \/>\n\t<meta property=\"og:image:width\" content=\"687\" \/>\n\t<meta property=\"og:image:height\" content=\"687\" \/>\n\t<meta property=\"og:image:type\" content=\"image\/jpeg\" \/>\n<meta name=\"twitter:card\" content=\"summary_large_image\" \/>\n<meta name=\"twitter:label1\" content=\"Est. reading time\" \/>\n\t<meta name=\"twitter:data1\" content=\"1 minuta\" \/>\n<script type=\"application\/ld+json\" class=\"yoast-schema-graph\">{\"@context\":\"https:\/\/schema.org\",\"@graph\":[{\"@type\":\"WebPage\",\"@id\":\"https:\/\/hd-multimedia.com\/trgovina\/fiio-q1-mark-ii\/\",\"url\":\"https:\/\/hd-multimedia.com\/trgovina\/fiio-q1-mark-ii\/\",\"name\":\"FiiO Q1 Mark II - hd-multimedia\",\"isPartOf\":{\"@id\":\"https:\/\/hd-multimedia.com\/#website\"},\"datePublished\":\"2019-08-21T09:47:52+00:00\",\"dateModified\":\"2024-12-21T20:45:34+00:00\",\"description\":\"FIIO Q1 MARK II je prenosivo poja\u010dalo za slu\u0161alice s USB D\/A konverterom u crnoj boji namijenjeno za iphone. DAC je AKM AK4452 s visokim omjerom signala.\",\"breadcrumb\":{\"@id\":\"https:\/\/hd-multimedia.com\/trgovina\/fiio-q1-mark-ii\/#breadcrumb\"},\"inLanguage\":\"sl-SI\",\"potentialAction\":[{\"@type\":\"ReadAction\",\"target\":[\"https:\/\/hd-multimedia.com\/trgovina\/fiio-q1-mark-ii\/\"]}]},{\"@type\":\"BreadcrumbList\",\"@id\":\"https:\/\/hd-multimedia.com\/trgovina\/fiio-q1-mark-ii\/#breadcrumb\",\"itemListElement\":[{\"@type\":\"ListItem\",\"position\":1,\"name\":\"Po\u010detna stranica\",\"item\":\"https:\/\/hd-multimedia.com\/\"},{\"@type\":\"ListItem\",\"position\":2,\"name\":\"Trgovina\",\"item\":\"https:\/\/hd-multimedia.com\/trgovina\/\"},{\"@type\":\"ListItem\",\"position\":3,\"name\":\"FiiO Q1 Mark II\"}]},{\"@type\":\"WebSite\",\"@id\":\"https:\/\/hd-multimedia.com\/#website\",\"url\":\"https:\/\/hd-multimedia.com\/\",\"name\":\"hd-multimedia\",\"description\":\"\",\"publisher\":{\"@id\":\"https:\/\/hd-multimedia.com\/#organization\"},\"potentialAction\":[{\"@type\":\"SearchAction\",\"target\":{\"@type\":\"EntryPoint\",\"urlTemplate\":\"https:\/\/hd-multimedia.com\/?s={search_term_string}\"},\"query-input\":\"required name=search_term_string\"}],\"inLanguage\":\"sl-SI\"},{\"@type\":\"Organization\",\"@id\":\"https:\/\/hd-multimedia.com\/#organization\",\"name\":\"hd-multimedia\",\"url\":\"https:\/\/hd-multimedia.com\/\",\"logo\":{\"@type\":\"ImageObject\",\"inLanguage\":\"sl-SI\",\"@id\":\"https:\/\/hd-multimedia.com\/#\/schema\/logo\/image\/\",\"url\":\"https:\/\/hd-multimedia.com\/hdm_media\/HD-curves-ok-196-56px-alpha-1.png\",\"contentUrl\":\"https:\/\/hd-multimedia.com\/hdm_media\/HD-curves-ok-196-56px-alpha-1.png\",\"width\":196,\"height\":53,\"caption\":\"hd-multimedia\"},\"image\":{\"@id\":\"https:\/\/hd-multimedia.com\/#\/schema\/logo\/image\/\"}}]}<\/script>\n<!-- \/ Yoast SEO plugin. -->","yoast_head_json":{"title":"FiiO Q1 Mark II - hd-multimedia","description":"FIIO Q1 MARK II je prenosivo poja\u010dalo za slu\u0161alice s USB D\/A konverterom u crnoj boji namijenjeno za iphone. DAC je AKM AK4452 s visokim omjerom signala.","robots":{"index":"index","follow":"follow","max-snippet":"max-snippet:-1","max-image-preview":"max-image-preview:large","max-video-preview":"max-video-preview:-1"},"canonical":"https:\/\/hd-multimedia.com\/sl\/trgovina\/fiio-q1-mark-ii\/","og_locale":"sl_SI","og_type":"article","og_title":"FiiO Q1 Mark II - hd-multimedia","og_description":"FIIO Q1 MARK II je prenosivo poja\u010dalo za slu\u0161alice s USB D\/A konverterom u crnoj boji namijenjeno za iphone. DAC je AKM AK4452 s visokim omjerom signala.","og_url":"https:\/\/hd-multimedia.com\/sl\/trgovina\/fiio-q1-mark-ii\/","og_site_name":"hd-multimedia","article_modified_time":"2024-12-21T20:45:34+00:00","og_image":[{"width":687,"height":687,"url":"https:\/\/hd-multimedia.com\/hdm_media\/2c7914c9706b726f7f74b5add128101a-e1567601474139.jpg","type":"image\/jpeg"}],"twitter_card":"summary_large_image","twitter_misc":{"Est. reading time":"1 minuta"},"schema":{"@context":"https:\/\/schema.org","@graph":[{"@type":"WebPage","@id":"https:\/\/hd-multimedia.com\/trgovina\/fiio-q1-mark-ii\/","url":"https:\/\/hd-multimedia.com\/trgovina\/fiio-q1-mark-ii\/","name":"FiiO Q1 Mark II - hd-multimedia","isPartOf":{"@id":"https:\/\/hd-multimedia.com\/#website"},"datePublished":"2019-08-21T09:47:52+00:00","dateModified":"2024-12-21T20:45:34+00:00","description":"FIIO Q1 MARK II je prenosivo poja\u010dalo za slu\u0161alice s USB D\/A konverterom u crnoj boji namijenjeno za iphone. DAC je AKM AK4452 s visokim omjerom signala.","breadcrumb":{"@id":"https:\/\/hd-multimedia.com\/trgovina\/fiio-q1-mark-ii\/#breadcrumb"},"inLanguage":"sl-SI","potentialAction":[{"@type":"ReadAction","target":["https:\/\/hd-multimedia.com\/trgovina\/fiio-q1-mark-ii\/"]}]},{"@type":"BreadcrumbList","@id":"https:\/\/hd-multimedia.com\/trgovina\/fiio-q1-mark-ii\/#breadcrumb","itemListElement":[{"@type":"ListItem","position":1,"name":"Po\u010detna stranica","item":"https:\/\/hd-multimedia.com\/"},{"@type":"ListItem","position":2,"name":"Trgovina","item":"https:\/\/hd-multimedia.com\/trgovina\/"},{"@type":"ListItem","position":3,"name":"FiiO Q1 Mark II"}]},{"@type":"WebSite","@id":"https:\/\/hd-multimedia.com\/#website","url":"https:\/\/hd-multimedia.com\/","name":"hd-multimedia","description":"","publisher":{"@id":"https:\/\/hd-multimedia.com\/#organization"},"potentialAction":[{"@type":"SearchAction","target":{"@type":"EntryPoint","urlTemplate":"https:\/\/hd-multimedia.com\/?s={search_term_string}"},"query-input":"required name=search_term_string"}],"inLanguage":"sl-SI"},{"@type":"Organization","@id":"https:\/\/hd-multimedia.com\/#organization","name":"hd-multimedia","url":"https:\/\/hd-multimedia.com\/","logo":{"@type":"ImageObject","inLanguage":"sl-SI","@id":"https:\/\/hd-multimedia.com\/#\/schema\/logo\/image\/","url":"https:\/\/hd-multimedia.com\/hdm_media\/HD-curves-ok-196-56px-alpha-1.png","contentUrl":"https:\/\/hd-multimedia.com\/hdm_media\/HD-curves-ok-196-56px-alpha-1.png","width":196,"height":53,"caption":"hd-multimedia"},"image":{"@id":"https:\/\/hd-multimedia.com\/#\/schema\/logo\/image\/"}}]}},"post_mailing_queue_ids":[],"_links":{"self":[{"href":"https:\/\/hd-multimedia.com\/sl\/wp-json\/wp\/v2\/product\/207","targetHints":{"allow":["GET"]}}],"collection":[{"href":"https:\/\/hd-multimedia.com\/sl\/wp-json\/wp\/v2\/product"}],"about":[{"href":"https:\/\/hd-multimedia.com\/sl\/wp-json\/wp\/v2\/types\/product"}],"version-history":[{"count":2,"href":"https:\/\/hd-multimedia.com\/sl\/wp-json\/wp\/v2\/product\/207\/revisions"}],"predecessor-version":[{"id":15625,"href":"https:\/\/hd-multimedia.com\/sl\/wp-json\/wp\/v2\/product\/207\/revisions\/15625"}],"wp:featuredmedia":[{"embeddable":true,"href":"https:\/\/hd-multimedia.com\/sl\/wp-json\/wp\/v2\/media\/953"}],"wp:attachment":[{"href":"https:\/\/hd-multimedia.com\/sl\/wp-json\/wp\/v2\/media?parent=207"}],"curies":[{"name":"wp","href":"https:\/\/api.w.org\/{rel}","templated":true}]}}