{"id":1975,"date":"2019-11-06T08:34:54","date_gmt":"2019-11-06T08:34:54","guid":{"rendered":"https:\/\/hd-multimedia.com\/trgovina\/edifier-xm2pf\/"},"modified":"2025-12-08T09:38:45","modified_gmt":"2025-12-08T09:38:45","slug":"edifier-xm2pf","status":"publish","type":"product","link":"https:\/\/hd-multimedia.com\/sl\/trgovina\/edifier-xm2pf\/","title":{"rendered":"Edifier XM2PF"},"content":{"rendered":"<p>Edifier XM2PF podpira naprave AUX, SD in USB. Upravljanje je mo\u017eno prek enostavno dostopnih kontrol na strani zvo\u010dnika ali z daljinskim upravljalnikom, ki je prilo\u017een zvo\u010dnikom. Ti zvo\u010dniki imajo vgrajen oja\u010devalec, ne potrebujejo dodatne opreme ali oja\u010devalca, \u0161katli pa so prilo\u017eeni vsi potrebni kabli za povezavo z virom po va\u0161i izbiri. Edifier XM2PF ima 4-pal\u010dni bas gonilnik za glasnej\u0161i zvok!<\/p>\n<p><a href=\"https:\/\/edifier.reactwebdesign.com\/int\/en\/speakers\/xm2pf\" target=\"_blank\" rel=\"noopener\">Ostale informacije najdete na tej povezavi.<\/a><\/p>","protected":false},"excerpt":{"rendered":"<p>Edifier XM2PF odpravlja zaplete pri nastavitvi zvoka. Enostavno pove\u017eite satelite z globokotoncem in nizkotonec z ra\u010dunalnikom. Ti majhni satelitski zvo\u010dniki ponujajo jasen in oster zvok visokih tonov. Sateliti so idealni za vse situacije, kot so poslu\u0161anje glasbe, gledanje videoposnetkov ali igranje video iger. Nagnjeni so tako, da je zvok usmerjen proti vam. Tako dobite popolno zvo\u010dno izku\u0161njo, ki jo \u017eelite.<\/p>\n<p><a href=\"https:\/\/edifier.reactwebdesign.com\/int\/en\/speakers\/xm2pf\" target=\"_blank\" rel=\"noopener\">Ostale informacije najdete na tej povezavi.<\/a><\/p>","protected":false},"featured_media":1995,"template":"","meta":{"site-sidebar-layout":"default","site-content-layout":"default","ast-site-content-layout":"default","site-content-style":"default","site-sidebar-style":"default","ast-global-header-display":"","ast-banner-title-visibility":"","ast-main-header-display":"","ast-hfb-above-header-display":"","ast-hfb-below-header-display":"","ast-hfb-mobile-header-display":"","site-post-title":"","ast-breadcrumbs-content":"","ast-featured-img":"","footer-sml-layout":"","theme-transparent-header-meta":"default","adv-header-id-meta":"","stick-header-meta":"default","header-above-stick-meta":"","header-main-stick-meta":"","header-below-stick-meta":"","astra-migrate-meta-layouts":"set","ast-page-background-enabled":"default","ast-page-background-meta":{"desktop":{"background-color":"","background-image":"","background-repeat":"repeat","background-position":"center center","background-size":"auto","background-attachment":"scroll","background-type":"","background-media":"","overlay-type":"","overlay-color":"","overlay-opacity":"","overlay-gradient":""},"tablet":{"background-color":"","background-image":"","background-repeat":"repeat","background-position":"center center","background-size":"auto","background-attachment":"scroll","background-type":"","background-media":"","overlay-type":"","overlay-color":"","overlay-opacity":"","overlay-gradient":""},"mobile":{"background-color":"","background-image":"","background-repeat":"repeat","background-position":"center center","background-size":"auto","background-attachment":"scroll","background-type":"","background-media":"","overlay-type":"","overlay-color":"","overlay-opacity":"","overlay-gradient":""}},"ast-content-background-meta":{"desktop":{"background-color":"var(--ast-global-color-5)","background-image":"","background-repeat":"repeat","background-position":"center center","background-size":"auto","background-attachment":"scroll","background-type":"","background-media":"","overlay-type":"","overlay-color":"","overlay-opacity":"","overlay-gradient":""},"tablet":{"background-color":"var(--ast-global-color-5)","background-image":"","background-repeat":"repeat","background-position":"center center","background-size":"auto","background-attachment":"scroll","background-type":"","background-media":"","overlay-type":"","overlay-color":"","overlay-opacity":"","overlay-gradient":""},"mobile":{"background-color":"var(--ast-global-color-5)","background-image":"","background-repeat":"repeat","background-position":"center center","background-size":"auto","background-attachment":"scroll","background-type":"","background-media":"","overlay-type":"","overlay-color":"","overlay-opacity":"","overlay-gradient":""}}},"class_list":["post-1975","product","type-product","status-publish","has-post-thumbnail","hentry","product_cat-aktivne-zvucne-kutije","product_cat-edifier","desktop-align-center","tablet-align-center","mobile-align-center","ast-product-gallery-layout-horizontal","ast-magnify-disabled","ast-product-tabs-layout-horizontal"],"yoast_head":"<!-- This site is optimized with the Yoast SEO plugin v21.4 - https:\/\/yoast.com\/wordpress\/plugins\/seo\/ -->\n<title>Edifier XM2PF - hd-multimedia<\/title>\n<meta name=\"description\" content=\"Edifier XM2PF - Jednostavan 2.1 dizajn za va\u0161e ra\u010dunalo!Podr\u017eava AUX, SD i USB ure\u0111aje i FM radio.Jednostavna upravlja\u010dka plo\u010da i daljinski upravlja\u010d.\" \/>\n<meta name=\"robots\" content=\"index, follow, max-snippet:-1, max-image-preview:large, max-video-preview:-1\" \/>\n<link rel=\"canonical\" href=\"https:\/\/hd-multimedia.com\/sl\/trgovina\/edifier-xm2pf\/\" \/>\n<meta property=\"og:locale\" content=\"sl_SI\" \/>\n<meta property=\"og:type\" content=\"article\" \/>\n<meta property=\"og:title\" content=\"Edifier XM2PF - hd-multimedia\" \/>\n<meta property=\"og:description\" content=\"Edifier XM2PF - Jednostavan 2.1 dizajn za va\u0161e ra\u010dunalo!Podr\u017eava AUX, SD i USB ure\u0111aje i FM radio.Jednostavna upravlja\u010dka plo\u010da i daljinski upravlja\u010d.\" \/>\n<meta property=\"og:url\" content=\"https:\/\/hd-multimedia.com\/sl\/trgovina\/edifier-xm2pf\/\" \/>\n<meta property=\"og:site_name\" content=\"hd-multimedia\" \/>\n<meta property=\"article:modified_time\" content=\"2025-12-08T09:38:45+00:00\" \/>\n<meta property=\"og:image\" content=\"https:\/\/hd-multimedia.com\/hdm_media\/edifier-xm2pf-front.jpg\" \/>\n\t<meta property=\"og:image:width\" content=\"800\" \/>\n\t<meta property=\"og:image:height\" content=\"800\" \/>\n\t<meta property=\"og:image:type\" content=\"image\/jpeg\" \/>\n<meta name=\"twitter:card\" content=\"summary_large_image\" \/>\n<meta name=\"twitter:label1\" content=\"Est. reading time\" \/>\n\t<meta name=\"twitter:data1\" content=\"1 minuta\" \/>\n<script type=\"application\/ld+json\" class=\"yoast-schema-graph\">{\"@context\":\"https:\/\/schema.org\",\"@graph\":[{\"@type\":\"WebPage\",\"@id\":\"https:\/\/hd-multimedia.com\/trgovina\/edifier-xm2pf\/\",\"url\":\"https:\/\/hd-multimedia.com\/trgovina\/edifier-xm2pf\/\",\"name\":\"Edifier XM2PF - hd-multimedia\",\"isPartOf\":{\"@id\":\"https:\/\/hd-multimedia.com\/#website\"},\"datePublished\":\"2019-11-06T08:34:54+00:00\",\"dateModified\":\"2025-12-08T09:38:45+00:00\",\"description\":\"Edifier XM2PF - Jednostavan 2.1 dizajn za va\u0161e ra\u010dunalo!Podr\u017eava AUX, SD i USB ure\u0111aje i FM radio.Jednostavna upravlja\u010dka plo\u010da i daljinski upravlja\u010d.\",\"breadcrumb\":{\"@id\":\"https:\/\/hd-multimedia.com\/trgovina\/edifier-xm2pf\/#breadcrumb\"},\"inLanguage\":\"sl-SI\",\"potentialAction\":[{\"@type\":\"ReadAction\",\"target\":[\"https:\/\/hd-multimedia.com\/trgovina\/edifier-xm2pf\/\"]}]},{\"@type\":\"BreadcrumbList\",\"@id\":\"https:\/\/hd-multimedia.com\/trgovina\/edifier-xm2pf\/#breadcrumb\",\"itemListElement\":[{\"@type\":\"ListItem\",\"position\":1,\"name\":\"Po\u010detna stranica\",\"item\":\"https:\/\/hd-multimedia.com\/\"},{\"@type\":\"ListItem\",\"position\":2,\"name\":\"Trgovina\",\"item\":\"https:\/\/hd-multimedia.com\/trgovina\/\"},{\"@type\":\"ListItem\",\"position\":3,\"name\":\"Edifier XM2PF\"}]},{\"@type\":\"WebSite\",\"@id\":\"https:\/\/hd-multimedia.com\/#website\",\"url\":\"https:\/\/hd-multimedia.com\/\",\"name\":\"hd-multimedia\",\"description\":\"\",\"publisher\":{\"@id\":\"https:\/\/hd-multimedia.com\/#organization\"},\"potentialAction\":[{\"@type\":\"SearchAction\",\"target\":{\"@type\":\"EntryPoint\",\"urlTemplate\":\"https:\/\/hd-multimedia.com\/?s={search_term_string}\"},\"query-input\":\"required name=search_term_string\"}],\"inLanguage\":\"sl-SI\"},{\"@type\":\"Organization\",\"@id\":\"https:\/\/hd-multimedia.com\/#organization\",\"name\":\"hd-multimedia\",\"url\":\"https:\/\/hd-multimedia.com\/\",\"logo\":{\"@type\":\"ImageObject\",\"inLanguage\":\"sl-SI\",\"@id\":\"https:\/\/hd-multimedia.com\/#\/schema\/logo\/image\/\",\"url\":\"https:\/\/hd-multimedia.com\/hdm_media\/HD-curves-ok-196-56px-alpha-1.png\",\"contentUrl\":\"https:\/\/hd-multimedia.com\/hdm_media\/HD-curves-ok-196-56px-alpha-1.png\",\"width\":196,\"height\":53,\"caption\":\"hd-multimedia\"},\"image\":{\"@id\":\"https:\/\/hd-multimedia.com\/#\/schema\/logo\/image\/\"}}]}<\/script>\n<!-- \/ Yoast SEO plugin. -->","yoast_head_json":{"title":"Edifier XM2PF - hd-multimedia","description":"Edifier XM2PF - Jednostavan 2.1 dizajn za va\u0161e ra\u010dunalo!Podr\u017eava AUX, SD i USB ure\u0111aje i FM radio.Jednostavna upravlja\u010dka plo\u010da i daljinski upravlja\u010d.","robots":{"index":"index","follow":"follow","max-snippet":"max-snippet:-1","max-image-preview":"max-image-preview:large","max-video-preview":"max-video-preview:-1"},"canonical":"https:\/\/hd-multimedia.com\/sl\/trgovina\/edifier-xm2pf\/","og_locale":"sl_SI","og_type":"article","og_title":"Edifier XM2PF - hd-multimedia","og_description":"Edifier XM2PF - Jednostavan 2.1 dizajn za va\u0161e ra\u010dunalo!Podr\u017eava AUX, SD i USB ure\u0111aje i FM radio.Jednostavna upravlja\u010dka plo\u010da i daljinski upravlja\u010d.","og_url":"https:\/\/hd-multimedia.com\/sl\/trgovina\/edifier-xm2pf\/","og_site_name":"hd-multimedia","article_modified_time":"2025-12-08T09:38:45+00:00","og_image":[{"width":800,"height":800,"url":"https:\/\/hd-multimedia.com\/hdm_media\/edifier-xm2pf-front.jpg","type":"image\/jpeg"}],"twitter_card":"summary_large_image","twitter_misc":{"Est. reading time":"1 minuta"},"schema":{"@context":"https:\/\/schema.org","@graph":[{"@type":"WebPage","@id":"https:\/\/hd-multimedia.com\/trgovina\/edifier-xm2pf\/","url":"https:\/\/hd-multimedia.com\/trgovina\/edifier-xm2pf\/","name":"Edifier XM2PF - hd-multimedia","isPartOf":{"@id":"https:\/\/hd-multimedia.com\/#website"},"datePublished":"2019-11-06T08:34:54+00:00","dateModified":"2025-12-08T09:38:45+00:00","description":"Edifier XM2PF - Jednostavan 2.1 dizajn za va\u0161e ra\u010dunalo!Podr\u017eava AUX, SD i USB ure\u0111aje i FM radio.Jednostavna upravlja\u010dka plo\u010da i daljinski upravlja\u010d.","breadcrumb":{"@id":"https:\/\/hd-multimedia.com\/trgovina\/edifier-xm2pf\/#breadcrumb"},"inLanguage":"sl-SI","potentialAction":[{"@type":"ReadAction","target":["https:\/\/hd-multimedia.com\/trgovina\/edifier-xm2pf\/"]}]},{"@type":"BreadcrumbList","@id":"https:\/\/hd-multimedia.com\/trgovina\/edifier-xm2pf\/#breadcrumb","itemListElement":[{"@type":"ListItem","position":1,"name":"Po\u010detna stranica","item":"https:\/\/hd-multimedia.com\/"},{"@type":"ListItem","position":2,"name":"Trgovina","item":"https:\/\/hd-multimedia.com\/trgovina\/"},{"@type":"ListItem","position":3,"name":"Edifier XM2PF"}]},{"@type":"WebSite","@id":"https:\/\/hd-multimedia.com\/#website","url":"https:\/\/hd-multimedia.com\/","name":"hd-multimedia","description":"","publisher":{"@id":"https:\/\/hd-multimedia.com\/#organization"},"potentialAction":[{"@type":"SearchAction","target":{"@type":"EntryPoint","urlTemplate":"https:\/\/hd-multimedia.com\/?s={search_term_string}"},"query-input":"required name=search_term_string"}],"inLanguage":"sl-SI"},{"@type":"Organization","@id":"https:\/\/hd-multimedia.com\/#organization","name":"hd-multimedia","url":"https:\/\/hd-multimedia.com\/","logo":{"@type":"ImageObject","inLanguage":"sl-SI","@id":"https:\/\/hd-multimedia.com\/#\/schema\/logo\/image\/","url":"https:\/\/hd-multimedia.com\/hdm_media\/HD-curves-ok-196-56px-alpha-1.png","contentUrl":"https:\/\/hd-multimedia.com\/hdm_media\/HD-curves-ok-196-56px-alpha-1.png","width":196,"height":53,"caption":"hd-multimedia"},"image":{"@id":"https:\/\/hd-multimedia.com\/#\/schema\/logo\/image\/"}}]}},"post_mailing_queue_ids":[],"_links":{"self":[{"href":"https:\/\/hd-multimedia.com\/sl\/wp-json\/wp\/v2\/product\/1975","targetHints":{"allow":["GET"]}}],"collection":[{"href":"https:\/\/hd-multimedia.com\/sl\/wp-json\/wp\/v2\/product"}],"about":[{"href":"https:\/\/hd-multimedia.com\/sl\/wp-json\/wp\/v2\/types\/product"}],"version-history":[{"count":5,"href":"https:\/\/hd-multimedia.com\/sl\/wp-json\/wp\/v2\/product\/1975\/revisions"}],"predecessor-version":[{"id":13522,"href":"https:\/\/hd-multimedia.com\/sl\/wp-json\/wp\/v2\/product\/1975\/revisions\/13522"}],"wp:featuredmedia":[{"embeddable":true,"href":"https:\/\/hd-multimedia.com\/sl\/wp-json\/wp\/v2\/media\/1995"}],"wp:attachment":[{"href":"https:\/\/hd-multimedia.com\/sl\/wp-json\/wp\/v2\/media?parent=1975"}],"curies":[{"name":"wp","href":"https:\/\/api.w.org\/{rel}","templated":true}]}}