{"id":1971,"date":"2019-11-06T08:34:53","date_gmt":"2019-11-06T08:34:53","guid":{"rendered":"https:\/\/hd-multimedia.com\/trgovina\/edifier-p281-sport-iem\/"},"modified":"2025-10-26T14:03:16","modified_gmt":"2025-10-26T14:03:16","slug":"edifier-p281-sport","status":"publish","type":"product","link":"https:\/\/hd-multimedia.com\/sl\/trgovina\/edifier-p281-sport\/","title":{"rendered":"Edifier P281 Sport IEM"},"content":{"rendered":"<p>Edifier P281 Sport IEM \u2013 IP57 ocena odpornosti proti vodi in prahu.<br \/>\nIn-ear slu\u0161alke z odli\u010dno izolacijo od okolja, vsesmerni mikrofon za kakovostne telefonske klice.<\/p>\n<ul>\n<li>FREKVEN\u010cNI ODZIV: 20Hz\uff5e20kHz<\/li>\n<li>IMPEDANCA: 24\u03a9<\/li>\n<li>TIP PRIKLJU\u010cKA: Ravni<\/li>\n<li>VHODNA OB\u010cUTLJIVOST: 100dB\/mW<\/li>\n<li>DOL\u017dINA KABLA: 1,3m<\/li>\n<li>PRIKLJU\u010cEK: 3,5 mm, linijski<\/li>\n<\/ul>","protected":false},"excerpt":{"rendered":"<div class=\"flex-1 overflow-hidden\">\n<div class=\"react-scroll-to-bottom--css-fzdol-79elbk h-full\">\n<div class=\"react-scroll-to-bottom--css-fzdol-1n7m0yu\">\n<div class=\"flex flex-col text-sm pb-9\">\n<div class=\"w-full text-token-text-primary\" data-testid=\"conversation-turn-5\">\n<div class=\"px-4 py-2 justify-center text-base md:gap-6 m-auto\">\n<div class=\"flex flex-1 text-base mx-auto gap-3 md:px-5 lg:px-1 xl:px-5 md:max-w-3xl lg:max-w-[40rem] xl:max-w-[48rem] group final-completion\">\n<div class=\"relative flex w-full flex-col agent-turn\">\n<div class=\"flex-col gap-1 md:gap-3\">\n<div class=\"flex flex-grow flex-col max-w-full\">\n<div class=\"min-h-[20px] text-message flex flex-col items-start gap-3 whitespace-pre-wrap break-words [.text-message+&amp;]:mt-5 overflow-x-auto\" data-message-author-role=\"assistant\" data-message-id=\"b72f3390-1458-44ac-bd47-627a5967e3c8\">\n<div class=\"markdown prose w-full break-words dark:prose-invert dark\">\n<p>Edifier P281 Sport IEM definiraju izdr\u017eljivost i performanse, oblo\u017eene za\u0161titnom \u0161koljkom koja ih \u0161titi od elemenata. Potapanje u vodu do 3 metra dubine tijekom 30 minuta ne predstavlja prijetnju, a pad s visine od 3 metra ne\u0107e poremetiti va\u0161e glazbeno iskustvo. Izra\u0111ene s dizajnom iza uha, osiguravaju udobno i sigurno prianjanje, obe\u0107avaju\u0107i neprekidno u\u017eivanje u omiljenim pjesmama. Njihova ukanalna struktura ne samo da pru\u017ea bogat, uronjeni zvuk ve\u0107 tako\u0111er pru\u017ea izvrsnu izolaciju od buke, blokiraju\u0107i vanjske smetnje. S \u0161irokim rasponom frekvencija od 20 Hz do 20 kHz, otkrivaju nijanse u glazbi koje su prije bile neprimije\u0107ene, podi\u017eu\u0107i va\u0161e glazbeno iskustvo. Dodatno, opremljene omnidirekcijskim mikrofonom, omogu\u0107uju besprijekoran prijelaz izme\u0111u glazbe i poziva, savr\u0161eno za poslovnu i osobnu upotrebu u pokretu.<\/p>\n<\/div>\n<\/div>\n<\/div>\n<div class=\"mt-1 flex justify-start gap-3 empty:hidden\">\n<div class=\"text-gray-400 flex self-end lg:self-center justify-center lg:justify-start mt-0 -ml-1 h-7 visible\">\n<p>&nbsp;<\/p>\n<div class=\"flex\"><\/div>\n<\/div>\n<\/div>\n<\/div>\n<div class=\"absolute\">\n<div class=\"flex w-full gap-2 items-center justify-center\"><\/div>\n<\/div>\n<\/div>\n<\/div>\n<\/div>\n<\/div>\n<\/div>\n<\/div>\n<\/div>\n<\/div>\n<div class=\"w-full pt-2 md:pt-0 dark:border-white\/20 md:border-transparent md:dark:border-transparent md:w-[calc(100%-.5rem)]\">\n<div class=\"relative flex h-full flex-1 flex-col\">\n<div class=\"flex w-full items-center\"><\/div>\n<\/div>\n<\/div>\n","protected":false},"featured_media":2072,"template":"","meta":{"site-sidebar-layout":"default","site-content-layout":"default","ast-site-content-layout":"default","site-content-style":"default","site-sidebar-style":"default","ast-global-header-display":"","ast-banner-title-visibility":"","ast-main-header-display":"","ast-hfb-above-header-display":"","ast-hfb-below-header-display":"","ast-hfb-mobile-header-display":"","site-post-title":"","ast-breadcrumbs-content":"","ast-featured-img":"","footer-sml-layout":"","theme-transparent-header-meta":"default","adv-header-id-meta":"","stick-header-meta":"default","header-above-stick-meta":"","header-main-stick-meta":"","header-below-stick-meta":"","astra-migrate-meta-layouts":"set","ast-page-background-enabled":"default","ast-page-background-meta":{"desktop":{"background-color":"","background-image":"","background-repeat":"repeat","background-position":"center center","background-size":"auto","background-attachment":"scroll","background-type":"","background-media":"","overlay-type":"","overlay-color":"","overlay-opacity":"","overlay-gradient":""},"tablet":{"background-color":"","background-image":"","background-repeat":"repeat","background-position":"center center","background-size":"auto","background-attachment":"scroll","background-type":"","background-media":"","overlay-type":"","overlay-color":"","overlay-opacity":"","overlay-gradient":""},"mobile":{"background-color":"","background-image":"","background-repeat":"repeat","background-position":"center center","background-size":"auto","background-attachment":"scroll","background-type":"","background-media":"","overlay-type":"","overlay-color":"","overlay-opacity":"","overlay-gradient":""}},"ast-content-background-meta":{"desktop":{"background-color":"var(--ast-global-color-5)","background-image":"","background-repeat":"repeat","background-position":"center center","background-size":"auto","background-attachment":"scroll","background-type":"","background-media":"","overlay-type":"","overlay-color":"","overlay-opacity":"","overlay-gradient":""},"tablet":{"background-color":"var(--ast-global-color-5)","background-image":"","background-repeat":"repeat","background-position":"center center","background-size":"auto","background-attachment":"scroll","background-type":"","background-media":"","overlay-type":"","overlay-color":"","overlay-opacity":"","overlay-gradient":""},"mobile":{"background-color":"var(--ast-global-color-5)","background-image":"","background-repeat":"repeat","background-position":"center center","background-size":"auto","background-attachment":"scroll","background-type":"","background-media":"","overlay-type":"","overlay-color":"","overlay-opacity":"","overlay-gradient":""}}},"class_list":["post-1971","product","type-product","status-publish","has-post-thumbnail","hentry","product_cat-usne-slusalice-iem","product_cat-edifier","desktop-align-center","tablet-align-center","mobile-align-center","ast-product-gallery-layout-horizontal","ast-product-gallery-with-no-image","ast-magnify-disabled","ast-product-tabs-layout-horizontal"],"yoast_head":"<!-- This site is optimized with the Yoast SEO plugin v27.5 - https:\/\/yoast.com\/product\/yoast-seo-wordpress\/ -->\n<title>Edifier P281 Sport IEM - hd-multimedia<\/title>\n<meta name=\"description\" content=\"Edifier P281 Sport IEM - IP57 oznaka za vodootpornost i otpornost na pra\u0161inu.U\u0161ne slu\u0161alice s izvrsnom izolacijom od okoline!\" \/>\n<meta name=\"robots\" content=\"index, follow, max-snippet:-1, max-image-preview:large, max-video-preview:-1\" \/>\n<link rel=\"canonical\" href=\"https:\/\/hd-multimedia.com\/sl\/trgovina\/edifier-p281-sport\/\" \/>\n<meta property=\"og:locale\" content=\"sl_SI\" \/>\n<meta property=\"og:type\" content=\"article\" \/>\n<meta property=\"og:title\" content=\"Edifier P281 Sport IEM - hd-multimedia\" \/>\n<meta property=\"og:description\" content=\"Edifier P281 Sport IEM - IP57 oznaka za vodootpornost i otpornost na pra\u0161inu.U\u0161ne slu\u0161alice s izvrsnom izolacijom od okoline!\" \/>\n<meta property=\"og:url\" content=\"https:\/\/hd-multimedia.com\/sl\/trgovina\/edifier-p281-sport\/\" \/>\n<meta property=\"og:site_name\" content=\"hd-multimedia\" \/>\n<meta property=\"article:modified_time\" content=\"2025-10-26T14:03:16+00:00\" \/>\n<meta property=\"og:image\" content=\"https:\/\/hd-multimedia.com\/hdm_media\/edifier-p281-sport-iem-1-e1573136271937.jpg\" \/>\n\t<meta property=\"og:image:width\" content=\"993\" \/>\n\t<meta property=\"og:image:height\" content=\"993\" \/>\n\t<meta property=\"og:image:type\" content=\"image\/jpeg\" \/>\n<meta name=\"twitter:card\" content=\"summary_large_image\" \/>\n<meta name=\"twitter:label1\" content=\"Est. reading time\" \/>\n\t<meta name=\"twitter:data1\" content=\"1 minuta\" \/>\n<script type=\"application\/ld+json\" class=\"yoast-schema-graph\">{\"@context\":\"https:\\\/\\\/schema.org\",\"@graph\":[{\"@type\":\"WebPage\",\"@id\":\"https:\\\/\\\/hd-multimedia.com\\\/trgovina\\\/edifier-p281-sport\\\/\",\"url\":\"https:\\\/\\\/hd-multimedia.com\\\/trgovina\\\/edifier-p281-sport\\\/\",\"name\":\"Edifier P281 Sport IEM - hd-multimedia\",\"isPartOf\":{\"@id\":\"https:\\\/\\\/hd-multimedia.com\\\/#website\"},\"primaryImageOfPage\":{\"@id\":\"https:\\\/\\\/hd-multimedia.com\\\/trgovina\\\/edifier-p281-sport\\\/#primaryimage\"},\"image\":{\"@id\":\"https:\\\/\\\/hd-multimedia.com\\\/trgovina\\\/edifier-p281-sport\\\/#primaryimage\"},\"thumbnailUrl\":\"https:\\\/\\\/hd-multimedia.com\\\/hdm_media\\\/edifier-p281-sport-iem-1-e1573136271937.jpg\",\"datePublished\":\"2019-11-06T08:34:53+00:00\",\"dateModified\":\"2025-10-26T14:03:16+00:00\",\"description\":\"Edifier P281 Sport IEM - IP57 oznaka za vodootpornost i otpornost na pra\u0161inu.U\u0161ne slu\u0161alice s izvrsnom izolacijom od okoline!\",\"breadcrumb\":{\"@id\":\"https:\\\/\\\/hd-multimedia.com\\\/trgovina\\\/edifier-p281-sport\\\/#breadcrumb\"},\"inLanguage\":\"sl-SI\",\"potentialAction\":[{\"@type\":\"ReadAction\",\"target\":[\"https:\\\/\\\/hd-multimedia.com\\\/trgovina\\\/edifier-p281-sport\\\/\"]}]},{\"@type\":\"ImageObject\",\"inLanguage\":\"sl-SI\",\"@id\":\"https:\\\/\\\/hd-multimedia.com\\\/trgovina\\\/edifier-p281-sport\\\/#primaryimage\",\"url\":\"https:\\\/\\\/hd-multimedia.com\\\/hdm_media\\\/edifier-p281-sport-iem-1-e1573136271937.jpg\",\"contentUrl\":\"https:\\\/\\\/hd-multimedia.com\\\/hdm_media\\\/edifier-p281-sport-iem-1-e1573136271937.jpg\",\"width\":993,\"height\":993,\"caption\":\"Edifier P281 Sport IEM\"},{\"@type\":\"BreadcrumbList\",\"@id\":\"https:\\\/\\\/hd-multimedia.com\\\/trgovina\\\/edifier-p281-sport\\\/#breadcrumb\",\"itemListElement\":[{\"@type\":\"ListItem\",\"position\":1,\"name\":\"Po\u010detna stranica\",\"item\":\"https:\\\/\\\/hd-multimedia.com\\\/\"},{\"@type\":\"ListItem\",\"position\":2,\"name\":\"Trgovina\",\"item\":\"https:\\\/\\\/hd-multimedia.com\\\/trgovina\\\/\"},{\"@type\":\"ListItem\",\"position\":3,\"name\":\"Edifier P281 Sport IEM\"}]},{\"@type\":\"WebSite\",\"@id\":\"https:\\\/\\\/hd-multimedia.com\\\/#website\",\"url\":\"https:\\\/\\\/hd-multimedia.com\\\/\",\"name\":\"hd-multimedia\",\"description\":\"\",\"publisher\":{\"@id\":\"https:\\\/\\\/hd-multimedia.com\\\/#organization\"},\"potentialAction\":[{\"@type\":\"SearchAction\",\"target\":{\"@type\":\"EntryPoint\",\"urlTemplate\":\"https:\\\/\\\/hd-multimedia.com\\\/?s={search_term_string}\"},\"query-input\":{\"@type\":\"PropertyValueSpecification\",\"valueRequired\":true,\"valueName\":\"search_term_string\"}}],\"inLanguage\":\"sl-SI\"},{\"@type\":\"Organization\",\"@id\":\"https:\\\/\\\/hd-multimedia.com\\\/#organization\",\"name\":\"hd-multimedia\",\"url\":\"https:\\\/\\\/hd-multimedia.com\\\/\",\"logo\":{\"@type\":\"ImageObject\",\"inLanguage\":\"sl-SI\",\"@id\":\"https:\\\/\\\/hd-multimedia.com\\\/#\\\/schema\\\/logo\\\/image\\\/\",\"url\":\"https:\\\/\\\/hd-multimedia.com\\\/hdm_media\\\/HD-curves-ok-196-56px-alpha-1.png\",\"contentUrl\":\"https:\\\/\\\/hd-multimedia.com\\\/hdm_media\\\/HD-curves-ok-196-56px-alpha-1.png\",\"width\":196,\"height\":53,\"caption\":\"hd-multimedia\"},\"image\":{\"@id\":\"https:\\\/\\\/hd-multimedia.com\\\/#\\\/schema\\\/logo\\\/image\\\/\"}}]}<\/script>\n<!-- \/ Yoast SEO plugin. -->","yoast_head_json":{"title":"Edifier P281 Sport IEM - hd-multimedia","description":"Edifier P281 Sport IEM - IP57 oznaka za vodootpornost i otpornost na pra\u0161inu.U\u0161ne slu\u0161alice s izvrsnom izolacijom od okoline!","robots":{"index":"index","follow":"follow","max-snippet":"max-snippet:-1","max-image-preview":"max-image-preview:large","max-video-preview":"max-video-preview:-1"},"canonical":"https:\/\/hd-multimedia.com\/sl\/trgovina\/edifier-p281-sport\/","og_locale":"sl_SI","og_type":"article","og_title":"Edifier P281 Sport IEM - hd-multimedia","og_description":"Edifier P281 Sport IEM - IP57 oznaka za vodootpornost i otpornost na pra\u0161inu.U\u0161ne slu\u0161alice s izvrsnom izolacijom od okoline!","og_url":"https:\/\/hd-multimedia.com\/sl\/trgovina\/edifier-p281-sport\/","og_site_name":"hd-multimedia","article_modified_time":"2025-10-26T14:03:16+00:00","og_image":[{"width":993,"height":993,"url":"https:\/\/hd-multimedia.com\/hdm_media\/edifier-p281-sport-iem-1-e1573136271937.jpg","type":"image\/jpeg"}],"twitter_card":"summary_large_image","twitter_misc":{"Est. reading time":"1 minuta"},"schema":{"@context":"https:\/\/schema.org","@graph":[{"@type":"WebPage","@id":"https:\/\/hd-multimedia.com\/trgovina\/edifier-p281-sport\/","url":"https:\/\/hd-multimedia.com\/trgovina\/edifier-p281-sport\/","name":"Edifier P281 Sport IEM - hd-multimedia","isPartOf":{"@id":"https:\/\/hd-multimedia.com\/#website"},"primaryImageOfPage":{"@id":"https:\/\/hd-multimedia.com\/trgovina\/edifier-p281-sport\/#primaryimage"},"image":{"@id":"https:\/\/hd-multimedia.com\/trgovina\/edifier-p281-sport\/#primaryimage"},"thumbnailUrl":"https:\/\/hd-multimedia.com\/hdm_media\/edifier-p281-sport-iem-1-e1573136271937.jpg","datePublished":"2019-11-06T08:34:53+00:00","dateModified":"2025-10-26T14:03:16+00:00","description":"Edifier P281 Sport IEM - IP57 oznaka za vodootpornost i otpornost na pra\u0161inu.U\u0161ne slu\u0161alice s izvrsnom izolacijom od okoline!","breadcrumb":{"@id":"https:\/\/hd-multimedia.com\/trgovina\/edifier-p281-sport\/#breadcrumb"},"inLanguage":"sl-SI","potentialAction":[{"@type":"ReadAction","target":["https:\/\/hd-multimedia.com\/trgovina\/edifier-p281-sport\/"]}]},{"@type":"ImageObject","inLanguage":"sl-SI","@id":"https:\/\/hd-multimedia.com\/trgovina\/edifier-p281-sport\/#primaryimage","url":"https:\/\/hd-multimedia.com\/hdm_media\/edifier-p281-sport-iem-1-e1573136271937.jpg","contentUrl":"https:\/\/hd-multimedia.com\/hdm_media\/edifier-p281-sport-iem-1-e1573136271937.jpg","width":993,"height":993,"caption":"Edifier P281 Sport IEM"},{"@type":"BreadcrumbList","@id":"https:\/\/hd-multimedia.com\/trgovina\/edifier-p281-sport\/#breadcrumb","itemListElement":[{"@type":"ListItem","position":1,"name":"Po\u010detna stranica","item":"https:\/\/hd-multimedia.com\/"},{"@type":"ListItem","position":2,"name":"Trgovina","item":"https:\/\/hd-multimedia.com\/trgovina\/"},{"@type":"ListItem","position":3,"name":"Edifier P281 Sport IEM"}]},{"@type":"WebSite","@id":"https:\/\/hd-multimedia.com\/#website","url":"https:\/\/hd-multimedia.com\/","name":"hd multimedija","description":"","publisher":{"@id":"https:\/\/hd-multimedia.com\/#organization"},"potentialAction":[{"@type":"SearchAction","target":{"@type":"EntryPoint","urlTemplate":"https:\/\/hd-multimedia.com\/?s={search_term_string}"},"query-input":{"@type":"PropertyValueSpecification","valueRequired":true,"valueName":"search_term_string"}}],"inLanguage":"sl-SI"},{"@type":"Organization","@id":"https:\/\/hd-multimedia.com\/#organization","name":"hd multimedija","url":"https:\/\/hd-multimedia.com\/","logo":{"@type":"ImageObject","inLanguage":"sl-SI","@id":"https:\/\/hd-multimedia.com\/#\/schema\/logo\/image\/","url":"https:\/\/hd-multimedia.com\/hdm_media\/HD-curves-ok-196-56px-alpha-1.png","contentUrl":"https:\/\/hd-multimedia.com\/hdm_media\/HD-curves-ok-196-56px-alpha-1.png","width":196,"height":53,"caption":"hd-multimedia"},"image":{"@id":"https:\/\/hd-multimedia.com\/#\/schema\/logo\/image\/"}}]}},"post_mailing_queue_ids":[],"_links":{"self":[{"href":"https:\/\/hd-multimedia.com\/sl\/wp-json\/wp\/v2\/product\/1971","targetHints":{"allow":["GET"]}}],"collection":[{"href":"https:\/\/hd-multimedia.com\/sl\/wp-json\/wp\/v2\/product"}],"about":[{"href":"https:\/\/hd-multimedia.com\/sl\/wp-json\/wp\/v2\/types\/product"}],"version-history":[{"count":6,"href":"https:\/\/hd-multimedia.com\/sl\/wp-json\/wp\/v2\/product\/1971\/revisions"}],"predecessor-version":[{"id":14585,"href":"https:\/\/hd-multimedia.com\/sl\/wp-json\/wp\/v2\/product\/1971\/revisions\/14585"}],"wp:featuredmedia":[{"embeddable":true,"href":"https:\/\/hd-multimedia.com\/sl\/wp-json\/wp\/v2\/media\/2072"}],"wp:attachment":[{"href":"https:\/\/hd-multimedia.com\/sl\/wp-json\/wp\/v2\/media?parent=1971"}],"curies":[{"name":"wp","href":"https:\/\/api.w.org\/{rel}","templated":true}]}}