{"id":1970,"date":"2019-11-06T08:34:53","date_gmt":"2019-11-06T08:34:53","guid":{"rendered":"https:\/\/hd-multimedia.com\/trgovina\/edifier-m3280bt\/"},"modified":"2025-12-15T17:27:53","modified_gmt":"2025-12-15T17:27:53","slug":"edifier-m3280bt","status":"publish","type":"product","link":"https:\/\/hd-multimedia.com\/sl\/trgovina\/edifier-m3280bt\/","title":{"rendered":"Edifier M3280BT"},"content":{"rendered":"<p>Edifier M3280BT \u2013 zvo\u010dniki povezani preko USB (napajanje in signal).<\/p>\n<p>Dvojni RCA vhodi za povezavo z ve\u010d zvo\u010dnimi viri<br \/>\nLo\u010dene kontrole za nastavitev nizkih in visokih tonov.<\/p>\n<p><span style=\"font-size: 16px;\">Brez\u010dasen dizajn z naklonom za bolj\u0161i zvok. Enostaven nadzor glasnosti.<\/span><\/p>\n<p><a href=\"https:\/\/edifier.reactwebdesign.com\/int\/en\/speakers\/m3280-bluetooth-2.1\" target=\"_blank\" rel=\"noopener\">Ostale informacije najdete na tej povezavi.<\/a><\/p>","protected":false},"excerpt":{"rendered":"<p>Edifier M3280BT vam omogo\u010da, da u\u017eivate v zvesti reprodukciji zvoka. Edifier M3280BT je v celoti opremljen z \u017ei\u010dnimi in Bluetooth zmogljivostmi. Preprosto zdru\u017eite ta 2.1 sistem zvo\u010dnikov z avdio napravami Bluetooth, kot so pametni telefoni in prenosniki. Ne glede na to, ali u\u017eivate doma ali v pisarni, lahko svojo izku\u0161njo poslu\u0161anja predvajate od kjer koli. Edifier M3280BT ima 6,5-pal\u010dni bas gonilnik, ki proizvede 20 vatov RMS, ki ga dopolnjujeta dva satelita polnega razpona, od katerih vsak proizvede 8 vatov RMS. Na aktivnem satelitu boste na\u0161li gumbe za vklop, glasnost in izklop zvoka. Za personalizirano izku\u0161njo poslu\u0161anja vam bodo prav pri\u0161la kolesca za nastavitev nizkih in visokih tonov, pri Edifier M3280BT pa je na voljo tudi izhod za slu\u0161alke.<\/p>\n<p><a href=\"https:\/\/edifier.reactwebdesign.com\/int\/en\/speakers\/m3280-bluetooth-2.1\" target=\"_blank\" rel=\"noopener\">Ostale informacije najdete na tej povezavi.<\/a><\/p>","protected":false},"featured_media":2030,"template":"","meta":{"site-sidebar-layout":"default","site-content-layout":"default","ast-site-content-layout":"default","site-content-style":"default","site-sidebar-style":"default","ast-global-header-display":"","ast-banner-title-visibility":"","ast-main-header-display":"","ast-hfb-above-header-display":"","ast-hfb-below-header-display":"","ast-hfb-mobile-header-display":"","site-post-title":"","ast-breadcrumbs-content":"","ast-featured-img":"","footer-sml-layout":"","theme-transparent-header-meta":"default","adv-header-id-meta":"","stick-header-meta":"default","header-above-stick-meta":"","header-main-stick-meta":"","header-below-stick-meta":"","astra-migrate-meta-layouts":"set","ast-page-background-enabled":"default","ast-page-background-meta":{"desktop":{"background-color":"","background-image":"","background-repeat":"repeat","background-position":"center center","background-size":"auto","background-attachment":"scroll","background-type":"","background-media":"","overlay-type":"","overlay-color":"","overlay-opacity":"","overlay-gradient":""},"tablet":{"background-color":"","background-image":"","background-repeat":"repeat","background-position":"center center","background-size":"auto","background-attachment":"scroll","background-type":"","background-media":"","overlay-type":"","overlay-color":"","overlay-opacity":"","overlay-gradient":""},"mobile":{"background-color":"","background-image":"","background-repeat":"repeat","background-position":"center center","background-size":"auto","background-attachment":"scroll","background-type":"","background-media":"","overlay-type":"","overlay-color":"","overlay-opacity":"","overlay-gradient":""}},"ast-content-background-meta":{"desktop":{"background-color":"var(--ast-global-color-5)","background-image":"","background-repeat":"repeat","background-position":"center center","background-size":"auto","background-attachment":"scroll","background-type":"","background-media":"","overlay-type":"","overlay-color":"","overlay-opacity":"","overlay-gradient":""},"tablet":{"background-color":"var(--ast-global-color-5)","background-image":"","background-repeat":"repeat","background-position":"center center","background-size":"auto","background-attachment":"scroll","background-type":"","background-media":"","overlay-type":"","overlay-color":"","overlay-opacity":"","overlay-gradient":""},"mobile":{"background-color":"var(--ast-global-color-5)","background-image":"","background-repeat":"repeat","background-position":"center center","background-size":"auto","background-attachment":"scroll","background-type":"","background-media":"","overlay-type":"","overlay-color":"","overlay-opacity":"","overlay-gradient":""}}},"class_list":["post-1970","product","type-product","status-publish","has-post-thumbnail","hentry","product_cat-aktivne-zvucne-kutije","product_cat-edifier","desktop-align-center","tablet-align-center","mobile-align-center","ast-product-gallery-layout-horizontal","ast-magnify-disabled","ast-product-tabs-layout-horizontal"],"yoast_head":"<!-- This site is optimized with the Yoast SEO plugin v21.4 - https:\/\/yoast.com\/wordpress\/plugins\/seo\/ -->\n<title>Edifier M3280BT - hd-multimedia<\/title>\n<meta name=\"description\" content=\"Edifier M3280BT - 2.1 Bluetooth sustav zvu\u010dnika s 6,5 in\u010dnim bas pogoniteljem, zvu\u010dne kutije povezane preko USB (napajanje i signal).\" \/>\n<meta name=\"robots\" content=\"index, follow, max-snippet:-1, max-image-preview:large, max-video-preview:-1\" \/>\n<link rel=\"canonical\" href=\"https:\/\/hd-multimedia.com\/sl\/trgovina\/edifier-m3280bt\/\" \/>\n<meta property=\"og:locale\" content=\"sl_SI\" \/>\n<meta property=\"og:type\" content=\"article\" \/>\n<meta property=\"og:title\" content=\"Edifier M3280BT - hd-multimedia\" \/>\n<meta property=\"og:description\" content=\"Edifier M3280BT - 2.1 Bluetooth sustav zvu\u010dnika s 6,5 in\u010dnim bas pogoniteljem, zvu\u010dne kutije povezane preko USB (napajanje i signal).\" \/>\n<meta property=\"og:url\" content=\"https:\/\/hd-multimedia.com\/sl\/trgovina\/edifier-m3280bt\/\" \/>\n<meta property=\"og:site_name\" content=\"hd-multimedia\" \/>\n<meta property=\"article:modified_time\" content=\"2025-12-15T17:27:53+00:00\" \/>\n<meta property=\"og:image\" content=\"https:\/\/hd-multimedia.com\/hdm_media\/edifier-m3280bt.jpg\" \/>\n\t<meta property=\"og:image:width\" content=\"1095\" \/>\n\t<meta property=\"og:image:height\" content=\"1095\" \/>\n\t<meta property=\"og:image:type\" content=\"image\/jpeg\" \/>\n<meta name=\"twitter:card\" content=\"summary_large_image\" \/>\n<meta name=\"twitter:label1\" content=\"Est. reading time\" \/>\n\t<meta name=\"twitter:data1\" content=\"1 minuta\" \/>\n<script type=\"application\/ld+json\" class=\"yoast-schema-graph\">{\"@context\":\"https:\/\/schema.org\",\"@graph\":[{\"@type\":\"WebPage\",\"@id\":\"https:\/\/hd-multimedia.com\/trgovina\/edifier-m3280bt\/\",\"url\":\"https:\/\/hd-multimedia.com\/trgovina\/edifier-m3280bt\/\",\"name\":\"Edifier M3280BT - hd-multimedia\",\"isPartOf\":{\"@id\":\"https:\/\/hd-multimedia.com\/#website\"},\"datePublished\":\"2019-11-06T08:34:53+00:00\",\"dateModified\":\"2025-12-15T17:27:53+00:00\",\"description\":\"Edifier M3280BT - 2.1 Bluetooth sustav zvu\u010dnika s 6,5 in\u010dnim bas pogoniteljem, zvu\u010dne kutije povezane preko USB (napajanje i signal).\",\"breadcrumb\":{\"@id\":\"https:\/\/hd-multimedia.com\/trgovina\/edifier-m3280bt\/#breadcrumb\"},\"inLanguage\":\"sl-SI\",\"potentialAction\":[{\"@type\":\"ReadAction\",\"target\":[\"https:\/\/hd-multimedia.com\/trgovina\/edifier-m3280bt\/\"]}]},{\"@type\":\"BreadcrumbList\",\"@id\":\"https:\/\/hd-multimedia.com\/trgovina\/edifier-m3280bt\/#breadcrumb\",\"itemListElement\":[{\"@type\":\"ListItem\",\"position\":1,\"name\":\"Po\u010detna stranica\",\"item\":\"https:\/\/hd-multimedia.com\/\"},{\"@type\":\"ListItem\",\"position\":2,\"name\":\"Trgovina\",\"item\":\"https:\/\/hd-multimedia.com\/trgovina\/\"},{\"@type\":\"ListItem\",\"position\":3,\"name\":\"Edifier M3280BT\"}]},{\"@type\":\"WebSite\",\"@id\":\"https:\/\/hd-multimedia.com\/#website\",\"url\":\"https:\/\/hd-multimedia.com\/\",\"name\":\"hd-multimedia\",\"description\":\"\",\"publisher\":{\"@id\":\"https:\/\/hd-multimedia.com\/#organization\"},\"potentialAction\":[{\"@type\":\"SearchAction\",\"target\":{\"@type\":\"EntryPoint\",\"urlTemplate\":\"https:\/\/hd-multimedia.com\/?s={search_term_string}\"},\"query-input\":\"required name=search_term_string\"}],\"inLanguage\":\"sl-SI\"},{\"@type\":\"Organization\",\"@id\":\"https:\/\/hd-multimedia.com\/#organization\",\"name\":\"hd-multimedia\",\"url\":\"https:\/\/hd-multimedia.com\/\",\"logo\":{\"@type\":\"ImageObject\",\"inLanguage\":\"sl-SI\",\"@id\":\"https:\/\/hd-multimedia.com\/#\/schema\/logo\/image\/\",\"url\":\"https:\/\/hd-multimedia.com\/hdm_media\/HD-curves-ok-196-56px-alpha-1.png\",\"contentUrl\":\"https:\/\/hd-multimedia.com\/hdm_media\/HD-curves-ok-196-56px-alpha-1.png\",\"width\":196,\"height\":53,\"caption\":\"hd-multimedia\"},\"image\":{\"@id\":\"https:\/\/hd-multimedia.com\/#\/schema\/logo\/image\/\"}}]}<\/script>\n<!-- \/ Yoast SEO plugin. -->","yoast_head_json":{"title":"Edifier M3280BT - hd-multimedia","description":"Edifier M3280BT - 2.1 Bluetooth sustav zvu\u010dnika s 6,5 in\u010dnim bas pogoniteljem, zvu\u010dne kutije povezane preko USB (napajanje i signal).","robots":{"index":"index","follow":"follow","max-snippet":"max-snippet:-1","max-image-preview":"max-image-preview:large","max-video-preview":"max-video-preview:-1"},"canonical":"https:\/\/hd-multimedia.com\/sl\/trgovina\/edifier-m3280bt\/","og_locale":"sl_SI","og_type":"article","og_title":"Edifier M3280BT - hd-multimedia","og_description":"Edifier M3280BT - 2.1 Bluetooth sustav zvu\u010dnika s 6,5 in\u010dnim bas pogoniteljem, zvu\u010dne kutije povezane preko USB (napajanje i signal).","og_url":"https:\/\/hd-multimedia.com\/sl\/trgovina\/edifier-m3280bt\/","og_site_name":"hd-multimedia","article_modified_time":"2025-12-15T17:27:53+00:00","og_image":[{"width":1095,"height":1095,"url":"https:\/\/hd-multimedia.com\/hdm_media\/edifier-m3280bt.jpg","type":"image\/jpeg"}],"twitter_card":"summary_large_image","twitter_misc":{"Est. reading time":"1 minuta"},"schema":{"@context":"https:\/\/schema.org","@graph":[{"@type":"WebPage","@id":"https:\/\/hd-multimedia.com\/trgovina\/edifier-m3280bt\/","url":"https:\/\/hd-multimedia.com\/trgovina\/edifier-m3280bt\/","name":"Edifier M3280BT - hd-multimedia","isPartOf":{"@id":"https:\/\/hd-multimedia.com\/#website"},"datePublished":"2019-11-06T08:34:53+00:00","dateModified":"2025-12-15T17:27:53+00:00","description":"Edifier M3280BT - 2.1 Bluetooth sustav zvu\u010dnika s 6,5 in\u010dnim bas pogoniteljem, zvu\u010dne kutije povezane preko USB (napajanje i signal).","breadcrumb":{"@id":"https:\/\/hd-multimedia.com\/trgovina\/edifier-m3280bt\/#breadcrumb"},"inLanguage":"sl-SI","potentialAction":[{"@type":"ReadAction","target":["https:\/\/hd-multimedia.com\/trgovina\/edifier-m3280bt\/"]}]},{"@type":"BreadcrumbList","@id":"https:\/\/hd-multimedia.com\/trgovina\/edifier-m3280bt\/#breadcrumb","itemListElement":[{"@type":"ListItem","position":1,"name":"Po\u010detna stranica","item":"https:\/\/hd-multimedia.com\/"},{"@type":"ListItem","position":2,"name":"Trgovina","item":"https:\/\/hd-multimedia.com\/trgovina\/"},{"@type":"ListItem","position":3,"name":"Edifier M3280BT"}]},{"@type":"WebSite","@id":"https:\/\/hd-multimedia.com\/#website","url":"https:\/\/hd-multimedia.com\/","name":"hd-multimedia","description":"","publisher":{"@id":"https:\/\/hd-multimedia.com\/#organization"},"potentialAction":[{"@type":"SearchAction","target":{"@type":"EntryPoint","urlTemplate":"https:\/\/hd-multimedia.com\/?s={search_term_string}"},"query-input":"required name=search_term_string"}],"inLanguage":"sl-SI"},{"@type":"Organization","@id":"https:\/\/hd-multimedia.com\/#organization","name":"hd-multimedia","url":"https:\/\/hd-multimedia.com\/","logo":{"@type":"ImageObject","inLanguage":"sl-SI","@id":"https:\/\/hd-multimedia.com\/#\/schema\/logo\/image\/","url":"https:\/\/hd-multimedia.com\/hdm_media\/HD-curves-ok-196-56px-alpha-1.png","contentUrl":"https:\/\/hd-multimedia.com\/hdm_media\/HD-curves-ok-196-56px-alpha-1.png","width":196,"height":53,"caption":"hd-multimedia"},"image":{"@id":"https:\/\/hd-multimedia.com\/#\/schema\/logo\/image\/"}}]}},"post_mailing_queue_ids":[],"_links":{"self":[{"href":"https:\/\/hd-multimedia.com\/sl\/wp-json\/wp\/v2\/product\/1970","targetHints":{"allow":["GET"]}}],"collection":[{"href":"https:\/\/hd-multimedia.com\/sl\/wp-json\/wp\/v2\/product"}],"about":[{"href":"https:\/\/hd-multimedia.com\/sl\/wp-json\/wp\/v2\/types\/product"}],"version-history":[{"count":7,"href":"https:\/\/hd-multimedia.com\/sl\/wp-json\/wp\/v2\/product\/1970\/revisions"}],"predecessor-version":[{"id":13341,"href":"https:\/\/hd-multimedia.com\/sl\/wp-json\/wp\/v2\/product\/1970\/revisions\/13341"}],"wp:featuredmedia":[{"embeddable":true,"href":"https:\/\/hd-multimedia.com\/sl\/wp-json\/wp\/v2\/media\/2030"}],"wp:attachment":[{"href":"https:\/\/hd-multimedia.com\/sl\/wp-json\/wp\/v2\/media?parent=1970"}],"curies":[{"name":"wp","href":"https:\/\/api.w.org\/{rel}","templated":true}]}}