{"id":1969,"date":"2019-11-06T08:34:52","date_gmt":"2019-11-06T08:34:52","guid":{"rendered":"https:\/\/hd-multimedia.com\/trgovina\/edifier-k800-gaming\/"},"modified":"2024-07-10T10:43:50","modified_gmt":"2024-07-10T10:43:50","slug":"edifier-k800","status":"publish","type":"product","link":"https:\/\/hd-multimedia.com\/sl\/trgovina\/edifier-k800\/","title":{"rendered":"Edifier K800"},"content":{"rendered":"<p>Edifier K800 Gaming \u2013 120\u00b0 vrtljiv mikrofon<\/p>\n<p>Usnjene, lahke in udobne igralne slu\u0161alke, ki zagotavljajo dober zvok in udobno no\u0161enje.<br \/>\nKabel dol\u017eine 2 m ima daljinski upravljalnik z mute stikalom za mikrofon in regulator glasnosti!<\/p>\n<p><a href=\"https:\/\/www.edifier.com\/global\/p\/wired-headphones\/usb-k800\" target=\"_blank\" rel=\"noopener\">Ostale informacije najdete na tej povezavi.<\/a><\/p>","protected":false},"excerpt":{"rendered":"<p>Japonska \u010drna glasovna tuljava zagotavlja kristalno jasen in bogat zvok, ki zagotavlja poglobljeno glasbeno in zvo\u010dno izku\u0161njo, ki izbolj\u0161a va\u0161 prosti \u010das. Neodvisen zvo\u010dni \u010dip bistveno izbolj\u0161a kakovost zvoka z optimizacijo prehoda vizualnih in digitalnih signalov, kar je \u0161e posebej uporabno pri prenosu sporo\u010dil od u\u010ditelja do u\u010denca. Tehnologija pametnega nadzora glasnosti strogo omejuje izhodni zvo\u010dni tlak in prepre\u010duje morebitne po\u0161kodbe sluha. Ta skrbno integrirana funkcija doda dodatno raven varnosti za uporabnike, zaradi \u010desar te slu\u0161alke niso le avdio dodatek, ampak tudi odgovorna izbira za ohranjanje zdravja sluha.<\/p>\n<p><a href=\"https:\/\/www.edifier.com\/global\/p\/wired-headphones\/usb-k800\" target=\"_blank\" rel=\"noopener\">Ostale informacije najdete na tej povezavi.<\/a><\/p>","protected":false},"featured_media":2158,"template":"","meta":{"site-sidebar-layout":"default","site-content-layout":"default","ast-site-content-layout":"default","site-content-style":"default","site-sidebar-style":"default","ast-global-header-display":"","ast-banner-title-visibility":"","ast-main-header-display":"","ast-hfb-above-header-display":"","ast-hfb-below-header-display":"","ast-hfb-mobile-header-display":"","site-post-title":"","ast-breadcrumbs-content":"","ast-featured-img":"","footer-sml-layout":"","theme-transparent-header-meta":"default","adv-header-id-meta":"","stick-header-meta":"default","header-above-stick-meta":"","header-main-stick-meta":"","header-below-stick-meta":"","astra-migrate-meta-layouts":"set","ast-page-background-enabled":"default","ast-page-background-meta":{"desktop":{"background-color":"","background-image":"","background-repeat":"repeat","background-position":"center center","background-size":"auto","background-attachment":"scroll","background-type":"","background-media":"","overlay-type":"","overlay-color":"","overlay-opacity":"","overlay-gradient":""},"tablet":{"background-color":"","background-image":"","background-repeat":"repeat","background-position":"center center","background-size":"auto","background-attachment":"scroll","background-type":"","background-media":"","overlay-type":"","overlay-color":"","overlay-opacity":"","overlay-gradient":""},"mobile":{"background-color":"","background-image":"","background-repeat":"repeat","background-position":"center center","background-size":"auto","background-attachment":"scroll","background-type":"","background-media":"","overlay-type":"","overlay-color":"","overlay-opacity":"","overlay-gradient":""}},"ast-content-background-meta":{"desktop":{"background-color":"var(--ast-global-color-5)","background-image":"","background-repeat":"repeat","background-position":"center center","background-size":"auto","background-attachment":"scroll","background-type":"","background-media":"","overlay-type":"","overlay-color":"","overlay-opacity":"","overlay-gradient":""},"tablet":{"background-color":"var(--ast-global-color-5)","background-image":"","background-repeat":"repeat","background-position":"center center","background-size":"auto","background-attachment":"scroll","background-type":"","background-media":"","overlay-type":"","overlay-color":"","overlay-opacity":"","overlay-gradient":""},"mobile":{"background-color":"var(--ast-global-color-5)","background-image":"","background-repeat":"repeat","background-position":"center center","background-size":"auto","background-attachment":"scroll","background-type":"","background-media":"","overlay-type":"","overlay-color":"","overlay-opacity":"","overlay-gradient":""}}},"class_list":["post-1969","product","type-product","status-publish","has-post-thumbnail","hentry","product_cat-naglavne-slusalice","product_cat-edifier","product_tag-gaming","desktop-align-center","tablet-align-center","mobile-align-center","ast-product-gallery-layout-horizontal","ast-magnify-disabled","ast-product-tabs-layout-horizontal"],"yoast_head":"<!-- This site is optimized with the Yoast SEO plugin v21.4 - https:\/\/yoast.com\/wordpress\/plugins\/seo\/ -->\n<title>Edifier K800 - hd-multimedia<\/title>\n<meta name=\"description\" content=\"Edifier K800 Gaming - mikrofon sa rotacijom od 120 \u00b0, Ko\u017eom oblo\u017eene lagane i udobne gaming slu\u0161alice koje osiguravaju dobar zvuk i ugodno no\u0161enje.\" \/>\n<meta name=\"robots\" content=\"index, follow, max-snippet:-1, max-image-preview:large, max-video-preview:-1\" \/>\n<link rel=\"canonical\" href=\"https:\/\/hd-multimedia.com\/sl\/trgovina\/edifier-k800\/\" \/>\n<meta property=\"og:locale\" content=\"sl_SI\" \/>\n<meta property=\"og:type\" content=\"article\" \/>\n<meta property=\"og:title\" content=\"Edifier K800 - hd-multimedia\" \/>\n<meta property=\"og:description\" content=\"Edifier K800 Gaming - mikrofon sa rotacijom od 120 \u00b0, Ko\u017eom oblo\u017eene lagane i udobne gaming slu\u0161alice koje osiguravaju dobar zvuk i ugodno no\u0161enje.\" \/>\n<meta property=\"og:url\" content=\"https:\/\/hd-multimedia.com\/sl\/trgovina\/edifier-k800\/\" \/>\n<meta property=\"og:site_name\" content=\"hd-multimedia\" \/>\n<meta property=\"article:modified_time\" content=\"2024-07-10T10:43:50+00:00\" \/>\n<meta property=\"og:image\" content=\"https:\/\/hd-multimedia.com\/hdm_media\/edifier-k800-nova-e1573565031158.jpg\" \/>\n\t<meta property=\"og:image:width\" content=\"1200\" \/>\n\t<meta property=\"og:image:height\" content=\"1200\" \/>\n\t<meta property=\"og:image:type\" content=\"image\/jpeg\" \/>\n<meta name=\"twitter:card\" content=\"summary_large_image\" \/>\n<meta name=\"twitter:label1\" content=\"Est. reading time\" \/>\n\t<meta name=\"twitter:data1\" content=\"1 minuta\" \/>\n<script type=\"application\/ld+json\" class=\"yoast-schema-graph\">{\"@context\":\"https:\/\/schema.org\",\"@graph\":[{\"@type\":\"WebPage\",\"@id\":\"https:\/\/hd-multimedia.com\/trgovina\/edifier-k800\/\",\"url\":\"https:\/\/hd-multimedia.com\/trgovina\/edifier-k800\/\",\"name\":\"Edifier K800 - hd-multimedia\",\"isPartOf\":{\"@id\":\"https:\/\/hd-multimedia.com\/#website\"},\"datePublished\":\"2019-11-06T08:34:52+00:00\",\"dateModified\":\"2024-07-10T10:43:50+00:00\",\"description\":\"Edifier K800 Gaming - mikrofon sa rotacijom od 120 \u00b0, Ko\u017eom oblo\u017eene lagane i udobne gaming slu\u0161alice koje osiguravaju dobar zvuk i ugodno no\u0161enje.\",\"breadcrumb\":{\"@id\":\"https:\/\/hd-multimedia.com\/trgovina\/edifier-k800\/#breadcrumb\"},\"inLanguage\":\"sl-SI\",\"potentialAction\":[{\"@type\":\"ReadAction\",\"target\":[\"https:\/\/hd-multimedia.com\/trgovina\/edifier-k800\/\"]}]},{\"@type\":\"BreadcrumbList\",\"@id\":\"https:\/\/hd-multimedia.com\/trgovina\/edifier-k800\/#breadcrumb\",\"itemListElement\":[{\"@type\":\"ListItem\",\"position\":1,\"name\":\"Po\u010detna stranica\",\"item\":\"https:\/\/hd-multimedia.com\/\"},{\"@type\":\"ListItem\",\"position\":2,\"name\":\"Trgovina\",\"item\":\"https:\/\/hd-multimedia.com\/trgovina\/\"},{\"@type\":\"ListItem\",\"position\":3,\"name\":\"Edifier K800\"}]},{\"@type\":\"WebSite\",\"@id\":\"https:\/\/hd-multimedia.com\/#website\",\"url\":\"https:\/\/hd-multimedia.com\/\",\"name\":\"hd-multimedia\",\"description\":\"\",\"publisher\":{\"@id\":\"https:\/\/hd-multimedia.com\/#organization\"},\"potentialAction\":[{\"@type\":\"SearchAction\",\"target\":{\"@type\":\"EntryPoint\",\"urlTemplate\":\"https:\/\/hd-multimedia.com\/?s={search_term_string}\"},\"query-input\":\"required name=search_term_string\"}],\"inLanguage\":\"sl-SI\"},{\"@type\":\"Organization\",\"@id\":\"https:\/\/hd-multimedia.com\/#organization\",\"name\":\"hd-multimedia\",\"url\":\"https:\/\/hd-multimedia.com\/\",\"logo\":{\"@type\":\"ImageObject\",\"inLanguage\":\"sl-SI\",\"@id\":\"https:\/\/hd-multimedia.com\/#\/schema\/logo\/image\/\",\"url\":\"https:\/\/hd-multimedia.com\/hdm_media\/HD-curves-ok-196-56px-alpha-1.png\",\"contentUrl\":\"https:\/\/hd-multimedia.com\/hdm_media\/HD-curves-ok-196-56px-alpha-1.png\",\"width\":196,\"height\":53,\"caption\":\"hd-multimedia\"},\"image\":{\"@id\":\"https:\/\/hd-multimedia.com\/#\/schema\/logo\/image\/\"}}]}<\/script>\n<!-- \/ Yoast SEO plugin. -->","yoast_head_json":{"title":"Edifier K800 - hd-multimedia","description":"Edifier K800 Gaming - mikrofon sa rotacijom od 120 \u00b0, Ko\u017eom oblo\u017eene lagane i udobne gaming slu\u0161alice koje osiguravaju dobar zvuk i ugodno no\u0161enje.","robots":{"index":"index","follow":"follow","max-snippet":"max-snippet:-1","max-image-preview":"max-image-preview:large","max-video-preview":"max-video-preview:-1"},"canonical":"https:\/\/hd-multimedia.com\/sl\/trgovina\/edifier-k800\/","og_locale":"sl_SI","og_type":"article","og_title":"Edifier K800 - hd-multimedia","og_description":"Edifier K800 Gaming - mikrofon sa rotacijom od 120 \u00b0, Ko\u017eom oblo\u017eene lagane i udobne gaming slu\u0161alice koje osiguravaju dobar zvuk i ugodno no\u0161enje.","og_url":"https:\/\/hd-multimedia.com\/sl\/trgovina\/edifier-k800\/","og_site_name":"hd-multimedia","article_modified_time":"2024-07-10T10:43:50+00:00","og_image":[{"width":1200,"height":1200,"url":"https:\/\/hd-multimedia.com\/hdm_media\/edifier-k800-nova-e1573565031158.jpg","type":"image\/jpeg"}],"twitter_card":"summary_large_image","twitter_misc":{"Est. reading time":"1 minuta"},"schema":{"@context":"https:\/\/schema.org","@graph":[{"@type":"WebPage","@id":"https:\/\/hd-multimedia.com\/trgovina\/edifier-k800\/","url":"https:\/\/hd-multimedia.com\/trgovina\/edifier-k800\/","name":"Edifier K800 - hd-multimedia","isPartOf":{"@id":"https:\/\/hd-multimedia.com\/#website"},"datePublished":"2019-11-06T08:34:52+00:00","dateModified":"2024-07-10T10:43:50+00:00","description":"Edifier K800 Gaming - mikrofon sa rotacijom od 120 \u00b0, Ko\u017eom oblo\u017eene lagane i udobne gaming slu\u0161alice koje osiguravaju dobar zvuk i ugodno no\u0161enje.","breadcrumb":{"@id":"https:\/\/hd-multimedia.com\/trgovina\/edifier-k800\/#breadcrumb"},"inLanguage":"sl-SI","potentialAction":[{"@type":"ReadAction","target":["https:\/\/hd-multimedia.com\/trgovina\/edifier-k800\/"]}]},{"@type":"BreadcrumbList","@id":"https:\/\/hd-multimedia.com\/trgovina\/edifier-k800\/#breadcrumb","itemListElement":[{"@type":"ListItem","position":1,"name":"Po\u010detna stranica","item":"https:\/\/hd-multimedia.com\/"},{"@type":"ListItem","position":2,"name":"Trgovina","item":"https:\/\/hd-multimedia.com\/trgovina\/"},{"@type":"ListItem","position":3,"name":"Edifier K800"}]},{"@type":"WebSite","@id":"https:\/\/hd-multimedia.com\/#website","url":"https:\/\/hd-multimedia.com\/","name":"hd-multimedia","description":"","publisher":{"@id":"https:\/\/hd-multimedia.com\/#organization"},"potentialAction":[{"@type":"SearchAction","target":{"@type":"EntryPoint","urlTemplate":"https:\/\/hd-multimedia.com\/?s={search_term_string}"},"query-input":"required name=search_term_string"}],"inLanguage":"sl-SI"},{"@type":"Organization","@id":"https:\/\/hd-multimedia.com\/#organization","name":"hd-multimedia","url":"https:\/\/hd-multimedia.com\/","logo":{"@type":"ImageObject","inLanguage":"sl-SI","@id":"https:\/\/hd-multimedia.com\/#\/schema\/logo\/image\/","url":"https:\/\/hd-multimedia.com\/hdm_media\/HD-curves-ok-196-56px-alpha-1.png","contentUrl":"https:\/\/hd-multimedia.com\/hdm_media\/HD-curves-ok-196-56px-alpha-1.png","width":196,"height":53,"caption":"hd-multimedia"},"image":{"@id":"https:\/\/hd-multimedia.com\/#\/schema\/logo\/image\/"}}]}},"post_mailing_queue_ids":[],"_links":{"self":[{"href":"https:\/\/hd-multimedia.com\/sl\/wp-json\/wp\/v2\/product\/1969","targetHints":{"allow":["GET"]}}],"collection":[{"href":"https:\/\/hd-multimedia.com\/sl\/wp-json\/wp\/v2\/product"}],"about":[{"href":"https:\/\/hd-multimedia.com\/sl\/wp-json\/wp\/v2\/types\/product"}],"version-history":[{"count":5,"href":"https:\/\/hd-multimedia.com\/sl\/wp-json\/wp\/v2\/product\/1969\/revisions"}],"predecessor-version":[{"id":14100,"href":"https:\/\/hd-multimedia.com\/sl\/wp-json\/wp\/v2\/product\/1969\/revisions\/14100"}],"wp:featuredmedia":[{"embeddable":true,"href":"https:\/\/hd-multimedia.com\/sl\/wp-json\/wp\/v2\/media\/2158"}],"wp:attachment":[{"href":"https:\/\/hd-multimedia.com\/sl\/wp-json\/wp\/v2\/media?parent=1969"}],"curies":[{"name":"wp","href":"https:\/\/api.w.org\/{rel}","templated":true}]}}