{"id":1968,"date":"2019-11-06T08:34:52","date_gmt":"2019-11-06T08:34:52","guid":{"rendered":"https:\/\/hd-multimedia.com\/trgovina\/edifier-g20-gaming-7-1\/"},"modified":"2025-07-06T08:28:37","modified_gmt":"2025-07-06T08:28:37","slug":"edifier-g20-gaming-7-1","status":"publish","type":"product","link":"https:\/\/hd-multimedia.com\/sl\/trgovina\/edifier-g20-gaming-7-1\/","title":{"rendered":"Edifier G20 Gaming 7.1"},"content":{"rendered":"<p>Edifier G20 Gaming 7.1 \u2013 Virtualni prostorski zvok!<\/p>\n<p>Usnjene, lahke in udobne igralne slu\u0161alke, ki zagotavljajo dober zvok in udobno no\u0161enje.<br \/>\nKabel dol\u017eine 2,5m ima daljinski upravljalnik s stikalom za uti\u0161anje mikrofona in slu\u0161alk ter regulator glasnosti!<\/p>","protected":false},"excerpt":{"rendered":"<p>Slu\u0161alke Edifier G20 Gaming 7.1 ponujajo poglobljeno izku\u0161njo s svojim popolnim virtualnim prostorskim zvokom 7.1. Zasnovane z nastavljivim naglavnim trakom zagotavljajo prilagodljivo prileganje za udobje med dolgotrajnim no\u0161enjem. Slu\u0161alke G20 zveste svojemu motu \u00bbStrast do zvoka\u00ab zagotavljajo vrhunsko zvo\u010dno zmogljivost. Imajo vrtljiv vsesmerni mikrofon, ki ga je mogo\u010de dvigniti, ko ni v uporabi, in spustiti, ko ste pripravljeni na igranje. Dodatno oblazinjenje zagotavlja maksimalno udobje, idealno za dolgotrajno uporabo. S povezavo USB so te slu\u0161alke preproste za nastavitev in uporabo, popolne za hitro priklju\u010ditev in predvajanje na va\u0161em osebnem ali prenosnem ra\u010dunalniku.<\/p>","protected":false},"featured_media":2040,"template":"","meta":{"site-sidebar-layout":"default","site-content-layout":"default","ast-site-content-layout":"default","site-content-style":"default","site-sidebar-style":"default","ast-global-header-display":"","ast-banner-title-visibility":"","ast-main-header-display":"","ast-hfb-above-header-display":"","ast-hfb-below-header-display":"","ast-hfb-mobile-header-display":"","site-post-title":"","ast-breadcrumbs-content":"","ast-featured-img":"","footer-sml-layout":"","theme-transparent-header-meta":"default","adv-header-id-meta":"","stick-header-meta":"default","header-above-stick-meta":"","header-main-stick-meta":"","header-below-stick-meta":"","astra-migrate-meta-layouts":"set","ast-page-background-enabled":"default","ast-page-background-meta":{"desktop":{"background-color":"","background-image":"","background-repeat":"repeat","background-position":"center center","background-size":"auto","background-attachment":"scroll","background-type":"","background-media":"","overlay-type":"","overlay-color":"","overlay-opacity":"","overlay-gradient":""},"tablet":{"background-color":"","background-image":"","background-repeat":"repeat","background-position":"center center","background-size":"auto","background-attachment":"scroll","background-type":"","background-media":"","overlay-type":"","overlay-color":"","overlay-opacity":"","overlay-gradient":""},"mobile":{"background-color":"","background-image":"","background-repeat":"repeat","background-position":"center center","background-size":"auto","background-attachment":"scroll","background-type":"","background-media":"","overlay-type":"","overlay-color":"","overlay-opacity":"","overlay-gradient":""}},"ast-content-background-meta":{"desktop":{"background-color":"var(--ast-global-color-5)","background-image":"","background-repeat":"repeat","background-position":"center center","background-size":"auto","background-attachment":"scroll","background-type":"","background-media":"","overlay-type":"","overlay-color":"","overlay-opacity":"","overlay-gradient":""},"tablet":{"background-color":"var(--ast-global-color-5)","background-image":"","background-repeat":"repeat","background-position":"center center","background-size":"auto","background-attachment":"scroll","background-type":"","background-media":"","overlay-type":"","overlay-color":"","overlay-opacity":"","overlay-gradient":""},"mobile":{"background-color":"var(--ast-global-color-5)","background-image":"","background-repeat":"repeat","background-position":"center center","background-size":"auto","background-attachment":"scroll","background-type":"","background-media":"","overlay-type":"","overlay-color":"","overlay-opacity":"","overlay-gradient":""}}},"class_list":["post-1968","product","type-product","status-publish","has-post-thumbnail","hentry","product_cat-gaming_slu","product_cat-edifier","product_tag-gaming","desktop-align-center","tablet-align-center","mobile-align-center","ast-product-gallery-layout-horizontal","ast-magnify-disabled","ast-product-tabs-layout-horizontal"],"yoast_head":"<!-- This site is optimized with the Yoast SEO plugin v21.4 - https:\/\/yoast.com\/wordpress\/plugins\/seo\/ -->\n<title>Edifier G20 Gaming 7.1 - hd-multimedia<\/title>\n<meta name=\"description\" content=\"Edifier G20 Gaming 7.1 -Virtualni surround zvuk, Ko\u017eom oblo\u017eene lagane i udobne gaming slu\u0161alice koje osiguravaju dobar zvuk i ugodno no\u0161enje.\" \/>\n<meta name=\"robots\" content=\"index, follow, max-snippet:-1, max-image-preview:large, max-video-preview:-1\" \/>\n<link rel=\"canonical\" href=\"https:\/\/hd-multimedia.com\/sl\/trgovina\/edifier-g20-gaming-7-1\/\" \/>\n<meta property=\"og:locale\" content=\"sl_SI\" \/>\n<meta property=\"og:type\" content=\"article\" \/>\n<meta property=\"og:title\" content=\"Edifier G20 Gaming 7.1 - hd-multimedia\" \/>\n<meta property=\"og:description\" content=\"Edifier G20 Gaming 7.1 -Virtualni surround zvuk, Ko\u017eom oblo\u017eene lagane i udobne gaming slu\u0161alice koje osiguravaju dobar zvuk i ugodno no\u0161enje.\" \/>\n<meta property=\"og:url\" content=\"https:\/\/hd-multimedia.com\/sl\/trgovina\/edifier-g20-gaming-7-1\/\" \/>\n<meta property=\"og:site_name\" content=\"hd-multimedia\" \/>\n<meta property=\"article:modified_time\" content=\"2025-07-06T08:28:37+00:00\" \/>\n<meta property=\"og:image\" content=\"https:\/\/hd-multimedia.com\/hdm_media\/g20-5-e1573051142464.jpg\" \/>\n\t<meta property=\"og:image:width\" content=\"1200\" \/>\n\t<meta property=\"og:image:height\" content=\"1200\" \/>\n\t<meta property=\"og:image:type\" content=\"image\/jpeg\" \/>\n<meta name=\"twitter:card\" content=\"summary_large_image\" \/>\n<meta name=\"twitter:label1\" content=\"Est. reading time\" \/>\n\t<meta name=\"twitter:data1\" content=\"1 minuta\" \/>\n<script type=\"application\/ld+json\" class=\"yoast-schema-graph\">{\"@context\":\"https:\/\/schema.org\",\"@graph\":[{\"@type\":\"WebPage\",\"@id\":\"https:\/\/hd-multimedia.com\/trgovina\/edifier-g20-gaming-7-1\/\",\"url\":\"https:\/\/hd-multimedia.com\/trgovina\/edifier-g20-gaming-7-1\/\",\"name\":\"Edifier G20 Gaming 7.1 - hd-multimedia\",\"isPartOf\":{\"@id\":\"https:\/\/hd-multimedia.com\/#website\"},\"datePublished\":\"2019-11-06T08:34:52+00:00\",\"dateModified\":\"2025-07-06T08:28:37+00:00\",\"description\":\"Edifier G20 Gaming 7.1 -Virtualni surround zvuk, Ko\u017eom oblo\u017eene lagane i udobne gaming slu\u0161alice koje osiguravaju dobar zvuk i ugodno no\u0161enje.\",\"breadcrumb\":{\"@id\":\"https:\/\/hd-multimedia.com\/trgovina\/edifier-g20-gaming-7-1\/#breadcrumb\"},\"inLanguage\":\"sl-SI\",\"potentialAction\":[{\"@type\":\"ReadAction\",\"target\":[\"https:\/\/hd-multimedia.com\/trgovina\/edifier-g20-gaming-7-1\/\"]}]},{\"@type\":\"BreadcrumbList\",\"@id\":\"https:\/\/hd-multimedia.com\/trgovina\/edifier-g20-gaming-7-1\/#breadcrumb\",\"itemListElement\":[{\"@type\":\"ListItem\",\"position\":1,\"name\":\"Po\u010detna stranica\",\"item\":\"https:\/\/hd-multimedia.com\/\"},{\"@type\":\"ListItem\",\"position\":2,\"name\":\"Trgovina\",\"item\":\"https:\/\/hd-multimedia.com\/trgovina\/\"},{\"@type\":\"ListItem\",\"position\":3,\"name\":\"Edifier G20 Gaming 7.1\"}]},{\"@type\":\"WebSite\",\"@id\":\"https:\/\/hd-multimedia.com\/#website\",\"url\":\"https:\/\/hd-multimedia.com\/\",\"name\":\"hd-multimedia\",\"description\":\"\",\"publisher\":{\"@id\":\"https:\/\/hd-multimedia.com\/#organization\"},\"potentialAction\":[{\"@type\":\"SearchAction\",\"target\":{\"@type\":\"EntryPoint\",\"urlTemplate\":\"https:\/\/hd-multimedia.com\/?s={search_term_string}\"},\"query-input\":\"required name=search_term_string\"}],\"inLanguage\":\"sl-SI\"},{\"@type\":\"Organization\",\"@id\":\"https:\/\/hd-multimedia.com\/#organization\",\"name\":\"hd-multimedia\",\"url\":\"https:\/\/hd-multimedia.com\/\",\"logo\":{\"@type\":\"ImageObject\",\"inLanguage\":\"sl-SI\",\"@id\":\"https:\/\/hd-multimedia.com\/#\/schema\/logo\/image\/\",\"url\":\"https:\/\/hd-multimedia.com\/hdm_media\/HD-curves-ok-196-56px-alpha-1.png\",\"contentUrl\":\"https:\/\/hd-multimedia.com\/hdm_media\/HD-curves-ok-196-56px-alpha-1.png\",\"width\":196,\"height\":53,\"caption\":\"hd-multimedia\"},\"image\":{\"@id\":\"https:\/\/hd-multimedia.com\/#\/schema\/logo\/image\/\"}}]}<\/script>\n<!-- \/ Yoast SEO plugin. -->","yoast_head_json":{"title":"Edifier G20 Gaming 7.1 - hd-multimedia","description":"Edifier G20 Gaming 7.1 -Virtualni surround zvuk, Ko\u017eom oblo\u017eene lagane i udobne gaming slu\u0161alice koje osiguravaju dobar zvuk i ugodno no\u0161enje.","robots":{"index":"index","follow":"follow","max-snippet":"max-snippet:-1","max-image-preview":"max-image-preview:large","max-video-preview":"max-video-preview:-1"},"canonical":"https:\/\/hd-multimedia.com\/sl\/trgovina\/edifier-g20-gaming-7-1\/","og_locale":"sl_SI","og_type":"article","og_title":"Edifier G20 Gaming 7.1 - hd-multimedia","og_description":"Edifier G20 Gaming 7.1 -Virtualni surround zvuk, Ko\u017eom oblo\u017eene lagane i udobne gaming slu\u0161alice koje osiguravaju dobar zvuk i ugodno no\u0161enje.","og_url":"https:\/\/hd-multimedia.com\/sl\/trgovina\/edifier-g20-gaming-7-1\/","og_site_name":"hd-multimedia","article_modified_time":"2025-07-06T08:28:37+00:00","og_image":[{"width":1200,"height":1200,"url":"https:\/\/hd-multimedia.com\/hdm_media\/g20-5-e1573051142464.jpg","type":"image\/jpeg"}],"twitter_card":"summary_large_image","twitter_misc":{"Est. reading time":"1 minuta"},"schema":{"@context":"https:\/\/schema.org","@graph":[{"@type":"WebPage","@id":"https:\/\/hd-multimedia.com\/trgovina\/edifier-g20-gaming-7-1\/","url":"https:\/\/hd-multimedia.com\/trgovina\/edifier-g20-gaming-7-1\/","name":"Edifier G20 Gaming 7.1 - hd-multimedia","isPartOf":{"@id":"https:\/\/hd-multimedia.com\/#website"},"datePublished":"2019-11-06T08:34:52+00:00","dateModified":"2025-07-06T08:28:37+00:00","description":"Edifier G20 Gaming 7.1 -Virtualni surround zvuk, Ko\u017eom oblo\u017eene lagane i udobne gaming slu\u0161alice koje osiguravaju dobar zvuk i ugodno no\u0161enje.","breadcrumb":{"@id":"https:\/\/hd-multimedia.com\/trgovina\/edifier-g20-gaming-7-1\/#breadcrumb"},"inLanguage":"sl-SI","potentialAction":[{"@type":"ReadAction","target":["https:\/\/hd-multimedia.com\/trgovina\/edifier-g20-gaming-7-1\/"]}]},{"@type":"BreadcrumbList","@id":"https:\/\/hd-multimedia.com\/trgovina\/edifier-g20-gaming-7-1\/#breadcrumb","itemListElement":[{"@type":"ListItem","position":1,"name":"Po\u010detna stranica","item":"https:\/\/hd-multimedia.com\/"},{"@type":"ListItem","position":2,"name":"Trgovina","item":"https:\/\/hd-multimedia.com\/trgovina\/"},{"@type":"ListItem","position":3,"name":"Edifier G20 Gaming 7.1"}]},{"@type":"WebSite","@id":"https:\/\/hd-multimedia.com\/#website","url":"https:\/\/hd-multimedia.com\/","name":"hd-multimedia","description":"","publisher":{"@id":"https:\/\/hd-multimedia.com\/#organization"},"potentialAction":[{"@type":"SearchAction","target":{"@type":"EntryPoint","urlTemplate":"https:\/\/hd-multimedia.com\/?s={search_term_string}"},"query-input":"required name=search_term_string"}],"inLanguage":"sl-SI"},{"@type":"Organization","@id":"https:\/\/hd-multimedia.com\/#organization","name":"hd-multimedia","url":"https:\/\/hd-multimedia.com\/","logo":{"@type":"ImageObject","inLanguage":"sl-SI","@id":"https:\/\/hd-multimedia.com\/#\/schema\/logo\/image\/","url":"https:\/\/hd-multimedia.com\/hdm_media\/HD-curves-ok-196-56px-alpha-1.png","contentUrl":"https:\/\/hd-multimedia.com\/hdm_media\/HD-curves-ok-196-56px-alpha-1.png","width":196,"height":53,"caption":"hd-multimedia"},"image":{"@id":"https:\/\/hd-multimedia.com\/#\/schema\/logo\/image\/"}}]}},"post_mailing_queue_ids":[],"_links":{"self":[{"href":"https:\/\/hd-multimedia.com\/sl\/wp-json\/wp\/v2\/product\/1968","targetHints":{"allow":["GET"]}}],"collection":[{"href":"https:\/\/hd-multimedia.com\/sl\/wp-json\/wp\/v2\/product"}],"about":[{"href":"https:\/\/hd-multimedia.com\/sl\/wp-json\/wp\/v2\/types\/product"}],"version-history":[{"count":5,"href":"https:\/\/hd-multimedia.com\/sl\/wp-json\/wp\/v2\/product\/1968\/revisions"}],"predecessor-version":[{"id":16975,"href":"https:\/\/hd-multimedia.com\/sl\/wp-json\/wp\/v2\/product\/1968\/revisions\/16975"}],"wp:featuredmedia":[{"embeddable":true,"href":"https:\/\/hd-multimedia.com\/sl\/wp-json\/wp\/v2\/media\/2040"}],"wp:attachment":[{"href":"https:\/\/hd-multimedia.com\/sl\/wp-json\/wp\/v2\/media?parent=1968"}],"curies":[{"name":"wp","href":"https:\/\/api.w.org\/{rel}","templated":true}]}}