{"id":19577,"date":"2026-04-30T10:48:52","date_gmt":"2026-04-30T10:48:52","guid":{"rendered":"https:\/\/hd-multimedia.com\/?post_type=product&#038;p=19577"},"modified":"2026-05-05T11:45:23","modified_gmt":"2026-05-05T11:45:23","slug":"benchmark-dac3-hgc","status":"publish","type":"product","link":"https:\/\/hd-multimedia.com\/sl\/trgovina\/benchmark-dac3-hgc\/","title":{"rendered":"Benchmark DAC3 HGC"},"content":{"rendered":"<p>Saznajte vi\u0161e o Benchmarkovom DAC3 HGC:<\/p>\n<p><a href=\"https:\/\/benchmarkmedia.com\/blogs\/application_notes\/13095789-volume-control-technologies\" target=\"_blank\" rel=\"noopener\">Benchmark Hybrid Gain Control (HGC)<\/a><\/p>\n<p><strong>Tehni\u010dni podatki:<\/strong><\/p>\n<div class=\"n4sEPd\">\n<div class=\"QFw9Te BLojaf\">\n<div class=\"NQSJo\">\n<p>BALANSIRANI IZLAZI<br \/>\nL &amp; R XLR izlazi<br \/>\nRazine studijskog izlaza &#8211; Zadano<br \/>\nRazine Hi-Fi izlaza &#8211; Omogu\u0107eni atenuatori<br \/>\nPasivni atenuatori 10 dB i 20 dB<br \/>\n+24 dBu @ 0 dBFS &#8211; Atenuator isklju\u010den<br \/>\n4 Vrms @ 0 dBFS &#8211; Atenuator 10 dB uklju\u010den<\/p>\n<p>NEBALANSIRANI IZLAZI<br \/>\nLijevi i desni RCA &#8211; Izlaz 1<br \/>\nLijevi i desni RCA &#8211; Izlaz 2<br \/>\n2 Vrms @ 0 dBFS<\/p>\n<p>ANALOGNI ULAZI<br \/>\nLijevi i desni RCA &#8211; Ulaz A1<br \/>\nLijevi i desni RCA &#8211; Ulaz A1<\/p>\n<p>DIGITALNI ULAZI<br \/>\nTOSLINK opti\u010dki ulazi &#8211; D1 i D2<br \/>\nS\/PDIF koaksijalni ulazi &#8211; D3 i D4<br \/>\nUSB audio ulaz &#8211; USB<\/p>\n<p>TIPKE ZA UPRAVLJANJE<br \/>\nNAPAJANJE &#8211; Trenutni prekida\u010d za uklju\u010divanje\/isklju\u010divanje<br \/>\nISKLJU\u010cIVANJE\/ZATAMNJIVANJE &#8211; Omogu\u0107uje isklju\u010divanje zvuka ili zatamnjivanje od -20 dB<br \/>\nPOLARITET &#8211; Invertira izlazni polaritet<br \/>\nULAZ &#8211; Tipke gore\/dolje<\/p>\n<p>INDIKATORI STANJA<br \/>\nAnalogni ulazi &#8211; A1 i A2<br \/>\nUSB ulaz &#8211; U<br \/>\nDigitalni ulazi &#8211; D1 do D4<br \/>\nZaobila\u017eenje ku\u0107nog kina &#8211; HT<br \/>\nDubina bita &#8211; 16 i 24<br \/>\nBrzina uzorkovanja &#8211; 44, 48, 2X, 4X<br \/>\nDSD indikator &#8211; 2X i 4X oba uklju\u010dena<\/p>\n<p><a href=\"https:\/\/benchmarkmedia.com\/products\/benchmark-dac3-hgc-digital-to-analog-audio-converter?srsltid=AfmBOoruDo8ECRoYSjZBwHs6nMOIneQoBebeJMdjlqZ0HNSKgJiFWqkR\" target=\"_blank\" rel=\"noopener\">Detaljne specifikacije na dnu slu\u017ebene stranice!<\/a><\/p>\n<\/div>\n<\/div>\n<div class=\"FFpbKc\">\n<div class=\"xMmqsf\"><\/div>\n<\/div>\n<\/div>","protected":false},"excerpt":{"rendered":"<p>Benchmark DAC3 HGC konverter je dizajniran da bude zvu\u010dno neutralan. Ova zvu\u010dna transparentnost je apsolutno neophodna u lancu studijskog monitoringa. Kada se Benchmarkovi profesionalni D\/A konverteri koriste u hi-fi primjenama u zvuku studijske kvalitete mo\u017ee se u\u017eivati \u200b\u200bu ku\u0107nom okru\u017eenju. U\u017eivajte u \u010distoj glazbi bez ikakvih obojenja od elektronike. Slu\u0161ajte glazbu to\u010dno kako su umjetnici zamislili.<\/p>\n<p>Benchmark DAC3 HGC pru\u017ea jasnu, otvorenu i urednu reprodukciju u cijelom frekvencijskom rasponu. Instrumentalni tonovi reproduciraju se s iznimnom precizno\u0161\u0107u i realizmom. Vokali se reproduciraju s izvanrednom to\u010dno\u0161\u0107u i prirodnim tonovima. Tranzijenti su brzi i precizni. Ultralinearni fazni odziv omogu\u0107uje mu stvaranje preciznog trodimenzionalnog prikaza snimljenog prostora. Ovaj prostor je otvoren i uredan jer se \u0161um i distorzija dr\u017ee ispod praga sluha od 0 dB SPL na svim razinama reprodukcije.<\/p>\n<p><a href=\"https:\/\/benchmarkmedia.com\/products\/benchmark-dac3-hgc-digital-to-analog-audio-converter?variant=32539717962\" target=\"_blank\" rel=\"noopener\">Povezava za dodatne informacije o izdelku!<\/a><\/p>","protected":false},"featured_media":19601,"template":"","meta":{"site-sidebar-layout":"default","site-content-layout":"","ast-site-content-layout":"default","site-content-style":"default","site-sidebar-style":"default","ast-global-header-display":"","ast-banner-title-visibility":"","ast-main-header-display":"","ast-hfb-above-header-display":"","ast-hfb-below-header-display":"","ast-hfb-mobile-header-display":"","site-post-title":"","ast-breadcrumbs-content":"","ast-featured-img":"","footer-sml-layout":"","theme-transparent-header-meta":"default","adv-header-id-meta":"","stick-header-meta":"default","header-above-stick-meta":"","header-main-stick-meta":"","header-below-stick-meta":"","astra-migrate-meta-layouts":"set","ast-page-background-enabled":"default","ast-page-background-meta":{"desktop":{"background-color":"","background-image":"","background-repeat":"repeat","background-position":"center center","background-size":"auto","background-attachment":"scroll","background-type":"","background-media":"","overlay-type":"","overlay-color":"","overlay-opacity":"","overlay-gradient":""},"tablet":{"background-color":"","background-image":"","background-repeat":"repeat","background-position":"center center","background-size":"auto","background-attachment":"scroll","background-type":"","background-media":"","overlay-type":"","overlay-color":"","overlay-opacity":"","overlay-gradient":""},"mobile":{"background-color":"","background-image":"","background-repeat":"repeat","background-position":"center center","background-size":"auto","background-attachment":"scroll","background-type":"","background-media":"","overlay-type":"","overlay-color":"","overlay-opacity":"","overlay-gradient":""}},"ast-content-background-meta":{"desktop":{"background-color":"var(--ast-global-color-5)","background-image":"","background-repeat":"repeat","background-position":"center center","background-size":"auto","background-attachment":"scroll","background-type":"","background-media":"","overlay-type":"","overlay-color":"","overlay-opacity":"","overlay-gradient":""},"tablet":{"background-color":"var(--ast-global-color-5)","background-image":"","background-repeat":"repeat","background-position":"center center","background-size":"auto","background-attachment":"scroll","background-type":"","background-media":"","overlay-type":"","overlay-color":"","overlay-opacity":"","overlay-gradient":""},"mobile":{"background-color":"var(--ast-global-color-5)","background-image":"","background-repeat":"repeat","background-position":"center center","background-size":"auto","background-attachment":"scroll","background-type":"","background-media":"","overlay-type":"","overlay-color":"","overlay-opacity":"","overlay-gradient":""}}},"class_list":["post-19577","product","type-product","status-publish","has-post-thumbnail","hentry","product_cat-benchmark","product_cat-dac","product_tag-novo-u-ponudi","desktop-align-center","tablet-align-center","mobile-align-center","ast-product-gallery-layout-horizontal","ast-magnify-disabled","ast-product-tabs-layout-horizontal"],"yoast_head":"<!-- This site is optimized with the Yoast SEO plugin v27.5 - https:\/\/yoast.com\/product\/yoast-seo-wordpress\/ -->\n<title>Benchmark DAC3 HGC - hd-multimedia<\/title>\n<meta name=\"description\" content=\"Benchmark DAC3 HGC konverter je dizajniran da bude zvu\u010dno neutralan. Ova zvu\u010dna transparentnost je apsolutno neophodna u lancu studijskog monitoringa.\" \/>\n<meta name=\"robots\" content=\"index, follow, max-snippet:-1, max-image-preview:large, max-video-preview:-1\" \/>\n<link rel=\"canonical\" href=\"https:\/\/hd-multimedia.com\/sl\/trgovina\/benchmark-dac3-hgc\/\" \/>\n<meta property=\"og:locale\" content=\"sl_SI\" \/>\n<meta property=\"og:type\" content=\"article\" \/>\n<meta property=\"og:title\" content=\"Benchmark DAC3 HGC - hd-multimedia\" \/>\n<meta property=\"og:description\" content=\"Benchmark DAC3 HGC konverter je dizajniran da bude zvu\u010dno neutralan. Ova zvu\u010dna transparentnost je apsolutno neophodna u lancu studijskog monitoringa.\" \/>\n<meta property=\"og:url\" content=\"https:\/\/hd-multimedia.com\/sl\/trgovina\/benchmark-dac3-hgc\/\" \/>\n<meta property=\"og:site_name\" content=\"hd-multimedia\" \/>\n<meta property=\"article:modified_time\" content=\"2026-05-05T11:45:23+00:00\" \/>\n<meta property=\"og:image\" content=\"https:\/\/hd-multimedia.com\/hdm_media\/Benchmark-DAC3-HGC-e1777980187898.webp\" \/>\n\t<meta property=\"og:image:width\" content=\"1368\" \/>\n\t<meta property=\"og:image:height\" content=\"1367\" \/>\n\t<meta property=\"og:image:type\" content=\"image\/webp\" \/>\n<meta name=\"twitter:card\" content=\"summary_large_image\" \/>\n<meta name=\"twitter:label1\" content=\"Est. reading time\" \/>\n\t<meta name=\"twitter:data1\" content=\"1 minuta\" \/>\n<script type=\"application\/ld+json\" class=\"yoast-schema-graph\">{\"@context\":\"https:\\\/\\\/schema.org\",\"@graph\":[{\"@type\":\"WebPage\",\"@id\":\"https:\\\/\\\/hd-multimedia.com\\\/trgovina\\\/benchmark-dac3-hgc\\\/\",\"url\":\"https:\\\/\\\/hd-multimedia.com\\\/trgovina\\\/benchmark-dac3-hgc\\\/\",\"name\":\"Benchmark DAC3 HGC - hd-multimedia\",\"isPartOf\":{\"@id\":\"https:\\\/\\\/hd-multimedia.com\\\/#website\"},\"primaryImageOfPage\":{\"@id\":\"https:\\\/\\\/hd-multimedia.com\\\/trgovina\\\/benchmark-dac3-hgc\\\/#primaryimage\"},\"image\":{\"@id\":\"https:\\\/\\\/hd-multimedia.com\\\/trgovina\\\/benchmark-dac3-hgc\\\/#primaryimage\"},\"thumbnailUrl\":\"https:\\\/\\\/hd-multimedia.com\\\/hdm_media\\\/Benchmark-DAC3-HGC-e1777980187898.webp\",\"datePublished\":\"2026-04-30T10:48:52+00:00\",\"dateModified\":\"2026-05-05T11:45:23+00:00\",\"description\":\"Benchmark DAC3 HGC konverter je dizajniran da bude zvu\u010dno neutralan. Ova zvu\u010dna transparentnost je apsolutno neophodna u lancu studijskog monitoringa.\",\"breadcrumb\":{\"@id\":\"https:\\\/\\\/hd-multimedia.com\\\/trgovina\\\/benchmark-dac3-hgc\\\/#breadcrumb\"},\"inLanguage\":\"sl-SI\",\"potentialAction\":[{\"@type\":\"ReadAction\",\"target\":[\"https:\\\/\\\/hd-multimedia.com\\\/trgovina\\\/benchmark-dac3-hgc\\\/\"]}]},{\"@type\":\"ImageObject\",\"inLanguage\":\"sl-SI\",\"@id\":\"https:\\\/\\\/hd-multimedia.com\\\/trgovina\\\/benchmark-dac3-hgc\\\/#primaryimage\",\"url\":\"https:\\\/\\\/hd-multimedia.com\\\/hdm_media\\\/Benchmark-DAC3-HGC-e1777980187898.webp\",\"contentUrl\":\"https:\\\/\\\/hd-multimedia.com\\\/hdm_media\\\/Benchmark-DAC3-HGC-e1777980187898.webp\",\"width\":1368,\"height\":1367,\"caption\":\"Benchmark DAC3 HGC Black\"},{\"@type\":\"BreadcrumbList\",\"@id\":\"https:\\\/\\\/hd-multimedia.com\\\/trgovina\\\/benchmark-dac3-hgc\\\/#breadcrumb\",\"itemListElement\":[{\"@type\":\"ListItem\",\"position\":1,\"name\":\"Po\u010detna stranica\",\"item\":\"https:\\\/\\\/hd-multimedia.com\\\/\"},{\"@type\":\"ListItem\",\"position\":2,\"name\":\"Trgovina\",\"item\":\"https:\\\/\\\/hd-multimedia.com\\\/trgovina\\\/\"},{\"@type\":\"ListItem\",\"position\":3,\"name\":\"Benchmark DAC3 HGC\"}]},{\"@type\":\"WebSite\",\"@id\":\"https:\\\/\\\/hd-multimedia.com\\\/#website\",\"url\":\"https:\\\/\\\/hd-multimedia.com\\\/\",\"name\":\"hd-multimedia\",\"description\":\"\",\"publisher\":{\"@id\":\"https:\\\/\\\/hd-multimedia.com\\\/#organization\"},\"potentialAction\":[{\"@type\":\"SearchAction\",\"target\":{\"@type\":\"EntryPoint\",\"urlTemplate\":\"https:\\\/\\\/hd-multimedia.com\\\/?s={search_term_string}\"},\"query-input\":{\"@type\":\"PropertyValueSpecification\",\"valueRequired\":true,\"valueName\":\"search_term_string\"}}],\"inLanguage\":\"sl-SI\"},{\"@type\":\"Organization\",\"@id\":\"https:\\\/\\\/hd-multimedia.com\\\/#organization\",\"name\":\"hd-multimedia\",\"url\":\"https:\\\/\\\/hd-multimedia.com\\\/\",\"logo\":{\"@type\":\"ImageObject\",\"inLanguage\":\"sl-SI\",\"@id\":\"https:\\\/\\\/hd-multimedia.com\\\/#\\\/schema\\\/logo\\\/image\\\/\",\"url\":\"https:\\\/\\\/hd-multimedia.com\\\/hdm_media\\\/HD-curves-ok-196-56px-alpha-1.png\",\"contentUrl\":\"https:\\\/\\\/hd-multimedia.com\\\/hdm_media\\\/HD-curves-ok-196-56px-alpha-1.png\",\"width\":196,\"height\":53,\"caption\":\"hd-multimedia\"},\"image\":{\"@id\":\"https:\\\/\\\/hd-multimedia.com\\\/#\\\/schema\\\/logo\\\/image\\\/\"}}]}<\/script>\n<!-- \/ Yoast SEO plugin. -->","yoast_head_json":{"title":"Benchmark DAC3 HGC - hd-multimedia","description":"Benchmark DAC3 HGC konverter je dizajniran da bude zvu\u010dno neutralan. Ova zvu\u010dna transparentnost je apsolutno neophodna u lancu studijskog monitoringa.","robots":{"index":"index","follow":"follow","max-snippet":"max-snippet:-1","max-image-preview":"max-image-preview:large","max-video-preview":"max-video-preview:-1"},"canonical":"https:\/\/hd-multimedia.com\/sl\/trgovina\/benchmark-dac3-hgc\/","og_locale":"sl_SI","og_type":"article","og_title":"Benchmark DAC3 HGC - hd-multimedia","og_description":"Benchmark DAC3 HGC konverter je dizajniran da bude zvu\u010dno neutralan. Ova zvu\u010dna transparentnost je apsolutno neophodna u lancu studijskog monitoringa.","og_url":"https:\/\/hd-multimedia.com\/sl\/trgovina\/benchmark-dac3-hgc\/","og_site_name":"hd-multimedia","article_modified_time":"2026-05-05T11:45:23+00:00","og_image":[{"width":1368,"height":1367,"url":"https:\/\/hd-multimedia.com\/hdm_media\/Benchmark-DAC3-HGC-e1777980187898.webp","type":"image\/webp"}],"twitter_card":"summary_large_image","twitter_misc":{"Est. reading time":"1 minuta"},"schema":{"@context":"https:\/\/schema.org","@graph":[{"@type":"WebPage","@id":"https:\/\/hd-multimedia.com\/trgovina\/benchmark-dac3-hgc\/","url":"https:\/\/hd-multimedia.com\/trgovina\/benchmark-dac3-hgc\/","name":"Benchmark DAC3 HGC - hd-multimedia","isPartOf":{"@id":"https:\/\/hd-multimedia.com\/#website"},"primaryImageOfPage":{"@id":"https:\/\/hd-multimedia.com\/trgovina\/benchmark-dac3-hgc\/#primaryimage"},"image":{"@id":"https:\/\/hd-multimedia.com\/trgovina\/benchmark-dac3-hgc\/#primaryimage"},"thumbnailUrl":"https:\/\/hd-multimedia.com\/hdm_media\/Benchmark-DAC3-HGC-e1777980187898.webp","datePublished":"2026-04-30T10:48:52+00:00","dateModified":"2026-05-05T11:45:23+00:00","description":"Benchmark DAC3 HGC konverter je dizajniran da bude zvu\u010dno neutralan. Ova zvu\u010dna transparentnost je apsolutno neophodna u lancu studijskog monitoringa.","breadcrumb":{"@id":"https:\/\/hd-multimedia.com\/trgovina\/benchmark-dac3-hgc\/#breadcrumb"},"inLanguage":"sl-SI","potentialAction":[{"@type":"ReadAction","target":["https:\/\/hd-multimedia.com\/trgovina\/benchmark-dac3-hgc\/"]}]},{"@type":"ImageObject","inLanguage":"sl-SI","@id":"https:\/\/hd-multimedia.com\/trgovina\/benchmark-dac3-hgc\/#primaryimage","url":"https:\/\/hd-multimedia.com\/hdm_media\/Benchmark-DAC3-HGC-e1777980187898.webp","contentUrl":"https:\/\/hd-multimedia.com\/hdm_media\/Benchmark-DAC3-HGC-e1777980187898.webp","width":1368,"height":1367,"caption":"Benchmark DAC3 HGC Black"},{"@type":"BreadcrumbList","@id":"https:\/\/hd-multimedia.com\/trgovina\/benchmark-dac3-hgc\/#breadcrumb","itemListElement":[{"@type":"ListItem","position":1,"name":"Po\u010detna stranica","item":"https:\/\/hd-multimedia.com\/"},{"@type":"ListItem","position":2,"name":"Trgovina","item":"https:\/\/hd-multimedia.com\/trgovina\/"},{"@type":"ListItem","position":3,"name":"Benchmark DAC3 HGC"}]},{"@type":"WebSite","@id":"https:\/\/hd-multimedia.com\/#website","url":"https:\/\/hd-multimedia.com\/","name":"hd multimedija","description":"","publisher":{"@id":"https:\/\/hd-multimedia.com\/#organization"},"potentialAction":[{"@type":"SearchAction","target":{"@type":"EntryPoint","urlTemplate":"https:\/\/hd-multimedia.com\/?s={search_term_string}"},"query-input":{"@type":"PropertyValueSpecification","valueRequired":true,"valueName":"search_term_string"}}],"inLanguage":"sl-SI"},{"@type":"Organization","@id":"https:\/\/hd-multimedia.com\/#organization","name":"hd multimedija","url":"https:\/\/hd-multimedia.com\/","logo":{"@type":"ImageObject","inLanguage":"sl-SI","@id":"https:\/\/hd-multimedia.com\/#\/schema\/logo\/image\/","url":"https:\/\/hd-multimedia.com\/hdm_media\/HD-curves-ok-196-56px-alpha-1.png","contentUrl":"https:\/\/hd-multimedia.com\/hdm_media\/HD-curves-ok-196-56px-alpha-1.png","width":196,"height":53,"caption":"hd-multimedia"},"image":{"@id":"https:\/\/hd-multimedia.com\/#\/schema\/logo\/image\/"}}]}},"post_mailing_queue_ids":[],"_links":{"self":[{"href":"https:\/\/hd-multimedia.com\/sl\/wp-json\/wp\/v2\/product\/19577","targetHints":{"allow":["GET"]}}],"collection":[{"href":"https:\/\/hd-multimedia.com\/sl\/wp-json\/wp\/v2\/product"}],"about":[{"href":"https:\/\/hd-multimedia.com\/sl\/wp-json\/wp\/v2\/types\/product"}],"version-history":[{"count":3,"href":"https:\/\/hd-multimedia.com\/sl\/wp-json\/wp\/v2\/product\/19577\/revisions"}],"predecessor-version":[{"id":19606,"href":"https:\/\/hd-multimedia.com\/sl\/wp-json\/wp\/v2\/product\/19577\/revisions\/19606"}],"wp:featuredmedia":[{"embeddable":true,"href":"https:\/\/hd-multimedia.com\/sl\/wp-json\/wp\/v2\/media\/19601"}],"wp:attachment":[{"href":"https:\/\/hd-multimedia.com\/sl\/wp-json\/wp\/v2\/media?parent=19577"}],"curies":[{"name":"wp","href":"https:\/\/api.w.org\/{rel}","templated":true}]}}