{"id":19462,"date":"2026-03-30T13:27:34","date_gmt":"2026-03-30T13:27:34","guid":{"rendered":"https:\/\/hd-multimedia.com\/?post_type=product&#038;p=19462"},"modified":"2026-04-01T12:13:33","modified_gmt":"2026-04-01T12:13:33","slug":"topping-dx9-discrete","status":"publish","type":"product","link":"https:\/\/hd-multimedia.com\/sl\/trgovina\/topping-dx9-discrete\/","title":{"rendered":"Topping DX9 Discrete"},"content":{"rendered":"<p>Dok Topping DX9 Discrete kontrolira svaki korak digitalno-analognog procesa zaslon u boji omogu\u0107uje prebacivanja izme\u0111u FFT spektra, VU mjera\u010da i informacija o reprodukciji. Za vrhunsku vezu tu je integrirani Qualcomm QCC5125 Bluetooth 5.1 modul koji podr\u017eava LDAC, aptX Adaptive, aptX HD, aptX, AAC i SBC.<\/p>\n<p><strong>Topping DX9 Discrete Specifikacije:<\/strong><\/p>\n<p><strong>DAC:<\/strong><\/p>\n<p>Tip DAC-a: 16-elementni PSRM 1-bitni diskretni<br \/>\nTHD+N @1kHz (A-wt): &lt;0,00006%<br \/>\nSNR: 131dB<br \/>\nDinami\u010dki raspon: 131dB<br \/>\nFrekvencijski odziv: 20Hz\u201340kHz (\u00b12dB)<br \/>\nIzlazna razina: 5Vrms (XLR), 2,5Vrms (RCA)<br \/>\nIzlazna impedancija: 100\u03a9 (XLR), 50\u03a9 (RCA)<\/p>\n<p><strong>Poja\u010dalo za slu\u0161alice:<\/strong><\/p>\n<p>THD+N @1kHz (A-wt): &lt;0,00007%<br \/>\nIzlazna snaga: 7.080mW \u00d72 @32\u03a9 (balansirano)<br \/>\n\u0160um: &lt;0,5\u03bcVrms (balansirano), &lt;1,1\u03bcVrms (jednostrano)<br \/>\nIzlazna impedancija: &lt;0,1 \u03a9<\/p>\n<p><strong>Pretpoja\u010dalo:<\/strong><br \/>\nIzlazna razina: 15 Vpp (nisko), 48 Vpp (visoko)<br \/>\nDinami\u010dki raspon: 131 dB<br \/>\nBalans kanala: 0,3 dB<\/p>\n<p><a href=\"https:\/\/www.toppingaudio.com\/product-item\/dx9-discrete?tab=specs\" target=\"_blank\" rel=\"noopener\">Podrobne specifikacije!<\/a><\/p>","protected":false},"excerpt":{"rendered":"<p>Topping DX9 Discrete je balansirani DAC i poja\u010dalo za slu\u0161alice s posebnim 16-elementnim PSRM 1-bitnim DAC-om koji eliminira konvencionalna ograni\u010denja \u010dipa, pru\u017eaju\u0107i mikrodetalje i vrhunsku tonsku to\u010dnost. Diskretno NFCA poja\u010dalo za slu\u0161alice ima 7.080mW \u00d72 od 32\u03a9 s gotovo nultom distorzijom, PEQ i preciznu balansiranu kontrolu glasno\u0107e. Mo\u017ee se koristiti kao DAC za aktivne monitore, sna\u017eno poja\u010dalo za slu\u0161alice ili besprijekorno pretpoja\u010dalo za va\u0161 glavni sustav.<\/p>\n<p>Topping DX9 Discrete ima USB, Bluetooth, dva opti\u010dka, dva koaksijalna te se s lako\u0107om uklapa u bilo koji sustav. IIS podr\u017eava PCM i DSD512 do 768 kHz. USB koristi XMOS XU-316 procesor i Thesycon upravlja\u010dki program za savr\u0161enu reprodukciju na Windowsima i ima izvrsnu kompatibilnost s drugim plug-and-play sustavima.<\/p>\n<p><a href=\"https:\/\/www.toppingaudio.com\/product-item\/dx9-discrete\" target=\"_blank\" rel=\"noopener\">Povezava za dodatne informacije o izdelku!<\/a><\/p>","protected":false},"featured_media":19470,"template":"","meta":{"site-sidebar-layout":"default","site-content-layout":"","ast-site-content-layout":"default","site-content-style":"default","site-sidebar-style":"default","ast-global-header-display":"","ast-banner-title-visibility":"","ast-main-header-display":"","ast-hfb-above-header-display":"","ast-hfb-below-header-display":"","ast-hfb-mobile-header-display":"","site-post-title":"","ast-breadcrumbs-content":"","ast-featured-img":"","footer-sml-layout":"","theme-transparent-header-meta":"default","adv-header-id-meta":"","stick-header-meta":"default","header-above-stick-meta":"","header-main-stick-meta":"","header-below-stick-meta":"","astra-migrate-meta-layouts":"set","ast-page-background-enabled":"default","ast-page-background-meta":{"desktop":{"background-color":"","background-image":"","background-repeat":"repeat","background-position":"center center","background-size":"auto","background-attachment":"scroll","background-type":"","background-media":"","overlay-type":"","overlay-color":"","overlay-opacity":"","overlay-gradient":""},"tablet":{"background-color":"","background-image":"","background-repeat":"repeat","background-position":"center center","background-size":"auto","background-attachment":"scroll","background-type":"","background-media":"","overlay-type":"","overlay-color":"","overlay-opacity":"","overlay-gradient":""},"mobile":{"background-color":"","background-image":"","background-repeat":"repeat","background-position":"center center","background-size":"auto","background-attachment":"scroll","background-type":"","background-media":"","overlay-type":"","overlay-color":"","overlay-opacity":"","overlay-gradient":""}},"ast-content-background-meta":{"desktop":{"background-color":"var(--ast-global-color-5)","background-image":"","background-repeat":"repeat","background-position":"center center","background-size":"auto","background-attachment":"scroll","background-type":"","background-media":"","overlay-type":"","overlay-color":"","overlay-opacity":"","overlay-gradient":""},"tablet":{"background-color":"var(--ast-global-color-5)","background-image":"","background-repeat":"repeat","background-position":"center center","background-size":"auto","background-attachment":"scroll","background-type":"","background-media":"","overlay-type":"","overlay-color":"","overlay-opacity":"","overlay-gradient":""},"mobile":{"background-color":"var(--ast-global-color-5)","background-image":"","background-repeat":"repeat","background-position":"center center","background-size":"auto","background-attachment":"scroll","background-type":"","background-media":"","overlay-type":"","overlay-color":"","overlay-opacity":"","overlay-gradient":""}}},"class_list":["post-19462","product","type-product","status-publish","has-post-thumbnail","hentry","product_cat-dac","product_cat-pojacala-za-slusalice","product_cat-topping","product_tag-novo-u-ponudi","desktop-align-center","tablet-align-center","mobile-align-center","ast-product-gallery-layout-horizontal","ast-magnify-disabled","ast-product-tabs-layout-horizontal"],"yoast_head":"<!-- This site is optimized with the Yoast SEO plugin v21.4 - https:\/\/yoast.com\/wordpress\/plugins\/seo\/ -->\n<title>Topping DX9 Discrete - hd-multimedia<\/title>\n<meta name=\"description\" content=\"Topping DX9 Discrete je balansirani DAC i poja\u010dalo za slu\u0161alice s posebnim 16-elementnim PSRM 1-bitnim DAC-om za vrhunsku tonsku to\u010dnost.\" \/>\n<meta name=\"robots\" content=\"index, follow, max-snippet:-1, max-image-preview:large, max-video-preview:-1\" \/>\n<link rel=\"canonical\" href=\"https:\/\/hd-multimedia.com\/sl\/trgovina\/topping-dx9-discrete\/\" \/>\n<meta property=\"og:locale\" content=\"sl_SI\" \/>\n<meta property=\"og:type\" content=\"article\" \/>\n<meta property=\"og:title\" content=\"Topping DX9 Discrete - hd-multimedia\" \/>\n<meta property=\"og:description\" content=\"Topping DX9 Discrete je balansirani DAC i poja\u010dalo za slu\u0161alice s posebnim 16-elementnim PSRM 1-bitnim DAC-om za vrhunsku tonsku to\u010dnost.\" \/>\n<meta property=\"og:url\" content=\"https:\/\/hd-multimedia.com\/sl\/trgovina\/topping-dx9-discrete\/\" \/>\n<meta property=\"og:site_name\" content=\"hd-multimedia\" \/>\n<meta property=\"article:modified_time\" content=\"2026-04-01T12:13:33+00:00\" \/>\n<meta property=\"og:image\" content=\"https:\/\/hd-multimedia.com\/hdm_media\/Topping-DX9-Discrete-Black-e1775043938157.png\" \/>\n\t<meta property=\"og:image:width\" content=\"872\" \/>\n\t<meta property=\"og:image:height\" content=\"872\" \/>\n\t<meta property=\"og:image:type\" content=\"image\/png\" \/>\n<meta name=\"twitter:card\" content=\"summary_large_image\" \/>\n<meta name=\"twitter:label1\" content=\"Est. reading time\" \/>\n\t<meta name=\"twitter:data1\" content=\"1 minuta\" \/>\n<script type=\"application\/ld+json\" class=\"yoast-schema-graph\">{\"@context\":\"https:\/\/schema.org\",\"@graph\":[{\"@type\":\"WebPage\",\"@id\":\"https:\/\/hd-multimedia.com\/trgovina\/topping-dx9-discrete\/\",\"url\":\"https:\/\/hd-multimedia.com\/trgovina\/topping-dx9-discrete\/\",\"name\":\"Topping DX9 Discrete - hd-multimedia\",\"isPartOf\":{\"@id\":\"https:\/\/hd-multimedia.com\/#website\"},\"datePublished\":\"2026-03-30T13:27:34+00:00\",\"dateModified\":\"2026-04-01T12:13:33+00:00\",\"description\":\"Topping DX9 Discrete je balansirani DAC i poja\u010dalo za slu\u0161alice s posebnim 16-elementnim PSRM 1-bitnim DAC-om za vrhunsku tonsku to\u010dnost.\",\"breadcrumb\":{\"@id\":\"https:\/\/hd-multimedia.com\/trgovina\/topping-dx9-discrete\/#breadcrumb\"},\"inLanguage\":\"sl-SI\",\"potentialAction\":[{\"@type\":\"ReadAction\",\"target\":[\"https:\/\/hd-multimedia.com\/trgovina\/topping-dx9-discrete\/\"]}]},{\"@type\":\"BreadcrumbList\",\"@id\":\"https:\/\/hd-multimedia.com\/trgovina\/topping-dx9-discrete\/#breadcrumb\",\"itemListElement\":[{\"@type\":\"ListItem\",\"position\":1,\"name\":\"Po\u010detna stranica\",\"item\":\"https:\/\/hd-multimedia.com\/\"},{\"@type\":\"ListItem\",\"position\":2,\"name\":\"Trgovina\",\"item\":\"https:\/\/hd-multimedia.com\/trgovina\/\"},{\"@type\":\"ListItem\",\"position\":3,\"name\":\"Topping DX9 Discrete\"}]},{\"@type\":\"WebSite\",\"@id\":\"https:\/\/hd-multimedia.com\/#website\",\"url\":\"https:\/\/hd-multimedia.com\/\",\"name\":\"hd-multimedia\",\"description\":\"\",\"publisher\":{\"@id\":\"https:\/\/hd-multimedia.com\/#organization\"},\"potentialAction\":[{\"@type\":\"SearchAction\",\"target\":{\"@type\":\"EntryPoint\",\"urlTemplate\":\"https:\/\/hd-multimedia.com\/?s={search_term_string}\"},\"query-input\":\"required name=search_term_string\"}],\"inLanguage\":\"sl-SI\"},{\"@type\":\"Organization\",\"@id\":\"https:\/\/hd-multimedia.com\/#organization\",\"name\":\"hd-multimedia\",\"url\":\"https:\/\/hd-multimedia.com\/\",\"logo\":{\"@type\":\"ImageObject\",\"inLanguage\":\"sl-SI\",\"@id\":\"https:\/\/hd-multimedia.com\/#\/schema\/logo\/image\/\",\"url\":\"https:\/\/hd-multimedia.com\/hdm_media\/HD-curves-ok-196-56px-alpha-1.png\",\"contentUrl\":\"https:\/\/hd-multimedia.com\/hdm_media\/HD-curves-ok-196-56px-alpha-1.png\",\"width\":196,\"height\":53,\"caption\":\"hd-multimedia\"},\"image\":{\"@id\":\"https:\/\/hd-multimedia.com\/#\/schema\/logo\/image\/\"}}]}<\/script>\n<!-- \/ Yoast SEO plugin. -->","yoast_head_json":{"title":"Topping DX9 Discrete - hd-multimedia","description":"Topping DX9 Discrete je balansirani DAC i poja\u010dalo za slu\u0161alice s posebnim 16-elementnim PSRM 1-bitnim DAC-om za vrhunsku tonsku to\u010dnost.","robots":{"index":"index","follow":"follow","max-snippet":"max-snippet:-1","max-image-preview":"max-image-preview:large","max-video-preview":"max-video-preview:-1"},"canonical":"https:\/\/hd-multimedia.com\/sl\/trgovina\/topping-dx9-discrete\/","og_locale":"sl_SI","og_type":"article","og_title":"Topping DX9 Discrete - hd-multimedia","og_description":"Topping DX9 Discrete je balansirani DAC i poja\u010dalo za slu\u0161alice s posebnim 16-elementnim PSRM 1-bitnim DAC-om za vrhunsku tonsku to\u010dnost.","og_url":"https:\/\/hd-multimedia.com\/sl\/trgovina\/topping-dx9-discrete\/","og_site_name":"hd-multimedia","article_modified_time":"2026-04-01T12:13:33+00:00","og_image":[{"width":872,"height":872,"url":"https:\/\/hd-multimedia.com\/hdm_media\/Topping-DX9-Discrete-Black-e1775043938157.png","type":"image\/png"}],"twitter_card":"summary_large_image","twitter_misc":{"Est. reading time":"1 minuta"},"schema":{"@context":"https:\/\/schema.org","@graph":[{"@type":"WebPage","@id":"https:\/\/hd-multimedia.com\/trgovina\/topping-dx9-discrete\/","url":"https:\/\/hd-multimedia.com\/trgovina\/topping-dx9-discrete\/","name":"Topping DX9 Discrete - hd-multimedia","isPartOf":{"@id":"https:\/\/hd-multimedia.com\/#website"},"datePublished":"2026-03-30T13:27:34+00:00","dateModified":"2026-04-01T12:13:33+00:00","description":"Topping DX9 Discrete je balansirani DAC i poja\u010dalo za slu\u0161alice s posebnim 16-elementnim PSRM 1-bitnim DAC-om za vrhunsku tonsku to\u010dnost.","breadcrumb":{"@id":"https:\/\/hd-multimedia.com\/trgovina\/topping-dx9-discrete\/#breadcrumb"},"inLanguage":"sl-SI","potentialAction":[{"@type":"ReadAction","target":["https:\/\/hd-multimedia.com\/trgovina\/topping-dx9-discrete\/"]}]},{"@type":"BreadcrumbList","@id":"https:\/\/hd-multimedia.com\/trgovina\/topping-dx9-discrete\/#breadcrumb","itemListElement":[{"@type":"ListItem","position":1,"name":"Po\u010detna stranica","item":"https:\/\/hd-multimedia.com\/"},{"@type":"ListItem","position":2,"name":"Trgovina","item":"https:\/\/hd-multimedia.com\/trgovina\/"},{"@type":"ListItem","position":3,"name":"Topping DX9 Discrete"}]},{"@type":"WebSite","@id":"https:\/\/hd-multimedia.com\/#website","url":"https:\/\/hd-multimedia.com\/","name":"hd-multimedia","description":"","publisher":{"@id":"https:\/\/hd-multimedia.com\/#organization"},"potentialAction":[{"@type":"SearchAction","target":{"@type":"EntryPoint","urlTemplate":"https:\/\/hd-multimedia.com\/?s={search_term_string}"},"query-input":"required name=search_term_string"}],"inLanguage":"sl-SI"},{"@type":"Organization","@id":"https:\/\/hd-multimedia.com\/#organization","name":"hd-multimedia","url":"https:\/\/hd-multimedia.com\/","logo":{"@type":"ImageObject","inLanguage":"sl-SI","@id":"https:\/\/hd-multimedia.com\/#\/schema\/logo\/image\/","url":"https:\/\/hd-multimedia.com\/hdm_media\/HD-curves-ok-196-56px-alpha-1.png","contentUrl":"https:\/\/hd-multimedia.com\/hdm_media\/HD-curves-ok-196-56px-alpha-1.png","width":196,"height":53,"caption":"hd-multimedia"},"image":{"@id":"https:\/\/hd-multimedia.com\/#\/schema\/logo\/image\/"}}]}},"post_mailing_queue_ids":[],"_links":{"self":[{"href":"https:\/\/hd-multimedia.com\/sl\/wp-json\/wp\/v2\/product\/19462","targetHints":{"allow":["GET"]}}],"collection":[{"href":"https:\/\/hd-multimedia.com\/sl\/wp-json\/wp\/v2\/product"}],"about":[{"href":"https:\/\/hd-multimedia.com\/sl\/wp-json\/wp\/v2\/types\/product"}],"version-history":[{"count":4,"href":"https:\/\/hd-multimedia.com\/sl\/wp-json\/wp\/v2\/product\/19462\/revisions"}],"predecessor-version":[{"id":19474,"href":"https:\/\/hd-multimedia.com\/sl\/wp-json\/wp\/v2\/product\/19462\/revisions\/19474"}],"wp:featuredmedia":[{"embeddable":true,"href":"https:\/\/hd-multimedia.com\/sl\/wp-json\/wp\/v2\/media\/19470"}],"wp:attachment":[{"href":"https:\/\/hd-multimedia.com\/sl\/wp-json\/wp\/v2\/media?parent=19462"}],"curies":[{"name":"wp","href":"https:\/\/api.w.org\/{rel}","templated":true}]}}