{"id":19322,"date":"2026-02-11T13:40:27","date_gmt":"2026-02-11T13:40:27","guid":{"rendered":"https:\/\/hd-multimedia.com\/?post_type=product&#038;p=19322"},"modified":"2026-03-30T12:14:19","modified_gmt":"2026-03-30T12:14:19","slug":"fiio-br15-r2r","status":"publish","type":"product","link":"https:\/\/hd-multimedia.com\/sl\/trgovina\/fiio-br15-r2r\/","title":{"rendered":"FiiO BR15 R2R"},"content":{"rendered":"<p>FiiO BR15 R2R se besprijekorno integrira u sustave zahvaljuju\u0107i Bluetooth, USB, koaksijalnim i opti\u010dkim ulazima za dekodiranje, plus RCA, XLR i digitalnim izlazima. Bilo da je uparen s aktivnim zvu\u010dnicima, poja\u010dalom ili vanjskim DAC-om, bez napora se prilago\u0111ava va\u0161em lancu reprodukcije.<\/p>\n<p>Opremljen je globalnim 10-pojasnim PEQ-om i AUTO EQ-om putem aplikacije FiiO Control, korisnici mogu fino podesiti frekvencijski odziv ili uskladiti specifi\u010dne slu\u0161alice. Potpuno balansirani audio krug, suzbijanje \u0161uma i AC\/DC dvostruki sustav napajanja osiguravaju stabilne i \u010diste performanse. LCD zaslon u boji od 1,47 in\u010da pru\u017ea povratne informacije u\u017eivo &#8211; glasno\u0107u, kodek, brzinu uzorkovanja, status EQ-a &#8211; dok infracrveni daljinski upravlja\u010d i aplikacija FiiO Control nude potpunu prakti\u010dnost s bilo kojeg mjesta u prostoriji.<\/p>\n<p><strong>Tehni\u010dni podatki:<\/strong><\/p>\n<p>Bluetooth \u010dip: Qualcomm QCC5181, Bluetooth 6.0<br \/>\nDAC: 24-bitni R2R, 192 tankoslojna otpornika<br \/>\nZaslon: 1,47-in\u010dni LCD zaslon u boji<br \/>\nPodr\u017eani kodeci: LDAC, aptX Lossless, aptX Adaptive, aptX HD, aptX, AAC, SBC, LC3<br \/>\nDekodiranje: (USB) PCM do 384 kHz\/32-bit, DSD256<br \/>\nDekodiranje: (koaksijalni) do 192 kHz\/24-bit, DSD64<br \/>\nDekodiranje: (opti\u010dki) do 96 kHz\/24-bit, DSD64<br \/>\nIzlazi RCA: (2,2 Vrms), XLR (4,4 Vrms), opti\u010dki, koaksijalni<br \/>\nUlazna su\u010delja: Bluetooth, USB, opti\u010dki, koaksijalni<br \/>\nFrekvencijski odziv: 20 Hz\u201365 kHz (slabljenje &lt;2,9 dB)<br \/>\nSNR \u2265119 dB (A-ponderirano)<br \/>\nRazina \u0161uma: &lt;5,1 \u03bcV (A-ponderirano)<br \/>\nTHD+N &lt;0,015% (1 kHz, 0 dB @10 k\u03a9)<br \/>\nPEQ 10-pojasni parametarski EQ + AUTO EQ<br \/>\nNapajanje Dvostruko napajanje AC\/DC, automatski DC prioritet<br \/>\nDimenzije: 210 \u00d7 188 \u00d7 42 mm<br \/>\nTe\u017eina: 0,76 kg<br \/>\nUklju\u010dena oprema Daljinski upravlja\u010d, AC kabel za napajanje, RCA kabel, Kratki vodi\u010d<\/p>\n<p><a href=\"https:\/\/www.fiio.com\/br15r2r_parameters\" target=\"_blank\" rel=\"noopener\">Podrobne specifikacije!<\/a><\/p>","protected":false},"excerpt":{"rendered":"<p>FiiO BR15 R2R je Bluetooth 6.0 audio prijemnik visoke rezolucije s diferencijalnim 24-bitnim R2R DAC-om. FiiO BR15 R2R je opremljen s Bluetoothom 6.0 i Qualcommovim vode\u0107im \u010dipsetom QCC5181. Podr\u017eava LDAC, aptX Adaptive i aptX Lossless kodeke, pru\u017ea zvuk CD kvalitete do 2,1 Mbps &#8211; omogu\u0107uju\u0107i vam slobodan streaming uz o\u010duvanje svake glazbene nijanse. \u010cetverokanalni R2R DAC koristi 192 precizna tankoslojna otpornika (48 po kanalu) s tolerancijom od 0,1%, osiguravaju\u0107i ultra nisku razinu \u0161uma i minimalna izobli\u010denja. DAC mo\u017ee raditi u NOS (bez prekomjernog uzorkovanja) ili OS (prekomjerno uzorkovanje) na\u010dinu rada, daju\u0107i audiofilima kontrolu nad tonalnim karakterom i pronala\u017eenjem detalja.<\/p>\n<p><a href=\"https:\/\/www.fiio.com\/br15r2r\" target=\"_blank\" rel=\"noopener\">Povezava za dodatne informacije o izdelku!<\/a><\/p>","protected":false},"featured_media":19328,"template":"","meta":{"site-sidebar-layout":"default","site-content-layout":"","ast-site-content-layout":"default","site-content-style":"default","site-sidebar-style":"default","ast-global-header-display":"","ast-banner-title-visibility":"","ast-main-header-display":"","ast-hfb-above-header-display":"","ast-hfb-below-header-display":"","ast-hfb-mobile-header-display":"","site-post-title":"","ast-breadcrumbs-content":"","ast-featured-img":"","footer-sml-layout":"","theme-transparent-header-meta":"default","adv-header-id-meta":"","stick-header-meta":"default","header-above-stick-meta":"","header-main-stick-meta":"","header-below-stick-meta":"","astra-migrate-meta-layouts":"set","ast-page-background-enabled":"default","ast-page-background-meta":{"desktop":{"background-color":"","background-image":"","background-repeat":"repeat","background-position":"center center","background-size":"auto","background-attachment":"scroll","background-type":"","background-media":"","overlay-type":"","overlay-color":"","overlay-opacity":"","overlay-gradient":""},"tablet":{"background-color":"","background-image":"","background-repeat":"repeat","background-position":"center center","background-size":"auto","background-attachment":"scroll","background-type":"","background-media":"","overlay-type":"","overlay-color":"","overlay-opacity":"","overlay-gradient":""},"mobile":{"background-color":"","background-image":"","background-repeat":"repeat","background-position":"center center","background-size":"auto","background-attachment":"scroll","background-type":"","background-media":"","overlay-type":"","overlay-color":"","overlay-opacity":"","overlay-gradient":""}},"ast-content-background-meta":{"desktop":{"background-color":"var(--ast-global-color-5)","background-image":"","background-repeat":"repeat","background-position":"center center","background-size":"auto","background-attachment":"scroll","background-type":"","background-media":"","overlay-type":"","overlay-color":"","overlay-opacity":"","overlay-gradient":""},"tablet":{"background-color":"var(--ast-global-color-5)","background-image":"","background-repeat":"repeat","background-position":"center center","background-size":"auto","background-attachment":"scroll","background-type":"","background-media":"","overlay-type":"","overlay-color":"","overlay-opacity":"","overlay-gradient":""},"mobile":{"background-color":"var(--ast-global-color-5)","background-image":"","background-repeat":"repeat","background-position":"center center","background-size":"auto","background-attachment":"scroll","background-type":"","background-media":"","overlay-type":"","overlay-color":"","overlay-opacity":"","overlay-gradient":""}}},"class_list":["post-19322","product","type-product","status-publish","has-post-thumbnail","hentry","product_cat-bluetooth-reciever","product_cat-dac","product_cat-fiio","product_tag-novo-u-ponudi-fiio","product_tag-novo-u-ponudi","desktop-align-center","tablet-align-center","mobile-align-center","ast-product-gallery-layout-horizontal","ast-magnify-disabled","ast-product-tabs-layout-horizontal"],"yoast_head":"<!-- This site is optimized with the Yoast SEO plugin v21.4 - https:\/\/yoast.com\/wordpress\/plugins\/seo\/ -->\n<title>FiiO BR15 R2R - hd-multimedia<\/title>\n<meta name=\"description\" content=\"FiiO BR15 R2R je Bluetooth 6.0 audio prijemnik visoke rezolucije s diferencijalnim 24-bitnim R2R DAC-om. Dostupan u crnoj boji.\" \/>\n<meta name=\"robots\" content=\"index, follow, max-snippet:-1, max-image-preview:large, max-video-preview:-1\" \/>\n<link rel=\"canonical\" href=\"https:\/\/hd-multimedia.com\/sl\/trgovina\/fiio-br15-r2r\/\" \/>\n<meta property=\"og:locale\" content=\"sl_SI\" \/>\n<meta property=\"og:type\" content=\"article\" \/>\n<meta property=\"og:title\" content=\"FiiO BR15 R2R - hd-multimedia\" \/>\n<meta property=\"og:description\" content=\"FiiO BR15 R2R je Bluetooth 6.0 audio prijemnik visoke rezolucije s diferencijalnim 24-bitnim R2R DAC-om. Dostupan u crnoj boji.\" \/>\n<meta property=\"og:url\" content=\"https:\/\/hd-multimedia.com\/sl\/trgovina\/fiio-br15-r2r\/\" \/>\n<meta property=\"og:site_name\" content=\"hd-multimedia\" \/>\n<meta property=\"article:modified_time\" content=\"2026-03-30T12:14:19+00:00\" \/>\n<meta property=\"og:image\" content=\"https:\/\/hd-multimedia.com\/hdm_media\/FiiO-BR15-R2R-Black.jpg\" \/>\n\t<meta property=\"og:image:width\" content=\"1000\" \/>\n\t<meta property=\"og:image:height\" content=\"1000\" \/>\n\t<meta property=\"og:image:type\" content=\"image\/jpeg\" \/>\n<meta name=\"twitter:card\" content=\"summary_large_image\" \/>\n<meta name=\"twitter:label1\" content=\"Est. reading time\" \/>\n\t<meta name=\"twitter:data1\" content=\"2 minuti\" \/>\n<script type=\"application\/ld+json\" class=\"yoast-schema-graph\">{\"@context\":\"https:\/\/schema.org\",\"@graph\":[{\"@type\":\"WebPage\",\"@id\":\"https:\/\/hd-multimedia.com\/trgovina\/fiio-br15-r2r\/\",\"url\":\"https:\/\/hd-multimedia.com\/trgovina\/fiio-br15-r2r\/\",\"name\":\"FiiO BR15 R2R - hd-multimedia\",\"isPartOf\":{\"@id\":\"https:\/\/hd-multimedia.com\/#website\"},\"datePublished\":\"2026-02-11T13:40:27+00:00\",\"dateModified\":\"2026-03-30T12:14:19+00:00\",\"description\":\"FiiO BR15 R2R je Bluetooth 6.0 audio prijemnik visoke rezolucije s diferencijalnim 24-bitnim R2R DAC-om. Dostupan u crnoj boji.\",\"breadcrumb\":{\"@id\":\"https:\/\/hd-multimedia.com\/trgovina\/fiio-br15-r2r\/#breadcrumb\"},\"inLanguage\":\"sl-SI\",\"potentialAction\":[{\"@type\":\"ReadAction\",\"target\":[\"https:\/\/hd-multimedia.com\/trgovina\/fiio-br15-r2r\/\"]}]},{\"@type\":\"BreadcrumbList\",\"@id\":\"https:\/\/hd-multimedia.com\/trgovina\/fiio-br15-r2r\/#breadcrumb\",\"itemListElement\":[{\"@type\":\"ListItem\",\"position\":1,\"name\":\"Po\u010detna stranica\",\"item\":\"https:\/\/hd-multimedia.com\/\"},{\"@type\":\"ListItem\",\"position\":2,\"name\":\"Trgovina\",\"item\":\"https:\/\/hd-multimedia.com\/trgovina\/\"},{\"@type\":\"ListItem\",\"position\":3,\"name\":\"FiiO BR15 R2R\"}]},{\"@type\":\"WebSite\",\"@id\":\"https:\/\/hd-multimedia.com\/#website\",\"url\":\"https:\/\/hd-multimedia.com\/\",\"name\":\"hd-multimedia\",\"description\":\"\",\"publisher\":{\"@id\":\"https:\/\/hd-multimedia.com\/#organization\"},\"potentialAction\":[{\"@type\":\"SearchAction\",\"target\":{\"@type\":\"EntryPoint\",\"urlTemplate\":\"https:\/\/hd-multimedia.com\/?s={search_term_string}\"},\"query-input\":\"required name=search_term_string\"}],\"inLanguage\":\"sl-SI\"},{\"@type\":\"Organization\",\"@id\":\"https:\/\/hd-multimedia.com\/#organization\",\"name\":\"hd-multimedia\",\"url\":\"https:\/\/hd-multimedia.com\/\",\"logo\":{\"@type\":\"ImageObject\",\"inLanguage\":\"sl-SI\",\"@id\":\"https:\/\/hd-multimedia.com\/#\/schema\/logo\/image\/\",\"url\":\"https:\/\/hd-multimedia.com\/hdm_media\/HD-curves-ok-196-56px-alpha-1.png\",\"contentUrl\":\"https:\/\/hd-multimedia.com\/hdm_media\/HD-curves-ok-196-56px-alpha-1.png\",\"width\":196,\"height\":53,\"caption\":\"hd-multimedia\"},\"image\":{\"@id\":\"https:\/\/hd-multimedia.com\/#\/schema\/logo\/image\/\"}}]}<\/script>\n<!-- \/ Yoast SEO plugin. -->","yoast_head_json":{"title":"FiiO BR15 R2R - hd-multimedia","description":"FiiO BR15 R2R je Bluetooth 6.0 audio prijemnik visoke rezolucije s diferencijalnim 24-bitnim R2R DAC-om. Dostupan u crnoj boji.","robots":{"index":"index","follow":"follow","max-snippet":"max-snippet:-1","max-image-preview":"max-image-preview:large","max-video-preview":"max-video-preview:-1"},"canonical":"https:\/\/hd-multimedia.com\/sl\/trgovina\/fiio-br15-r2r\/","og_locale":"sl_SI","og_type":"article","og_title":"FiiO BR15 R2R - hd-multimedia","og_description":"FiiO BR15 R2R je Bluetooth 6.0 audio prijemnik visoke rezolucije s diferencijalnim 24-bitnim R2R DAC-om. Dostupan u crnoj boji.","og_url":"https:\/\/hd-multimedia.com\/sl\/trgovina\/fiio-br15-r2r\/","og_site_name":"hd-multimedia","article_modified_time":"2026-03-30T12:14:19+00:00","og_image":[{"width":1000,"height":1000,"url":"https:\/\/hd-multimedia.com\/hdm_media\/FiiO-BR15-R2R-Black.jpg","type":"image\/jpeg"}],"twitter_card":"summary_large_image","twitter_misc":{"Est. reading time":"2 minuti"},"schema":{"@context":"https:\/\/schema.org","@graph":[{"@type":"WebPage","@id":"https:\/\/hd-multimedia.com\/trgovina\/fiio-br15-r2r\/","url":"https:\/\/hd-multimedia.com\/trgovina\/fiio-br15-r2r\/","name":"FiiO BR15 R2R - hd-multimedia","isPartOf":{"@id":"https:\/\/hd-multimedia.com\/#website"},"datePublished":"2026-02-11T13:40:27+00:00","dateModified":"2026-03-30T12:14:19+00:00","description":"FiiO BR15 R2R je Bluetooth 6.0 audio prijemnik visoke rezolucije s diferencijalnim 24-bitnim R2R DAC-om. Dostupan u crnoj boji.","breadcrumb":{"@id":"https:\/\/hd-multimedia.com\/trgovina\/fiio-br15-r2r\/#breadcrumb"},"inLanguage":"sl-SI","potentialAction":[{"@type":"ReadAction","target":["https:\/\/hd-multimedia.com\/trgovina\/fiio-br15-r2r\/"]}]},{"@type":"BreadcrumbList","@id":"https:\/\/hd-multimedia.com\/trgovina\/fiio-br15-r2r\/#breadcrumb","itemListElement":[{"@type":"ListItem","position":1,"name":"Po\u010detna stranica","item":"https:\/\/hd-multimedia.com\/"},{"@type":"ListItem","position":2,"name":"Trgovina","item":"https:\/\/hd-multimedia.com\/trgovina\/"},{"@type":"ListItem","position":3,"name":"FiiO BR15 R2R"}]},{"@type":"WebSite","@id":"https:\/\/hd-multimedia.com\/#website","url":"https:\/\/hd-multimedia.com\/","name":"hd-multimedia","description":"","publisher":{"@id":"https:\/\/hd-multimedia.com\/#organization"},"potentialAction":[{"@type":"SearchAction","target":{"@type":"EntryPoint","urlTemplate":"https:\/\/hd-multimedia.com\/?s={search_term_string}"},"query-input":"required name=search_term_string"}],"inLanguage":"sl-SI"},{"@type":"Organization","@id":"https:\/\/hd-multimedia.com\/#organization","name":"hd-multimedia","url":"https:\/\/hd-multimedia.com\/","logo":{"@type":"ImageObject","inLanguage":"sl-SI","@id":"https:\/\/hd-multimedia.com\/#\/schema\/logo\/image\/","url":"https:\/\/hd-multimedia.com\/hdm_media\/HD-curves-ok-196-56px-alpha-1.png","contentUrl":"https:\/\/hd-multimedia.com\/hdm_media\/HD-curves-ok-196-56px-alpha-1.png","width":196,"height":53,"caption":"hd-multimedia"},"image":{"@id":"https:\/\/hd-multimedia.com\/#\/schema\/logo\/image\/"}}]}},"post_mailing_queue_ids":[],"_links":{"self":[{"href":"https:\/\/hd-multimedia.com\/sl\/wp-json\/wp\/v2\/product\/19322","targetHints":{"allow":["GET"]}}],"collection":[{"href":"https:\/\/hd-multimedia.com\/sl\/wp-json\/wp\/v2\/product"}],"about":[{"href":"https:\/\/hd-multimedia.com\/sl\/wp-json\/wp\/v2\/types\/product"}],"version-history":[{"count":3,"href":"https:\/\/hd-multimedia.com\/sl\/wp-json\/wp\/v2\/product\/19322\/revisions"}],"predecessor-version":[{"id":19360,"href":"https:\/\/hd-multimedia.com\/sl\/wp-json\/wp\/v2\/product\/19322\/revisions\/19360"}],"wp:featuredmedia":[{"embeddable":true,"href":"https:\/\/hd-multimedia.com\/sl\/wp-json\/wp\/v2\/media\/19328"}],"wp:attachment":[{"href":"https:\/\/hd-multimedia.com\/sl\/wp-json\/wp\/v2\/media?parent=19322"}],"curies":[{"name":"wp","href":"https:\/\/api.w.org\/{rel}","templated":true}]}}