{"id":19316,"date":"2026-02-11T13:30:13","date_gmt":"2026-02-11T13:30:13","guid":{"rendered":"https:\/\/hd-multimedia.com\/?post_type=product&#038;p=19316"},"modified":"2026-04-07T07:21:06","modified_gmt":"2026-04-07T07:21:06","slug":"fiio-warmer-r2r-dac","status":"publish","type":"product","link":"https:\/\/hd-multimedia.com\/sl\/trgovina\/fiio-warmer-r2r-dac\/","title":{"rendered":"FiiO WARMER R2R"},"content":{"rendered":"<p>Minimalisti\u010dka vintage estetika s prakti\u010dnim termalnim dizajnom. Re\u0161etke na gornjoj strani ubrzavaju odvo\u0111enje topline, osiguravaju\u0107i da WARMER R2R pru\u017ea pouzdan visokokvalitetni zvuk. Bez obzira na to napaja li poja\u010dalo snage, aktivne monitore ili slu\u0161alice, FiiO WARMER R2R je topli, potpuno balansirani R2R cijevni DAC\/poja\u010dalo koji donosi zapanjuju\u0107u muzikalnost, fleksibilnost i bezvremenski stil svakom stolnom Hi-Fi sustavu.<\/p>\n<p>FiiO WARMER R2R dolazi s linearnim napajanjem od 46 W s niskim \u0161umom i toroidnim transformatorom &#8211; dizajniranim za nisko valovitost, visoku u\u010dinkovitost i stabilno magnetsko polje. Rezultat je izvrstan omjer signala-\u0161uma i besprijekorna dinamika. Par ekstra velikih analognih VU mjera\u010da s LED pozadinskim osvjetljenjem ne samo da podsje\u0107a na klasi\u010dni Hi-Fi, ve\u0107 i pru\u017ea brzu povratnu informaciju dok va\u0161a glazba svira.<\/p>\n<p><strong>Tehni\u010dni podatki:<\/strong><\/p>\n<p>DAC arhitektura: Vlasni\u010dki potpuno balansirani 24-bitni R2R niz otpornika (4-smjerni diferencijalni; ukupno 192 tankoslojna otpornika)<br \/>\nCijevi: cijevi s 4 \u00d7 JJ Electronic E88CC cijevi<br \/>\nDigitalni ulazi: USB, opti\u010dki (TOSLINK), koaksijalni<br \/>\nIzlazi: Balansirani XLR linijski izlaz, RCA linijski izlaz (podr\u017ean simultani izlaz)<br \/>\nNa\u010dini reprodukcije: NOS (bez prekomjernog uzorkovanja) \/ OS (prekomjerno uzorkovanje do 384 kHz)<br \/>\nNapajanje: 46 W linearno napajanje s niskim \u0161umom i niskim valovima s toroidnim transformatorom<br \/>\nMjera\u010di: Dva analogna VU mjera\u010da, LED pozadinsko osvjetljenje<br \/>\nPrimjeri upotrebe: Stolni Hi-Fi, aktivni zvu\u010dnici\/poja\u010dala, lanci za snimanje i studijski zvu\u010dnici<\/p>\n<p><a href=\"https:\/\/www.fiio.com\/WARMERR2R_parameters\" target=\"_blank\" rel=\"noopener\">Podrobne specifikacije!<\/a><\/p>","protected":false},"excerpt":{"rendered":"<p>FiiO WARMER R2R je potpuno balansirani R2R DAC i cijevno poja\u010dalo koje spaja najsuvremeniju digitalnu pretvorbu s nepogre\u0161ivim sjajem cijevi. FiiO WARMER R2R koristi \u010detverosmjerni, potpuno diferencijalni 24-bitni R2R DAC s nizom od 192 visokoprecizna tankoslojna otpornika projektirana za ultra nisko pomicanje i konzistentnu linearnost. Ova arhitektura daje WARMER R2R-u jedinstveno prirodnu, analognu prezentaciju i o\u010daravaju\u0107i zvu\u010dni potpis.<\/p>\n<p>FiiO WARMER R2R pru\u017ea povezivost sa: USB, opti\u010dki i koaksijalni digitalni ulazi omogu\u0107uju vam jednostavno spajanje ra\u010dunala, konzola, streamera i playera, dok RCA i balansirani XLR linijski izlazi integriraju WARMER R2R u poja\u010dala, aktivne zvu\u010dnike i studijske lance. Prakti\u010dna UAC 1.0\/2.0 sklopka osigurava \u0161iroku kompatibilnost ure\u0111aja (uklju\u010duju\u0107i konzole), a NOS\/OS na\u010dini rada omogu\u0107uju vam odabir izme\u0111u reprodukcije bez prevelikog uzorkovanja ili globalnog prevelikog uzorkovanja do 384 kHz za \u010di\u0161\u0107u i detaljniju prezentaciju.<\/p>\n<p><a href=\"https:\/\/www.fiio.com\/WARMERR2R\" target=\"_blank\" rel=\"noopener\">Povezava za dodatne informacije o izdelku!<\/a><\/p>","protected":false},"featured_media":19344,"template":"","meta":{"site-sidebar-layout":"default","site-content-layout":"","ast-site-content-layout":"default","site-content-style":"default","site-sidebar-style":"default","ast-global-header-display":"","ast-banner-title-visibility":"","ast-main-header-display":"","ast-hfb-above-header-display":"","ast-hfb-below-header-display":"","ast-hfb-mobile-header-display":"","site-post-title":"","ast-breadcrumbs-content":"","ast-featured-img":"","footer-sml-layout":"","theme-transparent-header-meta":"default","adv-header-id-meta":"","stick-header-meta":"default","header-above-stick-meta":"","header-main-stick-meta":"","header-below-stick-meta":"","astra-migrate-meta-layouts":"set","ast-page-background-enabled":"default","ast-page-background-meta":{"desktop":{"background-color":"","background-image":"","background-repeat":"repeat","background-position":"center center","background-size":"auto","background-attachment":"scroll","background-type":"","background-media":"","overlay-type":"","overlay-color":"","overlay-opacity":"","overlay-gradient":""},"tablet":{"background-color":"","background-image":"","background-repeat":"repeat","background-position":"center center","background-size":"auto","background-attachment":"scroll","background-type":"","background-media":"","overlay-type":"","overlay-color":"","overlay-opacity":"","overlay-gradient":""},"mobile":{"background-color":"","background-image":"","background-repeat":"repeat","background-position":"center center","background-size":"auto","background-attachment":"scroll","background-type":"","background-media":"","overlay-type":"","overlay-color":"","overlay-opacity":"","overlay-gradient":""}},"ast-content-background-meta":{"desktop":{"background-color":"var(--ast-global-color-5)","background-image":"","background-repeat":"repeat","background-position":"center center","background-size":"auto","background-attachment":"scroll","background-type":"","background-media":"","overlay-type":"","overlay-color":"","overlay-opacity":"","overlay-gradient":""},"tablet":{"background-color":"var(--ast-global-color-5)","background-image":"","background-repeat":"repeat","background-position":"center center","background-size":"auto","background-attachment":"scroll","background-type":"","background-media":"","overlay-type":"","overlay-color":"","overlay-opacity":"","overlay-gradient":""},"mobile":{"background-color":"var(--ast-global-color-5)","background-image":"","background-repeat":"repeat","background-position":"center center","background-size":"auto","background-attachment":"scroll","background-type":"","background-media":"","overlay-type":"","overlay-color":"","overlay-opacity":"","overlay-gradient":""}}},"class_list":["post-19316","product","type-product","status-publish","has-post-thumbnail","hentry","product_cat-dac","product_cat-pojacala-za-slusalice","product_cat-fiio","product_tag-novo-u-ponudi-fiio","product_tag-novo-u-ponudi","desktop-align-center","tablet-align-center","mobile-align-center","ast-product-gallery-layout-horizontal","ast-magnify-disabled","ast-product-single-variable","ast-product-tabs-layout-horizontal"],"yoast_head":"<!-- This site is optimized with the Yoast SEO plugin v21.4 - https:\/\/yoast.com\/wordpress\/plugins\/seo\/ -->\n<title>FiiO WARMER R2R - hd-multimedia<\/title>\n<meta name=\"description\" content=\"FiiO WARMER R2R je potpuno balansirani R2R DAC i cijevno poja\u010dalo koje spaja najsuvremeniju digitalnu pretvorbu s nepogre\u0161ivim sjajem cijevi.\" \/>\n<meta name=\"robots\" content=\"index, follow, max-snippet:-1, max-image-preview:large, max-video-preview:-1\" \/>\n<link rel=\"canonical\" href=\"https:\/\/hd-multimedia.com\/sl\/trgovina\/fiio-warmer-r2r-dac\/\" \/>\n<meta property=\"og:locale\" content=\"sl_SI\" \/>\n<meta property=\"og:type\" content=\"article\" \/>\n<meta property=\"og:title\" content=\"FiiO WARMER R2R - hd-multimedia\" \/>\n<meta property=\"og:description\" content=\"FiiO WARMER R2R je potpuno balansirani R2R DAC i cijevno poja\u010dalo koje spaja najsuvremeniju digitalnu pretvorbu s nepogre\u0161ivim sjajem cijevi.\" \/>\n<meta property=\"og:url\" content=\"https:\/\/hd-multimedia.com\/sl\/trgovina\/fiio-warmer-r2r-dac\/\" \/>\n<meta property=\"og:site_name\" content=\"hd-multimedia\" \/>\n<meta property=\"article:modified_time\" content=\"2026-04-07T07:21:06+00:00\" \/>\n<meta property=\"og:image\" content=\"https:\/\/hd-multimedia.com\/hdm_media\/FiiO-Warmer-R2R-Black.jpg\" \/>\n\t<meta property=\"og:image:width\" content=\"1000\" \/>\n\t<meta property=\"og:image:height\" content=\"1000\" \/>\n\t<meta property=\"og:image:type\" content=\"image\/jpeg\" \/>\n<meta name=\"twitter:card\" content=\"summary_large_image\" \/>\n<meta name=\"twitter:label1\" content=\"Est. reading time\" \/>\n\t<meta name=\"twitter:data1\" content=\"2 minuti\" \/>\n<script type=\"application\/ld+json\" class=\"yoast-schema-graph\">{\"@context\":\"https:\/\/schema.org\",\"@graph\":[{\"@type\":\"WebPage\",\"@id\":\"https:\/\/hd-multimedia.com\/trgovina\/fiio-warmer-r2r-dac\/\",\"url\":\"https:\/\/hd-multimedia.com\/trgovina\/fiio-warmer-r2r-dac\/\",\"name\":\"FiiO WARMER R2R - hd-multimedia\",\"isPartOf\":{\"@id\":\"https:\/\/hd-multimedia.com\/#website\"},\"datePublished\":\"2026-02-11T13:30:13+00:00\",\"dateModified\":\"2026-04-07T07:21:06+00:00\",\"description\":\"FiiO WARMER R2R je potpuno balansirani R2R DAC i cijevno poja\u010dalo koje spaja najsuvremeniju digitalnu pretvorbu s nepogre\u0161ivim sjajem cijevi.\",\"breadcrumb\":{\"@id\":\"https:\/\/hd-multimedia.com\/trgovina\/fiio-warmer-r2r-dac\/#breadcrumb\"},\"inLanguage\":\"sl-SI\",\"potentialAction\":[{\"@type\":\"ReadAction\",\"target\":[\"https:\/\/hd-multimedia.com\/trgovina\/fiio-warmer-r2r-dac\/\"]}]},{\"@type\":\"BreadcrumbList\",\"@id\":\"https:\/\/hd-multimedia.com\/trgovina\/fiio-warmer-r2r-dac\/#breadcrumb\",\"itemListElement\":[{\"@type\":\"ListItem\",\"position\":1,\"name\":\"Po\u010detna stranica\",\"item\":\"https:\/\/hd-multimedia.com\/\"},{\"@type\":\"ListItem\",\"position\":2,\"name\":\"Trgovina\",\"item\":\"https:\/\/hd-multimedia.com\/trgovina\/\"},{\"@type\":\"ListItem\",\"position\":3,\"name\":\"FiiO WARMER R2R\"}]},{\"@type\":\"WebSite\",\"@id\":\"https:\/\/hd-multimedia.com\/#website\",\"url\":\"https:\/\/hd-multimedia.com\/\",\"name\":\"hd-multimedia\",\"description\":\"\",\"publisher\":{\"@id\":\"https:\/\/hd-multimedia.com\/#organization\"},\"potentialAction\":[{\"@type\":\"SearchAction\",\"target\":{\"@type\":\"EntryPoint\",\"urlTemplate\":\"https:\/\/hd-multimedia.com\/?s={search_term_string}\"},\"query-input\":\"required name=search_term_string\"}],\"inLanguage\":\"sl-SI\"},{\"@type\":\"Organization\",\"@id\":\"https:\/\/hd-multimedia.com\/#organization\",\"name\":\"hd-multimedia\",\"url\":\"https:\/\/hd-multimedia.com\/\",\"logo\":{\"@type\":\"ImageObject\",\"inLanguage\":\"sl-SI\",\"@id\":\"https:\/\/hd-multimedia.com\/#\/schema\/logo\/image\/\",\"url\":\"https:\/\/hd-multimedia.com\/hdm_media\/HD-curves-ok-196-56px-alpha-1.png\",\"contentUrl\":\"https:\/\/hd-multimedia.com\/hdm_media\/HD-curves-ok-196-56px-alpha-1.png\",\"width\":196,\"height\":53,\"caption\":\"hd-multimedia\"},\"image\":{\"@id\":\"https:\/\/hd-multimedia.com\/#\/schema\/logo\/image\/\"}}]}<\/script>\n<!-- \/ Yoast SEO plugin. -->","yoast_head_json":{"title":"FiiO WARMER R2R - hd-multimedia","description":"FiiO WARMER R2R je potpuno balansirani R2R DAC i cijevno poja\u010dalo koje spaja najsuvremeniju digitalnu pretvorbu s nepogre\u0161ivim sjajem cijevi.","robots":{"index":"index","follow":"follow","max-snippet":"max-snippet:-1","max-image-preview":"max-image-preview:large","max-video-preview":"max-video-preview:-1"},"canonical":"https:\/\/hd-multimedia.com\/sl\/trgovina\/fiio-warmer-r2r-dac\/","og_locale":"sl_SI","og_type":"article","og_title":"FiiO WARMER R2R - hd-multimedia","og_description":"FiiO WARMER R2R je potpuno balansirani R2R DAC i cijevno poja\u010dalo koje spaja najsuvremeniju digitalnu pretvorbu s nepogre\u0161ivim sjajem cijevi.","og_url":"https:\/\/hd-multimedia.com\/sl\/trgovina\/fiio-warmer-r2r-dac\/","og_site_name":"hd-multimedia","article_modified_time":"2026-04-07T07:21:06+00:00","og_image":[{"width":1000,"height":1000,"url":"https:\/\/hd-multimedia.com\/hdm_media\/FiiO-Warmer-R2R-Black.jpg","type":"image\/jpeg"}],"twitter_card":"summary_large_image","twitter_misc":{"Est. reading time":"2 minuti"},"schema":{"@context":"https:\/\/schema.org","@graph":[{"@type":"WebPage","@id":"https:\/\/hd-multimedia.com\/trgovina\/fiio-warmer-r2r-dac\/","url":"https:\/\/hd-multimedia.com\/trgovina\/fiio-warmer-r2r-dac\/","name":"FiiO WARMER R2R - hd-multimedia","isPartOf":{"@id":"https:\/\/hd-multimedia.com\/#website"},"datePublished":"2026-02-11T13:30:13+00:00","dateModified":"2026-04-07T07:21:06+00:00","description":"FiiO WARMER R2R je potpuno balansirani R2R DAC i cijevno poja\u010dalo koje spaja najsuvremeniju digitalnu pretvorbu s nepogre\u0161ivim sjajem cijevi.","breadcrumb":{"@id":"https:\/\/hd-multimedia.com\/trgovina\/fiio-warmer-r2r-dac\/#breadcrumb"},"inLanguage":"sl-SI","potentialAction":[{"@type":"ReadAction","target":["https:\/\/hd-multimedia.com\/trgovina\/fiio-warmer-r2r-dac\/"]}]},{"@type":"BreadcrumbList","@id":"https:\/\/hd-multimedia.com\/trgovina\/fiio-warmer-r2r-dac\/#breadcrumb","itemListElement":[{"@type":"ListItem","position":1,"name":"Po\u010detna stranica","item":"https:\/\/hd-multimedia.com\/"},{"@type":"ListItem","position":2,"name":"Trgovina","item":"https:\/\/hd-multimedia.com\/trgovina\/"},{"@type":"ListItem","position":3,"name":"FiiO WARMER R2R"}]},{"@type":"WebSite","@id":"https:\/\/hd-multimedia.com\/#website","url":"https:\/\/hd-multimedia.com\/","name":"hd-multimedia","description":"","publisher":{"@id":"https:\/\/hd-multimedia.com\/#organization"},"potentialAction":[{"@type":"SearchAction","target":{"@type":"EntryPoint","urlTemplate":"https:\/\/hd-multimedia.com\/?s={search_term_string}"},"query-input":"required name=search_term_string"}],"inLanguage":"sl-SI"},{"@type":"Organization","@id":"https:\/\/hd-multimedia.com\/#organization","name":"hd-multimedia","url":"https:\/\/hd-multimedia.com\/","logo":{"@type":"ImageObject","inLanguage":"sl-SI","@id":"https:\/\/hd-multimedia.com\/#\/schema\/logo\/image\/","url":"https:\/\/hd-multimedia.com\/hdm_media\/HD-curves-ok-196-56px-alpha-1.png","contentUrl":"https:\/\/hd-multimedia.com\/hdm_media\/HD-curves-ok-196-56px-alpha-1.png","width":196,"height":53,"caption":"hd-multimedia"},"image":{"@id":"https:\/\/hd-multimedia.com\/#\/schema\/logo\/image\/"}}]}},"post_mailing_queue_ids":[],"_links":{"self":[{"href":"https:\/\/hd-multimedia.com\/sl\/wp-json\/wp\/v2\/product\/19316","targetHints":{"allow":["GET"]}}],"collection":[{"href":"https:\/\/hd-multimedia.com\/sl\/wp-json\/wp\/v2\/product"}],"about":[{"href":"https:\/\/hd-multimedia.com\/sl\/wp-json\/wp\/v2\/types\/product"}],"version-history":[{"count":4,"href":"https:\/\/hd-multimedia.com\/sl\/wp-json\/wp\/v2\/product\/19316\/revisions"}],"predecessor-version":[{"id":19354,"href":"https:\/\/hd-multimedia.com\/sl\/wp-json\/wp\/v2\/product\/19316\/revisions\/19354"}],"wp:featuredmedia":[{"embeddable":true,"href":"https:\/\/hd-multimedia.com\/sl\/wp-json\/wp\/v2\/media\/19344"}],"wp:attachment":[{"href":"https:\/\/hd-multimedia.com\/sl\/wp-json\/wp\/v2\/media?parent=19316"}],"curies":[{"name":"wp","href":"https:\/\/api.w.org\/{rel}","templated":true}]}}