{"id":19047,"date":"2025-10-10T08:25:43","date_gmt":"2025-10-10T08:25:43","guid":{"rendered":"https:\/\/hd-multimedia.com\/?post_type=product&#038;p=19047"},"modified":"2026-02-20T10:58:21","modified_gmt":"2026-02-20T10:58:21","slug":"cayin-ru9","status":"publish","type":"product","link":"https:\/\/hd-multimedia.com\/sl\/trgovina\/cayin-ru9\/","title":{"rendered":"Cayin RU9"},"content":{"rendered":"<p>Cayin RU9 nudi iznimnu svestranost s dvostrukim audio izlazima s 3,5 mm i 4,4 mm priklju\u010dcima, svaki s 3-stupanjskom kontrolom poja\u010danja i razine izlaza. Ure\u0111aj podr\u017eava sveobuhvatne digitalne audio protokole, uklju\u010duju\u0107i S\/PDIF ulaz\/izlaz i USB Audio DAC (s UAC1.0 i UAC2.0 kompatibilno\u0161\u0107u. Pobolj\u0161an Bluetooth 5.1 tehnologijom koju pokre\u0107e Qualcomm QCC5125, podr\u017eava vrhunske audio kodeke, uklju\u010duju\u0107i LDAC, aptX HD, aptX Adaptive, AAC i SBC za vrhunski be\u017ei\u010dni prijenos zvuka.<\/p>\n<p>Cayin RU9 je pomno dizajniran imaju\u0107i na umu korisni\u010dko iskustvo s elegantnim zaslonom s podesivom svjetlinom, vrhunskim nazubljenim gumbom za glasno\u0107u i taktilnim tipkama za preciznu kontrolu. U njegovom srcu le\u017ei inovativni Nutube 6P1 prozor, precizno izrezan kori\u0161tenjem tehnologije laserskog mikrobu\u0161enja kako bi blokirao EMI, a istovremeno prikazao topli sjaj cijevi tijekom reprodukcije. Intuitivni sustav indikatora u vi\u0161e boja u\u010dinkovito prikazuje detalje reprodukcije.<\/p>\n<p>\u017duta &#8211; 44,1 kHz\/48 kHz<br \/>\nZelena &#8211; 88,2 kHz\/96 kHz<br \/>\nTamnoplava &#8211; 176,4 kHz\/192 kHz<br \/>\nLjubi\u010dasta &#8211; 352,8 kHz\/384 kHz<br \/>\nSvijetloplava &#8211; 705,6 kHz\/768 kHz<br \/>\nBijela &#8211; DSD64\/DSD128\/DSD256\/DSD512<br \/>\nCrvena &#8211; Indikator punjenja<\/p>\n<p><a href=\"https:\/\/en.cayin.cn\/parameter\/7\/124\/709.html\" target=\"_blank\" rel=\"noopener\">Detaljne specifikacije za RU9<\/a><\/p>","protected":false},"excerpt":{"rendered":"<p>Cayin RU9 je vrhunski prijenosni DAC i poja\u010dalo koje kombinira dvostruke AK4493SEQ DAC \u010dipove, KORG Nutube 6P1 tehnologiju vakuumskih cijevi i Gen5 3-stupanjsko poja\u010danje u kompaktnom pakiranju od 150 g. Ovaj svestrani ure\u0111aj podr\u017eava zvuk visoke rezolucije do DSD512 i PCM 32bit\/768kHz, ima 3,5 mm i 4,4 mm izlaze s trostupanjskom kontrolom poja\u010danja i nudi vi\u0161e na\u010dina rada, uklju\u010duju\u0107i Hyper Mode koji pobolj\u0161ava performanse. Uz Bluetooth 5.1 koji podr\u017eava vrhunske kodeke poput LDAC i aptX HD, CNC obra\u0111eno aluminijsko ku\u0107i\u0161te, magnetsku ko\u017enu torbicu i intuitivne kontrole s 0,96&#8243; zaslonom, Cayin RU9 predstavlja vrhunsko rje\u0161enje za audiofile koji tra\u017ee iznimne prijenosne audio performanse.<\/p>\n<p><a href=\"https:\/\/en.cayin.cn\/features\/7\/124\/709.html\" target=\"_blank\" rel=\"noopener\">Povezava za dodatne informacije o izdelku!<\/a><\/p>","protected":false},"featured_media":19063,"template":"","meta":{"site-sidebar-layout":"default","site-content-layout":"","ast-site-content-layout":"default","site-content-style":"default","site-sidebar-style":"default","ast-global-header-display":"","ast-banner-title-visibility":"","ast-main-header-display":"","ast-hfb-above-header-display":"","ast-hfb-below-header-display":"","ast-hfb-mobile-header-display":"","site-post-title":"","ast-breadcrumbs-content":"","ast-featured-img":"","footer-sml-layout":"","theme-transparent-header-meta":"default","adv-header-id-meta":"","stick-header-meta":"default","header-above-stick-meta":"","header-main-stick-meta":"","header-below-stick-meta":"","astra-migrate-meta-layouts":"set","ast-page-background-enabled":"default","ast-page-background-meta":{"desktop":{"background-color":"","background-image":"","background-repeat":"repeat","background-position":"center center","background-size":"auto","background-attachment":"scroll","background-type":"","background-media":"","overlay-type":"","overlay-color":"","overlay-opacity":"","overlay-gradient":""},"tablet":{"background-color":"","background-image":"","background-repeat":"repeat","background-position":"center center","background-size":"auto","background-attachment":"scroll","background-type":"","background-media":"","overlay-type":"","overlay-color":"","overlay-opacity":"","overlay-gradient":""},"mobile":{"background-color":"","background-image":"","background-repeat":"repeat","background-position":"center center","background-size":"auto","background-attachment":"scroll","background-type":"","background-media":"","overlay-type":"","overlay-color":"","overlay-opacity":"","overlay-gradient":""}},"ast-content-background-meta":{"desktop":{"background-color":"var(--ast-global-color-5)","background-image":"","background-repeat":"repeat","background-position":"center center","background-size":"auto","background-attachment":"scroll","background-type":"","background-media":"","overlay-type":"","overlay-color":"","overlay-opacity":"","overlay-gradient":""},"tablet":{"background-color":"var(--ast-global-color-5)","background-image":"","background-repeat":"repeat","background-position":"center center","background-size":"auto","background-attachment":"scroll","background-type":"","background-media":"","overlay-type":"","overlay-color":"","overlay-opacity":"","overlay-gradient":""},"mobile":{"background-color":"var(--ast-global-color-5)","background-image":"","background-repeat":"repeat","background-position":"center center","background-size":"auto","background-attachment":"scroll","background-type":"","background-media":"","overlay-type":"","overlay-color":"","overlay-opacity":"","overlay-gradient":""}}},"class_list":["post-19047","product","type-product","status-publish","has-post-thumbnail","hentry","product_cat-cayin","product_cat-pojacala-smartphone","desktop-align-center","tablet-align-center","mobile-align-center","ast-product-gallery-layout-horizontal","ast-magnify-disabled","ast-product-tabs-layout-horizontal"],"yoast_head":"<!-- This site is optimized with the Yoast SEO plugin v21.4 - https:\/\/yoast.com\/wordpress\/plugins\/seo\/ -->\n<title>Cayin RU9 - hd-multimedia<\/title>\n<meta name=\"description\" content=\"Cayin RU9 je vrhunski prijenosni DAC i poja\u010dalo koje kombinira dvostruke AK4493SEQ DAC \u010dipove, KORG Nutube 6P1 tehnologiju vakuumskih cijevi\" \/>\n<meta name=\"robots\" content=\"index, follow, max-snippet:-1, max-image-preview:large, max-video-preview:-1\" \/>\n<link rel=\"canonical\" href=\"https:\/\/hd-multimedia.com\/sl\/trgovina\/cayin-ru9\/\" \/>\n<meta property=\"og:locale\" content=\"sl_SI\" \/>\n<meta property=\"og:type\" content=\"article\" \/>\n<meta property=\"og:title\" content=\"Cayin RU9 - hd-multimedia\" \/>\n<meta property=\"og:description\" content=\"Cayin RU9 je vrhunski prijenosni DAC i poja\u010dalo koje kombinira dvostruke AK4493SEQ DAC \u010dipove, KORG Nutube 6P1 tehnologiju vakuumskih cijevi\" \/>\n<meta property=\"og:url\" content=\"https:\/\/hd-multimedia.com\/sl\/trgovina\/cayin-ru9\/\" \/>\n<meta property=\"og:site_name\" content=\"hd-multimedia\" \/>\n<meta property=\"article:modified_time\" content=\"2026-02-20T10:58:21+00:00\" \/>\n<meta property=\"og:image\" content=\"https:\/\/hd-multimedia.com\/hdm_media\/Cayin-RU9-e1760361289893.png\" \/>\n\t<meta property=\"og:image:width\" content=\"846\" \/>\n\t<meta property=\"og:image:height\" content=\"846\" \/>\n\t<meta property=\"og:image:type\" content=\"image\/png\" \/>\n<meta name=\"twitter:card\" content=\"summary_large_image\" \/>\n<meta name=\"twitter:label1\" content=\"Est. reading time\" \/>\n\t<meta name=\"twitter:data1\" content=\"1 minuta\" \/>\n<script type=\"application\/ld+json\" class=\"yoast-schema-graph\">{\"@context\":\"https:\/\/schema.org\",\"@graph\":[{\"@type\":\"WebPage\",\"@id\":\"https:\/\/hd-multimedia.com\/trgovina\/cayin-ru9\/\",\"url\":\"https:\/\/hd-multimedia.com\/trgovina\/cayin-ru9\/\",\"name\":\"Cayin RU9 - hd-multimedia\",\"isPartOf\":{\"@id\":\"https:\/\/hd-multimedia.com\/#website\"},\"datePublished\":\"2025-10-10T08:25:43+00:00\",\"dateModified\":\"2026-02-20T10:58:21+00:00\",\"description\":\"Cayin RU9 je vrhunski prijenosni DAC i poja\u010dalo koje kombinira dvostruke AK4493SEQ DAC \u010dipove, KORG Nutube 6P1 tehnologiju vakuumskih cijevi\",\"breadcrumb\":{\"@id\":\"https:\/\/hd-multimedia.com\/trgovina\/cayin-ru9\/#breadcrumb\"},\"inLanguage\":\"sl-SI\",\"potentialAction\":[{\"@type\":\"ReadAction\",\"target\":[\"https:\/\/hd-multimedia.com\/trgovina\/cayin-ru9\/\"]}]},{\"@type\":\"BreadcrumbList\",\"@id\":\"https:\/\/hd-multimedia.com\/trgovina\/cayin-ru9\/#breadcrumb\",\"itemListElement\":[{\"@type\":\"ListItem\",\"position\":1,\"name\":\"Po\u010detna stranica\",\"item\":\"https:\/\/hd-multimedia.com\/\"},{\"@type\":\"ListItem\",\"position\":2,\"name\":\"Trgovina\",\"item\":\"https:\/\/hd-multimedia.com\/trgovina\/\"},{\"@type\":\"ListItem\",\"position\":3,\"name\":\"Cayin RU9\"}]},{\"@type\":\"WebSite\",\"@id\":\"https:\/\/hd-multimedia.com\/#website\",\"url\":\"https:\/\/hd-multimedia.com\/\",\"name\":\"hd-multimedia\",\"description\":\"\",\"publisher\":{\"@id\":\"https:\/\/hd-multimedia.com\/#organization\"},\"potentialAction\":[{\"@type\":\"SearchAction\",\"target\":{\"@type\":\"EntryPoint\",\"urlTemplate\":\"https:\/\/hd-multimedia.com\/?s={search_term_string}\"},\"query-input\":\"required name=search_term_string\"}],\"inLanguage\":\"sl-SI\"},{\"@type\":\"Organization\",\"@id\":\"https:\/\/hd-multimedia.com\/#organization\",\"name\":\"hd-multimedia\",\"url\":\"https:\/\/hd-multimedia.com\/\",\"logo\":{\"@type\":\"ImageObject\",\"inLanguage\":\"sl-SI\",\"@id\":\"https:\/\/hd-multimedia.com\/#\/schema\/logo\/image\/\",\"url\":\"https:\/\/hd-multimedia.com\/hdm_media\/HD-curves-ok-196-56px-alpha-1.png\",\"contentUrl\":\"https:\/\/hd-multimedia.com\/hdm_media\/HD-curves-ok-196-56px-alpha-1.png\",\"width\":196,\"height\":53,\"caption\":\"hd-multimedia\"},\"image\":{\"@id\":\"https:\/\/hd-multimedia.com\/#\/schema\/logo\/image\/\"}}]}<\/script>\n<!-- \/ Yoast SEO plugin. -->","yoast_head_json":{"title":"Cayin RU9 - hd-multimedia","description":"Cayin RU9 je vrhunski prijenosni DAC i poja\u010dalo koje kombinira dvostruke AK4493SEQ DAC \u010dipove, KORG Nutube 6P1 tehnologiju vakuumskih cijevi","robots":{"index":"index","follow":"follow","max-snippet":"max-snippet:-1","max-image-preview":"max-image-preview:large","max-video-preview":"max-video-preview:-1"},"canonical":"https:\/\/hd-multimedia.com\/sl\/trgovina\/cayin-ru9\/","og_locale":"sl_SI","og_type":"article","og_title":"Cayin RU9 - hd-multimedia","og_description":"Cayin RU9 je vrhunski prijenosni DAC i poja\u010dalo koje kombinira dvostruke AK4493SEQ DAC \u010dipove, KORG Nutube 6P1 tehnologiju vakuumskih cijevi","og_url":"https:\/\/hd-multimedia.com\/sl\/trgovina\/cayin-ru9\/","og_site_name":"hd-multimedia","article_modified_time":"2026-02-20T10:58:21+00:00","og_image":[{"width":846,"height":846,"url":"https:\/\/hd-multimedia.com\/hdm_media\/Cayin-RU9-e1760361289893.png","type":"image\/png"}],"twitter_card":"summary_large_image","twitter_misc":{"Est. reading time":"1 minuta"},"schema":{"@context":"https:\/\/schema.org","@graph":[{"@type":"WebPage","@id":"https:\/\/hd-multimedia.com\/trgovina\/cayin-ru9\/","url":"https:\/\/hd-multimedia.com\/trgovina\/cayin-ru9\/","name":"Cayin RU9 - hd-multimedia","isPartOf":{"@id":"https:\/\/hd-multimedia.com\/#website"},"datePublished":"2025-10-10T08:25:43+00:00","dateModified":"2026-02-20T10:58:21+00:00","description":"Cayin RU9 je vrhunski prijenosni DAC i poja\u010dalo koje kombinira dvostruke AK4493SEQ DAC \u010dipove, KORG Nutube 6P1 tehnologiju vakuumskih cijevi","breadcrumb":{"@id":"https:\/\/hd-multimedia.com\/trgovina\/cayin-ru9\/#breadcrumb"},"inLanguage":"sl-SI","potentialAction":[{"@type":"ReadAction","target":["https:\/\/hd-multimedia.com\/trgovina\/cayin-ru9\/"]}]},{"@type":"BreadcrumbList","@id":"https:\/\/hd-multimedia.com\/trgovina\/cayin-ru9\/#breadcrumb","itemListElement":[{"@type":"ListItem","position":1,"name":"Po\u010detna stranica","item":"https:\/\/hd-multimedia.com\/"},{"@type":"ListItem","position":2,"name":"Trgovina","item":"https:\/\/hd-multimedia.com\/trgovina\/"},{"@type":"ListItem","position":3,"name":"Cayin RU9"}]},{"@type":"WebSite","@id":"https:\/\/hd-multimedia.com\/#website","url":"https:\/\/hd-multimedia.com\/","name":"hd-multimedia","description":"","publisher":{"@id":"https:\/\/hd-multimedia.com\/#organization"},"potentialAction":[{"@type":"SearchAction","target":{"@type":"EntryPoint","urlTemplate":"https:\/\/hd-multimedia.com\/?s={search_term_string}"},"query-input":"required name=search_term_string"}],"inLanguage":"sl-SI"},{"@type":"Organization","@id":"https:\/\/hd-multimedia.com\/#organization","name":"hd-multimedia","url":"https:\/\/hd-multimedia.com\/","logo":{"@type":"ImageObject","inLanguage":"sl-SI","@id":"https:\/\/hd-multimedia.com\/#\/schema\/logo\/image\/","url":"https:\/\/hd-multimedia.com\/hdm_media\/HD-curves-ok-196-56px-alpha-1.png","contentUrl":"https:\/\/hd-multimedia.com\/hdm_media\/HD-curves-ok-196-56px-alpha-1.png","width":196,"height":53,"caption":"hd-multimedia"},"image":{"@id":"https:\/\/hd-multimedia.com\/#\/schema\/logo\/image\/"}}]}},"post_mailing_queue_ids":[],"_links":{"self":[{"href":"https:\/\/hd-multimedia.com\/sl\/wp-json\/wp\/v2\/product\/19047","targetHints":{"allow":["GET"]}}],"collection":[{"href":"https:\/\/hd-multimedia.com\/sl\/wp-json\/wp\/v2\/product"}],"about":[{"href":"https:\/\/hd-multimedia.com\/sl\/wp-json\/wp\/v2\/types\/product"}],"version-history":[{"count":4,"href":"https:\/\/hd-multimedia.com\/sl\/wp-json\/wp\/v2\/product\/19047\/revisions"}],"predecessor-version":[{"id":19064,"href":"https:\/\/hd-multimedia.com\/sl\/wp-json\/wp\/v2\/product\/19047\/revisions\/19064"}],"wp:featuredmedia":[{"embeddable":true,"href":"https:\/\/hd-multimedia.com\/sl\/wp-json\/wp\/v2\/media\/19063"}],"wp:attachment":[{"href":"https:\/\/hd-multimedia.com\/sl\/wp-json\/wp\/v2\/media?parent=19047"}],"curies":[{"name":"wp","href":"https:\/\/api.w.org\/{rel}","templated":true}]}}