{"id":19015,"date":"2025-10-03T08:50:02","date_gmt":"2025-10-03T08:50:02","guid":{"rendered":"https:\/\/hd-multimedia.com\/?post_type=product&#038;p=19015"},"modified":"2026-02-24T13:23:51","modified_gmt":"2026-02-24T13:23:51","slug":"elac-ds153","status":"publish","type":"product","link":"https:\/\/hd-multimedia.com\/sl\/trgovina\/elac-ds153\/","title":{"rendered":"Elac DS153"},"content":{"rendered":"<p>Elac DS153 aktivni subwoofer ima kontrole na stra\u017enjoj plo\u010di za besprijekorno spajanje basa s ostatkom zvu\u010dnika u va\u0161em sustavu. ELAC S153 opremljen je setom stereo RCA\/LFE linijskih ulaznih priklju\u010daka za spajanje aktivnog subwoofera na va\u0161 AV ili stereo prijemnik\/pretpoja\u010dalo. Tako\u0111er nudi ulaze i izlaze na razini zvu\u010dnika, ako je to potrebno. Unaprijed postavljene gumene no\u017eice poma\u017eu u izolaciji ku\u0107i\u0161ta subwoofera od poda kako bi se sprije\u010dila ne\u017eeljena izobli\u010denja uzrokovana vibracijama. Ove gumene no\u017eice mogu se ukloniti ako planirate koristiti robusnije no\u017eice za izolaciju vibracija.<\/p>\n<p>Elac DS153 \u0107e detektirati kada se audio signal \u0161alje na poja\u010dalo i uklju\u010dit \u0107e se. Tako\u0111er, radi u\u0161tede energije, subwoofer \u0107e se isklju\u010diti nakon 15 minuta bez audio signala i neaktivnosti. Tako\u0111er mo\u017eete ru\u010dno uklju\u010diti\/isklju\u010diti subwoofer pomo\u0107u prekida\u010da za napajanje na stra\u017enjoj plo\u010di. Na stra\u017enjoj strani subwoofera nalazi se LED dioda koja \u0107e svijetliti zeleno kako bi nazna\u010dila da je subwoofer uklju\u010den, a svijetlit crveno kada je subwoofer isklju\u010den ili u stanju pripravnosti.<\/p>\n<p><strong>Tehni\u010dni podatki:<\/strong><\/p>\n<p>Vrsta zvu\u010dnika: Aktivni, Zatvoreni dizajn ku\u0107i\u0161ta<br \/>\nWoofer: 15\u201c Polipropilenski konus s teksturiranom povr\u0161inom<br \/>\nNiska frekvencija: 31 Hz @ 3dB, 29 Hz @ 6dB<br \/>\nKri\u017ena frekvenca: 50 do 150 Hz<br \/>\nVrsta poja\u010dala: Poja\u010dalo klase D<br \/>\nMaksimalna snaga poja\u010dala: (RMS\/Peak) 300 \/ 600 W<br \/>\n\u0160irina: 468 mm<br \/>\nDubina: 486 mm<br \/>\nVisina: 468 mm<br \/>\nNeto te\u017eina: 25,1 kg<br \/>\nSkupno harmonsko popa\u010denje (THD) &lt;0,1%<\/p>","protected":false},"excerpt":{"rendered":"<p>Elac DS153 je aktivni subwoofer Izgra\u0111en s prilago\u0111enim 15\u2032\u2032 wooferom i visokou\u010dinkovitim poja\u010dalom D klase sa 600W vr\u0161ne snage. Elac DS153 aktivni subwoofer pru\u017ea uske, niske frekvencije bez distorzije koje o\u017eivljavaju va\u0161u omiljenu glazbu i filmove. Elac DS153 aktivni subwoofer koristi zatvoreno ku\u0107i\u0161te koje osigurava nisku distorziju i brz odziv prijelaza, pru\u017eaju\u0107i prirodne, artikulirane niske frekvencije koje se besprijekorno stapaju s va\u0161im glavnim zvu\u010dnicima. Ku\u0107i\u0161te je izra\u0111eno od MDF-a (vlaknaste plo\u010de srednje gusto\u0107e) s unutarnjim horizontalnim oja\u010danjima koje poma\u017eu u smanjenju ne\u017eeljenih vibracija koje mogu promijeniti boju glazbenog ili filmskog sadr\u017eaja. Vanjski zidovi ku\u0107i\u0161ta od MDF-a prekriveni su crnim vinilom s teksturom drveta. Uklonjiva platnena re\u0161etka prekriva 15\u2032\u2032 woofer i prednji dio ku\u0107i\u0161ta.<\/p>\n<p><a href=\"https:\/\/elac.com\/ds153-bk\" target=\"_blank\" rel=\"noopener\">Povezava za dodatne informacije o izdelku!<\/a><\/p>","protected":false},"featured_media":19035,"template":"","meta":{"site-sidebar-layout":"default","site-content-layout":"","ast-site-content-layout":"default","site-content-style":"default","site-sidebar-style":"default","ast-global-header-display":"","ast-banner-title-visibility":"","ast-main-header-display":"","ast-hfb-above-header-display":"","ast-hfb-below-header-display":"","ast-hfb-mobile-header-display":"","site-post-title":"","ast-breadcrumbs-content":"","ast-featured-img":"","footer-sml-layout":"","theme-transparent-header-meta":"default","adv-header-id-meta":"","stick-header-meta":"default","header-above-stick-meta":"","header-main-stick-meta":"","header-below-stick-meta":"","astra-migrate-meta-layouts":"set","ast-page-background-enabled":"default","ast-page-background-meta":{"desktop":{"background-color":"","background-image":"","background-repeat":"repeat","background-position":"center center","background-size":"auto","background-attachment":"scroll","background-type":"","background-media":"","overlay-type":"","overlay-color":"","overlay-opacity":"","overlay-gradient":""},"tablet":{"background-color":"","background-image":"","background-repeat":"repeat","background-position":"center center","background-size":"auto","background-attachment":"scroll","background-type":"","background-media":"","overlay-type":"","overlay-color":"","overlay-opacity":"","overlay-gradient":""},"mobile":{"background-color":"","background-image":"","background-repeat":"repeat","background-position":"center center","background-size":"auto","background-attachment":"scroll","background-type":"","background-media":"","overlay-type":"","overlay-color":"","overlay-opacity":"","overlay-gradient":""}},"ast-content-background-meta":{"desktop":{"background-color":"var(--ast-global-color-5)","background-image":"","background-repeat":"repeat","background-position":"center center","background-size":"auto","background-attachment":"scroll","background-type":"","background-media":"","overlay-type":"","overlay-color":"","overlay-opacity":"","overlay-gradient":""},"tablet":{"background-color":"var(--ast-global-color-5)","background-image":"","background-repeat":"repeat","background-position":"center center","background-size":"auto","background-attachment":"scroll","background-type":"","background-media":"","overlay-type":"","overlay-color":"","overlay-opacity":"","overlay-gradient":""},"mobile":{"background-color":"var(--ast-global-color-5)","background-image":"","background-repeat":"repeat","background-position":"center center","background-size":"auto","background-attachment":"scroll","background-type":"","background-media":"","overlay-type":"","overlay-color":"","overlay-opacity":"","overlay-gradient":""}}},"class_list":["post-19015","product","type-product","status-publish","has-post-thumbnail","hentry","product_cat-subwoofer-home-theater","product_cat-elac","desktop-align-center","tablet-align-center","mobile-align-center","ast-product-gallery-layout-horizontal","ast-magnify-disabled","ast-product-tabs-layout-horizontal"],"yoast_head":"<!-- This site is optimized with the Yoast SEO plugin v21.4 - https:\/\/yoast.com\/wordpress\/plugins\/seo\/ -->\n<title>Elac DS153 - hd-multimedia<\/title>\n<meta name=\"description\" content=\"Elac DS153 je aktivni subwoofer Izgra\u0111en s prilago\u0111enim 15\u2032\u2032 wooferom i visokou\u010dinkovitim poja\u010dalom D klase sa 600W vr\u0161ne snage.\" \/>\n<meta name=\"robots\" content=\"index, follow, max-snippet:-1, max-image-preview:large, max-video-preview:-1\" \/>\n<link rel=\"canonical\" href=\"https:\/\/hd-multimedia.com\/sl\/trgovina\/elac-ds153\/\" \/>\n<meta property=\"og:locale\" content=\"sl_SI\" \/>\n<meta property=\"og:type\" content=\"article\" \/>\n<meta property=\"og:title\" content=\"Elac DS153 - hd-multimedia\" \/>\n<meta property=\"og:description\" content=\"Elac DS153 je aktivni subwoofer Izgra\u0111en s prilago\u0111enim 15\u2032\u2032 wooferom i visokou\u010dinkovitim poja\u010dalom D klase sa 600W vr\u0161ne snage.\" \/>\n<meta property=\"og:url\" content=\"https:\/\/hd-multimedia.com\/sl\/trgovina\/elac-ds153\/\" \/>\n<meta property=\"og:site_name\" content=\"hd-multimedia\" \/>\n<meta property=\"article:modified_time\" content=\"2026-02-24T13:23:51+00:00\" \/>\n<meta property=\"og:image\" content=\"https:\/\/hd-multimedia.com\/hdm_media\/Elac-DS153-2-e1759489711763.jpg\" \/>\n\t<meta property=\"og:image:width\" content=\"670\" \/>\n\t<meta property=\"og:image:height\" content=\"670\" \/>\n\t<meta property=\"og:image:type\" content=\"image\/jpeg\" \/>\n<meta name=\"twitter:card\" content=\"summary_large_image\" \/>\n<meta name=\"twitter:label1\" content=\"Est. reading time\" \/>\n\t<meta name=\"twitter:data1\" content=\"2 minuti\" \/>\n<script type=\"application\/ld+json\" class=\"yoast-schema-graph\">{\"@context\":\"https:\/\/schema.org\",\"@graph\":[{\"@type\":\"WebPage\",\"@id\":\"https:\/\/hd-multimedia.com\/trgovina\/elac-ds153\/\",\"url\":\"https:\/\/hd-multimedia.com\/trgovina\/elac-ds153\/\",\"name\":\"Elac DS153 - hd-multimedia\",\"isPartOf\":{\"@id\":\"https:\/\/hd-multimedia.com\/#website\"},\"datePublished\":\"2025-10-03T08:50:02+00:00\",\"dateModified\":\"2026-02-24T13:23:51+00:00\",\"description\":\"Elac DS153 je aktivni subwoofer Izgra\u0111en s prilago\u0111enim 15\u2032\u2032 wooferom i visokou\u010dinkovitim poja\u010dalom D klase sa 600W vr\u0161ne snage.\",\"breadcrumb\":{\"@id\":\"https:\/\/hd-multimedia.com\/trgovina\/elac-ds153\/#breadcrumb\"},\"inLanguage\":\"sl-SI\",\"potentialAction\":[{\"@type\":\"ReadAction\",\"target\":[\"https:\/\/hd-multimedia.com\/trgovina\/elac-ds153\/\"]}]},{\"@type\":\"BreadcrumbList\",\"@id\":\"https:\/\/hd-multimedia.com\/trgovina\/elac-ds153\/#breadcrumb\",\"itemListElement\":[{\"@type\":\"ListItem\",\"position\":1,\"name\":\"Po\u010detna stranica\",\"item\":\"https:\/\/hd-multimedia.com\/\"},{\"@type\":\"ListItem\",\"position\":2,\"name\":\"Trgovina\",\"item\":\"https:\/\/hd-multimedia.com\/trgovina\/\"},{\"@type\":\"ListItem\",\"position\":3,\"name\":\"Elac DS153\"}]},{\"@type\":\"WebSite\",\"@id\":\"https:\/\/hd-multimedia.com\/#website\",\"url\":\"https:\/\/hd-multimedia.com\/\",\"name\":\"hd-multimedia\",\"description\":\"\",\"publisher\":{\"@id\":\"https:\/\/hd-multimedia.com\/#organization\"},\"potentialAction\":[{\"@type\":\"SearchAction\",\"target\":{\"@type\":\"EntryPoint\",\"urlTemplate\":\"https:\/\/hd-multimedia.com\/?s={search_term_string}\"},\"query-input\":\"required name=search_term_string\"}],\"inLanguage\":\"sl-SI\"},{\"@type\":\"Organization\",\"@id\":\"https:\/\/hd-multimedia.com\/#organization\",\"name\":\"hd-multimedia\",\"url\":\"https:\/\/hd-multimedia.com\/\",\"logo\":{\"@type\":\"ImageObject\",\"inLanguage\":\"sl-SI\",\"@id\":\"https:\/\/hd-multimedia.com\/#\/schema\/logo\/image\/\",\"url\":\"https:\/\/hd-multimedia.com\/hdm_media\/HD-curves-ok-196-56px-alpha-1.png\",\"contentUrl\":\"https:\/\/hd-multimedia.com\/hdm_media\/HD-curves-ok-196-56px-alpha-1.png\",\"width\":196,\"height\":53,\"caption\":\"hd-multimedia\"},\"image\":{\"@id\":\"https:\/\/hd-multimedia.com\/#\/schema\/logo\/image\/\"}}]}<\/script>\n<!-- \/ Yoast SEO plugin. -->","yoast_head_json":{"title":"Elac DS153 - hd-multimedia","description":"Elac DS153 je aktivni subwoofer Izgra\u0111en s prilago\u0111enim 15\u2032\u2032 wooferom i visokou\u010dinkovitim poja\u010dalom D klase sa 600W vr\u0161ne snage.","robots":{"index":"index","follow":"follow","max-snippet":"max-snippet:-1","max-image-preview":"max-image-preview:large","max-video-preview":"max-video-preview:-1"},"canonical":"https:\/\/hd-multimedia.com\/sl\/trgovina\/elac-ds153\/","og_locale":"sl_SI","og_type":"article","og_title":"Elac DS153 - hd-multimedia","og_description":"Elac DS153 je aktivni subwoofer Izgra\u0111en s prilago\u0111enim 15\u2032\u2032 wooferom i visokou\u010dinkovitim poja\u010dalom D klase sa 600W vr\u0161ne snage.","og_url":"https:\/\/hd-multimedia.com\/sl\/trgovina\/elac-ds153\/","og_site_name":"hd-multimedia","article_modified_time":"2026-02-24T13:23:51+00:00","og_image":[{"width":670,"height":670,"url":"https:\/\/hd-multimedia.com\/hdm_media\/Elac-DS153-2-e1759489711763.jpg","type":"image\/jpeg"}],"twitter_card":"summary_large_image","twitter_misc":{"Est. reading time":"2 minuti"},"schema":{"@context":"https:\/\/schema.org","@graph":[{"@type":"WebPage","@id":"https:\/\/hd-multimedia.com\/trgovina\/elac-ds153\/","url":"https:\/\/hd-multimedia.com\/trgovina\/elac-ds153\/","name":"Elac DS153 - hd-multimedia","isPartOf":{"@id":"https:\/\/hd-multimedia.com\/#website"},"datePublished":"2025-10-03T08:50:02+00:00","dateModified":"2026-02-24T13:23:51+00:00","description":"Elac DS153 je aktivni subwoofer Izgra\u0111en s prilago\u0111enim 15\u2032\u2032 wooferom i visokou\u010dinkovitim poja\u010dalom D klase sa 600W vr\u0161ne snage.","breadcrumb":{"@id":"https:\/\/hd-multimedia.com\/trgovina\/elac-ds153\/#breadcrumb"},"inLanguage":"sl-SI","potentialAction":[{"@type":"ReadAction","target":["https:\/\/hd-multimedia.com\/trgovina\/elac-ds153\/"]}]},{"@type":"BreadcrumbList","@id":"https:\/\/hd-multimedia.com\/trgovina\/elac-ds153\/#breadcrumb","itemListElement":[{"@type":"ListItem","position":1,"name":"Po\u010detna stranica","item":"https:\/\/hd-multimedia.com\/"},{"@type":"ListItem","position":2,"name":"Trgovina","item":"https:\/\/hd-multimedia.com\/trgovina\/"},{"@type":"ListItem","position":3,"name":"Elac DS153"}]},{"@type":"WebSite","@id":"https:\/\/hd-multimedia.com\/#website","url":"https:\/\/hd-multimedia.com\/","name":"hd-multimedia","description":"","publisher":{"@id":"https:\/\/hd-multimedia.com\/#organization"},"potentialAction":[{"@type":"SearchAction","target":{"@type":"EntryPoint","urlTemplate":"https:\/\/hd-multimedia.com\/?s={search_term_string}"},"query-input":"required name=search_term_string"}],"inLanguage":"sl-SI"},{"@type":"Organization","@id":"https:\/\/hd-multimedia.com\/#organization","name":"hd-multimedia","url":"https:\/\/hd-multimedia.com\/","logo":{"@type":"ImageObject","inLanguage":"sl-SI","@id":"https:\/\/hd-multimedia.com\/#\/schema\/logo\/image\/","url":"https:\/\/hd-multimedia.com\/hdm_media\/HD-curves-ok-196-56px-alpha-1.png","contentUrl":"https:\/\/hd-multimedia.com\/hdm_media\/HD-curves-ok-196-56px-alpha-1.png","width":196,"height":53,"caption":"hd-multimedia"},"image":{"@id":"https:\/\/hd-multimedia.com\/#\/schema\/logo\/image\/"}}]}},"post_mailing_queue_ids":[],"_links":{"self":[{"href":"https:\/\/hd-multimedia.com\/sl\/wp-json\/wp\/v2\/product\/19015","targetHints":{"allow":["GET"]}}],"collection":[{"href":"https:\/\/hd-multimedia.com\/sl\/wp-json\/wp\/v2\/product"}],"about":[{"href":"https:\/\/hd-multimedia.com\/sl\/wp-json\/wp\/v2\/types\/product"}],"version-history":[{"count":5,"href":"https:\/\/hd-multimedia.com\/sl\/wp-json\/wp\/v2\/product\/19015\/revisions"}],"predecessor-version":[{"id":19024,"href":"https:\/\/hd-multimedia.com\/sl\/wp-json\/wp\/v2\/product\/19015\/revisions\/19024"}],"wp:featuredmedia":[{"embeddable":true,"href":"https:\/\/hd-multimedia.com\/sl\/wp-json\/wp\/v2\/media\/19035"}],"wp:attachment":[{"href":"https:\/\/hd-multimedia.com\/sl\/wp-json\/wp\/v2\/media?parent=19015"}],"curies":[{"name":"wp","href":"https:\/\/api.w.org\/{rel}","templated":true}]}}