{"id":18965,"date":"2025-09-30T11:33:19","date_gmt":"2025-09-30T11:33:19","guid":{"rendered":"https:\/\/hd-multimedia.com\/?post_type=product&#038;p=18965"},"modified":"2025-12-09T22:16:08","modified_gmt":"2025-12-09T22:16:08","slug":"fiio-snowsky-melody","status":"publish","type":"product","link":"https:\/\/hd-multimedia.com\/sl\/trgovina\/fiio-snowsky-melody\/","title":{"rendered":"FiiO Snowsky Melody"},"content":{"rendered":"<p>FiiO Snowsky Melody napravljen je od ostarjelog drva iz Sjeverne Amerike koje osigurava da svaki Melody ima jedinstveno lijepe teksture. Sve je to rezultat preciznog CNC rezbarenja, poliranja i su\u0161enja na zraku. Tipke i ku\u0107i\u0161te besprijekorno su integrirani s prepoznatljivim FIIO dizajnom luka, dodaju\u0107i dinami\u010dan dodir odva\u017enom profilu uravnote\u017euju\u0107i estetiku s lako\u0107om kori\u0161tenja.<\/p>\n<p>Dvostruki 43131 DAC-ovi podr\u017eavaju dekodiranje zvuka do PCM 384kHz\/32bit DSD256, reproduciraju\u0107i svaki posljednji detalj iz audio signala. Osim toga, Hi-Res Audio certifikat osigurava da Melody pru\u017ea pouzdanu kvalitetu zvuka.<\/p>\n<p>FiiO Snowsky Melody 3,5 mm SE izlaz je vrlo svestran i kompatibilan s ugra\u0111enim kontrolama i mikrofonima. S adapterskim kabelom mo\u017eete ga koristiti i za izlaz SPDIF i koaksijalnih signala, \u0161to Melodyju omogu\u0107uje visokokvalitetan i stabilan izlaz za razli\u010ditu profesionalnu audio i video opremu. Balansirani 4,4 mm izlaz kompatibilan je s balansiranim kabelima za slu\u0161alice, \u0161to omogu\u0107uje ve\u0107u izlaznu snagu i detaljniji zvuk.<\/p>\n<p><a href=\"https:\/\/fiio.com\/melody_parameters\" target=\"_blank\" rel=\"noopener\">Podrobne specifikacije!<\/a><\/p>","protected":false},"excerpt":{"rendered":"<p>FiiO Snowsky Melody je vrhunski prijenosni DAC + poja\u010dalo s dvostrukim Cirrus CS43131 DAC-ovima, hibridnim drvenim ku\u0107i\u0161tem visoke kvalitete (orah ili javor), 3,5 mm SE i 4,4 mm balansiranim izlazima, podr\u0161kom za 384 kHz PCM i DSD256. Korisni\u010dko su\u010delje Melodyja pobolj\u0161ano je zna\u010dajkama poput vi\u0161ebojnog RGB indikatora sampling-rate, dva prilagodljiva na\u010dina pode\u0161avanja glasno\u0107e i pristupa 10-pojasnom parametarskom ekvilajzeru (PEQ) putem FiiO Control aplikacije ili web su\u010delja. FiiO Snowsky Melody je napravljen kako bi potro\u0161nja energije bila izuzetno niska &#8211; idealno za duga slu\u0161anja. FiiO Snowsky Melody ima na\u010dina mirovanja i niske struje u stanju pripravnosti kako bi se sa\u010duvala baterija va\u0161eg ure\u0111aja.<\/p>\n<p><a href=\"https:\/\/fiio.com\/melody\" target=\"_blank\" rel=\"noopener\">Povezava za dodatne informacije o izdelku!<\/a><\/p>","protected":false},"featured_media":18990,"template":"","meta":{"site-sidebar-layout":"default","site-content-layout":"","ast-site-content-layout":"default","site-content-style":"default","site-sidebar-style":"default","ast-global-header-display":"","ast-banner-title-visibility":"","ast-main-header-display":"","ast-hfb-above-header-display":"","ast-hfb-below-header-display":"","ast-hfb-mobile-header-display":"","site-post-title":"","ast-breadcrumbs-content":"","ast-featured-img":"","footer-sml-layout":"","theme-transparent-header-meta":"default","adv-header-id-meta":"","stick-header-meta":"default","header-above-stick-meta":"","header-main-stick-meta":"","header-below-stick-meta":"","astra-migrate-meta-layouts":"set","ast-page-background-enabled":"default","ast-page-background-meta":{"desktop":{"background-color":"","background-image":"","background-repeat":"repeat","background-position":"center center","background-size":"auto","background-attachment":"scroll","background-type":"","background-media":"","overlay-type":"","overlay-color":"","overlay-opacity":"","overlay-gradient":""},"tablet":{"background-color":"","background-image":"","background-repeat":"repeat","background-position":"center center","background-size":"auto","background-attachment":"scroll","background-type":"","background-media":"","overlay-type":"","overlay-color":"","overlay-opacity":"","overlay-gradient":""},"mobile":{"background-color":"","background-image":"","background-repeat":"repeat","background-position":"center center","background-size":"auto","background-attachment":"scroll","background-type":"","background-media":"","overlay-type":"","overlay-color":"","overlay-opacity":"","overlay-gradient":""}},"ast-content-background-meta":{"desktop":{"background-color":"var(--ast-global-color-5)","background-image":"","background-repeat":"repeat","background-position":"center center","background-size":"auto","background-attachment":"scroll","background-type":"","background-media":"","overlay-type":"","overlay-color":"","overlay-opacity":"","overlay-gradient":""},"tablet":{"background-color":"var(--ast-global-color-5)","background-image":"","background-repeat":"repeat","background-position":"center center","background-size":"auto","background-attachment":"scroll","background-type":"","background-media":"","overlay-type":"","overlay-color":"","overlay-opacity":"","overlay-gradient":""},"mobile":{"background-color":"var(--ast-global-color-5)","background-image":"","background-repeat":"repeat","background-position":"center center","background-size":"auto","background-attachment":"scroll","background-type":"","background-media":"","overlay-type":"","overlay-color":"","overlay-opacity":"","overlay-gradient":""}}},"class_list":["post-18965","product","type-product","status-publish","has-post-thumbnail","hentry","product_cat-pojacala-smartphone","product_cat-fiio","product_tag-novo-u-ponudi","desktop-align-center","tablet-align-center","mobile-align-center","ast-product-gallery-layout-horizontal","ast-magnify-disabled","ast-product-single-variable","ast-product-tabs-layout-horizontal"],"yoast_head":"<!-- This site is optimized with the Yoast SEO plugin v21.4 - https:\/\/yoast.com\/wordpress\/plugins\/seo\/ -->\n<title>FiiO Snowsky Melody - hd-multimedia<\/title>\n<meta name=\"description\" content=\"FiiO Snowsky Melody je vrhunski prijenosni DAC + poja\u010dalo s dvostrukim Cirrus CS43131 DAC-ovima, hibridnim drvenim ku\u0107i\u0161tem visoke kvalitete.\" \/>\n<meta name=\"robots\" content=\"index, follow, max-snippet:-1, max-image-preview:large, max-video-preview:-1\" \/>\n<link rel=\"canonical\" href=\"https:\/\/hd-multimedia.com\/sl\/trgovina\/fiio-snowsky-melody\/\" \/>\n<meta property=\"og:locale\" content=\"sl_SI\" \/>\n<meta property=\"og:type\" content=\"article\" \/>\n<meta property=\"og:title\" content=\"FiiO Snowsky Melody - hd-multimedia\" \/>\n<meta property=\"og:description\" content=\"FiiO Snowsky Melody je vrhunski prijenosni DAC + poja\u010dalo s dvostrukim Cirrus CS43131 DAC-ovima, hibridnim drvenim ku\u0107i\u0161tem visoke kvalitete.\" \/>\n<meta property=\"og:url\" content=\"https:\/\/hd-multimedia.com\/sl\/trgovina\/fiio-snowsky-melody\/\" \/>\n<meta property=\"og:site_name\" content=\"hd-multimedia\" \/>\n<meta property=\"article:modified_time\" content=\"2025-12-09T22:16:08+00:00\" \/>\n<meta property=\"og:image\" content=\"https:\/\/hd-multimedia.com\/hdm_media\/FiiO-Snowsky-Melody-both-scaled.jpg\" \/>\n\t<meta property=\"og:image:width\" content=\"2560\" \/>\n\t<meta property=\"og:image:height\" content=\"2560\" \/>\n\t<meta property=\"og:image:type\" content=\"image\/jpeg\" \/>\n<meta name=\"twitter:card\" content=\"summary_large_image\" \/>\n<meta name=\"twitter:label1\" content=\"Est. reading time\" \/>\n\t<meta name=\"twitter:data1\" content=\"1 minuta\" \/>\n<script type=\"application\/ld+json\" class=\"yoast-schema-graph\">{\"@context\":\"https:\/\/schema.org\",\"@graph\":[{\"@type\":\"WebPage\",\"@id\":\"https:\/\/hd-multimedia.com\/trgovina\/fiio-snowsky-melody\/\",\"url\":\"https:\/\/hd-multimedia.com\/trgovina\/fiio-snowsky-melody\/\",\"name\":\"FiiO Snowsky Melody - hd-multimedia\",\"isPartOf\":{\"@id\":\"https:\/\/hd-multimedia.com\/#website\"},\"datePublished\":\"2025-09-30T11:33:19+00:00\",\"dateModified\":\"2025-12-09T22:16:08+00:00\",\"description\":\"FiiO Snowsky Melody je vrhunski prijenosni DAC + poja\u010dalo s dvostrukim Cirrus CS43131 DAC-ovima, hibridnim drvenim ku\u0107i\u0161tem visoke kvalitete.\",\"breadcrumb\":{\"@id\":\"https:\/\/hd-multimedia.com\/trgovina\/fiio-snowsky-melody\/#breadcrumb\"},\"inLanguage\":\"sl-SI\",\"potentialAction\":[{\"@type\":\"ReadAction\",\"target\":[\"https:\/\/hd-multimedia.com\/trgovina\/fiio-snowsky-melody\/\"]}]},{\"@type\":\"BreadcrumbList\",\"@id\":\"https:\/\/hd-multimedia.com\/trgovina\/fiio-snowsky-melody\/#breadcrumb\",\"itemListElement\":[{\"@type\":\"ListItem\",\"position\":1,\"name\":\"Po\u010detna stranica\",\"item\":\"https:\/\/hd-multimedia.com\/\"},{\"@type\":\"ListItem\",\"position\":2,\"name\":\"Trgovina\",\"item\":\"https:\/\/hd-multimedia.com\/trgovina\/\"},{\"@type\":\"ListItem\",\"position\":3,\"name\":\"FiiO Snowsky Melody\"}]},{\"@type\":\"WebSite\",\"@id\":\"https:\/\/hd-multimedia.com\/#website\",\"url\":\"https:\/\/hd-multimedia.com\/\",\"name\":\"hd-multimedia\",\"description\":\"\",\"publisher\":{\"@id\":\"https:\/\/hd-multimedia.com\/#organization\"},\"potentialAction\":[{\"@type\":\"SearchAction\",\"target\":{\"@type\":\"EntryPoint\",\"urlTemplate\":\"https:\/\/hd-multimedia.com\/?s={search_term_string}\"},\"query-input\":\"required name=search_term_string\"}],\"inLanguage\":\"sl-SI\"},{\"@type\":\"Organization\",\"@id\":\"https:\/\/hd-multimedia.com\/#organization\",\"name\":\"hd-multimedia\",\"url\":\"https:\/\/hd-multimedia.com\/\",\"logo\":{\"@type\":\"ImageObject\",\"inLanguage\":\"sl-SI\",\"@id\":\"https:\/\/hd-multimedia.com\/#\/schema\/logo\/image\/\",\"url\":\"https:\/\/hd-multimedia.com\/hdm_media\/HD-curves-ok-196-56px-alpha-1.png\",\"contentUrl\":\"https:\/\/hd-multimedia.com\/hdm_media\/HD-curves-ok-196-56px-alpha-1.png\",\"width\":196,\"height\":53,\"caption\":\"hd-multimedia\"},\"image\":{\"@id\":\"https:\/\/hd-multimedia.com\/#\/schema\/logo\/image\/\"}}]}<\/script>\n<!-- \/ Yoast SEO plugin. -->","yoast_head_json":{"title":"FiiO Snowsky Melody - hd-multimedia","description":"FiiO Snowsky Melody je vrhunski prijenosni DAC + poja\u010dalo s dvostrukim Cirrus CS43131 DAC-ovima, hibridnim drvenim ku\u0107i\u0161tem visoke kvalitete.","robots":{"index":"index","follow":"follow","max-snippet":"max-snippet:-1","max-image-preview":"max-image-preview:large","max-video-preview":"max-video-preview:-1"},"canonical":"https:\/\/hd-multimedia.com\/sl\/trgovina\/fiio-snowsky-melody\/","og_locale":"sl_SI","og_type":"article","og_title":"FiiO Snowsky Melody - hd-multimedia","og_description":"FiiO Snowsky Melody je vrhunski prijenosni DAC + poja\u010dalo s dvostrukim Cirrus CS43131 DAC-ovima, hibridnim drvenim ku\u0107i\u0161tem visoke kvalitete.","og_url":"https:\/\/hd-multimedia.com\/sl\/trgovina\/fiio-snowsky-melody\/","og_site_name":"hd-multimedia","article_modified_time":"2025-12-09T22:16:08+00:00","og_image":[{"width":2560,"height":2560,"url":"https:\/\/hd-multimedia.com\/hdm_media\/FiiO-Snowsky-Melody-both-scaled.jpg","type":"image\/jpeg"}],"twitter_card":"summary_large_image","twitter_misc":{"Est. reading time":"1 minuta"},"schema":{"@context":"https:\/\/schema.org","@graph":[{"@type":"WebPage","@id":"https:\/\/hd-multimedia.com\/trgovina\/fiio-snowsky-melody\/","url":"https:\/\/hd-multimedia.com\/trgovina\/fiio-snowsky-melody\/","name":"FiiO Snowsky Melody - hd-multimedia","isPartOf":{"@id":"https:\/\/hd-multimedia.com\/#website"},"datePublished":"2025-09-30T11:33:19+00:00","dateModified":"2025-12-09T22:16:08+00:00","description":"FiiO Snowsky Melody je vrhunski prijenosni DAC + poja\u010dalo s dvostrukim Cirrus CS43131 DAC-ovima, hibridnim drvenim ku\u0107i\u0161tem visoke kvalitete.","breadcrumb":{"@id":"https:\/\/hd-multimedia.com\/trgovina\/fiio-snowsky-melody\/#breadcrumb"},"inLanguage":"sl-SI","potentialAction":[{"@type":"ReadAction","target":["https:\/\/hd-multimedia.com\/trgovina\/fiio-snowsky-melody\/"]}]},{"@type":"BreadcrumbList","@id":"https:\/\/hd-multimedia.com\/trgovina\/fiio-snowsky-melody\/#breadcrumb","itemListElement":[{"@type":"ListItem","position":1,"name":"Po\u010detna stranica","item":"https:\/\/hd-multimedia.com\/"},{"@type":"ListItem","position":2,"name":"Trgovina","item":"https:\/\/hd-multimedia.com\/trgovina\/"},{"@type":"ListItem","position":3,"name":"FiiO Snowsky Melody"}]},{"@type":"WebSite","@id":"https:\/\/hd-multimedia.com\/#website","url":"https:\/\/hd-multimedia.com\/","name":"hd-multimedia","description":"","publisher":{"@id":"https:\/\/hd-multimedia.com\/#organization"},"potentialAction":[{"@type":"SearchAction","target":{"@type":"EntryPoint","urlTemplate":"https:\/\/hd-multimedia.com\/?s={search_term_string}"},"query-input":"required name=search_term_string"}],"inLanguage":"sl-SI"},{"@type":"Organization","@id":"https:\/\/hd-multimedia.com\/#organization","name":"hd-multimedia","url":"https:\/\/hd-multimedia.com\/","logo":{"@type":"ImageObject","inLanguage":"sl-SI","@id":"https:\/\/hd-multimedia.com\/#\/schema\/logo\/image\/","url":"https:\/\/hd-multimedia.com\/hdm_media\/HD-curves-ok-196-56px-alpha-1.png","contentUrl":"https:\/\/hd-multimedia.com\/hdm_media\/HD-curves-ok-196-56px-alpha-1.png","width":196,"height":53,"caption":"hd-multimedia"},"image":{"@id":"https:\/\/hd-multimedia.com\/#\/schema\/logo\/image\/"}}]}},"post_mailing_queue_ids":[],"_links":{"self":[{"href":"https:\/\/hd-multimedia.com\/sl\/wp-json\/wp\/v2\/product\/18965","targetHints":{"allow":["GET"]}}],"collection":[{"href":"https:\/\/hd-multimedia.com\/sl\/wp-json\/wp\/v2\/product"}],"about":[{"href":"https:\/\/hd-multimedia.com\/sl\/wp-json\/wp\/v2\/types\/product"}],"version-history":[{"count":5,"href":"https:\/\/hd-multimedia.com\/sl\/wp-json\/wp\/v2\/product\/18965\/revisions"}],"predecessor-version":[{"id":18996,"href":"https:\/\/hd-multimedia.com\/sl\/wp-json\/wp\/v2\/product\/18965\/revisions\/18996"}],"wp:featuredmedia":[{"embeddable":true,"href":"https:\/\/hd-multimedia.com\/sl\/wp-json\/wp\/v2\/media\/18990"}],"wp:attachment":[{"href":"https:\/\/hd-multimedia.com\/sl\/wp-json\/wp\/v2\/media?parent=18965"}],"curies":[{"name":"wp","href":"https:\/\/api.w.org\/{rel}","templated":true}]}}