{"id":18920,"date":"2025-09-12T09:14:39","date_gmt":"2025-09-12T09:14:39","guid":{"rendered":"https:\/\/hd-multimedia.com\/?post_type=product&#038;p=18920"},"modified":"2026-03-08T19:26:09","modified_gmt":"2026-03-08T19:26:09","slug":"fiio-k13-r2r","status":"publish","type":"product","link":"https:\/\/hd-multimedia.com\/sl\/trgovina\/fiio-k13-r2r\/","title":{"rendered":"FiiO K13 R2R"},"content":{"rendered":"<p>FiiO K13 R2R ima potpuno diferencijalan sustav kontrole glasno\u0107e i poja\u010dala za slu\u0161alice \u0161to zna\u010di minimalno izobli\u010denje, izvrsno odbacivanje smetnji i dinami\u010dki raspon koji ostaje netaknut u cijelom lancu.<\/p>\n<p><strong>Tehni\u010dni podatki:<\/strong><\/p>\n<p>Glavni kontrolni \u010dip (MCU): ESP32-S3<br \/>\nUSB \u010dip: XMOS XU316<br \/>\nDAC: Potpuno diferencijalni pravi 24-bitni R2R DAC otporni\u010dki nizovi<br \/>\n\u010cip za kontrolu glasno\u0107e: NJW1195A<br \/>\nR2R i LPF operacijski poja\u010dalo: OPA1642 \u00d74<\/p>\n<p>Ulazno napajanje: AC 100\u2013240V 50\/60Hz; DC 12V\/2.5A<\/p>\n<p><strong>Vstop in izstop:<\/strong><br \/>\nUSB ulaz: 384kHz\/32bit, DSD256<br \/>\nKoaksijalni ulaz: 192kHz\/24bit, DSD64<br \/>\nOpti\u010dki ulaz: 96kHz\/24bit<br \/>\nUSB priklju\u010dak: Dvostruki Type-C<\/p>\n<p><strong>Fizi\u010dke karakteristike:<\/strong><br \/>\nDimenzije: ~210 \u00d7 188 \u00d7 42 mm<br \/>\nTe\u017eina: ~980 g<\/p>\n<p>Izhodna mo\u010d (enojna)<br \/>\nL+R \u2265 1220 mW + 1220 mW (32 \u03a9, THD+N&lt;1%, SE, visoko poja\u010danje)<br \/>\nL+R \u2265 150 mW + 150 mW (300 \u03a9, THD+N&lt;1%, SE, visoko poja\u010danje)<br \/>\nIzlazna snaga (balansirana)<br \/>\nL+R \u2265 2400 mW + 2400 mW (32 \u03a9, THD+N&lt;1%, balansirano, visoko poja\u010danje)<br \/>\nL+R \u2265 600 mW + 600 mW (300 \u03a9, THD+N&lt;1%, balansirano, visoko poja\u010danje)<\/p>\n<p>Frekvencijski odziv: 20 Hz\u201380 kHz, slabljenje &lt;2,9 dB<br \/>\nSNR: \u2265116 dB (A-ponderirano)<br \/>\nIzlazna impedancija:<br \/>\nPO &lt;0,7 \u03a9 (32 \u03a9 optere\u0107enje)<br \/>\nBAL &lt;1 \u03a9 (32 \u03a9 optere\u0107enje)<br \/>\nTHD+N: ~0,0173% (1 kHz \/ \u20136 dB @32 \u03a9)<\/p>\n<p><a href=\"https:\/\/www.fiio.com\/k13r2r_parameters\" target=\"_blank\" rel=\"noopener\">Poveznica za dodatne informacije i usporedbe proizvoda!<\/a><\/p>","protected":false},"excerpt":{"rendered":"<p>FiiO K13 R2R je potpuno balansirani stolni DAC i poja\u010dalo za slu\u0161alice s 24-bitnim R2R nizovima otpornika, sna\u017ean balansirani izlaz od 2400 mW + 2400 mW i bogatstvo mogu\u0107nosti pode\u0161avanja i povezivanja. S dvostrukim NOS\/OS na\u010dinima rada, LDAC Bluetoothom i preciznim 10-pojasnim PEQ-om, daje vam potpunu kontrolu nad va\u0161om glazbom. FiiO K13 R2R ima \u010detiri kanala otporni\u010dkih nizova: 48 preciznih tankoslojnih otpornika po kanalu, ukupno 192. Rezultat je pravi 24-bitni potpuno diferencijalni R2R DAC koji pru\u017ea bogat, organski i prirodan zvuk.<\/p>\n<p>S velikim izborom ulaza i izlaza, FiiO K13 R2R funkcionira kao pretpoja\u010dalo i kao poja\u010dalo snage, zadovoljavaju\u0107i razli\u010dite preferencije slu\u0161anja. Tako\u0111er podr\u017eava PCM 384kHz\/32bit i DSD256 dekodiranje, \u0161to mu omogu\u0107uje bezbri\u017enu obradu audio signala visoke rezolucije kako bi pru\u017eio bogate zvu\u010dne detalje i izvanredno iskustvo slu\u0161anja.<\/p>\n<p><a href=\"https:\/\/www.fiio.com\/k13r2r\" target=\"_blank\" rel=\"noopener\">Povezava za dodatne informacije o izdelku!<\/a><\/p>","protected":false},"featured_media":18926,"template":"","meta":{"site-sidebar-layout":"default","site-content-layout":"","ast-site-content-layout":"default","site-content-style":"default","site-sidebar-style":"default","ast-global-header-display":"","ast-banner-title-visibility":"","ast-main-header-display":"","ast-hfb-above-header-display":"","ast-hfb-below-header-display":"","ast-hfb-mobile-header-display":"","site-post-title":"","ast-breadcrumbs-content":"","ast-featured-img":"","footer-sml-layout":"","theme-transparent-header-meta":"default","adv-header-id-meta":"","stick-header-meta":"default","header-above-stick-meta":"","header-main-stick-meta":"","header-below-stick-meta":"","astra-migrate-meta-layouts":"set","ast-page-background-enabled":"default","ast-page-background-meta":{"desktop":{"background-color":"","background-image":"","background-repeat":"repeat","background-position":"center center","background-size":"auto","background-attachment":"scroll","background-type":"","background-media":"","overlay-type":"","overlay-color":"","overlay-opacity":"","overlay-gradient":""},"tablet":{"background-color":"","background-image":"","background-repeat":"repeat","background-position":"center center","background-size":"auto","background-attachment":"scroll","background-type":"","background-media":"","overlay-type":"","overlay-color":"","overlay-opacity":"","overlay-gradient":""},"mobile":{"background-color":"","background-image":"","background-repeat":"repeat","background-position":"center center","background-size":"auto","background-attachment":"scroll","background-type":"","background-media":"","overlay-type":"","overlay-color":"","overlay-opacity":"","overlay-gradient":""}},"ast-content-background-meta":{"desktop":{"background-color":"var(--ast-global-color-5)","background-image":"","background-repeat":"repeat","background-position":"center center","background-size":"auto","background-attachment":"scroll","background-type":"","background-media":"","overlay-type":"","overlay-color":"","overlay-opacity":"","overlay-gradient":""},"tablet":{"background-color":"var(--ast-global-color-5)","background-image":"","background-repeat":"repeat","background-position":"center center","background-size":"auto","background-attachment":"scroll","background-type":"","background-media":"","overlay-type":"","overlay-color":"","overlay-opacity":"","overlay-gradient":""},"mobile":{"background-color":"var(--ast-global-color-5)","background-image":"","background-repeat":"repeat","background-position":"center center","background-size":"auto","background-attachment":"scroll","background-type":"","background-media":"","overlay-type":"","overlay-color":"","overlay-opacity":"","overlay-gradient":""}}},"class_list":["post-18920","product","type-product","status-publish","has-post-thumbnail","hentry","product_cat-dac","product_cat-pojacala-za-slusalice","product_cat-fiio","desktop-align-center","tablet-align-center","mobile-align-center","ast-product-gallery-layout-horizontal","ast-magnify-disabled","ast-product-single-variable","ast-product-tabs-layout-horizontal"],"yoast_head":"<!-- This site is optimized with the Yoast SEO plugin v21.4 - https:\/\/yoast.com\/wordpress\/plugins\/seo\/ -->\n<title>FiiO K13 R2R - hd-multimedia<\/title>\n<meta name=\"description\" content=\"FiiO K13 R2R je potpuno balansirani stolni DAC i poja\u010dalo za slu\u0161alice s 24-bitnim R2R nizovima otpornika i daje vam potpunu kontrolu nad va\u0161om glazbom.\" \/>\n<meta name=\"robots\" content=\"index, follow, max-snippet:-1, max-image-preview:large, max-video-preview:-1\" \/>\n<link rel=\"canonical\" href=\"https:\/\/hd-multimedia.com\/sl\/trgovina\/fiio-k13-r2r\/\" \/>\n<meta property=\"og:locale\" content=\"sl_SI\" \/>\n<meta property=\"og:type\" content=\"article\" \/>\n<meta property=\"og:title\" content=\"FiiO K13 R2R - hd-multimedia\" \/>\n<meta property=\"og:description\" content=\"FiiO K13 R2R je potpuno balansirani stolni DAC i poja\u010dalo za slu\u0161alice s 24-bitnim R2R nizovima otpornika i daje vam potpunu kontrolu nad va\u0161om glazbom.\" \/>\n<meta property=\"og:url\" content=\"https:\/\/hd-multimedia.com\/sl\/trgovina\/fiio-k13-r2r\/\" \/>\n<meta property=\"og:site_name\" content=\"hd-multimedia\" \/>\n<meta property=\"article:modified_time\" content=\"2026-03-08T19:26:09+00:00\" \/>\n<meta property=\"og:image\" content=\"https:\/\/hd-multimedia.com\/hdm_media\/FiiO-K13-R2R-Black-e1757681226161.jpg\" \/>\n\t<meta property=\"og:image:width\" content=\"800\" \/>\n\t<meta property=\"og:image:height\" content=\"800\" \/>\n\t<meta property=\"og:image:type\" content=\"image\/jpeg\" \/>\n<meta name=\"twitter:card\" content=\"summary_large_image\" \/>\n<meta name=\"twitter:label1\" content=\"Est. reading time\" \/>\n\t<meta name=\"twitter:data1\" content=\"1 minuta\" \/>\n<script type=\"application\/ld+json\" class=\"yoast-schema-graph\">{\"@context\":\"https:\/\/schema.org\",\"@graph\":[{\"@type\":\"WebPage\",\"@id\":\"https:\/\/hd-multimedia.com\/trgovina\/fiio-k13-r2r\/\",\"url\":\"https:\/\/hd-multimedia.com\/trgovina\/fiio-k13-r2r\/\",\"name\":\"FiiO K13 R2R - hd-multimedia\",\"isPartOf\":{\"@id\":\"https:\/\/hd-multimedia.com\/#website\"},\"datePublished\":\"2025-09-12T09:14:39+00:00\",\"dateModified\":\"2026-03-08T19:26:09+00:00\",\"description\":\"FiiO K13 R2R je potpuno balansirani stolni DAC i poja\u010dalo za slu\u0161alice s 24-bitnim R2R nizovima otpornika i daje vam potpunu kontrolu nad va\u0161om glazbom.\",\"breadcrumb\":{\"@id\":\"https:\/\/hd-multimedia.com\/trgovina\/fiio-k13-r2r\/#breadcrumb\"},\"inLanguage\":\"sl-SI\",\"potentialAction\":[{\"@type\":\"ReadAction\",\"target\":[\"https:\/\/hd-multimedia.com\/trgovina\/fiio-k13-r2r\/\"]}]},{\"@type\":\"BreadcrumbList\",\"@id\":\"https:\/\/hd-multimedia.com\/trgovina\/fiio-k13-r2r\/#breadcrumb\",\"itemListElement\":[{\"@type\":\"ListItem\",\"position\":1,\"name\":\"Po\u010detna stranica\",\"item\":\"https:\/\/hd-multimedia.com\/\"},{\"@type\":\"ListItem\",\"position\":2,\"name\":\"Trgovina\",\"item\":\"https:\/\/hd-multimedia.com\/trgovina\/\"},{\"@type\":\"ListItem\",\"position\":3,\"name\":\"FiiO K13 R2R\"}]},{\"@type\":\"WebSite\",\"@id\":\"https:\/\/hd-multimedia.com\/#website\",\"url\":\"https:\/\/hd-multimedia.com\/\",\"name\":\"hd-multimedia\",\"description\":\"\",\"publisher\":{\"@id\":\"https:\/\/hd-multimedia.com\/#organization\"},\"potentialAction\":[{\"@type\":\"SearchAction\",\"target\":{\"@type\":\"EntryPoint\",\"urlTemplate\":\"https:\/\/hd-multimedia.com\/?s={search_term_string}\"},\"query-input\":\"required name=search_term_string\"}],\"inLanguage\":\"sl-SI\"},{\"@type\":\"Organization\",\"@id\":\"https:\/\/hd-multimedia.com\/#organization\",\"name\":\"hd-multimedia\",\"url\":\"https:\/\/hd-multimedia.com\/\",\"logo\":{\"@type\":\"ImageObject\",\"inLanguage\":\"sl-SI\",\"@id\":\"https:\/\/hd-multimedia.com\/#\/schema\/logo\/image\/\",\"url\":\"https:\/\/hd-multimedia.com\/hdm_media\/HD-curves-ok-196-56px-alpha-1.png\",\"contentUrl\":\"https:\/\/hd-multimedia.com\/hdm_media\/HD-curves-ok-196-56px-alpha-1.png\",\"width\":196,\"height\":53,\"caption\":\"hd-multimedia\"},\"image\":{\"@id\":\"https:\/\/hd-multimedia.com\/#\/schema\/logo\/image\/\"}}]}<\/script>\n<!-- \/ Yoast SEO plugin. -->","yoast_head_json":{"title":"FiiO K13 R2R - hd-multimedia","description":"FiiO K13 R2R je potpuno balansirani stolni DAC i poja\u010dalo za slu\u0161alice s 24-bitnim R2R nizovima otpornika i daje vam potpunu kontrolu nad va\u0161om glazbom.","robots":{"index":"index","follow":"follow","max-snippet":"max-snippet:-1","max-image-preview":"max-image-preview:large","max-video-preview":"max-video-preview:-1"},"canonical":"https:\/\/hd-multimedia.com\/sl\/trgovina\/fiio-k13-r2r\/","og_locale":"sl_SI","og_type":"article","og_title":"FiiO K13 R2R - hd-multimedia","og_description":"FiiO K13 R2R je potpuno balansirani stolni DAC i poja\u010dalo za slu\u0161alice s 24-bitnim R2R nizovima otpornika i daje vam potpunu kontrolu nad va\u0161om glazbom.","og_url":"https:\/\/hd-multimedia.com\/sl\/trgovina\/fiio-k13-r2r\/","og_site_name":"hd-multimedia","article_modified_time":"2026-03-08T19:26:09+00:00","og_image":[{"width":800,"height":800,"url":"https:\/\/hd-multimedia.com\/hdm_media\/FiiO-K13-R2R-Black-e1757681226161.jpg","type":"image\/jpeg"}],"twitter_card":"summary_large_image","twitter_misc":{"Est. reading time":"1 minuta"},"schema":{"@context":"https:\/\/schema.org","@graph":[{"@type":"WebPage","@id":"https:\/\/hd-multimedia.com\/trgovina\/fiio-k13-r2r\/","url":"https:\/\/hd-multimedia.com\/trgovina\/fiio-k13-r2r\/","name":"FiiO K13 R2R - hd-multimedia","isPartOf":{"@id":"https:\/\/hd-multimedia.com\/#website"},"datePublished":"2025-09-12T09:14:39+00:00","dateModified":"2026-03-08T19:26:09+00:00","description":"FiiO K13 R2R je potpuno balansirani stolni DAC i poja\u010dalo za slu\u0161alice s 24-bitnim R2R nizovima otpornika i daje vam potpunu kontrolu nad va\u0161om glazbom.","breadcrumb":{"@id":"https:\/\/hd-multimedia.com\/trgovina\/fiio-k13-r2r\/#breadcrumb"},"inLanguage":"sl-SI","potentialAction":[{"@type":"ReadAction","target":["https:\/\/hd-multimedia.com\/trgovina\/fiio-k13-r2r\/"]}]},{"@type":"BreadcrumbList","@id":"https:\/\/hd-multimedia.com\/trgovina\/fiio-k13-r2r\/#breadcrumb","itemListElement":[{"@type":"ListItem","position":1,"name":"Po\u010detna stranica","item":"https:\/\/hd-multimedia.com\/"},{"@type":"ListItem","position":2,"name":"Trgovina","item":"https:\/\/hd-multimedia.com\/trgovina\/"},{"@type":"ListItem","position":3,"name":"FiiO K13 R2R"}]},{"@type":"WebSite","@id":"https:\/\/hd-multimedia.com\/#website","url":"https:\/\/hd-multimedia.com\/","name":"hd-multimedia","description":"","publisher":{"@id":"https:\/\/hd-multimedia.com\/#organization"},"potentialAction":[{"@type":"SearchAction","target":{"@type":"EntryPoint","urlTemplate":"https:\/\/hd-multimedia.com\/?s={search_term_string}"},"query-input":"required name=search_term_string"}],"inLanguage":"sl-SI"},{"@type":"Organization","@id":"https:\/\/hd-multimedia.com\/#organization","name":"hd-multimedia","url":"https:\/\/hd-multimedia.com\/","logo":{"@type":"ImageObject","inLanguage":"sl-SI","@id":"https:\/\/hd-multimedia.com\/#\/schema\/logo\/image\/","url":"https:\/\/hd-multimedia.com\/hdm_media\/HD-curves-ok-196-56px-alpha-1.png","contentUrl":"https:\/\/hd-multimedia.com\/hdm_media\/HD-curves-ok-196-56px-alpha-1.png","width":196,"height":53,"caption":"hd-multimedia"},"image":{"@id":"https:\/\/hd-multimedia.com\/#\/schema\/logo\/image\/"}}]}},"post_mailing_queue_ids":[],"_links":{"self":[{"href":"https:\/\/hd-multimedia.com\/sl\/wp-json\/wp\/v2\/product\/18920","targetHints":{"allow":["GET"]}}],"collection":[{"href":"https:\/\/hd-multimedia.com\/sl\/wp-json\/wp\/v2\/product"}],"about":[{"href":"https:\/\/hd-multimedia.com\/sl\/wp-json\/wp\/v2\/types\/product"}],"version-history":[{"count":5,"href":"https:\/\/hd-multimedia.com\/sl\/wp-json\/wp\/v2\/product\/18920\/revisions"}],"predecessor-version":[{"id":18974,"href":"https:\/\/hd-multimedia.com\/sl\/wp-json\/wp\/v2\/product\/18920\/revisions\/18974"}],"wp:featuredmedia":[{"embeddable":true,"href":"https:\/\/hd-multimedia.com\/sl\/wp-json\/wp\/v2\/media\/18926"}],"wp:attachment":[{"href":"https:\/\/hd-multimedia.com\/sl\/wp-json\/wp\/v2\/media?parent=18920"}],"curies":[{"name":"wp","href":"https:\/\/api.w.org\/{rel}","templated":true}]}}