{"id":18908,"date":"2025-09-09T12:49:52","date_gmt":"2025-09-09T12:49:52","guid":{"rendered":"https:\/\/hd-multimedia.com\/?post_type=product&#038;p=18908"},"modified":"2026-02-20T10:56:06","modified_gmt":"2026-02-20T10:56:06","slug":"elac-ds123","status":"publish","type":"product","link":"https:\/\/hd-multimedia.com\/sl\/trgovina\/elac-ds123\/","title":{"rendered":"Elac DS123"},"content":{"rendered":"<p>Aktivni nizkotonec Elac DS123 ima krmilne elemente na zadnji plo\u0161\u010di za brezhibno zlivanje nizkih tonov z ostalimi zvo\u010dniki v va\u0161em sistemu. ELAC S123 je opremljen s kompletom stereo linijskih vhodov RCA\/LFE za priklju\u010ditev aktivnega nizkotonca na va\u0161 AV ali stereo sprejemnik\/predoja\u010devalnik. Po potrebi ponuja tudi vhode in izhode na ravni zvo\u010dnikov. Predhodno name\u0161\u010dene gumijaste nogice pomagajo izolirati ohi\u0161je nizkotonca od tal, da prepre\u010dijo ne\u017eeleno popa\u010denje zaradi vibracij. Te gumijaste nogice lahko odstranite, \u010de nameravate uporabiti robustnej\u0161e nogice za izolacijo vibracij.<\/p>\n<p>Elac DS123 bo zaznal, kdaj se oja\u010devalniku po\u0161ilja zvo\u010dni signal, in se bo sam vklopil. Za var\u010devanje z energijo se bo nizkotonec po 15 minutah brez zvo\u010dnega signala in neaktivnosti sam izklopil. Nizkotonec lahko vklopite\/izklopite tudi ro\u010dno s stikalom za vklop na zadnji plo\u0161\u010di. Na zadnji strani nizkotonca je LED lu\u010dka, ki sveti zeleno, ko je nizkotonec vklopljen, in rde\u010de, ko je nizkotonec izklopljen ali v stanju pripravljenosti.<\/p>\n<p><strong>Tehni\u010dni podatki:<\/strong><\/p>\n<p>Vrsta zvo\u010dnika: Aktivni nizkotonec, zaprta zasnova ohi\u0161ja<br \/>\nNizkotonec: 12&quot; polipropilenski sto\u017eec s teksturirano povr\u0161ino<br \/>\nNizka frekvenca: 28 Hz pri 3 dB, 26 Hz pri 6 dB<br \/>\nKri\u017ena frekvenca: 50 do 150 Hz<br \/>\nNajve\u010dja mo\u010d oja\u010devalnika: (RMS\/Peak) 200 \/ 400<br \/>\n\u0160irina: 360 mm<br \/>\nDubina: 378 mm<br \/>\nVisina: 360 mm<br \/>\nNeto te\u017eina: 13,7 kg<br \/>\nSkupno harmonsko popa\u010denje (THD) &lt;0,1%<\/p>","protected":false},"excerpt":{"rendered":"<p>Elac DS123 je aktivni subwoofer Izgra\u0111en s prilago\u0111enim 12&#8243; wooferom i visokou\u010dinkovitim poja\u010dalom D klase sa 400W vr\u0161ne snage. Elac DS123 aktivni subwoofer pru\u017ea uske, niske frekvencije bez distorzije koje o\u017eivljavaju va\u0161u omiljenu glazbu i filmove. Elac S123 aktivni subwoofer koristi zatvoreno ku\u0107i\u0161te koje osigurava nisku distorziju i brz odziv prijelaza, pru\u017eaju\u0107i prirodne, artikulirane niske frekvencije koje se besprijekorno stapaju s va\u0161im glavnim zvu\u010dnicima. Ku\u0107i\u0161te je izra\u0111eno od MDF-a (vlaknaste plo\u010de srednje gusto\u0107e) s unutarnjim horizontalnim oja\u010danjima koje poma\u017eu u smanjenju ne\u017eeljenih vibracija koje mogu promijeniti boju glazbenog ili filmskog sadr\u017eaja. Vanjski zidovi ku\u0107i\u0161ta od MDF-a prekriveni su crnim vinilom s teksturom drveta. Uklonjiva platnena re\u0161etka prekriva 12&#8243; woofer i prednji dio ku\u0107i\u0161ta.<\/p>\n<p><a href=\"https:\/\/elac.com\/ds123-bk\" target=\"_blank\" rel=\"noopener\">Povezava za dodatne informacije o izdelku!<\/a><\/p>","protected":false},"featured_media":18913,"template":"","meta":{"site-sidebar-layout":"default","site-content-layout":"","ast-site-content-layout":"default","site-content-style":"default","site-sidebar-style":"default","ast-global-header-display":"","ast-banner-title-visibility":"","ast-main-header-display":"","ast-hfb-above-header-display":"","ast-hfb-below-header-display":"","ast-hfb-mobile-header-display":"","site-post-title":"","ast-breadcrumbs-content":"","ast-featured-img":"","footer-sml-layout":"","theme-transparent-header-meta":"default","adv-header-id-meta":"","stick-header-meta":"default","header-above-stick-meta":"","header-main-stick-meta":"","header-below-stick-meta":"","astra-migrate-meta-layouts":"set","ast-page-background-enabled":"default","ast-page-background-meta":{"desktop":{"background-color":"","background-image":"","background-repeat":"repeat","background-position":"center center","background-size":"auto","background-attachment":"scroll","background-type":"","background-media":"","overlay-type":"","overlay-color":"","overlay-opacity":"","overlay-gradient":""},"tablet":{"background-color":"","background-image":"","background-repeat":"repeat","background-position":"center center","background-size":"auto","background-attachment":"scroll","background-type":"","background-media":"","overlay-type":"","overlay-color":"","overlay-opacity":"","overlay-gradient":""},"mobile":{"background-color":"","background-image":"","background-repeat":"repeat","background-position":"center center","background-size":"auto","background-attachment":"scroll","background-type":"","background-media":"","overlay-type":"","overlay-color":"","overlay-opacity":"","overlay-gradient":""}},"ast-content-background-meta":{"desktop":{"background-color":"var(--ast-global-color-5)","background-image":"","background-repeat":"repeat","background-position":"center center","background-size":"auto","background-attachment":"scroll","background-type":"","background-media":"","overlay-type":"","overlay-color":"","overlay-opacity":"","overlay-gradient":""},"tablet":{"background-color":"var(--ast-global-color-5)","background-image":"","background-repeat":"repeat","background-position":"center center","background-size":"auto","background-attachment":"scroll","background-type":"","background-media":"","overlay-type":"","overlay-color":"","overlay-opacity":"","overlay-gradient":""},"mobile":{"background-color":"var(--ast-global-color-5)","background-image":"","background-repeat":"repeat","background-position":"center center","background-size":"auto","background-attachment":"scroll","background-type":"","background-media":"","overlay-type":"","overlay-color":"","overlay-opacity":"","overlay-gradient":""}}},"class_list":["post-18908","product","type-product","status-publish","has-post-thumbnail","hentry","product_cat-subwoofer-home-theater","product_cat-elac","desktop-align-center","tablet-align-center","mobile-align-center","ast-product-gallery-layout-horizontal","ast-magnify-disabled","ast-product-tabs-layout-horizontal"],"yoast_head":"<!-- This site is optimized with the Yoast SEO plugin v21.4 - https:\/\/yoast.com\/wordpress\/plugins\/seo\/ -->\n<title>Elac DS123 - hd-multimedia<\/title>\n<meta name=\"description\" content=\"Elac DS123 je aktivni subwoofer Izgra\u0111en s prilago\u0111enim 12&quot; wooferom i visokou\u010dinkovitim poja\u010dalom D klase sa 400W vr\u0161ne snage.\" \/>\n<meta name=\"robots\" content=\"index, follow, max-snippet:-1, max-image-preview:large, max-video-preview:-1\" \/>\n<link rel=\"canonical\" href=\"https:\/\/hd-multimedia.com\/sl\/trgovina\/elac-ds123\/\" \/>\n<meta property=\"og:locale\" content=\"sl_SI\" \/>\n<meta property=\"og:type\" content=\"article\" \/>\n<meta property=\"og:title\" content=\"Elac DS123 - hd-multimedia\" \/>\n<meta property=\"og:description\" content=\"Elac DS123 je aktivni subwoofer Izgra\u0111en s prilago\u0111enim 12&quot; wooferom i visokou\u010dinkovitim poja\u010dalom D klase sa 400W vr\u0161ne snage.\" \/>\n<meta property=\"og:url\" content=\"https:\/\/hd-multimedia.com\/sl\/trgovina\/elac-ds123\/\" \/>\n<meta property=\"og:site_name\" content=\"hd-multimedia\" \/>\n<meta property=\"article:modified_time\" content=\"2026-02-20T10:56:06+00:00\" \/>\n<meta property=\"og:image\" content=\"https:\/\/hd-multimedia.com\/hdm_media\/Elac-DS123-Black-e1757425256304.jpg\" \/>\n\t<meta property=\"og:image:width\" content=\"763\" \/>\n\t<meta property=\"og:image:height\" content=\"763\" \/>\n\t<meta property=\"og:image:type\" content=\"image\/jpeg\" \/>\n<meta name=\"twitter:card\" content=\"summary_large_image\" \/>\n<meta name=\"twitter:label1\" content=\"Est. reading time\" \/>\n\t<meta name=\"twitter:data1\" content=\"2 minuti\" \/>\n<script type=\"application\/ld+json\" class=\"yoast-schema-graph\">{\"@context\":\"https:\/\/schema.org\",\"@graph\":[{\"@type\":\"WebPage\",\"@id\":\"https:\/\/hd-multimedia.com\/trgovina\/elac-ds123\/\",\"url\":\"https:\/\/hd-multimedia.com\/trgovina\/elac-ds123\/\",\"name\":\"Elac DS123 - hd-multimedia\",\"isPartOf\":{\"@id\":\"https:\/\/hd-multimedia.com\/#website\"},\"datePublished\":\"2025-09-09T12:49:52+00:00\",\"dateModified\":\"2026-02-20T10:56:06+00:00\",\"description\":\"Elac DS123 je aktivni subwoofer Izgra\u0111en s prilago\u0111enim 12\\\" wooferom i visokou\u010dinkovitim poja\u010dalom D klase sa 400W vr\u0161ne snage.\",\"breadcrumb\":{\"@id\":\"https:\/\/hd-multimedia.com\/trgovina\/elac-ds123\/#breadcrumb\"},\"inLanguage\":\"sl-SI\",\"potentialAction\":[{\"@type\":\"ReadAction\",\"target\":[\"https:\/\/hd-multimedia.com\/trgovina\/elac-ds123\/\"]}]},{\"@type\":\"BreadcrumbList\",\"@id\":\"https:\/\/hd-multimedia.com\/trgovina\/elac-ds123\/#breadcrumb\",\"itemListElement\":[{\"@type\":\"ListItem\",\"position\":1,\"name\":\"Po\u010detna stranica\",\"item\":\"https:\/\/hd-multimedia.com\/\"},{\"@type\":\"ListItem\",\"position\":2,\"name\":\"Trgovina\",\"item\":\"https:\/\/hd-multimedia.com\/trgovina\/\"},{\"@type\":\"ListItem\",\"position\":3,\"name\":\"Elac DS123\"}]},{\"@type\":\"WebSite\",\"@id\":\"https:\/\/hd-multimedia.com\/#website\",\"url\":\"https:\/\/hd-multimedia.com\/\",\"name\":\"hd-multimedia\",\"description\":\"\",\"publisher\":{\"@id\":\"https:\/\/hd-multimedia.com\/#organization\"},\"potentialAction\":[{\"@type\":\"SearchAction\",\"target\":{\"@type\":\"EntryPoint\",\"urlTemplate\":\"https:\/\/hd-multimedia.com\/?s={search_term_string}\"},\"query-input\":\"required name=search_term_string\"}],\"inLanguage\":\"sl-SI\"},{\"@type\":\"Organization\",\"@id\":\"https:\/\/hd-multimedia.com\/#organization\",\"name\":\"hd-multimedia\",\"url\":\"https:\/\/hd-multimedia.com\/\",\"logo\":{\"@type\":\"ImageObject\",\"inLanguage\":\"sl-SI\",\"@id\":\"https:\/\/hd-multimedia.com\/#\/schema\/logo\/image\/\",\"url\":\"https:\/\/hd-multimedia.com\/hdm_media\/HD-curves-ok-196-56px-alpha-1.png\",\"contentUrl\":\"https:\/\/hd-multimedia.com\/hdm_media\/HD-curves-ok-196-56px-alpha-1.png\",\"width\":196,\"height\":53,\"caption\":\"hd-multimedia\"},\"image\":{\"@id\":\"https:\/\/hd-multimedia.com\/#\/schema\/logo\/image\/\"}}]}<\/script>\n<!-- \/ Yoast SEO plugin. -->","yoast_head_json":{"title":"Elac DS123 - hd-multimedia","description":"Elac DS123 je aktivni subwoofer Izgra\u0111en s prilago\u0111enim 12\" wooferom i visokou\u010dinkovitim poja\u010dalom D klase sa 400W vr\u0161ne snage.","robots":{"index":"index","follow":"follow","max-snippet":"max-snippet:-1","max-image-preview":"max-image-preview:large","max-video-preview":"max-video-preview:-1"},"canonical":"https:\/\/hd-multimedia.com\/sl\/trgovina\/elac-ds123\/","og_locale":"sl_SI","og_type":"article","og_title":"Elac DS123 - hd-multimedia","og_description":"Elac DS123 je aktivni subwoofer Izgra\u0111en s prilago\u0111enim 12\" wooferom i visokou\u010dinkovitim poja\u010dalom D klase sa 400W vr\u0161ne snage.","og_url":"https:\/\/hd-multimedia.com\/sl\/trgovina\/elac-ds123\/","og_site_name":"hd-multimedia","article_modified_time":"2026-02-20T10:56:06+00:00","og_image":[{"width":763,"height":763,"url":"https:\/\/hd-multimedia.com\/hdm_media\/Elac-DS123-Black-e1757425256304.jpg","type":"image\/jpeg"}],"twitter_card":"summary_large_image","twitter_misc":{"Est. reading time":"2 minuti"},"schema":{"@context":"https:\/\/schema.org","@graph":[{"@type":"WebPage","@id":"https:\/\/hd-multimedia.com\/trgovina\/elac-ds123\/","url":"https:\/\/hd-multimedia.com\/trgovina\/elac-ds123\/","name":"Elac DS123 - hd-multimedia","isPartOf":{"@id":"https:\/\/hd-multimedia.com\/#website"},"datePublished":"2025-09-09T12:49:52+00:00","dateModified":"2026-02-20T10:56:06+00:00","description":"Elac DS123 je aktivni subwoofer Izgra\u0111en s prilago\u0111enim 12\" wooferom i visokou\u010dinkovitim poja\u010dalom D klase sa 400W vr\u0161ne snage.","breadcrumb":{"@id":"https:\/\/hd-multimedia.com\/trgovina\/elac-ds123\/#breadcrumb"},"inLanguage":"sl-SI","potentialAction":[{"@type":"ReadAction","target":["https:\/\/hd-multimedia.com\/trgovina\/elac-ds123\/"]}]},{"@type":"BreadcrumbList","@id":"https:\/\/hd-multimedia.com\/trgovina\/elac-ds123\/#breadcrumb","itemListElement":[{"@type":"ListItem","position":1,"name":"Po\u010detna stranica","item":"https:\/\/hd-multimedia.com\/"},{"@type":"ListItem","position":2,"name":"Trgovina","item":"https:\/\/hd-multimedia.com\/trgovina\/"},{"@type":"ListItem","position":3,"name":"Elac DS123"}]},{"@type":"WebSite","@id":"https:\/\/hd-multimedia.com\/#website","url":"https:\/\/hd-multimedia.com\/","name":"hd-multimedia","description":"","publisher":{"@id":"https:\/\/hd-multimedia.com\/#organization"},"potentialAction":[{"@type":"SearchAction","target":{"@type":"EntryPoint","urlTemplate":"https:\/\/hd-multimedia.com\/?s={search_term_string}"},"query-input":"required name=search_term_string"}],"inLanguage":"sl-SI"},{"@type":"Organization","@id":"https:\/\/hd-multimedia.com\/#organization","name":"hd-multimedia","url":"https:\/\/hd-multimedia.com\/","logo":{"@type":"ImageObject","inLanguage":"sl-SI","@id":"https:\/\/hd-multimedia.com\/#\/schema\/logo\/image\/","url":"https:\/\/hd-multimedia.com\/hdm_media\/HD-curves-ok-196-56px-alpha-1.png","contentUrl":"https:\/\/hd-multimedia.com\/hdm_media\/HD-curves-ok-196-56px-alpha-1.png","width":196,"height":53,"caption":"hd-multimedia"},"image":{"@id":"https:\/\/hd-multimedia.com\/#\/schema\/logo\/image\/"}}]}},"post_mailing_queue_ids":[],"_links":{"self":[{"href":"https:\/\/hd-multimedia.com\/sl\/wp-json\/wp\/v2\/product\/18908","targetHints":{"allow":["GET"]}}],"collection":[{"href":"https:\/\/hd-multimedia.com\/sl\/wp-json\/wp\/v2\/product"}],"about":[{"href":"https:\/\/hd-multimedia.com\/sl\/wp-json\/wp\/v2\/types\/product"}],"version-history":[{"count":6,"href":"https:\/\/hd-multimedia.com\/sl\/wp-json\/wp\/v2\/product\/18908\/revisions"}],"predecessor-version":[{"id":19026,"href":"https:\/\/hd-multimedia.com\/sl\/wp-json\/wp\/v2\/product\/18908\/revisions\/19026"}],"wp:featuredmedia":[{"embeddable":true,"href":"https:\/\/hd-multimedia.com\/sl\/wp-json\/wp\/v2\/media\/18913"}],"wp:attachment":[{"href":"https:\/\/hd-multimedia.com\/sl\/wp-json\/wp\/v2\/media?parent=18908"}],"curies":[{"name":"wp","href":"https:\/\/api.w.org\/{rel}","templated":true}]}}