{"id":18848,"date":"2025-08-19T11:12:28","date_gmt":"2025-08-19T11:12:28","guid":{"rendered":"https:\/\/hd-multimedia.com\/?post_type=product&#038;p=18848"},"modified":"2025-12-09T08:47:17","modified_gmt":"2025-12-09T08:47:17","slug":"fiio-qx13","status":"publish","type":"product","link":"https:\/\/hd-multimedia.com\/sl\/trgovina\/fiio-qx13\/","title":{"rendered":"FiiO QX13"},"content":{"rendered":"<p><strong>Specifikacije FiiO QX13:<\/strong><\/p>\n<p>Dimenzije: 64,2 \u00d7 30,7 \u00d7 13 mm<br \/>\nIzhodna mo\u010d: do 900 mW + 900 mW pri 32 \u03a9 (uravnote\u017een namizni na\u010din), ~310 mW SE<br \/>\nSNR: \u2265124 dB; THD+N: &lt;0,0004%<br \/>\nFormati predvajanja: 32-bitni\/768 kHz PCM, izvorni DSD512, polno dekodiranje MQA<br \/>\nZaslon: 1,99-pal\u010dni barvni LCD zaslon<br \/>\nObmo\u010dje izena\u010devalnika: 10-pasovni PEQ \u00b112 dB, ve\u010d prednastavitev + ugla\u0161evanje po meri.<\/p>\n<p><a href=\"https:\/\/www.fiio.com\/QX13_parameters\" target=\"_blank\" rel=\"noopener\">Podrobne specifikacije za FiiO QX13<\/a><\/p>","protected":false},"excerpt":{"rendered":"<p>FiiO QX13 je zmogljiv in kompakten prenosni oja\u010devalnik za slu\u0161alke in DAC. FiiO QX13 je zasnovan za uporabnike, ki zahtevajo visokokakovosten zvok na poti. Uporablja vrhunski 8-kanalni DAC ESS ES9027PRO, povezan z visokonatan\u010dnim oja\u010devalnikom, kar zagotavlja vrhunsko delovanje iz majhne naprave. FiiO QX13 spremeni va\u0161 pametni telefon, prenosnik ali napravo USB-C v prenosno Hi-Fi postavitev. Podpira formate datotek, kot sta DSD512 in MQA, ter ima prilagodljiv izena\u010devalnik. Idealen je za pogon visokokakovostnih IEM-jev in slu\u0161alk iz telefona, tablice ali prenosnika.<\/p>\n<p><a href=\"https:\/\/www.fiio.com\/QX13\" target=\"_blank\" rel=\"noopener\">Povezava za dodatne informacije o izdelku!<\/a><\/p>","protected":false},"featured_media":18855,"template":"","meta":{"site-sidebar-layout":"default","site-content-layout":"","ast-site-content-layout":"default","site-content-style":"default","site-sidebar-style":"default","ast-global-header-display":"","ast-banner-title-visibility":"","ast-main-header-display":"","ast-hfb-above-header-display":"","ast-hfb-below-header-display":"","ast-hfb-mobile-header-display":"","site-post-title":"","ast-breadcrumbs-content":"","ast-featured-img":"","footer-sml-layout":"","theme-transparent-header-meta":"default","adv-header-id-meta":"","stick-header-meta":"default","header-above-stick-meta":"","header-main-stick-meta":"","header-below-stick-meta":"","astra-migrate-meta-layouts":"set","ast-page-background-enabled":"default","ast-page-background-meta":{"desktop":{"background-color":"","background-image":"","background-repeat":"repeat","background-position":"center center","background-size":"auto","background-attachment":"scroll","background-type":"","background-media":"","overlay-type":"","overlay-color":"","overlay-opacity":"","overlay-gradient":""},"tablet":{"background-color":"","background-image":"","background-repeat":"repeat","background-position":"center center","background-size":"auto","background-attachment":"scroll","background-type":"","background-media":"","overlay-type":"","overlay-color":"","overlay-opacity":"","overlay-gradient":""},"mobile":{"background-color":"","background-image":"","background-repeat":"repeat","background-position":"center center","background-size":"auto","background-attachment":"scroll","background-type":"","background-media":"","overlay-type":"","overlay-color":"","overlay-opacity":"","overlay-gradient":""}},"ast-content-background-meta":{"desktop":{"background-color":"var(--ast-global-color-5)","background-image":"","background-repeat":"repeat","background-position":"center center","background-size":"auto","background-attachment":"scroll","background-type":"","background-media":"","overlay-type":"","overlay-color":"","overlay-opacity":"","overlay-gradient":""},"tablet":{"background-color":"var(--ast-global-color-5)","background-image":"","background-repeat":"repeat","background-position":"center center","background-size":"auto","background-attachment":"scroll","background-type":"","background-media":"","overlay-type":"","overlay-color":"","overlay-opacity":"","overlay-gradient":""},"mobile":{"background-color":"var(--ast-global-color-5)","background-image":"","background-repeat":"repeat","background-position":"center center","background-size":"auto","background-attachment":"scroll","background-type":"","background-media":"","overlay-type":"","overlay-color":"","overlay-opacity":"","overlay-gradient":""}}},"class_list":["post-18848","product","type-product","status-publish","has-post-thumbnail","hentry","product_cat-pojacala-smartphone","product_cat-fiio","product_tag-novo-u-ponudi-fiio","desktop-align-center","tablet-align-center","mobile-align-center","ast-product-gallery-layout-horizontal","ast-magnify-disabled","ast-product-tabs-layout-horizontal"],"yoast_head":"<!-- This site is optimized with the Yoast SEO plugin v21.4 - https:\/\/yoast.com\/wordpress\/plugins\/seo\/ -->\n<title>FiiO QX13 - hd-multimedia<\/title>\n<meta name=\"description\" content=\"FiiO QX13 je sna\u017eno i kompaktno prijenosno poja\u010dalo za slu\u0161alice i DAC. QX13 je napravljen za korisnike koji zahtijevaju visoku kvalitetu zvuka u pokretu.\" \/>\n<meta name=\"robots\" content=\"index, follow, max-snippet:-1, max-image-preview:large, max-video-preview:-1\" \/>\n<link rel=\"canonical\" href=\"https:\/\/hd-multimedia.com\/sl\/trgovina\/fiio-qx13\/\" \/>\n<meta property=\"og:locale\" content=\"sl_SI\" \/>\n<meta property=\"og:type\" content=\"article\" \/>\n<meta property=\"og:title\" content=\"FiiO QX13 - hd-multimedia\" \/>\n<meta property=\"og:description\" content=\"FiiO QX13 je sna\u017eno i kompaktno prijenosno poja\u010dalo za slu\u0161alice i DAC. QX13 je napravljen za korisnike koji zahtijevaju visoku kvalitetu zvuka u pokretu.\" \/>\n<meta property=\"og:url\" content=\"https:\/\/hd-multimedia.com\/sl\/trgovina\/fiio-qx13\/\" \/>\n<meta property=\"og:site_name\" content=\"hd-multimedia\" \/>\n<meta property=\"article:modified_time\" content=\"2025-12-09T08:47:17+00:00\" \/>\n<meta property=\"og:image\" content=\"https:\/\/hd-multimedia.com\/hdm_media\/FiiO-QX13-scaled.jpg\" \/>\n\t<meta property=\"og:image:width\" content=\"2560\" \/>\n\t<meta property=\"og:image:height\" content=\"2560\" \/>\n\t<meta property=\"og:image:type\" content=\"image\/jpeg\" \/>\n<meta name=\"twitter:card\" content=\"summary_large_image\" \/>\n<meta name=\"twitter:label1\" content=\"Est. reading time\" \/>\n\t<meta name=\"twitter:data1\" content=\"1 minuta\" \/>\n<script type=\"application\/ld+json\" class=\"yoast-schema-graph\">{\"@context\":\"https:\/\/schema.org\",\"@graph\":[{\"@type\":\"WebPage\",\"@id\":\"https:\/\/hd-multimedia.com\/trgovina\/fiio-qx13\/\",\"url\":\"https:\/\/hd-multimedia.com\/trgovina\/fiio-qx13\/\",\"name\":\"FiiO QX13 - hd-multimedia\",\"isPartOf\":{\"@id\":\"https:\/\/hd-multimedia.com\/#website\"},\"datePublished\":\"2025-08-19T11:12:28+00:00\",\"dateModified\":\"2025-12-09T08:47:17+00:00\",\"description\":\"FiiO QX13 je sna\u017eno i kompaktno prijenosno poja\u010dalo za slu\u0161alice i DAC. QX13 je napravljen za korisnike koji zahtijevaju visoku kvalitetu zvuka u pokretu.\",\"breadcrumb\":{\"@id\":\"https:\/\/hd-multimedia.com\/trgovina\/fiio-qx13\/#breadcrumb\"},\"inLanguage\":\"sl-SI\",\"potentialAction\":[{\"@type\":\"ReadAction\",\"target\":[\"https:\/\/hd-multimedia.com\/trgovina\/fiio-qx13\/\"]}]},{\"@type\":\"BreadcrumbList\",\"@id\":\"https:\/\/hd-multimedia.com\/trgovina\/fiio-qx13\/#breadcrumb\",\"itemListElement\":[{\"@type\":\"ListItem\",\"position\":1,\"name\":\"Po\u010detna stranica\",\"item\":\"https:\/\/hd-multimedia.com\/\"},{\"@type\":\"ListItem\",\"position\":2,\"name\":\"Trgovina\",\"item\":\"https:\/\/hd-multimedia.com\/trgovina\/\"},{\"@type\":\"ListItem\",\"position\":3,\"name\":\"FiiO QX13\"}]},{\"@type\":\"WebSite\",\"@id\":\"https:\/\/hd-multimedia.com\/#website\",\"url\":\"https:\/\/hd-multimedia.com\/\",\"name\":\"hd-multimedia\",\"description\":\"\",\"publisher\":{\"@id\":\"https:\/\/hd-multimedia.com\/#organization\"},\"potentialAction\":[{\"@type\":\"SearchAction\",\"target\":{\"@type\":\"EntryPoint\",\"urlTemplate\":\"https:\/\/hd-multimedia.com\/?s={search_term_string}\"},\"query-input\":\"required name=search_term_string\"}],\"inLanguage\":\"sl-SI\"},{\"@type\":\"Organization\",\"@id\":\"https:\/\/hd-multimedia.com\/#organization\",\"name\":\"hd-multimedia\",\"url\":\"https:\/\/hd-multimedia.com\/\",\"logo\":{\"@type\":\"ImageObject\",\"inLanguage\":\"sl-SI\",\"@id\":\"https:\/\/hd-multimedia.com\/#\/schema\/logo\/image\/\",\"url\":\"https:\/\/hd-multimedia.com\/hdm_media\/HD-curves-ok-196-56px-alpha-1.png\",\"contentUrl\":\"https:\/\/hd-multimedia.com\/hdm_media\/HD-curves-ok-196-56px-alpha-1.png\",\"width\":196,\"height\":53,\"caption\":\"hd-multimedia\"},\"image\":{\"@id\":\"https:\/\/hd-multimedia.com\/#\/schema\/logo\/image\/\"}}]}<\/script>\n<!-- \/ Yoast SEO plugin. -->","yoast_head_json":{"title":"FiiO QX13 - hd-multimedia","description":"FiiO QX13 je sna\u017eno i kompaktno prijenosno poja\u010dalo za slu\u0161alice i DAC. QX13 je napravljen za korisnike koji zahtijevaju visoku kvalitetu zvuka u pokretu.","robots":{"index":"index","follow":"follow","max-snippet":"max-snippet:-1","max-image-preview":"max-image-preview:large","max-video-preview":"max-video-preview:-1"},"canonical":"https:\/\/hd-multimedia.com\/sl\/trgovina\/fiio-qx13\/","og_locale":"sl_SI","og_type":"article","og_title":"FiiO QX13 - hd-multimedia","og_description":"FiiO QX13 je sna\u017eno i kompaktno prijenosno poja\u010dalo za slu\u0161alice i DAC. QX13 je napravljen za korisnike koji zahtijevaju visoku kvalitetu zvuka u pokretu.","og_url":"https:\/\/hd-multimedia.com\/sl\/trgovina\/fiio-qx13\/","og_site_name":"hd-multimedia","article_modified_time":"2025-12-09T08:47:17+00:00","og_image":[{"width":2560,"height":2560,"url":"https:\/\/hd-multimedia.com\/hdm_media\/FiiO-QX13-scaled.jpg","type":"image\/jpeg"}],"twitter_card":"summary_large_image","twitter_misc":{"Est. reading time":"1 minuta"},"schema":{"@context":"https:\/\/schema.org","@graph":[{"@type":"WebPage","@id":"https:\/\/hd-multimedia.com\/trgovina\/fiio-qx13\/","url":"https:\/\/hd-multimedia.com\/trgovina\/fiio-qx13\/","name":"FiiO QX13 - hd-multimedia","isPartOf":{"@id":"https:\/\/hd-multimedia.com\/#website"},"datePublished":"2025-08-19T11:12:28+00:00","dateModified":"2025-12-09T08:47:17+00:00","description":"FiiO QX13 je sna\u017eno i kompaktno prijenosno poja\u010dalo za slu\u0161alice i DAC. QX13 je napravljen za korisnike koji zahtijevaju visoku kvalitetu zvuka u pokretu.","breadcrumb":{"@id":"https:\/\/hd-multimedia.com\/trgovina\/fiio-qx13\/#breadcrumb"},"inLanguage":"sl-SI","potentialAction":[{"@type":"ReadAction","target":["https:\/\/hd-multimedia.com\/trgovina\/fiio-qx13\/"]}]},{"@type":"BreadcrumbList","@id":"https:\/\/hd-multimedia.com\/trgovina\/fiio-qx13\/#breadcrumb","itemListElement":[{"@type":"ListItem","position":1,"name":"Po\u010detna stranica","item":"https:\/\/hd-multimedia.com\/"},{"@type":"ListItem","position":2,"name":"Trgovina","item":"https:\/\/hd-multimedia.com\/trgovina\/"},{"@type":"ListItem","position":3,"name":"FiiO QX13"}]},{"@type":"WebSite","@id":"https:\/\/hd-multimedia.com\/#website","url":"https:\/\/hd-multimedia.com\/","name":"hd-multimedia","description":"","publisher":{"@id":"https:\/\/hd-multimedia.com\/#organization"},"potentialAction":[{"@type":"SearchAction","target":{"@type":"EntryPoint","urlTemplate":"https:\/\/hd-multimedia.com\/?s={search_term_string}"},"query-input":"required name=search_term_string"}],"inLanguage":"sl-SI"},{"@type":"Organization","@id":"https:\/\/hd-multimedia.com\/#organization","name":"hd-multimedia","url":"https:\/\/hd-multimedia.com\/","logo":{"@type":"ImageObject","inLanguage":"sl-SI","@id":"https:\/\/hd-multimedia.com\/#\/schema\/logo\/image\/","url":"https:\/\/hd-multimedia.com\/hdm_media\/HD-curves-ok-196-56px-alpha-1.png","contentUrl":"https:\/\/hd-multimedia.com\/hdm_media\/HD-curves-ok-196-56px-alpha-1.png","width":196,"height":53,"caption":"hd-multimedia"},"image":{"@id":"https:\/\/hd-multimedia.com\/#\/schema\/logo\/image\/"}}]}},"post_mailing_queue_ids":[],"_links":{"self":[{"href":"https:\/\/hd-multimedia.com\/sl\/wp-json\/wp\/v2\/product\/18848","targetHints":{"allow":["GET"]}}],"collection":[{"href":"https:\/\/hd-multimedia.com\/sl\/wp-json\/wp\/v2\/product"}],"about":[{"href":"https:\/\/hd-multimedia.com\/sl\/wp-json\/wp\/v2\/types\/product"}],"version-history":[{"count":3,"href":"https:\/\/hd-multimedia.com\/sl\/wp-json\/wp\/v2\/product\/18848\/revisions"}],"predecessor-version":[{"id":18856,"href":"https:\/\/hd-multimedia.com\/sl\/wp-json\/wp\/v2\/product\/18848\/revisions\/18856"}],"wp:featuredmedia":[{"embeddable":true,"href":"https:\/\/hd-multimedia.com\/sl\/wp-json\/wp\/v2\/media\/18855"}],"wp:attachment":[{"href":"https:\/\/hd-multimedia.com\/sl\/wp-json\/wp\/v2\/media?parent=18848"}],"curies":[{"name":"wp","href":"https:\/\/api.w.org\/{rel}","templated":true}]}}