{"id":18808,"date":"2025-08-14T09:49:17","date_gmt":"2025-08-14T09:49:17","guid":{"rendered":"https:\/\/hd-multimedia.com\/?post_type=product&#038;p=18808"},"modified":"2026-04-07T07:39:36","modified_gmt":"2026-04-07T07:39:36","slug":"topping-dx5-ii","status":"publish","type":"product","link":"https:\/\/hd-multimedia.com\/sl\/trgovina\/topping-dx5-ii\/","title":{"rendered":"Preliv DX5 II"},"content":{"rendered":"<p>Topping DX5 II s svojim \u0161tirikanalnim, popolnoma uravnote\u017eenim oja\u010devalnikom za slu\u0161alke ponuja 4,4 mm uravnote\u017eene, 4-pinske uravnote\u017eene XLR in 6,35 mm enojne izhode.<\/p>\n<p>Namizna programska oprema vam omogo\u010da prilagajanje 10 neodvisnih frekven\u010dnih pasov \u2013 prilagajanje frekvence, oja\u010danja in Q-faktorja. Shranite ve\u010d profilov, uporabite razli\u010dne izena\u010devalnike za zvo\u010dnike in slu\u0161alke ter uvozite in izvozite krivulje.<\/p>\n<p>AVRORA V:<br \/>\n2,0-pal\u010dni barvni zaslon in gumbi omogo\u010dajo hitro in jasno upravljanje. Spremenite barvo ozadja. Izbirate lahko med prikazom FFT, VU merilnika ali informacij o predvajanju. Dodelite gumb za upravljanje tistega, kar najpogosteje uporabljate.<\/p>\n<p>Slu\u0161alke DX5 II, ki jih poganja \u010dip QCC5125, podpirajo Bluetooth 5.1 z LDAC, aptX HD, aptX Adaptive, AAC in SBC. Omogo\u010dajo pretakanje do 96 kHz\/24 bitov brez kablov \u2013 kar je uporabno za povezavo s televizorjem, tablico ali preto\u010dno napravo.<\/p>\n<p><strong>Tehni\u010dni podatki:<\/strong><\/p>\n<p>Dvojni DAC-ji ES9039Q2M<br \/>\nNov tristopenjski oja\u010devalnik za slu\u0161alke X-Hybrid<br \/>\nPopolnoma uravnote\u017een izhod za slu\u0161alke<br \/>\nRazmerje signal-\u0161um: 133 dB; razmerje signal-\u0161um: 133 dB<br \/>\nTHD+N: &lt;0,00006%<br \/>\nIzhodna mo\u010d: 7600mW x2 pri 16\u03a9<br \/>\n10-pasovni PEQ z namizno programsko opremo<br \/>\nUporabni\u0161ki vmesnik Aurora z barvnim zaslonom<br \/>\nBluetooth 5.1 z LDAC in aptX HD<br \/>\nUSB vhod s podporo za XMOS XU316 in DSD512<br \/>\nNa\u010din predoja\u010devalnika s pomnilnikom glasnosti<br \/>\n12V spro\u017eilni vhod\/izhod<br \/>\nNeodvisno razvita vhodno\/izhodna vezja<br \/>\nDeluje z operacijskimi sistemi Windows, macOS, Linux, iOS in Android<\/p>","protected":false},"excerpt":{"rendered":"<p>Topping DX5 II je nov model, ki zdru\u017euje uravnote\u017een DAC in oja\u010devalnik za slu\u0161alke. To je naslednik priljubljenega modela DX5 z nadgrajeno notranjostjo, \u0161ir\u0161o povezljivostjo in izbolj\u0161ano uporabni\u0161ko izku\u0161njo. Dvojna DAC-ja ES9039Q2M zagotavljata dekoderno jedro, medtem ko povsem novo oja\u010devalno vezje X-Hybrid poganja va\u0161e slu\u0161alke, posodobljeni uporabni\u0161ki vmesnik Aurora in sistem PEQ pa ponujata natan\u010dno in zmogljivo prilagoditev zvoka.<\/p>\n<p>Za digitalno pretvorbo skrbita dva \u010dipa ES9039Q2M \u2013 eden na kanal. To pomeni manj\u0161e presluhe, bolj\u0161o kakovost slike in izbolj\u0161ane specifikacije: razmerje signal\/\u0161um 133 dB, dinami\u010dni razpon 133 dB in popa\u010denje le 0,00006%.<\/p>\n<p><a href=\"https:\/\/www.toppingaudio.com\/product-item\/dx5-ii\" target=\"_blank\" rel=\"noopener\">Povezava za dodatne informacije o izdelku!<\/a><\/p>","protected":false},"featured_media":18813,"template":"","meta":{"site-sidebar-layout":"default","site-content-layout":"","ast-site-content-layout":"default","site-content-style":"default","site-sidebar-style":"default","ast-global-header-display":"","ast-banner-title-visibility":"","ast-main-header-display":"","ast-hfb-above-header-display":"","ast-hfb-below-header-display":"","ast-hfb-mobile-header-display":"","site-post-title":"","ast-breadcrumbs-content":"","ast-featured-img":"","footer-sml-layout":"","theme-transparent-header-meta":"default","adv-header-id-meta":"","stick-header-meta":"default","header-above-stick-meta":"","header-main-stick-meta":"","header-below-stick-meta":"","astra-migrate-meta-layouts":"set","ast-page-background-enabled":"default","ast-page-background-meta":{"desktop":{"background-color":"","background-image":"","background-repeat":"repeat","background-position":"center center","background-size":"auto","background-attachment":"scroll","background-type":"","background-media":"","overlay-type":"","overlay-color":"","overlay-opacity":"","overlay-gradient":""},"tablet":{"background-color":"","background-image":"","background-repeat":"repeat","background-position":"center center","background-size":"auto","background-attachment":"scroll","background-type":"","background-media":"","overlay-type":"","overlay-color":"","overlay-opacity":"","overlay-gradient":""},"mobile":{"background-color":"","background-image":"","background-repeat":"repeat","background-position":"center center","background-size":"auto","background-attachment":"scroll","background-type":"","background-media":"","overlay-type":"","overlay-color":"","overlay-opacity":"","overlay-gradient":""}},"ast-content-background-meta":{"desktop":{"background-color":"var(--ast-global-color-5)","background-image":"","background-repeat":"repeat","background-position":"center center","background-size":"auto","background-attachment":"scroll","background-type":"","background-media":"","overlay-type":"","overlay-color":"","overlay-opacity":"","overlay-gradient":""},"tablet":{"background-color":"var(--ast-global-color-5)","background-image":"","background-repeat":"repeat","background-position":"center center","background-size":"auto","background-attachment":"scroll","background-type":"","background-media":"","overlay-type":"","overlay-color":"","overlay-opacity":"","overlay-gradient":""},"mobile":{"background-color":"var(--ast-global-color-5)","background-image":"","background-repeat":"repeat","background-position":"center center","background-size":"auto","background-attachment":"scroll","background-type":"","background-media":"","overlay-type":"","overlay-color":"","overlay-opacity":"","overlay-gradient":""}}},"class_list":["post-18808","product","type-product","status-publish","has-post-thumbnail","hentry","product_cat-dac","product_cat-pojacala-za-slusalice","product_cat-topping","product_tag-novo-u-ponudi","desktop-align-center","tablet-align-center","mobile-align-center","ast-product-gallery-layout-horizontal","ast-magnify-disabled","ast-product-single-variable","ast-product-tabs-layout-horizontal"],"yoast_head":"<!-- This site is optimized with the Yoast SEO plugin v21.4 - https:\/\/yoast.com\/wordpress\/plugins\/seo\/ -->\n<title>Topping DX5 II - hd-multimedia<\/title>\n<meta name=\"description\" content=\"Topping DX5 IITopping DX5 II je novi model koji kombinira balansirani DAC i poja\u010dalo za slu\u0161alice. Ovo je nasljednik popularnog modela DX5.\" \/>\n<meta name=\"robots\" content=\"index, follow, max-snippet:-1, max-image-preview:large, max-video-preview:-1\" \/>\n<link rel=\"canonical\" href=\"https:\/\/hd-multimedia.com\/sl\/trgovina\/topping-dx5-ii\/\" \/>\n<meta property=\"og:locale\" content=\"sl_SI\" \/>\n<meta property=\"og:type\" content=\"article\" \/>\n<meta property=\"og:title\" content=\"Topping DX5 II - hd-multimedia\" \/>\n<meta property=\"og:description\" content=\"Topping DX5 IITopping DX5 II je novi model koji kombinira balansirani DAC i poja\u010dalo za slu\u0161alice. Ovo je nasljednik popularnog modela DX5.\" \/>\n<meta property=\"og:url\" content=\"https:\/\/hd-multimedia.com\/sl\/trgovina\/topping-dx5-ii\/\" \/>\n<meta property=\"og:site_name\" content=\"hd-multimedia\" \/>\n<meta property=\"article:modified_time\" content=\"2026-04-07T07:39:36+00:00\" \/>\n<meta property=\"og:image\" content=\"https:\/\/hd-multimedia.com\/hdm_media\/Topping-DX5II-Black-e1755171214236.png\" \/>\n\t<meta property=\"og:image:width\" content=\"890\" \/>\n\t<meta property=\"og:image:height\" content=\"890\" \/>\n\t<meta property=\"og:image:type\" content=\"image\/png\" \/>\n<meta name=\"twitter:card\" content=\"summary_large_image\" \/>\n<meta name=\"twitter:label1\" content=\"Est. reading time\" \/>\n\t<meta name=\"twitter:data1\" content=\"2 minuti\" \/>\n<script type=\"application\/ld+json\" class=\"yoast-schema-graph\">{\"@context\":\"https:\/\/schema.org\",\"@graph\":[{\"@type\":\"WebPage\",\"@id\":\"https:\/\/hd-multimedia.com\/trgovina\/topping-dx5-ii\/\",\"url\":\"https:\/\/hd-multimedia.com\/trgovina\/topping-dx5-ii\/\",\"name\":\"Topping DX5 II - hd-multimedia\",\"isPartOf\":{\"@id\":\"https:\/\/hd-multimedia.com\/#website\"},\"datePublished\":\"2025-08-14T09:49:17+00:00\",\"dateModified\":\"2026-04-07T07:39:36+00:00\",\"description\":\"Topping DX5 IITopping DX5 II je novi model koji kombinira balansirani DAC i poja\u010dalo za slu\u0161alice. Ovo je nasljednik popularnog modela DX5.\",\"breadcrumb\":{\"@id\":\"https:\/\/hd-multimedia.com\/trgovina\/topping-dx5-ii\/#breadcrumb\"},\"inLanguage\":\"sl-SI\",\"potentialAction\":[{\"@type\":\"ReadAction\",\"target\":[\"https:\/\/hd-multimedia.com\/trgovina\/topping-dx5-ii\/\"]}]},{\"@type\":\"BreadcrumbList\",\"@id\":\"https:\/\/hd-multimedia.com\/trgovina\/topping-dx5-ii\/#breadcrumb\",\"itemListElement\":[{\"@type\":\"ListItem\",\"position\":1,\"name\":\"Po\u010detna stranica\",\"item\":\"https:\/\/hd-multimedia.com\/\"},{\"@type\":\"ListItem\",\"position\":2,\"name\":\"Trgovina\",\"item\":\"https:\/\/hd-multimedia.com\/trgovina\/\"},{\"@type\":\"ListItem\",\"position\":3,\"name\":\"Topping DX5 II\"}]},{\"@type\":\"WebSite\",\"@id\":\"https:\/\/hd-multimedia.com\/#website\",\"url\":\"https:\/\/hd-multimedia.com\/\",\"name\":\"hd-multimedia\",\"description\":\"\",\"publisher\":{\"@id\":\"https:\/\/hd-multimedia.com\/#organization\"},\"potentialAction\":[{\"@type\":\"SearchAction\",\"target\":{\"@type\":\"EntryPoint\",\"urlTemplate\":\"https:\/\/hd-multimedia.com\/?s={search_term_string}\"},\"query-input\":\"required name=search_term_string\"}],\"inLanguage\":\"sl-SI\"},{\"@type\":\"Organization\",\"@id\":\"https:\/\/hd-multimedia.com\/#organization\",\"name\":\"hd-multimedia\",\"url\":\"https:\/\/hd-multimedia.com\/\",\"logo\":{\"@type\":\"ImageObject\",\"inLanguage\":\"sl-SI\",\"@id\":\"https:\/\/hd-multimedia.com\/#\/schema\/logo\/image\/\",\"url\":\"https:\/\/hd-multimedia.com\/hdm_media\/HD-curves-ok-196-56px-alpha-1.png\",\"contentUrl\":\"https:\/\/hd-multimedia.com\/hdm_media\/HD-curves-ok-196-56px-alpha-1.png\",\"width\":196,\"height\":53,\"caption\":\"hd-multimedia\"},\"image\":{\"@id\":\"https:\/\/hd-multimedia.com\/#\/schema\/logo\/image\/\"}}]}<\/script>\n<!-- \/ Yoast SEO plugin. -->","yoast_head_json":{"title":"Topping DX5 II - hd-multimedia","description":"Topping DX5 IITopping DX5 II je novi model koji kombinira balansirani DAC i poja\u010dalo za slu\u0161alice. Ovo je nasljednik popularnog modela DX5.","robots":{"index":"index","follow":"follow","max-snippet":"max-snippet:-1","max-image-preview":"max-image-preview:large","max-video-preview":"max-video-preview:-1"},"canonical":"https:\/\/hd-multimedia.com\/sl\/trgovina\/topping-dx5-ii\/","og_locale":"sl_SI","og_type":"article","og_title":"Topping DX5 II - hd-multimedia","og_description":"Topping DX5 IITopping DX5 II je novi model koji kombinira balansirani DAC i poja\u010dalo za slu\u0161alice. Ovo je nasljednik popularnog modela DX5.","og_url":"https:\/\/hd-multimedia.com\/sl\/trgovina\/topping-dx5-ii\/","og_site_name":"hd-multimedia","article_modified_time":"2026-04-07T07:39:36+00:00","og_image":[{"width":890,"height":890,"url":"https:\/\/hd-multimedia.com\/hdm_media\/Topping-DX5II-Black-e1755171214236.png","type":"image\/png"}],"twitter_card":"summary_large_image","twitter_misc":{"Est. reading time":"2 minuti"},"schema":{"@context":"https:\/\/schema.org","@graph":[{"@type":"WebPage","@id":"https:\/\/hd-multimedia.com\/trgovina\/topping-dx5-ii\/","url":"https:\/\/hd-multimedia.com\/trgovina\/topping-dx5-ii\/","name":"Topping DX5 II - hd-multimedia","isPartOf":{"@id":"https:\/\/hd-multimedia.com\/#website"},"datePublished":"2025-08-14T09:49:17+00:00","dateModified":"2026-04-07T07:39:36+00:00","description":"Topping DX5 IITopping DX5 II je novi model koji kombinira balansirani DAC i poja\u010dalo za slu\u0161alice. Ovo je nasljednik popularnog modela DX5.","breadcrumb":{"@id":"https:\/\/hd-multimedia.com\/trgovina\/topping-dx5-ii\/#breadcrumb"},"inLanguage":"sl-SI","potentialAction":[{"@type":"ReadAction","target":["https:\/\/hd-multimedia.com\/trgovina\/topping-dx5-ii\/"]}]},{"@type":"BreadcrumbList","@id":"https:\/\/hd-multimedia.com\/trgovina\/topping-dx5-ii\/#breadcrumb","itemListElement":[{"@type":"ListItem","position":1,"name":"Po\u010detna stranica","item":"https:\/\/hd-multimedia.com\/"},{"@type":"ListItem","position":2,"name":"Trgovina","item":"https:\/\/hd-multimedia.com\/trgovina\/"},{"@type":"ListItem","position":3,"name":"Topping DX5 II"}]},{"@type":"WebSite","@id":"https:\/\/hd-multimedia.com\/#website","url":"https:\/\/hd-multimedia.com\/","name":"hd-multimedia","description":"","publisher":{"@id":"https:\/\/hd-multimedia.com\/#organization"},"potentialAction":[{"@type":"SearchAction","target":{"@type":"EntryPoint","urlTemplate":"https:\/\/hd-multimedia.com\/?s={search_term_string}"},"query-input":"required name=search_term_string"}],"inLanguage":"sl-SI"},{"@type":"Organization","@id":"https:\/\/hd-multimedia.com\/#organization","name":"hd-multimedia","url":"https:\/\/hd-multimedia.com\/","logo":{"@type":"ImageObject","inLanguage":"sl-SI","@id":"https:\/\/hd-multimedia.com\/#\/schema\/logo\/image\/","url":"https:\/\/hd-multimedia.com\/hdm_media\/HD-curves-ok-196-56px-alpha-1.png","contentUrl":"https:\/\/hd-multimedia.com\/hdm_media\/HD-curves-ok-196-56px-alpha-1.png","width":196,"height":53,"caption":"hd-multimedia"},"image":{"@id":"https:\/\/hd-multimedia.com\/#\/schema\/logo\/image\/"}}]}},"post_mailing_queue_ids":[],"_links":{"self":[{"href":"https:\/\/hd-multimedia.com\/sl\/wp-json\/wp\/v2\/product\/18808","targetHints":{"allow":["GET"]}}],"collection":[{"href":"https:\/\/hd-multimedia.com\/sl\/wp-json\/wp\/v2\/product"}],"about":[{"href":"https:\/\/hd-multimedia.com\/sl\/wp-json\/wp\/v2\/types\/product"}],"version-history":[{"count":5,"href":"https:\/\/hd-multimedia.com\/sl\/wp-json\/wp\/v2\/product\/18808\/revisions"}],"predecessor-version":[{"id":18818,"href":"https:\/\/hd-multimedia.com\/sl\/wp-json\/wp\/v2\/product\/18808\/revisions\/18818"}],"wp:featuredmedia":[{"embeddable":true,"href":"https:\/\/hd-multimedia.com\/sl\/wp-json\/wp\/v2\/media\/18813"}],"wp:attachment":[{"href":"https:\/\/hd-multimedia.com\/sl\/wp-json\/wp\/v2\/media?parent=18808"}],"curies":[{"name":"wp","href":"https:\/\/api.w.org\/{rel}","templated":true}]}}