{"id":18806,"date":"2025-08-14T09:33:56","date_gmt":"2025-08-14T09:33:56","guid":{"rendered":"https:\/\/hd-multimedia.com\/?post_type=product&#038;p=18806"},"modified":"2026-02-11T12:35:15","modified_gmt":"2026-02-11T12:35:15","slug":"topping-a900","status":"publish","type":"product","link":"https:\/\/hd-multimedia.com\/sl\/trgovina\/topping-a900\/","title":{"rendered":"Preliv A900"},"content":{"rendered":"<p>ARHITEKTURA T&#039;ANG-KU-LA:<br \/>\nV sredi\u0161\u010du slu\u0161alk A900 je patentirano tristopenjsko povratno vezje T&#039;ang-ku-la. Uporablja \u0161est kanalov popolnoma diferencialnega oja\u010danja za ohranjanje ravnovesja od vira do izhoda. Ta zasnova zmanj\u0161uje \u0161um vezja in visokofrekven\u010dno popa\u010denje, hkrati pa pove\u010duje zanesljivost in zmanj\u0161uje toplotni \u0161um. Rezultat je \u0161ir\u0161i dinami\u010dni razpon, hladnej\u0161e delovanje in zvok, ki ostaja \u010dist in nadzorovan. S skoraj 22.000 mW na kanal pri 16 \u03a9 imajo slu\u0161alke Topping A900 prostor tudi za najzahtevnej\u0161e slu\u0161alke.<\/p>\n<p>Topping A900 ima 2-pal\u010dni barvni zaslon, ki prikazuje koristne informacije in podrobnosti predvajanja v realnem \u010dasu, FFT spekter ali VU merilnik. Izbirate lahko med devetimi barvami ozadja in preprosto preklapljate med na\u010dini prikaza. Na desni strani trije gumbi na dotik in odziven gumb omogo\u010dajo hitro in enostavno navigacijo ter upravljanje nastavitev.<\/p>\n<p><strong>Zna\u010dilnosti preliva A900:<\/strong><\/p>\n<p>\u0160estkanalno vezje T&#039;ang-ku-la s patentirano tristopenjsko povratno zanko<br \/>\nPopolnoma uravnote\u017eena diferencialna arhitektura<br \/>\nIzhodna mo\u010d 22.000 mW x2 pri 16\u03a9<br \/>\nTHD+N &lt;0,00003% po celotni pasovni \u0161irini (90 kBW)<br \/>\nSNR\/DNR do 151 dB<br \/>\nUravnote\u017eena regulacija glasnosti prek releja s koraki po 0,5 dB<br \/>\n\u0160est izhodov za slu\u0161alke: 6,35 mm, 4,4 mm, 4-pinski XLR, dvojni 3-pinski XLR<br \/>\nPodpira neodvisne ali so\u010dasne konfiguracije izhodov<br \/>\nPredoja\u010devalni na\u010din z uravnote\u017eenimi XLR izhodi<br \/>\nBarvni zaslon z mo\u017enostjo prilagodljivih na\u010dinov in barv<br \/>\nPremium Neutrik in Pentaconn konektorji<br \/>\nIzolirano napajanje za analogna\/digitalna vezja<br \/>\nDaljinski upravljalnik iz natan\u010dno obdelanega aluminija<\/p>\n<p>&nbsp;<\/p>","protected":false},"excerpt":{"rendered":"<p>Topping A900 je vrhunski oja\u010devalnik za slu\u0161alke, zasnovan za poslu\u0161alce, ki si \u017eelijo ogromne mo\u010di, zvo\u010dne natan\u010dnosti in zadovoljstva popolnoma uravnote\u017eenega zvoka referen\u010dne ravni. S \u0161estkanalnim vezjem T&#039;ang-ku-la, resni\u010dno diferencialno arhitekturo, razmerjem signal\/\u0161um 151 dB in najve\u010djo izhodno mo\u010djo 22.000 mW x2 pri 16\u03a9, A900 zagotavlja \u010dist, mo\u010dan zvok in izjemen nadzor nad katerim koli parom slu\u0161alk ali monitorjev.<\/p>\n<p>Slu\u0161alke Topping A900 ponujajo \u0161est fizi\u010dnih izhodov za slu\u0161alke, vklju\u010dno s 6,35 mm enojnim, 4,4 mm uravnote\u017eenim, 4-pinskim uravnote\u017eenim XLR in dvojnim 3-pinskim uravnote\u017eenim. Vrhunski konektorji Neutrik in Pentaconn zagotavljajo trdno in zanesljivo povezavo. Izhode je mogo\u010de konfigurirati kot neodvisne ali so\u010dasne, tako da lahko preizkusite ali spremljate ve\u010d slu\u0161alk, ne da bi morali menjati kable.<\/p>\n<p><a href=\"https:\/\/www.toppingaudio.com\/product-item\/a900\" target=\"_blank\" rel=\"noopener\">Povezava za dodatne informacije o izdelku!<\/a><\/p>","protected":false},"featured_media":18822,"template":"","meta":{"site-sidebar-layout":"default","site-content-layout":"","ast-site-content-layout":"default","site-content-style":"default","site-sidebar-style":"default","ast-global-header-display":"","ast-banner-title-visibility":"","ast-main-header-display":"","ast-hfb-above-header-display":"","ast-hfb-below-header-display":"","ast-hfb-mobile-header-display":"","site-post-title":"","ast-breadcrumbs-content":"","ast-featured-img":"","footer-sml-layout":"","theme-transparent-header-meta":"default","adv-header-id-meta":"","stick-header-meta":"default","header-above-stick-meta":"","header-main-stick-meta":"","header-below-stick-meta":"","astra-migrate-meta-layouts":"set","ast-page-background-enabled":"default","ast-page-background-meta":{"desktop":{"background-color":"","background-image":"","background-repeat":"repeat","background-position":"center center","background-size":"auto","background-attachment":"scroll","background-type":"","background-media":"","overlay-type":"","overlay-color":"","overlay-opacity":"","overlay-gradient":""},"tablet":{"background-color":"","background-image":"","background-repeat":"repeat","background-position":"center center","background-size":"auto","background-attachment":"scroll","background-type":"","background-media":"","overlay-type":"","overlay-color":"","overlay-opacity":"","overlay-gradient":""},"mobile":{"background-color":"","background-image":"","background-repeat":"repeat","background-position":"center center","background-size":"auto","background-attachment":"scroll","background-type":"","background-media":"","overlay-type":"","overlay-color":"","overlay-opacity":"","overlay-gradient":""}},"ast-content-background-meta":{"desktop":{"background-color":"var(--ast-global-color-5)","background-image":"","background-repeat":"repeat","background-position":"center center","background-size":"auto","background-attachment":"scroll","background-type":"","background-media":"","overlay-type":"","overlay-color":"","overlay-opacity":"","overlay-gradient":""},"tablet":{"background-color":"var(--ast-global-color-5)","background-image":"","background-repeat":"repeat","background-position":"center center","background-size":"auto","background-attachment":"scroll","background-type":"","background-media":"","overlay-type":"","overlay-color":"","overlay-opacity":"","overlay-gradient":""},"mobile":{"background-color":"var(--ast-global-color-5)","background-image":"","background-repeat":"repeat","background-position":"center center","background-size":"auto","background-attachment":"scroll","background-type":"","background-media":"","overlay-type":"","overlay-color":"","overlay-opacity":"","overlay-gradient":""}}},"class_list":["post-18806","product","type-product","status-publish","has-post-thumbnail","hentry","product_cat-pojacala-za-slusalice","product_cat-topping","product_tag-novo-u-ponudi","desktop-align-center","tablet-align-center","mobile-align-center","ast-product-gallery-layout-horizontal","ast-magnify-disabled","ast-product-tabs-layout-horizontal"],"yoast_head":"<!-- This site is optimized with the Yoast SEO plugin v21.4 - https:\/\/yoast.com\/wordpress\/plugins\/seo\/ -->\n<title>Topping A900 - hd-multimedia<\/title>\n<meta name=\"description\" content=\"Topping A900 je vrhunsko poja\u010dalo za slu\u0161alice dizajnirano za slu\u0161atelje koji \u017eele masivnu snagu, zvu\u010dnu preciznost i zadovoljstvo.\" \/>\n<meta name=\"robots\" content=\"index, follow, max-snippet:-1, max-image-preview:large, max-video-preview:-1\" \/>\n<link rel=\"canonical\" href=\"https:\/\/hd-multimedia.com\/sl\/trgovina\/topping-a900\/\" \/>\n<meta property=\"og:locale\" content=\"sl_SI\" \/>\n<meta property=\"og:type\" content=\"article\" \/>\n<meta property=\"og:title\" content=\"Topping A900 - hd-multimedia\" \/>\n<meta property=\"og:description\" content=\"Topping A900 je vrhunsko poja\u010dalo za slu\u0161alice dizajnirano za slu\u0161atelje koji \u017eele masivnu snagu, zvu\u010dnu preciznost i zadovoljstvo.\" \/>\n<meta property=\"og:url\" content=\"https:\/\/hd-multimedia.com\/sl\/trgovina\/topping-a900\/\" \/>\n<meta property=\"og:site_name\" content=\"hd-multimedia\" \/>\n<meta property=\"article:modified_time\" content=\"2026-02-11T12:35:15+00:00\" \/>\n<meta property=\"og:image\" content=\"https:\/\/hd-multimedia.com\/hdm_media\/Topping-A900-Silver-e1755174592702.png\" \/>\n\t<meta property=\"og:image:width\" content=\"904\" \/>\n\t<meta property=\"og:image:height\" content=\"903\" \/>\n\t<meta property=\"og:image:type\" content=\"image\/png\" \/>\n<meta name=\"twitter:card\" content=\"summary_large_image\" \/>\n<meta name=\"twitter:label1\" content=\"Est. reading time\" \/>\n\t<meta name=\"twitter:data1\" content=\"2 minuti\" \/>\n<script type=\"application\/ld+json\" class=\"yoast-schema-graph\">{\"@context\":\"https:\/\/schema.org\",\"@graph\":[{\"@type\":\"WebPage\",\"@id\":\"https:\/\/hd-multimedia.com\/trgovina\/topping-a900\/\",\"url\":\"https:\/\/hd-multimedia.com\/trgovina\/topping-a900\/\",\"name\":\"Topping A900 - hd-multimedia\",\"isPartOf\":{\"@id\":\"https:\/\/hd-multimedia.com\/#website\"},\"datePublished\":\"2025-08-14T09:33:56+00:00\",\"dateModified\":\"2026-02-11T12:35:15+00:00\",\"description\":\"Topping A900 je vrhunsko poja\u010dalo za slu\u0161alice dizajnirano za slu\u0161atelje koji \u017eele masivnu snagu, zvu\u010dnu preciznost i zadovoljstvo.\",\"breadcrumb\":{\"@id\":\"https:\/\/hd-multimedia.com\/trgovina\/topping-a900\/#breadcrumb\"},\"inLanguage\":\"sl-SI\",\"potentialAction\":[{\"@type\":\"ReadAction\",\"target\":[\"https:\/\/hd-multimedia.com\/trgovina\/topping-a900\/\"]}]},{\"@type\":\"BreadcrumbList\",\"@id\":\"https:\/\/hd-multimedia.com\/trgovina\/topping-a900\/#breadcrumb\",\"itemListElement\":[{\"@type\":\"ListItem\",\"position\":1,\"name\":\"Po\u010detna stranica\",\"item\":\"https:\/\/hd-multimedia.com\/\"},{\"@type\":\"ListItem\",\"position\":2,\"name\":\"Trgovina\",\"item\":\"https:\/\/hd-multimedia.com\/trgovina\/\"},{\"@type\":\"ListItem\",\"position\":3,\"name\":\"Topping A900\"}]},{\"@type\":\"WebSite\",\"@id\":\"https:\/\/hd-multimedia.com\/#website\",\"url\":\"https:\/\/hd-multimedia.com\/\",\"name\":\"hd-multimedia\",\"description\":\"\",\"publisher\":{\"@id\":\"https:\/\/hd-multimedia.com\/#organization\"},\"potentialAction\":[{\"@type\":\"SearchAction\",\"target\":{\"@type\":\"EntryPoint\",\"urlTemplate\":\"https:\/\/hd-multimedia.com\/?s={search_term_string}\"},\"query-input\":\"required name=search_term_string\"}],\"inLanguage\":\"sl-SI\"},{\"@type\":\"Organization\",\"@id\":\"https:\/\/hd-multimedia.com\/#organization\",\"name\":\"hd-multimedia\",\"url\":\"https:\/\/hd-multimedia.com\/\",\"logo\":{\"@type\":\"ImageObject\",\"inLanguage\":\"sl-SI\",\"@id\":\"https:\/\/hd-multimedia.com\/#\/schema\/logo\/image\/\",\"url\":\"https:\/\/hd-multimedia.com\/hdm_media\/HD-curves-ok-196-56px-alpha-1.png\",\"contentUrl\":\"https:\/\/hd-multimedia.com\/hdm_media\/HD-curves-ok-196-56px-alpha-1.png\",\"width\":196,\"height\":53,\"caption\":\"hd-multimedia\"},\"image\":{\"@id\":\"https:\/\/hd-multimedia.com\/#\/schema\/logo\/image\/\"}}]}<\/script>\n<!-- \/ Yoast SEO plugin. -->","yoast_head_json":{"title":"Topping A900 - hd-multimedia","description":"Topping A900 je vrhunsko poja\u010dalo za slu\u0161alice dizajnirano za slu\u0161atelje koji \u017eele masivnu snagu, zvu\u010dnu preciznost i zadovoljstvo.","robots":{"index":"index","follow":"follow","max-snippet":"max-snippet:-1","max-image-preview":"max-image-preview:large","max-video-preview":"max-video-preview:-1"},"canonical":"https:\/\/hd-multimedia.com\/sl\/trgovina\/topping-a900\/","og_locale":"sl_SI","og_type":"article","og_title":"Topping A900 - hd-multimedia","og_description":"Topping A900 je vrhunsko poja\u010dalo za slu\u0161alice dizajnirano za slu\u0161atelje koji \u017eele masivnu snagu, zvu\u010dnu preciznost i zadovoljstvo.","og_url":"https:\/\/hd-multimedia.com\/sl\/trgovina\/topping-a900\/","og_site_name":"hd-multimedia","article_modified_time":"2026-02-11T12:35:15+00:00","og_image":[{"width":904,"height":903,"url":"https:\/\/hd-multimedia.com\/hdm_media\/Topping-A900-Silver-e1755174592702.png","type":"image\/png"}],"twitter_card":"summary_large_image","twitter_misc":{"Est. reading time":"2 minuti"},"schema":{"@context":"https:\/\/schema.org","@graph":[{"@type":"WebPage","@id":"https:\/\/hd-multimedia.com\/trgovina\/topping-a900\/","url":"https:\/\/hd-multimedia.com\/trgovina\/topping-a900\/","name":"Topping A900 - hd-multimedia","isPartOf":{"@id":"https:\/\/hd-multimedia.com\/#website"},"datePublished":"2025-08-14T09:33:56+00:00","dateModified":"2026-02-11T12:35:15+00:00","description":"Topping A900 je vrhunsko poja\u010dalo za slu\u0161alice dizajnirano za slu\u0161atelje koji \u017eele masivnu snagu, zvu\u010dnu preciznost i zadovoljstvo.","breadcrumb":{"@id":"https:\/\/hd-multimedia.com\/trgovina\/topping-a900\/#breadcrumb"},"inLanguage":"sl-SI","potentialAction":[{"@type":"ReadAction","target":["https:\/\/hd-multimedia.com\/trgovina\/topping-a900\/"]}]},{"@type":"BreadcrumbList","@id":"https:\/\/hd-multimedia.com\/trgovina\/topping-a900\/#breadcrumb","itemListElement":[{"@type":"ListItem","position":1,"name":"Po\u010detna stranica","item":"https:\/\/hd-multimedia.com\/"},{"@type":"ListItem","position":2,"name":"Trgovina","item":"https:\/\/hd-multimedia.com\/trgovina\/"},{"@type":"ListItem","position":3,"name":"Topping A900"}]},{"@type":"WebSite","@id":"https:\/\/hd-multimedia.com\/#website","url":"https:\/\/hd-multimedia.com\/","name":"hd-multimedia","description":"","publisher":{"@id":"https:\/\/hd-multimedia.com\/#organization"},"potentialAction":[{"@type":"SearchAction","target":{"@type":"EntryPoint","urlTemplate":"https:\/\/hd-multimedia.com\/?s={search_term_string}"},"query-input":"required name=search_term_string"}],"inLanguage":"sl-SI"},{"@type":"Organization","@id":"https:\/\/hd-multimedia.com\/#organization","name":"hd-multimedia","url":"https:\/\/hd-multimedia.com\/","logo":{"@type":"ImageObject","inLanguage":"sl-SI","@id":"https:\/\/hd-multimedia.com\/#\/schema\/logo\/image\/","url":"https:\/\/hd-multimedia.com\/hdm_media\/HD-curves-ok-196-56px-alpha-1.png","contentUrl":"https:\/\/hd-multimedia.com\/hdm_media\/HD-curves-ok-196-56px-alpha-1.png","width":196,"height":53,"caption":"hd-multimedia"},"image":{"@id":"https:\/\/hd-multimedia.com\/#\/schema\/logo\/image\/"}}]}},"post_mailing_queue_ids":[],"_links":{"self":[{"href":"https:\/\/hd-multimedia.com\/sl\/wp-json\/wp\/v2\/product\/18806","targetHints":{"allow":["GET"]}}],"collection":[{"href":"https:\/\/hd-multimedia.com\/sl\/wp-json\/wp\/v2\/product"}],"about":[{"href":"https:\/\/hd-multimedia.com\/sl\/wp-json\/wp\/v2\/types\/product"}],"version-history":[{"count":4,"href":"https:\/\/hd-multimedia.com\/sl\/wp-json\/wp\/v2\/product\/18806\/revisions"}],"predecessor-version":[{"id":18826,"href":"https:\/\/hd-multimedia.com\/sl\/wp-json\/wp\/v2\/product\/18806\/revisions\/18826"}],"wp:featuredmedia":[{"embeddable":true,"href":"https:\/\/hd-multimedia.com\/sl\/wp-json\/wp\/v2\/media\/18822"}],"wp:attachment":[{"href":"https:\/\/hd-multimedia.com\/sl\/wp-json\/wp\/v2\/media?parent=18806"}],"curies":[{"name":"wp","href":"https:\/\/api.w.org\/{rel}","templated":true}]}}