{"id":18723,"date":"2025-07-21T13:18:05","date_gmt":"2025-07-21T13:18:05","guid":{"rendered":"https:\/\/hd-multimedia.com\/?post_type=product&#038;p=18723"},"modified":"2026-02-20T10:55:34","modified_gmt":"2026-02-20T10:55:34","slug":"elac-muro-outdoor-m81","status":"publish","type":"product","link":"https:\/\/hd-multimedia.com\/sl\/trgovina\/elac-muro-outdoor-m81\/","title":{"rendered":"Elac Muro Outdoor M81"},"content":{"rendered":"<p>Elac Muro Outdoor M81 Zvo\u010dnik, zasnovan za zunanjo uporabo z za\u0161\u010dito IP66, ima odstranljive vti\u010de, ki omogo\u010dajo preklapljanje med zaprto konfiguracijo za maksimalno odpornost na vremenske vplive in konfiguracijo s priklju\u010dki za izbolj\u0161anje nizkih tonov, ko vremenske razmere to dopu\u0161\u010dajo. Preoblikujte zasnovo v konfiguracijo s priklju\u010dki za izbolj\u0161ane nizke tone, ko vremenske razmere to dopu\u0161\u010dajo.<\/p>\n<p>Ponuja izjemno vsestranskost in prilagodljivost s prilo\u017eenim nosilcem, ki omogo\u010da brezhibno navpi\u010dno, vodoravno, stensko, stropno ali kotno monta\u017eo za vse potrebe namestitve.<\/p>\n<p><strong>Tehni\u010dni podatki:<\/strong><\/p>\n<p>Model OD-M81<br \/>\nVrsta zvo\u010dnika: 2-smerni, zaprti\/vti\u010dni<br \/>\nFrekven\u010dni odziv: -3 dB: 70 do 20 kHz<br \/>\nFrekven\u010dni odziv: -6 dB: 55 do 20 kHz<br \/>\nNazivna impedanca: 8 \u03a9<br \/>\nOb\u010dutljivost pri 2,83 V\/1 m 87 dB<br \/>\nKri\u017ena frekvenca: 2160 Hz<br \/>\nPriporo\u010dena mo\u010d oja\u010devalnika: 30 \u2013 180 W<br \/>\nNazivna\/najvi\u0161ja mo\u010d: 100\/150 W<br \/>\nVisokotonec: 25 mm svileni kupolasti visokotonec z dvoslojno bakreno aluminijasto zvo\u010dno tuljavo<br \/>\nNizkotonec: 8\u201d 25 mm polipropilenski sto\u017eec, gumijast obrob<br \/>\nOhi\u0161je: plastika, odporna na UV \u017earke<br \/>\nPriklju\u010dek: Zaprt z mo\u017enostjo priklopa<br \/>\nPriklju\u010dek zvo\u010dnikov: 5-polne priklju\u010dne sponke<br \/>\n\u0160irina (mm) 9,84\/250<br \/>\nVi\u0161ina (mm) 15,35\/390<br \/>\nGlobina (mm) 11,2\/285<br \/>\nNeto te\u017ea: 5,0 kg<\/p>","protected":false},"excerpt":{"rendered":"<p>Elac Muro Outdoor M81 je zunanji stenski zvo\u010dnik z modernim dizajnom in izjemno vsestranskostjo. S \u010distim, elegantnim profilom brez velikih vidnih gumbov se ta zvo\u010dnik brezhibno integrira v vsako okolje, tako v zaprtih prostorih kot na prostem. Zasnovan je za vzdr\u017eljivost in ima za\u0161\u010dito IP66, da prenese vremenske vplive, odstranljivi vti\u010di pa omogo\u010dajo, da zasnovo preoblikujete v konfiguracijo z vti\u010dnicami za izbolj\u0161an bas, ko vremenske razmere to dopu\u0161\u010dajo. Zunanji stenski zvo\u010dnik Muro s svojo prefinjeno estetiko in inovativno funkcionalnostjo predstavlja popolno kombinacijo stila, prilagodljivosti in vrhunske kakovosti zvoka.<\/p>\n<p>Cena se nana\u0161a na par zvo\u010dnikov.<\/p>\n<p><a href=\"https:\/\/elac.com\/od-m81-bk\" target=\"_blank\" rel=\"noopener\">Povezava za dodatne informacije o izdelku!<\/a><\/p>","protected":false},"featured_media":18743,"template":"","meta":{"site-sidebar-layout":"default","site-content-layout":"","ast-site-content-layout":"default","site-content-style":"default","site-sidebar-style":"default","ast-global-header-display":"","ast-banner-title-visibility":"","ast-main-header-display":"","ast-hfb-above-header-display":"","ast-hfb-below-header-display":"","ast-hfb-mobile-header-display":"","site-post-title":"","ast-breadcrumbs-content":"","ast-featured-img":"","footer-sml-layout":"","theme-transparent-header-meta":"default","adv-header-id-meta":"","stick-header-meta":"default","header-above-stick-meta":"","header-main-stick-meta":"","header-below-stick-meta":"","astra-migrate-meta-layouts":"set","ast-page-background-enabled":"default","ast-page-background-meta":{"desktop":{"background-color":"","background-image":"","background-repeat":"repeat","background-position":"center center","background-size":"auto","background-attachment":"scroll","background-type":"","background-media":"","overlay-type":"","overlay-color":"","overlay-opacity":"","overlay-gradient":""},"tablet":{"background-color":"","background-image":"","background-repeat":"repeat","background-position":"center center","background-size":"auto","background-attachment":"scroll","background-type":"","background-media":"","overlay-type":"","overlay-color":"","overlay-opacity":"","overlay-gradient":""},"mobile":{"background-color":"","background-image":"","background-repeat":"repeat","background-position":"center center","background-size":"auto","background-attachment":"scroll","background-type":"","background-media":"","overlay-type":"","overlay-color":"","overlay-opacity":"","overlay-gradient":""}},"ast-content-background-meta":{"desktop":{"background-color":"var(--ast-global-color-5)","background-image":"","background-repeat":"repeat","background-position":"center center","background-size":"auto","background-attachment":"scroll","background-type":"","background-media":"","overlay-type":"","overlay-color":"","overlay-opacity":"","overlay-gradient":""},"tablet":{"background-color":"var(--ast-global-color-5)","background-image":"","background-repeat":"repeat","background-position":"center center","background-size":"auto","background-attachment":"scroll","background-type":"","background-media":"","overlay-type":"","overlay-color":"","overlay-opacity":"","overlay-gradient":""},"mobile":{"background-color":"var(--ast-global-color-5)","background-image":"","background-repeat":"repeat","background-position":"center center","background-size":"auto","background-attachment":"scroll","background-type":"","background-media":"","overlay-type":"","overlay-color":"","overlay-opacity":"","overlay-gradient":""}}},"class_list":["post-18723","product","type-product","status-publish","has-post-thumbnail","hentry","product_cat-pasivne-zvucne-kutije","product_cat-elac","desktop-align-center","tablet-align-center","mobile-align-center","ast-product-gallery-layout-horizontal","ast-magnify-disabled","ast-product-tabs-layout-horizontal"],"yoast_head":"<!-- This site is optimized with the Yoast SEO plugin v21.4 - https:\/\/yoast.com\/wordpress\/plugins\/seo\/ -->\n<title>Elac Muro Outdoor M81 - hd-multimedia<\/title>\n<meta name=\"description\" content=\"Elac Muro Outdoor M81 je vanjski zidni zvu\u010dnik modernog dizajna s iznimnom svestrano\u0161\u0107u. S \u010distim, elegantnim profilom bez velikih vidljivih gumba.\" \/>\n<meta name=\"robots\" content=\"index, follow, max-snippet:-1, max-image-preview:large, max-video-preview:-1\" \/>\n<link rel=\"canonical\" href=\"https:\/\/hd-multimedia.com\/sl\/trgovina\/elac-muro-outdoor-m81\/\" \/>\n<meta property=\"og:locale\" content=\"sl_SI\" \/>\n<meta property=\"og:type\" content=\"article\" \/>\n<meta property=\"og:title\" content=\"Elac Muro Outdoor M81 - hd-multimedia\" \/>\n<meta property=\"og:description\" content=\"Elac Muro Outdoor M81 je vanjski zidni zvu\u010dnik modernog dizajna s iznimnom svestrano\u0161\u0107u. S \u010distim, elegantnim profilom bez velikih vidljivih gumba.\" \/>\n<meta property=\"og:url\" content=\"https:\/\/hd-multimedia.com\/sl\/trgovina\/elac-muro-outdoor-m81\/\" \/>\n<meta property=\"og:site_name\" content=\"hd-multimedia\" \/>\n<meta property=\"article:modified_time\" content=\"2026-02-20T10:55:34+00:00\" \/>\n<meta property=\"og:image\" content=\"https:\/\/hd-multimedia.com\/hdm_media\/Elac-Muro-Outdoor-M814-e1753181704651.jpg\" \/>\n\t<meta property=\"og:image:width\" content=\"703\" \/>\n\t<meta property=\"og:image:height\" content=\"703\" \/>\n\t<meta property=\"og:image:type\" content=\"image\/jpeg\" \/>\n<meta name=\"twitter:card\" content=\"summary_large_image\" \/>\n<meta name=\"twitter:label1\" content=\"Est. reading time\" \/>\n\t<meta name=\"twitter:data1\" content=\"1 minuta\" \/>\n<script type=\"application\/ld+json\" class=\"yoast-schema-graph\">{\"@context\":\"https:\/\/schema.org\",\"@graph\":[{\"@type\":\"WebPage\",\"@id\":\"https:\/\/hd-multimedia.com\/trgovina\/elac-muro-outdoor-m81\/\",\"url\":\"https:\/\/hd-multimedia.com\/trgovina\/elac-muro-outdoor-m81\/\",\"name\":\"Elac Muro Outdoor M81 - hd-multimedia\",\"isPartOf\":{\"@id\":\"https:\/\/hd-multimedia.com\/#website\"},\"datePublished\":\"2025-07-21T13:18:05+00:00\",\"dateModified\":\"2026-02-20T10:55:34+00:00\",\"description\":\"Elac Muro Outdoor M81 je vanjski zidni zvu\u010dnik modernog dizajna s iznimnom svestrano\u0161\u0107u. S \u010distim, elegantnim profilom bez velikih vidljivih gumba.\",\"breadcrumb\":{\"@id\":\"https:\/\/hd-multimedia.com\/trgovina\/elac-muro-outdoor-m81\/#breadcrumb\"},\"inLanguage\":\"sl-SI\",\"potentialAction\":[{\"@type\":\"ReadAction\",\"target\":[\"https:\/\/hd-multimedia.com\/trgovina\/elac-muro-outdoor-m81\/\"]}]},{\"@type\":\"BreadcrumbList\",\"@id\":\"https:\/\/hd-multimedia.com\/trgovina\/elac-muro-outdoor-m81\/#breadcrumb\",\"itemListElement\":[{\"@type\":\"ListItem\",\"position\":1,\"name\":\"Po\u010detna stranica\",\"item\":\"https:\/\/hd-multimedia.com\/\"},{\"@type\":\"ListItem\",\"position\":2,\"name\":\"Trgovina\",\"item\":\"https:\/\/hd-multimedia.com\/trgovina\/\"},{\"@type\":\"ListItem\",\"position\":3,\"name\":\"Elac Muro Outdoor M81\"}]},{\"@type\":\"WebSite\",\"@id\":\"https:\/\/hd-multimedia.com\/#website\",\"url\":\"https:\/\/hd-multimedia.com\/\",\"name\":\"hd-multimedia\",\"description\":\"\",\"publisher\":{\"@id\":\"https:\/\/hd-multimedia.com\/#organization\"},\"potentialAction\":[{\"@type\":\"SearchAction\",\"target\":{\"@type\":\"EntryPoint\",\"urlTemplate\":\"https:\/\/hd-multimedia.com\/?s={search_term_string}\"},\"query-input\":\"required name=search_term_string\"}],\"inLanguage\":\"sl-SI\"},{\"@type\":\"Organization\",\"@id\":\"https:\/\/hd-multimedia.com\/#organization\",\"name\":\"hd-multimedia\",\"url\":\"https:\/\/hd-multimedia.com\/\",\"logo\":{\"@type\":\"ImageObject\",\"inLanguage\":\"sl-SI\",\"@id\":\"https:\/\/hd-multimedia.com\/#\/schema\/logo\/image\/\",\"url\":\"https:\/\/hd-multimedia.com\/hdm_media\/HD-curves-ok-196-56px-alpha-1.png\",\"contentUrl\":\"https:\/\/hd-multimedia.com\/hdm_media\/HD-curves-ok-196-56px-alpha-1.png\",\"width\":196,\"height\":53,\"caption\":\"hd-multimedia\"},\"image\":{\"@id\":\"https:\/\/hd-multimedia.com\/#\/schema\/logo\/image\/\"}}]}<\/script>\n<!-- \/ Yoast SEO plugin. -->","yoast_head_json":{"title":"Elac Muro Outdoor M81 - hd-multimedia","description":"Elac Muro Outdoor M81 je vanjski zidni zvu\u010dnik modernog dizajna s iznimnom svestrano\u0161\u0107u. S \u010distim, elegantnim profilom bez velikih vidljivih gumba.","robots":{"index":"index","follow":"follow","max-snippet":"max-snippet:-1","max-image-preview":"max-image-preview:large","max-video-preview":"max-video-preview:-1"},"canonical":"https:\/\/hd-multimedia.com\/sl\/trgovina\/elac-muro-outdoor-m81\/","og_locale":"sl_SI","og_type":"article","og_title":"Elac Muro Outdoor M81 - hd-multimedia","og_description":"Elac Muro Outdoor M81 je vanjski zidni zvu\u010dnik modernog dizajna s iznimnom svestrano\u0161\u0107u. S \u010distim, elegantnim profilom bez velikih vidljivih gumba.","og_url":"https:\/\/hd-multimedia.com\/sl\/trgovina\/elac-muro-outdoor-m81\/","og_site_name":"hd-multimedia","article_modified_time":"2026-02-20T10:55:34+00:00","og_image":[{"width":703,"height":703,"url":"https:\/\/hd-multimedia.com\/hdm_media\/Elac-Muro-Outdoor-M814-e1753181704651.jpg","type":"image\/jpeg"}],"twitter_card":"summary_large_image","twitter_misc":{"Est. reading time":"1 minuta"},"schema":{"@context":"https:\/\/schema.org","@graph":[{"@type":"WebPage","@id":"https:\/\/hd-multimedia.com\/trgovina\/elac-muro-outdoor-m81\/","url":"https:\/\/hd-multimedia.com\/trgovina\/elac-muro-outdoor-m81\/","name":"Elac Muro Outdoor M81 - hd-multimedia","isPartOf":{"@id":"https:\/\/hd-multimedia.com\/#website"},"datePublished":"2025-07-21T13:18:05+00:00","dateModified":"2026-02-20T10:55:34+00:00","description":"Elac Muro Outdoor M81 je vanjski zidni zvu\u010dnik modernog dizajna s iznimnom svestrano\u0161\u0107u. S \u010distim, elegantnim profilom bez velikih vidljivih gumba.","breadcrumb":{"@id":"https:\/\/hd-multimedia.com\/trgovina\/elac-muro-outdoor-m81\/#breadcrumb"},"inLanguage":"sl-SI","potentialAction":[{"@type":"ReadAction","target":["https:\/\/hd-multimedia.com\/trgovina\/elac-muro-outdoor-m81\/"]}]},{"@type":"BreadcrumbList","@id":"https:\/\/hd-multimedia.com\/trgovina\/elac-muro-outdoor-m81\/#breadcrumb","itemListElement":[{"@type":"ListItem","position":1,"name":"Po\u010detna stranica","item":"https:\/\/hd-multimedia.com\/"},{"@type":"ListItem","position":2,"name":"Trgovina","item":"https:\/\/hd-multimedia.com\/trgovina\/"},{"@type":"ListItem","position":3,"name":"Elac Muro Outdoor M81"}]},{"@type":"WebSite","@id":"https:\/\/hd-multimedia.com\/#website","url":"https:\/\/hd-multimedia.com\/","name":"hd-multimedia","description":"","publisher":{"@id":"https:\/\/hd-multimedia.com\/#organization"},"potentialAction":[{"@type":"SearchAction","target":{"@type":"EntryPoint","urlTemplate":"https:\/\/hd-multimedia.com\/?s={search_term_string}"},"query-input":"required name=search_term_string"}],"inLanguage":"sl-SI"},{"@type":"Organization","@id":"https:\/\/hd-multimedia.com\/#organization","name":"hd-multimedia","url":"https:\/\/hd-multimedia.com\/","logo":{"@type":"ImageObject","inLanguage":"sl-SI","@id":"https:\/\/hd-multimedia.com\/#\/schema\/logo\/image\/","url":"https:\/\/hd-multimedia.com\/hdm_media\/HD-curves-ok-196-56px-alpha-1.png","contentUrl":"https:\/\/hd-multimedia.com\/hdm_media\/HD-curves-ok-196-56px-alpha-1.png","width":196,"height":53,"caption":"hd-multimedia"},"image":{"@id":"https:\/\/hd-multimedia.com\/#\/schema\/logo\/image\/"}}]}},"post_mailing_queue_ids":[],"_links":{"self":[{"href":"https:\/\/hd-multimedia.com\/sl\/wp-json\/wp\/v2\/product\/18723","targetHints":{"allow":["GET"]}}],"collection":[{"href":"https:\/\/hd-multimedia.com\/sl\/wp-json\/wp\/v2\/product"}],"about":[{"href":"https:\/\/hd-multimedia.com\/sl\/wp-json\/wp\/v2\/types\/product"}],"version-history":[{"count":7,"href":"https:\/\/hd-multimedia.com\/sl\/wp-json\/wp\/v2\/product\/18723\/revisions"}],"predecessor-version":[{"id":18789,"href":"https:\/\/hd-multimedia.com\/sl\/wp-json\/wp\/v2\/product\/18723\/revisions\/18789"}],"wp:featuredmedia":[{"embeddable":true,"href":"https:\/\/hd-multimedia.com\/sl\/wp-json\/wp\/v2\/media\/18743"}],"wp:attachment":[{"href":"https:\/\/hd-multimedia.com\/sl\/wp-json\/wp\/v2\/media?parent=18723"}],"curies":[{"name":"wp","href":"https:\/\/api.w.org\/{rel}","templated":true}]}}