{"id":18720,"date":"2025-07-21T13:08:33","date_gmt":"2025-07-21T13:08:33","guid":{"rendered":"https:\/\/hd-multimedia.com\/?post_type=product&#038;p=18720"},"modified":"2026-02-24T13:21:31","modified_gmt":"2026-02-24T13:21:31","slug":"elac-debut-connex-dcb61","status":"publish","type":"product","link":"https:\/\/hd-multimedia.com\/sl\/trgovina\/elac-debut-connex-dcb61\/","title":{"rendered":"Elac Debit ConneX DCB61"},"content":{"rendered":"<p>Elac Debut ConneX DCB61 ima Elacov XBass Enhancer, ki zagotavlja izbolj\u0161ano raz\u0161iritev in izhod nizkih tonov za bogatej\u0161i in bolj dinami\u010den zvok \u2013 z mo\u017enostjo izklopa za bolj nevtralen odziv. Za dodatno izbolj\u0161anje nizkofrekven\u010dne zmogljivosti in zmanj\u0161anje \u0161uma DCB61 uporablja zadnjo bass reflex odprtino v obliki \u010drke &quot;S&quot;, ki zagotavlja globljo in \u010distej\u0161o reprodukcijo nizkih tonov.<\/p>\n<p><strong>Dolby Digital certificirano!<\/strong><br \/>\nBrezhibna 2.1 avdio povezljivost za filme in TV! Elac Debut ConneX DCB61 ima integrirano dekodiranje Dolby Digital, ki zagotavlja brezhibno povezljivost s televizorjem, hkrati pa ponuja pristen 2.1-kanalni zvok za resni\u010dno poglobljeno poslu\u0161alsko izku\u0161njo. DCB61 je zasnovan za enostavno nastavitev in vrhunsko kakovost zvoka, zato vsak trenutek izbolj\u0161a z globokimi basi, kristalno \u010distimi dialogi in zmogljivostjo, ki napolni prostor.<\/p>\n<p><strong>Specifikacije Elac Debut ConneX DCB61:<\/strong><\/p>\n<p>Vhod HDMI (eARC)<br \/>\nLinijski\/Phono vhod<br \/>\nZvo\u010dni vhod USB (96\/24)<br \/>\nOpti\u010dni vhod<br \/>\nVhod Bluetooth \u2013 LC3+, podpira 96k\/24-bitno lo\u010dljivost<br \/>\nIzhod za globokotonec<br \/>\nFrekven\u010dni odziv pri -3 dB 48 Hz \u2013 22 kHz<br \/>\nFrekven\u010dni odziv pri -6 dB 41 Hz \u2013 24 kHz<br \/>\nSkupno harmoni\u010dno popa\u010denje (THD) &lt;=0,1%<br \/>\nRazmerje signal\/\u0161um (S\/N) &gt;= 90 dB<br \/>\nDimenzije (\u0160xGxV) 205 x 243 x 330<br \/>\nNeto te\u017ea (par) 10,9 kg<br \/>\nBruto te\u017ea (par) 13,9 kg<br \/>\nOja\u010devalnik (RMS\/najvi\u0161ja mo\u010d) 160\/320 W<br \/>\nUpravljanje aplikacij za iOS in Android<br \/>\nDaljinski upravljalnik Infrarde\u010di<br \/>\nOja\u010dano ohi\u0161je iz 12 mm MDF in odstranljive re\u0161etke<\/p>","protected":false},"excerpt":{"rendered":"<p>Debut ConneX DCB61 je visokozmogljiv brez\u017ei\u010dni zvo\u010dni\u0161ki sistem, zasnovan za vrhunsko udobje in vrhunsko kakovost zvoka. Aktivni zvo\u010dniki DCB61, ki temeljijo na osnovah zasnove kompaktnega, nagrajenega DCB41, imajo izbolj\u0161ano upravljanje prek aplikacije (na voljo v sistemih iOS in Android) in zmogljive 6,5-pal\u010dne nizkotonce z dolgim dometom. S podporo za Dolby Digital ti zvo\u010dniki zagotavljajo impresiven zvok kinematografske kakovosti. Z raznoliko paleto vhodov \u2013 vklju\u010dno s HDMI ARC, analognim\/Phono, opti\u010dnim, USB in Bluetooth \u2013 skupaj s skrbno zasnovanimi gonilniki in oja\u010devalniki, DCB61 zagotavlja izjemno poslu\u0161alsko izku\u0161njo, ki presega pri\u010dakovanja.<\/p>\n<p><a href=\"https:\/\/elac.com\/dcb61\" target=\"_blank\" rel=\"noopener\">Povezava za dodatne informacije o izdelku!<\/a><\/p>","protected":false},"featured_media":18751,"template":"","meta":{"site-sidebar-layout":"default","site-content-layout":"","ast-site-content-layout":"default","site-content-style":"default","site-sidebar-style":"default","ast-global-header-display":"","ast-banner-title-visibility":"","ast-main-header-display":"","ast-hfb-above-header-display":"","ast-hfb-below-header-display":"","ast-hfb-mobile-header-display":"","site-post-title":"","ast-breadcrumbs-content":"","ast-featured-img":"","footer-sml-layout":"","theme-transparent-header-meta":"default","adv-header-id-meta":"","stick-header-meta":"default","header-above-stick-meta":"","header-main-stick-meta":"","header-below-stick-meta":"","astra-migrate-meta-layouts":"set","ast-page-background-enabled":"default","ast-page-background-meta":{"desktop":{"background-color":"","background-image":"","background-repeat":"repeat","background-position":"center center","background-size":"auto","background-attachment":"scroll","background-type":"","background-media":"","overlay-type":"","overlay-color":"","overlay-opacity":"","overlay-gradient":""},"tablet":{"background-color":"","background-image":"","background-repeat":"repeat","background-position":"center center","background-size":"auto","background-attachment":"scroll","background-type":"","background-media":"","overlay-type":"","overlay-color":"","overlay-opacity":"","overlay-gradient":""},"mobile":{"background-color":"","background-image":"","background-repeat":"repeat","background-position":"center center","background-size":"auto","background-attachment":"scroll","background-type":"","background-media":"","overlay-type":"","overlay-color":"","overlay-opacity":"","overlay-gradient":""}},"ast-content-background-meta":{"desktop":{"background-color":"var(--ast-global-color-5)","background-image":"","background-repeat":"repeat","background-position":"center center","background-size":"auto","background-attachment":"scroll","background-type":"","background-media":"","overlay-type":"","overlay-color":"","overlay-opacity":"","overlay-gradient":""},"tablet":{"background-color":"var(--ast-global-color-5)","background-image":"","background-repeat":"repeat","background-position":"center center","background-size":"auto","background-attachment":"scroll","background-type":"","background-media":"","overlay-type":"","overlay-color":"","overlay-opacity":"","overlay-gradient":""},"mobile":{"background-color":"var(--ast-global-color-5)","background-image":"","background-repeat":"repeat","background-position":"center center","background-size":"auto","background-attachment":"scroll","background-type":"","background-media":"","overlay-type":"","overlay-color":"","overlay-opacity":"","overlay-gradient":""}}},"class_list":["post-18720","product","type-product","status-publish","has-post-thumbnail","hentry","product_cat-aktivne-zvucne-kutije","product_cat-elac","desktop-align-center","tablet-align-center","mobile-align-center","ast-product-gallery-layout-horizontal","ast-magnify-disabled","ast-product-single-variable","ast-product-tabs-layout-horizontal"],"yoast_head":"<!-- This site is optimized with the Yoast SEO plugin v21.4 - https:\/\/yoast.com\/wordpress\/plugins\/seo\/ -->\n<title>Elac Debut ConneX DCB61 - hd-multimedia<\/title>\n<meta name=\"description\" content=\"Elac Debut ConneX DCB61Debut ConneX DCB61 je visokou\u010dinkoviti be\u017ei\u010dni sustav zvu\u010dnika dizajniran za vrhunsku prakti\u010dnost i vrhunsku kvalitetu zvuka.\" \/>\n<meta name=\"robots\" content=\"index, follow, max-snippet:-1, max-image-preview:large, max-video-preview:-1\" \/>\n<link rel=\"canonical\" href=\"https:\/\/hd-multimedia.com\/sl\/trgovina\/elac-debut-connex-dcb61\/\" \/>\n<meta property=\"og:locale\" content=\"sl_SI\" \/>\n<meta property=\"og:type\" content=\"article\" \/>\n<meta property=\"og:title\" content=\"Elac Debut ConneX DCB61 - hd-multimedia\" \/>\n<meta property=\"og:description\" content=\"Elac Debut ConneX DCB61Debut ConneX DCB61 je visokou\u010dinkoviti be\u017ei\u010dni sustav zvu\u010dnika dizajniran za vrhunsku prakti\u010dnost i vrhunsku kvalitetu zvuka.\" \/>\n<meta property=\"og:url\" content=\"https:\/\/hd-multimedia.com\/sl\/trgovina\/elac-debut-connex-dcb61\/\" \/>\n<meta property=\"og:site_name\" content=\"hd-multimedia\" \/>\n<meta property=\"article:modified_time\" content=\"2026-02-24T13:21:31+00:00\" \/>\n<meta property=\"og:image\" content=\"https:\/\/hd-multimedia.com\/hdm_media\/Elac-Debut-ConneX-DCB61-1-e1753185413912.jpg\" \/>\n\t<meta property=\"og:image:width\" content=\"915\" \/>\n\t<meta property=\"og:image:height\" content=\"915\" \/>\n\t<meta property=\"og:image:type\" content=\"image\/jpeg\" \/>\n<meta name=\"twitter:card\" content=\"summary_large_image\" \/>\n<meta name=\"twitter:label1\" content=\"Est. reading time\" \/>\n\t<meta name=\"twitter:data1\" content=\"2 minuti\" \/>\n<script type=\"application\/ld+json\" class=\"yoast-schema-graph\">{\"@context\":\"https:\/\/schema.org\",\"@graph\":[{\"@type\":\"WebPage\",\"@id\":\"https:\/\/hd-multimedia.com\/trgovina\/elac-debut-connex-dcb61\/\",\"url\":\"https:\/\/hd-multimedia.com\/trgovina\/elac-debut-connex-dcb61\/\",\"name\":\"Elac Debut ConneX DCB61 - hd-multimedia\",\"isPartOf\":{\"@id\":\"https:\/\/hd-multimedia.com\/#website\"},\"datePublished\":\"2025-07-21T13:08:33+00:00\",\"dateModified\":\"2026-02-24T13:21:31+00:00\",\"description\":\"Elac Debut ConneX DCB61Debut ConneX DCB61 je visokou\u010dinkoviti be\u017ei\u010dni sustav zvu\u010dnika dizajniran za vrhunsku prakti\u010dnost i vrhunsku kvalitetu zvuka.\",\"breadcrumb\":{\"@id\":\"https:\/\/hd-multimedia.com\/trgovina\/elac-debut-connex-dcb61\/#breadcrumb\"},\"inLanguage\":\"sl-SI\",\"potentialAction\":[{\"@type\":\"ReadAction\",\"target\":[\"https:\/\/hd-multimedia.com\/trgovina\/elac-debut-connex-dcb61\/\"]}]},{\"@type\":\"BreadcrumbList\",\"@id\":\"https:\/\/hd-multimedia.com\/trgovina\/elac-debut-connex-dcb61\/#breadcrumb\",\"itemListElement\":[{\"@type\":\"ListItem\",\"position\":1,\"name\":\"Po\u010detna stranica\",\"item\":\"https:\/\/hd-multimedia.com\/\"},{\"@type\":\"ListItem\",\"position\":2,\"name\":\"Trgovina\",\"item\":\"https:\/\/hd-multimedia.com\/trgovina\/\"},{\"@type\":\"ListItem\",\"position\":3,\"name\":\"Elac Debut ConneX DCB61\"}]},{\"@type\":\"WebSite\",\"@id\":\"https:\/\/hd-multimedia.com\/#website\",\"url\":\"https:\/\/hd-multimedia.com\/\",\"name\":\"hd-multimedia\",\"description\":\"\",\"publisher\":{\"@id\":\"https:\/\/hd-multimedia.com\/#organization\"},\"potentialAction\":[{\"@type\":\"SearchAction\",\"target\":{\"@type\":\"EntryPoint\",\"urlTemplate\":\"https:\/\/hd-multimedia.com\/?s={search_term_string}\"},\"query-input\":\"required name=search_term_string\"}],\"inLanguage\":\"sl-SI\"},{\"@type\":\"Organization\",\"@id\":\"https:\/\/hd-multimedia.com\/#organization\",\"name\":\"hd-multimedia\",\"url\":\"https:\/\/hd-multimedia.com\/\",\"logo\":{\"@type\":\"ImageObject\",\"inLanguage\":\"sl-SI\",\"@id\":\"https:\/\/hd-multimedia.com\/#\/schema\/logo\/image\/\",\"url\":\"https:\/\/hd-multimedia.com\/hdm_media\/HD-curves-ok-196-56px-alpha-1.png\",\"contentUrl\":\"https:\/\/hd-multimedia.com\/hdm_media\/HD-curves-ok-196-56px-alpha-1.png\",\"width\":196,\"height\":53,\"caption\":\"hd-multimedia\"},\"image\":{\"@id\":\"https:\/\/hd-multimedia.com\/#\/schema\/logo\/image\/\"}}]}<\/script>\n<!-- \/ Yoast SEO plugin. -->","yoast_head_json":{"title":"Elac Debut ConneX DCB61 - hd-multimedia","description":"Elac Debut ConneX DCB61Debut ConneX DCB61 je visokou\u010dinkoviti be\u017ei\u010dni sustav zvu\u010dnika dizajniran za vrhunsku prakti\u010dnost i vrhunsku kvalitetu zvuka.","robots":{"index":"index","follow":"follow","max-snippet":"max-snippet:-1","max-image-preview":"max-image-preview:large","max-video-preview":"max-video-preview:-1"},"canonical":"https:\/\/hd-multimedia.com\/sl\/trgovina\/elac-debut-connex-dcb61\/","og_locale":"sl_SI","og_type":"article","og_title":"Elac Debut ConneX DCB61 - hd-multimedia","og_description":"Elac Debut ConneX DCB61Debut ConneX DCB61 je visokou\u010dinkoviti be\u017ei\u010dni sustav zvu\u010dnika dizajniran za vrhunsku prakti\u010dnost i vrhunsku kvalitetu zvuka.","og_url":"https:\/\/hd-multimedia.com\/sl\/trgovina\/elac-debut-connex-dcb61\/","og_site_name":"hd-multimedia","article_modified_time":"2026-02-24T13:21:31+00:00","og_image":[{"width":915,"height":915,"url":"https:\/\/hd-multimedia.com\/hdm_media\/Elac-Debut-ConneX-DCB61-1-e1753185413912.jpg","type":"image\/jpeg"}],"twitter_card":"summary_large_image","twitter_misc":{"Est. reading time":"2 minuti"},"schema":{"@context":"https:\/\/schema.org","@graph":[{"@type":"WebPage","@id":"https:\/\/hd-multimedia.com\/trgovina\/elac-debut-connex-dcb61\/","url":"https:\/\/hd-multimedia.com\/trgovina\/elac-debut-connex-dcb61\/","name":"Elac Debut ConneX DCB61 - hd-multimedia","isPartOf":{"@id":"https:\/\/hd-multimedia.com\/#website"},"datePublished":"2025-07-21T13:08:33+00:00","dateModified":"2026-02-24T13:21:31+00:00","description":"Elac Debut ConneX DCB61Debut ConneX DCB61 je visokou\u010dinkoviti be\u017ei\u010dni sustav zvu\u010dnika dizajniran za vrhunsku prakti\u010dnost i vrhunsku kvalitetu zvuka.","breadcrumb":{"@id":"https:\/\/hd-multimedia.com\/trgovina\/elac-debut-connex-dcb61\/#breadcrumb"},"inLanguage":"sl-SI","potentialAction":[{"@type":"ReadAction","target":["https:\/\/hd-multimedia.com\/trgovina\/elac-debut-connex-dcb61\/"]}]},{"@type":"BreadcrumbList","@id":"https:\/\/hd-multimedia.com\/trgovina\/elac-debut-connex-dcb61\/#breadcrumb","itemListElement":[{"@type":"ListItem","position":1,"name":"Po\u010detna stranica","item":"https:\/\/hd-multimedia.com\/"},{"@type":"ListItem","position":2,"name":"Trgovina","item":"https:\/\/hd-multimedia.com\/trgovina\/"},{"@type":"ListItem","position":3,"name":"Elac Debut ConneX DCB61"}]},{"@type":"WebSite","@id":"https:\/\/hd-multimedia.com\/#website","url":"https:\/\/hd-multimedia.com\/","name":"hd-multimedia","description":"","publisher":{"@id":"https:\/\/hd-multimedia.com\/#organization"},"potentialAction":[{"@type":"SearchAction","target":{"@type":"EntryPoint","urlTemplate":"https:\/\/hd-multimedia.com\/?s={search_term_string}"},"query-input":"required name=search_term_string"}],"inLanguage":"sl-SI"},{"@type":"Organization","@id":"https:\/\/hd-multimedia.com\/#organization","name":"hd-multimedia","url":"https:\/\/hd-multimedia.com\/","logo":{"@type":"ImageObject","inLanguage":"sl-SI","@id":"https:\/\/hd-multimedia.com\/#\/schema\/logo\/image\/","url":"https:\/\/hd-multimedia.com\/hdm_media\/HD-curves-ok-196-56px-alpha-1.png","contentUrl":"https:\/\/hd-multimedia.com\/hdm_media\/HD-curves-ok-196-56px-alpha-1.png","width":196,"height":53,"caption":"hd-multimedia"},"image":{"@id":"https:\/\/hd-multimedia.com\/#\/schema\/logo\/image\/"}}]}},"post_mailing_queue_ids":[],"_links":{"self":[{"href":"https:\/\/hd-multimedia.com\/sl\/wp-json\/wp\/v2\/product\/18720","targetHints":{"allow":["GET"]}}],"collection":[{"href":"https:\/\/hd-multimedia.com\/sl\/wp-json\/wp\/v2\/product"}],"about":[{"href":"https:\/\/hd-multimedia.com\/sl\/wp-json\/wp\/v2\/types\/product"}],"version-history":[{"count":5,"href":"https:\/\/hd-multimedia.com\/sl\/wp-json\/wp\/v2\/product\/18720\/revisions"}],"predecessor-version":[{"id":18752,"href":"https:\/\/hd-multimedia.com\/sl\/wp-json\/wp\/v2\/product\/18720\/revisions\/18752"}],"wp:featuredmedia":[{"embeddable":true,"href":"https:\/\/hd-multimedia.com\/sl\/wp-json\/wp\/v2\/media\/18751"}],"wp:attachment":[{"href":"https:\/\/hd-multimedia.com\/sl\/wp-json\/wp\/v2\/media?parent=18720"}],"curies":[{"name":"wp","href":"https:\/\/api.w.org\/{rel}","templated":true}]}}