{"id":18693,"date":"2025-07-08T13:32:31","date_gmt":"2025-07-08T13:32:31","guid":{"rendered":"https:\/\/hd-multimedia.com\/?post_type=product&#038;p=18693"},"modified":"2025-10-10T10:58:23","modified_gmt":"2025-10-10T10:58:23","slug":"cayin-ha-2a","status":"publish","type":"product","link":"https:\/\/hd-multimedia.com\/sl\/trgovina\/cayin-ha-2a\/","title":{"rendered":"Kajin HA-2A"},"content":{"rendered":"<p>Cayin HA-2A ima skrbno zasnovano vezje s (x5) starinskimi vakuumskimi cevmi NOS, kar zagotavlja bogate podrobnosti, \u0161iroko zvo\u010dno kuliso in lahkotno muzikalnost z edinstvenim mehkim tonom in toplino starinskih elektronk NOS.<\/p>\n<p>Ujemajo\u010d se par kompozitnih cevi Amperex 17BF11 NOS z dvojno pentodo za oja\u010danje mo\u010di razreda A SE<br \/>\nUjemajo\u010d se par Amperex ECF82\/6U8 NOS pentodnih\/srednje triodnih kompozitnih oja\u010devalnih elektronk napetosti<br \/>\nEnojna RCA 17AX4GT NOS usmerni\u0161ka cev za napajanje predoja\u010devalnika<\/p>\n<p><strong>Tehni\u010dni podatki:\u00a0<\/strong><br \/>\nAnalogni vhodi: RCA L+R, XLR L+R<br \/>\n<strong>Izhodna mo\u010d:<\/strong><br \/>\n4,4 mm BAL: 200 mW (L), 300 mW (M), 370 mW (V)<br \/>\n6,3 mm SE: 330 mW (L), 550 mW (M), 750 mW (V)<br \/>\n4-polni XLR: 800 mW (L), 900 mR (M), 1000 mW (V)<br \/>\n<strong>THD:<\/strong> &lt;0,2% (1 kHz, 100 mW)<br \/>\n<strong>SNR:<\/strong> 100 dB (A-ute\u017eeno)<br \/>\n<strong>Te\u017ea:<\/strong> 10 kg<br \/>\n<strong>Dimenzije:<\/strong> 27,4 cm x 27,9 cm (270 x 247 x 143 mm)<\/p>","protected":false},"excerpt":{"rendered":"<p>Namizni cevni oja\u010devalnik za slu\u0161alke Cayin HA-2A zagotavlja starinski zvok z moderno natan\u010dnostjo! Cayin HA-2A ima 4-pinske, 4,4 mm in 6,3 mm izhode za slu\u0161alke ter namizno zasnovo za popolno prileganje sistemu. Cayin HA-2A ima dvojne retro VU merilnike, za\u0161\u010ditno kletko za vakuumske cevi in vrhunsko obdelavo ohi\u0161ja z enotno barvo in finimi konturami. Izhod za slu\u0161alke z nastavljivo impedanco: Izberite nizko, srednjo ali visoko impedanco, ki ustreza va\u0161im specifikacijam slu\u0161alk. Cayin HA-2A ima 60-sekundni zakasnitev zagona, ki \u0161\u010diti va\u0161e cevi in zmanj\u0161uje hrup, povezan s ciklom ogrevanja oja\u010devalnika.<\/p>\n<p><a href=\"https:\/\/en.cayin.cn\/features\/7\/59\/619.html\" target=\"_blank\" rel=\"noopener\">Povezava za dodatne informacije o izdelku!<\/a><\/p>","protected":false},"featured_media":18701,"template":"","meta":{"site-sidebar-layout":"default","site-content-layout":"","ast-site-content-layout":"default","site-content-style":"default","site-sidebar-style":"default","ast-global-header-display":"","ast-banner-title-visibility":"","ast-main-header-display":"","ast-hfb-above-header-display":"","ast-hfb-below-header-display":"","ast-hfb-mobile-header-display":"","site-post-title":"","ast-breadcrumbs-content":"","ast-featured-img":"","footer-sml-layout":"","theme-transparent-header-meta":"default","adv-header-id-meta":"","stick-header-meta":"default","header-above-stick-meta":"","header-main-stick-meta":"","header-below-stick-meta":"","astra-migrate-meta-layouts":"set","ast-page-background-enabled":"default","ast-page-background-meta":{"desktop":{"background-color":"","background-image":"","background-repeat":"repeat","background-position":"center center","background-size":"auto","background-attachment":"scroll","background-type":"","background-media":"","overlay-type":"","overlay-color":"","overlay-opacity":"","overlay-gradient":""},"tablet":{"background-color":"","background-image":"","background-repeat":"repeat","background-position":"center center","background-size":"auto","background-attachment":"scroll","background-type":"","background-media":"","overlay-type":"","overlay-color":"","overlay-opacity":"","overlay-gradient":""},"mobile":{"background-color":"","background-image":"","background-repeat":"repeat","background-position":"center center","background-size":"auto","background-attachment":"scroll","background-type":"","background-media":"","overlay-type":"","overlay-color":"","overlay-opacity":"","overlay-gradient":""}},"ast-content-background-meta":{"desktop":{"background-color":"var(--ast-global-color-5)","background-image":"","background-repeat":"repeat","background-position":"center center","background-size":"auto","background-attachment":"scroll","background-type":"","background-media":"","overlay-type":"","overlay-color":"","overlay-opacity":"","overlay-gradient":""},"tablet":{"background-color":"var(--ast-global-color-5)","background-image":"","background-repeat":"repeat","background-position":"center center","background-size":"auto","background-attachment":"scroll","background-type":"","background-media":"","overlay-type":"","overlay-color":"","overlay-opacity":"","overlay-gradient":""},"mobile":{"background-color":"var(--ast-global-color-5)","background-image":"","background-repeat":"repeat","background-position":"center center","background-size":"auto","background-attachment":"scroll","background-type":"","background-media":"","overlay-type":"","overlay-color":"","overlay-opacity":"","overlay-gradient":""}}},"class_list":["post-18693","product","type-product","status-publish","has-post-thumbnail","hentry","product_cat-cayin","product_cat-pojacala-za-slusalice","desktop-align-center","tablet-align-center","mobile-align-center","ast-product-gallery-layout-horizontal","ast-product-gallery-with-no-image","ast-magnify-disabled","ast-product-tabs-layout-horizontal"],"yoast_head":"<!-- This site is optimized with the Yoast SEO plugin v21.4 - https:\/\/yoast.com\/wordpress\/plugins\/seo\/ -->\n<title>Cayin HA-2A - hd-multimedia<\/title>\n<meta name=\"description\" content=\"Cayin HA-2A stolno cijevno poja\u010dalo za slu\u0161alice koje pru\u017ea vintage zvuk s modernom precizno\u0161\u0107u! Cayin HA-2A dolazi s 4-pinskim, 4,4 mm i 6,3 mm izlazima.\" \/>\n<meta name=\"robots\" content=\"index, follow, max-snippet:-1, max-image-preview:large, max-video-preview:-1\" \/>\n<link rel=\"canonical\" href=\"https:\/\/hd-multimedia.com\/sl\/trgovina\/cayin-ha-2a\/\" \/>\n<meta property=\"og:locale\" content=\"sl_SI\" \/>\n<meta property=\"og:type\" content=\"article\" \/>\n<meta property=\"og:title\" content=\"Cayin HA-2A - hd-multimedia\" \/>\n<meta property=\"og:description\" content=\"Cayin HA-2A stolno cijevno poja\u010dalo za slu\u0161alice koje pru\u017ea vintage zvuk s modernom precizno\u0161\u0107u! Cayin HA-2A dolazi s 4-pinskim, 4,4 mm i 6,3 mm izlazima.\" \/>\n<meta property=\"og:url\" content=\"https:\/\/hd-multimedia.com\/sl\/trgovina\/cayin-ha-2a\/\" \/>\n<meta property=\"og:site_name\" content=\"hd-multimedia\" \/>\n<meta property=\"article:modified_time\" content=\"2025-10-10T10:58:23+00:00\" \/>\n<meta property=\"og:image\" content=\"https:\/\/hd-multimedia.com\/hdm_media\/Cayin-HA-2A-e1752053654374.jpg\" \/>\n\t<meta property=\"og:image:width\" content=\"1400\" \/>\n\t<meta property=\"og:image:height\" content=\"1400\" \/>\n\t<meta property=\"og:image:type\" content=\"image\/jpeg\" \/>\n<meta name=\"twitter:card\" content=\"summary_large_image\" \/>\n<meta name=\"twitter:label1\" content=\"Est. reading time\" \/>\n\t<meta name=\"twitter:data1\" content=\"1 minuta\" \/>\n<script type=\"application\/ld+json\" class=\"yoast-schema-graph\">{\"@context\":\"https:\/\/schema.org\",\"@graph\":[{\"@type\":\"WebPage\",\"@id\":\"https:\/\/hd-multimedia.com\/trgovina\/cayin-ha-2a\/\",\"url\":\"https:\/\/hd-multimedia.com\/trgovina\/cayin-ha-2a\/\",\"name\":\"Cayin HA-2A - hd-multimedia\",\"isPartOf\":{\"@id\":\"https:\/\/hd-multimedia.com\/#website\"},\"datePublished\":\"2025-07-08T13:32:31+00:00\",\"dateModified\":\"2025-10-10T10:58:23+00:00\",\"description\":\"Cayin HA-2A stolno cijevno poja\u010dalo za slu\u0161alice koje pru\u017ea vintage zvuk s modernom precizno\u0161\u0107u! Cayin HA-2A dolazi s 4-pinskim, 4,4 mm i 6,3 mm izlazima.\",\"breadcrumb\":{\"@id\":\"https:\/\/hd-multimedia.com\/trgovina\/cayin-ha-2a\/#breadcrumb\"},\"inLanguage\":\"sl-SI\",\"potentialAction\":[{\"@type\":\"ReadAction\",\"target\":[\"https:\/\/hd-multimedia.com\/trgovina\/cayin-ha-2a\/\"]}]},{\"@type\":\"BreadcrumbList\",\"@id\":\"https:\/\/hd-multimedia.com\/trgovina\/cayin-ha-2a\/#breadcrumb\",\"itemListElement\":[{\"@type\":\"ListItem\",\"position\":1,\"name\":\"Po\u010detna stranica\",\"item\":\"https:\/\/hd-multimedia.com\/\"},{\"@type\":\"ListItem\",\"position\":2,\"name\":\"Trgovina\",\"item\":\"https:\/\/hd-multimedia.com\/trgovina\/\"},{\"@type\":\"ListItem\",\"position\":3,\"name\":\"Cayin HA-2A\"}]},{\"@type\":\"WebSite\",\"@id\":\"https:\/\/hd-multimedia.com\/#website\",\"url\":\"https:\/\/hd-multimedia.com\/\",\"name\":\"hd-multimedia\",\"description\":\"\",\"publisher\":{\"@id\":\"https:\/\/hd-multimedia.com\/#organization\"},\"potentialAction\":[{\"@type\":\"SearchAction\",\"target\":{\"@type\":\"EntryPoint\",\"urlTemplate\":\"https:\/\/hd-multimedia.com\/?s={search_term_string}\"},\"query-input\":\"required name=search_term_string\"}],\"inLanguage\":\"sl-SI\"},{\"@type\":\"Organization\",\"@id\":\"https:\/\/hd-multimedia.com\/#organization\",\"name\":\"hd-multimedia\",\"url\":\"https:\/\/hd-multimedia.com\/\",\"logo\":{\"@type\":\"ImageObject\",\"inLanguage\":\"sl-SI\",\"@id\":\"https:\/\/hd-multimedia.com\/#\/schema\/logo\/image\/\",\"url\":\"https:\/\/hd-multimedia.com\/hdm_media\/HD-curves-ok-196-56px-alpha-1.png\",\"contentUrl\":\"https:\/\/hd-multimedia.com\/hdm_media\/HD-curves-ok-196-56px-alpha-1.png\",\"width\":196,\"height\":53,\"caption\":\"hd-multimedia\"},\"image\":{\"@id\":\"https:\/\/hd-multimedia.com\/#\/schema\/logo\/image\/\"}}]}<\/script>\n<!-- \/ Yoast SEO plugin. -->","yoast_head_json":{"title":"Cayin HA-2A - hd-multimedia","description":"Cayin HA-2A stolno cijevno poja\u010dalo za slu\u0161alice koje pru\u017ea vintage zvuk s modernom precizno\u0161\u0107u! Cayin HA-2A dolazi s 4-pinskim, 4,4 mm i 6,3 mm izlazima.","robots":{"index":"index","follow":"follow","max-snippet":"max-snippet:-1","max-image-preview":"max-image-preview:large","max-video-preview":"max-video-preview:-1"},"canonical":"https:\/\/hd-multimedia.com\/sl\/trgovina\/cayin-ha-2a\/","og_locale":"sl_SI","og_type":"article","og_title":"Cayin HA-2A - hd-multimedia","og_description":"Cayin HA-2A stolno cijevno poja\u010dalo za slu\u0161alice koje pru\u017ea vintage zvuk s modernom precizno\u0161\u0107u! Cayin HA-2A dolazi s 4-pinskim, 4,4 mm i 6,3 mm izlazima.","og_url":"https:\/\/hd-multimedia.com\/sl\/trgovina\/cayin-ha-2a\/","og_site_name":"hd-multimedia","article_modified_time":"2025-10-10T10:58:23+00:00","og_image":[{"width":1400,"height":1400,"url":"https:\/\/hd-multimedia.com\/hdm_media\/Cayin-HA-2A-e1752053654374.jpg","type":"image\/jpeg"}],"twitter_card":"summary_large_image","twitter_misc":{"Est. reading time":"1 minuta"},"schema":{"@context":"https:\/\/schema.org","@graph":[{"@type":"WebPage","@id":"https:\/\/hd-multimedia.com\/trgovina\/cayin-ha-2a\/","url":"https:\/\/hd-multimedia.com\/trgovina\/cayin-ha-2a\/","name":"Cayin HA-2A - hd-multimedia","isPartOf":{"@id":"https:\/\/hd-multimedia.com\/#website"},"datePublished":"2025-07-08T13:32:31+00:00","dateModified":"2025-10-10T10:58:23+00:00","description":"Cayin HA-2A stolno cijevno poja\u010dalo za slu\u0161alice koje pru\u017ea vintage zvuk s modernom precizno\u0161\u0107u! Cayin HA-2A dolazi s 4-pinskim, 4,4 mm i 6,3 mm izlazima.","breadcrumb":{"@id":"https:\/\/hd-multimedia.com\/trgovina\/cayin-ha-2a\/#breadcrumb"},"inLanguage":"sl-SI","potentialAction":[{"@type":"ReadAction","target":["https:\/\/hd-multimedia.com\/trgovina\/cayin-ha-2a\/"]}]},{"@type":"BreadcrumbList","@id":"https:\/\/hd-multimedia.com\/trgovina\/cayin-ha-2a\/#breadcrumb","itemListElement":[{"@type":"ListItem","position":1,"name":"Po\u010detna stranica","item":"https:\/\/hd-multimedia.com\/"},{"@type":"ListItem","position":2,"name":"Trgovina","item":"https:\/\/hd-multimedia.com\/trgovina\/"},{"@type":"ListItem","position":3,"name":"Cayin HA-2A"}]},{"@type":"WebSite","@id":"https:\/\/hd-multimedia.com\/#website","url":"https:\/\/hd-multimedia.com\/","name":"hd-multimedia","description":"","publisher":{"@id":"https:\/\/hd-multimedia.com\/#organization"},"potentialAction":[{"@type":"SearchAction","target":{"@type":"EntryPoint","urlTemplate":"https:\/\/hd-multimedia.com\/?s={search_term_string}"},"query-input":"required name=search_term_string"}],"inLanguage":"sl-SI"},{"@type":"Organization","@id":"https:\/\/hd-multimedia.com\/#organization","name":"hd-multimedia","url":"https:\/\/hd-multimedia.com\/","logo":{"@type":"ImageObject","inLanguage":"sl-SI","@id":"https:\/\/hd-multimedia.com\/#\/schema\/logo\/image\/","url":"https:\/\/hd-multimedia.com\/hdm_media\/HD-curves-ok-196-56px-alpha-1.png","contentUrl":"https:\/\/hd-multimedia.com\/hdm_media\/HD-curves-ok-196-56px-alpha-1.png","width":196,"height":53,"caption":"hd-multimedia"},"image":{"@id":"https:\/\/hd-multimedia.com\/#\/schema\/logo\/image\/"}}]}},"post_mailing_queue_ids":[],"_links":{"self":[{"href":"https:\/\/hd-multimedia.com\/sl\/wp-json\/wp\/v2\/product\/18693","targetHints":{"allow":["GET"]}}],"collection":[{"href":"https:\/\/hd-multimedia.com\/sl\/wp-json\/wp\/v2\/product"}],"about":[{"href":"https:\/\/hd-multimedia.com\/sl\/wp-json\/wp\/v2\/types\/product"}],"version-history":[{"count":4,"href":"https:\/\/hd-multimedia.com\/sl\/wp-json\/wp\/v2\/product\/18693\/revisions"}],"predecessor-version":[{"id":18702,"href":"https:\/\/hd-multimedia.com\/sl\/wp-json\/wp\/v2\/product\/18693\/revisions\/18702"}],"wp:featuredmedia":[{"embeddable":true,"href":"https:\/\/hd-multimedia.com\/sl\/wp-json\/wp\/v2\/media\/18701"}],"wp:attachment":[{"href":"https:\/\/hd-multimedia.com\/sl\/wp-json\/wp\/v2\/media?parent=18693"}],"curies":[{"name":"wp","href":"https:\/\/api.w.org\/{rel}","templated":true}]}}