{"id":18676,"date":"2025-07-07T13:18:45","date_gmt":"2025-07-07T13:18:45","guid":{"rendered":"https:\/\/hd-multimedia.com\/?post_type=product&#038;p=18676"},"modified":"2025-10-10T11:01:02","modified_gmt":"2025-10-10T11:01:02","slug":"cayin-mt-35mk3","status":"publish","type":"product","link":"https:\/\/hd-multimedia.com\/sl\/trgovina\/cayin-mt-35mk3\/","title":{"rendered":"Cayin MT-35MK3"},"content":{"rendered":"<p>Cayin MT-35 MK3 je primeren za vsakodnevno uporabo. Z mo\u010djo 36 vati na kanal, Bluetooth sprejemnikom, izhodom za slu\u0161alke in VU merilnikom ima vse, kar potrebuje sodoben oja\u010devalec. Cayin MT-35 MK3 zdru\u017euje najbolj\u0161e zvoke elektronk z vsakodnevno zmogljivostjo na edinstveno dostopen na\u010din: v ultralinearnem na\u010dinu njegove \u0161tiri izhodne elektronke zagotavljajo neverjetnih dvakrat 36 vatov mo\u010di. Samo oja\u010danje se izvaja v posebej u\u010dinkovitem push-pull na\u010dinu razreda A\/B za mo\u010dno dinamiko iz \u0161tirih elektronk EL34. Izhodni transformatorji, ki so prav tako klju\u010dni za zvok, so bili posebej razviti za vezje MT-35 Mk3. Visokokakovosten potenciometer Alps zagotavlja natan\u010den, kanalu identi\u010den nadzor glasnosti.<\/p>\n<p>Prilo\u017eena je enostavno namestiva za\u0161\u010ditna kletka. Zanesljivo prepre\u010duje nenameren stik z cevmi in omogo\u010da jasen pogled na sedem osvetljenih steklenih \u017earnic. Opremljen s \u0161tirimi oja\u010devalnimi cevmi EL34 ustvari zadostno mo\u010d za \u0161tevilne komercialno dostopne zvo\u010dnike. Razli\u010dni odcepi na posebej razvitem \u0161irokopasovnem izhodnem transformatorju z namenskimi 4- ali 8-ohmskimi priklju\u010dki omogo\u010dajo optimalno prilagoditev zvo\u010dnikom z visoko ali nizko impedanco.<\/p>\n<p><strong>Tehni\u010dni podatki:<\/strong><br \/>\nFrekven\u010dno obmo\u010dje: 8 Hz do 60 kHz (-3 dB)<br \/>\nIzhodna mo\u010d (RMS) pri 4 in 8 ohmih: 36 W + 36 W ultralinearno, 18 W + 18 W trioda.<br \/>\nSkupno harmoni\u010dno popa\u010denje (THD): 0,25% (1 kHz)<br \/>\nRazmerje signal\/\u0161um: 93 dB<br \/>\nVhodna impedanca: 100 kOhm<br \/>\nVhodna ob\u010dutljivost: 300 mV<br \/>\nVezje: razred A\/B<br \/>\nCevi: 1x 12AX7, 2x 12AU7, 4x EL34<br \/>\nIzhod za slu\u0161alke: 16 \u03a9~300 \u03a9<br \/>\nVhodi: 3 x linijski vhod, Bluetooth<\/p>\n<p><strong>Bluetooth:<\/strong><br \/>\nRazli\u010dica Bluetootha: V5.1<br \/>\nProcesor: QCC5125<br \/>\nDoseg: 10 metrov<br \/>\nStandardi Bluetooth: LDAC, aptX HD, aptX LL, aptX, AAC, MP3, SBC<br \/>\n\u010cipset DAC: ES9018K2M SABRE32<br \/>\nVezje: razred A\/B<br \/>\nUpornost zvo\u010dnika: 4 ohmi, 8 ohmov<br \/>\nOmre\u017ena napetost: 230 V AC\/50 Hz<br \/>\nDimenzije (\u0160 x G x V): 326 mm x 278 mm x 184 mm<br \/>\nTe\u017ea: 13,5 kg<\/p>","protected":false},"excerpt":{"rendered":"<p>Cayin MT-35MK3 je integrirani cevni oja\u010devalnik z Bluetoothom, ki je na voljo v srebrni barvi. Ima 2 x 36 W na kanal in 4 vhode. Napetost je mogo\u010de individualno nastaviti za vsako cev s trimerjem, osrednje osvetljeno kolesce pa slu\u017ei kot preprost indikator za optimalne nastavitve. Vgrajen je tudi Bluetooth sprejemnik za neposredno brez\u017ei\u010dno predvajanje digitalnih signalov. Z Bluetoothom 5.1 in visokokakovostnimi kodeki, kot so AAC, aptX HD in LDAC, je visoka kakovost zagotovljena, tudi pri pretakanju. Izhod za slu\u0161alke polne velikosti na sprednji plo\u0161\u010di poganja standardne slu\u0161alke z impedanco od 16 do 300 ohmov. Osrednji osvetljeni VU merilnik ne daje MT-35 Mk3 le klasi\u010dnega videza in prikazuje trenutno raven mo\u010di, temve\u010d slu\u017ei tudi za optimizacijo napetosti prednapetosti za vsako posamezno oja\u010devalno cev.<\/p>","protected":false},"featured_media":18683,"template":"","meta":{"site-sidebar-layout":"default","site-content-layout":"","ast-site-content-layout":"default","site-content-style":"default","site-sidebar-style":"default","ast-global-header-display":"","ast-banner-title-visibility":"","ast-main-header-display":"","ast-hfb-above-header-display":"","ast-hfb-below-header-display":"","ast-hfb-mobile-header-display":"","site-post-title":"","ast-breadcrumbs-content":"","ast-featured-img":"","footer-sml-layout":"","theme-transparent-header-meta":"default","adv-header-id-meta":"","stick-header-meta":"default","header-above-stick-meta":"","header-main-stick-meta":"","header-below-stick-meta":"","astra-migrate-meta-layouts":"set","ast-page-background-enabled":"default","ast-page-background-meta":{"desktop":{"background-color":"","background-image":"","background-repeat":"repeat","background-position":"center center","background-size":"auto","background-attachment":"scroll","background-type":"","background-media":"","overlay-type":"","overlay-color":"","overlay-opacity":"","overlay-gradient":""},"tablet":{"background-color":"","background-image":"","background-repeat":"repeat","background-position":"center center","background-size":"auto","background-attachment":"scroll","background-type":"","background-media":"","overlay-type":"","overlay-color":"","overlay-opacity":"","overlay-gradient":""},"mobile":{"background-color":"","background-image":"","background-repeat":"repeat","background-position":"center center","background-size":"auto","background-attachment":"scroll","background-type":"","background-media":"","overlay-type":"","overlay-color":"","overlay-opacity":"","overlay-gradient":""}},"ast-content-background-meta":{"desktop":{"background-color":"var(--ast-global-color-5)","background-image":"","background-repeat":"repeat","background-position":"center center","background-size":"auto","background-attachment":"scroll","background-type":"","background-media":"","overlay-type":"","overlay-color":"","overlay-opacity":"","overlay-gradient":""},"tablet":{"background-color":"var(--ast-global-color-5)","background-image":"","background-repeat":"repeat","background-position":"center center","background-size":"auto","background-attachment":"scroll","background-type":"","background-media":"","overlay-type":"","overlay-color":"","overlay-opacity":"","overlay-gradient":""},"mobile":{"background-color":"var(--ast-global-color-5)","background-image":"","background-repeat":"repeat","background-position":"center center","background-size":"auto","background-attachment":"scroll","background-type":"","background-media":"","overlay-type":"","overlay-color":"","overlay-opacity":"","overlay-gradient":""}}},"class_list":["post-18676","product","type-product","status-publish","has-post-thumbnail","hentry","product_cat-cayin","product_cat-integrirana-pojacala","desktop-align-center","tablet-align-center","mobile-align-center","ast-product-gallery-layout-horizontal","ast-magnify-disabled","ast-product-tabs-layout-horizontal"],"yoast_head":"<!-- This site is optimized with the Yoast SEO plugin v21.4 - https:\/\/yoast.com\/wordpress\/plugins\/seo\/ -->\n<title>Cayin MT-35MK3 - hd-multimedia<\/title>\n<meta name=\"description\" content=\"Cayin MT-35 MK3 je prikladan za svakodnevnu upotrebu. S 36 W snage po kanalu, Bluetooth prijemnikom, izlazom za slu\u0161alice i VU mjera\u010dem.\" \/>\n<meta name=\"robots\" content=\"index, follow, max-snippet:-1, max-image-preview:large, max-video-preview:-1\" \/>\n<link rel=\"canonical\" href=\"https:\/\/hd-multimedia.com\/sl\/trgovina\/cayin-mt-35mk3\/\" \/>\n<meta property=\"og:locale\" content=\"sl_SI\" \/>\n<meta property=\"og:type\" content=\"article\" \/>\n<meta property=\"og:title\" content=\"Cayin MT-35MK3 - hd-multimedia\" \/>\n<meta property=\"og:description\" content=\"Cayin MT-35 MK3 je prikladan za svakodnevnu upotrebu. S 36 W snage po kanalu, Bluetooth prijemnikom, izlazom za slu\u0161alice i VU mjera\u010dem.\" \/>\n<meta property=\"og:url\" content=\"https:\/\/hd-multimedia.com\/sl\/trgovina\/cayin-mt-35mk3\/\" \/>\n<meta property=\"og:site_name\" content=\"hd-multimedia\" \/>\n<meta property=\"article:modified_time\" content=\"2025-10-10T11:01:02+00:00\" \/>\n<meta property=\"og:image\" content=\"https:\/\/hd-multimedia.com\/hdm_media\/Cayin-MT-35MK3-4-e1751895082359.jpg\" \/>\n\t<meta property=\"og:image:width\" content=\"800\" \/>\n\t<meta property=\"og:image:height\" content=\"800\" \/>\n\t<meta property=\"og:image:type\" content=\"image\/jpeg\" \/>\n<meta name=\"twitter:card\" content=\"summary_large_image\" \/>\n<meta name=\"twitter:label1\" content=\"Est. reading time\" \/>\n\t<meta name=\"twitter:data1\" content=\"2 minuti\" \/>\n<script type=\"application\/ld+json\" class=\"yoast-schema-graph\">{\"@context\":\"https:\/\/schema.org\",\"@graph\":[{\"@type\":\"WebPage\",\"@id\":\"https:\/\/hd-multimedia.com\/trgovina\/cayin-mt-35mk3\/\",\"url\":\"https:\/\/hd-multimedia.com\/trgovina\/cayin-mt-35mk3\/\",\"name\":\"Cayin MT-35MK3 - hd-multimedia\",\"isPartOf\":{\"@id\":\"https:\/\/hd-multimedia.com\/#website\"},\"datePublished\":\"2025-07-07T13:18:45+00:00\",\"dateModified\":\"2025-10-10T11:01:02+00:00\",\"description\":\"Cayin MT-35 MK3 je prikladan za svakodnevnu upotrebu. S 36 W snage po kanalu, Bluetooth prijemnikom, izlazom za slu\u0161alice i VU mjera\u010dem.\",\"breadcrumb\":{\"@id\":\"https:\/\/hd-multimedia.com\/trgovina\/cayin-mt-35mk3\/#breadcrumb\"},\"inLanguage\":\"sl-SI\",\"potentialAction\":[{\"@type\":\"ReadAction\",\"target\":[\"https:\/\/hd-multimedia.com\/trgovina\/cayin-mt-35mk3\/\"]}]},{\"@type\":\"BreadcrumbList\",\"@id\":\"https:\/\/hd-multimedia.com\/trgovina\/cayin-mt-35mk3\/#breadcrumb\",\"itemListElement\":[{\"@type\":\"ListItem\",\"position\":1,\"name\":\"Po\u010detna stranica\",\"item\":\"https:\/\/hd-multimedia.com\/\"},{\"@type\":\"ListItem\",\"position\":2,\"name\":\"Trgovina\",\"item\":\"https:\/\/hd-multimedia.com\/trgovina\/\"},{\"@type\":\"ListItem\",\"position\":3,\"name\":\"Cayin MT-35MK3\"}]},{\"@type\":\"WebSite\",\"@id\":\"https:\/\/hd-multimedia.com\/#website\",\"url\":\"https:\/\/hd-multimedia.com\/\",\"name\":\"hd-multimedia\",\"description\":\"\",\"publisher\":{\"@id\":\"https:\/\/hd-multimedia.com\/#organization\"},\"potentialAction\":[{\"@type\":\"SearchAction\",\"target\":{\"@type\":\"EntryPoint\",\"urlTemplate\":\"https:\/\/hd-multimedia.com\/?s={search_term_string}\"},\"query-input\":\"required name=search_term_string\"}],\"inLanguage\":\"sl-SI\"},{\"@type\":\"Organization\",\"@id\":\"https:\/\/hd-multimedia.com\/#organization\",\"name\":\"hd-multimedia\",\"url\":\"https:\/\/hd-multimedia.com\/\",\"logo\":{\"@type\":\"ImageObject\",\"inLanguage\":\"sl-SI\",\"@id\":\"https:\/\/hd-multimedia.com\/#\/schema\/logo\/image\/\",\"url\":\"https:\/\/hd-multimedia.com\/hdm_media\/HD-curves-ok-196-56px-alpha-1.png\",\"contentUrl\":\"https:\/\/hd-multimedia.com\/hdm_media\/HD-curves-ok-196-56px-alpha-1.png\",\"width\":196,\"height\":53,\"caption\":\"hd-multimedia\"},\"image\":{\"@id\":\"https:\/\/hd-multimedia.com\/#\/schema\/logo\/image\/\"}}]}<\/script>\n<!-- \/ Yoast SEO plugin. -->","yoast_head_json":{"title":"Cayin MT-35MK3 - hd-multimedia","description":"Cayin MT-35 MK3 je prikladan za svakodnevnu upotrebu. S 36 W snage po kanalu, Bluetooth prijemnikom, izlazom za slu\u0161alice i VU mjera\u010dem.","robots":{"index":"index","follow":"follow","max-snippet":"max-snippet:-1","max-image-preview":"max-image-preview:large","max-video-preview":"max-video-preview:-1"},"canonical":"https:\/\/hd-multimedia.com\/sl\/trgovina\/cayin-mt-35mk3\/","og_locale":"sl_SI","og_type":"article","og_title":"Cayin MT-35MK3 - hd-multimedia","og_description":"Cayin MT-35 MK3 je prikladan za svakodnevnu upotrebu. S 36 W snage po kanalu, Bluetooth prijemnikom, izlazom za slu\u0161alice i VU mjera\u010dem.","og_url":"https:\/\/hd-multimedia.com\/sl\/trgovina\/cayin-mt-35mk3\/","og_site_name":"hd-multimedia","article_modified_time":"2025-10-10T11:01:02+00:00","og_image":[{"width":800,"height":800,"url":"https:\/\/hd-multimedia.com\/hdm_media\/Cayin-MT-35MK3-4-e1751895082359.jpg","type":"image\/jpeg"}],"twitter_card":"summary_large_image","twitter_misc":{"Est. reading time":"2 minuti"},"schema":{"@context":"https:\/\/schema.org","@graph":[{"@type":"WebPage","@id":"https:\/\/hd-multimedia.com\/trgovina\/cayin-mt-35mk3\/","url":"https:\/\/hd-multimedia.com\/trgovina\/cayin-mt-35mk3\/","name":"Cayin MT-35MK3 - hd-multimedia","isPartOf":{"@id":"https:\/\/hd-multimedia.com\/#website"},"datePublished":"2025-07-07T13:18:45+00:00","dateModified":"2025-10-10T11:01:02+00:00","description":"Cayin MT-35 MK3 je prikladan za svakodnevnu upotrebu. S 36 W snage po kanalu, Bluetooth prijemnikom, izlazom za slu\u0161alice i VU mjera\u010dem.","breadcrumb":{"@id":"https:\/\/hd-multimedia.com\/trgovina\/cayin-mt-35mk3\/#breadcrumb"},"inLanguage":"sl-SI","potentialAction":[{"@type":"ReadAction","target":["https:\/\/hd-multimedia.com\/trgovina\/cayin-mt-35mk3\/"]}]},{"@type":"BreadcrumbList","@id":"https:\/\/hd-multimedia.com\/trgovina\/cayin-mt-35mk3\/#breadcrumb","itemListElement":[{"@type":"ListItem","position":1,"name":"Po\u010detna stranica","item":"https:\/\/hd-multimedia.com\/"},{"@type":"ListItem","position":2,"name":"Trgovina","item":"https:\/\/hd-multimedia.com\/trgovina\/"},{"@type":"ListItem","position":3,"name":"Cayin MT-35MK3"}]},{"@type":"WebSite","@id":"https:\/\/hd-multimedia.com\/#website","url":"https:\/\/hd-multimedia.com\/","name":"hd-multimedia","description":"","publisher":{"@id":"https:\/\/hd-multimedia.com\/#organization"},"potentialAction":[{"@type":"SearchAction","target":{"@type":"EntryPoint","urlTemplate":"https:\/\/hd-multimedia.com\/?s={search_term_string}"},"query-input":"required name=search_term_string"}],"inLanguage":"sl-SI"},{"@type":"Organization","@id":"https:\/\/hd-multimedia.com\/#organization","name":"hd-multimedia","url":"https:\/\/hd-multimedia.com\/","logo":{"@type":"ImageObject","inLanguage":"sl-SI","@id":"https:\/\/hd-multimedia.com\/#\/schema\/logo\/image\/","url":"https:\/\/hd-multimedia.com\/hdm_media\/HD-curves-ok-196-56px-alpha-1.png","contentUrl":"https:\/\/hd-multimedia.com\/hdm_media\/HD-curves-ok-196-56px-alpha-1.png","width":196,"height":53,"caption":"hd-multimedia"},"image":{"@id":"https:\/\/hd-multimedia.com\/#\/schema\/logo\/image\/"}}]}},"post_mailing_queue_ids":[],"_links":{"self":[{"href":"https:\/\/hd-multimedia.com\/sl\/wp-json\/wp\/v2\/product\/18676","targetHints":{"allow":["GET"]}}],"collection":[{"href":"https:\/\/hd-multimedia.com\/sl\/wp-json\/wp\/v2\/product"}],"about":[{"href":"https:\/\/hd-multimedia.com\/sl\/wp-json\/wp\/v2\/types\/product"}],"version-history":[{"count":1,"href":"https:\/\/hd-multimedia.com\/sl\/wp-json\/wp\/v2\/product\/18676\/revisions"}],"predecessor-version":[{"id":18678,"href":"https:\/\/hd-multimedia.com\/sl\/wp-json\/wp\/v2\/product\/18676\/revisions\/18678"}],"wp:featuredmedia":[{"embeddable":true,"href":"https:\/\/hd-multimedia.com\/sl\/wp-json\/wp\/v2\/media\/18683"}],"wp:attachment":[{"href":"https:\/\/hd-multimedia.com\/sl\/wp-json\/wp\/v2\/media?parent=18676"}],"curies":[{"name":"wp","href":"https:\/\/api.w.org\/{rel}","templated":true}]}}