{"id":18663,"date":"2025-07-03T11:20:59","date_gmt":"2025-07-03T11:20:59","guid":{"rendered":"https:\/\/hd-multimedia.com\/?post_type=product&#038;p=18663"},"modified":"2026-03-27T11:55:12","modified_gmt":"2026-03-27T11:55:12","slug":"topping-d900","status":"publish","type":"product","link":"https:\/\/hd-multimedia.com\/sl\/trgovina\/topping-d900\/","title":{"rendered":"Preliv D900"},"content":{"rendered":"<p>Bluetooth 5.1 DAC: Topping D900 je Bluetooth sprejemnik najnovej\u0161e generacije Qualcomm QCC5125. Posledi\u010dno Topping D900 podpira visokolo\u010dljivostne Bluetooth kodeke za SBC, AAC, aptX, aptX-HD, aptX-Adaptive in prenos LDAC. LDAC 24-bit 96 kHz, ki je bolj\u0161i od standardne kakovosti CD-jev, ponuja zanesljivo, stabilno in prijetno poslu\u0161alsko izku\u0161njo.<\/p>\n<p>Topping D900 uporablja 1-bitni diskretni digitalno-analogni pretvorni\u0161ki modul PSRM. To vezje ohranja integriteto signala med delovanjem DAC-a, kar mu omogo\u010da izjemno zmogljivost s THD+N pod -140 dB in SNR 131 dB. Ta Topping DAC vklju\u010duje tudi novo vezje za pretvorbo I\/V za visoko dinamiko in poglobljeno zvo\u010dno izku\u0161njo. Vse ostale podrobnosti in specifikacije najdete na povezavi!<\/p>\n<p><a href=\"https:\/\/www.toppingaudio.com\/product-item\/d900#content-section\" target=\"_blank\" rel=\"noopener\">Podrobne specifikacije za Topping D900<\/a><\/p>","protected":false},"excerpt":{"rendered":"<p>Topping D900 je najnovej\u0161i DAC z 32-fazno arhitekturo DSM (diskretna sigma modulacija). Ta vrhunski DAC, pravi primer Toppingovega tehnolo\u0161kega znanja, zdru\u017euje digitalno natan\u010dnost, organsko muzikalnost in popolno prilagodljivost. Podpira visoke lo\u010dljivosti vzor\u010denja do PCM 32bit 768kHz in DSD512. Njegova digitalno-analogna pretvorbena stopnja podpira Altera Max II CPLD in Accusilicon 45MHz\/49MHz. Topping D900 ima veliko funkcij, kot sta Bluetooth 5.1, ki podpira LDAC, in 10-pasovni parametri\u010dni izena\u010devalnik, ki je na voljo prek aplikacije Topping Tune. Kar zadeva povezljivost, je Topping D900 dobro opremljen z digitalnimi vhodi za \u0161irok spekter konfiguracij, medtem ko njegovi izhodi vklju\u010dujejo dva uravnote\u017eena XLR izhoda: linijski izhod in izhod predoja\u010devalnika.<\/p>\n<p><a href=\"https:\/\/www.toppingaudio.com\/product-item\/d900\" target=\"_blank\" rel=\"noopener\">Povezava za dodatne informacije o izdelku!<\/a><\/p>","protected":false},"featured_media":18668,"template":"","meta":{"site-sidebar-layout":"default","site-content-layout":"","ast-site-content-layout":"default","site-content-style":"default","site-sidebar-style":"default","ast-global-header-display":"","ast-banner-title-visibility":"","ast-main-header-display":"","ast-hfb-above-header-display":"","ast-hfb-below-header-display":"","ast-hfb-mobile-header-display":"","site-post-title":"","ast-breadcrumbs-content":"","ast-featured-img":"","footer-sml-layout":"","theme-transparent-header-meta":"default","adv-header-id-meta":"","stick-header-meta":"default","header-above-stick-meta":"","header-main-stick-meta":"","header-below-stick-meta":"","astra-migrate-meta-layouts":"set","ast-page-background-enabled":"default","ast-page-background-meta":{"desktop":{"background-color":"","background-image":"","background-repeat":"repeat","background-position":"center center","background-size":"auto","background-attachment":"scroll","background-type":"","background-media":"","overlay-type":"","overlay-color":"","overlay-opacity":"","overlay-gradient":""},"tablet":{"background-color":"","background-image":"","background-repeat":"repeat","background-position":"center center","background-size":"auto","background-attachment":"scroll","background-type":"","background-media":"","overlay-type":"","overlay-color":"","overlay-opacity":"","overlay-gradient":""},"mobile":{"background-color":"","background-image":"","background-repeat":"repeat","background-position":"center center","background-size":"auto","background-attachment":"scroll","background-type":"","background-media":"","overlay-type":"","overlay-color":"","overlay-opacity":"","overlay-gradient":""}},"ast-content-background-meta":{"desktop":{"background-color":"var(--ast-global-color-5)","background-image":"","background-repeat":"repeat","background-position":"center center","background-size":"auto","background-attachment":"scroll","background-type":"","background-media":"","overlay-type":"","overlay-color":"","overlay-opacity":"","overlay-gradient":""},"tablet":{"background-color":"var(--ast-global-color-5)","background-image":"","background-repeat":"repeat","background-position":"center center","background-size":"auto","background-attachment":"scroll","background-type":"","background-media":"","overlay-type":"","overlay-color":"","overlay-opacity":"","overlay-gradient":""},"mobile":{"background-color":"var(--ast-global-color-5)","background-image":"","background-repeat":"repeat","background-position":"center center","background-size":"auto","background-attachment":"scroll","background-type":"","background-media":"","overlay-type":"","overlay-color":"","overlay-opacity":"","overlay-gradient":""}}},"class_list":["post-18663","product","type-product","status-publish","has-post-thumbnail","hentry","product_cat-dac","product_cat-topping","product_tag-novo-u-ponudi","desktop-align-center","tablet-align-center","mobile-align-center","ast-product-gallery-layout-horizontal","ast-magnify-disabled","ast-product-tabs-layout-horizontal"],"yoast_head":"<!-- This site is optimized with the Yoast SEO plugin v21.4 - https:\/\/yoast.com\/wordpress\/plugins\/seo\/ -->\n<title>Topping D900 - hd-multimedia<\/title>\n<meta name=\"description\" content=\"Topping D900 je najnoviji DAC s 32-faznom DSM (Diskretna Sigma Modulacija) arhitekturom. Pravi primjer Toppingovog tehnolo\u0161kog znanja.\" \/>\n<meta name=\"robots\" content=\"index, follow, max-snippet:-1, max-image-preview:large, max-video-preview:-1\" \/>\n<link rel=\"canonical\" href=\"https:\/\/hd-multimedia.com\/sl\/trgovina\/topping-d900\/\" \/>\n<meta property=\"og:locale\" content=\"sl_SI\" \/>\n<meta property=\"og:type\" content=\"article\" \/>\n<meta property=\"og:title\" content=\"Topping D900 - hd-multimedia\" \/>\n<meta property=\"og:description\" content=\"Topping D900 je najnoviji DAC s 32-faznom DSM (Diskretna Sigma Modulacija) arhitekturom. Pravi primjer Toppingovog tehnolo\u0161kog znanja.\" \/>\n<meta property=\"og:url\" content=\"https:\/\/hd-multimedia.com\/sl\/trgovina\/topping-d900\/\" \/>\n<meta property=\"og:site_name\" content=\"hd-multimedia\" \/>\n<meta property=\"article:modified_time\" content=\"2026-03-27T11:55:12+00:00\" \/>\n<meta property=\"og:image\" content=\"https:\/\/hd-multimedia.com\/hdm_media\/topping-d900.jpg\" \/>\n\t<meta property=\"og:image:width\" content=\"900\" \/>\n\t<meta property=\"og:image:height\" content=\"900\" \/>\n\t<meta property=\"og:image:type\" content=\"image\/jpeg\" \/>\n<meta name=\"twitter:card\" content=\"summary_large_image\" \/>\n<meta name=\"twitter:label1\" content=\"Est. reading time\" \/>\n\t<meta name=\"twitter:data1\" content=\"1 minuta\" \/>\n<script type=\"application\/ld+json\" class=\"yoast-schema-graph\">{\"@context\":\"https:\/\/schema.org\",\"@graph\":[{\"@type\":\"WebPage\",\"@id\":\"https:\/\/hd-multimedia.com\/trgovina\/topping-d900\/\",\"url\":\"https:\/\/hd-multimedia.com\/trgovina\/topping-d900\/\",\"name\":\"Topping D900 - hd-multimedia\",\"isPartOf\":{\"@id\":\"https:\/\/hd-multimedia.com\/#website\"},\"datePublished\":\"2025-07-03T11:20:59+00:00\",\"dateModified\":\"2026-03-27T11:55:12+00:00\",\"description\":\"Topping D900 je najnoviji DAC s 32-faznom DSM (Diskretna Sigma Modulacija) arhitekturom. Pravi primjer Toppingovog tehnolo\u0161kog znanja.\",\"breadcrumb\":{\"@id\":\"https:\/\/hd-multimedia.com\/trgovina\/topping-d900\/#breadcrumb\"},\"inLanguage\":\"sl-SI\",\"potentialAction\":[{\"@type\":\"ReadAction\",\"target\":[\"https:\/\/hd-multimedia.com\/trgovina\/topping-d900\/\"]}]},{\"@type\":\"BreadcrumbList\",\"@id\":\"https:\/\/hd-multimedia.com\/trgovina\/topping-d900\/#breadcrumb\",\"itemListElement\":[{\"@type\":\"ListItem\",\"position\":1,\"name\":\"Po\u010detna stranica\",\"item\":\"https:\/\/hd-multimedia.com\/\"},{\"@type\":\"ListItem\",\"position\":2,\"name\":\"Trgovina\",\"item\":\"https:\/\/hd-multimedia.com\/trgovina\/\"},{\"@type\":\"ListItem\",\"position\":3,\"name\":\"Topping D900\"}]},{\"@type\":\"WebSite\",\"@id\":\"https:\/\/hd-multimedia.com\/#website\",\"url\":\"https:\/\/hd-multimedia.com\/\",\"name\":\"hd-multimedia\",\"description\":\"\",\"publisher\":{\"@id\":\"https:\/\/hd-multimedia.com\/#organization\"},\"potentialAction\":[{\"@type\":\"SearchAction\",\"target\":{\"@type\":\"EntryPoint\",\"urlTemplate\":\"https:\/\/hd-multimedia.com\/?s={search_term_string}\"},\"query-input\":\"required name=search_term_string\"}],\"inLanguage\":\"sl-SI\"},{\"@type\":\"Organization\",\"@id\":\"https:\/\/hd-multimedia.com\/#organization\",\"name\":\"hd-multimedia\",\"url\":\"https:\/\/hd-multimedia.com\/\",\"logo\":{\"@type\":\"ImageObject\",\"inLanguage\":\"sl-SI\",\"@id\":\"https:\/\/hd-multimedia.com\/#\/schema\/logo\/image\/\",\"url\":\"https:\/\/hd-multimedia.com\/hdm_media\/HD-curves-ok-196-56px-alpha-1.png\",\"contentUrl\":\"https:\/\/hd-multimedia.com\/hdm_media\/HD-curves-ok-196-56px-alpha-1.png\",\"width\":196,\"height\":53,\"caption\":\"hd-multimedia\"},\"image\":{\"@id\":\"https:\/\/hd-multimedia.com\/#\/schema\/logo\/image\/\"}}]}<\/script>\n<!-- \/ Yoast SEO plugin. -->","yoast_head_json":{"title":"Topping D900 - hd-multimedia","description":"Topping D900 je najnoviji DAC s 32-faznom DSM (Diskretna Sigma Modulacija) arhitekturom. Pravi primjer Toppingovog tehnolo\u0161kog znanja.","robots":{"index":"index","follow":"follow","max-snippet":"max-snippet:-1","max-image-preview":"max-image-preview:large","max-video-preview":"max-video-preview:-1"},"canonical":"https:\/\/hd-multimedia.com\/sl\/trgovina\/topping-d900\/","og_locale":"sl_SI","og_type":"article","og_title":"Topping D900 - hd-multimedia","og_description":"Topping D900 je najnoviji DAC s 32-faznom DSM (Diskretna Sigma Modulacija) arhitekturom. Pravi primjer Toppingovog tehnolo\u0161kog znanja.","og_url":"https:\/\/hd-multimedia.com\/sl\/trgovina\/topping-d900\/","og_site_name":"hd-multimedia","article_modified_time":"2026-03-27T11:55:12+00:00","og_image":[{"width":900,"height":900,"url":"https:\/\/hd-multimedia.com\/hdm_media\/topping-d900.jpg","type":"image\/jpeg"}],"twitter_card":"summary_large_image","twitter_misc":{"Est. reading time":"1 minuta"},"schema":{"@context":"https:\/\/schema.org","@graph":[{"@type":"WebPage","@id":"https:\/\/hd-multimedia.com\/trgovina\/topping-d900\/","url":"https:\/\/hd-multimedia.com\/trgovina\/topping-d900\/","name":"Topping D900 - hd-multimedia","isPartOf":{"@id":"https:\/\/hd-multimedia.com\/#website"},"datePublished":"2025-07-03T11:20:59+00:00","dateModified":"2026-03-27T11:55:12+00:00","description":"Topping D900 je najnoviji DAC s 32-faznom DSM (Diskretna Sigma Modulacija) arhitekturom. Pravi primjer Toppingovog tehnolo\u0161kog znanja.","breadcrumb":{"@id":"https:\/\/hd-multimedia.com\/trgovina\/topping-d900\/#breadcrumb"},"inLanguage":"sl-SI","potentialAction":[{"@type":"ReadAction","target":["https:\/\/hd-multimedia.com\/trgovina\/topping-d900\/"]}]},{"@type":"BreadcrumbList","@id":"https:\/\/hd-multimedia.com\/trgovina\/topping-d900\/#breadcrumb","itemListElement":[{"@type":"ListItem","position":1,"name":"Po\u010detna stranica","item":"https:\/\/hd-multimedia.com\/"},{"@type":"ListItem","position":2,"name":"Trgovina","item":"https:\/\/hd-multimedia.com\/trgovina\/"},{"@type":"ListItem","position":3,"name":"Topping D900"}]},{"@type":"WebSite","@id":"https:\/\/hd-multimedia.com\/#website","url":"https:\/\/hd-multimedia.com\/","name":"hd-multimedia","description":"","publisher":{"@id":"https:\/\/hd-multimedia.com\/#organization"},"potentialAction":[{"@type":"SearchAction","target":{"@type":"EntryPoint","urlTemplate":"https:\/\/hd-multimedia.com\/?s={search_term_string}"},"query-input":"required name=search_term_string"}],"inLanguage":"sl-SI"},{"@type":"Organization","@id":"https:\/\/hd-multimedia.com\/#organization","name":"hd-multimedia","url":"https:\/\/hd-multimedia.com\/","logo":{"@type":"ImageObject","inLanguage":"sl-SI","@id":"https:\/\/hd-multimedia.com\/#\/schema\/logo\/image\/","url":"https:\/\/hd-multimedia.com\/hdm_media\/HD-curves-ok-196-56px-alpha-1.png","contentUrl":"https:\/\/hd-multimedia.com\/hdm_media\/HD-curves-ok-196-56px-alpha-1.png","width":196,"height":53,"caption":"hd-multimedia"},"image":{"@id":"https:\/\/hd-multimedia.com\/#\/schema\/logo\/image\/"}}]}},"post_mailing_queue_ids":[],"_links":{"self":[{"href":"https:\/\/hd-multimedia.com\/sl\/wp-json\/wp\/v2\/product\/18663","targetHints":{"allow":["GET"]}}],"collection":[{"href":"https:\/\/hd-multimedia.com\/sl\/wp-json\/wp\/v2\/product"}],"about":[{"href":"https:\/\/hd-multimedia.com\/sl\/wp-json\/wp\/v2\/types\/product"}],"version-history":[{"count":6,"href":"https:\/\/hd-multimedia.com\/sl\/wp-json\/wp\/v2\/product\/18663\/revisions"}],"predecessor-version":[{"id":19450,"href":"https:\/\/hd-multimedia.com\/sl\/wp-json\/wp\/v2\/product\/18663\/revisions\/19450"}],"wp:featuredmedia":[{"embeddable":true,"href":"https:\/\/hd-multimedia.com\/sl\/wp-json\/wp\/v2\/media\/18668"}],"wp:attachment":[{"href":"https:\/\/hd-multimedia.com\/sl\/wp-json\/wp\/v2\/media?parent=18663"}],"curies":[{"name":"wp","href":"https:\/\/api.w.org\/{rel}","templated":true}]}}