{"id":18639,"date":"2025-07-01T12:52:44","date_gmt":"2025-07-01T12:52:44","guid":{"rendered":"https:\/\/hd-multimedia.com\/?post_type=product&#038;p=18639"},"modified":"2025-10-10T21:13:16","modified_gmt":"2025-10-10T21:13:16","slug":"fiio-jadeaudio-ka11-lightning-konektor","status":"publish","type":"product","link":"https:\/\/hd-multimedia.com\/sl\/trgovina\/fiio-jadeaudio-ka11-lightning-konektor\/","title":{"rendered":"FiiO JadeAudio KA11 (priklju\u010dek Lightning)"},"content":{"rendered":"<p>Slu\u0161alke FiiO JadeAudio KA11, ki so na voljo v \u010drni in srebrni barvi, so izdelane iz visoko \u010distih bakrenih \u017eic, prevle\u010denih s paladijem, z za\u0161\u010dito pred zunanjimi motnjami, kar zagotavlja tako vzdr\u017eljivost kot tudi zmogljivost.<\/p>\n<p><a href=\"https:\/\/www.fiio.com\/newsinfo\/893399.html\" target=\"_blank\" rel=\"noopener\">Ostale informacije najdete na tej povezavi.<\/a><\/p>\n<p>&nbsp;<\/p>\n<p>&nbsp;<\/p>","protected":false},"excerpt":{"rendered":"<p>FiiO KA11 slu\u017ei kot adapter ali \u201cklju\u010d\u201d za priklop 3,5 mm slu\u0161alk na mobilno napravo, ki nima priklju\u010dka. Mimogrede izbolj\u0161a kakovost zvoka! FiiO je v sodelovanju z Jade Audio zasnoval FiiO JadeAudio KA11 za revolucijo slu\u0161ne izku\u0161nje za uporabnike, ki i\u0161\u010dejo kompaktno, a zmogljivo zvo\u010dno zmogljivost. Njegovo jedro je visoko zmogljiv 32-bitni \u010dip DAC, CS43131 podjetja Cirrus Logics. Ta \u010dip zagotavlja izjemno kakovost zvoka, pona\u0161a se z bogatimi toni in jasnimi podrobnostmi, hkrati pa podpira formate visoke lo\u010dljivosti, kot sta PCM do 32-bit\/384kHz in izvorni DSD256. Kljub svoji majhnosti KA11 zagotavlja mo\u010dan izhod za slu\u0161alke z 245 mW na kanal pri impedanci 16 \u03a9, kar je dovolj za pogon ve\u010dine IEM na trgu. Natan\u010dna zasnova FiiO, skupaj z visokokakovostnimi osnovnimi komponentami, zagotavlja brezhiben pretok signala skozi HiFi vezje, kar ima za posledico natan\u010dno reprodukcijo zvoka brez napora.<\/p>\n<p><a href=\"https:\/\/www.fiio.com\/newsinfo\/893399.html\" target=\"_blank\" rel=\"noopener\">Ostale informacije najdete na tej povezavi.<\/a><\/p>\n<p>&nbsp;<\/p>","protected":false},"featured_media":15300,"template":"","meta":{"site-sidebar-layout":"default","site-content-layout":"","ast-site-content-layout":"default","site-content-style":"default","site-sidebar-style":"default","ast-global-header-display":"","ast-banner-title-visibility":"","ast-main-header-display":"","ast-hfb-above-header-display":"","ast-hfb-below-header-display":"","ast-hfb-mobile-header-display":"","site-post-title":"","ast-breadcrumbs-content":"","ast-featured-img":"","footer-sml-layout":"","theme-transparent-header-meta":"default","adv-header-id-meta":"","stick-header-meta":"default","header-above-stick-meta":"","header-main-stick-meta":"","header-below-stick-meta":"","astra-migrate-meta-layouts":"set","ast-page-background-enabled":"default","ast-page-background-meta":{"desktop":{"background-color":"","background-image":"","background-repeat":"repeat","background-position":"center center","background-size":"auto","background-attachment":"scroll","background-type":"","background-media":"","overlay-type":"","overlay-color":"","overlay-opacity":"","overlay-gradient":""},"tablet":{"background-color":"","background-image":"","background-repeat":"repeat","background-position":"center center","background-size":"auto","background-attachment":"scroll","background-type":"","background-media":"","overlay-type":"","overlay-color":"","overlay-opacity":"","overlay-gradient":""},"mobile":{"background-color":"","background-image":"","background-repeat":"repeat","background-position":"center center","background-size":"auto","background-attachment":"scroll","background-type":"","background-media":"","overlay-type":"","overlay-color":"","overlay-opacity":"","overlay-gradient":""}},"ast-content-background-meta":{"desktop":{"background-color":"var(--ast-global-color-5)","background-image":"","background-repeat":"repeat","background-position":"center center","background-size":"auto","background-attachment":"scroll","background-type":"","background-media":"","overlay-type":"","overlay-color":"","overlay-opacity":"","overlay-gradient":""},"tablet":{"background-color":"var(--ast-global-color-5)","background-image":"","background-repeat":"repeat","background-position":"center center","background-size":"auto","background-attachment":"scroll","background-type":"","background-media":"","overlay-type":"","overlay-color":"","overlay-opacity":"","overlay-gradient":""},"mobile":{"background-color":"var(--ast-global-color-5)","background-image":"","background-repeat":"repeat","background-position":"center center","background-size":"auto","background-attachment":"scroll","background-type":"","background-media":"","overlay-type":"","overlay-color":"","overlay-opacity":"","overlay-gradient":""}}},"class_list":["post-18639","product","type-product","status-publish","has-post-thumbnail","hentry","product_cat-pojacala-smartphone","product_cat-fiio","product_tag-novo-u-ponudi-fiio","desktop-align-center","tablet-align-center","mobile-align-center","ast-product-gallery-layout-horizontal","ast-magnify-disabled","ast-product-single-variable","ast-product-tabs-layout-horizontal"],"yoast_head":"<!-- This site is optimized with the Yoast SEO plugin v21.4 - https:\/\/yoast.com\/wordpress\/plugins\/seo\/ -->\n<title>FiiO JadeAudio KA11 (Lightning konektor) - hd-multimedia<\/title>\n<meta name=\"description\" content=\"FiiO KA11 slu\u017ei kao adapter ili \u201cdongle\u201d za spajanje slu\u0161alica od 3.5mm na mobilni ure\u0111aj koji nema priklju\u010dak i usput pobolj\u0161ava kvalitetu zvuka!\" \/>\n<meta name=\"robots\" content=\"index, follow, max-snippet:-1, max-image-preview:large, max-video-preview:-1\" \/>\n<link rel=\"canonical\" href=\"https:\/\/hd-multimedia.com\/sl\/trgovina\/fiio-jadeaudio-ka11-lightning-konektor\/\" \/>\n<meta property=\"og:locale\" content=\"sl_SI\" \/>\n<meta property=\"og:type\" content=\"article\" \/>\n<meta property=\"og:title\" content=\"FiiO JadeAudio KA11 (Lightning konektor) - hd-multimedia\" \/>\n<meta property=\"og:description\" content=\"FiiO KA11 slu\u017ei kao adapter ili \u201cdongle\u201d za spajanje slu\u0161alica od 3.5mm na mobilni ure\u0111aj koji nema priklju\u010dak i usput pobolj\u0161ava kvalitetu zvuka!\" \/>\n<meta property=\"og:url\" content=\"https:\/\/hd-multimedia.com\/sl\/trgovina\/fiio-jadeaudio-ka11-lightning-konektor\/\" \/>\n<meta property=\"og:site_name\" content=\"hd-multimedia\" \/>\n<meta property=\"article:modified_time\" content=\"2025-10-10T21:13:16+00:00\" \/>\n<meta property=\"og:image\" content=\"https:\/\/hd-multimedia.com\/hdm_media\/FiiO_KA11_Lightning_silver.jpg\" \/>\n\t<meta property=\"og:image:width\" content=\"1000\" \/>\n\t<meta property=\"og:image:height\" content=\"1000\" \/>\n\t<meta property=\"og:image:type\" content=\"image\/jpeg\" \/>\n<meta name=\"twitter:card\" content=\"summary_large_image\" \/>\n<meta name=\"twitter:label1\" content=\"Est. reading time\" \/>\n\t<meta name=\"twitter:data1\" content=\"1 minuta\" \/>\n<script type=\"application\/ld+json\" class=\"yoast-schema-graph\">{\"@context\":\"https:\/\/schema.org\",\"@graph\":[{\"@type\":\"WebPage\",\"@id\":\"https:\/\/hd-multimedia.com\/trgovina\/fiio-jadeaudio-ka11-lightning-konektor\/\",\"url\":\"https:\/\/hd-multimedia.com\/trgovina\/fiio-jadeaudio-ka11-lightning-konektor\/\",\"name\":\"FiiO JadeAudio KA11 (Lightning konektor) - hd-multimedia\",\"isPartOf\":{\"@id\":\"https:\/\/hd-multimedia.com\/#website\"},\"datePublished\":\"2025-07-01T12:52:44+00:00\",\"dateModified\":\"2025-10-10T21:13:16+00:00\",\"description\":\"FiiO KA11 slu\u017ei kao adapter ili \u201cdongle\u201d za spajanje slu\u0161alica od 3.5mm na mobilni ure\u0111aj koji nema priklju\u010dak i usput pobolj\u0161ava kvalitetu zvuka!\",\"breadcrumb\":{\"@id\":\"https:\/\/hd-multimedia.com\/trgovina\/fiio-jadeaudio-ka11-lightning-konektor\/#breadcrumb\"},\"inLanguage\":\"sl-SI\",\"potentialAction\":[{\"@type\":\"ReadAction\",\"target\":[\"https:\/\/hd-multimedia.com\/trgovina\/fiio-jadeaudio-ka11-lightning-konektor\/\"]}]},{\"@type\":\"BreadcrumbList\",\"@id\":\"https:\/\/hd-multimedia.com\/trgovina\/fiio-jadeaudio-ka11-lightning-konektor\/#breadcrumb\",\"itemListElement\":[{\"@type\":\"ListItem\",\"position\":1,\"name\":\"Po\u010detna stranica\",\"item\":\"https:\/\/hd-multimedia.com\/\"},{\"@type\":\"ListItem\",\"position\":2,\"name\":\"Trgovina\",\"item\":\"https:\/\/hd-multimedia.com\/trgovina\/\"},{\"@type\":\"ListItem\",\"position\":3,\"name\":\"FiiO JadeAudio KA11 (Lightning konektor)\"}]},{\"@type\":\"WebSite\",\"@id\":\"https:\/\/hd-multimedia.com\/#website\",\"url\":\"https:\/\/hd-multimedia.com\/\",\"name\":\"hd-multimedia\",\"description\":\"\",\"publisher\":{\"@id\":\"https:\/\/hd-multimedia.com\/#organization\"},\"potentialAction\":[{\"@type\":\"SearchAction\",\"target\":{\"@type\":\"EntryPoint\",\"urlTemplate\":\"https:\/\/hd-multimedia.com\/?s={search_term_string}\"},\"query-input\":\"required name=search_term_string\"}],\"inLanguage\":\"sl-SI\"},{\"@type\":\"Organization\",\"@id\":\"https:\/\/hd-multimedia.com\/#organization\",\"name\":\"hd-multimedia\",\"url\":\"https:\/\/hd-multimedia.com\/\",\"logo\":{\"@type\":\"ImageObject\",\"inLanguage\":\"sl-SI\",\"@id\":\"https:\/\/hd-multimedia.com\/#\/schema\/logo\/image\/\",\"url\":\"https:\/\/hd-multimedia.com\/hdm_media\/HD-curves-ok-196-56px-alpha-1.png\",\"contentUrl\":\"https:\/\/hd-multimedia.com\/hdm_media\/HD-curves-ok-196-56px-alpha-1.png\",\"width\":196,\"height\":53,\"caption\":\"hd-multimedia\"},\"image\":{\"@id\":\"https:\/\/hd-multimedia.com\/#\/schema\/logo\/image\/\"}}]}<\/script>\n<!-- \/ Yoast SEO plugin. -->","yoast_head_json":{"title":"FiiO JadeAudio KA11 (Lightning konektor) - hd-multimedia","description":"FiiO KA11 slu\u017ei kao adapter ili \u201cdongle\u201d za spajanje slu\u0161alica od 3.5mm na mobilni ure\u0111aj koji nema priklju\u010dak i usput pobolj\u0161ava kvalitetu zvuka!","robots":{"index":"index","follow":"follow","max-snippet":"max-snippet:-1","max-image-preview":"max-image-preview:large","max-video-preview":"max-video-preview:-1"},"canonical":"https:\/\/hd-multimedia.com\/sl\/trgovina\/fiio-jadeaudio-ka11-lightning-konektor\/","og_locale":"sl_SI","og_type":"article","og_title":"FiiO JadeAudio KA11 (Lightning konektor) - hd-multimedia","og_description":"FiiO KA11 slu\u017ei kao adapter ili \u201cdongle\u201d za spajanje slu\u0161alica od 3.5mm na mobilni ure\u0111aj koji nema priklju\u010dak i usput pobolj\u0161ava kvalitetu zvuka!","og_url":"https:\/\/hd-multimedia.com\/sl\/trgovina\/fiio-jadeaudio-ka11-lightning-konektor\/","og_site_name":"hd-multimedia","article_modified_time":"2025-10-10T21:13:16+00:00","og_image":[{"width":1000,"height":1000,"url":"https:\/\/hd-multimedia.com\/hdm_media\/FiiO_KA11_Lightning_silver.jpg","type":"image\/jpeg"}],"twitter_card":"summary_large_image","twitter_misc":{"Est. reading time":"1 minuta"},"schema":{"@context":"https:\/\/schema.org","@graph":[{"@type":"WebPage","@id":"https:\/\/hd-multimedia.com\/trgovina\/fiio-jadeaudio-ka11-lightning-konektor\/","url":"https:\/\/hd-multimedia.com\/trgovina\/fiio-jadeaudio-ka11-lightning-konektor\/","name":"FiiO JadeAudio KA11 (Lightning konektor) - hd-multimedia","isPartOf":{"@id":"https:\/\/hd-multimedia.com\/#website"},"datePublished":"2025-07-01T12:52:44+00:00","dateModified":"2025-10-10T21:13:16+00:00","description":"FiiO KA11 slu\u017ei kao adapter ili \u201cdongle\u201d za spajanje slu\u0161alica od 3.5mm na mobilni ure\u0111aj koji nema priklju\u010dak i usput pobolj\u0161ava kvalitetu zvuka!","breadcrumb":{"@id":"https:\/\/hd-multimedia.com\/trgovina\/fiio-jadeaudio-ka11-lightning-konektor\/#breadcrumb"},"inLanguage":"sl-SI","potentialAction":[{"@type":"ReadAction","target":["https:\/\/hd-multimedia.com\/trgovina\/fiio-jadeaudio-ka11-lightning-konektor\/"]}]},{"@type":"BreadcrumbList","@id":"https:\/\/hd-multimedia.com\/trgovina\/fiio-jadeaudio-ka11-lightning-konektor\/#breadcrumb","itemListElement":[{"@type":"ListItem","position":1,"name":"Po\u010detna stranica","item":"https:\/\/hd-multimedia.com\/"},{"@type":"ListItem","position":2,"name":"Trgovina","item":"https:\/\/hd-multimedia.com\/trgovina\/"},{"@type":"ListItem","position":3,"name":"FiiO JadeAudio KA11 (Lightning konektor)"}]},{"@type":"WebSite","@id":"https:\/\/hd-multimedia.com\/#website","url":"https:\/\/hd-multimedia.com\/","name":"hd-multimedia","description":"","publisher":{"@id":"https:\/\/hd-multimedia.com\/#organization"},"potentialAction":[{"@type":"SearchAction","target":{"@type":"EntryPoint","urlTemplate":"https:\/\/hd-multimedia.com\/?s={search_term_string}"},"query-input":"required name=search_term_string"}],"inLanguage":"sl-SI"},{"@type":"Organization","@id":"https:\/\/hd-multimedia.com\/#organization","name":"hd-multimedia","url":"https:\/\/hd-multimedia.com\/","logo":{"@type":"ImageObject","inLanguage":"sl-SI","@id":"https:\/\/hd-multimedia.com\/#\/schema\/logo\/image\/","url":"https:\/\/hd-multimedia.com\/hdm_media\/HD-curves-ok-196-56px-alpha-1.png","contentUrl":"https:\/\/hd-multimedia.com\/hdm_media\/HD-curves-ok-196-56px-alpha-1.png","width":196,"height":53,"caption":"hd-multimedia"},"image":{"@id":"https:\/\/hd-multimedia.com\/#\/schema\/logo\/image\/"}}]}},"post_mailing_queue_ids":[],"_links":{"self":[{"href":"https:\/\/hd-multimedia.com\/sl\/wp-json\/wp\/v2\/product\/18639","targetHints":{"allow":["GET"]}}],"collection":[{"href":"https:\/\/hd-multimedia.com\/sl\/wp-json\/wp\/v2\/product"}],"about":[{"href":"https:\/\/hd-multimedia.com\/sl\/wp-json\/wp\/v2\/types\/product"}],"version-history":[{"count":1,"href":"https:\/\/hd-multimedia.com\/sl\/wp-json\/wp\/v2\/product\/18639\/revisions"}],"predecessor-version":[{"id":18644,"href":"https:\/\/hd-multimedia.com\/sl\/wp-json\/wp\/v2\/product\/18639\/revisions\/18644"}],"wp:featuredmedia":[{"embeddable":true,"href":"https:\/\/hd-multimedia.com\/sl\/wp-json\/wp\/v2\/media\/15300"}],"wp:attachment":[{"href":"https:\/\/hd-multimedia.com\/sl\/wp-json\/wp\/v2\/media?parent=18639"}],"curies":[{"name":"wp","href":"https:\/\/api.w.org\/{rel}","templated":true}]}}