{"id":18626,"date":"2025-06-30T13:28:41","date_gmt":"2025-06-30T13:28:41","guid":{"rendered":"https:\/\/hd-multimedia.com\/?post_type=product&#038;p=18626"},"modified":"2026-02-20T10:55:10","modified_gmt":"2026-02-20T10:55:10","slug":"fiio-m21","status":"publish","type":"product","link":"https:\/\/hd-multimedia.com\/sl\/trgovina\/fiio-m21\/","title":{"rendered":"FiiO M21"},"content":{"rendered":"<p>Specifikacije FiiO M21:<\/p>\n<p>RAM | 4 GB<br \/>\nNotranji pomnilnik (ROM) | 64 GB (pribli\u017eno 52 GB uporabnega)<br \/>\nRe\u017ea za pomnilni\u0161ko kartico | Ena kartica microSD, do 2 TB<\/p>\n<p>DAC | 4 \u00d7 Cirrus Logic CS43198<br \/>\nOja\u010devalniki | 2 \u00d7 OPA1692 + 2 \u00d7 SGM8262-2<br \/>\nAdaptivna impedanca | PO: 8\u2013350 \u03a9 \/ BAL: 8\u2013350 \u03a9<br \/>\nLo\u010ditev kanalov | L20, R20 (0,5 dB na nivo)<br \/>\nPosebno dekodiranje | Polno dekodiranje MQA, vse v DSD<br \/>\nIzena\u010devalnik | 10-pasovni dinami\u010dni izena\u010devalnik (\u00b112 dB), 8 prednastavitev, prilagojen izena\u010devalnik<\/p>\n<p>Povezljivost:<br \/>\nWi-Fi | 2,4 GHz\/5 GHz, DLNA, AirPlay, pretakanje glasbe prek Wi-Fi-ja, Roon Ready<br \/>\nSprejem Bluetooth (5.0) | SBC, AAC, LDAC<br \/>\nBluetooth prenos (5.0) | SBC, AAC, aptX, aptX HD, LDAC, LHDC<br \/>\nFiiO Link | Upravljanje prek Wi-Fi + Bluetooth (Android); Upravljanje prek Bluetooth (iOS)<br \/>\nNa\u010din USB DAC | Do 384 kHz\/32 bitov, DSD256<br \/>\nZvok USB | Do 768 kHz\/32 bitov, DSD512 (DoP\/D2P\/Native)<br \/>\nKoaksialni izhod | Do 384 kHz\/24 bit, DSD128 (DoP)<\/p>\n<p>Fizi\u010dni gumbi na napravi:<br \/>\nVe\u010dfunkcijsko, Glasnost, Predvajanje\/Pavza, Prej\u0161nji, Naslednji<\/p>\n<p>Vstop in izstop:<br \/>\nStandardni linijski izhod 3,5 mm<br \/>\nStandardni balansiran linijski izhod 4,4 mm<br \/>\nStandardni 3,5 mm izhod za slu\u0161alke<br \/>\nStandardni 4,4 mm izhod za balansirane slu\u0161alke<\/p>\n<p>Baterija in napajanje:<br \/>\n\u010cas polnjenja | Pribli\u017eno 1,5 ure<br \/>\n\u017divljenjska doba baterije | 15 ur (3,5 mm SE) \/ 12,5 ur (4,4 mm BAL) (test: MP3 44 kHz\/16 bit, 32 \u03a9, izklopljen zaslon, izklopljen izena\u010devalnik, visoko oja\u010danje)<br \/>\nZvo\u010dna zmogljivost:<\/p>\n<p><a href=\"https:\/\/fiio.com\/m21_parameters\" target=\"_blank\" rel=\"noopener\">Povezava za dodatne informacije o izdelku!<\/a><\/p>","protected":false},"excerpt":{"rendered":"<p>Predstavljamo vam novi prenosni predvajalnik glasbe visoke lo\u010dljivosti FiiO M21. Dvojni Cirrus Logic CS43198 DAC, Snapdragon 680, prilagojen operacijski sistem Android 13, dvojni uravnote\u017eeni in enosmerni izhodi, napredni sistem DAPS, 3 stopnje oja\u010danja, dvosmerni LDAC Bluetooth 5.0 in asinhroni USB DAC s podporo do 768 kHz\/32 bitov zagotavljajo \u010dist in mo\u010dan zvok, kamor koli greste.<\/p>\n<p>Posljednji komad iz izloga!<\/p>\n<p><a href=\"https:\/\/fiio.com\/m21\" target=\"_blank\" rel=\"noopener\">Ve\u010d o FiiO M21<\/a><\/p>","protected":false},"featured_media":18635,"template":"","meta":{"site-sidebar-layout":"default","site-content-layout":"","ast-site-content-layout":"default","site-content-style":"default","site-sidebar-style":"default","ast-global-header-display":"","ast-banner-title-visibility":"","ast-main-header-display":"","ast-hfb-above-header-display":"","ast-hfb-below-header-display":"","ast-hfb-mobile-header-display":"","site-post-title":"","ast-breadcrumbs-content":"","ast-featured-img":"","footer-sml-layout":"","theme-transparent-header-meta":"default","adv-header-id-meta":"","stick-header-meta":"default","header-above-stick-meta":"","header-main-stick-meta":"","header-below-stick-meta":"","astra-migrate-meta-layouts":"set","ast-page-background-enabled":"default","ast-page-background-meta":{"desktop":{"background-color":"","background-image":"","background-repeat":"repeat","background-position":"center center","background-size":"auto","background-attachment":"scroll","background-type":"","background-media":"","overlay-type":"","overlay-color":"","overlay-opacity":"","overlay-gradient":""},"tablet":{"background-color":"","background-image":"","background-repeat":"repeat","background-position":"center center","background-size":"auto","background-attachment":"scroll","background-type":"","background-media":"","overlay-type":"","overlay-color":"","overlay-opacity":"","overlay-gradient":""},"mobile":{"background-color":"","background-image":"","background-repeat":"repeat","background-position":"center center","background-size":"auto","background-attachment":"scroll","background-type":"","background-media":"","overlay-type":"","overlay-color":"","overlay-opacity":"","overlay-gradient":""}},"ast-content-background-meta":{"desktop":{"background-color":"var(--ast-global-color-5)","background-image":"","background-repeat":"repeat","background-position":"center center","background-size":"auto","background-attachment":"scroll","background-type":"","background-media":"","overlay-type":"","overlay-color":"","overlay-opacity":"","overlay-gradient":""},"tablet":{"background-color":"var(--ast-global-color-5)","background-image":"","background-repeat":"repeat","background-position":"center center","background-size":"auto","background-attachment":"scroll","background-type":"","background-media":"","overlay-type":"","overlay-color":"","overlay-opacity":"","overlay-gradient":""},"mobile":{"background-color":"var(--ast-global-color-5)","background-image":"","background-repeat":"repeat","background-position":"center center","background-size":"auto","background-attachment":"scroll","background-type":"","background-media":"","overlay-type":"","overlay-color":"","overlay-opacity":"","overlay-gradient":""}}},"class_list":["post-18626","product","type-product","status-publish","has-post-thumbnail","hentry","product_cat-mobilni-playeri","product_cat-fiio","desktop-align-center","tablet-align-center","mobile-align-center","ast-product-gallery-layout-horizontal","ast-magnify-disabled","ast-product-tabs-layout-horizontal"],"yoast_head":"<!-- This site is optimized with the Yoast SEO plugin v21.4 - https:\/\/yoast.com\/wordpress\/plugins\/seo\/ -->\n<title>FiiO M21 - hd-multimedia<\/title>\n<meta name=\"description\" content=\"Upoznajte novi FiiO M21 prijenosni glazbeni player visoke rezolucije koji vam pru\u017ea \u010dist i sna\u017ean zvuk gdje god da krenete.\" \/>\n<meta name=\"robots\" content=\"index, follow, max-snippet:-1, max-image-preview:large, max-video-preview:-1\" \/>\n<link rel=\"canonical\" href=\"https:\/\/hd-multimedia.com\/sl\/trgovina\/fiio-m21\/\" \/>\n<meta property=\"og:locale\" content=\"sl_SI\" \/>\n<meta property=\"og:type\" content=\"article\" \/>\n<meta property=\"og:title\" content=\"FiiO M21 - hd-multimedia\" \/>\n<meta property=\"og:description\" content=\"Upoznajte novi FiiO M21 prijenosni glazbeni player visoke rezolucije koji vam pru\u017ea \u010dist i sna\u017ean zvuk gdje god da krenete.\" \/>\n<meta property=\"og:url\" content=\"https:\/\/hd-multimedia.com\/sl\/trgovina\/fiio-m21\/\" \/>\n<meta property=\"og:site_name\" content=\"hd-multimedia\" \/>\n<meta property=\"article:modified_time\" content=\"2026-02-20T10:55:10+00:00\" \/>\n<meta property=\"og:image\" content=\"https:\/\/hd-multimedia.com\/hdm_media\/FiiO-M21-Blue-e1751371012928.jpg\" \/>\n\t<meta property=\"og:image:width\" content=\"700\" \/>\n\t<meta property=\"og:image:height\" content=\"700\" \/>\n\t<meta property=\"og:image:type\" content=\"image\/jpeg\" \/>\n<meta name=\"twitter:card\" content=\"summary_large_image\" \/>\n<meta name=\"twitter:label1\" content=\"Est. reading time\" \/>\n\t<meta name=\"twitter:data1\" content=\"2 minuti\" \/>\n<script type=\"application\/ld+json\" class=\"yoast-schema-graph\">{\"@context\":\"https:\/\/schema.org\",\"@graph\":[{\"@type\":\"WebPage\",\"@id\":\"https:\/\/hd-multimedia.com\/trgovina\/fiio-m21\/\",\"url\":\"https:\/\/hd-multimedia.com\/trgovina\/fiio-m21\/\",\"name\":\"FiiO M21 - hd-multimedia\",\"isPartOf\":{\"@id\":\"https:\/\/hd-multimedia.com\/#website\"},\"datePublished\":\"2025-06-30T13:28:41+00:00\",\"dateModified\":\"2026-02-20T10:55:10+00:00\",\"description\":\"Upoznajte novi FiiO M21 prijenosni glazbeni player visoke rezolucije koji vam pru\u017ea \u010dist i sna\u017ean zvuk gdje god da krenete.\",\"breadcrumb\":{\"@id\":\"https:\/\/hd-multimedia.com\/trgovina\/fiio-m21\/#breadcrumb\"},\"inLanguage\":\"sl-SI\",\"potentialAction\":[{\"@type\":\"ReadAction\",\"target\":[\"https:\/\/hd-multimedia.com\/trgovina\/fiio-m21\/\"]}]},{\"@type\":\"BreadcrumbList\",\"@id\":\"https:\/\/hd-multimedia.com\/trgovina\/fiio-m21\/#breadcrumb\",\"itemListElement\":[{\"@type\":\"ListItem\",\"position\":1,\"name\":\"Po\u010detna stranica\",\"item\":\"https:\/\/hd-multimedia.com\/\"},{\"@type\":\"ListItem\",\"position\":2,\"name\":\"Trgovina\",\"item\":\"https:\/\/hd-multimedia.com\/trgovina\/\"},{\"@type\":\"ListItem\",\"position\":3,\"name\":\"FiiO M21\"}]},{\"@type\":\"WebSite\",\"@id\":\"https:\/\/hd-multimedia.com\/#website\",\"url\":\"https:\/\/hd-multimedia.com\/\",\"name\":\"hd-multimedia\",\"description\":\"\",\"publisher\":{\"@id\":\"https:\/\/hd-multimedia.com\/#organization\"},\"potentialAction\":[{\"@type\":\"SearchAction\",\"target\":{\"@type\":\"EntryPoint\",\"urlTemplate\":\"https:\/\/hd-multimedia.com\/?s={search_term_string}\"},\"query-input\":\"required name=search_term_string\"}],\"inLanguage\":\"sl-SI\"},{\"@type\":\"Organization\",\"@id\":\"https:\/\/hd-multimedia.com\/#organization\",\"name\":\"hd-multimedia\",\"url\":\"https:\/\/hd-multimedia.com\/\",\"logo\":{\"@type\":\"ImageObject\",\"inLanguage\":\"sl-SI\",\"@id\":\"https:\/\/hd-multimedia.com\/#\/schema\/logo\/image\/\",\"url\":\"https:\/\/hd-multimedia.com\/hdm_media\/HD-curves-ok-196-56px-alpha-1.png\",\"contentUrl\":\"https:\/\/hd-multimedia.com\/hdm_media\/HD-curves-ok-196-56px-alpha-1.png\",\"width\":196,\"height\":53,\"caption\":\"hd-multimedia\"},\"image\":{\"@id\":\"https:\/\/hd-multimedia.com\/#\/schema\/logo\/image\/\"}}]}<\/script>\n<!-- \/ Yoast SEO plugin. -->","yoast_head_json":{"title":"FiiO M21 - hd-multimedia","description":"Upoznajte novi FiiO M21 prijenosni glazbeni player visoke rezolucije koji vam pru\u017ea \u010dist i sna\u017ean zvuk gdje god da krenete.","robots":{"index":"index","follow":"follow","max-snippet":"max-snippet:-1","max-image-preview":"max-image-preview:large","max-video-preview":"max-video-preview:-1"},"canonical":"https:\/\/hd-multimedia.com\/sl\/trgovina\/fiio-m21\/","og_locale":"sl_SI","og_type":"article","og_title":"FiiO M21 - hd-multimedia","og_description":"Upoznajte novi FiiO M21 prijenosni glazbeni player visoke rezolucije koji vam pru\u017ea \u010dist i sna\u017ean zvuk gdje god da krenete.","og_url":"https:\/\/hd-multimedia.com\/sl\/trgovina\/fiio-m21\/","og_site_name":"hd-multimedia","article_modified_time":"2026-02-20T10:55:10+00:00","og_image":[{"width":700,"height":700,"url":"https:\/\/hd-multimedia.com\/hdm_media\/FiiO-M21-Blue-e1751371012928.jpg","type":"image\/jpeg"}],"twitter_card":"summary_large_image","twitter_misc":{"Est. reading time":"2 minuti"},"schema":{"@context":"https:\/\/schema.org","@graph":[{"@type":"WebPage","@id":"https:\/\/hd-multimedia.com\/trgovina\/fiio-m21\/","url":"https:\/\/hd-multimedia.com\/trgovina\/fiio-m21\/","name":"FiiO M21 - hd-multimedia","isPartOf":{"@id":"https:\/\/hd-multimedia.com\/#website"},"datePublished":"2025-06-30T13:28:41+00:00","dateModified":"2026-02-20T10:55:10+00:00","description":"Upoznajte novi FiiO M21 prijenosni glazbeni player visoke rezolucije koji vam pru\u017ea \u010dist i sna\u017ean zvuk gdje god da krenete.","breadcrumb":{"@id":"https:\/\/hd-multimedia.com\/trgovina\/fiio-m21\/#breadcrumb"},"inLanguage":"sl-SI","potentialAction":[{"@type":"ReadAction","target":["https:\/\/hd-multimedia.com\/trgovina\/fiio-m21\/"]}]},{"@type":"BreadcrumbList","@id":"https:\/\/hd-multimedia.com\/trgovina\/fiio-m21\/#breadcrumb","itemListElement":[{"@type":"ListItem","position":1,"name":"Po\u010detna stranica","item":"https:\/\/hd-multimedia.com\/"},{"@type":"ListItem","position":2,"name":"Trgovina","item":"https:\/\/hd-multimedia.com\/trgovina\/"},{"@type":"ListItem","position":3,"name":"FiiO M21"}]},{"@type":"WebSite","@id":"https:\/\/hd-multimedia.com\/#website","url":"https:\/\/hd-multimedia.com\/","name":"hd-multimedia","description":"","publisher":{"@id":"https:\/\/hd-multimedia.com\/#organization"},"potentialAction":[{"@type":"SearchAction","target":{"@type":"EntryPoint","urlTemplate":"https:\/\/hd-multimedia.com\/?s={search_term_string}"},"query-input":"required name=search_term_string"}],"inLanguage":"sl-SI"},{"@type":"Organization","@id":"https:\/\/hd-multimedia.com\/#organization","name":"hd-multimedia","url":"https:\/\/hd-multimedia.com\/","logo":{"@type":"ImageObject","inLanguage":"sl-SI","@id":"https:\/\/hd-multimedia.com\/#\/schema\/logo\/image\/","url":"https:\/\/hd-multimedia.com\/hdm_media\/HD-curves-ok-196-56px-alpha-1.png","contentUrl":"https:\/\/hd-multimedia.com\/hdm_media\/HD-curves-ok-196-56px-alpha-1.png","width":196,"height":53,"caption":"hd-multimedia"},"image":{"@id":"https:\/\/hd-multimedia.com\/#\/schema\/logo\/image\/"}}]}},"post_mailing_queue_ids":[],"_links":{"self":[{"href":"https:\/\/hd-multimedia.com\/sl\/wp-json\/wp\/v2\/product\/18626","targetHints":{"allow":["GET"]}}],"collection":[{"href":"https:\/\/hd-multimedia.com\/sl\/wp-json\/wp\/v2\/product"}],"about":[{"href":"https:\/\/hd-multimedia.com\/sl\/wp-json\/wp\/v2\/types\/product"}],"version-history":[{"count":4,"href":"https:\/\/hd-multimedia.com\/sl\/wp-json\/wp\/v2\/product\/18626\/revisions"}],"predecessor-version":[{"id":18964,"href":"https:\/\/hd-multimedia.com\/sl\/wp-json\/wp\/v2\/product\/18626\/revisions\/18964"}],"wp:featuredmedia":[{"embeddable":true,"href":"https:\/\/hd-multimedia.com\/sl\/wp-json\/wp\/v2\/media\/18635"}],"wp:attachment":[{"href":"https:\/\/hd-multimedia.com\/sl\/wp-json\/wp\/v2\/media?parent=18626"}],"curies":[{"name":"wp","href":"https:\/\/api.w.org\/{rel}","templated":true}]}}