{"id":186,"date":"2019-08-21T09:47:48","date_gmt":"2019-08-21T09:47:48","guid":{"rendered":"https:\/\/hd-multimedia.com\/?product=fiio-fb1-w"},"modified":"2026-04-01T09:10:41","modified_gmt":"2026-04-01T09:10:41","slug":"fiio-fb1-w","status":"publish","type":"product","link":"https:\/\/hd-multimedia.com\/sl\/trgovina\/fiio-fb1-w\/","title":{"rendered":"FiiO FB1"},"content":{"rendered":"<p>Kaj pa, \u010de vas med poslu\u0161anjem glasbe pokli\u010dejo? Ni problema \u2013 samo s pritiskom na gumb lahko v sekundi preklopite z glasbe na glasovne klice. V FB1 vgrajen mikrofon visoke lo\u010dljivosti zagotavlja, da bo oseba na drugi strani ujela vsako va\u0161o besedo.<\/p>\n<ul>\n<li>Podprti zvo\u010dni formati: aptX, SBC in AAC<\/li>\n<li>Bluetooth \u010dip: CSR8645<\/li>\n<li>Razli\u010dica Bluetooth: 4.1<\/li>\n<li>Oddajna razdalja: Pribli\u017eno 20 metrov (na odprtem obmo\u010dju s povezavo s telefonom)<\/li>\n<li>Kapaciteta baterije: 110mAh<\/li>\n<li>\u017divljenjska doba baterije: pribli\u017eno 8 ur<\/li>\n<li>\u010cas polnjenja: \u22642 uri<\/li>\n<li>Vrata za polnjenje: Micro USB<\/li>\n<li>Te\u017ea: pribli\u017eno 20g<\/li>\n<\/ul>\n<p><a href=\"https:\/\/www.fiio.com\/fb1\" target=\"_blank\" rel=\"noopener\">Ostale informacije najdete na tej povezavi.<\/a><\/p>","protected":false},"excerpt":{"rendered":"<p>Slu\u0161alke FiiO FB1 Bluetooth 4.1 z mikrofonom in podporo za aptX\/AAC\/SBC. FB1 uporablja \u010dip Qualcomm CSR8645 Bluetooth 4.1, ki podpira zvo\u010dne kodeke SBC, AAC in aptX, da zagotovi, da boste iz svoje glasbe kar najbolje izkoristili. FiiO FB1 ima u\u0161esne kavelj\u010dke, tako da se tesno in udobno prilegajo va\u0161im u\u0161esom. Prilo\u017eeni so jim 3 pari u\u0161esnih nastavkov (majhni, srednji in veliki) v razli\u010dnih velikostih za prilagajanje po meri in vre\u010dka za shranjevanje. Te slu\u0161alke so enostavne in udobne za no\u0161enje, saj tehtajo le 20 gramov.<\/p>\n<p><a href=\"https:\/\/www.fiio.com\/fb1\" target=\"_blank\" rel=\"noopener\">Povezava za dodatne informacije o specifikacijah!<\/a><\/p>","protected":false},"featured_media":1088,"template":"","meta":{"site-sidebar-layout":"default","site-content-layout":"default","ast-site-content-layout":"default","site-content-style":"default","site-sidebar-style":"default","ast-global-header-display":"","ast-banner-title-visibility":"","ast-main-header-display":"","ast-hfb-above-header-display":"","ast-hfb-below-header-display":"","ast-hfb-mobile-header-display":"","site-post-title":"","ast-breadcrumbs-content":"","ast-featured-img":"","footer-sml-layout":"","theme-transparent-header-meta":"default","adv-header-id-meta":"","stick-header-meta":"default","header-above-stick-meta":"","header-main-stick-meta":"","header-below-stick-meta":"","astra-migrate-meta-layouts":"set","ast-page-background-enabled":"default","ast-page-background-meta":{"desktop":{"background-color":"","background-image":"","background-repeat":"repeat","background-position":"center center","background-size":"auto","background-attachment":"scroll","background-type":"","background-media":"","overlay-type":"","overlay-color":"","overlay-opacity":"","overlay-gradient":""},"tablet":{"background-color":"","background-image":"","background-repeat":"repeat","background-position":"center center","background-size":"auto","background-attachment":"scroll","background-type":"","background-media":"","overlay-type":"","overlay-color":"","overlay-opacity":"","overlay-gradient":""},"mobile":{"background-color":"","background-image":"","background-repeat":"repeat","background-position":"center center","background-size":"auto","background-attachment":"scroll","background-type":"","background-media":"","overlay-type":"","overlay-color":"","overlay-opacity":"","overlay-gradient":""}},"ast-content-background-meta":{"desktop":{"background-color":"var(--ast-global-color-5)","background-image":"","background-repeat":"repeat","background-position":"center center","background-size":"auto","background-attachment":"scroll","background-type":"","background-media":"","overlay-type":"","overlay-color":"","overlay-opacity":"","overlay-gradient":""},"tablet":{"background-color":"var(--ast-global-color-5)","background-image":"","background-repeat":"repeat","background-position":"center center","background-size":"auto","background-attachment":"scroll","background-type":"","background-media":"","overlay-type":"","overlay-color":"","overlay-opacity":"","overlay-gradient":""},"mobile":{"background-color":"var(--ast-global-color-5)","background-image":"","background-repeat":"repeat","background-position":"center center","background-size":"auto","background-attachment":"scroll","background-type":"","background-media":"","overlay-type":"","overlay-color":"","overlay-opacity":"","overlay-gradient":""}}},"class_list":["post-186","product","type-product","status-publish","has-post-thumbnail","hentry","product_cat-usne-slusalice-iem","product_cat-bluetooth-slusalice","product_cat-fiio","product_tag-bluetooth-iem","desktop-align-center","tablet-align-center","mobile-align-center","ast-product-gallery-layout-horizontal","ast-magnify-disabled","ast-product-tabs-layout-horizontal"],"yoast_head":"<!-- This site is optimized with the Yoast SEO plugin v21.4 - https:\/\/yoast.com\/wordpress\/plugins\/seo\/ -->\n<title>FiiO FB1 - hd-multimedia<\/title>\n<meta name=\"description\" content=\"FiiO FB1 Bluetooth 4.1 slu\u0161alice s mikrofonom. FB1 koristi Qualcomm CSR8645 Bluetooth 4.1 \u010dip, koji podr\u017eava SBC, AAC i aptX audio kodeke.\" \/>\n<meta name=\"robots\" content=\"index, follow, max-snippet:-1, max-image-preview:large, max-video-preview:-1\" \/>\n<link rel=\"canonical\" href=\"https:\/\/hd-multimedia.com\/sl\/trgovina\/fiio-fb1-w\/\" \/>\n<meta property=\"og:locale\" content=\"sl_SI\" \/>\n<meta property=\"og:type\" content=\"article\" \/>\n<meta property=\"og:title\" content=\"FiiO FB1 - hd-multimedia\" \/>\n<meta property=\"og:description\" content=\"FiiO FB1 Bluetooth 4.1 slu\u0161alice s mikrofonom. FB1 koristi Qualcomm CSR8645 Bluetooth 4.1 \u010dip, koji podr\u017eava SBC, AAC i aptX audio kodeke.\" \/>\n<meta property=\"og:url\" content=\"https:\/\/hd-multimedia.com\/sl\/trgovina\/fiio-fb1-w\/\" \/>\n<meta property=\"og:site_name\" content=\"hd-multimedia\" \/>\n<meta property=\"article:modified_time\" content=\"2026-04-01T09:10:41+00:00\" \/>\n<meta property=\"og:image\" content=\"https:\/\/hd-multimedia.com\/hdm_media\/FB1-1-e1567687077976.jpg\" \/>\n\t<meta property=\"og:image:width\" content=\"678\" \/>\n\t<meta property=\"og:image:height\" content=\"678\" \/>\n\t<meta property=\"og:image:type\" content=\"image\/jpeg\" \/>\n<meta name=\"twitter:card\" content=\"summary_large_image\" \/>\n<meta name=\"twitter:label1\" content=\"Est. reading time\" \/>\n\t<meta name=\"twitter:data1\" content=\"1 minuta\" \/>\n<script type=\"application\/ld+json\" class=\"yoast-schema-graph\">{\"@context\":\"https:\/\/schema.org\",\"@graph\":[{\"@type\":\"WebPage\",\"@id\":\"https:\/\/hd-multimedia.com\/trgovina\/fiio-fb1-w\/\",\"url\":\"https:\/\/hd-multimedia.com\/trgovina\/fiio-fb1-w\/\",\"name\":\"FiiO FB1 - hd-multimedia\",\"isPartOf\":{\"@id\":\"https:\/\/hd-multimedia.com\/#website\"},\"datePublished\":\"2019-08-21T09:47:48+00:00\",\"dateModified\":\"2026-04-01T09:10:41+00:00\",\"description\":\"FiiO FB1 Bluetooth 4.1 slu\u0161alice s mikrofonom. FB1 koristi Qualcomm CSR8645 Bluetooth 4.1 \u010dip, koji podr\u017eava SBC, AAC i aptX audio kodeke.\",\"breadcrumb\":{\"@id\":\"https:\/\/hd-multimedia.com\/trgovina\/fiio-fb1-w\/#breadcrumb\"},\"inLanguage\":\"sl-SI\",\"potentialAction\":[{\"@type\":\"ReadAction\",\"target\":[\"https:\/\/hd-multimedia.com\/trgovina\/fiio-fb1-w\/\"]}]},{\"@type\":\"BreadcrumbList\",\"@id\":\"https:\/\/hd-multimedia.com\/trgovina\/fiio-fb1-w\/#breadcrumb\",\"itemListElement\":[{\"@type\":\"ListItem\",\"position\":1,\"name\":\"Po\u010detna stranica\",\"item\":\"https:\/\/hd-multimedia.com\/\"},{\"@type\":\"ListItem\",\"position\":2,\"name\":\"Trgovina\",\"item\":\"https:\/\/hd-multimedia.com\/trgovina\/\"},{\"@type\":\"ListItem\",\"position\":3,\"name\":\"FiiO FB1\"}]},{\"@type\":\"WebSite\",\"@id\":\"https:\/\/hd-multimedia.com\/#website\",\"url\":\"https:\/\/hd-multimedia.com\/\",\"name\":\"hd-multimedia\",\"description\":\"\",\"publisher\":{\"@id\":\"https:\/\/hd-multimedia.com\/#organization\"},\"potentialAction\":[{\"@type\":\"SearchAction\",\"target\":{\"@type\":\"EntryPoint\",\"urlTemplate\":\"https:\/\/hd-multimedia.com\/?s={search_term_string}\"},\"query-input\":\"required name=search_term_string\"}],\"inLanguage\":\"sl-SI\"},{\"@type\":\"Organization\",\"@id\":\"https:\/\/hd-multimedia.com\/#organization\",\"name\":\"hd-multimedia\",\"url\":\"https:\/\/hd-multimedia.com\/\",\"logo\":{\"@type\":\"ImageObject\",\"inLanguage\":\"sl-SI\",\"@id\":\"https:\/\/hd-multimedia.com\/#\/schema\/logo\/image\/\",\"url\":\"https:\/\/hd-multimedia.com\/hdm_media\/HD-curves-ok-196-56px-alpha-1.png\",\"contentUrl\":\"https:\/\/hd-multimedia.com\/hdm_media\/HD-curves-ok-196-56px-alpha-1.png\",\"width\":196,\"height\":53,\"caption\":\"hd-multimedia\"},\"image\":{\"@id\":\"https:\/\/hd-multimedia.com\/#\/schema\/logo\/image\/\"}}]}<\/script>\n<!-- \/ Yoast SEO plugin. -->","yoast_head_json":{"title":"FiiO FB1 - hd-multimedia","description":"FiiO FB1 Bluetooth 4.1 slu\u0161alice s mikrofonom. FB1 koristi Qualcomm CSR8645 Bluetooth 4.1 \u010dip, koji podr\u017eava SBC, AAC i aptX audio kodeke.","robots":{"index":"index","follow":"follow","max-snippet":"max-snippet:-1","max-image-preview":"max-image-preview:large","max-video-preview":"max-video-preview:-1"},"canonical":"https:\/\/hd-multimedia.com\/sl\/trgovina\/fiio-fb1-w\/","og_locale":"sl_SI","og_type":"article","og_title":"FiiO FB1 - hd-multimedia","og_description":"FiiO FB1 Bluetooth 4.1 slu\u0161alice s mikrofonom. FB1 koristi Qualcomm CSR8645 Bluetooth 4.1 \u010dip, koji podr\u017eava SBC, AAC i aptX audio kodeke.","og_url":"https:\/\/hd-multimedia.com\/sl\/trgovina\/fiio-fb1-w\/","og_site_name":"hd-multimedia","article_modified_time":"2026-04-01T09:10:41+00:00","og_image":[{"width":678,"height":678,"url":"https:\/\/hd-multimedia.com\/hdm_media\/FB1-1-e1567687077976.jpg","type":"image\/jpeg"}],"twitter_card":"summary_large_image","twitter_misc":{"Est. reading time":"1 minuta"},"schema":{"@context":"https:\/\/schema.org","@graph":[{"@type":"WebPage","@id":"https:\/\/hd-multimedia.com\/trgovina\/fiio-fb1-w\/","url":"https:\/\/hd-multimedia.com\/trgovina\/fiio-fb1-w\/","name":"FiiO FB1 - hd-multimedia","isPartOf":{"@id":"https:\/\/hd-multimedia.com\/#website"},"datePublished":"2019-08-21T09:47:48+00:00","dateModified":"2026-04-01T09:10:41+00:00","description":"FiiO FB1 Bluetooth 4.1 slu\u0161alice s mikrofonom. FB1 koristi Qualcomm CSR8645 Bluetooth 4.1 \u010dip, koji podr\u017eava SBC, AAC i aptX audio kodeke.","breadcrumb":{"@id":"https:\/\/hd-multimedia.com\/trgovina\/fiio-fb1-w\/#breadcrumb"},"inLanguage":"sl-SI","potentialAction":[{"@type":"ReadAction","target":["https:\/\/hd-multimedia.com\/trgovina\/fiio-fb1-w\/"]}]},{"@type":"BreadcrumbList","@id":"https:\/\/hd-multimedia.com\/trgovina\/fiio-fb1-w\/#breadcrumb","itemListElement":[{"@type":"ListItem","position":1,"name":"Po\u010detna stranica","item":"https:\/\/hd-multimedia.com\/"},{"@type":"ListItem","position":2,"name":"Trgovina","item":"https:\/\/hd-multimedia.com\/trgovina\/"},{"@type":"ListItem","position":3,"name":"FiiO FB1"}]},{"@type":"WebSite","@id":"https:\/\/hd-multimedia.com\/#website","url":"https:\/\/hd-multimedia.com\/","name":"hd-multimedia","description":"","publisher":{"@id":"https:\/\/hd-multimedia.com\/#organization"},"potentialAction":[{"@type":"SearchAction","target":{"@type":"EntryPoint","urlTemplate":"https:\/\/hd-multimedia.com\/?s={search_term_string}"},"query-input":"required name=search_term_string"}],"inLanguage":"sl-SI"},{"@type":"Organization","@id":"https:\/\/hd-multimedia.com\/#organization","name":"hd-multimedia","url":"https:\/\/hd-multimedia.com\/","logo":{"@type":"ImageObject","inLanguage":"sl-SI","@id":"https:\/\/hd-multimedia.com\/#\/schema\/logo\/image\/","url":"https:\/\/hd-multimedia.com\/hdm_media\/HD-curves-ok-196-56px-alpha-1.png","contentUrl":"https:\/\/hd-multimedia.com\/hdm_media\/HD-curves-ok-196-56px-alpha-1.png","width":196,"height":53,"caption":"hd-multimedia"},"image":{"@id":"https:\/\/hd-multimedia.com\/#\/schema\/logo\/image\/"}}]}},"post_mailing_queue_ids":[],"_links":{"self":[{"href":"https:\/\/hd-multimedia.com\/sl\/wp-json\/wp\/v2\/product\/186","targetHints":{"allow":["GET"]}}],"collection":[{"href":"https:\/\/hd-multimedia.com\/sl\/wp-json\/wp\/v2\/product"}],"about":[{"href":"https:\/\/hd-multimedia.com\/sl\/wp-json\/wp\/v2\/types\/product"}],"version-history":[{"count":5,"href":"https:\/\/hd-multimedia.com\/sl\/wp-json\/wp\/v2\/product\/186\/revisions"}],"predecessor-version":[{"id":14299,"href":"https:\/\/hd-multimedia.com\/sl\/wp-json\/wp\/v2\/product\/186\/revisions\/14299"}],"wp:featuredmedia":[{"embeddable":true,"href":"https:\/\/hd-multimedia.com\/sl\/wp-json\/wp\/v2\/media\/1088"}],"wp:attachment":[{"href":"https:\/\/hd-multimedia.com\/sl\/wp-json\/wp\/v2\/media?parent=186"}],"curies":[{"name":"wp","href":"https:\/\/api.w.org\/{rel}","templated":true}]}}