{"id":18480,"date":"2025-05-07T09:20:26","date_gmt":"2025-05-07T09:20:26","guid":{"rendered":"https:\/\/hd-multimedia.com\/?post_type=product&#038;p=18480"},"modified":"2026-02-20T11:08:31","modified_gmt":"2026-02-20T11:08:31","slug":"fiio-rr11","status":"publish","type":"product","link":"https:\/\/hd-multimedia.com\/sl\/trgovina\/fiio-rr11\/","title":{"rendered":"FiiO RR11"},"content":{"rendered":"<p>\u0160katla vsebuje radio FiiO RR11, bel polnilni kabel USB, \u010drn kabel USB-C z digitalno-digitalnim pretvornikom za uporabo oja\u010devalnika z digitalnim virom glasbe in komplet slu\u0161alk s tremi pari nastavkov.<\/p>\n<p>Frekven\u010dna modulacija (FM) \u2013 FM1: 87~108MHz (standardna frekvenca), FM2: 76~90MHz (japonski frekven\u010dni pas), FM3: 64~87MHz (\u0161olski frekven\u010dni pas)<br \/>\nFM radijski \u010dip \u2013 Silicon Labs Si4831<br \/>\nIndikatorji \u2013 stereo indikator, indikator frekvence, indikator radia, indikator napolnjenosti baterije<br \/>\nVrata USB - USB tipa C<br \/>\nPriklju\u010dek za slu\u0161alke \u2013 3,5 mm priklju\u010dek<br \/>\nBaterija \u2013 300 mAh za 8 ur delovanja<br \/>\n\u010cas polnjenja \u2013 2 uri na 5V polnilniku (ne uporabljajte hitrih polnilnikov)<\/p>\n<p><a href=\"https:\/\/www.fiio.com\/RR11_parameters\" target=\"_blank\" rel=\"noopener\">Podrobne specifikacije za FiiO RR11<\/a><\/p>","protected":false},"excerpt":{"rendered":"<p>FiiO RR11 je eleganten digitalni radio z analognim gumbom. Slu\u017ei tudi kot oja\u010devalnik za slu\u0161alke. Prilo\u017eene so slu\u0161alke s 3,5 mm vti\u010dnico in tremi pari nastavkov. FiiO RR11 ima vgrajen FM radijski \u010dip Silicon Labs Si4831. Sprejema digitalni radijski signal in ga pretvori v analognega. Mehanski izbirnik postaj posnema ugla\u0161evanje analognega PVR-ja (fazni napetostni regulator), kot babi\u010din kuhinjski radio. Radijski \u010dip obvladuje celotno verigo obdelave, od vhoda antene do dekodiranja in avdio izhoda, ter zagotavlja robusten sprejem. FiiO RR11 ima vgrajeno anteno, vendar kot tak uporablja tudi kabel za slu\u0161alke. 3 FM pasovi omogo\u010dajo izjemno \u0161iroko pokritost FM in s tem sprejem po vsem svetu.<\/p>\n<p><a href=\"https:\/\/www.fiio.com\/RR11\" target=\"_blank\" rel=\"noopener\">Ve\u010d o FiiO RR11<\/a><\/p>","protected":false},"featured_media":19342,"template":"","meta":{"site-sidebar-layout":"default","site-content-layout":"","ast-site-content-layout":"default","site-content-style":"default","site-sidebar-style":"default","ast-global-header-display":"","ast-banner-title-visibility":"","ast-main-header-display":"","ast-hfb-above-header-display":"","ast-hfb-below-header-display":"","ast-hfb-mobile-header-display":"","site-post-title":"","ast-breadcrumbs-content":"","ast-featured-img":"","footer-sml-layout":"","theme-transparent-header-meta":"default","adv-header-id-meta":"","stick-header-meta":"default","header-above-stick-meta":"","header-main-stick-meta":"","header-below-stick-meta":"","astra-migrate-meta-layouts":"set","ast-page-background-enabled":"default","ast-page-background-meta":{"desktop":{"background-color":"","background-image":"","background-repeat":"repeat","background-position":"center center","background-size":"auto","background-attachment":"scroll","background-type":"","background-media":"","overlay-type":"","overlay-color":"","overlay-opacity":"","overlay-gradient":""},"tablet":{"background-color":"","background-image":"","background-repeat":"repeat","background-position":"center center","background-size":"auto","background-attachment":"scroll","background-type":"","background-media":"","overlay-type":"","overlay-color":"","overlay-opacity":"","overlay-gradient":""},"mobile":{"background-color":"","background-image":"","background-repeat":"repeat","background-position":"center center","background-size":"auto","background-attachment":"scroll","background-type":"","background-media":"","overlay-type":"","overlay-color":"","overlay-opacity":"","overlay-gradient":""}},"ast-content-background-meta":{"desktop":{"background-color":"var(--ast-global-color-5)","background-image":"","background-repeat":"repeat","background-position":"center center","background-size":"auto","background-attachment":"scroll","background-type":"","background-media":"","overlay-type":"","overlay-color":"","overlay-opacity":"","overlay-gradient":""},"tablet":{"background-color":"var(--ast-global-color-5)","background-image":"","background-repeat":"repeat","background-position":"center center","background-size":"auto","background-attachment":"scroll","background-type":"","background-media":"","overlay-type":"","overlay-color":"","overlay-opacity":"","overlay-gradient":""},"mobile":{"background-color":"var(--ast-global-color-5)","background-image":"","background-repeat":"repeat","background-position":"center center","background-size":"auto","background-attachment":"scroll","background-type":"","background-media":"","overlay-type":"","overlay-color":"","overlay-opacity":"","overlay-gradient":""}}},"class_list":["post-18480","product","type-product","status-publish","has-post-thumbnail","hentry","product_cat-mobilni-playeri","product_cat-fiio","product_tag-novo-u-ponudi-fiio","product_tag-novo-u-ponudi","desktop-align-center","tablet-align-center","mobile-align-center","ast-product-gallery-layout-horizontal","ast-magnify-disabled","ast-product-single-variable","ast-product-tabs-layout-horizontal"],"yoast_head":"<!-- This site is optimized with the Yoast SEO plugin v21.4 - https:\/\/yoast.com\/wordpress\/plugins\/seo\/ -->\n<title>FiiO RR11 - hd-multimedia<\/title>\n<meta name=\"description\" content=\"FiiO RR11 je elegantan digitalni radio s analognim kota\u010di\u0107em koji pokriva tri FM pojasa za prijem diljem svijeta. Uz njega dolaze slu\u0161alice.\" \/>\n<meta name=\"robots\" content=\"index, follow, max-snippet:-1, max-image-preview:large, max-video-preview:-1\" \/>\n<link rel=\"canonical\" href=\"https:\/\/hd-multimedia.com\/sl\/trgovina\/fiio-rr11\/\" \/>\n<meta property=\"og:locale\" content=\"sl_SI\" \/>\n<meta property=\"og:type\" content=\"article\" \/>\n<meta property=\"og:title\" content=\"FiiO RR11 - hd-multimedia\" \/>\n<meta property=\"og:description\" content=\"FiiO RR11 je elegantan digitalni radio s analognim kota\u010di\u0107em koji pokriva tri FM pojasa za prijem diljem svijeta. Uz njega dolaze slu\u0161alice.\" \/>\n<meta property=\"og:url\" content=\"https:\/\/hd-multimedia.com\/sl\/trgovina\/fiio-rr11\/\" \/>\n<meta property=\"og:site_name\" content=\"hd-multimedia\" \/>\n<meta property=\"article:modified_time\" content=\"2026-02-20T11:08:31+00:00\" \/>\n<meta property=\"og:image\" content=\"https:\/\/hd-multimedia.com\/hdm_media\/FiiO-RR11-Black-e1770904722553.jpg\" \/>\n\t<meta property=\"og:image:width\" content=\"700\" \/>\n\t<meta property=\"og:image:height\" content=\"700\" \/>\n\t<meta property=\"og:image:type\" content=\"image\/jpeg\" \/>\n<meta name=\"twitter:card\" content=\"summary_large_image\" \/>\n<meta name=\"twitter:label1\" content=\"Est. reading time\" \/>\n\t<meta name=\"twitter:data1\" content=\"1 minuta\" \/>\n<script type=\"application\/ld+json\" class=\"yoast-schema-graph\">{\"@context\":\"https:\/\/schema.org\",\"@graph\":[{\"@type\":\"WebPage\",\"@id\":\"https:\/\/hd-multimedia.com\/trgovina\/fiio-rr11\/\",\"url\":\"https:\/\/hd-multimedia.com\/trgovina\/fiio-rr11\/\",\"name\":\"FiiO RR11 - hd-multimedia\",\"isPartOf\":{\"@id\":\"https:\/\/hd-multimedia.com\/#website\"},\"datePublished\":\"2025-05-07T09:20:26+00:00\",\"dateModified\":\"2026-02-20T11:08:31+00:00\",\"description\":\"FiiO RR11 je elegantan digitalni radio s analognim kota\u010di\u0107em koji pokriva tri FM pojasa za prijem diljem svijeta. Uz njega dolaze slu\u0161alice.\",\"breadcrumb\":{\"@id\":\"https:\/\/hd-multimedia.com\/trgovina\/fiio-rr11\/#breadcrumb\"},\"inLanguage\":\"sl-SI\",\"potentialAction\":[{\"@type\":\"ReadAction\",\"target\":[\"https:\/\/hd-multimedia.com\/trgovina\/fiio-rr11\/\"]}]},{\"@type\":\"BreadcrumbList\",\"@id\":\"https:\/\/hd-multimedia.com\/trgovina\/fiio-rr11\/#breadcrumb\",\"itemListElement\":[{\"@type\":\"ListItem\",\"position\":1,\"name\":\"Po\u010detna stranica\",\"item\":\"https:\/\/hd-multimedia.com\/\"},{\"@type\":\"ListItem\",\"position\":2,\"name\":\"Trgovina\",\"item\":\"https:\/\/hd-multimedia.com\/trgovina\/\"},{\"@type\":\"ListItem\",\"position\":3,\"name\":\"FiiO RR11\"}]},{\"@type\":\"WebSite\",\"@id\":\"https:\/\/hd-multimedia.com\/#website\",\"url\":\"https:\/\/hd-multimedia.com\/\",\"name\":\"hd-multimedia\",\"description\":\"\",\"publisher\":{\"@id\":\"https:\/\/hd-multimedia.com\/#organization\"},\"potentialAction\":[{\"@type\":\"SearchAction\",\"target\":{\"@type\":\"EntryPoint\",\"urlTemplate\":\"https:\/\/hd-multimedia.com\/?s={search_term_string}\"},\"query-input\":\"required name=search_term_string\"}],\"inLanguage\":\"sl-SI\"},{\"@type\":\"Organization\",\"@id\":\"https:\/\/hd-multimedia.com\/#organization\",\"name\":\"hd-multimedia\",\"url\":\"https:\/\/hd-multimedia.com\/\",\"logo\":{\"@type\":\"ImageObject\",\"inLanguage\":\"sl-SI\",\"@id\":\"https:\/\/hd-multimedia.com\/#\/schema\/logo\/image\/\",\"url\":\"https:\/\/hd-multimedia.com\/hdm_media\/HD-curves-ok-196-56px-alpha-1.png\",\"contentUrl\":\"https:\/\/hd-multimedia.com\/hdm_media\/HD-curves-ok-196-56px-alpha-1.png\",\"width\":196,\"height\":53,\"caption\":\"hd-multimedia\"},\"image\":{\"@id\":\"https:\/\/hd-multimedia.com\/#\/schema\/logo\/image\/\"}}]}<\/script>\n<!-- \/ Yoast SEO plugin. -->","yoast_head_json":{"title":"FiiO RR11 - hd-multimedia","description":"FiiO RR11 je elegantan digitalni radio s analognim kota\u010di\u0107em koji pokriva tri FM pojasa za prijem diljem svijeta. Uz njega dolaze slu\u0161alice.","robots":{"index":"index","follow":"follow","max-snippet":"max-snippet:-1","max-image-preview":"max-image-preview:large","max-video-preview":"max-video-preview:-1"},"canonical":"https:\/\/hd-multimedia.com\/sl\/trgovina\/fiio-rr11\/","og_locale":"sl_SI","og_type":"article","og_title":"FiiO RR11 - hd-multimedia","og_description":"FiiO RR11 je elegantan digitalni radio s analognim kota\u010di\u0107em koji pokriva tri FM pojasa za prijem diljem svijeta. Uz njega dolaze slu\u0161alice.","og_url":"https:\/\/hd-multimedia.com\/sl\/trgovina\/fiio-rr11\/","og_site_name":"hd-multimedia","article_modified_time":"2026-02-20T11:08:31+00:00","og_image":[{"width":700,"height":700,"url":"https:\/\/hd-multimedia.com\/hdm_media\/FiiO-RR11-Black-e1770904722553.jpg","type":"image\/jpeg"}],"twitter_card":"summary_large_image","twitter_misc":{"Est. reading time":"1 minuta"},"schema":{"@context":"https:\/\/schema.org","@graph":[{"@type":"WebPage","@id":"https:\/\/hd-multimedia.com\/trgovina\/fiio-rr11\/","url":"https:\/\/hd-multimedia.com\/trgovina\/fiio-rr11\/","name":"FiiO RR11 - hd-multimedia","isPartOf":{"@id":"https:\/\/hd-multimedia.com\/#website"},"datePublished":"2025-05-07T09:20:26+00:00","dateModified":"2026-02-20T11:08:31+00:00","description":"FiiO RR11 je elegantan digitalni radio s analognim kota\u010di\u0107em koji pokriva tri FM pojasa za prijem diljem svijeta. Uz njega dolaze slu\u0161alice.","breadcrumb":{"@id":"https:\/\/hd-multimedia.com\/trgovina\/fiio-rr11\/#breadcrumb"},"inLanguage":"sl-SI","potentialAction":[{"@type":"ReadAction","target":["https:\/\/hd-multimedia.com\/trgovina\/fiio-rr11\/"]}]},{"@type":"BreadcrumbList","@id":"https:\/\/hd-multimedia.com\/trgovina\/fiio-rr11\/#breadcrumb","itemListElement":[{"@type":"ListItem","position":1,"name":"Po\u010detna stranica","item":"https:\/\/hd-multimedia.com\/"},{"@type":"ListItem","position":2,"name":"Trgovina","item":"https:\/\/hd-multimedia.com\/trgovina\/"},{"@type":"ListItem","position":3,"name":"FiiO RR11"}]},{"@type":"WebSite","@id":"https:\/\/hd-multimedia.com\/#website","url":"https:\/\/hd-multimedia.com\/","name":"hd-multimedia","description":"","publisher":{"@id":"https:\/\/hd-multimedia.com\/#organization"},"potentialAction":[{"@type":"SearchAction","target":{"@type":"EntryPoint","urlTemplate":"https:\/\/hd-multimedia.com\/?s={search_term_string}"},"query-input":"required name=search_term_string"}],"inLanguage":"sl-SI"},{"@type":"Organization","@id":"https:\/\/hd-multimedia.com\/#organization","name":"hd-multimedia","url":"https:\/\/hd-multimedia.com\/","logo":{"@type":"ImageObject","inLanguage":"sl-SI","@id":"https:\/\/hd-multimedia.com\/#\/schema\/logo\/image\/","url":"https:\/\/hd-multimedia.com\/hdm_media\/HD-curves-ok-196-56px-alpha-1.png","contentUrl":"https:\/\/hd-multimedia.com\/hdm_media\/HD-curves-ok-196-56px-alpha-1.png","width":196,"height":53,"caption":"hd-multimedia"},"image":{"@id":"https:\/\/hd-multimedia.com\/#\/schema\/logo\/image\/"}}]}},"post_mailing_queue_ids":[],"_links":{"self":[{"href":"https:\/\/hd-multimedia.com\/sl\/wp-json\/wp\/v2\/product\/18480","targetHints":{"allow":["GET"]}}],"collection":[{"href":"https:\/\/hd-multimedia.com\/sl\/wp-json\/wp\/v2\/product"}],"about":[{"href":"https:\/\/hd-multimedia.com\/sl\/wp-json\/wp\/v2\/types\/product"}],"version-history":[{"count":3,"href":"https:\/\/hd-multimedia.com\/sl\/wp-json\/wp\/v2\/product\/18480\/revisions"}],"predecessor-version":[{"id":18488,"href":"https:\/\/hd-multimedia.com\/sl\/wp-json\/wp\/v2\/product\/18480\/revisions\/18488"}],"wp:featuredmedia":[{"embeddable":true,"href":"https:\/\/hd-multimedia.com\/sl\/wp-json\/wp\/v2\/media\/19342"}],"wp:attachment":[{"href":"https:\/\/hd-multimedia.com\/sl\/wp-json\/wp\/v2\/media?parent=18480"}],"curies":[{"name":"wp","href":"https:\/\/api.w.org\/{rel}","templated":true}]}}