{"id":18279,"date":"2025-04-10T12:39:08","date_gmt":"2025-04-10T12:39:08","guid":{"rendered":"https:\/\/hd-multimedia.com\/?post_type=product&#038;p=18279"},"modified":"2025-04-14T13:47:25","modified_gmt":"2025-04-14T13:47:25","slug":"kanto-st28","status":"publish","type":"product","link":"https:\/\/hd-multimedia.com\/sl\/trgovina\/kanto-st28\/","title":{"rendered":"Kanto ST28"},"content":{"rendered":"<p>Izbolj\u0161ajte kakovost zvoka v svojem prostoru s stoje\u010dimi stojali za zvo\u010dnike serije Kanto ST28, skrbno zasnovanimi za optimalno namestitev in izbolj\u0161ano reprodukcijo zvoka. Ta stojala postavijo zvo\u010dnike na idealno vi\u0161ino, kar zmanj\u0161a odboje in omogo\u010di jasnej\u0161i in bolj uravnote\u017een zvok. Jekleni stebri v kombinaciji z MDF osnovo zagotavljajo dodatno maso in stabilnost, medtem ko integriran sistem za ravnanje kablov omogo\u010da lepo in diskretno napeljavo \u017eic. Vsak par ima gumirane noge za trda tla in konice za preproge, ki zagotavljajo stabilnost na kateri koli povr\u0161ini.<\/p>\n<p>Stojala serije Kanto ST28 podpirajo zvo\u010dnike, ki tehtajo do 13,6 kg, zaradi \u010desar so popolni za \u0161iroko paleto modelov knji\u017enih polic, vklju\u010dno s Kanto YU4, YU6 in TUK. Njihova minimalisti\u010dna zasnova se zlahka prilega razli\u010dnim notranjim slogom, saj zdru\u017euje estetiko in funkcionalnost. Ne glede na to, ali opremljate dnevno sobo, doma\u010di kino ali glasbeno sobo, stojala serije Kanto ST zagotavljajo trden in eleganten temelj za va\u0161e zvo\u010dnike.<\/p>\n<p><a href=\"https:\/\/www.kantoaudio.com\/wp-content\/uploads\/ST-Series-Speaker-Stand-Tech-Drawing-23-11-15.pdf\" target=\"_blank\" rel=\"noopener\">Podrobne specifikacije!<\/a><\/p>","protected":false},"excerpt":{"rendered":"<p>Postavitev zvo\u010dnikov na dober polo\u017eaj in stran od predmetov, ki bi lahko povzro\u010dili odsev, vam omogo\u010da, da dobite najve\u010djo mo\u017eno zmogljivost zvo\u010dnikov. Izbolj\u0161ajte svojo zvo\u010dno izku\u0161njo s talnimi stojali Kanto ST28, zasnovanimi za zvo\u010dnike, ki tehtajo do 13,6 kg. Izdelane so iz mo\u010dnih jeklenih palic in podlage iz MDF za dodatno te\u017eo in stabilnost. Prilo\u017eene so gumijaste noge za trda tla in konice za preproge. Vodnik za napeljavo kablov poskrbi, da so va\u0161i kabli organizirani in skriti, medtem ko nevsiljiva oblika teh stojal dopolnjuje vsak dekor doma.<\/p>\n<p><a href=\"https:\/\/www.kantoaudio.com\/speaker-accessories\/st-series\/\" target=\"_blank\" rel=\"noopener\">Za ve\u010d informacij glejte tukaj<\/a><\/p>","protected":false},"featured_media":18281,"template":"","meta":{"site-sidebar-layout":"default","site-content-layout":"","ast-site-content-layout":"default","site-content-style":"default","site-sidebar-style":"default","ast-global-header-display":"","ast-banner-title-visibility":"","ast-main-header-display":"","ast-hfb-above-header-display":"","ast-hfb-below-header-display":"","ast-hfb-mobile-header-display":"","site-post-title":"","ast-breadcrumbs-content":"","ast-featured-img":"","footer-sml-layout":"","theme-transparent-header-meta":"default","adv-header-id-meta":"","stick-header-meta":"default","header-above-stick-meta":"","header-main-stick-meta":"","header-below-stick-meta":"","astra-migrate-meta-layouts":"set","ast-page-background-enabled":"default","ast-page-background-meta":{"desktop":{"background-color":"","background-image":"","background-repeat":"repeat","background-position":"center center","background-size":"auto","background-attachment":"scroll","background-type":"","background-media":"","overlay-type":"","overlay-color":"","overlay-opacity":"","overlay-gradient":""},"tablet":{"background-color":"","background-image":"","background-repeat":"repeat","background-position":"center center","background-size":"auto","background-attachment":"scroll","background-type":"","background-media":"","overlay-type":"","overlay-color":"","overlay-opacity":"","overlay-gradient":""},"mobile":{"background-color":"","background-image":"","background-repeat":"repeat","background-position":"center center","background-size":"auto","background-attachment":"scroll","background-type":"","background-media":"","overlay-type":"","overlay-color":"","overlay-opacity":"","overlay-gradient":""}},"ast-content-background-meta":{"desktop":{"background-color":"var(--ast-global-color-5)","background-image":"","background-repeat":"repeat","background-position":"center center","background-size":"auto","background-attachment":"scroll","background-type":"","background-media":"","overlay-type":"","overlay-color":"","overlay-opacity":"","overlay-gradient":""},"tablet":{"background-color":"var(--ast-global-color-5)","background-image":"","background-repeat":"repeat","background-position":"center center","background-size":"auto","background-attachment":"scroll","background-type":"","background-media":"","overlay-type":"","overlay-color":"","overlay-opacity":"","overlay-gradient":""},"mobile":{"background-color":"var(--ast-global-color-5)","background-image":"","background-repeat":"repeat","background-position":"center center","background-size":"auto","background-attachment":"scroll","background-type":"","background-media":"","overlay-type":"","overlay-color":"","overlay-opacity":"","overlay-gradient":""}}},"class_list":["post-18279","product","type-product","status-publish","has-post-thumbnail","hentry","product_cat-kanto-proizvodaci","product_cat-stalci-za-zvucne-kutije","desktop-align-center","tablet-align-center","mobile-align-center","ast-product-gallery-layout-horizontal","ast-product-gallery-with-no-image","ast-magnify-disabled","ast-product-tabs-layout-horizontal"],"yoast_head":"<!-- This site is optimized with the Yoast SEO plugin v21.4 - https:\/\/yoast.com\/wordpress\/plugins\/seo\/ -->\n<title>Kanto ST28 - hd-multimedia<\/title>\n<meta name=\"description\" content=\"Kanto ST28 Series stalci podr\u017eavaju zvu\u010dnike mase do 13.6 kg, \u0161to ih \u010dini savr\u0161enim za \u0161irok raspon bookshelf modela, uklju\u010duju\u0107i Kanto YU4, YU6 i TUK.\" \/>\n<meta name=\"robots\" content=\"index, follow, max-snippet:-1, max-image-preview:large, max-video-preview:-1\" \/>\n<link rel=\"canonical\" href=\"https:\/\/hd-multimedia.com\/sl\/trgovina\/kanto-st28\/\" \/>\n<meta property=\"og:locale\" content=\"sl_SI\" \/>\n<meta property=\"og:type\" content=\"article\" \/>\n<meta property=\"og:title\" content=\"Kanto ST28 - hd-multimedia\" \/>\n<meta property=\"og:description\" content=\"Kanto ST28 Series stalci podr\u017eavaju zvu\u010dnike mase do 13.6 kg, \u0161to ih \u010dini savr\u0161enim za \u0161irok raspon bookshelf modela, uklju\u010duju\u0107i Kanto YU4, YU6 i TUK.\" \/>\n<meta property=\"og:url\" content=\"https:\/\/hd-multimedia.com\/sl\/trgovina\/kanto-st28\/\" \/>\n<meta property=\"og:site_name\" content=\"hd-multimedia\" \/>\n<meta property=\"article:modified_time\" content=\"2025-04-14T13:47:25+00:00\" \/>\n<meta property=\"og:image\" content=\"https:\/\/hd-multimedia.com\/hdm_media\/st28_main-e1744288897769.png\" \/>\n\t<meta property=\"og:image:width\" content=\"600\" \/>\n\t<meta property=\"og:image:height\" content=\"600\" \/>\n\t<meta property=\"og:image:type\" content=\"image\/png\" \/>\n<meta name=\"twitter:card\" content=\"summary_large_image\" \/>\n<meta name=\"twitter:label1\" content=\"Est. reading time\" \/>\n\t<meta name=\"twitter:data1\" content=\"1 minuta\" \/>\n<script type=\"application\/ld+json\" class=\"yoast-schema-graph\">{\"@context\":\"https:\/\/schema.org\",\"@graph\":[{\"@type\":\"WebPage\",\"@id\":\"https:\/\/hd-multimedia.com\/trgovina\/kanto-st28\/\",\"url\":\"https:\/\/hd-multimedia.com\/trgovina\/kanto-st28\/\",\"name\":\"Kanto ST28 - hd-multimedia\",\"isPartOf\":{\"@id\":\"https:\/\/hd-multimedia.com\/#website\"},\"datePublished\":\"2025-04-10T12:39:08+00:00\",\"dateModified\":\"2025-04-14T13:47:25+00:00\",\"description\":\"Kanto ST28 Series stalci podr\u017eavaju zvu\u010dnike mase do 13.6 kg, \u0161to ih \u010dini savr\u0161enim za \u0161irok raspon bookshelf modela, uklju\u010duju\u0107i Kanto YU4, YU6 i TUK.\",\"breadcrumb\":{\"@id\":\"https:\/\/hd-multimedia.com\/trgovina\/kanto-st28\/#breadcrumb\"},\"inLanguage\":\"sl-SI\",\"potentialAction\":[{\"@type\":\"ReadAction\",\"target\":[\"https:\/\/hd-multimedia.com\/trgovina\/kanto-st28\/\"]}]},{\"@type\":\"BreadcrumbList\",\"@id\":\"https:\/\/hd-multimedia.com\/trgovina\/kanto-st28\/#breadcrumb\",\"itemListElement\":[{\"@type\":\"ListItem\",\"position\":1,\"name\":\"Po\u010detna stranica\",\"item\":\"https:\/\/hd-multimedia.com\/\"},{\"@type\":\"ListItem\",\"position\":2,\"name\":\"Trgovina\",\"item\":\"https:\/\/hd-multimedia.com\/trgovina\/\"},{\"@type\":\"ListItem\",\"position\":3,\"name\":\"Kanto ST28\"}]},{\"@type\":\"WebSite\",\"@id\":\"https:\/\/hd-multimedia.com\/#website\",\"url\":\"https:\/\/hd-multimedia.com\/\",\"name\":\"hd-multimedia\",\"description\":\"\",\"publisher\":{\"@id\":\"https:\/\/hd-multimedia.com\/#organization\"},\"potentialAction\":[{\"@type\":\"SearchAction\",\"target\":{\"@type\":\"EntryPoint\",\"urlTemplate\":\"https:\/\/hd-multimedia.com\/?s={search_term_string}\"},\"query-input\":\"required name=search_term_string\"}],\"inLanguage\":\"sl-SI\"},{\"@type\":\"Organization\",\"@id\":\"https:\/\/hd-multimedia.com\/#organization\",\"name\":\"hd-multimedia\",\"url\":\"https:\/\/hd-multimedia.com\/\",\"logo\":{\"@type\":\"ImageObject\",\"inLanguage\":\"sl-SI\",\"@id\":\"https:\/\/hd-multimedia.com\/#\/schema\/logo\/image\/\",\"url\":\"https:\/\/hd-multimedia.com\/hdm_media\/HD-curves-ok-196-56px-alpha-1.png\",\"contentUrl\":\"https:\/\/hd-multimedia.com\/hdm_media\/HD-curves-ok-196-56px-alpha-1.png\",\"width\":196,\"height\":53,\"caption\":\"hd-multimedia\"},\"image\":{\"@id\":\"https:\/\/hd-multimedia.com\/#\/schema\/logo\/image\/\"}}]}<\/script>\n<!-- \/ Yoast SEO plugin. -->","yoast_head_json":{"title":"Kanto ST28 - hd-multimedia","description":"Kanto ST28 Series stalci podr\u017eavaju zvu\u010dnike mase do 13.6 kg, \u0161to ih \u010dini savr\u0161enim za \u0161irok raspon bookshelf modela, uklju\u010duju\u0107i Kanto YU4, YU6 i TUK.","robots":{"index":"index","follow":"follow","max-snippet":"max-snippet:-1","max-image-preview":"max-image-preview:large","max-video-preview":"max-video-preview:-1"},"canonical":"https:\/\/hd-multimedia.com\/sl\/trgovina\/kanto-st28\/","og_locale":"sl_SI","og_type":"article","og_title":"Kanto ST28 - hd-multimedia","og_description":"Kanto ST28 Series stalci podr\u017eavaju zvu\u010dnike mase do 13.6 kg, \u0161to ih \u010dini savr\u0161enim za \u0161irok raspon bookshelf modela, uklju\u010duju\u0107i Kanto YU4, YU6 i TUK.","og_url":"https:\/\/hd-multimedia.com\/sl\/trgovina\/kanto-st28\/","og_site_name":"hd-multimedia","article_modified_time":"2025-04-14T13:47:25+00:00","og_image":[{"width":600,"height":600,"url":"https:\/\/hd-multimedia.com\/hdm_media\/st28_main-e1744288897769.png","type":"image\/png"}],"twitter_card":"summary_large_image","twitter_misc":{"Est. reading time":"1 minuta"},"schema":{"@context":"https:\/\/schema.org","@graph":[{"@type":"WebPage","@id":"https:\/\/hd-multimedia.com\/trgovina\/kanto-st28\/","url":"https:\/\/hd-multimedia.com\/trgovina\/kanto-st28\/","name":"Kanto ST28 - hd-multimedia","isPartOf":{"@id":"https:\/\/hd-multimedia.com\/#website"},"datePublished":"2025-04-10T12:39:08+00:00","dateModified":"2025-04-14T13:47:25+00:00","description":"Kanto ST28 Series stalci podr\u017eavaju zvu\u010dnike mase do 13.6 kg, \u0161to ih \u010dini savr\u0161enim za \u0161irok raspon bookshelf modela, uklju\u010duju\u0107i Kanto YU4, YU6 i TUK.","breadcrumb":{"@id":"https:\/\/hd-multimedia.com\/trgovina\/kanto-st28\/#breadcrumb"},"inLanguage":"sl-SI","potentialAction":[{"@type":"ReadAction","target":["https:\/\/hd-multimedia.com\/trgovina\/kanto-st28\/"]}]},{"@type":"BreadcrumbList","@id":"https:\/\/hd-multimedia.com\/trgovina\/kanto-st28\/#breadcrumb","itemListElement":[{"@type":"ListItem","position":1,"name":"Po\u010detna stranica","item":"https:\/\/hd-multimedia.com\/"},{"@type":"ListItem","position":2,"name":"Trgovina","item":"https:\/\/hd-multimedia.com\/trgovina\/"},{"@type":"ListItem","position":3,"name":"Kanto ST28"}]},{"@type":"WebSite","@id":"https:\/\/hd-multimedia.com\/#website","url":"https:\/\/hd-multimedia.com\/","name":"hd-multimedia","description":"","publisher":{"@id":"https:\/\/hd-multimedia.com\/#organization"},"potentialAction":[{"@type":"SearchAction","target":{"@type":"EntryPoint","urlTemplate":"https:\/\/hd-multimedia.com\/?s={search_term_string}"},"query-input":"required name=search_term_string"}],"inLanguage":"sl-SI"},{"@type":"Organization","@id":"https:\/\/hd-multimedia.com\/#organization","name":"hd-multimedia","url":"https:\/\/hd-multimedia.com\/","logo":{"@type":"ImageObject","inLanguage":"sl-SI","@id":"https:\/\/hd-multimedia.com\/#\/schema\/logo\/image\/","url":"https:\/\/hd-multimedia.com\/hdm_media\/HD-curves-ok-196-56px-alpha-1.png","contentUrl":"https:\/\/hd-multimedia.com\/hdm_media\/HD-curves-ok-196-56px-alpha-1.png","width":196,"height":53,"caption":"hd-multimedia"},"image":{"@id":"https:\/\/hd-multimedia.com\/#\/schema\/logo\/image\/"}}]}},"post_mailing_queue_ids":[],"_links":{"self":[{"href":"https:\/\/hd-multimedia.com\/sl\/wp-json\/wp\/v2\/product\/18279","targetHints":{"allow":["GET"]}}],"collection":[{"href":"https:\/\/hd-multimedia.com\/sl\/wp-json\/wp\/v2\/product"}],"about":[{"href":"https:\/\/hd-multimedia.com\/sl\/wp-json\/wp\/v2\/types\/product"}],"version-history":[{"count":6,"href":"https:\/\/hd-multimedia.com\/sl\/wp-json\/wp\/v2\/product\/18279\/revisions"}],"predecessor-version":[{"id":18315,"href":"https:\/\/hd-multimedia.com\/sl\/wp-json\/wp\/v2\/product\/18279\/revisions\/18315"}],"wp:featuredmedia":[{"embeddable":true,"href":"https:\/\/hd-multimedia.com\/sl\/wp-json\/wp\/v2\/media\/18281"}],"wp:attachment":[{"href":"https:\/\/hd-multimedia.com\/sl\/wp-json\/wp\/v2\/media?parent=18279"}],"curies":[{"name":"wp","href":"https:\/\/api.w.org\/{rel}","templated":true}]}}