{"id":18242,"date":"2025-04-10T07:41:59","date_gmt":"2025-04-10T07:41:59","guid":{"rendered":"https:\/\/hd-multimedia.com\/?post_type=product&#038;p=18242"},"modified":"2025-05-27T12:33:45","modified_gmt":"2025-05-27T12:33:45","slug":"kanto-se6","status":"publish","type":"product","link":"https:\/\/hd-multimedia.com\/sl\/trgovina\/kanto-se6\/","title":{"rendered":"Kanto SE6"},"content":{"rendered":"<p>Izbolj\u0161ajte svojo zvo\u010dno izku\u0161njo s stojali za zvo\u010dnike Kanto SE6, zasnovanimi za optimalno postavitev zvoka in bolj\u0161o kakovost poslu\u0161anja. Z vi\u0161ino 17,5 cm stojala dvignejo zvo\u010dnike, izbolj\u0161ajo jasnost zvoka in zmanj\u0161ajo ne\u017eelene odseve. Nagnjena konzolna zasnova v kombinaciji s silikonskimi blazinicami debeline 2,5 mm u\u010dinkovito zmanj\u0161a tresljaje in resonanco ter zagotavlja \u010distej\u0161i in natan\u010dnej\u0161i zvok.<\/p>\n<p>Kanto SE6 stojala podpirajo zvo\u010dnike do te\u017ee 10 kg. Zgornja plo\u0161\u010da 13,5 x 18,8 cm zagotavlja stabilno podlago za \u0161e ve\u010dje zvo\u010dnike, medtem ko integrirani navoj 1\/4&quot;-20 in vklju\u010deni vijaki omogo\u010dajo varno pritrditev zdru\u017eljivih modelov. Kanto SE6 se popolnoma prilega vsakemu prostoru, njihova povi\u0161ana oblika pa sprosti dodaten prostor pod zvo\u010dniki za dodatke ali shranjevanje.<\/p>","protected":false},"excerpt":{"rendered":"<p>Ponesite svoje zvo\u010dnike na vi\u0161jo raven z dvignjenim stojalom za zvo\u010dnike Kanto SE6. SE6, ki stoji na vi\u0161ini 17,5 cm, dvigne va\u0161e zvo\u010dnike nad povr\u0161ino va\u0161e mize, tako da so bolje poravnani z va\u0161imi u\u0161esi in vam tako zagotovijo brezhiben zvok. Njegova nagnjena platforma je zasnovana tako, da absorbira resonanco in zagotavlja \u010dist zvok brez odseva od bli\u017enjih povr\u0161in. 2,5 mm silikonsko oblazinjenje pomaga ohranjati va\u0161e zvo\u010dnike na mestu. Za maksimalno za\u0161\u010dito je Kanto SE6 opremljen s kompletom pritrdilnih vijakov, s katerimi lahko zdru\u017eljive zvo\u010dnike pritrdite na stojalo, da prepre\u010dite padce in nesre\u010de. Kanto SE6 je na voljo v \u010drni barvi in \u200b\u200bpodpira do 10 kg.<\/p>\n<p><a href=\"https:\/\/www.kantoaudio.com\/speaker-accessories\/se6\/\" target=\"_blank\" rel=\"noopener\">Za ve\u010d informacij glejte tukaj<\/a><\/p>","protected":false},"featured_media":18246,"template":"","meta":{"site-sidebar-layout":"default","site-content-layout":"","ast-site-content-layout":"default","site-content-style":"default","site-sidebar-style":"default","ast-global-header-display":"","ast-banner-title-visibility":"","ast-main-header-display":"","ast-hfb-above-header-display":"","ast-hfb-below-header-display":"","ast-hfb-mobile-header-display":"","site-post-title":"","ast-breadcrumbs-content":"","ast-featured-img":"","footer-sml-layout":"","theme-transparent-header-meta":"default","adv-header-id-meta":"","stick-header-meta":"default","header-above-stick-meta":"","header-main-stick-meta":"","header-below-stick-meta":"","astra-migrate-meta-layouts":"set","ast-page-background-enabled":"default","ast-page-background-meta":{"desktop":{"background-color":"","background-image":"","background-repeat":"repeat","background-position":"center center","background-size":"auto","background-attachment":"scroll","background-type":"","background-media":"","overlay-type":"","overlay-color":"","overlay-opacity":"","overlay-gradient":""},"tablet":{"background-color":"","background-image":"","background-repeat":"repeat","background-position":"center center","background-size":"auto","background-attachment":"scroll","background-type":"","background-media":"","overlay-type":"","overlay-color":"","overlay-opacity":"","overlay-gradient":""},"mobile":{"background-color":"","background-image":"","background-repeat":"repeat","background-position":"center center","background-size":"auto","background-attachment":"scroll","background-type":"","background-media":"","overlay-type":"","overlay-color":"","overlay-opacity":"","overlay-gradient":""}},"ast-content-background-meta":{"desktop":{"background-color":"var(--ast-global-color-5)","background-image":"","background-repeat":"repeat","background-position":"center center","background-size":"auto","background-attachment":"scroll","background-type":"","background-media":"","overlay-type":"","overlay-color":"","overlay-opacity":"","overlay-gradient":""},"tablet":{"background-color":"var(--ast-global-color-5)","background-image":"","background-repeat":"repeat","background-position":"center center","background-size":"auto","background-attachment":"scroll","background-type":"","background-media":"","overlay-type":"","overlay-color":"","overlay-opacity":"","overlay-gradient":""},"mobile":{"background-color":"var(--ast-global-color-5)","background-image":"","background-repeat":"repeat","background-position":"center center","background-size":"auto","background-attachment":"scroll","background-type":"","background-media":"","overlay-type":"","overlay-color":"","overlay-opacity":"","overlay-gradient":""}}},"class_list":["post-18242","product","type-product","status-publish","has-post-thumbnail","hentry","product_cat-kanto-proizvodaci","product_cat-stalci-za-zvucne-kutije","desktop-align-center","tablet-align-center","mobile-align-center","ast-product-gallery-layout-horizontal","ast-magnify-disabled","ast-product-tabs-layout-horizontal"],"yoast_head":"<!-- This site is optimized with the Yoast SEO plugin v21.4 - https:\/\/yoast.com\/wordpress\/plugins\/seo\/ -->\n<title>Kanto SE6 - hd-multimedia<\/title>\n<meta name=\"description\" content=\"Pobolj\u0161ajte svoj audio do\u017eivljaj s Kanto SE6 stalcima za zvu\u010dnike, dizajniranim za optimalno pozicioniranje zvuka i bolju kvalitetu slu\u0161anja.\" \/>\n<meta name=\"robots\" content=\"index, follow, max-snippet:-1, max-image-preview:large, max-video-preview:-1\" \/>\n<link rel=\"canonical\" href=\"https:\/\/hd-multimedia.com\/sl\/trgovina\/kanto-se6\/\" \/>\n<meta property=\"og:locale\" content=\"sl_SI\" \/>\n<meta property=\"og:type\" content=\"article\" \/>\n<meta property=\"og:title\" content=\"Kanto SE6 - hd-multimedia\" \/>\n<meta property=\"og:description\" content=\"Pobolj\u0161ajte svoj audio do\u017eivljaj s Kanto SE6 stalcima za zvu\u010dnike, dizajniranim za optimalno pozicioniranje zvuka i bolju kvalitetu slu\u0161anja.\" \/>\n<meta property=\"og:url\" content=\"https:\/\/hd-multimedia.com\/sl\/trgovina\/kanto-se6\/\" \/>\n<meta property=\"og:site_name\" content=\"hd-multimedia\" \/>\n<meta property=\"article:modified_time\" content=\"2025-05-27T12:33:45+00:00\" \/>\n<meta property=\"og:image\" content=\"https:\/\/hd-multimedia.com\/hdm_media\/se6_main-e1744272727986.png\" \/>\n\t<meta property=\"og:image:width\" content=\"600\" \/>\n\t<meta property=\"og:image:height\" content=\"600\" \/>\n\t<meta property=\"og:image:type\" content=\"image\/png\" \/>\n<meta name=\"twitter:card\" content=\"summary_large_image\" \/>\n<meta name=\"twitter:label1\" content=\"Est. reading time\" \/>\n\t<meta name=\"twitter:data1\" content=\"1 minuta\" \/>\n<script type=\"application\/ld+json\" class=\"yoast-schema-graph\">{\"@context\":\"https:\/\/schema.org\",\"@graph\":[{\"@type\":\"WebPage\",\"@id\":\"https:\/\/hd-multimedia.com\/trgovina\/kanto-se6\/\",\"url\":\"https:\/\/hd-multimedia.com\/trgovina\/kanto-se6\/\",\"name\":\"Kanto SE6 - hd-multimedia\",\"isPartOf\":{\"@id\":\"https:\/\/hd-multimedia.com\/#website\"},\"datePublished\":\"2025-04-10T07:41:59+00:00\",\"dateModified\":\"2025-05-27T12:33:45+00:00\",\"description\":\"Pobolj\u0161ajte svoj audio do\u017eivljaj s Kanto SE6 stalcima za zvu\u010dnike, dizajniranim za optimalno pozicioniranje zvuka i bolju kvalitetu slu\u0161anja.\",\"breadcrumb\":{\"@id\":\"https:\/\/hd-multimedia.com\/trgovina\/kanto-se6\/#breadcrumb\"},\"inLanguage\":\"sl-SI\",\"potentialAction\":[{\"@type\":\"ReadAction\",\"target\":[\"https:\/\/hd-multimedia.com\/trgovina\/kanto-se6\/\"]}]},{\"@type\":\"BreadcrumbList\",\"@id\":\"https:\/\/hd-multimedia.com\/trgovina\/kanto-se6\/#breadcrumb\",\"itemListElement\":[{\"@type\":\"ListItem\",\"position\":1,\"name\":\"Po\u010detna stranica\",\"item\":\"https:\/\/hd-multimedia.com\/\"},{\"@type\":\"ListItem\",\"position\":2,\"name\":\"Trgovina\",\"item\":\"https:\/\/hd-multimedia.com\/trgovina\/\"},{\"@type\":\"ListItem\",\"position\":3,\"name\":\"Kanto SE6\"}]},{\"@type\":\"WebSite\",\"@id\":\"https:\/\/hd-multimedia.com\/#website\",\"url\":\"https:\/\/hd-multimedia.com\/\",\"name\":\"hd-multimedia\",\"description\":\"\",\"publisher\":{\"@id\":\"https:\/\/hd-multimedia.com\/#organization\"},\"potentialAction\":[{\"@type\":\"SearchAction\",\"target\":{\"@type\":\"EntryPoint\",\"urlTemplate\":\"https:\/\/hd-multimedia.com\/?s={search_term_string}\"},\"query-input\":\"required name=search_term_string\"}],\"inLanguage\":\"sl-SI\"},{\"@type\":\"Organization\",\"@id\":\"https:\/\/hd-multimedia.com\/#organization\",\"name\":\"hd-multimedia\",\"url\":\"https:\/\/hd-multimedia.com\/\",\"logo\":{\"@type\":\"ImageObject\",\"inLanguage\":\"sl-SI\",\"@id\":\"https:\/\/hd-multimedia.com\/#\/schema\/logo\/image\/\",\"url\":\"https:\/\/hd-multimedia.com\/hdm_media\/HD-curves-ok-196-56px-alpha-1.png\",\"contentUrl\":\"https:\/\/hd-multimedia.com\/hdm_media\/HD-curves-ok-196-56px-alpha-1.png\",\"width\":196,\"height\":53,\"caption\":\"hd-multimedia\"},\"image\":{\"@id\":\"https:\/\/hd-multimedia.com\/#\/schema\/logo\/image\/\"}}]}<\/script>\n<!-- \/ Yoast SEO plugin. -->","yoast_head_json":{"title":"Kanto SE6 - hd-multimedia","description":"Pobolj\u0161ajte svoj audio do\u017eivljaj s Kanto SE6 stalcima za zvu\u010dnike, dizajniranim za optimalno pozicioniranje zvuka i bolju kvalitetu slu\u0161anja.","robots":{"index":"index","follow":"follow","max-snippet":"max-snippet:-1","max-image-preview":"max-image-preview:large","max-video-preview":"max-video-preview:-1"},"canonical":"https:\/\/hd-multimedia.com\/sl\/trgovina\/kanto-se6\/","og_locale":"sl_SI","og_type":"article","og_title":"Kanto SE6 - hd-multimedia","og_description":"Pobolj\u0161ajte svoj audio do\u017eivljaj s Kanto SE6 stalcima za zvu\u010dnike, dizajniranim za optimalno pozicioniranje zvuka i bolju kvalitetu slu\u0161anja.","og_url":"https:\/\/hd-multimedia.com\/sl\/trgovina\/kanto-se6\/","og_site_name":"hd-multimedia","article_modified_time":"2025-05-27T12:33:45+00:00","og_image":[{"width":600,"height":600,"url":"https:\/\/hd-multimedia.com\/hdm_media\/se6_main-e1744272727986.png","type":"image\/png"}],"twitter_card":"summary_large_image","twitter_misc":{"Est. reading time":"1 minuta"},"schema":{"@context":"https:\/\/schema.org","@graph":[{"@type":"WebPage","@id":"https:\/\/hd-multimedia.com\/trgovina\/kanto-se6\/","url":"https:\/\/hd-multimedia.com\/trgovina\/kanto-se6\/","name":"Kanto SE6 - hd-multimedia","isPartOf":{"@id":"https:\/\/hd-multimedia.com\/#website"},"datePublished":"2025-04-10T07:41:59+00:00","dateModified":"2025-05-27T12:33:45+00:00","description":"Pobolj\u0161ajte svoj audio do\u017eivljaj s Kanto SE6 stalcima za zvu\u010dnike, dizajniranim za optimalno pozicioniranje zvuka i bolju kvalitetu slu\u0161anja.","breadcrumb":{"@id":"https:\/\/hd-multimedia.com\/trgovina\/kanto-se6\/#breadcrumb"},"inLanguage":"sl-SI","potentialAction":[{"@type":"ReadAction","target":["https:\/\/hd-multimedia.com\/trgovina\/kanto-se6\/"]}]},{"@type":"BreadcrumbList","@id":"https:\/\/hd-multimedia.com\/trgovina\/kanto-se6\/#breadcrumb","itemListElement":[{"@type":"ListItem","position":1,"name":"Po\u010detna stranica","item":"https:\/\/hd-multimedia.com\/"},{"@type":"ListItem","position":2,"name":"Trgovina","item":"https:\/\/hd-multimedia.com\/trgovina\/"},{"@type":"ListItem","position":3,"name":"Kanto SE6"}]},{"@type":"WebSite","@id":"https:\/\/hd-multimedia.com\/#website","url":"https:\/\/hd-multimedia.com\/","name":"hd-multimedia","description":"","publisher":{"@id":"https:\/\/hd-multimedia.com\/#organization"},"potentialAction":[{"@type":"SearchAction","target":{"@type":"EntryPoint","urlTemplate":"https:\/\/hd-multimedia.com\/?s={search_term_string}"},"query-input":"required name=search_term_string"}],"inLanguage":"sl-SI"},{"@type":"Organization","@id":"https:\/\/hd-multimedia.com\/#organization","name":"hd-multimedia","url":"https:\/\/hd-multimedia.com\/","logo":{"@type":"ImageObject","inLanguage":"sl-SI","@id":"https:\/\/hd-multimedia.com\/#\/schema\/logo\/image\/","url":"https:\/\/hd-multimedia.com\/hdm_media\/HD-curves-ok-196-56px-alpha-1.png","contentUrl":"https:\/\/hd-multimedia.com\/hdm_media\/HD-curves-ok-196-56px-alpha-1.png","width":196,"height":53,"caption":"hd-multimedia"},"image":{"@id":"https:\/\/hd-multimedia.com\/#\/schema\/logo\/image\/"}}]}},"post_mailing_queue_ids":[],"_links":{"self":[{"href":"https:\/\/hd-multimedia.com\/sl\/wp-json\/wp\/v2\/product\/18242","targetHints":{"allow":["GET"]}}],"collection":[{"href":"https:\/\/hd-multimedia.com\/sl\/wp-json\/wp\/v2\/product"}],"about":[{"href":"https:\/\/hd-multimedia.com\/sl\/wp-json\/wp\/v2\/types\/product"}],"version-history":[{"count":6,"href":"https:\/\/hd-multimedia.com\/sl\/wp-json\/wp\/v2\/product\/18242\/revisions"}],"predecessor-version":[{"id":18310,"href":"https:\/\/hd-multimedia.com\/sl\/wp-json\/wp\/v2\/product\/18242\/revisions\/18310"}],"wp:featuredmedia":[{"embeddable":true,"href":"https:\/\/hd-multimedia.com\/sl\/wp-json\/wp\/v2\/media\/18246"}],"wp:attachment":[{"href":"https:\/\/hd-multimedia.com\/sl\/wp-json\/wp\/v2\/media?parent=18242"}],"curies":[{"name":"wp","href":"https:\/\/api.w.org\/{rel}","templated":true}]}}