{"id":18223,"date":"2025-04-09T08:51:15","date_gmt":"2025-04-09T08:51:15","guid":{"rendered":"https:\/\/hd-multimedia.com\/?post_type=product&#038;p=18223"},"modified":"2026-03-06T08:39:55","modified_gmt":"2026-03-06T08:39:55","slug":"kanto-yup6","status":"publish","type":"product","link":"https:\/\/hd-multimedia.com\/sl\/trgovina\/kanto-yup6\/","title":{"rendered":"Kanto YUP6"},"content":{"rendered":"<p>Kanto YUP6 je izdelan iz trdnega materiala MDF za zmanj\u0161anje ne\u017eelenih tresljajev in ponuja natan\u010den in \u010dist zvok pri kateri koli glasnosti. Integriran navoj 1\/4&quot;-20 omogo\u010da enostavno monta\u017eo na stojala za zvo\u010dnike Kanto, kar zagotavlja optimalno pozicioniranje in zmogljivost. YUP6, ki je na voljo v elegantnih \u010drnih ali belih vinilnih zaklju\u010dkih, se popolnoma zlije v vsak prostor, kar je idealna izbira za avdiofile in ljubitelje sodobnega dizajna.<\/p>\n<p data-start=\"109\" data-end=\"130\"><strong data-start=\"113\" data-end=\"130\">Specifikacije<\/strong><\/p>\n<p class=\"\" data-start=\"132\" data-end=\"195\">Vozniki<br data-start=\"143\" data-end=\"146\" \/>\u2022 1\u201d visokotonci s svileno kupolo<br data-start=\"169\" data-end=\"172\" \/>\u2022 5,25-pal\u010dni gonilniki Kevlar\u00ae<\/p>\n<p class=\"\" data-start=\"197\" data-end=\"300\">Avdio<br data-start=\"206\" data-end=\"209\" \/>\u2022 Mo\u010d: 100 W na zvo\u010dnik<br data-start=\"235\" data-end=\"238\" \/>\u2022 Impedanca: 6 Ohmov<br data-start=\"259\" data-end=\"262\" \/>\u2022 Frekven\u010dno obmo\u010dje: 50 Hz \u2013 20 kHz<\/p>\n<p class=\"\" data-start=\"302\" data-end=\"366\">Vsebina paketa<br data-start=\"323\" data-end=\"326\" \/>\u2022 8 x gumijaste noge<br data-start=\"345\" data-end=\"348\" \/>\u2022 Navodila za uporabo<\/p>\n<p class=\"\" data-start=\"368\" data-end=\"525\">Mere in te\u017ea<br data-start=\"390\" data-end=\"393\" \/>\u2022 Mere (na zvo\u010dnik): 17,5 x 20,5 x 27,2 cm<br data-start=\"441\" data-end=\"444\" \/>\u2022 Neto te\u017ea (na zvo\u010dnik): 4 kg<br data-start=\"477\" data-end=\"480\" \/>\u2022 Monta\u017eni navoj: 1\/4\u2033-20 (na dnu zvo\u010dnika)<\/p>","protected":false},"excerpt":{"rendered":"<p>Zdru\u017eite 5,25-pal\u010dne pasivne zvo\u010dnike Kanto YU6 z oja\u010devalnikom po va\u0161i izbiri in u\u017eivajte v svojih najljub\u0161ih melodijah, kot si je zamislil umetnik. Ti zvo\u010dniki s 5,25-pal\u010dnimi nizkotonci Kevlar\u00ae in 1-pal\u010dnimi visokotonci s svileno kupolo proizvajajo nevtralen, uravnote\u017een ton. Spodnja luknja z navojem 1\/4\u2033-20 se pritrdi na zdru\u017eljiva stojala Kanto. YU6 odli\u010dno deluje na namiznem ra\u010dunalniku s kombinacijo DAC\/oja\u010devalnik ali v namenski dvokanalni poslu\u0161alni postaji. Izbolj\u0161ajte zvok svojega televizorja tako, da pasivne elemente YU6 pove\u017eete z integriranim oja\u010devalnikom, ali pa jih dodajte sistemu za doma\u010di kino kot zadnje, stranske ali vi\u0161inske kanale.<\/p>\n<p><a href=\"https:\/\/www.kantoaudio.com\/passive-speakers\/yup6\/\" target=\"_blank\" rel=\"noopener\">Za ve\u010d informacij glejte tukaj<\/a><\/p>","protected":false},"featured_media":18219,"template":"","meta":{"site-sidebar-layout":"default","site-content-layout":"","ast-site-content-layout":"default","site-content-style":"default","site-sidebar-style":"default","ast-global-header-display":"","ast-banner-title-visibility":"","ast-main-header-display":"","ast-hfb-above-header-display":"","ast-hfb-below-header-display":"","ast-hfb-mobile-header-display":"","site-post-title":"","ast-breadcrumbs-content":"","ast-featured-img":"","footer-sml-layout":"","theme-transparent-header-meta":"default","adv-header-id-meta":"","stick-header-meta":"default","header-above-stick-meta":"","header-main-stick-meta":"","header-below-stick-meta":"","astra-migrate-meta-layouts":"set","ast-page-background-enabled":"default","ast-page-background-meta":{"desktop":{"background-color":"","background-image":"","background-repeat":"repeat","background-position":"center center","background-size":"auto","background-attachment":"scroll","background-type":"","background-media":"","overlay-type":"","overlay-color":"","overlay-opacity":"","overlay-gradient":""},"tablet":{"background-color":"","background-image":"","background-repeat":"repeat","background-position":"center center","background-size":"auto","background-attachment":"scroll","background-type":"","background-media":"","overlay-type":"","overlay-color":"","overlay-opacity":"","overlay-gradient":""},"mobile":{"background-color":"","background-image":"","background-repeat":"repeat","background-position":"center center","background-size":"auto","background-attachment":"scroll","background-type":"","background-media":"","overlay-type":"","overlay-color":"","overlay-opacity":"","overlay-gradient":""}},"ast-content-background-meta":{"desktop":{"background-color":"var(--ast-global-color-5)","background-image":"","background-repeat":"repeat","background-position":"center center","background-size":"auto","background-attachment":"scroll","background-type":"","background-media":"","overlay-type":"","overlay-color":"","overlay-opacity":"","overlay-gradient":""},"tablet":{"background-color":"var(--ast-global-color-5)","background-image":"","background-repeat":"repeat","background-position":"center center","background-size":"auto","background-attachment":"scroll","background-type":"","background-media":"","overlay-type":"","overlay-color":"","overlay-opacity":"","overlay-gradient":""},"mobile":{"background-color":"var(--ast-global-color-5)","background-image":"","background-repeat":"repeat","background-position":"center center","background-size":"auto","background-attachment":"scroll","background-type":"","background-media":"","overlay-type":"","overlay-color":"","overlay-opacity":"","overlay-gradient":""}}},"class_list":["post-18223","product","type-product","status-publish","has-post-thumbnail","hentry","product_cat-kanto-proizvodaci","product_cat-pasivne-zvucne-kutije","desktop-align-center","tablet-align-center","mobile-align-center","ast-product-gallery-layout-horizontal","ast-magnify-disabled","ast-product-single-variable","ast-product-tabs-layout-horizontal"],"yoast_head":"<!-- This site is optimized with the Yoast SEO plugin v21.4 - https:\/\/yoast.com\/wordpress\/plugins\/seo\/ -->\n<title>Kanto YUP6 - hd-multimedia<\/title>\n<meta name=\"description\" content=\"Unaprijedite svoj audio sustav s Kanto YUP6 pasivnim bookshelf zvu\u010dnicima gdje se vrhunske komponente susre\u0107u s minimalisti\u010dkim dizajnom.\" \/>\n<meta name=\"robots\" content=\"index, follow, max-snippet:-1, max-image-preview:large, max-video-preview:-1\" \/>\n<link rel=\"canonical\" href=\"https:\/\/hd-multimedia.com\/sl\/trgovina\/kanto-yup6\/\" \/>\n<meta property=\"og:locale\" content=\"sl_SI\" \/>\n<meta property=\"og:type\" content=\"article\" \/>\n<meta property=\"og:title\" content=\"Kanto YUP6 - hd-multimedia\" \/>\n<meta property=\"og:description\" content=\"Unaprijedite svoj audio sustav s Kanto YUP6 pasivnim bookshelf zvu\u010dnicima gdje se vrhunske komponente susre\u0107u s minimalisti\u010dkim dizajnom.\" \/>\n<meta property=\"og:url\" content=\"https:\/\/hd-multimedia.com\/sl\/trgovina\/kanto-yup6\/\" \/>\n<meta property=\"og:site_name\" content=\"hd-multimedia\" \/>\n<meta property=\"article:modified_time\" content=\"2026-03-06T08:39:55+00:00\" \/>\n<meta property=\"og:image\" content=\"https:\/\/hd-multimedia.com\/hdm_media\/yup4b_main-e1744187858683.png\" \/>\n\t<meta property=\"og:image:width\" content=\"600\" \/>\n\t<meta property=\"og:image:height\" content=\"600\" \/>\n\t<meta property=\"og:image:type\" content=\"image\/png\" \/>\n<meta name=\"twitter:card\" content=\"summary_large_image\" \/>\n<meta name=\"twitter:label1\" content=\"Est. reading time\" \/>\n\t<meta name=\"twitter:data1\" content=\"1 minuta\" \/>\n<script type=\"application\/ld+json\" class=\"yoast-schema-graph\">{\"@context\":\"https:\/\/schema.org\",\"@graph\":[{\"@type\":\"WebPage\",\"@id\":\"https:\/\/hd-multimedia.com\/trgovina\/kanto-yup6\/\",\"url\":\"https:\/\/hd-multimedia.com\/trgovina\/kanto-yup6\/\",\"name\":\"Kanto YUP6 - hd-multimedia\",\"isPartOf\":{\"@id\":\"https:\/\/hd-multimedia.com\/#website\"},\"datePublished\":\"2025-04-09T08:51:15+00:00\",\"dateModified\":\"2026-03-06T08:39:55+00:00\",\"description\":\"Unaprijedite svoj audio sustav s Kanto YUP6 pasivnim bookshelf zvu\u010dnicima gdje se vrhunske komponente susre\u0107u s minimalisti\u010dkim dizajnom.\",\"breadcrumb\":{\"@id\":\"https:\/\/hd-multimedia.com\/trgovina\/kanto-yup6\/#breadcrumb\"},\"inLanguage\":\"sl-SI\",\"potentialAction\":[{\"@type\":\"ReadAction\",\"target\":[\"https:\/\/hd-multimedia.com\/trgovina\/kanto-yup6\/\"]}]},{\"@type\":\"BreadcrumbList\",\"@id\":\"https:\/\/hd-multimedia.com\/trgovina\/kanto-yup6\/#breadcrumb\",\"itemListElement\":[{\"@type\":\"ListItem\",\"position\":1,\"name\":\"Po\u010detna stranica\",\"item\":\"https:\/\/hd-multimedia.com\/\"},{\"@type\":\"ListItem\",\"position\":2,\"name\":\"Trgovina\",\"item\":\"https:\/\/hd-multimedia.com\/trgovina\/\"},{\"@type\":\"ListItem\",\"position\":3,\"name\":\"Kanto YUP6\"}]},{\"@type\":\"WebSite\",\"@id\":\"https:\/\/hd-multimedia.com\/#website\",\"url\":\"https:\/\/hd-multimedia.com\/\",\"name\":\"hd-multimedia\",\"description\":\"\",\"publisher\":{\"@id\":\"https:\/\/hd-multimedia.com\/#organization\"},\"potentialAction\":[{\"@type\":\"SearchAction\",\"target\":{\"@type\":\"EntryPoint\",\"urlTemplate\":\"https:\/\/hd-multimedia.com\/?s={search_term_string}\"},\"query-input\":\"required name=search_term_string\"}],\"inLanguage\":\"sl-SI\"},{\"@type\":\"Organization\",\"@id\":\"https:\/\/hd-multimedia.com\/#organization\",\"name\":\"hd-multimedia\",\"url\":\"https:\/\/hd-multimedia.com\/\",\"logo\":{\"@type\":\"ImageObject\",\"inLanguage\":\"sl-SI\",\"@id\":\"https:\/\/hd-multimedia.com\/#\/schema\/logo\/image\/\",\"url\":\"https:\/\/hd-multimedia.com\/hdm_media\/HD-curves-ok-196-56px-alpha-1.png\",\"contentUrl\":\"https:\/\/hd-multimedia.com\/hdm_media\/HD-curves-ok-196-56px-alpha-1.png\",\"width\":196,\"height\":53,\"caption\":\"hd-multimedia\"},\"image\":{\"@id\":\"https:\/\/hd-multimedia.com\/#\/schema\/logo\/image\/\"}}]}<\/script>\n<!-- \/ Yoast SEO plugin. -->","yoast_head_json":{"title":"Kanto YUP6 - hd-multimedia","description":"Unaprijedite svoj audio sustav s Kanto YUP6 pasivnim bookshelf zvu\u010dnicima gdje se vrhunske komponente susre\u0107u s minimalisti\u010dkim dizajnom.","robots":{"index":"index","follow":"follow","max-snippet":"max-snippet:-1","max-image-preview":"max-image-preview:large","max-video-preview":"max-video-preview:-1"},"canonical":"https:\/\/hd-multimedia.com\/sl\/trgovina\/kanto-yup6\/","og_locale":"sl_SI","og_type":"article","og_title":"Kanto YUP6 - hd-multimedia","og_description":"Unaprijedite svoj audio sustav s Kanto YUP6 pasivnim bookshelf zvu\u010dnicima gdje se vrhunske komponente susre\u0107u s minimalisti\u010dkim dizajnom.","og_url":"https:\/\/hd-multimedia.com\/sl\/trgovina\/kanto-yup6\/","og_site_name":"hd-multimedia","article_modified_time":"2026-03-06T08:39:55+00:00","og_image":[{"width":600,"height":600,"url":"https:\/\/hd-multimedia.com\/hdm_media\/yup4b_main-e1744187858683.png","type":"image\/png"}],"twitter_card":"summary_large_image","twitter_misc":{"Est. reading time":"1 minuta"},"schema":{"@context":"https:\/\/schema.org","@graph":[{"@type":"WebPage","@id":"https:\/\/hd-multimedia.com\/trgovina\/kanto-yup6\/","url":"https:\/\/hd-multimedia.com\/trgovina\/kanto-yup6\/","name":"Kanto YUP6 - hd-multimedia","isPartOf":{"@id":"https:\/\/hd-multimedia.com\/#website"},"datePublished":"2025-04-09T08:51:15+00:00","dateModified":"2026-03-06T08:39:55+00:00","description":"Unaprijedite svoj audio sustav s Kanto YUP6 pasivnim bookshelf zvu\u010dnicima gdje se vrhunske komponente susre\u0107u s minimalisti\u010dkim dizajnom.","breadcrumb":{"@id":"https:\/\/hd-multimedia.com\/trgovina\/kanto-yup6\/#breadcrumb"},"inLanguage":"sl-SI","potentialAction":[{"@type":"ReadAction","target":["https:\/\/hd-multimedia.com\/trgovina\/kanto-yup6\/"]}]},{"@type":"BreadcrumbList","@id":"https:\/\/hd-multimedia.com\/trgovina\/kanto-yup6\/#breadcrumb","itemListElement":[{"@type":"ListItem","position":1,"name":"Po\u010detna stranica","item":"https:\/\/hd-multimedia.com\/"},{"@type":"ListItem","position":2,"name":"Trgovina","item":"https:\/\/hd-multimedia.com\/trgovina\/"},{"@type":"ListItem","position":3,"name":"Kanto YUP6"}]},{"@type":"WebSite","@id":"https:\/\/hd-multimedia.com\/#website","url":"https:\/\/hd-multimedia.com\/","name":"hd-multimedia","description":"","publisher":{"@id":"https:\/\/hd-multimedia.com\/#organization"},"potentialAction":[{"@type":"SearchAction","target":{"@type":"EntryPoint","urlTemplate":"https:\/\/hd-multimedia.com\/?s={search_term_string}"},"query-input":"required name=search_term_string"}],"inLanguage":"sl-SI"},{"@type":"Organization","@id":"https:\/\/hd-multimedia.com\/#organization","name":"hd-multimedia","url":"https:\/\/hd-multimedia.com\/","logo":{"@type":"ImageObject","inLanguage":"sl-SI","@id":"https:\/\/hd-multimedia.com\/#\/schema\/logo\/image\/","url":"https:\/\/hd-multimedia.com\/hdm_media\/HD-curves-ok-196-56px-alpha-1.png","contentUrl":"https:\/\/hd-multimedia.com\/hdm_media\/HD-curves-ok-196-56px-alpha-1.png","width":196,"height":53,"caption":"hd-multimedia"},"image":{"@id":"https:\/\/hd-multimedia.com\/#\/schema\/logo\/image\/"}}]}},"post_mailing_queue_ids":[],"_links":{"self":[{"href":"https:\/\/hd-multimedia.com\/sl\/wp-json\/wp\/v2\/product\/18223","targetHints":{"allow":["GET"]}}],"collection":[{"href":"https:\/\/hd-multimedia.com\/sl\/wp-json\/wp\/v2\/product"}],"about":[{"href":"https:\/\/hd-multimedia.com\/sl\/wp-json\/wp\/v2\/types\/product"}],"version-history":[{"count":7,"href":"https:\/\/hd-multimedia.com\/sl\/wp-json\/wp\/v2\/product\/18223\/revisions"}],"predecessor-version":[{"id":18238,"href":"https:\/\/hd-multimedia.com\/sl\/wp-json\/wp\/v2\/product\/18223\/revisions\/18238"}],"wp:featuredmedia":[{"embeddable":true,"href":"https:\/\/hd-multimedia.com\/sl\/wp-json\/wp\/v2\/media\/18219"}],"wp:attachment":[{"href":"https:\/\/hd-multimedia.com\/sl\/wp-json\/wp\/v2\/media?parent=18223"}],"curies":[{"name":"wp","href":"https:\/\/api.w.org\/{rel}","templated":true}]}}