{"id":18159,"date":"2025-04-03T11:47:49","date_gmt":"2025-04-03T11:47:49","guid":{"rendered":"https:\/\/hd-multimedia.com\/?post_type=product&#038;p=18159"},"modified":"2026-03-15T09:53:32","modified_gmt":"2026-03-15T09:53:32","slug":"kanto-se4","status":"publish","type":"product","link":"https:\/\/hd-multimedia.com\/sl\/trgovina\/kanto-se4\/","title":{"rendered":"Kanto SE4"},"content":{"rendered":"<p>Srednje dvignjena namizna stojala za zvo\u010dne omarice Kanto Audio v \u010drni barvi so zasnovana za dvig zvo\u010dnikov na optimalno vi\u0161ino, izbolj\u0161anje \u010distosti zvoka in zmanj\u0161anje odseva s povr\u0161ine mize. Ta stojala so izdelana iz trdnega aluminija in zagotavljajo stabilnost in vzdr\u017eljivost, medtem ko gumijaste blazinice na vrhu in dnu zmanj\u0161ujejo vibracije in \u0161\u010ditijo povr\u0161ine pred praskami. S sodobnim in minimalisti\u010dnim dizajnom se popolnoma prilegajo vsakemu prostoru, ne glede na to, ali jih uporabljate v doma\u010di pisarni, studiu ali igralnici.<\/p>\n<p>Zdru\u017eljiva z razli\u010dnimi knji\u017enimi in studijskimi zvo\u010dniki, vklju\u010dno s Kanto YU4, ta stojala zagotavljajo bolj\u0161e stereo lo\u010devanje in natan\u010dnej\u0161i zvok. Zaradi njihove kombinacije funkcionalnosti in vizualne privla\u010dnosti so odli\u010den dodatek za vse avdiofile, ki \u017eelijo kar najbolje izkoristiti svoje zvo\u010dnike.<\/p>","protected":false},"excerpt":{"rendered":"<p>Ponesite svoje zvo\u010dnike na vi\u0161jo raven z dvignjenim stojalom za zvo\u010dnike Kanto SE4. Kanto SE4 dvigne va\u0161e zvo\u010dnike 14,2 cm visoko in nad povr\u0161ino va\u0161e mize, tako da so bolje poravnani z va\u0161imi u\u0161esi in vam tako zagotovijo brezhiben zvok. Njegova nagnjena platforma je zasnovana tako, da absorbira resonanco in zagotavlja \u010dist zvok brez odseva od bli\u017enjih povr\u0161in. 2,0 mm silikonska obloga zagotavlja, da va\u0161i zvo\u010dniki ostanejo na mestu. Za maksimalno za\u0161\u010dito je SE4 opremljen s kompletom pritrdilnih vijakov, s katerimi lahko zdru\u017eljive zvo\u010dnike pritrdite na stojalo, da prepre\u010dite padce in nesre\u010de. Kanto SE4 je na voljo v \u010drni barvi in zdr\u017ei do 4 kg.<\/p>\n<p><a href=\"https:\/\/www.kantoaudio.com\/speaker-accessories\/se4\/\" target=\"_blank\" rel=\"noopener\">Za ve\u010d informacij glejte tukaj<\/a><\/p>","protected":false},"featured_media":18163,"template":"","meta":{"site-sidebar-layout":"default","site-content-layout":"","ast-site-content-layout":"default","site-content-style":"default","site-sidebar-style":"default","ast-global-header-display":"","ast-banner-title-visibility":"","ast-main-header-display":"","ast-hfb-above-header-display":"","ast-hfb-below-header-display":"","ast-hfb-mobile-header-display":"","site-post-title":"","ast-breadcrumbs-content":"","ast-featured-img":"","footer-sml-layout":"","theme-transparent-header-meta":"default","adv-header-id-meta":"","stick-header-meta":"default","header-above-stick-meta":"","header-main-stick-meta":"","header-below-stick-meta":"","astra-migrate-meta-layouts":"set","ast-page-background-enabled":"default","ast-page-background-meta":{"desktop":{"background-color":"","background-image":"","background-repeat":"repeat","background-position":"center center","background-size":"auto","background-attachment":"scroll","background-type":"","background-media":"","overlay-type":"","overlay-color":"","overlay-opacity":"","overlay-gradient":""},"tablet":{"background-color":"","background-image":"","background-repeat":"repeat","background-position":"center center","background-size":"auto","background-attachment":"scroll","background-type":"","background-media":"","overlay-type":"","overlay-color":"","overlay-opacity":"","overlay-gradient":""},"mobile":{"background-color":"","background-image":"","background-repeat":"repeat","background-position":"center center","background-size":"auto","background-attachment":"scroll","background-type":"","background-media":"","overlay-type":"","overlay-color":"","overlay-opacity":"","overlay-gradient":""}},"ast-content-background-meta":{"desktop":{"background-color":"var(--ast-global-color-5)","background-image":"","background-repeat":"repeat","background-position":"center center","background-size":"auto","background-attachment":"scroll","background-type":"","background-media":"","overlay-type":"","overlay-color":"","overlay-opacity":"","overlay-gradient":""},"tablet":{"background-color":"var(--ast-global-color-5)","background-image":"","background-repeat":"repeat","background-position":"center center","background-size":"auto","background-attachment":"scroll","background-type":"","background-media":"","overlay-type":"","overlay-color":"","overlay-opacity":"","overlay-gradient":""},"mobile":{"background-color":"var(--ast-global-color-5)","background-image":"","background-repeat":"repeat","background-position":"center center","background-size":"auto","background-attachment":"scroll","background-type":"","background-media":"","overlay-type":"","overlay-color":"","overlay-opacity":"","overlay-gradient":""}}},"class_list":["post-18159","product","type-product","status-publish","has-post-thumbnail","hentry","product_cat-kanto-proizvodaci","product_cat-stalci-za-zvucne-kutije","desktop-align-center","tablet-align-center","mobile-align-center","ast-product-gallery-layout-horizontal","ast-magnify-disabled","ast-product-tabs-layout-horizontal"],"yoast_head":"<!-- This site is optimized with the Yoast SEO plugin v21.4 - https:\/\/yoast.com\/wordpress\/plugins\/seo\/ -->\n<title>Kanto SE4 - hd-multimedia<\/title>\n<meta name=\"description\" content=\"Kanto Audio srednji uzdignuti stolni stalci za zvu\u010dne kutije u crnoj boji dizajnirani su kako bi podigli va\u0161e zvu\u010dnike na optimalnu visinu\" \/>\n<meta name=\"robots\" content=\"index, follow, max-snippet:-1, max-image-preview:large, max-video-preview:-1\" \/>\n<link rel=\"canonical\" href=\"https:\/\/hd-multimedia.com\/sl\/trgovina\/kanto-se4\/\" \/>\n<meta property=\"og:locale\" content=\"sl_SI\" \/>\n<meta property=\"og:type\" content=\"article\" \/>\n<meta property=\"og:title\" content=\"Kanto SE4 - hd-multimedia\" \/>\n<meta property=\"og:description\" content=\"Kanto Audio srednji uzdignuti stolni stalci za zvu\u010dne kutije u crnoj boji dizajnirani su kako bi podigli va\u0161e zvu\u010dnike na optimalnu visinu\" \/>\n<meta property=\"og:url\" content=\"https:\/\/hd-multimedia.com\/sl\/trgovina\/kanto-se4\/\" \/>\n<meta property=\"og:site_name\" content=\"hd-multimedia\" \/>\n<meta property=\"article:modified_time\" content=\"2026-03-15T09:53:32+00:00\" \/>\n<meta property=\"og:image\" content=\"https:\/\/hd-multimedia.com\/hdm_media\/se4_main-e1743681172896.png\" \/>\n\t<meta property=\"og:image:width\" content=\"600\" \/>\n\t<meta property=\"og:image:height\" content=\"600\" \/>\n\t<meta property=\"og:image:type\" content=\"image\/png\" \/>\n<meta name=\"twitter:card\" content=\"summary_large_image\" \/>\n<meta name=\"twitter:label1\" content=\"Est. reading time\" \/>\n\t<meta name=\"twitter:data1\" content=\"1 minuta\" \/>\n<script type=\"application\/ld+json\" class=\"yoast-schema-graph\">{\"@context\":\"https:\/\/schema.org\",\"@graph\":[{\"@type\":\"WebPage\",\"@id\":\"https:\/\/hd-multimedia.com\/trgovina\/kanto-se4\/\",\"url\":\"https:\/\/hd-multimedia.com\/trgovina\/kanto-se4\/\",\"name\":\"Kanto SE4 - hd-multimedia\",\"isPartOf\":{\"@id\":\"https:\/\/hd-multimedia.com\/#website\"},\"datePublished\":\"2025-04-03T11:47:49+00:00\",\"dateModified\":\"2026-03-15T09:53:32+00:00\",\"description\":\"Kanto Audio srednji uzdignuti stolni stalci za zvu\u010dne kutije u crnoj boji dizajnirani su kako bi podigli va\u0161e zvu\u010dnike na optimalnu visinu\",\"breadcrumb\":{\"@id\":\"https:\/\/hd-multimedia.com\/trgovina\/kanto-se4\/#breadcrumb\"},\"inLanguage\":\"sl-SI\",\"potentialAction\":[{\"@type\":\"ReadAction\",\"target\":[\"https:\/\/hd-multimedia.com\/trgovina\/kanto-se4\/\"]}]},{\"@type\":\"BreadcrumbList\",\"@id\":\"https:\/\/hd-multimedia.com\/trgovina\/kanto-se4\/#breadcrumb\",\"itemListElement\":[{\"@type\":\"ListItem\",\"position\":1,\"name\":\"Po\u010detna stranica\",\"item\":\"https:\/\/hd-multimedia.com\/\"},{\"@type\":\"ListItem\",\"position\":2,\"name\":\"Trgovina\",\"item\":\"https:\/\/hd-multimedia.com\/trgovina\/\"},{\"@type\":\"ListItem\",\"position\":3,\"name\":\"Kanto SE4\"}]},{\"@type\":\"WebSite\",\"@id\":\"https:\/\/hd-multimedia.com\/#website\",\"url\":\"https:\/\/hd-multimedia.com\/\",\"name\":\"hd-multimedia\",\"description\":\"\",\"publisher\":{\"@id\":\"https:\/\/hd-multimedia.com\/#organization\"},\"potentialAction\":[{\"@type\":\"SearchAction\",\"target\":{\"@type\":\"EntryPoint\",\"urlTemplate\":\"https:\/\/hd-multimedia.com\/?s={search_term_string}\"},\"query-input\":\"required name=search_term_string\"}],\"inLanguage\":\"sl-SI\"},{\"@type\":\"Organization\",\"@id\":\"https:\/\/hd-multimedia.com\/#organization\",\"name\":\"hd-multimedia\",\"url\":\"https:\/\/hd-multimedia.com\/\",\"logo\":{\"@type\":\"ImageObject\",\"inLanguage\":\"sl-SI\",\"@id\":\"https:\/\/hd-multimedia.com\/#\/schema\/logo\/image\/\",\"url\":\"https:\/\/hd-multimedia.com\/hdm_media\/HD-curves-ok-196-56px-alpha-1.png\",\"contentUrl\":\"https:\/\/hd-multimedia.com\/hdm_media\/HD-curves-ok-196-56px-alpha-1.png\",\"width\":196,\"height\":53,\"caption\":\"hd-multimedia\"},\"image\":{\"@id\":\"https:\/\/hd-multimedia.com\/#\/schema\/logo\/image\/\"}}]}<\/script>\n<!-- \/ Yoast SEO plugin. -->","yoast_head_json":{"title":"Kanto SE4 - hd-multimedia","description":"Kanto Audio srednji uzdignuti stolni stalci za zvu\u010dne kutije u crnoj boji dizajnirani su kako bi podigli va\u0161e zvu\u010dnike na optimalnu visinu","robots":{"index":"index","follow":"follow","max-snippet":"max-snippet:-1","max-image-preview":"max-image-preview:large","max-video-preview":"max-video-preview:-1"},"canonical":"https:\/\/hd-multimedia.com\/sl\/trgovina\/kanto-se4\/","og_locale":"sl_SI","og_type":"article","og_title":"Kanto SE4 - hd-multimedia","og_description":"Kanto Audio srednji uzdignuti stolni stalci za zvu\u010dne kutije u crnoj boji dizajnirani su kako bi podigli va\u0161e zvu\u010dnike na optimalnu visinu","og_url":"https:\/\/hd-multimedia.com\/sl\/trgovina\/kanto-se4\/","og_site_name":"hd-multimedia","article_modified_time":"2026-03-15T09:53:32+00:00","og_image":[{"width":600,"height":600,"url":"https:\/\/hd-multimedia.com\/hdm_media\/se4_main-e1743681172896.png","type":"image\/png"}],"twitter_card":"summary_large_image","twitter_misc":{"Est. reading time":"1 minuta"},"schema":{"@context":"https:\/\/schema.org","@graph":[{"@type":"WebPage","@id":"https:\/\/hd-multimedia.com\/trgovina\/kanto-se4\/","url":"https:\/\/hd-multimedia.com\/trgovina\/kanto-se4\/","name":"Kanto SE4 - hd-multimedia","isPartOf":{"@id":"https:\/\/hd-multimedia.com\/#website"},"datePublished":"2025-04-03T11:47:49+00:00","dateModified":"2026-03-15T09:53:32+00:00","description":"Kanto Audio srednji uzdignuti stolni stalci za zvu\u010dne kutije u crnoj boji dizajnirani su kako bi podigli va\u0161e zvu\u010dnike na optimalnu visinu","breadcrumb":{"@id":"https:\/\/hd-multimedia.com\/trgovina\/kanto-se4\/#breadcrumb"},"inLanguage":"sl-SI","potentialAction":[{"@type":"ReadAction","target":["https:\/\/hd-multimedia.com\/trgovina\/kanto-se4\/"]}]},{"@type":"BreadcrumbList","@id":"https:\/\/hd-multimedia.com\/trgovina\/kanto-se4\/#breadcrumb","itemListElement":[{"@type":"ListItem","position":1,"name":"Po\u010detna stranica","item":"https:\/\/hd-multimedia.com\/"},{"@type":"ListItem","position":2,"name":"Trgovina","item":"https:\/\/hd-multimedia.com\/trgovina\/"},{"@type":"ListItem","position":3,"name":"Kanto SE4"}]},{"@type":"WebSite","@id":"https:\/\/hd-multimedia.com\/#website","url":"https:\/\/hd-multimedia.com\/","name":"hd-multimedia","description":"","publisher":{"@id":"https:\/\/hd-multimedia.com\/#organization"},"potentialAction":[{"@type":"SearchAction","target":{"@type":"EntryPoint","urlTemplate":"https:\/\/hd-multimedia.com\/?s={search_term_string}"},"query-input":"required name=search_term_string"}],"inLanguage":"sl-SI"},{"@type":"Organization","@id":"https:\/\/hd-multimedia.com\/#organization","name":"hd-multimedia","url":"https:\/\/hd-multimedia.com\/","logo":{"@type":"ImageObject","inLanguage":"sl-SI","@id":"https:\/\/hd-multimedia.com\/#\/schema\/logo\/image\/","url":"https:\/\/hd-multimedia.com\/hdm_media\/HD-curves-ok-196-56px-alpha-1.png","contentUrl":"https:\/\/hd-multimedia.com\/hdm_media\/HD-curves-ok-196-56px-alpha-1.png","width":196,"height":53,"caption":"hd-multimedia"},"image":{"@id":"https:\/\/hd-multimedia.com\/#\/schema\/logo\/image\/"}}]}},"post_mailing_queue_ids":[],"_links":{"self":[{"href":"https:\/\/hd-multimedia.com\/sl\/wp-json\/wp\/v2\/product\/18159","targetHints":{"allow":["GET"]}}],"collection":[{"href":"https:\/\/hd-multimedia.com\/sl\/wp-json\/wp\/v2\/product"}],"about":[{"href":"https:\/\/hd-multimedia.com\/sl\/wp-json\/wp\/v2\/types\/product"}],"version-history":[{"count":4,"href":"https:\/\/hd-multimedia.com\/sl\/wp-json\/wp\/v2\/product\/18159\/revisions"}],"predecessor-version":[{"id":18308,"href":"https:\/\/hd-multimedia.com\/sl\/wp-json\/wp\/v2\/product\/18159\/revisions\/18308"}],"wp:featuredmedia":[{"embeddable":true,"href":"https:\/\/hd-multimedia.com\/sl\/wp-json\/wp\/v2\/media\/18163"}],"wp:attachment":[{"href":"https:\/\/hd-multimedia.com\/sl\/wp-json\/wp\/v2\/media?parent=18159"}],"curies":[{"name":"wp","href":"https:\/\/api.w.org\/{rel}","templated":true}]}}