{"id":18139,"date":"2025-04-03T08:06:18","date_gmt":"2025-04-03T08:06:18","guid":{"rendered":"https:\/\/hd-multimedia.com\/?post_type=product&#038;p=18139"},"modified":"2026-03-07T16:15:59","modified_gmt":"2026-03-07T16:15:59","slug":"kanto-s4","status":"publish","type":"product","link":"https:\/\/hd-multimedia.com\/sl\/trgovina\/kanto-s4\/","title":{"rendered":"Kanto S4"},"content":{"rendered":"<p>Srednja stojala za namizne zvo\u010dnike Kanto S4 v \u010drni barvi so zasnovana tako, da zagotavljajo izbolj\u0161ano stabilnost in optimalen kot poslu\u0161anja za va\u0161e namizne zvo\u010dnike. Z naklonom 16 stopinj omogo\u010dajo natan\u010dno projekcijo zvoka, zmanj\u0161ujejo odboje od povr\u0161ine mize in izbolj\u0161ajo splo\u0161no jasnost zvoka. Ta stojala so izdelana iz visokokakovostnega aluminija in nudijo trdno in dolgotrajno konstrukcijo, medtem ko gumijaste blazinice na dnu in na vrhu zmanj\u0161ujejo tresljaje in \u0161\u010ditijo povr\u0161ine. Odli\u010dno se prilegajo vsakemu prostoru, zagotavljajo funkcionalnost in estetiko v modernem dizajnu.<\/p>","protected":false},"excerpt":{"rendered":"<p>Kanto S4 so srednje velika namizna stojala za zvo\u010dnike in popoln dodatek va\u0161i mizi. S 16-stopinjskim nagibom navzgor zagotavljajo, da boste izkusili celoten razpon frekvenc, ki jih ponujajo va\u0161i zvo\u010dniki. Vsako stojalo ima penasto oblazinjenje za zmanj\u0161anje vibracij, ko pove\u010date glasnost, in vklju\u010duje pritrdilno luknjo in vijak 1\/4\u201d-20 za pritrditev zvo\u010dnikov Kanto YU4 ali drugih zvo\u010dnikov, ki ustrezajo velikosti.<\/p>\n<p><a href=\"https:\/\/www.kantoaudio.com\/speaker-accessories\/s4\/\" target=\"_blank\" rel=\"noopener\">Za ve\u010d informacij glejte tukaj<\/a><\/p>","protected":false},"featured_media":18142,"template":"","meta":{"site-sidebar-layout":"default","site-content-layout":"","ast-site-content-layout":"default","site-content-style":"default","site-sidebar-style":"default","ast-global-header-display":"","ast-banner-title-visibility":"","ast-main-header-display":"","ast-hfb-above-header-display":"","ast-hfb-below-header-display":"","ast-hfb-mobile-header-display":"","site-post-title":"","ast-breadcrumbs-content":"","ast-featured-img":"","footer-sml-layout":"","theme-transparent-header-meta":"default","adv-header-id-meta":"","stick-header-meta":"default","header-above-stick-meta":"","header-main-stick-meta":"","header-below-stick-meta":"","astra-migrate-meta-layouts":"set","ast-page-background-enabled":"default","ast-page-background-meta":{"desktop":{"background-color":"","background-image":"","background-repeat":"repeat","background-position":"center center","background-size":"auto","background-attachment":"scroll","background-type":"","background-media":"","overlay-type":"","overlay-color":"","overlay-opacity":"","overlay-gradient":""},"tablet":{"background-color":"","background-image":"","background-repeat":"repeat","background-position":"center center","background-size":"auto","background-attachment":"scroll","background-type":"","background-media":"","overlay-type":"","overlay-color":"","overlay-opacity":"","overlay-gradient":""},"mobile":{"background-color":"","background-image":"","background-repeat":"repeat","background-position":"center center","background-size":"auto","background-attachment":"scroll","background-type":"","background-media":"","overlay-type":"","overlay-color":"","overlay-opacity":"","overlay-gradient":""}},"ast-content-background-meta":{"desktop":{"background-color":"var(--ast-global-color-5)","background-image":"","background-repeat":"repeat","background-position":"center center","background-size":"auto","background-attachment":"scroll","background-type":"","background-media":"","overlay-type":"","overlay-color":"","overlay-opacity":"","overlay-gradient":""},"tablet":{"background-color":"var(--ast-global-color-5)","background-image":"","background-repeat":"repeat","background-position":"center center","background-size":"auto","background-attachment":"scroll","background-type":"","background-media":"","overlay-type":"","overlay-color":"","overlay-opacity":"","overlay-gradient":""},"mobile":{"background-color":"var(--ast-global-color-5)","background-image":"","background-repeat":"repeat","background-position":"center center","background-size":"auto","background-attachment":"scroll","background-type":"","background-media":"","overlay-type":"","overlay-color":"","overlay-opacity":"","overlay-gradient":""}}},"class_list":["post-18139","product","type-product","status-publish","has-post-thumbnail","hentry","product_cat-kanto-proizvodaci","product_cat-stalci-za-zvucne-kutije","desktop-align-center","tablet-align-center","mobile-align-center","ast-product-gallery-layout-horizontal","ast-magnify-disabled","ast-product-tabs-layout-horizontal"],"yoast_head":"<!-- This site is optimized with the Yoast SEO plugin v21.4 - https:\/\/yoast.com\/wordpress\/plugins\/seo\/ -->\n<title>Kanto S4 - hd-multimedia<\/title>\n<meta name=\"description\" content=\"Kanto S4 su stolni stalci za zvu\u010dnike srednje veli\u010dine i savr\u0161eni dodatak za radni stol. imaju nagib od 16 stupnjeva prema gore.\" \/>\n<meta name=\"robots\" content=\"index, follow, max-snippet:-1, max-image-preview:large, max-video-preview:-1\" \/>\n<link rel=\"canonical\" href=\"https:\/\/hd-multimedia.com\/sl\/trgovina\/kanto-s4\/\" \/>\n<meta property=\"og:locale\" content=\"sl_SI\" \/>\n<meta property=\"og:type\" content=\"article\" \/>\n<meta property=\"og:title\" content=\"Kanto S4 - hd-multimedia\" \/>\n<meta property=\"og:description\" content=\"Kanto S4 su stolni stalci za zvu\u010dnike srednje veli\u010dine i savr\u0161eni dodatak za radni stol. imaju nagib od 16 stupnjeva prema gore.\" \/>\n<meta property=\"og:url\" content=\"https:\/\/hd-multimedia.com\/sl\/trgovina\/kanto-s4\/\" \/>\n<meta property=\"og:site_name\" content=\"hd-multimedia\" \/>\n<meta property=\"article:modified_time\" content=\"2026-03-07T16:15:59+00:00\" \/>\n<meta property=\"og:image\" content=\"https:\/\/hd-multimedia.com\/hdm_media\/s4_main-e1743668263459.png\" \/>\n\t<meta property=\"og:image:width\" content=\"600\" \/>\n\t<meta property=\"og:image:height\" content=\"600\" \/>\n\t<meta property=\"og:image:type\" content=\"image\/png\" \/>\n<meta name=\"twitter:card\" content=\"summary_large_image\" \/>\n<meta name=\"twitter:label1\" content=\"Est. reading time\" \/>\n\t<meta name=\"twitter:data1\" content=\"1 minuta\" \/>\n<script type=\"application\/ld+json\" class=\"yoast-schema-graph\">{\"@context\":\"https:\/\/schema.org\",\"@graph\":[{\"@type\":\"WebPage\",\"@id\":\"https:\/\/hd-multimedia.com\/trgovina\/kanto-s4\/\",\"url\":\"https:\/\/hd-multimedia.com\/trgovina\/kanto-s4\/\",\"name\":\"Kanto S4 - hd-multimedia\",\"isPartOf\":{\"@id\":\"https:\/\/hd-multimedia.com\/#website\"},\"datePublished\":\"2025-04-03T08:06:18+00:00\",\"dateModified\":\"2026-03-07T16:15:59+00:00\",\"description\":\"Kanto S4 su stolni stalci za zvu\u010dnike srednje veli\u010dine i savr\u0161eni dodatak za radni stol. imaju nagib od 16 stupnjeva prema gore.\",\"breadcrumb\":{\"@id\":\"https:\/\/hd-multimedia.com\/trgovina\/kanto-s4\/#breadcrumb\"},\"inLanguage\":\"sl-SI\",\"potentialAction\":[{\"@type\":\"ReadAction\",\"target\":[\"https:\/\/hd-multimedia.com\/trgovina\/kanto-s4\/\"]}]},{\"@type\":\"BreadcrumbList\",\"@id\":\"https:\/\/hd-multimedia.com\/trgovina\/kanto-s4\/#breadcrumb\",\"itemListElement\":[{\"@type\":\"ListItem\",\"position\":1,\"name\":\"Po\u010detna stranica\",\"item\":\"https:\/\/hd-multimedia.com\/\"},{\"@type\":\"ListItem\",\"position\":2,\"name\":\"Trgovina\",\"item\":\"https:\/\/hd-multimedia.com\/trgovina\/\"},{\"@type\":\"ListItem\",\"position\":3,\"name\":\"Kanto S4\"}]},{\"@type\":\"WebSite\",\"@id\":\"https:\/\/hd-multimedia.com\/#website\",\"url\":\"https:\/\/hd-multimedia.com\/\",\"name\":\"hd-multimedia\",\"description\":\"\",\"publisher\":{\"@id\":\"https:\/\/hd-multimedia.com\/#organization\"},\"potentialAction\":[{\"@type\":\"SearchAction\",\"target\":{\"@type\":\"EntryPoint\",\"urlTemplate\":\"https:\/\/hd-multimedia.com\/?s={search_term_string}\"},\"query-input\":\"required name=search_term_string\"}],\"inLanguage\":\"sl-SI\"},{\"@type\":\"Organization\",\"@id\":\"https:\/\/hd-multimedia.com\/#organization\",\"name\":\"hd-multimedia\",\"url\":\"https:\/\/hd-multimedia.com\/\",\"logo\":{\"@type\":\"ImageObject\",\"inLanguage\":\"sl-SI\",\"@id\":\"https:\/\/hd-multimedia.com\/#\/schema\/logo\/image\/\",\"url\":\"https:\/\/hd-multimedia.com\/hdm_media\/HD-curves-ok-196-56px-alpha-1.png\",\"contentUrl\":\"https:\/\/hd-multimedia.com\/hdm_media\/HD-curves-ok-196-56px-alpha-1.png\",\"width\":196,\"height\":53,\"caption\":\"hd-multimedia\"},\"image\":{\"@id\":\"https:\/\/hd-multimedia.com\/#\/schema\/logo\/image\/\"}}]}<\/script>\n<!-- \/ Yoast SEO plugin. -->","yoast_head_json":{"title":"Kanto S4 - hd-multimedia","description":"Kanto S4 su stolni stalci za zvu\u010dnike srednje veli\u010dine i savr\u0161eni dodatak za radni stol. imaju nagib od 16 stupnjeva prema gore.","robots":{"index":"index","follow":"follow","max-snippet":"max-snippet:-1","max-image-preview":"max-image-preview:large","max-video-preview":"max-video-preview:-1"},"canonical":"https:\/\/hd-multimedia.com\/sl\/trgovina\/kanto-s4\/","og_locale":"sl_SI","og_type":"article","og_title":"Kanto S4 - hd-multimedia","og_description":"Kanto S4 su stolni stalci za zvu\u010dnike srednje veli\u010dine i savr\u0161eni dodatak za radni stol. imaju nagib od 16 stupnjeva prema gore.","og_url":"https:\/\/hd-multimedia.com\/sl\/trgovina\/kanto-s4\/","og_site_name":"hd-multimedia","article_modified_time":"2026-03-07T16:15:59+00:00","og_image":[{"width":600,"height":600,"url":"https:\/\/hd-multimedia.com\/hdm_media\/s4_main-e1743668263459.png","type":"image\/png"}],"twitter_card":"summary_large_image","twitter_misc":{"Est. reading time":"1 minuta"},"schema":{"@context":"https:\/\/schema.org","@graph":[{"@type":"WebPage","@id":"https:\/\/hd-multimedia.com\/trgovina\/kanto-s4\/","url":"https:\/\/hd-multimedia.com\/trgovina\/kanto-s4\/","name":"Kanto S4 - hd-multimedia","isPartOf":{"@id":"https:\/\/hd-multimedia.com\/#website"},"datePublished":"2025-04-03T08:06:18+00:00","dateModified":"2026-03-07T16:15:59+00:00","description":"Kanto S4 su stolni stalci za zvu\u010dnike srednje veli\u010dine i savr\u0161eni dodatak za radni stol. imaju nagib od 16 stupnjeva prema gore.","breadcrumb":{"@id":"https:\/\/hd-multimedia.com\/trgovina\/kanto-s4\/#breadcrumb"},"inLanguage":"sl-SI","potentialAction":[{"@type":"ReadAction","target":["https:\/\/hd-multimedia.com\/trgovina\/kanto-s4\/"]}]},{"@type":"BreadcrumbList","@id":"https:\/\/hd-multimedia.com\/trgovina\/kanto-s4\/#breadcrumb","itemListElement":[{"@type":"ListItem","position":1,"name":"Po\u010detna stranica","item":"https:\/\/hd-multimedia.com\/"},{"@type":"ListItem","position":2,"name":"Trgovina","item":"https:\/\/hd-multimedia.com\/trgovina\/"},{"@type":"ListItem","position":3,"name":"Kanto S4"}]},{"@type":"WebSite","@id":"https:\/\/hd-multimedia.com\/#website","url":"https:\/\/hd-multimedia.com\/","name":"hd-multimedia","description":"","publisher":{"@id":"https:\/\/hd-multimedia.com\/#organization"},"potentialAction":[{"@type":"SearchAction","target":{"@type":"EntryPoint","urlTemplate":"https:\/\/hd-multimedia.com\/?s={search_term_string}"},"query-input":"required name=search_term_string"}],"inLanguage":"sl-SI"},{"@type":"Organization","@id":"https:\/\/hd-multimedia.com\/#organization","name":"hd-multimedia","url":"https:\/\/hd-multimedia.com\/","logo":{"@type":"ImageObject","inLanguage":"sl-SI","@id":"https:\/\/hd-multimedia.com\/#\/schema\/logo\/image\/","url":"https:\/\/hd-multimedia.com\/hdm_media\/HD-curves-ok-196-56px-alpha-1.png","contentUrl":"https:\/\/hd-multimedia.com\/hdm_media\/HD-curves-ok-196-56px-alpha-1.png","width":196,"height":53,"caption":"hd-multimedia"},"image":{"@id":"https:\/\/hd-multimedia.com\/#\/schema\/logo\/image\/"}}]}},"post_mailing_queue_ids":[],"_links":{"self":[{"href":"https:\/\/hd-multimedia.com\/sl\/wp-json\/wp\/v2\/product\/18139","targetHints":{"allow":["GET"]}}],"collection":[{"href":"https:\/\/hd-multimedia.com\/sl\/wp-json\/wp\/v2\/product"}],"about":[{"href":"https:\/\/hd-multimedia.com\/sl\/wp-json\/wp\/v2\/types\/product"}],"version-history":[{"count":6,"href":"https:\/\/hd-multimedia.com\/sl\/wp-json\/wp\/v2\/product\/18139\/revisions"}],"predecessor-version":[{"id":18561,"href":"https:\/\/hd-multimedia.com\/sl\/wp-json\/wp\/v2\/product\/18139\/revisions\/18561"}],"wp:featuredmedia":[{"embeddable":true,"href":"https:\/\/hd-multimedia.com\/sl\/wp-json\/wp\/v2\/media\/18142"}],"wp:attachment":[{"href":"https:\/\/hd-multimedia.com\/sl\/wp-json\/wp\/v2\/media?parent=18139"}],"curies":[{"name":"wp","href":"https:\/\/api.w.org\/{rel}","templated":true}]}}