{"id":18088,"date":"2025-03-27T08:10:09","date_gmt":"2025-03-27T08:10:09","guid":{"rendered":"https:\/\/hd-multimedia.com\/?post_type=product&#038;p=18088"},"modified":"2025-04-10T10:29:55","modified_gmt":"2025-04-10T10:29:55","slug":"kanto-h3","status":"publish","type":"product","link":"https:\/\/hd-multimedia.com\/sl\/trgovina\/kanto-h3\/","title":{"rendered":"Kanto H3"},"content":{"rendered":"<p>Stojalo za slu\u0161alke Kanto H3 je elegantna in robustna re\u0161itev za organiziranje in enostaven dostop do slu\u0161alk. Z minimalisti\u010dno zasnovo ima H3 jekleno podlago in ukrivljeno silikonsko dr\u017ealo, ki ne\u017eno dr\u017ei slu\u0161alke, ne da bi pri tem povzro\u010dalo pritisk ali po\u0161kodbe. Njegovo obte\u017eeno podno\u017eje zagotavlja stabilnost in prepre\u010duje prevra\u010danje, medtem ko njegove kompaktne mere pomagajo ohranjati va\u0161 delovni prostor urejen. Ne glede na to, ali uporabljate studijske, igralne ali vrhunske avdio slu\u0161alke, stojalo H3 zagotavlja varno in elegantno mesto za va\u0161e naprave.<\/p>","protected":false},"excerpt":{"rendered":"<p>S stojalom za slu\u0161alke Kanto H3 poka\u017eite svoje slu\u0161alke, pospravite delovni prostor in namizju dodajte malo stila. Z elegantnim in modernim videzom H3 dopolnjuje vsak delovni prostor in pomaga dose\u010di dobro organizirano okolje. Njegovo stojalo je podlo\u017eeno s silikonom, ki ne\u017eno dr\u017ei slu\u0161alke brez pritiska ali po\u0161kodb, protizdrsna silikonska podlaga pa zagotavlja stabilno povezavo s povr\u0161ino mize. Stojalo za slu\u0161alke H3 je dovolj veliko za slu\u0161alke katere koli velikosti in vklju\u010duje priro\u010den prostor za shranjevanje 1\u20444\u2033 adapterja za slu\u0161alke, ki ga ima vedno na dosegu roke. Z vrhunskimi materiali in kovinsko konstrukcijo je to dr\u017ealo za slu\u0161alke popoln dodatek za avdio navdu\u0161ence in igralce iger, ki i\u0161\u010dejo udobje in odli\u010den dizajn.<\/p>\n<p><a href=\"https:\/\/www.kantoaudio.com\/speaker-accessories\/h3\/\" target=\"_blank\" rel=\"noopener\">Za ve\u010d informacij glejte tukaj<\/a><\/p>","protected":false},"featured_media":18092,"template":"","meta":{"site-sidebar-layout":"default","site-content-layout":"","ast-site-content-layout":"default","site-content-style":"default","site-sidebar-style":"default","ast-global-header-display":"","ast-banner-title-visibility":"","ast-main-header-display":"","ast-hfb-above-header-display":"","ast-hfb-below-header-display":"","ast-hfb-mobile-header-display":"","site-post-title":"","ast-breadcrumbs-content":"","ast-featured-img":"","footer-sml-layout":"","theme-transparent-header-meta":"default","adv-header-id-meta":"","stick-header-meta":"default","header-above-stick-meta":"","header-main-stick-meta":"","header-below-stick-meta":"","astra-migrate-meta-layouts":"set","ast-page-background-enabled":"default","ast-page-background-meta":{"desktop":{"background-color":"","background-image":"","background-repeat":"repeat","background-position":"center center","background-size":"auto","background-attachment":"scroll","background-type":"","background-media":"","overlay-type":"","overlay-color":"","overlay-opacity":"","overlay-gradient":""},"tablet":{"background-color":"","background-image":"","background-repeat":"repeat","background-position":"center center","background-size":"auto","background-attachment":"scroll","background-type":"","background-media":"","overlay-type":"","overlay-color":"","overlay-opacity":"","overlay-gradient":""},"mobile":{"background-color":"","background-image":"","background-repeat":"repeat","background-position":"center center","background-size":"auto","background-attachment":"scroll","background-type":"","background-media":"","overlay-type":"","overlay-color":"","overlay-opacity":"","overlay-gradient":""}},"ast-content-background-meta":{"desktop":{"background-color":"var(--ast-global-color-5)","background-image":"","background-repeat":"repeat","background-position":"center center","background-size":"auto","background-attachment":"scroll","background-type":"","background-media":"","overlay-type":"","overlay-color":"","overlay-opacity":"","overlay-gradient":""},"tablet":{"background-color":"var(--ast-global-color-5)","background-image":"","background-repeat":"repeat","background-position":"center center","background-size":"auto","background-attachment":"scroll","background-type":"","background-media":"","overlay-type":"","overlay-color":"","overlay-opacity":"","overlay-gradient":""},"mobile":{"background-color":"var(--ast-global-color-5)","background-image":"","background-repeat":"repeat","background-position":"center center","background-size":"auto","background-attachment":"scroll","background-type":"","background-media":"","overlay-type":"","overlay-color":"","overlay-opacity":"","overlay-gradient":""}}},"class_list":["post-18088","product","type-product","status-publish","has-post-thumbnail","hentry","product_cat-kanto-proizvodaci","product_cat-naglavne-slusalice","desktop-align-center","tablet-align-center","mobile-align-center","ast-product-gallery-layout-horizontal","ast-magnify-disabled","ast-product-tabs-layout-horizontal"],"yoast_head":"<!-- This site is optimized with the Yoast SEO plugin v21.4 - https:\/\/yoast.com\/wordpress\/plugins\/seo\/ -->\n<title>Kanto H3 - hd-multimedia<\/title>\n<meta name=\"description\" content=\"S modernom crnom zavr\u0161nom obradom, Kanto H3 stalak za slu\u0161alice savr\u0161eno se uklapa u svaki radni prostor ili gejming postavku.\" \/>\n<meta name=\"robots\" content=\"index, follow, max-snippet:-1, max-image-preview:large, max-video-preview:-1\" \/>\n<link rel=\"canonical\" href=\"https:\/\/hd-multimedia.com\/sl\/trgovina\/kanto-h3\/\" \/>\n<meta property=\"og:locale\" content=\"sl_SI\" \/>\n<meta property=\"og:type\" content=\"article\" \/>\n<meta property=\"og:title\" content=\"Kanto H3 - hd-multimedia\" \/>\n<meta property=\"og:description\" content=\"S modernom crnom zavr\u0161nom obradom, Kanto H3 stalak za slu\u0161alice savr\u0161eno se uklapa u svaki radni prostor ili gejming postavku.\" \/>\n<meta property=\"og:url\" content=\"https:\/\/hd-multimedia.com\/sl\/trgovina\/kanto-h3\/\" \/>\n<meta property=\"og:site_name\" content=\"hd-multimedia\" \/>\n<meta property=\"article:modified_time\" content=\"2025-04-10T10:29:55+00:00\" \/>\n<meta property=\"og:image\" content=\"https:\/\/hd-multimedia.com\/hdm_media\/h3_back-1-e1743064556908.png\" \/>\n\t<meta property=\"og:image:width\" content=\"600\" \/>\n\t<meta property=\"og:image:height\" content=\"600\" \/>\n\t<meta property=\"og:image:type\" content=\"image\/png\" \/>\n<meta name=\"twitter:card\" content=\"summary_large_image\" \/>\n<meta name=\"twitter:label1\" content=\"Est. reading time\" \/>\n\t<meta name=\"twitter:data1\" content=\"1 minuta\" \/>\n<script type=\"application\/ld+json\" class=\"yoast-schema-graph\">{\"@context\":\"https:\/\/schema.org\",\"@graph\":[{\"@type\":\"WebPage\",\"@id\":\"https:\/\/hd-multimedia.com\/trgovina\/kanto-h3\/\",\"url\":\"https:\/\/hd-multimedia.com\/trgovina\/kanto-h3\/\",\"name\":\"Kanto H3 - hd-multimedia\",\"isPartOf\":{\"@id\":\"https:\/\/hd-multimedia.com\/#website\"},\"datePublished\":\"2025-03-27T08:10:09+00:00\",\"dateModified\":\"2025-04-10T10:29:55+00:00\",\"description\":\"S modernom crnom zavr\u0161nom obradom, Kanto H3 stalak za slu\u0161alice savr\u0161eno se uklapa u svaki radni prostor ili gejming postavku.\",\"breadcrumb\":{\"@id\":\"https:\/\/hd-multimedia.com\/trgovina\/kanto-h3\/#breadcrumb\"},\"inLanguage\":\"sl-SI\",\"potentialAction\":[{\"@type\":\"ReadAction\",\"target\":[\"https:\/\/hd-multimedia.com\/trgovina\/kanto-h3\/\"]}]},{\"@type\":\"BreadcrumbList\",\"@id\":\"https:\/\/hd-multimedia.com\/trgovina\/kanto-h3\/#breadcrumb\",\"itemListElement\":[{\"@type\":\"ListItem\",\"position\":1,\"name\":\"Po\u010detna stranica\",\"item\":\"https:\/\/hd-multimedia.com\/\"},{\"@type\":\"ListItem\",\"position\":2,\"name\":\"Trgovina\",\"item\":\"https:\/\/hd-multimedia.com\/trgovina\/\"},{\"@type\":\"ListItem\",\"position\":3,\"name\":\"Kanto H3\"}]},{\"@type\":\"WebSite\",\"@id\":\"https:\/\/hd-multimedia.com\/#website\",\"url\":\"https:\/\/hd-multimedia.com\/\",\"name\":\"hd-multimedia\",\"description\":\"\",\"publisher\":{\"@id\":\"https:\/\/hd-multimedia.com\/#organization\"},\"potentialAction\":[{\"@type\":\"SearchAction\",\"target\":{\"@type\":\"EntryPoint\",\"urlTemplate\":\"https:\/\/hd-multimedia.com\/?s={search_term_string}\"},\"query-input\":\"required name=search_term_string\"}],\"inLanguage\":\"sl-SI\"},{\"@type\":\"Organization\",\"@id\":\"https:\/\/hd-multimedia.com\/#organization\",\"name\":\"hd-multimedia\",\"url\":\"https:\/\/hd-multimedia.com\/\",\"logo\":{\"@type\":\"ImageObject\",\"inLanguage\":\"sl-SI\",\"@id\":\"https:\/\/hd-multimedia.com\/#\/schema\/logo\/image\/\",\"url\":\"https:\/\/hd-multimedia.com\/hdm_media\/HD-curves-ok-196-56px-alpha-1.png\",\"contentUrl\":\"https:\/\/hd-multimedia.com\/hdm_media\/HD-curves-ok-196-56px-alpha-1.png\",\"width\":196,\"height\":53,\"caption\":\"hd-multimedia\"},\"image\":{\"@id\":\"https:\/\/hd-multimedia.com\/#\/schema\/logo\/image\/\"}}]}<\/script>\n<!-- \/ Yoast SEO plugin. -->","yoast_head_json":{"title":"Kanto H3 - hd-multimedia","description":"S modernom crnom zavr\u0161nom obradom, Kanto H3 stalak za slu\u0161alice savr\u0161eno se uklapa u svaki radni prostor ili gejming postavku.","robots":{"index":"index","follow":"follow","max-snippet":"max-snippet:-1","max-image-preview":"max-image-preview:large","max-video-preview":"max-video-preview:-1"},"canonical":"https:\/\/hd-multimedia.com\/sl\/trgovina\/kanto-h3\/","og_locale":"sl_SI","og_type":"article","og_title":"Kanto H3 - hd-multimedia","og_description":"S modernom crnom zavr\u0161nom obradom, Kanto H3 stalak za slu\u0161alice savr\u0161eno se uklapa u svaki radni prostor ili gejming postavku.","og_url":"https:\/\/hd-multimedia.com\/sl\/trgovina\/kanto-h3\/","og_site_name":"hd-multimedia","article_modified_time":"2025-04-10T10:29:55+00:00","og_image":[{"width":600,"height":600,"url":"https:\/\/hd-multimedia.com\/hdm_media\/h3_back-1-e1743064556908.png","type":"image\/png"}],"twitter_card":"summary_large_image","twitter_misc":{"Est. reading time":"1 minuta"},"schema":{"@context":"https:\/\/schema.org","@graph":[{"@type":"WebPage","@id":"https:\/\/hd-multimedia.com\/trgovina\/kanto-h3\/","url":"https:\/\/hd-multimedia.com\/trgovina\/kanto-h3\/","name":"Kanto H3 - hd-multimedia","isPartOf":{"@id":"https:\/\/hd-multimedia.com\/#website"},"datePublished":"2025-03-27T08:10:09+00:00","dateModified":"2025-04-10T10:29:55+00:00","description":"S modernom crnom zavr\u0161nom obradom, Kanto H3 stalak za slu\u0161alice savr\u0161eno se uklapa u svaki radni prostor ili gejming postavku.","breadcrumb":{"@id":"https:\/\/hd-multimedia.com\/trgovina\/kanto-h3\/#breadcrumb"},"inLanguage":"sl-SI","potentialAction":[{"@type":"ReadAction","target":["https:\/\/hd-multimedia.com\/trgovina\/kanto-h3\/"]}]},{"@type":"BreadcrumbList","@id":"https:\/\/hd-multimedia.com\/trgovina\/kanto-h3\/#breadcrumb","itemListElement":[{"@type":"ListItem","position":1,"name":"Po\u010detna stranica","item":"https:\/\/hd-multimedia.com\/"},{"@type":"ListItem","position":2,"name":"Trgovina","item":"https:\/\/hd-multimedia.com\/trgovina\/"},{"@type":"ListItem","position":3,"name":"Kanto H3"}]},{"@type":"WebSite","@id":"https:\/\/hd-multimedia.com\/#website","url":"https:\/\/hd-multimedia.com\/","name":"hd-multimedia","description":"","publisher":{"@id":"https:\/\/hd-multimedia.com\/#organization"},"potentialAction":[{"@type":"SearchAction","target":{"@type":"EntryPoint","urlTemplate":"https:\/\/hd-multimedia.com\/?s={search_term_string}"},"query-input":"required name=search_term_string"}],"inLanguage":"sl-SI"},{"@type":"Organization","@id":"https:\/\/hd-multimedia.com\/#organization","name":"hd-multimedia","url":"https:\/\/hd-multimedia.com\/","logo":{"@type":"ImageObject","inLanguage":"sl-SI","@id":"https:\/\/hd-multimedia.com\/#\/schema\/logo\/image\/","url":"https:\/\/hd-multimedia.com\/hdm_media\/HD-curves-ok-196-56px-alpha-1.png","contentUrl":"https:\/\/hd-multimedia.com\/hdm_media\/HD-curves-ok-196-56px-alpha-1.png","width":196,"height":53,"caption":"hd-multimedia"},"image":{"@id":"https:\/\/hd-multimedia.com\/#\/schema\/logo\/image\/"}}]}},"post_mailing_queue_ids":[],"_links":{"self":[{"href":"https:\/\/hd-multimedia.com\/sl\/wp-json\/wp\/v2\/product\/18088","targetHints":{"allow":["GET"]}}],"collection":[{"href":"https:\/\/hd-multimedia.com\/sl\/wp-json\/wp\/v2\/product"}],"about":[{"href":"https:\/\/hd-multimedia.com\/sl\/wp-json\/wp\/v2\/types\/product"}],"version-history":[{"count":8,"href":"https:\/\/hd-multimedia.com\/sl\/wp-json\/wp\/v2\/product\/18088\/revisions"}],"predecessor-version":[{"id":18272,"href":"https:\/\/hd-multimedia.com\/sl\/wp-json\/wp\/v2\/product\/18088\/revisions\/18272"}],"wp:featuredmedia":[{"embeddable":true,"href":"https:\/\/hd-multimedia.com\/sl\/wp-json\/wp\/v2\/media\/18092"}],"wp:attachment":[{"href":"https:\/\/hd-multimedia.com\/sl\/wp-json\/wp\/v2\/media?parent=18088"}],"curies":[{"name":"wp","href":"https:\/\/api.w.org\/{rel}","templated":true}]}}