{"id":18073,"date":"2025-03-25T09:51:31","date_gmt":"2025-03-25T09:51:31","guid":{"rendered":"https:\/\/hd-multimedia.com\/?post_type=product&#038;p=18073"},"modified":"2026-03-13T21:19:06","modified_gmt":"2026-03-13T21:19:06","slug":"kanto-yu4","status":"publish","type":"product","link":"https:\/\/hd-multimedia.com\/sl\/trgovina\/kanto-yu4\/","title":{"rendered":"Pesem YU4"},"content":{"rendered":"<p>Zvo\u010dniki Kanto YU4, zasnovani tako, da se popolnoma prilegajo vsakemu prostoru, so na voljo v razli\u010dnih vrhunskih zaklju\u010dkih, ki dopolnjujejo sodobno notranjost. Prilo\u017eeni so jim daljinski upravljalnik za prilagajanje glasnosti, vnosa in predvajanja ter priro\u010den samodejni na\u010din mirovanja, ki var\u010duje z energijo, ko niso v uporabi. Ne glede na to, ali ste avdiofil ali ob\u010dasni poslu\u0161alec, zvo\u010dniki YU4 zagotavljajo bogat in poglobljen zvok v kompaktnem, lepo oblikovanem paketu, ki v vsak prostor prinese stil in zmogljivost.<\/p>\n<p><a href=\"https:\/\/www.kantoaudio.com\/powered-speakers\/yu4\/\" target=\"_blank\" rel=\"noopener\">Za ve\u010d informacij glejte tukaj<\/a><\/p>\n<p>VOZNIKI<br \/>\n1-pal\u010dni visokotonci s svileno kupolo<br \/>\n4&quot; gonilniki Kevlar\u00ae<\/p>\n<p>AVDIO<br \/>\nOja\u010devalnik razreda D<br \/>\n140 W najve\u010dje mo\u010di (70 W skupno RMS)<br \/>\nFrekven\u010dni odziv: 60 Hz \u2013 20 kHz<\/p>\n<p>VSTOPI<br \/>\n3,5 mm mini vti\u010dnica AUX<br \/>\nRCA s stikalom Phono<br \/>\n2 x opti\u010dni (TOSLINK)<br \/>\nBluetoothTM 4.0 s Qualcomm\u00ae aptXTM<\/p>\n<p>IZHODI<br \/>\nNizkotonec<br \/>\nUSB polnjenje 5V 1A<\/p>\n<p>KAJ JE V \u0160KATLI<br \/>\nDaljinec z baterijami<br \/>\nNapajalni kabel<br \/>\n\u017dica za zvo\u010dnik (16&#039;)<br \/>\n3,5 mm pomo\u017eni kabel (6,5\u2032)<br \/>\n8 x gumijaste noge<br \/>\nPriro\u010dnik<\/p>\n<p>TE\u017dI IN MERE<br \/>\nDimenzije (vsak zvo\u010dnik):<br \/>\n5,5\u2033 \u0160 x 7,5\u2033 D x 8,7\u2033 V (14 x 19 x 22 cm)<br \/>\nNeto te\u017ea (aktivno): 6,9 lb (3,2 kg)<br \/>\nNeto te\u017ea (pasivno): 5,5 lb (2,5 kg)<br \/>\nLuknje za pritrditev z navojem 1\/4\u2032\u2032-20<\/p>","protected":false},"excerpt":{"rendered":"<p>Aktivni zvo\u010dniki Kanto YU4 ponujajo izjemno zvo\u010dno izku\u0161njo v kompaktnem in elegantnem dizajnu. Z najve\u010djo mo\u010djo 140 W in vgrajenim oja\u010devalnikom razreda D ti zvo\u010dniki zagotavljajo \u010dist, uravnote\u017een zvok z bogatimi nizkimi toni in jasnimi visokimi toni. 4-pal\u010dni zvo\u010dniki iz tkanega kevlarja in 1-pal\u010dni visokotonci s svileno kupolo zagotavljajo zvo\u010dno reprodukcijo visoke lo\u010dljivosti, zaradi \u010desar so popolni za glasbo, filme in video igre. Bluetooth povezljivost s Qualcomm aptXTM omogo\u010da brez\u017ei\u010dno pretakanje vsebine v visoki kakovosti, medtem ko vsestranske mo\u017enosti povezovanja \u2014 vklju\u010dno z RCA, opti\u010dno in AUX \u2014 omogo\u010dajo preprosto povezavo z razli\u010dnimi napravami, kot so gramofoni, televizorji in drugo.<\/p>","protected":false},"featured_media":18077,"template":"","meta":{"site-sidebar-layout":"default","site-content-layout":"","ast-site-content-layout":"default","site-content-style":"default","site-sidebar-style":"default","ast-global-header-display":"","ast-banner-title-visibility":"","ast-main-header-display":"","ast-hfb-above-header-display":"","ast-hfb-below-header-display":"","ast-hfb-mobile-header-display":"","site-post-title":"","ast-breadcrumbs-content":"","ast-featured-img":"","footer-sml-layout":"","theme-transparent-header-meta":"default","adv-header-id-meta":"","stick-header-meta":"default","header-above-stick-meta":"","header-main-stick-meta":"","header-below-stick-meta":"","astra-migrate-meta-layouts":"set","ast-page-background-enabled":"default","ast-page-background-meta":{"desktop":{"background-color":"","background-image":"","background-repeat":"repeat","background-position":"center center","background-size":"auto","background-attachment":"scroll","background-type":"","background-media":"","overlay-type":"","overlay-color":"","overlay-opacity":"","overlay-gradient":""},"tablet":{"background-color":"","background-image":"","background-repeat":"repeat","background-position":"center center","background-size":"auto","background-attachment":"scroll","background-type":"","background-media":"","overlay-type":"","overlay-color":"","overlay-opacity":"","overlay-gradient":""},"mobile":{"background-color":"","background-image":"","background-repeat":"repeat","background-position":"center center","background-size":"auto","background-attachment":"scroll","background-type":"","background-media":"","overlay-type":"","overlay-color":"","overlay-opacity":"","overlay-gradient":""}},"ast-content-background-meta":{"desktop":{"background-color":"var(--ast-global-color-5)","background-image":"","background-repeat":"repeat","background-position":"center center","background-size":"auto","background-attachment":"scroll","background-type":"","background-media":"","overlay-type":"","overlay-color":"","overlay-opacity":"","overlay-gradient":""},"tablet":{"background-color":"var(--ast-global-color-5)","background-image":"","background-repeat":"repeat","background-position":"center center","background-size":"auto","background-attachment":"scroll","background-type":"","background-media":"","overlay-type":"","overlay-color":"","overlay-opacity":"","overlay-gradient":""},"mobile":{"background-color":"var(--ast-global-color-5)","background-image":"","background-repeat":"repeat","background-position":"center center","background-size":"auto","background-attachment":"scroll","background-type":"","background-media":"","overlay-type":"","overlay-color":"","overlay-opacity":"","overlay-gradient":""}}},"class_list":["post-18073","product","type-product","status-publish","has-post-thumbnail","hentry","product_cat-kanto-proizvodaci","product_cat-aktivne-zvucne-kutije","desktop-align-center","tablet-align-center","mobile-align-center","ast-product-gallery-layout-horizontal","ast-magnify-disabled","ast-product-single-variable","ast-product-tabs-layout-horizontal"],"yoast_head":"<!-- This site is optimized with the Yoast SEO plugin v21.4 - https:\/\/yoast.com\/wordpress\/plugins\/seo\/ -->\n<title>Kanto YU4 - hd-multimedia<\/title>\n<meta name=\"description\" content=\"Dizajnirani da se savr\u0161eno uklapaju u svaki prostor, YU4 zvu\u010dnici dostupni su u razli\u010ditim premium zavr\u0161nim obradama koje upotpunjuju moderni interijer.\" \/>\n<meta name=\"robots\" content=\"index, follow, max-snippet:-1, max-image-preview:large, max-video-preview:-1\" \/>\n<link rel=\"canonical\" href=\"https:\/\/hd-multimedia.com\/sl\/trgovina\/kanto-yu4\/\" \/>\n<meta property=\"og:locale\" content=\"sl_SI\" \/>\n<meta property=\"og:type\" content=\"article\" \/>\n<meta property=\"og:title\" content=\"Kanto YU4 - hd-multimedia\" \/>\n<meta property=\"og:description\" content=\"Dizajnirani da se savr\u0161eno uklapaju u svaki prostor, YU4 zvu\u010dnici dostupni su u razli\u010ditim premium zavr\u0161nim obradama koje upotpunjuju moderni interijer.\" \/>\n<meta property=\"og:url\" content=\"https:\/\/hd-multimedia.com\/sl\/trgovina\/kanto-yu4\/\" \/>\n<meta property=\"og:site_name\" content=\"hd-multimedia\" \/>\n<meta property=\"article:modified_time\" content=\"2026-03-13T21:19:06+00:00\" \/>\n<meta property=\"og:image\" content=\"https:\/\/hd-multimedia.com\/hdm_media\/yu4mb_main-e1742979787755.png\" \/>\n\t<meta property=\"og:image:width\" content=\"600\" \/>\n\t<meta property=\"og:image:height\" content=\"600\" \/>\n\t<meta property=\"og:image:type\" content=\"image\/png\" \/>\n<meta name=\"twitter:card\" content=\"summary_large_image\" \/>\n<meta name=\"twitter:label1\" content=\"Est. reading time\" \/>\n\t<meta name=\"twitter:data1\" content=\"2 minuti\" \/>\n<script type=\"application\/ld+json\" class=\"yoast-schema-graph\">{\"@context\":\"https:\/\/schema.org\",\"@graph\":[{\"@type\":\"WebPage\",\"@id\":\"https:\/\/hd-multimedia.com\/trgovina\/kanto-yu4\/\",\"url\":\"https:\/\/hd-multimedia.com\/trgovina\/kanto-yu4\/\",\"name\":\"Kanto YU4 - hd-multimedia\",\"isPartOf\":{\"@id\":\"https:\/\/hd-multimedia.com\/#website\"},\"datePublished\":\"2025-03-25T09:51:31+00:00\",\"dateModified\":\"2026-03-13T21:19:06+00:00\",\"description\":\"Dizajnirani da se savr\u0161eno uklapaju u svaki prostor, YU4 zvu\u010dnici dostupni su u razli\u010ditim premium zavr\u0161nim obradama koje upotpunjuju moderni interijer.\",\"breadcrumb\":{\"@id\":\"https:\/\/hd-multimedia.com\/trgovina\/kanto-yu4\/#breadcrumb\"},\"inLanguage\":\"sl-SI\",\"potentialAction\":[{\"@type\":\"ReadAction\",\"target\":[\"https:\/\/hd-multimedia.com\/trgovina\/kanto-yu4\/\"]}]},{\"@type\":\"BreadcrumbList\",\"@id\":\"https:\/\/hd-multimedia.com\/trgovina\/kanto-yu4\/#breadcrumb\",\"itemListElement\":[{\"@type\":\"ListItem\",\"position\":1,\"name\":\"Po\u010detna stranica\",\"item\":\"https:\/\/hd-multimedia.com\/\"},{\"@type\":\"ListItem\",\"position\":2,\"name\":\"Trgovina\",\"item\":\"https:\/\/hd-multimedia.com\/trgovina\/\"},{\"@type\":\"ListItem\",\"position\":3,\"name\":\"Kanto YU4\"}]},{\"@type\":\"WebSite\",\"@id\":\"https:\/\/hd-multimedia.com\/#website\",\"url\":\"https:\/\/hd-multimedia.com\/\",\"name\":\"hd-multimedia\",\"description\":\"\",\"publisher\":{\"@id\":\"https:\/\/hd-multimedia.com\/#organization\"},\"potentialAction\":[{\"@type\":\"SearchAction\",\"target\":{\"@type\":\"EntryPoint\",\"urlTemplate\":\"https:\/\/hd-multimedia.com\/?s={search_term_string}\"},\"query-input\":\"required name=search_term_string\"}],\"inLanguage\":\"sl-SI\"},{\"@type\":\"Organization\",\"@id\":\"https:\/\/hd-multimedia.com\/#organization\",\"name\":\"hd-multimedia\",\"url\":\"https:\/\/hd-multimedia.com\/\",\"logo\":{\"@type\":\"ImageObject\",\"inLanguage\":\"sl-SI\",\"@id\":\"https:\/\/hd-multimedia.com\/#\/schema\/logo\/image\/\",\"url\":\"https:\/\/hd-multimedia.com\/hdm_media\/HD-curves-ok-196-56px-alpha-1.png\",\"contentUrl\":\"https:\/\/hd-multimedia.com\/hdm_media\/HD-curves-ok-196-56px-alpha-1.png\",\"width\":196,\"height\":53,\"caption\":\"hd-multimedia\"},\"image\":{\"@id\":\"https:\/\/hd-multimedia.com\/#\/schema\/logo\/image\/\"}}]}<\/script>\n<!-- \/ Yoast SEO plugin. -->","yoast_head_json":{"title":"Kanto YU4 - hd-multimedia","description":"Dizajnirani da se savr\u0161eno uklapaju u svaki prostor, YU4 zvu\u010dnici dostupni su u razli\u010ditim premium zavr\u0161nim obradama koje upotpunjuju moderni interijer.","robots":{"index":"index","follow":"follow","max-snippet":"max-snippet:-1","max-image-preview":"max-image-preview:large","max-video-preview":"max-video-preview:-1"},"canonical":"https:\/\/hd-multimedia.com\/sl\/trgovina\/kanto-yu4\/","og_locale":"sl_SI","og_type":"article","og_title":"Kanto YU4 - hd-multimedia","og_description":"Dizajnirani da se savr\u0161eno uklapaju u svaki prostor, YU4 zvu\u010dnici dostupni su u razli\u010ditim premium zavr\u0161nim obradama koje upotpunjuju moderni interijer.","og_url":"https:\/\/hd-multimedia.com\/sl\/trgovina\/kanto-yu4\/","og_site_name":"hd-multimedia","article_modified_time":"2026-03-13T21:19:06+00:00","og_image":[{"width":600,"height":600,"url":"https:\/\/hd-multimedia.com\/hdm_media\/yu4mb_main-e1742979787755.png","type":"image\/png"}],"twitter_card":"summary_large_image","twitter_misc":{"Est. reading time":"2 minuti"},"schema":{"@context":"https:\/\/schema.org","@graph":[{"@type":"WebPage","@id":"https:\/\/hd-multimedia.com\/trgovina\/kanto-yu4\/","url":"https:\/\/hd-multimedia.com\/trgovina\/kanto-yu4\/","name":"Kanto YU4 - hd-multimedia","isPartOf":{"@id":"https:\/\/hd-multimedia.com\/#website"},"datePublished":"2025-03-25T09:51:31+00:00","dateModified":"2026-03-13T21:19:06+00:00","description":"Dizajnirani da se savr\u0161eno uklapaju u svaki prostor, YU4 zvu\u010dnici dostupni su u razli\u010ditim premium zavr\u0161nim obradama koje upotpunjuju moderni interijer.","breadcrumb":{"@id":"https:\/\/hd-multimedia.com\/trgovina\/kanto-yu4\/#breadcrumb"},"inLanguage":"sl-SI","potentialAction":[{"@type":"ReadAction","target":["https:\/\/hd-multimedia.com\/trgovina\/kanto-yu4\/"]}]},{"@type":"BreadcrumbList","@id":"https:\/\/hd-multimedia.com\/trgovina\/kanto-yu4\/#breadcrumb","itemListElement":[{"@type":"ListItem","position":1,"name":"Po\u010detna stranica","item":"https:\/\/hd-multimedia.com\/"},{"@type":"ListItem","position":2,"name":"Trgovina","item":"https:\/\/hd-multimedia.com\/trgovina\/"},{"@type":"ListItem","position":3,"name":"Kanto YU4"}]},{"@type":"WebSite","@id":"https:\/\/hd-multimedia.com\/#website","url":"https:\/\/hd-multimedia.com\/","name":"hd-multimedia","description":"","publisher":{"@id":"https:\/\/hd-multimedia.com\/#organization"},"potentialAction":[{"@type":"SearchAction","target":{"@type":"EntryPoint","urlTemplate":"https:\/\/hd-multimedia.com\/?s={search_term_string}"},"query-input":"required name=search_term_string"}],"inLanguage":"sl-SI"},{"@type":"Organization","@id":"https:\/\/hd-multimedia.com\/#organization","name":"hd-multimedia","url":"https:\/\/hd-multimedia.com\/","logo":{"@type":"ImageObject","inLanguage":"sl-SI","@id":"https:\/\/hd-multimedia.com\/#\/schema\/logo\/image\/","url":"https:\/\/hd-multimedia.com\/hdm_media\/HD-curves-ok-196-56px-alpha-1.png","contentUrl":"https:\/\/hd-multimedia.com\/hdm_media\/HD-curves-ok-196-56px-alpha-1.png","width":196,"height":53,"caption":"hd-multimedia"},"image":{"@id":"https:\/\/hd-multimedia.com\/#\/schema\/logo\/image\/"}}]}},"post_mailing_queue_ids":[],"_links":{"self":[{"href":"https:\/\/hd-multimedia.com\/sl\/wp-json\/wp\/v2\/product\/18073","targetHints":{"allow":["GET"]}}],"collection":[{"href":"https:\/\/hd-multimedia.com\/sl\/wp-json\/wp\/v2\/product"}],"about":[{"href":"https:\/\/hd-multimedia.com\/sl\/wp-json\/wp\/v2\/types\/product"}],"version-history":[{"count":8,"href":"https:\/\/hd-multimedia.com\/sl\/wp-json\/wp\/v2\/product\/18073\/revisions"}],"predecessor-version":[{"id":18191,"href":"https:\/\/hd-multimedia.com\/sl\/wp-json\/wp\/v2\/product\/18073\/revisions\/18191"}],"wp:featuredmedia":[{"embeddable":true,"href":"https:\/\/hd-multimedia.com\/sl\/wp-json\/wp\/v2\/media\/18077"}],"wp:attachment":[{"href":"https:\/\/hd-multimedia.com\/sl\/wp-json\/wp\/v2\/media?parent=18073"}],"curies":[{"name":"wp","href":"https:\/\/api.w.org\/{rel}","templated":true}]}}