{"id":18063,"date":"2025-03-25T09:10:03","date_gmt":"2025-03-25T09:10:03","guid":{"rendered":"https:\/\/hd-multimedia.com\/?post_type=product&#038;p=18063"},"modified":"2026-03-02T22:20:58","modified_gmt":"2026-03-02T22:20:58","slug":"kanto-yu6","status":"publish","type":"product","link":"https:\/\/hd-multimedia.com\/sl\/trgovina\/kanto-yu6\/","title":{"rendered":"Kanto YU6"},"content":{"rendered":"<p>Zvo\u010dniki YU6, oblikovani s poudarkom na slogu in zmogljivosti, so na voljo v razli\u010dnih vrhunskih zaklju\u010dkih, ki se zlahka zlijejo z vsako notranjostjo. Intuitivni uporabni\u0161ki vmesnik vklju\u010duje priro\u010den daljinski upravljalnik za prilagajanje glasnosti in izbiro vira ter samodejne na\u010dine spanja in budnosti za optimalno energetsko u\u010dinkovitost. Ne glede na to, ali ste avdiofil ali ob\u010dasni poslu\u0161alec, ti zvo\u010dniki zagotavljajo dinami\u010dno in poglobljeno zvo\u010dno izku\u0161njo v kompaktnem in elegantno oblikovanem paketu.<\/p>\n<p>Tehni\u010dni podatki:<\/p>\n<p>VOZNIKI<br \/>\n1-pal\u010dni visokotonci s svileno kupolo<br \/>\n5,25&#039;&#039; gonilniki Kevlar\u00ae<\/p>\n<p>AVDIO<br \/>\nOja\u010devalnik razreda D<br \/>\n200 W najve\u010dje mo\u010di (100 W skupne RMS)<br \/>\nFrekven\u010dni odziv: 50 Hz \u2013 20 kHz<\/p>\n<p>Vnosi<br \/>\n3,5 mm mini vti\u010dnica AUX<br \/>\nRCA s stikalom Phono<br \/>\n2 x opti\u010dni (TOSLINK)<br \/>\nBluetoothTM 4.0 s Qualcomm\u00ae aptXTM<\/p>\n<p>IZHODI<br \/>\nNizkotonec<br \/>\nUSB polnjenje 5V 1A<\/p>\n<p>KAJ JE V \u0160KATLI<br \/>\nDaljinec z baterijami<br \/>\nNapajalni kabel<br \/>\n\u017dica za zvo\u010dnik (16&#039;)<br \/>\n3,5 mm pomo\u017eni kabel (6,5\u2032)<br \/>\n8 x gumijaste noge<br \/>\nPriro\u010dnik<\/p>\n<p>TE\u017dI IN MERE<br \/>\nDimenzije (vsak zvo\u010dnik):<br \/>\n6,9&quot; \u0160 x 8,1&quot; D x 10,7&quot; V (17,5 x 20,5 x 27,2 cm)<br \/>\nNeto te\u017ea (aktivno): 11,4 lb (5,2 kg)<br \/>\nNeto te\u017ea (pasivno): 8,7 lb (4,0 kg)<br \/>\nLuknje za pritrditev z navojem 1\/4\u2032\u2032-20<\/p>","protected":false},"excerpt":{"rendered":"<p>Pote\u0161ite svojo \u017eeljo po mo\u010dnem, polnem zvoku s Kanto YU6. Oboro\u017een z neverjetnim oja\u010devalnikom razreda D, ki zagotavlja 200 W mo\u010di, se boste zaradi Kanto YU6 vpra\u0161ali, kaj pomeni biti glasen. Njegovi 5,25-pal\u010dni gonilniki Kevlar\u00ae in 1-pal\u010dni visokotonci s svileno kupolo zagotavljajo podroben zvok v vsak kvadratni centimeter va\u0161e sobe in pri\u010darajo nasmeh od u\u0161es do u\u0161es.<\/p>\n<p>Kanto YU6 zagotavlja uravnote\u017eeno zvo\u010dno kuliso, ne glede na to, ali poslu\u0161ate glasbo, gledate filme ali igrate video igre. Vgrajeni Bluetooth s tehnologijo Qualcomm aptXTM omogo\u010da brez\u017ei\u010dno predvajanje v visoki kakovosti, \u0161tevilne povezave \u2013 vklju\u010dno z RCA z vgrajenim gramofonskim predoja\u010devalnikom \u2013 pa omogo\u010dajo enostavno povezavo z gramofoni, televizorji in drugimi napravami.<\/p>\n<p><a href=\"https:\/\/www.kantoaudio.com\/powered-speakers\/yu6\/\" target=\"_blank\" rel=\"noopener\">Za ve\u010d informacij glejte tukaj<\/a><\/p>","protected":false},"featured_media":18071,"template":"","meta":{"site-sidebar-layout":"default","site-content-layout":"","ast-site-content-layout":"default","site-content-style":"default","site-sidebar-style":"default","ast-global-header-display":"","ast-banner-title-visibility":"","ast-main-header-display":"","ast-hfb-above-header-display":"","ast-hfb-below-header-display":"","ast-hfb-mobile-header-display":"","site-post-title":"","ast-breadcrumbs-content":"","ast-featured-img":"","footer-sml-layout":"","theme-transparent-header-meta":"default","adv-header-id-meta":"","stick-header-meta":"default","header-above-stick-meta":"","header-main-stick-meta":"","header-below-stick-meta":"","astra-migrate-meta-layouts":"set","ast-page-background-enabled":"default","ast-page-background-meta":{"desktop":{"background-color":"","background-image":"","background-repeat":"repeat","background-position":"center center","background-size":"auto","background-attachment":"scroll","background-type":"","background-media":"","overlay-type":"","overlay-color":"","overlay-opacity":"","overlay-gradient":""},"tablet":{"background-color":"","background-image":"","background-repeat":"repeat","background-position":"center center","background-size":"auto","background-attachment":"scroll","background-type":"","background-media":"","overlay-type":"","overlay-color":"","overlay-opacity":"","overlay-gradient":""},"mobile":{"background-color":"","background-image":"","background-repeat":"repeat","background-position":"center center","background-size":"auto","background-attachment":"scroll","background-type":"","background-media":"","overlay-type":"","overlay-color":"","overlay-opacity":"","overlay-gradient":""}},"ast-content-background-meta":{"desktop":{"background-color":"var(--ast-global-color-5)","background-image":"","background-repeat":"repeat","background-position":"center center","background-size":"auto","background-attachment":"scroll","background-type":"","background-media":"","overlay-type":"","overlay-color":"","overlay-opacity":"","overlay-gradient":""},"tablet":{"background-color":"var(--ast-global-color-5)","background-image":"","background-repeat":"repeat","background-position":"center center","background-size":"auto","background-attachment":"scroll","background-type":"","background-media":"","overlay-type":"","overlay-color":"","overlay-opacity":"","overlay-gradient":""},"mobile":{"background-color":"var(--ast-global-color-5)","background-image":"","background-repeat":"repeat","background-position":"center center","background-size":"auto","background-attachment":"scroll","background-type":"","background-media":"","overlay-type":"","overlay-color":"","overlay-opacity":"","overlay-gradient":""}}},"class_list":["post-18063","product","type-product","status-publish","has-post-thumbnail","hentry","product_cat-kanto-proizvodaci","product_cat-aktivne-zvucne-kutije","desktop-align-center","tablet-align-center","mobile-align-center","ast-product-gallery-layout-horizontal","ast-magnify-disabled","ast-product-single-variable","ast-product-tabs-layout-horizontal"],"yoast_head":"<!-- This site is optimized with the Yoast SEO plugin v21.4 - https:\/\/yoast.com\/wordpress\/plugins\/seo\/ -->\n<title>Kanto YU6 - hd-multimedia<\/title>\n<meta name=\"description\" content=\"Zvu\u010dnici Kanto YU6 pru\u017eaju visokovjernu kvalitetu zvuka u elegantnom i modernom dizajnu, \u0161to ih \u010dini savr\u0161enim dodatkom svakom ku\u0107nom audio sustavu.\" \/>\n<meta name=\"robots\" content=\"index, follow, max-snippet:-1, max-image-preview:large, max-video-preview:-1\" \/>\n<link rel=\"canonical\" href=\"https:\/\/hd-multimedia.com\/sl\/trgovina\/kanto-yu6\/\" \/>\n<meta property=\"og:locale\" content=\"sl_SI\" \/>\n<meta property=\"og:type\" content=\"article\" \/>\n<meta property=\"og:title\" content=\"Kanto YU6 - hd-multimedia\" \/>\n<meta property=\"og:description\" content=\"Zvu\u010dnici Kanto YU6 pru\u017eaju visokovjernu kvalitetu zvuka u elegantnom i modernom dizajnu, \u0161to ih \u010dini savr\u0161enim dodatkom svakom ku\u0107nom audio sustavu.\" \/>\n<meta property=\"og:url\" content=\"https:\/\/hd-multimedia.com\/sl\/trgovina\/kanto-yu6\/\" \/>\n<meta property=\"og:site_name\" content=\"hd-multimedia\" \/>\n<meta property=\"article:modified_time\" content=\"2026-03-02T22:20:58+00:00\" \/>\n<meta property=\"og:image\" content=\"https:\/\/hd-multimedia.com\/hdm_media\/yu6wal_main-e1742894685175.png\" \/>\n\t<meta property=\"og:image:width\" content=\"600\" \/>\n\t<meta property=\"og:image:height\" content=\"600\" \/>\n\t<meta property=\"og:image:type\" content=\"image\/png\" \/>\n<meta name=\"twitter:card\" content=\"summary_large_image\" \/>\n<meta name=\"twitter:label1\" content=\"Est. reading time\" \/>\n\t<meta name=\"twitter:data1\" content=\"2 minuti\" \/>\n<script type=\"application\/ld+json\" class=\"yoast-schema-graph\">{\"@context\":\"https:\/\/schema.org\",\"@graph\":[{\"@type\":\"WebPage\",\"@id\":\"https:\/\/hd-multimedia.com\/trgovina\/kanto-yu6\/\",\"url\":\"https:\/\/hd-multimedia.com\/trgovina\/kanto-yu6\/\",\"name\":\"Kanto YU6 - hd-multimedia\",\"isPartOf\":{\"@id\":\"https:\/\/hd-multimedia.com\/#website\"},\"datePublished\":\"2025-03-25T09:10:03+00:00\",\"dateModified\":\"2026-03-02T22:20:58+00:00\",\"description\":\"Zvu\u010dnici Kanto YU6 pru\u017eaju visokovjernu kvalitetu zvuka u elegantnom i modernom dizajnu, \u0161to ih \u010dini savr\u0161enim dodatkom svakom ku\u0107nom audio sustavu.\",\"breadcrumb\":{\"@id\":\"https:\/\/hd-multimedia.com\/trgovina\/kanto-yu6\/#breadcrumb\"},\"inLanguage\":\"sl-SI\",\"potentialAction\":[{\"@type\":\"ReadAction\",\"target\":[\"https:\/\/hd-multimedia.com\/trgovina\/kanto-yu6\/\"]}]},{\"@type\":\"BreadcrumbList\",\"@id\":\"https:\/\/hd-multimedia.com\/trgovina\/kanto-yu6\/#breadcrumb\",\"itemListElement\":[{\"@type\":\"ListItem\",\"position\":1,\"name\":\"Po\u010detna stranica\",\"item\":\"https:\/\/hd-multimedia.com\/\"},{\"@type\":\"ListItem\",\"position\":2,\"name\":\"Trgovina\",\"item\":\"https:\/\/hd-multimedia.com\/trgovina\/\"},{\"@type\":\"ListItem\",\"position\":3,\"name\":\"Kanto YU6\"}]},{\"@type\":\"WebSite\",\"@id\":\"https:\/\/hd-multimedia.com\/#website\",\"url\":\"https:\/\/hd-multimedia.com\/\",\"name\":\"hd-multimedia\",\"description\":\"\",\"publisher\":{\"@id\":\"https:\/\/hd-multimedia.com\/#organization\"},\"potentialAction\":[{\"@type\":\"SearchAction\",\"target\":{\"@type\":\"EntryPoint\",\"urlTemplate\":\"https:\/\/hd-multimedia.com\/?s={search_term_string}\"},\"query-input\":\"required name=search_term_string\"}],\"inLanguage\":\"sl-SI\"},{\"@type\":\"Organization\",\"@id\":\"https:\/\/hd-multimedia.com\/#organization\",\"name\":\"hd-multimedia\",\"url\":\"https:\/\/hd-multimedia.com\/\",\"logo\":{\"@type\":\"ImageObject\",\"inLanguage\":\"sl-SI\",\"@id\":\"https:\/\/hd-multimedia.com\/#\/schema\/logo\/image\/\",\"url\":\"https:\/\/hd-multimedia.com\/hdm_media\/HD-curves-ok-196-56px-alpha-1.png\",\"contentUrl\":\"https:\/\/hd-multimedia.com\/hdm_media\/HD-curves-ok-196-56px-alpha-1.png\",\"width\":196,\"height\":53,\"caption\":\"hd-multimedia\"},\"image\":{\"@id\":\"https:\/\/hd-multimedia.com\/#\/schema\/logo\/image\/\"}}]}<\/script>\n<!-- \/ Yoast SEO plugin. -->","yoast_head_json":{"title":"Kanto YU6 - hd-multimedia","description":"Zvu\u010dnici Kanto YU6 pru\u017eaju visokovjernu kvalitetu zvuka u elegantnom i modernom dizajnu, \u0161to ih \u010dini savr\u0161enim dodatkom svakom ku\u0107nom audio sustavu.","robots":{"index":"index","follow":"follow","max-snippet":"max-snippet:-1","max-image-preview":"max-image-preview:large","max-video-preview":"max-video-preview:-1"},"canonical":"https:\/\/hd-multimedia.com\/sl\/trgovina\/kanto-yu6\/","og_locale":"sl_SI","og_type":"article","og_title":"Kanto YU6 - hd-multimedia","og_description":"Zvu\u010dnici Kanto YU6 pru\u017eaju visokovjernu kvalitetu zvuka u elegantnom i modernom dizajnu, \u0161to ih \u010dini savr\u0161enim dodatkom svakom ku\u0107nom audio sustavu.","og_url":"https:\/\/hd-multimedia.com\/sl\/trgovina\/kanto-yu6\/","og_site_name":"hd-multimedia","article_modified_time":"2026-03-02T22:20:58+00:00","og_image":[{"width":600,"height":600,"url":"https:\/\/hd-multimedia.com\/hdm_media\/yu6wal_main-e1742894685175.png","type":"image\/png"}],"twitter_card":"summary_large_image","twitter_misc":{"Est. reading time":"2 minuti"},"schema":{"@context":"https:\/\/schema.org","@graph":[{"@type":"WebPage","@id":"https:\/\/hd-multimedia.com\/trgovina\/kanto-yu6\/","url":"https:\/\/hd-multimedia.com\/trgovina\/kanto-yu6\/","name":"Kanto YU6 - hd-multimedia","isPartOf":{"@id":"https:\/\/hd-multimedia.com\/#website"},"datePublished":"2025-03-25T09:10:03+00:00","dateModified":"2026-03-02T22:20:58+00:00","description":"Zvu\u010dnici Kanto YU6 pru\u017eaju visokovjernu kvalitetu zvuka u elegantnom i modernom dizajnu, \u0161to ih \u010dini savr\u0161enim dodatkom svakom ku\u0107nom audio sustavu.","breadcrumb":{"@id":"https:\/\/hd-multimedia.com\/trgovina\/kanto-yu6\/#breadcrumb"},"inLanguage":"sl-SI","potentialAction":[{"@type":"ReadAction","target":["https:\/\/hd-multimedia.com\/trgovina\/kanto-yu6\/"]}]},{"@type":"BreadcrumbList","@id":"https:\/\/hd-multimedia.com\/trgovina\/kanto-yu6\/#breadcrumb","itemListElement":[{"@type":"ListItem","position":1,"name":"Po\u010detna stranica","item":"https:\/\/hd-multimedia.com\/"},{"@type":"ListItem","position":2,"name":"Trgovina","item":"https:\/\/hd-multimedia.com\/trgovina\/"},{"@type":"ListItem","position":3,"name":"Kanto YU6"}]},{"@type":"WebSite","@id":"https:\/\/hd-multimedia.com\/#website","url":"https:\/\/hd-multimedia.com\/","name":"hd-multimedia","description":"","publisher":{"@id":"https:\/\/hd-multimedia.com\/#organization"},"potentialAction":[{"@type":"SearchAction","target":{"@type":"EntryPoint","urlTemplate":"https:\/\/hd-multimedia.com\/?s={search_term_string}"},"query-input":"required name=search_term_string"}],"inLanguage":"sl-SI"},{"@type":"Organization","@id":"https:\/\/hd-multimedia.com\/#organization","name":"hd-multimedia","url":"https:\/\/hd-multimedia.com\/","logo":{"@type":"ImageObject","inLanguage":"sl-SI","@id":"https:\/\/hd-multimedia.com\/#\/schema\/logo\/image\/","url":"https:\/\/hd-multimedia.com\/hdm_media\/HD-curves-ok-196-56px-alpha-1.png","contentUrl":"https:\/\/hd-multimedia.com\/hdm_media\/HD-curves-ok-196-56px-alpha-1.png","width":196,"height":53,"caption":"hd-multimedia"},"image":{"@id":"https:\/\/hd-multimedia.com\/#\/schema\/logo\/image\/"}}]}},"post_mailing_queue_ids":[],"_links":{"self":[{"href":"https:\/\/hd-multimedia.com\/sl\/wp-json\/wp\/v2\/product\/18063","targetHints":{"allow":["GET"]}}],"collection":[{"href":"https:\/\/hd-multimedia.com\/sl\/wp-json\/wp\/v2\/product"}],"about":[{"href":"https:\/\/hd-multimedia.com\/sl\/wp-json\/wp\/v2\/types\/product"}],"version-history":[{"count":6,"href":"https:\/\/hd-multimedia.com\/sl\/wp-json\/wp\/v2\/product\/18063\/revisions"}],"predecessor-version":[{"id":18207,"href":"https:\/\/hd-multimedia.com\/sl\/wp-json\/wp\/v2\/product\/18063\/revisions\/18207"}],"wp:featuredmedia":[{"embeddable":true,"href":"https:\/\/hd-multimedia.com\/sl\/wp-json\/wp\/v2\/media\/18071"}],"wp:attachment":[{"href":"https:\/\/hd-multimedia.com\/sl\/wp-json\/wp\/v2\/media?parent=18063"}],"curies":[{"name":"wp","href":"https:\/\/api.w.org\/{rel}","templated":true}]}}