{"id":18050,"date":"2025-03-24T10:11:11","date_gmt":"2025-03-24T10:11:11","guid":{"rendered":"https:\/\/hd-multimedia.com\/?post_type=product&#038;p=18050"},"modified":"2026-03-09T21:38:02","modified_gmt":"2026-03-09T21:38:02","slug":"kanto-sub8","status":"publish","type":"product","link":"https:\/\/hd-multimedia.com\/sl\/trgovina\/kanto-sub8\/","title":{"rendered":"Kanto SUB8"},"content":{"rendered":"<p>Aktivni nizkotonec Kanto SUB8 je zasnovan za dodajanje globokih in mo\u010dnih nizkih tonov va\u0161emu avdio sistemu, hkrati pa ohranja kompakten in eleganten videz. Z 8-pal\u010dnim spredaj usmerjenim gonilnikom s papirnatim sto\u017ecem in oja\u010devalnikom razreda D, ki zagotavlja najve\u010djo mo\u010d 300 W (150 W RMS), SUB8 izbolj\u0161a nizke frekvence ter ustvari bogato in poglobljeno zvo\u010dno izku\u0161njo. Ne glede na to, ali poslu\u0161ate glasbo, gledate filme ali igrate igre, ta nizkotonec zagotavlja mo\u010dne, a nadzorovane nizke tone brez popa\u010denja. natan\u010dno nastavite zvok, da se popolnoma ujema z va\u0161imi obstoje\u010dimi zvo\u010dniki.<\/p>\n<p>Kanto SUB8 Power Subwoofer Vklju\u010duje: RCA kabel | Napajalni kabel | Priro\u010dnik<\/p>","protected":false},"excerpt":{"rendered":"<p>Kanto SUB8 vam nudi hitrost in natan\u010dnost, ki ju lahko zagotovi le zaprt nizkotonec. 8-pal\u010dni nizkotonec, ki ga poganja 300 W oja\u010devalnik, se hitro odzove na prehode in zmanj\u0161a popa\u010denje na minimum. Njegova kompaktna velikost zagotavlja zvok polnega obsega brez \u017ertvovanja prostora, kri\u017eni filter in fazni nadzor pa omogo\u010data enostavno integracijo v kateri koli avdio sistem. Kanto SUB8 zagotavlja brezskrbno dolgo \u017eivljenjsko dobo s togo konstrukcijo iz MDF, mo\u010dnimi gumijastimi nogami, kovinsko re\u0161etko in trpe\u017enim vinilnim zaklju\u010dkom. Z estetiko, ki se ujema, je SUB8 popoln spremljevalec katerega koli zvo\u010dnika Kanto ali kjer koli v va\u0161em prostoru potrebujete trden bas.<\/p>\n<p><a href=\"https:\/\/www.kantoaudio.com\/subwoofers\/sub8v\/\" target=\"_blank\" rel=\"noopener\">Za ve\u010d informacij glejte tukaj<\/a><\/p>","protected":false},"featured_media":18056,"template":"","meta":{"site-sidebar-layout":"default","site-content-layout":"","ast-site-content-layout":"default","site-content-style":"default","site-sidebar-style":"default","ast-global-header-display":"","ast-banner-title-visibility":"","ast-main-header-display":"","ast-hfb-above-header-display":"","ast-hfb-below-header-display":"","ast-hfb-mobile-header-display":"","site-post-title":"","ast-breadcrumbs-content":"","ast-featured-img":"","footer-sml-layout":"","theme-transparent-header-meta":"default","adv-header-id-meta":"","stick-header-meta":"default","header-above-stick-meta":"","header-main-stick-meta":"","header-below-stick-meta":"","astra-migrate-meta-layouts":"set","ast-page-background-enabled":"default","ast-page-background-meta":{"desktop":{"background-color":"","background-image":"","background-repeat":"repeat","background-position":"center center","background-size":"auto","background-attachment":"scroll","background-type":"","background-media":"","overlay-type":"","overlay-color":"","overlay-opacity":"","overlay-gradient":""},"tablet":{"background-color":"","background-image":"","background-repeat":"repeat","background-position":"center center","background-size":"auto","background-attachment":"scroll","background-type":"","background-media":"","overlay-type":"","overlay-color":"","overlay-opacity":"","overlay-gradient":""},"mobile":{"background-color":"","background-image":"","background-repeat":"repeat","background-position":"center center","background-size":"auto","background-attachment":"scroll","background-type":"","background-media":"","overlay-type":"","overlay-color":"","overlay-opacity":"","overlay-gradient":""}},"ast-content-background-meta":{"desktop":{"background-color":"var(--ast-global-color-5)","background-image":"","background-repeat":"repeat","background-position":"center center","background-size":"auto","background-attachment":"scroll","background-type":"","background-media":"","overlay-type":"","overlay-color":"","overlay-opacity":"","overlay-gradient":""},"tablet":{"background-color":"var(--ast-global-color-5)","background-image":"","background-repeat":"repeat","background-position":"center center","background-size":"auto","background-attachment":"scroll","background-type":"","background-media":"","overlay-type":"","overlay-color":"","overlay-opacity":"","overlay-gradient":""},"mobile":{"background-color":"var(--ast-global-color-5)","background-image":"","background-repeat":"repeat","background-position":"center center","background-size":"auto","background-attachment":"scroll","background-type":"","background-media":"","overlay-type":"","overlay-color":"","overlay-opacity":"","overlay-gradient":""}}},"class_list":["post-18050","product","type-product","status-publish","has-post-thumbnail","hentry","product_cat-kanto-proizvodaci","product_cat-subwoofer-home-theater","desktop-align-center","tablet-align-center","mobile-align-center","ast-product-gallery-layout-horizontal","ast-magnify-disabled","ast-product-single-variable","ast-product-tabs-layout-horizontal"],"yoast_head":"<!-- This site is optimized with the Yoast SEO plugin v21.4 - https:\/\/yoast.com\/wordpress\/plugins\/seo\/ -->\n<title>Kanto SUB8 - hd-multimedia<\/title>\n<meta name=\"description\" content=\"Kanto SUB8 aktivni subwoofer dizajniran je da va\u0161em audio sustavu doda dubok i sna\u017ean bas, a pritom zadr\u017ei kompaktan i elegantan izgled.\" \/>\n<meta name=\"robots\" content=\"index, follow, max-snippet:-1, max-image-preview:large, max-video-preview:-1\" \/>\n<link rel=\"canonical\" href=\"https:\/\/hd-multimedia.com\/sl\/trgovina\/kanto-sub8\/\" \/>\n<meta property=\"og:locale\" content=\"sl_SI\" \/>\n<meta property=\"og:type\" content=\"article\" \/>\n<meta property=\"og:title\" content=\"Kanto SUB8 - hd-multimedia\" \/>\n<meta property=\"og:description\" content=\"Kanto SUB8 aktivni subwoofer dizajniran je da va\u0161em audio sustavu doda dubok i sna\u017ean bas, a pritom zadr\u017ei kompaktan i elegantan izgled.\" \/>\n<meta property=\"og:url\" content=\"https:\/\/hd-multimedia.com\/sl\/trgovina\/kanto-sub8\/\" \/>\n<meta property=\"og:site_name\" content=\"hd-multimedia\" \/>\n<meta property=\"article:modified_time\" content=\"2026-03-09T21:38:02+00:00\" \/>\n<meta property=\"og:image\" content=\"https:\/\/hd-multimedia.com\/hdm_media\/sub8vmb_main-e1742816446982.png\" \/>\n\t<meta property=\"og:image:width\" content=\"600\" \/>\n\t<meta property=\"og:image:height\" content=\"600\" \/>\n\t<meta property=\"og:image:type\" content=\"image\/png\" \/>\n<meta name=\"twitter:card\" content=\"summary_large_image\" \/>\n<meta name=\"twitter:label1\" content=\"Est. reading time\" \/>\n\t<meta name=\"twitter:data1\" content=\"1 minuta\" \/>\n<script type=\"application\/ld+json\" class=\"yoast-schema-graph\">{\"@context\":\"https:\/\/schema.org\",\"@graph\":[{\"@type\":\"WebPage\",\"@id\":\"https:\/\/hd-multimedia.com\/trgovina\/kanto-sub8\/\",\"url\":\"https:\/\/hd-multimedia.com\/trgovina\/kanto-sub8\/\",\"name\":\"Kanto SUB8 - hd-multimedia\",\"isPartOf\":{\"@id\":\"https:\/\/hd-multimedia.com\/#website\"},\"datePublished\":\"2025-03-24T10:11:11+00:00\",\"dateModified\":\"2026-03-09T21:38:02+00:00\",\"description\":\"Kanto SUB8 aktivni subwoofer dizajniran je da va\u0161em audio sustavu doda dubok i sna\u017ean bas, a pritom zadr\u017ei kompaktan i elegantan izgled.\",\"breadcrumb\":{\"@id\":\"https:\/\/hd-multimedia.com\/trgovina\/kanto-sub8\/#breadcrumb\"},\"inLanguage\":\"sl-SI\",\"potentialAction\":[{\"@type\":\"ReadAction\",\"target\":[\"https:\/\/hd-multimedia.com\/trgovina\/kanto-sub8\/\"]}]},{\"@type\":\"BreadcrumbList\",\"@id\":\"https:\/\/hd-multimedia.com\/trgovina\/kanto-sub8\/#breadcrumb\",\"itemListElement\":[{\"@type\":\"ListItem\",\"position\":1,\"name\":\"Po\u010detna stranica\",\"item\":\"https:\/\/hd-multimedia.com\/\"},{\"@type\":\"ListItem\",\"position\":2,\"name\":\"Trgovina\",\"item\":\"https:\/\/hd-multimedia.com\/trgovina\/\"},{\"@type\":\"ListItem\",\"position\":3,\"name\":\"Kanto SUB8\"}]},{\"@type\":\"WebSite\",\"@id\":\"https:\/\/hd-multimedia.com\/#website\",\"url\":\"https:\/\/hd-multimedia.com\/\",\"name\":\"hd-multimedia\",\"description\":\"\",\"publisher\":{\"@id\":\"https:\/\/hd-multimedia.com\/#organization\"},\"potentialAction\":[{\"@type\":\"SearchAction\",\"target\":{\"@type\":\"EntryPoint\",\"urlTemplate\":\"https:\/\/hd-multimedia.com\/?s={search_term_string}\"},\"query-input\":\"required name=search_term_string\"}],\"inLanguage\":\"sl-SI\"},{\"@type\":\"Organization\",\"@id\":\"https:\/\/hd-multimedia.com\/#organization\",\"name\":\"hd-multimedia\",\"url\":\"https:\/\/hd-multimedia.com\/\",\"logo\":{\"@type\":\"ImageObject\",\"inLanguage\":\"sl-SI\",\"@id\":\"https:\/\/hd-multimedia.com\/#\/schema\/logo\/image\/\",\"url\":\"https:\/\/hd-multimedia.com\/hdm_media\/HD-curves-ok-196-56px-alpha-1.png\",\"contentUrl\":\"https:\/\/hd-multimedia.com\/hdm_media\/HD-curves-ok-196-56px-alpha-1.png\",\"width\":196,\"height\":53,\"caption\":\"hd-multimedia\"},\"image\":{\"@id\":\"https:\/\/hd-multimedia.com\/#\/schema\/logo\/image\/\"}}]}<\/script>\n<!-- \/ Yoast SEO plugin. -->","yoast_head_json":{"title":"Kanto SUB8 - hd-multimedia","description":"Kanto SUB8 aktivni subwoofer dizajniran je da va\u0161em audio sustavu doda dubok i sna\u017ean bas, a pritom zadr\u017ei kompaktan i elegantan izgled.","robots":{"index":"index","follow":"follow","max-snippet":"max-snippet:-1","max-image-preview":"max-image-preview:large","max-video-preview":"max-video-preview:-1"},"canonical":"https:\/\/hd-multimedia.com\/sl\/trgovina\/kanto-sub8\/","og_locale":"sl_SI","og_type":"article","og_title":"Kanto SUB8 - hd-multimedia","og_description":"Kanto SUB8 aktivni subwoofer dizajniran je da va\u0161em audio sustavu doda dubok i sna\u017ean bas, a pritom zadr\u017ei kompaktan i elegantan izgled.","og_url":"https:\/\/hd-multimedia.com\/sl\/trgovina\/kanto-sub8\/","og_site_name":"hd-multimedia","article_modified_time":"2026-03-09T21:38:02+00:00","og_image":[{"width":600,"height":600,"url":"https:\/\/hd-multimedia.com\/hdm_media\/sub8vmb_main-e1742816446982.png","type":"image\/png"}],"twitter_card":"summary_large_image","twitter_misc":{"Est. reading time":"1 minuta"},"schema":{"@context":"https:\/\/schema.org","@graph":[{"@type":"WebPage","@id":"https:\/\/hd-multimedia.com\/trgovina\/kanto-sub8\/","url":"https:\/\/hd-multimedia.com\/trgovina\/kanto-sub8\/","name":"Kanto SUB8 - hd-multimedia","isPartOf":{"@id":"https:\/\/hd-multimedia.com\/#website"},"datePublished":"2025-03-24T10:11:11+00:00","dateModified":"2026-03-09T21:38:02+00:00","description":"Kanto SUB8 aktivni subwoofer dizajniran je da va\u0161em audio sustavu doda dubok i sna\u017ean bas, a pritom zadr\u017ei kompaktan i elegantan izgled.","breadcrumb":{"@id":"https:\/\/hd-multimedia.com\/trgovina\/kanto-sub8\/#breadcrumb"},"inLanguage":"sl-SI","potentialAction":[{"@type":"ReadAction","target":["https:\/\/hd-multimedia.com\/trgovina\/kanto-sub8\/"]}]},{"@type":"BreadcrumbList","@id":"https:\/\/hd-multimedia.com\/trgovina\/kanto-sub8\/#breadcrumb","itemListElement":[{"@type":"ListItem","position":1,"name":"Po\u010detna stranica","item":"https:\/\/hd-multimedia.com\/"},{"@type":"ListItem","position":2,"name":"Trgovina","item":"https:\/\/hd-multimedia.com\/trgovina\/"},{"@type":"ListItem","position":3,"name":"Kanto SUB8"}]},{"@type":"WebSite","@id":"https:\/\/hd-multimedia.com\/#website","url":"https:\/\/hd-multimedia.com\/","name":"hd-multimedia","description":"","publisher":{"@id":"https:\/\/hd-multimedia.com\/#organization"},"potentialAction":[{"@type":"SearchAction","target":{"@type":"EntryPoint","urlTemplate":"https:\/\/hd-multimedia.com\/?s={search_term_string}"},"query-input":"required name=search_term_string"}],"inLanguage":"sl-SI"},{"@type":"Organization","@id":"https:\/\/hd-multimedia.com\/#organization","name":"hd-multimedia","url":"https:\/\/hd-multimedia.com\/","logo":{"@type":"ImageObject","inLanguage":"sl-SI","@id":"https:\/\/hd-multimedia.com\/#\/schema\/logo\/image\/","url":"https:\/\/hd-multimedia.com\/hdm_media\/HD-curves-ok-196-56px-alpha-1.png","contentUrl":"https:\/\/hd-multimedia.com\/hdm_media\/HD-curves-ok-196-56px-alpha-1.png","width":196,"height":53,"caption":"hd-multimedia"},"image":{"@id":"https:\/\/hd-multimedia.com\/#\/schema\/logo\/image\/"}}]}},"post_mailing_queue_ids":[],"_links":{"self":[{"href":"https:\/\/hd-multimedia.com\/sl\/wp-json\/wp\/v2\/product\/18050","targetHints":{"allow":["GET"]}}],"collection":[{"href":"https:\/\/hd-multimedia.com\/sl\/wp-json\/wp\/v2\/product"}],"about":[{"href":"https:\/\/hd-multimedia.com\/sl\/wp-json\/wp\/v2\/types\/product"}],"version-history":[{"count":5,"href":"https:\/\/hd-multimedia.com\/sl\/wp-json\/wp\/v2\/product\/18050\/revisions"}],"predecessor-version":[{"id":18211,"href":"https:\/\/hd-multimedia.com\/sl\/wp-json\/wp\/v2\/product\/18050\/revisions\/18211"}],"wp:featuredmedia":[{"embeddable":true,"href":"https:\/\/hd-multimedia.com\/sl\/wp-json\/wp\/v2\/media\/18056"}],"wp:attachment":[{"href":"https:\/\/hd-multimedia.com\/sl\/wp-json\/wp\/v2\/media?parent=18050"}],"curies":[{"name":"wp","href":"https:\/\/api.w.org\/{rel}","templated":true}]}}