{"id":18040,"date":"2025-03-24T08:43:51","date_gmt":"2025-03-24T08:43:51","guid":{"rendered":"https:\/\/hd-multimedia.com\/?post_type=product&#038;p=18040"},"modified":"2026-04-24T10:49:00","modified_gmt":"2026-04-24T10:49:00","slug":"kanto-tuk","status":"publish","type":"product","link":"https:\/\/hd-multimedia.com\/sl\/trgovina\/kanto-tuk\/","title":{"rendered":"Kanto TUK"},"content":{"rendered":"<p>Kanto TUK je zami\u0161ljen da se istakne u \u010detiri primjene sa svim funkcionalnostima potrebnim kako bis svakom korisniku pru\u017eio vrhunsko audio iskustvo.<\/p>\n<p>Umjesto prebacivanja prekida\u010da za odabir izme\u0111u linijskog izvora i phono izvora, TUK ima namjenski RCA ulaz posebno za phono. Dodavanje na\u010dina spajanja slu\u0161alica na gramofon ne\u0161to je \u0161to je prije zahtijevalo kupnju zasebnog prijemnika, ali ta je funkcionalnost ugra\u0111ena izravno u TUK. Dodajte vinil, par svojih omiljenih slu\u0161alica i u\u017eivajte u jednostavnosti svojeg setupa.<\/p>\n<p>TUK ima USB ulaz kako bi pojednostavio povezivanje s ra\u010dunalom, a glasno\u0107a zvu\u010dnika je povezana s glasno\u0107om operativnog sustava. Ako pode\u0161avate glasno\u0107u na va\u0161em OS-u, interna glasno\u0107a TUK-a \u0107e se promijeniti. Ako pode\u0161avate gumb za glasno\u0107u na TUK-u, glasno\u0107a OS-a \u0107e se promijeniti.<\/p>\n<p>Uzimaju\u0107i u obzir svijet ku\u0107nog kina, Tuk ima ugra\u0111eni DSP TUK-a i mre\u017eu skretnica za \u010dvrstu integraciju sa subwooferima. Ova funkcionalnost se obi\u010dno nalazi samo u vanjskoj opremi poput AV prijemnika, ali ona je uklju\u010dena kako bi se eliminirao jo\u0161 jedan komad opreme potreban u va\u0161oj dnevnoj sobi.<\/p>\n<p>Uskla\u0111ivanje TUK-ovog AMT visokotonca s va\u0161im u\u0161ima i pode\u0161avanje te idealne to\u010dke klju\u010dno je za izvla\u010denje svakog dijela audio performansi iz zvu\u010dnika. Budu\u0107i da je postavljanje zvu\u010dnika toliko va\u017eno, dodali smo navojnu rupu od 1\u20444\u201d-20 na dno TUK-a kako bi se mogao pri\u010dvrstiti na SP-serijske stalke. \u010cak i u podru\u010djima s velikom frekvencijom ljudi s djecom ili ku\u0107nim ljubimcima, mo\u017eete biti sigurni da se va\u0161i zvu\u010dnici ne\u0107e o\u0161tetiti ili zavr\u0161iti na podu. Uklonjive re\u0161etke zvu\u010dnika dodaju jo\u0161 jedan sloj za\u0161tite tako da predmeti ili znati\u017eeljne ruke ne mogu o\u0161tetiti aluminijski woofer.<\/p>\n<p>Opti\u010dki ulaz upotpunjuje do\u017eivljaj dnevne sobe, omogu\u0107uju\u0107i TUK-u da se spoji na gotovo svaki televizor. Uklju\u010dite svu svoju opremu u televizor, prebacujte se izme\u0111u ulaza i pustite da va\u0161 TV prenosi zvuk na TUK s pomo\u0107u jednog kabela. I dalje imate RCA, phono, Bluetooth i USB ulaz za povezivanje s bilo kojim drugim ure\u0111ajem koji nije priklju\u010den na va\u0161 TV.<\/p>\n<p>S USB priklju\u010dak za punjenje na stra\u017enjoj strani zvu\u010dnika mo\u017ee napajati Google Home mini, Echo ulaz ili bilo koji drugi pametni ku\u0107ni ure\u0111aj bez potrebe za provo\u0111enjem dodatnih kabela. Bluetooth veza ostaje povezana s va\u0161im pametnim ku\u0107nim ure\u0111ajem \u010dak i kada zvu\u010dnici prije\u0111u u stanje pripravnosti, omogu\u0107uju\u0107i va\u0161im zvu\u010dnicima da se automatski ponovno uklju\u010de kada po\u010dnete streamati na njih.<br \/>\nSa\u017eetak<\/p>\n<p>TUK je zvu\u010dnik koji ne samo da zvu\u010di nevjerojatno, ve\u0107 se osje\u0107a jednako kao kod ku\u0107e u gotovo svakom scenariju koji mo\u017eete zamisliti. S jednim sustavom zvu\u010dnika eliminirali smo potrebu za kupnjom vanjskog DAC-a, poja\u010dala za slu\u0161alice, phono pretpoja\u010dala i AV prijemnika.<\/p>\n<p><strong>SPECIFIKACIJE:<\/strong><\/p>\n<p>Vozniki:<br \/>\n28 mm x 35 mm AMT visokotonci<br \/>\n5,25\u2032\u2032 aluminijski drajveri<\/p>\n<p>Oja\u010devalnik razreda D<br \/>\n260 W vr\u0161na snaga (130 W ukupno RMS)<br \/>\nFrekven\u010dni odziv: 50 Hz \u2013 20 kHz<\/p>\n<p>VSTOPI<br \/>\nBluetooth\u00ae 4.2 s Qualcomm\u00ae aptXTM HD i AAC kodecima<br \/>\nUSB DAC<br \/>\nNamjenski RCA ulaz za phono pretpoja\u010dalo<br \/>\nRCA ulaz<br \/>\nOpti\u010dni (TOSLINK)<\/p>\n<p>IZLAZI:<br \/>\nSlu\u0161alke<br \/>\nNizkotonec<br \/>\nUSB punjenje 5V 2A<\/p>\n<p>\u0160TO SE NALAZI U KUTIJI<br \/>\nDaljinski upravlja\u010d s baterijama<br \/>\n2 x magnetske re\u0161etke<br \/>\nNapajalni kabel<br \/>\nKabel za zvu\u010dnik s banana utika\u010dima<br \/>\n3,5 mm na RCA kabel<br \/>\nUSB kabel<br \/>\n8 x gumijaste noge<br \/>\nPriro\u010dnik<\/p>\n<p>TE\u017dINA I MJERE<br \/>\nDimenzije (vsak zvo\u010dnik):<br \/>\n7\u2032\u2032 \u0160 x 8,5\u2032\u2032 D x 10,9\u2032\u2032 V (17,8 x 21,5 x 27,6 cm)<br \/>\nNeto te\u017eina (aktivno): 5,0 kg<br \/>\nNeto te\u017eina (pasivno): 4,5 kg<br \/>\nNavojni otvor za monta\u017eu 1\/4\u2032\u2032-20<\/p>\n<p><a href=\"https:\/\/www.kantoaudio.com\/powered-speakers\/tuk\/\" target=\"_blank\" rel=\"noopener\">Za ve\u010d informacij glejte tukaj<\/a><\/p>","protected":false},"excerpt":{"rendered":"<p>Kanto TUK aktivni zvu\u010dnici postavljaju novi standard za visokokvalitetni zvuk, kombiniraju\u0107i vrhunske komponente s naprednim zna\u010dajkama za neusporedivo audio iskustvo. Opremljeni 5.25\u201d aluminijskim driverima i AMT (Air Motion Transformer) visokotoncima, TUK pru\u017ea kristalno \u010diste visoke tonove, bogate srednje frekvencije i dubok, kontrolirani bas s nevjerojatnim detaljima. Ugra\u0111eno Class D poja\u010dalo snage 260W peak power(130W RMS) osigurava sna\u017ean, ispunjuju\u0107i zvuk s izuzetnom jasno\u0107om. Bez obzira koristite li Bluetooth 5.0 s aptX HD za be\u017ei\u010dno povezivanje, USB DAC za visokorezolucijski zvuk, ili povezujete gramofon putem ugra\u0111enog phono pretpoja\u010dala, TUK nudi fleksibilnost koja pobolj\u0161ava svaku audio postavku.<\/p>\n<p><a href=\"https:\/\/blog.kantoaudio.com\/getting-to-know-tuk-features-and-technology\/\" target=\"_blank\" rel=\"noopener\">Povezava za dodatne informacije o izdelku!<\/a><\/p>\n<p>&nbsp;<\/p>","protected":false},"featured_media":18043,"template":"","meta":{"site-sidebar-layout":"default","site-content-layout":"","ast-site-content-layout":"default","site-content-style":"default","site-sidebar-style":"default","ast-global-header-display":"","ast-banner-title-visibility":"","ast-main-header-display":"","ast-hfb-above-header-display":"","ast-hfb-below-header-display":"","ast-hfb-mobile-header-display":"","site-post-title":"","ast-breadcrumbs-content":"","ast-featured-img":"","footer-sml-layout":"","theme-transparent-header-meta":"default","adv-header-id-meta":"","stick-header-meta":"default","header-above-stick-meta":"","header-main-stick-meta":"","header-below-stick-meta":"","astra-migrate-meta-layouts":"set","ast-page-background-enabled":"default","ast-page-background-meta":{"desktop":{"background-color":"","background-image":"","background-repeat":"repeat","background-position":"center center","background-size":"auto","background-attachment":"scroll","background-type":"","background-media":"","overlay-type":"","overlay-color":"","overlay-opacity":"","overlay-gradient":""},"tablet":{"background-color":"","background-image":"","background-repeat":"repeat","background-position":"center center","background-size":"auto","background-attachment":"scroll","background-type":"","background-media":"","overlay-type":"","overlay-color":"","overlay-opacity":"","overlay-gradient":""},"mobile":{"background-color":"","background-image":"","background-repeat":"repeat","background-position":"center center","background-size":"auto","background-attachment":"scroll","background-type":"","background-media":"","overlay-type":"","overlay-color":"","overlay-opacity":"","overlay-gradient":""}},"ast-content-background-meta":{"desktop":{"background-color":"var(--ast-global-color-5)","background-image":"","background-repeat":"repeat","background-position":"center center","background-size":"auto","background-attachment":"scroll","background-type":"","background-media":"","overlay-type":"","overlay-color":"","overlay-opacity":"","overlay-gradient":""},"tablet":{"background-color":"var(--ast-global-color-5)","background-image":"","background-repeat":"repeat","background-position":"center center","background-size":"auto","background-attachment":"scroll","background-type":"","background-media":"","overlay-type":"","overlay-color":"","overlay-opacity":"","overlay-gradient":""},"mobile":{"background-color":"var(--ast-global-color-5)","background-image":"","background-repeat":"repeat","background-position":"center center","background-size":"auto","background-attachment":"scroll","background-type":"","background-media":"","overlay-type":"","overlay-color":"","overlay-opacity":"","overlay-gradient":""}}},"class_list":["post-18040","product","type-product","status-publish","has-post-thumbnail","hentry","product_cat-kanto-proizvodaci","product_cat-aktivne-zvucne-kutije","desktop-align-center","tablet-align-center","mobile-align-center","ast-product-gallery-layout-horizontal","ast-magnify-disabled","ast-product-tabs-layout-horizontal"],"yoast_head":"<!-- This site is optimized with the Yoast SEO plugin v21.4 - https:\/\/yoast.com\/wordpress\/plugins\/seo\/ -->\n<title>Kanto TUK - hd-multimedia<\/title>\n<meta name=\"description\" content=\"Kanto TUK aktivni zvu\u010dnici postavljaju novi standard za visokokvalitetni zvuk, vrhunske komponente s naprednim zna\u010dajkama za neusporedivo audio iskustvo\" \/>\n<meta name=\"robots\" content=\"index, follow, max-snippet:-1, max-image-preview:large, max-video-preview:-1\" \/>\n<link rel=\"canonical\" href=\"https:\/\/hd-multimedia.com\/sl\/trgovina\/kanto-tuk\/\" \/>\n<meta property=\"og:locale\" content=\"sl_SI\" \/>\n<meta property=\"og:type\" content=\"article\" \/>\n<meta property=\"og:title\" content=\"Kanto TUK - hd-multimedia\" \/>\n<meta property=\"og:description\" content=\"Kanto TUK aktivni zvu\u010dnici postavljaju novi standard za visokokvalitetni zvuk, vrhunske komponente s naprednim zna\u010dajkama za neusporedivo audio iskustvo\" \/>\n<meta property=\"og:url\" content=\"https:\/\/hd-multimedia.com\/sl\/trgovina\/kanto-tuk\/\" \/>\n<meta property=\"og:site_name\" content=\"hd-multimedia\" \/>\n<meta property=\"article:modified_time\" content=\"2026-04-24T10:49:00+00:00\" \/>\n<meta property=\"og:image\" content=\"https:\/\/hd-multimedia.com\/hdm_media\/tukmb_main-1-e1742808911898.png\" \/>\n\t<meta property=\"og:image:width\" content=\"600\" \/>\n\t<meta property=\"og:image:height\" content=\"600\" \/>\n\t<meta property=\"og:image:type\" content=\"image\/png\" \/>\n<meta name=\"twitter:card\" content=\"summary_large_image\" \/>\n<meta name=\"twitter:label1\" content=\"Est. reading time\" \/>\n\t<meta name=\"twitter:data1\" content=\"4 minute\" \/>\n<script type=\"application\/ld+json\" class=\"yoast-schema-graph\">{\"@context\":\"https:\/\/schema.org\",\"@graph\":[{\"@type\":\"WebPage\",\"@id\":\"https:\/\/hd-multimedia.com\/trgovina\/kanto-tuk\/\",\"url\":\"https:\/\/hd-multimedia.com\/trgovina\/kanto-tuk\/\",\"name\":\"Kanto TUK - hd-multimedia\",\"isPartOf\":{\"@id\":\"https:\/\/hd-multimedia.com\/#website\"},\"datePublished\":\"2025-03-24T08:43:51+00:00\",\"dateModified\":\"2026-04-24T10:49:00+00:00\",\"description\":\"Kanto TUK aktivni zvu\u010dnici postavljaju novi standard za visokokvalitetni zvuk, vrhunske komponente s naprednim zna\u010dajkama za neusporedivo audio iskustvo\",\"breadcrumb\":{\"@id\":\"https:\/\/hd-multimedia.com\/trgovina\/kanto-tuk\/#breadcrumb\"},\"inLanguage\":\"sl-SI\",\"potentialAction\":[{\"@type\":\"ReadAction\",\"target\":[\"https:\/\/hd-multimedia.com\/trgovina\/kanto-tuk\/\"]}]},{\"@type\":\"BreadcrumbList\",\"@id\":\"https:\/\/hd-multimedia.com\/trgovina\/kanto-tuk\/#breadcrumb\",\"itemListElement\":[{\"@type\":\"ListItem\",\"position\":1,\"name\":\"Po\u010detna stranica\",\"item\":\"https:\/\/hd-multimedia.com\/\"},{\"@type\":\"ListItem\",\"position\":2,\"name\":\"Trgovina\",\"item\":\"https:\/\/hd-multimedia.com\/trgovina\/\"},{\"@type\":\"ListItem\",\"position\":3,\"name\":\"Kanto TUK\"}]},{\"@type\":\"WebSite\",\"@id\":\"https:\/\/hd-multimedia.com\/#website\",\"url\":\"https:\/\/hd-multimedia.com\/\",\"name\":\"hd-multimedia\",\"description\":\"\",\"publisher\":{\"@id\":\"https:\/\/hd-multimedia.com\/#organization\"},\"potentialAction\":[{\"@type\":\"SearchAction\",\"target\":{\"@type\":\"EntryPoint\",\"urlTemplate\":\"https:\/\/hd-multimedia.com\/?s={search_term_string}\"},\"query-input\":\"required name=search_term_string\"}],\"inLanguage\":\"sl-SI\"},{\"@type\":\"Organization\",\"@id\":\"https:\/\/hd-multimedia.com\/#organization\",\"name\":\"hd-multimedia\",\"url\":\"https:\/\/hd-multimedia.com\/\",\"logo\":{\"@type\":\"ImageObject\",\"inLanguage\":\"sl-SI\",\"@id\":\"https:\/\/hd-multimedia.com\/#\/schema\/logo\/image\/\",\"url\":\"https:\/\/hd-multimedia.com\/hdm_media\/HD-curves-ok-196-56px-alpha-1.png\",\"contentUrl\":\"https:\/\/hd-multimedia.com\/hdm_media\/HD-curves-ok-196-56px-alpha-1.png\",\"width\":196,\"height\":53,\"caption\":\"hd-multimedia\"},\"image\":{\"@id\":\"https:\/\/hd-multimedia.com\/#\/schema\/logo\/image\/\"}}]}<\/script>\n<!-- \/ Yoast SEO plugin. -->","yoast_head_json":{"title":"Kanto TUK - hd-multimedia","description":"Kanto TUK aktivni zvu\u010dnici postavljaju novi standard za visokokvalitetni zvuk, vrhunske komponente s naprednim zna\u010dajkama za neusporedivo audio iskustvo","robots":{"index":"index","follow":"follow","max-snippet":"max-snippet:-1","max-image-preview":"max-image-preview:large","max-video-preview":"max-video-preview:-1"},"canonical":"https:\/\/hd-multimedia.com\/sl\/trgovina\/kanto-tuk\/","og_locale":"sl_SI","og_type":"article","og_title":"Kanto TUK - hd-multimedia","og_description":"Kanto TUK aktivni zvu\u010dnici postavljaju novi standard za visokokvalitetni zvuk, vrhunske komponente s naprednim zna\u010dajkama za neusporedivo audio iskustvo","og_url":"https:\/\/hd-multimedia.com\/sl\/trgovina\/kanto-tuk\/","og_site_name":"hd-multimedia","article_modified_time":"2026-04-24T10:49:00+00:00","og_image":[{"width":600,"height":600,"url":"https:\/\/hd-multimedia.com\/hdm_media\/tukmb_main-1-e1742808911898.png","type":"image\/png"}],"twitter_card":"summary_large_image","twitter_misc":{"Est. reading time":"4 minute"},"schema":{"@context":"https:\/\/schema.org","@graph":[{"@type":"WebPage","@id":"https:\/\/hd-multimedia.com\/trgovina\/kanto-tuk\/","url":"https:\/\/hd-multimedia.com\/trgovina\/kanto-tuk\/","name":"Kanto TUK - hd-multimedia","isPartOf":{"@id":"https:\/\/hd-multimedia.com\/#website"},"datePublished":"2025-03-24T08:43:51+00:00","dateModified":"2026-04-24T10:49:00+00:00","description":"Kanto TUK aktivni zvu\u010dnici postavljaju novi standard za visokokvalitetni zvuk, vrhunske komponente s naprednim zna\u010dajkama za neusporedivo audio iskustvo","breadcrumb":{"@id":"https:\/\/hd-multimedia.com\/trgovina\/kanto-tuk\/#breadcrumb"},"inLanguage":"sl-SI","potentialAction":[{"@type":"ReadAction","target":["https:\/\/hd-multimedia.com\/trgovina\/kanto-tuk\/"]}]},{"@type":"BreadcrumbList","@id":"https:\/\/hd-multimedia.com\/trgovina\/kanto-tuk\/#breadcrumb","itemListElement":[{"@type":"ListItem","position":1,"name":"Po\u010detna stranica","item":"https:\/\/hd-multimedia.com\/"},{"@type":"ListItem","position":2,"name":"Trgovina","item":"https:\/\/hd-multimedia.com\/trgovina\/"},{"@type":"ListItem","position":3,"name":"Kanto TUK"}]},{"@type":"WebSite","@id":"https:\/\/hd-multimedia.com\/#website","url":"https:\/\/hd-multimedia.com\/","name":"hd-multimedia","description":"","publisher":{"@id":"https:\/\/hd-multimedia.com\/#organization"},"potentialAction":[{"@type":"SearchAction","target":{"@type":"EntryPoint","urlTemplate":"https:\/\/hd-multimedia.com\/?s={search_term_string}"},"query-input":"required name=search_term_string"}],"inLanguage":"sl-SI"},{"@type":"Organization","@id":"https:\/\/hd-multimedia.com\/#organization","name":"hd-multimedia","url":"https:\/\/hd-multimedia.com\/","logo":{"@type":"ImageObject","inLanguage":"sl-SI","@id":"https:\/\/hd-multimedia.com\/#\/schema\/logo\/image\/","url":"https:\/\/hd-multimedia.com\/hdm_media\/HD-curves-ok-196-56px-alpha-1.png","contentUrl":"https:\/\/hd-multimedia.com\/hdm_media\/HD-curves-ok-196-56px-alpha-1.png","width":196,"height":53,"caption":"hd-multimedia"},"image":{"@id":"https:\/\/hd-multimedia.com\/#\/schema\/logo\/image\/"}}]}},"post_mailing_queue_ids":[],"_links":{"self":[{"href":"https:\/\/hd-multimedia.com\/sl\/wp-json\/wp\/v2\/product\/18040","targetHints":{"allow":["GET"]}}],"collection":[{"href":"https:\/\/hd-multimedia.com\/sl\/wp-json\/wp\/v2\/product"}],"about":[{"href":"https:\/\/hd-multimedia.com\/sl\/wp-json\/wp\/v2\/types\/product"}],"version-history":[{"count":5,"href":"https:\/\/hd-multimedia.com\/sl\/wp-json\/wp\/v2\/product\/18040\/revisions"}],"predecessor-version":[{"id":19523,"href":"https:\/\/hd-multimedia.com\/sl\/wp-json\/wp\/v2\/product\/18040\/revisions\/19523"}],"wp:featuredmedia":[{"embeddable":true,"href":"https:\/\/hd-multimedia.com\/sl\/wp-json\/wp\/v2\/media\/18043"}],"wp:attachment":[{"href":"https:\/\/hd-multimedia.com\/sl\/wp-json\/wp\/v2\/media?parent=18040"}],"curies":[{"name":"wp","href":"https:\/\/api.w.org\/{rel}","templated":true}]}}