{"id":18011,"date":"2025-03-20T08:36:12","date_gmt":"2025-03-20T08:36:12","guid":{"rendered":"https:\/\/hd-multimedia.com\/?post_type=product&#038;p=18011"},"modified":"2026-02-23T12:32:06","modified_gmt":"2026-02-23T12:32:06","slug":"kanto-yu2","status":"publish","type":"product","link":"https:\/\/hd-multimedia.com\/sl\/trgovina\/kanto-yu2\/","title":{"rendered":"Pesem YU2"},"content":{"rendered":"<p>Kanto YU2s, zasnovan z mislijo na slog in vsestranskost, se popolnoma prilega vsakemu prostoru, ne glede na to, ali jih postavite na mizo, knji\u017eno polico ali medijski center. Na voljo v razli\u010dnih zaklju\u010dkih, se bodo zlahka prilagodili vsaki notranjosti. Zaradi svoje kompaktne velikosti so idealni za manj\u0161e prostore, hkrati pa zagotavljajo presenetljivo \u010dist in bogat zvok. Za \u0161e globlje nizke tone je na voljo izhod za globokotonec, ki omogo\u010da preprosto raz\u0161iritev zvo\u010dnega sistema. Ne glede na to, ali delate, igrate igre ali u\u017eivate v svoji najljub\u0161i glasbi, Kanto YU2 zagotavlja vrhunsko kakovost zvoka v elegantnem, prostorsko u\u010dinkovitem ohi\u0161ju.<\/p>\n<p><strong>Tehni\u010dni podatki:<\/strong><\/p>\n<p data-start=\"35\" data-end=\"55\"><strong>Govorci:<\/strong><\/p>\n<ul data-start=\"56\" data-end=\"116\">\n<li data-start=\"56\" data-end=\"86\">\u00be\u201d svileni visokotonci<\/li>\n<li data-start=\"87\" data-end=\"116\">3\u201d kompozitni nizkotonci<\/li>\n<\/ul>\n<p data-start=\"118\" data-end=\"135\"><strong>Avdio:<\/strong><\/p>\n<ul data-start=\"136\" data-end=\"238\">\n<li data-start=\"136\" data-end=\"160\">Oja\u010devalnik razreda D<\/li>\n<li data-start=\"161\" data-end=\"195\">Najve\u010dja mo\u010d 100 W (50 W RMS)<\/li>\n<li data-start=\"196\" data-end=\"238\">Frekven\u010dni razpon: 80Hz \u2013 20kHz<\/li>\n<\/ul>\n<p data-start=\"240\" data-end=\"257\"><strong>Vnesite:<\/strong><\/p>\n<ul data-start=\"258\" data-end=\"303\">\n<li data-start=\"258\" data-end=\"287\">3,5 mm AUX (mini priklju\u010dek)<\/li>\n<li data-start=\"288\" data-end=\"303\">USB DAC<\/li>\n<\/ul>\n<p data-start=\"305\" data-end=\"323\"><strong>Izhodi:<\/strong><\/p>\n<ul data-start=\"324\" data-end=\"350\">\n<li data-start=\"324\" data-end=\"350\">Izhod za globokotonec<\/li>\n<\/ul>\n<p data-start=\"352\" data-end=\"383\"><strong>Kaj je v paketu:<\/strong><\/p>\n<ul data-start=\"384\" data-end=\"557\">\n<li data-start=\"384\" data-end=\"405\">Napajalni kabel<\/li>\n<li data-start=\"406\" data-end=\"449\">Priklju\u010dni kabel za zvo\u010dnike (10\u2032)<\/li>\n<li data-start=\"450\" data-end=\"471\">USB DAC kabel<\/li>\n<li data-start=\"472\" data-end=\"502\">AUX kabel 3,5 mm (6,5\u2032)<\/li>\n<li data-start=\"503\" data-end=\"528\">8 x gumijaste noge<\/li>\n<li data-start=\"529\" data-end=\"557\">Uporabni\u0161ki priro\u010dnik<\/li>\n<\/ul>\n<p data-start=\"559\" data-end=\"589\"><strong>Mere in te\u017ea:<\/strong><\/p>\n<ul data-start=\"590\" data-end=\"765\" data-is-only-node=\"\" data-is-last-node=\"\">\n<li data-start=\"590\" data-end=\"667\">Mere (na zvo\u010dnik): 3,9\u2033 \u0160 \u00d7 5,3\u2033 G \u00d7 5,9\u2033 V (10 \u00d7 13,5 \u00d7 15 cm)<\/li>\n<li data-start=\"668\" data-end=\"717\">Te\u017ea (aktivni zvo\u010dnik): 3,1 lb (1,4 kg)<\/li>\n<li data-start=\"718\" data-end=\"765\" data-is-last-node=\"\">Te\u017ea (pasivni zvo\u010dnik): 2,9 lb (1,3 kg)<\/li>\n<\/ul>","protected":false},"excerpt":{"rendered":"<p>Aktivni namizni zvo\u010dniki Kanto YU2 zagotavljajo \u010dist, visokokakovosten zvok v kompaktni zasnovi, zaradi \u010desar so odli\u010dna izbira za delovni prostor ali doma\u010di avdio sistem. YU2, opremljen s 3\u201d kompozitnimi nizkotonci in 3\u20444\u201d svilenimi visokotonci, zagotavlja uravnote\u017een zvok z jasnimi visokimi in bogatimi srednjimi toni. Vgrajeni oja\u010devalnik razreda D s 100 W najve\u010dje mo\u010di (50 W RMS) zagotavlja mo\u010dno in impresivno izku\u0161njo poslu\u0161anja. Zahvaljujo\u010d funkciji USB DAC jih lahko pove\u017eete neposredno z ra\u010dunalnikom za visokokakovosten zvok, medtem ko 3,5 mm AUX vhod omogo\u010da preprosto povezavo z drugimi napravami.<\/p>\n<p><a href=\"https:\/\/www.kantoaudio.com\/powered-speakers\/yu2\/\" target=\"_blank\" rel=\"noopener\">Za ve\u010d informacij glejte tukaj<\/a><\/p>","protected":false},"featured_media":18013,"template":"","meta":{"site-sidebar-layout":"default","site-content-layout":"","ast-site-content-layout":"default","site-content-style":"default","site-sidebar-style":"default","ast-global-header-display":"","ast-banner-title-visibility":"","ast-main-header-display":"","ast-hfb-above-header-display":"","ast-hfb-below-header-display":"","ast-hfb-mobile-header-display":"","site-post-title":"","ast-breadcrumbs-content":"","ast-featured-img":"","footer-sml-layout":"","theme-transparent-header-meta":"default","adv-header-id-meta":"","stick-header-meta":"default","header-above-stick-meta":"","header-main-stick-meta":"","header-below-stick-meta":"","astra-migrate-meta-layouts":"set","ast-page-background-enabled":"default","ast-page-background-meta":{"desktop":{"background-color":"","background-image":"","background-repeat":"repeat","background-position":"center center","background-size":"auto","background-attachment":"scroll","background-type":"","background-media":"","overlay-type":"","overlay-color":"","overlay-opacity":"","overlay-gradient":""},"tablet":{"background-color":"","background-image":"","background-repeat":"repeat","background-position":"center center","background-size":"auto","background-attachment":"scroll","background-type":"","background-media":"","overlay-type":"","overlay-color":"","overlay-opacity":"","overlay-gradient":""},"mobile":{"background-color":"","background-image":"","background-repeat":"repeat","background-position":"center center","background-size":"auto","background-attachment":"scroll","background-type":"","background-media":"","overlay-type":"","overlay-color":"","overlay-opacity":"","overlay-gradient":""}},"ast-content-background-meta":{"desktop":{"background-color":"var(--ast-global-color-5)","background-image":"","background-repeat":"repeat","background-position":"center center","background-size":"auto","background-attachment":"scroll","background-type":"","background-media":"","overlay-type":"","overlay-color":"","overlay-opacity":"","overlay-gradient":""},"tablet":{"background-color":"var(--ast-global-color-5)","background-image":"","background-repeat":"repeat","background-position":"center center","background-size":"auto","background-attachment":"scroll","background-type":"","background-media":"","overlay-type":"","overlay-color":"","overlay-opacity":"","overlay-gradient":""},"mobile":{"background-color":"var(--ast-global-color-5)","background-image":"","background-repeat":"repeat","background-position":"center center","background-size":"auto","background-attachment":"scroll","background-type":"","background-media":"","overlay-type":"","overlay-color":"","overlay-opacity":"","overlay-gradient":""}}},"class_list":["post-18011","product","type-product","status-publish","has-post-thumbnail","hentry","product_cat-kanto-proizvodaci","product_cat-aktivne-zvucne-kutije","desktop-align-center","tablet-align-center","mobile-align-center","ast-product-gallery-layout-horizontal","ast-magnify-disabled","ast-product-single-variable","ast-product-tabs-layout-horizontal"],"yoast_head":"<!-- This site is optimized with the Yoast SEO plugin v21.4 - https:\/\/yoast.com\/wordpress\/plugins\/seo\/ -->\n<title>Kanto YU2 - hd-multimedia<\/title>\n<meta name=\"description\" content=\"Kanto YU2 aktivni desktop zvu\u010dnici pru\u017eaju \u010dist i kvalitetan zvuk u kompaktnom dizajnu, \u0161to ih \u010dini savr\u0161enim izborom za radni prostor ili ku\u0107ni audio.\" \/>\n<meta name=\"robots\" content=\"index, follow, max-snippet:-1, max-image-preview:large, max-video-preview:-1\" \/>\n<link rel=\"canonical\" href=\"https:\/\/hd-multimedia.com\/sl\/trgovina\/kanto-yu2\/\" \/>\n<meta property=\"og:locale\" content=\"sl_SI\" \/>\n<meta property=\"og:type\" content=\"article\" \/>\n<meta property=\"og:title\" content=\"Kanto YU2 - hd-multimedia\" \/>\n<meta property=\"og:description\" content=\"Kanto YU2 aktivni desktop zvu\u010dnici pru\u017eaju \u010dist i kvalitetan zvuk u kompaktnom dizajnu, \u0161to ih \u010dini savr\u0161enim izborom za radni prostor ili ku\u0107ni audio.\" \/>\n<meta property=\"og:url\" content=\"https:\/\/hd-multimedia.com\/sl\/trgovina\/kanto-yu2\/\" \/>\n<meta property=\"og:site_name\" content=\"hd-multimedia\" \/>\n<meta property=\"article:modified_time\" content=\"2026-02-23T12:32:06+00:00\" \/>\n<meta property=\"og:image\" content=\"https:\/\/hd-multimedia.com\/hdm_media\/yu2mb_main-e1742461149601.png\" \/>\n\t<meta property=\"og:image:width\" content=\"600\" \/>\n\t<meta property=\"og:image:height\" content=\"600\" \/>\n\t<meta property=\"og:image:type\" content=\"image\/png\" \/>\n<meta name=\"twitter:card\" content=\"summary_large_image\" \/>\n<meta name=\"twitter:label1\" content=\"Est. reading time\" \/>\n\t<meta name=\"twitter:data1\" content=\"1 minuta\" \/>\n<script type=\"application\/ld+json\" class=\"yoast-schema-graph\">{\"@context\":\"https:\/\/schema.org\",\"@graph\":[{\"@type\":\"WebPage\",\"@id\":\"https:\/\/hd-multimedia.com\/trgovina\/kanto-yu2\/\",\"url\":\"https:\/\/hd-multimedia.com\/trgovina\/kanto-yu2\/\",\"name\":\"Kanto YU2 - hd-multimedia\",\"isPartOf\":{\"@id\":\"https:\/\/hd-multimedia.com\/#website\"},\"datePublished\":\"2025-03-20T08:36:12+00:00\",\"dateModified\":\"2026-02-23T12:32:06+00:00\",\"description\":\"Kanto YU2 aktivni desktop zvu\u010dnici pru\u017eaju \u010dist i kvalitetan zvuk u kompaktnom dizajnu, \u0161to ih \u010dini savr\u0161enim izborom za radni prostor ili ku\u0107ni audio.\",\"breadcrumb\":{\"@id\":\"https:\/\/hd-multimedia.com\/trgovina\/kanto-yu2\/#breadcrumb\"},\"inLanguage\":\"sl-SI\",\"potentialAction\":[{\"@type\":\"ReadAction\",\"target\":[\"https:\/\/hd-multimedia.com\/trgovina\/kanto-yu2\/\"]}]},{\"@type\":\"BreadcrumbList\",\"@id\":\"https:\/\/hd-multimedia.com\/trgovina\/kanto-yu2\/#breadcrumb\",\"itemListElement\":[{\"@type\":\"ListItem\",\"position\":1,\"name\":\"Po\u010detna stranica\",\"item\":\"https:\/\/hd-multimedia.com\/\"},{\"@type\":\"ListItem\",\"position\":2,\"name\":\"Trgovina\",\"item\":\"https:\/\/hd-multimedia.com\/trgovina\/\"},{\"@type\":\"ListItem\",\"position\":3,\"name\":\"Kanto YU2\"}]},{\"@type\":\"WebSite\",\"@id\":\"https:\/\/hd-multimedia.com\/#website\",\"url\":\"https:\/\/hd-multimedia.com\/\",\"name\":\"hd-multimedia\",\"description\":\"\",\"publisher\":{\"@id\":\"https:\/\/hd-multimedia.com\/#organization\"},\"potentialAction\":[{\"@type\":\"SearchAction\",\"target\":{\"@type\":\"EntryPoint\",\"urlTemplate\":\"https:\/\/hd-multimedia.com\/?s={search_term_string}\"},\"query-input\":\"required name=search_term_string\"}],\"inLanguage\":\"sl-SI\"},{\"@type\":\"Organization\",\"@id\":\"https:\/\/hd-multimedia.com\/#organization\",\"name\":\"hd-multimedia\",\"url\":\"https:\/\/hd-multimedia.com\/\",\"logo\":{\"@type\":\"ImageObject\",\"inLanguage\":\"sl-SI\",\"@id\":\"https:\/\/hd-multimedia.com\/#\/schema\/logo\/image\/\",\"url\":\"https:\/\/hd-multimedia.com\/hdm_media\/HD-curves-ok-196-56px-alpha-1.png\",\"contentUrl\":\"https:\/\/hd-multimedia.com\/hdm_media\/HD-curves-ok-196-56px-alpha-1.png\",\"width\":196,\"height\":53,\"caption\":\"hd-multimedia\"},\"image\":{\"@id\":\"https:\/\/hd-multimedia.com\/#\/schema\/logo\/image\/\"}}]}<\/script>\n<!-- \/ Yoast SEO plugin. -->","yoast_head_json":{"title":"Kanto YU2 - hd-multimedia","description":"Kanto YU2 aktivni desktop zvu\u010dnici pru\u017eaju \u010dist i kvalitetan zvuk u kompaktnom dizajnu, \u0161to ih \u010dini savr\u0161enim izborom za radni prostor ili ku\u0107ni audio.","robots":{"index":"index","follow":"follow","max-snippet":"max-snippet:-1","max-image-preview":"max-image-preview:large","max-video-preview":"max-video-preview:-1"},"canonical":"https:\/\/hd-multimedia.com\/sl\/trgovina\/kanto-yu2\/","og_locale":"sl_SI","og_type":"article","og_title":"Kanto YU2 - hd-multimedia","og_description":"Kanto YU2 aktivni desktop zvu\u010dnici pru\u017eaju \u010dist i kvalitetan zvuk u kompaktnom dizajnu, \u0161to ih \u010dini savr\u0161enim izborom za radni prostor ili ku\u0107ni audio.","og_url":"https:\/\/hd-multimedia.com\/sl\/trgovina\/kanto-yu2\/","og_site_name":"hd-multimedia","article_modified_time":"2026-02-23T12:32:06+00:00","og_image":[{"width":600,"height":600,"url":"https:\/\/hd-multimedia.com\/hdm_media\/yu2mb_main-e1742461149601.png","type":"image\/png"}],"twitter_card":"summary_large_image","twitter_misc":{"Est. reading time":"1 minuta"},"schema":{"@context":"https:\/\/schema.org","@graph":[{"@type":"WebPage","@id":"https:\/\/hd-multimedia.com\/trgovina\/kanto-yu2\/","url":"https:\/\/hd-multimedia.com\/trgovina\/kanto-yu2\/","name":"Kanto YU2 - hd-multimedia","isPartOf":{"@id":"https:\/\/hd-multimedia.com\/#website"},"datePublished":"2025-03-20T08:36:12+00:00","dateModified":"2026-02-23T12:32:06+00:00","description":"Kanto YU2 aktivni desktop zvu\u010dnici pru\u017eaju \u010dist i kvalitetan zvuk u kompaktnom dizajnu, \u0161to ih \u010dini savr\u0161enim izborom za radni prostor ili ku\u0107ni audio.","breadcrumb":{"@id":"https:\/\/hd-multimedia.com\/trgovina\/kanto-yu2\/#breadcrumb"},"inLanguage":"sl-SI","potentialAction":[{"@type":"ReadAction","target":["https:\/\/hd-multimedia.com\/trgovina\/kanto-yu2\/"]}]},{"@type":"BreadcrumbList","@id":"https:\/\/hd-multimedia.com\/trgovina\/kanto-yu2\/#breadcrumb","itemListElement":[{"@type":"ListItem","position":1,"name":"Po\u010detna stranica","item":"https:\/\/hd-multimedia.com\/"},{"@type":"ListItem","position":2,"name":"Trgovina","item":"https:\/\/hd-multimedia.com\/trgovina\/"},{"@type":"ListItem","position":3,"name":"Kanto YU2"}]},{"@type":"WebSite","@id":"https:\/\/hd-multimedia.com\/#website","url":"https:\/\/hd-multimedia.com\/","name":"hd-multimedia","description":"","publisher":{"@id":"https:\/\/hd-multimedia.com\/#organization"},"potentialAction":[{"@type":"SearchAction","target":{"@type":"EntryPoint","urlTemplate":"https:\/\/hd-multimedia.com\/?s={search_term_string}"},"query-input":"required name=search_term_string"}],"inLanguage":"sl-SI"},{"@type":"Organization","@id":"https:\/\/hd-multimedia.com\/#organization","name":"hd-multimedia","url":"https:\/\/hd-multimedia.com\/","logo":{"@type":"ImageObject","inLanguage":"sl-SI","@id":"https:\/\/hd-multimedia.com\/#\/schema\/logo\/image\/","url":"https:\/\/hd-multimedia.com\/hdm_media\/HD-curves-ok-196-56px-alpha-1.png","contentUrl":"https:\/\/hd-multimedia.com\/hdm_media\/HD-curves-ok-196-56px-alpha-1.png","width":196,"height":53,"caption":"hd-multimedia"},"image":{"@id":"https:\/\/hd-multimedia.com\/#\/schema\/logo\/image\/"}}]}},"post_mailing_queue_ids":[],"_links":{"self":[{"href":"https:\/\/hd-multimedia.com\/sl\/wp-json\/wp\/v2\/product\/18011","targetHints":{"allow":["GET"]}}],"collection":[{"href":"https:\/\/hd-multimedia.com\/sl\/wp-json\/wp\/v2\/product"}],"about":[{"href":"https:\/\/hd-multimedia.com\/sl\/wp-json\/wp\/v2\/types\/product"}],"version-history":[{"count":8,"href":"https:\/\/hd-multimedia.com\/sl\/wp-json\/wp\/v2\/product\/18011\/revisions"}],"predecessor-version":[{"id":18190,"href":"https:\/\/hd-multimedia.com\/sl\/wp-json\/wp\/v2\/product\/18011\/revisions\/18190"}],"wp:featuredmedia":[{"embeddable":true,"href":"https:\/\/hd-multimedia.com\/sl\/wp-json\/wp\/v2\/media\/18013"}],"wp:attachment":[{"href":"https:\/\/hd-multimedia.com\/sl\/wp-json\/wp\/v2\/media?parent=18011"}],"curies":[{"name":"wp","href":"https:\/\/api.w.org\/{rel}","templated":true}]}}