{"id":17985,"date":"2025-03-17T10:30:01","date_gmt":"2025-03-17T10:30:01","guid":{"rendered":"https:\/\/hd-multimedia.com\/?post_type=product&#038;p=17985"},"modified":"2026-02-02T11:57:05","modified_gmt":"2026-02-02T11:57:05","slug":"kanto-ren","status":"publish","type":"product","link":"https:\/\/hd-multimedia.com\/sl\/trgovina\/kanto-ren\/","title":{"rendered":"Kanto REN"},"content":{"rendered":"<p>Aktivni zvo\u010dniki Kanto REN zagotavljajo jasen, mo\u010dan zvok v kompaktnem in elegantnem dizajnu, zaradi \u010desar so odli\u010den dodatek k vsakemu avdio sistemu. Z vgrajenim oja\u010devalnikom razreda D zagotavlja uravnote\u017eeno in impresivno izku\u0161njo poslu\u0161anja. Zvo\u010dniki ponujajo \u0161tevilne mo\u017enosti povezovanja in enostavno integracijo z razli\u010dnimi napravami. Ne glede na to, ali poslu\u0161ate glasbo, gledate filme ali igrate igrice, REN zagotavlja jasne visoke tone, globoke nizke tone in bogato zvo\u010dno izku\u0161njo brez potrebe po zunanjem oja\u010devalniku.<\/p>\n<p>Tehni\u010dni podatki:<\/p>\n<p data-start=\"31\" data-end=\"46\">Govorci:<\/p>\n<ul data-start=\"47\" data-end=\"119\">\n<li data-start=\"47\" data-end=\"77\">1\u201d svileni visokotonci<\/li>\n<li data-start=\"78\" data-end=\"119\">5,25-pal\u010dni nizkotonci z aluminijasto membrano<\/li>\n<\/ul>\n<p data-start=\"121\" data-end=\"133\">Avdio:<\/p>\n<ul data-start=\"134\" data-end=\"287\">\n<li data-start=\"134\" data-end=\"158\">Oja\u010devalnik razreda D<\/li>\n<li data-start=\"159\" data-end=\"196\">200 W najve\u010dje mo\u010di (100 W RMS)<\/li>\n<li data-start=\"197\" data-end=\"242\">Samodejni 80 Hz visoko\/nizkoprepustni filter<\/li>\n<li data-start=\"243\" data-end=\"287\">Frekven\u010dni razpon: 50 Hz \u2013 22 kHz<\/li>\n<\/ul>\n<p data-start=\"289\" data-end=\"301\">Vnesite:<\/p>\n<ul data-start=\"302\" data-end=\"459\">\n<li data-start=\"302\" data-end=\"334\">HDMI ARC s funkcijo CEC<\/li>\n<li data-start=\"335\" data-end=\"364\">USB-C (24-bit\/96 kHz)<\/li>\n<li data-start=\"365\" data-end=\"390\">Opti\u010dni (TOSLINK)<\/li>\n<li data-start=\"391\" data-end=\"428\">Bluetooth\u00ae 5.3 s podporo za AAC<\/li>\n<li data-start=\"429\" data-end=\"440\">RCA<\/li>\n<li data-start=\"441\" data-end=\"459\">3,5 mm AUX<\/li>\n<\/ul>\n<p data-start=\"461\" data-end=\"474\">Izhodi:<\/p>\n<ul data-start=\"475\" data-end=\"544\">\n<li data-start=\"475\" data-end=\"501\">Izhod za globokotonec<\/li>\n<li data-start=\"502\" data-end=\"544\">USB priklju\u010dek za polnjenje (5V 1A)<\/li>\n<\/ul>\n<p data-start=\"546\" data-end=\"572\">Kaj je v paketu:<\/p>\n<ul data-start=\"573\" data-end=\"766\">\n<li data-start=\"573\" data-end=\"600\">Daljinski upravljalnik<\/li>\n<li data-start=\"601\" data-end=\"639\">2 x magnetne za\u0161\u010ditne mre\u017eice<\/li>\n<li data-start=\"640\" data-end=\"661\">Napajalni kabel<\/li>\n<li data-start=\"662\" data-end=\"699\">Priklju\u010dni kabel za zvo\u010dnike<\/li>\n<li data-start=\"700\" data-end=\"725\">8 x gumijaste noge<\/li>\n<li data-start=\"726\" data-end=\"766\">Vodnik za hiter za\u010detek<\/li>\n<\/ul>\n<p data-start=\"768\" data-end=\"793\">Mere in te\u017ea:<\/p>\n<ul data-start=\"794\" data-end=\"1023\" data-is-only-node=\"\" data-is-last-node=\"\">\n<li data-start=\"794\" data-end=\"874\">Mere (na zvo\u010dnik): 7&quot; \u0160 x 8,5&quot; D x 10,9&quot; V (17,8 x 21,5 x 27,7 cm)<\/li>\n<li data-start=\"875\" data-end=\"924\">Te\u017ea (aktivni zvo\u010dnik): 9,9 lb (4,5 kg)<\/li>\n<li data-start=\"925\" data-end=\"974\">Te\u017ea (pasivni zvo\u010dnik): 8,6 lb (3,9 kg)<\/li>\n<li data-start=\"975\" data-end=\"1023\" data-is-last-node=\"\">Navoj \u00bc\u201d-20 na dnu za varno pritrditev<\/li>\n<\/ul>","protected":false},"excerpt":{"rendered":"<p>Kanto REN \u2013 Preprostost Soundbara, pravi stereo zvok.<\/p>\n<p>Z zdru\u017eevanjem preprostosti zvo\u010dne vrstice z natan\u010dnostjo stereo sistema, ki ga nadzoruje DSP, se Kanto REN brezhibno integrira s katerim koli sodobnim televizorjem prek HDMI ARC in zagotavlja izku\u0161njo, podobno doma\u010demu kinu, v enem poenostavljenem paketu. Kanto REN re\u0161uje frustracije zaradi zamolklih dialogov in izjemnih zvo\u010dnih u\u010dinkov z dvema zvo\u010dnima na\u010dinoma, ki okrepita vokale in zmanj\u0161ata nizke frekvence za no\u010dno gledanje. Ko je \u010das za dodajanje nizkotonca, REN samodejno filtrira nizke tone iz svojih 5,25-pal\u010dnih aluminijastih nizkotoncev, kar jim omogo\u010da, da se osredoto\u010dijo na srednje frekvence z minimalnim popa\u010denjem. REN ponuja vsestranskost, ki presega dnevno sobo, z Bluetooth 5.3 za pametne doma\u010de naprave, opti\u010dnimi za WiFi omre\u017ene preto\u010dne naprave, USB-C za namizno uporabo in analognimi vhodi za vse ostalo.<\/p>\n<p><a href=\"https:\/\/www.kantoaudio.com\/powered-speakers\/ren\/\" target=\"_blank\" rel=\"noopener\">Za ve\u010d informacij glejte tukaj<\/a><\/p>","protected":false},"featured_media":18005,"template":"","meta":{"site-sidebar-layout":"default","site-content-layout":"","ast-site-content-layout":"default","site-content-style":"default","site-sidebar-style":"default","ast-global-header-display":"","ast-banner-title-visibility":"","ast-main-header-display":"","ast-hfb-above-header-display":"","ast-hfb-below-header-display":"","ast-hfb-mobile-header-display":"","site-post-title":"","ast-breadcrumbs-content":"","ast-featured-img":"","footer-sml-layout":"","theme-transparent-header-meta":"default","adv-header-id-meta":"","stick-header-meta":"default","header-above-stick-meta":"","header-main-stick-meta":"","header-below-stick-meta":"","astra-migrate-meta-layouts":"set","ast-page-background-enabled":"default","ast-page-background-meta":{"desktop":{"background-color":"","background-image":"","background-repeat":"repeat","background-position":"center center","background-size":"auto","background-attachment":"scroll","background-type":"","background-media":"","overlay-type":"","overlay-color":"","overlay-opacity":"","overlay-gradient":""},"tablet":{"background-color":"","background-image":"","background-repeat":"repeat","background-position":"center center","background-size":"auto","background-attachment":"scroll","background-type":"","background-media":"","overlay-type":"","overlay-color":"","overlay-opacity":"","overlay-gradient":""},"mobile":{"background-color":"","background-image":"","background-repeat":"repeat","background-position":"center center","background-size":"auto","background-attachment":"scroll","background-type":"","background-media":"","overlay-type":"","overlay-color":"","overlay-opacity":"","overlay-gradient":""}},"ast-content-background-meta":{"desktop":{"background-color":"var(--ast-global-color-5)","background-image":"","background-repeat":"repeat","background-position":"center center","background-size":"auto","background-attachment":"scroll","background-type":"","background-media":"","overlay-type":"","overlay-color":"","overlay-opacity":"","overlay-gradient":""},"tablet":{"background-color":"var(--ast-global-color-5)","background-image":"","background-repeat":"repeat","background-position":"center center","background-size":"auto","background-attachment":"scroll","background-type":"","background-media":"","overlay-type":"","overlay-color":"","overlay-opacity":"","overlay-gradient":""},"mobile":{"background-color":"var(--ast-global-color-5)","background-image":"","background-repeat":"repeat","background-position":"center center","background-size":"auto","background-attachment":"scroll","background-type":"","background-media":"","overlay-type":"","overlay-color":"","overlay-opacity":"","overlay-gradient":""}}},"class_list":["post-17985","product","type-product","status-publish","has-post-thumbnail","hentry","product_cat-kanto-proizvodaci","product_cat-aktivne-zvucne-kutije","desktop-align-center","tablet-align-center","mobile-align-center","ast-product-gallery-layout-horizontal","ast-magnify-disabled","ast-product-single-variable","ast-product-tabs-layout-horizontal"],"yoast_head":"<!-- This site is optimized with the Yoast SEO plugin v21.4 - https:\/\/yoast.com\/wordpress\/plugins\/seo\/ -->\n<title>Kanto REN - hd-multimedia<\/title>\n<meta name=\"description\" content=\"Kanto REN aktivni zvu\u010dnici pru\u017eaju \u010dist, sna\u017ean zvuk u kompaktnom i elegantnom dizajnu, \u0161to ih \u010dini izvrsnim dodatkom svakom audio sustavu.\" \/>\n<meta name=\"robots\" content=\"index, follow, max-snippet:-1, max-image-preview:large, max-video-preview:-1\" \/>\n<link rel=\"canonical\" href=\"https:\/\/hd-multimedia.com\/sl\/trgovina\/kanto-ren\/\" \/>\n<meta property=\"og:locale\" content=\"sl_SI\" \/>\n<meta property=\"og:type\" content=\"article\" \/>\n<meta property=\"og:title\" content=\"Kanto REN - hd-multimedia\" \/>\n<meta property=\"og:description\" content=\"Kanto REN aktivni zvu\u010dnici pru\u017eaju \u010dist, sna\u017ean zvuk u kompaktnom i elegantnom dizajnu, \u0161to ih \u010dini izvrsnim dodatkom svakom audio sustavu.\" \/>\n<meta property=\"og:url\" content=\"https:\/\/hd-multimedia.com\/sl\/trgovina\/kanto-ren\/\" \/>\n<meta property=\"og:site_name\" content=\"hd-multimedia\" \/>\n<meta property=\"article:modified_time\" content=\"2026-02-02T11:57:05+00:00\" \/>\n<meta property=\"og:image\" content=\"https:\/\/hd-multimedia.com\/hdm_media\/renmu_main-e1742459320122.png\" \/>\n\t<meta property=\"og:image:width\" content=\"600\" \/>\n\t<meta property=\"og:image:height\" content=\"600\" \/>\n\t<meta property=\"og:image:type\" content=\"image\/png\" \/>\n<meta name=\"twitter:card\" content=\"summary_large_image\" \/>\n<meta name=\"twitter:label1\" content=\"Est. reading time\" \/>\n\t<meta name=\"twitter:data1\" content=\"2 minuti\" \/>\n<script type=\"application\/ld+json\" class=\"yoast-schema-graph\">{\"@context\":\"https:\/\/schema.org\",\"@graph\":[{\"@type\":\"WebPage\",\"@id\":\"https:\/\/hd-multimedia.com\/trgovina\/kanto-ren\/\",\"url\":\"https:\/\/hd-multimedia.com\/trgovina\/kanto-ren\/\",\"name\":\"Kanto REN - hd-multimedia\",\"isPartOf\":{\"@id\":\"https:\/\/hd-multimedia.com\/#website\"},\"datePublished\":\"2025-03-17T10:30:01+00:00\",\"dateModified\":\"2026-02-02T11:57:05+00:00\",\"description\":\"Kanto REN aktivni zvu\u010dnici pru\u017eaju \u010dist, sna\u017ean zvuk u kompaktnom i elegantnom dizajnu, \u0161to ih \u010dini izvrsnim dodatkom svakom audio sustavu.\",\"breadcrumb\":{\"@id\":\"https:\/\/hd-multimedia.com\/trgovina\/kanto-ren\/#breadcrumb\"},\"inLanguage\":\"sl-SI\",\"potentialAction\":[{\"@type\":\"ReadAction\",\"target\":[\"https:\/\/hd-multimedia.com\/trgovina\/kanto-ren\/\"]}]},{\"@type\":\"BreadcrumbList\",\"@id\":\"https:\/\/hd-multimedia.com\/trgovina\/kanto-ren\/#breadcrumb\",\"itemListElement\":[{\"@type\":\"ListItem\",\"position\":1,\"name\":\"Po\u010detna stranica\",\"item\":\"https:\/\/hd-multimedia.com\/\"},{\"@type\":\"ListItem\",\"position\":2,\"name\":\"Trgovina\",\"item\":\"https:\/\/hd-multimedia.com\/trgovina\/\"},{\"@type\":\"ListItem\",\"position\":3,\"name\":\"Kanto REN\"}]},{\"@type\":\"WebSite\",\"@id\":\"https:\/\/hd-multimedia.com\/#website\",\"url\":\"https:\/\/hd-multimedia.com\/\",\"name\":\"hd-multimedia\",\"description\":\"\",\"publisher\":{\"@id\":\"https:\/\/hd-multimedia.com\/#organization\"},\"potentialAction\":[{\"@type\":\"SearchAction\",\"target\":{\"@type\":\"EntryPoint\",\"urlTemplate\":\"https:\/\/hd-multimedia.com\/?s={search_term_string}\"},\"query-input\":\"required name=search_term_string\"}],\"inLanguage\":\"sl-SI\"},{\"@type\":\"Organization\",\"@id\":\"https:\/\/hd-multimedia.com\/#organization\",\"name\":\"hd-multimedia\",\"url\":\"https:\/\/hd-multimedia.com\/\",\"logo\":{\"@type\":\"ImageObject\",\"inLanguage\":\"sl-SI\",\"@id\":\"https:\/\/hd-multimedia.com\/#\/schema\/logo\/image\/\",\"url\":\"https:\/\/hd-multimedia.com\/hdm_media\/HD-curves-ok-196-56px-alpha-1.png\",\"contentUrl\":\"https:\/\/hd-multimedia.com\/hdm_media\/HD-curves-ok-196-56px-alpha-1.png\",\"width\":196,\"height\":53,\"caption\":\"hd-multimedia\"},\"image\":{\"@id\":\"https:\/\/hd-multimedia.com\/#\/schema\/logo\/image\/\"}}]}<\/script>\n<!-- \/ Yoast SEO plugin. -->","yoast_head_json":{"title":"Kanto REN - hd-multimedia","description":"Kanto REN aktivni zvu\u010dnici pru\u017eaju \u010dist, sna\u017ean zvuk u kompaktnom i elegantnom dizajnu, \u0161to ih \u010dini izvrsnim dodatkom svakom audio sustavu.","robots":{"index":"index","follow":"follow","max-snippet":"max-snippet:-1","max-image-preview":"max-image-preview:large","max-video-preview":"max-video-preview:-1"},"canonical":"https:\/\/hd-multimedia.com\/sl\/trgovina\/kanto-ren\/","og_locale":"sl_SI","og_type":"article","og_title":"Kanto REN - hd-multimedia","og_description":"Kanto REN aktivni zvu\u010dnici pru\u017eaju \u010dist, sna\u017ean zvuk u kompaktnom i elegantnom dizajnu, \u0161to ih \u010dini izvrsnim dodatkom svakom audio sustavu.","og_url":"https:\/\/hd-multimedia.com\/sl\/trgovina\/kanto-ren\/","og_site_name":"hd-multimedia","article_modified_time":"2026-02-02T11:57:05+00:00","og_image":[{"width":600,"height":600,"url":"https:\/\/hd-multimedia.com\/hdm_media\/renmu_main-e1742459320122.png","type":"image\/png"}],"twitter_card":"summary_large_image","twitter_misc":{"Est. reading time":"2 minuti"},"schema":{"@context":"https:\/\/schema.org","@graph":[{"@type":"WebPage","@id":"https:\/\/hd-multimedia.com\/trgovina\/kanto-ren\/","url":"https:\/\/hd-multimedia.com\/trgovina\/kanto-ren\/","name":"Kanto REN - hd-multimedia","isPartOf":{"@id":"https:\/\/hd-multimedia.com\/#website"},"datePublished":"2025-03-17T10:30:01+00:00","dateModified":"2026-02-02T11:57:05+00:00","description":"Kanto REN aktivni zvu\u010dnici pru\u017eaju \u010dist, sna\u017ean zvuk u kompaktnom i elegantnom dizajnu, \u0161to ih \u010dini izvrsnim dodatkom svakom audio sustavu.","breadcrumb":{"@id":"https:\/\/hd-multimedia.com\/trgovina\/kanto-ren\/#breadcrumb"},"inLanguage":"sl-SI","potentialAction":[{"@type":"ReadAction","target":["https:\/\/hd-multimedia.com\/trgovina\/kanto-ren\/"]}]},{"@type":"BreadcrumbList","@id":"https:\/\/hd-multimedia.com\/trgovina\/kanto-ren\/#breadcrumb","itemListElement":[{"@type":"ListItem","position":1,"name":"Po\u010detna stranica","item":"https:\/\/hd-multimedia.com\/"},{"@type":"ListItem","position":2,"name":"Trgovina","item":"https:\/\/hd-multimedia.com\/trgovina\/"},{"@type":"ListItem","position":3,"name":"Kanto REN"}]},{"@type":"WebSite","@id":"https:\/\/hd-multimedia.com\/#website","url":"https:\/\/hd-multimedia.com\/","name":"hd-multimedia","description":"","publisher":{"@id":"https:\/\/hd-multimedia.com\/#organization"},"potentialAction":[{"@type":"SearchAction","target":{"@type":"EntryPoint","urlTemplate":"https:\/\/hd-multimedia.com\/?s={search_term_string}"},"query-input":"required name=search_term_string"}],"inLanguage":"sl-SI"},{"@type":"Organization","@id":"https:\/\/hd-multimedia.com\/#organization","name":"hd-multimedia","url":"https:\/\/hd-multimedia.com\/","logo":{"@type":"ImageObject","inLanguage":"sl-SI","@id":"https:\/\/hd-multimedia.com\/#\/schema\/logo\/image\/","url":"https:\/\/hd-multimedia.com\/hdm_media\/HD-curves-ok-196-56px-alpha-1.png","contentUrl":"https:\/\/hd-multimedia.com\/hdm_media\/HD-curves-ok-196-56px-alpha-1.png","width":196,"height":53,"caption":"hd-multimedia"},"image":{"@id":"https:\/\/hd-multimedia.com\/#\/schema\/logo\/image\/"}}]}},"post_mailing_queue_ids":[],"_links":{"self":[{"href":"https:\/\/hd-multimedia.com\/sl\/wp-json\/wp\/v2\/product\/17985","targetHints":{"allow":["GET"]}}],"collection":[{"href":"https:\/\/hd-multimedia.com\/sl\/wp-json\/wp\/v2\/product"}],"about":[{"href":"https:\/\/hd-multimedia.com\/sl\/wp-json\/wp\/v2\/types\/product"}],"version-history":[{"count":8,"href":"https:\/\/hd-multimedia.com\/sl\/wp-json\/wp\/v2\/product\/17985\/revisions"}],"predecessor-version":[{"id":18463,"href":"https:\/\/hd-multimedia.com\/sl\/wp-json\/wp\/v2\/product\/17985\/revisions\/18463"}],"wp:featuredmedia":[{"embeddable":true,"href":"https:\/\/hd-multimedia.com\/sl\/wp-json\/wp\/v2\/media\/18005"}],"wp:attachment":[{"href":"https:\/\/hd-multimedia.com\/sl\/wp-json\/wp\/v2\/media?parent=17985"}],"curies":[{"name":"wp","href":"https:\/\/api.w.org\/{rel}","templated":true}]}}