{"id":17952,"date":"2025-03-13T10:08:13","date_gmt":"2025-03-13T10:08:13","guid":{"rendered":"https:\/\/hd-multimedia.com\/?post_type=product&#038;p=17952"},"modified":"2026-02-23T13:05:19","modified_gmt":"2026-02-23T13:05:19","slug":"kanto-ora","status":"publish","type":"product","link":"https:\/\/hd-multimedia.com\/sl\/trgovina\/kanto-ora\/","title":{"rendered":"Kanto ORA"},"content":{"rendered":"<p>Kanto ORA so zasnovani tako, da se prilegajo vsakemu interierju, zvo\u010dnike Kanto ORA odlikuje prefinjena, minimalisti\u010dna estetika in visokokakovostni materiali. Njihova kompaktna velikost je idealna za majhne do srednje velike prostore, brez kompromisov pri zmogljivosti. S preprostimi kontrolami in preprosto povezavo Bluetooth imate popoln nadzor nad svojo zvo\u010dno izku\u0161njo.<\/p>\n<p><strong>Tehni\u010dni podatki:<\/strong><\/p>\n<p><strong data-start=\"40\" data-end=\"52\">Vozniki:<\/strong><\/p>\n<ul data-start=\"55\" data-end=\"117\">\n<li data-start=\"55\" data-end=\"81\">\u00be\u201d svileni visokotonci<\/li>\n<li data-start=\"82\" data-end=\"117\">3&quot; nizkotonci s papirnato membrano<\/li>\n<\/ul>\n<p data-start=\"119\" data-end=\"130\"><strong data-start=\"119\" data-end=\"128\">zvok:<\/strong><\/p>\n<ul data-start=\"131\" data-end=\"347\">\n<li data-start=\"131\" data-end=\"167\">Razred D, bi-amplified sistem<\/li>\n<li data-start=\"168\" data-end=\"212\">Najve\u010dja mo\u010d 100 W (skupna RMS 50 W)<\/li>\n<li data-start=\"213\" data-end=\"239\">9 W RMS na visokotonec<\/li>\n<li data-start=\"240\" data-end=\"263\">16 W RMS na nizkotonec<\/li>\n<li data-start=\"264\" data-end=\"306\">Samodejni 100 Hz visoko\/nizkoprepustni filter<\/li>\n<li data-start=\"307\" data-end=\"347\">Frekven\u010dni razpon: 70 Hz \u2013 22 kHz<\/li>\n<\/ul>\n<p data-start=\"349\" data-end=\"361\"><strong data-start=\"349\" data-end=\"359\">Vnesite:<\/strong><\/p>\n<ul data-start=\"362\" data-end=\"428\">\n<li data-start=\"362\" data-end=\"383\">RCA linijski vhod<\/li>\n<li data-start=\"384\" data-end=\"409\">USB-C (16 bit\/48 kHz)<\/li>\n<li data-start=\"410\" data-end=\"428\">Bluetooth\u00ae 5.0<\/li>\n<\/ul>\n<p data-start=\"430\" data-end=\"443\"><strong data-start=\"430\" data-end=\"441\">Izhodi:<\/strong><\/p>\n<ul data-start=\"444\" data-end=\"471\">\n<li data-start=\"444\" data-end=\"471\">Priklju\u010dek za subwoofer<\/li>\n<\/ul>\n<p data-start=\"473\" data-end=\"499\"><strong data-start=\"473\" data-end=\"497\">Kaj je v paketu:<\/strong><\/p>\n<ul data-start=\"500\" data-end=\"611\">\n<li data-start=\"500\" data-end=\"547\">4-polni zvo\u010dni\u0161ki kabel (6&#039;)<\/li>\n<li data-start=\"548\" data-end=\"565\">Napajalni kabel<\/li>\n<li data-start=\"566\" data-end=\"586\">8 gumijastih nog<\/li>\n<li data-start=\"587\" data-end=\"611\">Uporabni\u0161ki priro\u010dnik<\/li>\n<\/ul>\n<p data-start=\"613\" data-end=\"638\"><strong data-start=\"613\" data-end=\"636\">Mere in te\u017ea:<\/strong><\/p>\n<ul data-start=\"639\" data-end=\"839\" data-is-last-node=\"\" data-is-only-node=\"\">\n<li data-start=\"639\" data-end=\"714\">Mere (na zvo\u010dnik): 10 x 14,1 x 17,5 cm (3,9&quot; \u0160 x 5,6&quot; G x 6,9&quot; V)<\/li>\n<li data-start=\"715\" data-end=\"754\">Neto te\u017ea (aktivni zvo\u010dnik): 1 kg<\/li>\n<li data-start=\"755\" data-end=\"794\">Neto te\u017ea (pasivni zvo\u010dnik): 1 kg<\/li>\n<li data-start=\"795\" data-end=\"839\" data-is-last-node=\"\">\u00bc\u201d-20 zadnji monta\u017eni navoj<\/li>\n<\/ul>","protected":false},"excerpt":{"rendered":"<p>Kanto ORA aktivni zvu\u010dnici kompaktnih dimenzija kombiniraju vrhunsku kvalitetu zvuka s elegantnim, modernim dizajnom, \u0161to ih \u010dini savr\u0161enim dodatkom svakom radnom stolu. Jednostavni su za kori\u0161tenje i ne trebaju vanjsko poja\u010dalo, dok raznovrsne opcije povezivanja, uklju\u010duju\u0107i Bluetooth, RCA linijski ulaz i usb-c, omogu\u0107uju jednostavnu integraciju s va\u0161im omiljenim ure\u0111ajima. Bez obzira na to slu\u0161ate li glazbu, gledate filmove ili igrate igre, ORA pru\u017ea sna\u017ean, uranjaju\u0107i zvuk s dubokim basovima i kristalno \u010distim visokim tonovima.<\/p>\n<p><a href=\"https:\/\/www.kantoaudio.com\/powered-speakers\/ora\/\" target=\"_blank\" rel=\"noopener\">Za ve\u010d informacij glejte tukaj<\/a><\/p>","protected":false},"featured_media":17982,"template":"","meta":{"site-sidebar-layout":"default","site-content-layout":"","ast-site-content-layout":"default","site-content-style":"default","site-sidebar-style":"default","ast-global-header-display":"","ast-banner-title-visibility":"","ast-main-header-display":"","ast-hfb-above-header-display":"","ast-hfb-below-header-display":"","ast-hfb-mobile-header-display":"","site-post-title":"","ast-breadcrumbs-content":"","ast-featured-img":"","footer-sml-layout":"","theme-transparent-header-meta":"default","adv-header-id-meta":"","stick-header-meta":"default","header-above-stick-meta":"","header-main-stick-meta":"","header-below-stick-meta":"","astra-migrate-meta-layouts":"set","ast-page-background-enabled":"default","ast-page-background-meta":{"desktop":{"background-color":"","background-image":"","background-repeat":"repeat","background-position":"center center","background-size":"auto","background-attachment":"scroll","background-type":"","background-media":"","overlay-type":"","overlay-color":"","overlay-opacity":"","overlay-gradient":""},"tablet":{"background-color":"","background-image":"","background-repeat":"repeat","background-position":"center center","background-size":"auto","background-attachment":"scroll","background-type":"","background-media":"","overlay-type":"","overlay-color":"","overlay-opacity":"","overlay-gradient":""},"mobile":{"background-color":"","background-image":"","background-repeat":"repeat","background-position":"center center","background-size":"auto","background-attachment":"scroll","background-type":"","background-media":"","overlay-type":"","overlay-color":"","overlay-opacity":"","overlay-gradient":""}},"ast-content-background-meta":{"desktop":{"background-color":"var(--ast-global-color-5)","background-image":"","background-repeat":"repeat","background-position":"center center","background-size":"auto","background-attachment":"scroll","background-type":"","background-media":"","overlay-type":"","overlay-color":"","overlay-opacity":"","overlay-gradient":""},"tablet":{"background-color":"var(--ast-global-color-5)","background-image":"","background-repeat":"repeat","background-position":"center center","background-size":"auto","background-attachment":"scroll","background-type":"","background-media":"","overlay-type":"","overlay-color":"","overlay-opacity":"","overlay-gradient":""},"mobile":{"background-color":"var(--ast-global-color-5)","background-image":"","background-repeat":"repeat","background-position":"center center","background-size":"auto","background-attachment":"scroll","background-type":"","background-media":"","overlay-type":"","overlay-color":"","overlay-opacity":"","overlay-gradient":""}}},"class_list":["post-17952","product","type-product","status-publish","has-post-thumbnail","hentry","product_cat-kanto-proizvodaci","product_cat-aktivne-zvucne-kutije","desktop-align-center","tablet-align-center","mobile-align-center","ast-product-gallery-layout-horizontal","ast-magnify-disabled","ast-product-single-variable","ast-product-tabs-layout-horizontal"],"yoast_head":"<!-- This site is optimized with the Yoast SEO plugin v21.4 - https:\/\/yoast.com\/wordpress\/plugins\/seo\/ -->\n<title>Kanto ORA - hd-multimedia<\/title>\n<meta name=\"description\" content=\"Kanto ORA aktivni zvu\u010dnici kombiniraju vrhunsku kvalitetu zvuka s elegantnim, modernim dizajnom, \u0161to ih \u010dini savr\u0161enim dodatkom svakom domu.\" \/>\n<meta name=\"robots\" content=\"index, follow, max-snippet:-1, max-image-preview:large, max-video-preview:-1\" \/>\n<link rel=\"canonical\" href=\"https:\/\/hd-multimedia.com\/sl\/trgovina\/kanto-ora\/\" \/>\n<meta property=\"og:locale\" content=\"sl_SI\" \/>\n<meta property=\"og:type\" content=\"article\" \/>\n<meta property=\"og:title\" content=\"Kanto ORA - hd-multimedia\" \/>\n<meta property=\"og:description\" content=\"Kanto ORA aktivni zvu\u010dnici kombiniraju vrhunsku kvalitetu zvuka s elegantnim, modernim dizajnom, \u0161to ih \u010dini savr\u0161enim dodatkom svakom domu.\" \/>\n<meta property=\"og:url\" content=\"https:\/\/hd-multimedia.com\/sl\/trgovina\/kanto-ora\/\" \/>\n<meta property=\"og:site_name\" content=\"hd-multimedia\" \/>\n<meta property=\"article:modified_time\" content=\"2026-02-23T13:05:19+00:00\" \/>\n<meta property=\"og:image\" content=\"https:\/\/hd-multimedia.com\/hdm_media\/oramuUSbadge_main-e1742200383738.png\" \/>\n\t<meta property=\"og:image:width\" content=\"600\" \/>\n\t<meta property=\"og:image:height\" content=\"600\" \/>\n\t<meta property=\"og:image:type\" content=\"image\/png\" \/>\n<meta name=\"twitter:card\" content=\"summary_large_image\" \/>\n<meta name=\"twitter:label1\" content=\"Est. reading time\" \/>\n\t<meta name=\"twitter:data1\" content=\"1 minuta\" \/>\n<script type=\"application\/ld+json\" class=\"yoast-schema-graph\">{\"@context\":\"https:\/\/schema.org\",\"@graph\":[{\"@type\":\"WebPage\",\"@id\":\"https:\/\/hd-multimedia.com\/trgovina\/kanto-ora\/\",\"url\":\"https:\/\/hd-multimedia.com\/trgovina\/kanto-ora\/\",\"name\":\"Kanto ORA - hd-multimedia\",\"isPartOf\":{\"@id\":\"https:\/\/hd-multimedia.com\/#website\"},\"datePublished\":\"2025-03-13T10:08:13+00:00\",\"dateModified\":\"2026-02-23T13:05:19+00:00\",\"description\":\"Kanto ORA aktivni zvu\u010dnici kombiniraju vrhunsku kvalitetu zvuka s elegantnim, modernim dizajnom, \u0161to ih \u010dini savr\u0161enim dodatkom svakom domu.\",\"breadcrumb\":{\"@id\":\"https:\/\/hd-multimedia.com\/trgovina\/kanto-ora\/#breadcrumb\"},\"inLanguage\":\"sl-SI\",\"potentialAction\":[{\"@type\":\"ReadAction\",\"target\":[\"https:\/\/hd-multimedia.com\/trgovina\/kanto-ora\/\"]}]},{\"@type\":\"BreadcrumbList\",\"@id\":\"https:\/\/hd-multimedia.com\/trgovina\/kanto-ora\/#breadcrumb\",\"itemListElement\":[{\"@type\":\"ListItem\",\"position\":1,\"name\":\"Po\u010detna stranica\",\"item\":\"https:\/\/hd-multimedia.com\/\"},{\"@type\":\"ListItem\",\"position\":2,\"name\":\"Trgovina\",\"item\":\"https:\/\/hd-multimedia.com\/trgovina\/\"},{\"@type\":\"ListItem\",\"position\":3,\"name\":\"Kanto ORA\"}]},{\"@type\":\"WebSite\",\"@id\":\"https:\/\/hd-multimedia.com\/#website\",\"url\":\"https:\/\/hd-multimedia.com\/\",\"name\":\"hd-multimedia\",\"description\":\"\",\"publisher\":{\"@id\":\"https:\/\/hd-multimedia.com\/#organization\"},\"potentialAction\":[{\"@type\":\"SearchAction\",\"target\":{\"@type\":\"EntryPoint\",\"urlTemplate\":\"https:\/\/hd-multimedia.com\/?s={search_term_string}\"},\"query-input\":\"required name=search_term_string\"}],\"inLanguage\":\"sl-SI\"},{\"@type\":\"Organization\",\"@id\":\"https:\/\/hd-multimedia.com\/#organization\",\"name\":\"hd-multimedia\",\"url\":\"https:\/\/hd-multimedia.com\/\",\"logo\":{\"@type\":\"ImageObject\",\"inLanguage\":\"sl-SI\",\"@id\":\"https:\/\/hd-multimedia.com\/#\/schema\/logo\/image\/\",\"url\":\"https:\/\/hd-multimedia.com\/hdm_media\/HD-curves-ok-196-56px-alpha-1.png\",\"contentUrl\":\"https:\/\/hd-multimedia.com\/hdm_media\/HD-curves-ok-196-56px-alpha-1.png\",\"width\":196,\"height\":53,\"caption\":\"hd-multimedia\"},\"image\":{\"@id\":\"https:\/\/hd-multimedia.com\/#\/schema\/logo\/image\/\"}}]}<\/script>\n<!-- \/ Yoast SEO plugin. -->","yoast_head_json":{"title":"Kanto ORA - hd-multimedia","description":"Kanto ORA aktivni zvu\u010dnici kombiniraju vrhunsku kvalitetu zvuka s elegantnim, modernim dizajnom, \u0161to ih \u010dini savr\u0161enim dodatkom svakom domu.","robots":{"index":"index","follow":"follow","max-snippet":"max-snippet:-1","max-image-preview":"max-image-preview:large","max-video-preview":"max-video-preview:-1"},"canonical":"https:\/\/hd-multimedia.com\/sl\/trgovina\/kanto-ora\/","og_locale":"sl_SI","og_type":"article","og_title":"Kanto ORA - hd-multimedia","og_description":"Kanto ORA aktivni zvu\u010dnici kombiniraju vrhunsku kvalitetu zvuka s elegantnim, modernim dizajnom, \u0161to ih \u010dini savr\u0161enim dodatkom svakom domu.","og_url":"https:\/\/hd-multimedia.com\/sl\/trgovina\/kanto-ora\/","og_site_name":"hd-multimedia","article_modified_time":"2026-02-23T13:05:19+00:00","og_image":[{"width":600,"height":600,"url":"https:\/\/hd-multimedia.com\/hdm_media\/oramuUSbadge_main-e1742200383738.png","type":"image\/png"}],"twitter_card":"summary_large_image","twitter_misc":{"Est. reading time":"1 minuta"},"schema":{"@context":"https:\/\/schema.org","@graph":[{"@type":"WebPage","@id":"https:\/\/hd-multimedia.com\/trgovina\/kanto-ora\/","url":"https:\/\/hd-multimedia.com\/trgovina\/kanto-ora\/","name":"Kanto ORA - hd-multimedia","isPartOf":{"@id":"https:\/\/hd-multimedia.com\/#website"},"datePublished":"2025-03-13T10:08:13+00:00","dateModified":"2026-02-23T13:05:19+00:00","description":"Kanto ORA aktivni zvu\u010dnici kombiniraju vrhunsku kvalitetu zvuka s elegantnim, modernim dizajnom, \u0161to ih \u010dini savr\u0161enim dodatkom svakom domu.","breadcrumb":{"@id":"https:\/\/hd-multimedia.com\/trgovina\/kanto-ora\/#breadcrumb"},"inLanguage":"sl-SI","potentialAction":[{"@type":"ReadAction","target":["https:\/\/hd-multimedia.com\/trgovina\/kanto-ora\/"]}]},{"@type":"BreadcrumbList","@id":"https:\/\/hd-multimedia.com\/trgovina\/kanto-ora\/#breadcrumb","itemListElement":[{"@type":"ListItem","position":1,"name":"Po\u010detna stranica","item":"https:\/\/hd-multimedia.com\/"},{"@type":"ListItem","position":2,"name":"Trgovina","item":"https:\/\/hd-multimedia.com\/trgovina\/"},{"@type":"ListItem","position":3,"name":"Kanto ORA"}]},{"@type":"WebSite","@id":"https:\/\/hd-multimedia.com\/#website","url":"https:\/\/hd-multimedia.com\/","name":"hd-multimedia","description":"","publisher":{"@id":"https:\/\/hd-multimedia.com\/#organization"},"potentialAction":[{"@type":"SearchAction","target":{"@type":"EntryPoint","urlTemplate":"https:\/\/hd-multimedia.com\/?s={search_term_string}"},"query-input":"required name=search_term_string"}],"inLanguage":"sl-SI"},{"@type":"Organization","@id":"https:\/\/hd-multimedia.com\/#organization","name":"hd-multimedia","url":"https:\/\/hd-multimedia.com\/","logo":{"@type":"ImageObject","inLanguage":"sl-SI","@id":"https:\/\/hd-multimedia.com\/#\/schema\/logo\/image\/","url":"https:\/\/hd-multimedia.com\/hdm_media\/HD-curves-ok-196-56px-alpha-1.png","contentUrl":"https:\/\/hd-multimedia.com\/hdm_media\/HD-curves-ok-196-56px-alpha-1.png","width":196,"height":53,"caption":"hd-multimedia"},"image":{"@id":"https:\/\/hd-multimedia.com\/#\/schema\/logo\/image\/"}}]}},"post_mailing_queue_ids":[],"_links":{"self":[{"href":"https:\/\/hd-multimedia.com\/sl\/wp-json\/wp\/v2\/product\/17952","targetHints":{"allow":["GET"]}}],"collection":[{"href":"https:\/\/hd-multimedia.com\/sl\/wp-json\/wp\/v2\/product"}],"about":[{"href":"https:\/\/hd-multimedia.com\/sl\/wp-json\/wp\/v2\/types\/product"}],"version-history":[{"count":7,"href":"https:\/\/hd-multimedia.com\/sl\/wp-json\/wp\/v2\/product\/17952\/revisions"}],"predecessor-version":[{"id":19275,"href":"https:\/\/hd-multimedia.com\/sl\/wp-json\/wp\/v2\/product\/17952\/revisions\/19275"}],"wp:featuredmedia":[{"embeddable":true,"href":"https:\/\/hd-multimedia.com\/sl\/wp-json\/wp\/v2\/media\/17982"}],"wp:attachment":[{"href":"https:\/\/hd-multimedia.com\/sl\/wp-json\/wp\/v2\/media?parent=17952"}],"curies":[{"name":"wp","href":"https:\/\/api.w.org\/{rel}","templated":true}]}}