{"id":17922,"date":"2025-03-04T09:54:56","date_gmt":"2025-03-04T09:54:56","guid":{"rendered":"https:\/\/hd-multimedia.com\/?post_type=product&#038;p=17922"},"modified":"2025-04-22T09:34:42","modified_gmt":"2025-04-22T09:34:42","slug":"elac-elegant-bs-305","status":"publish","type":"product","link":"https:\/\/hd-multimedia.com\/sl\/trgovina\/elac-elegant-bs-305\/","title":{"rendered":"ELAC Elegant BS 305 (par)"},"content":{"rendered":"<p>BS 305 je idealen za stereo naprave in hi\u0161ni kino, zato se zlahka prilega vsakemu prostoru, ne glede na to, ali je postavljen na stojalo ali polico. Zahvaljujo\u010d natan\u010dnemu in\u017eenirstvu ta zvo\u010dnik zagotavlja dinami\u010den in veren zvok, primeren za vse glasbene zvrsti in filmske izku\u0161nje. S svojo minimalisti\u010dno zasnovo in vrhunsko izdelavo je ELAC BS 305 prefinjen dodatek k vsakemu avdio sistemu, ki zagotavlja popolno me\u0161anico sloga in akusti\u010dne odli\u010dnosti.<\/p>\n<ul>\n<li>Vrsta: 2-smerni bas refleks<\/li>\n<li>Frekven\u010dni odziv: 42 \u2013 23.000 Hz<\/li>\n<li>Nazivna impedanca: 4 \u03a9<\/li>\n<li>Ob\u010dutljivost (@2,83V\/1m): 86 dB<\/li>\n<li>Crossover frekvenca: 3500 Hz<\/li>\n<li>Priporo\u010dena mo\u010d oja\u010devalnika: 50 \u2013 150 W na kanal<\/li>\n<li>Obvladovanje najve\u010dje mo\u010di: 120 W<\/li>\n<li>Visokotonec: 25 mm Fabric Dome<\/li>\n<li>Nizkotonec: 115 mm D, AS sto\u017eec<\/li>\n<li>Material ohi\u0161ja: aluminij<\/li>\n<li>Zaklju\u010dek ohi\u0161ja: \u010drno-bel visok sijaj<\/li>\n<li>Vrata: zadnja vrata za streljanje<\/li>\n<li>Vezalni drog: 5-smerni<\/li>\n<li>Mere (\u0160 \u00d7 V \u00d7 G): 8,2\u2033 \u00d7 4,8\u2033 \u00d7 10,63\u2033 (208 \u00d7 123 \u00d7 270 mm)<\/li>\n<li>Neto te\u017ea: 12,13 lbs (5,5 kg)<\/li>\n<\/ul>","protected":false},"excerpt":{"rendered":"<p>ELAC BS 305 je kompakten, a zmogljiv knji\u017eni zvo\u010dnik, zasnovan za vrhunsko reprodukcijo zvoka z modernim in elegantnim videzom.<br \/>\nOpremljen z naprednim visokotoncem JET 5 zagotavlja kristalno \u010diste in podrobne visoke frekvence, medtem ko aluminijasti sendvi\u010d nizkotonec zagotavlja globoke in nadzorovane nizke tone.<\/p>\n<p>Kljub svoji majhnosti ponuja BS 305 impresivno zvo\u010dno kuliso in izjemno jasnost, zaradi \u010desar je popolna izbira za avdiofile, ki \u017eelijo vrhunsko zmogljivost v kompaktni zasnovi. Njegovo trdno aluminijasto ohi\u0161je ne samo pove\u010da vzdr\u017eljivost, ampak tudi zmanj\u0161a ne\u017eelene vibracije, kar ima za posledico bolj naraven in \u010dist zvok.<\/p>\n<p>Cena velja za par (2 zvo\u010dnika)<\/p>\n<p><a href=\"https:\/\/elac.com\/bs305\" target=\"_blank\" rel=\"noopener\">Povezava za dodatne informacije o izdelku!<\/a><\/p>\n<p>&nbsp;<\/p>","protected":false},"featured_media":17928,"template":"","meta":{"site-sidebar-layout":"default","site-content-layout":"","ast-site-content-layout":"default","site-content-style":"default","site-sidebar-style":"default","ast-global-header-display":"","ast-banner-title-visibility":"","ast-main-header-display":"","ast-hfb-above-header-display":"","ast-hfb-below-header-display":"","ast-hfb-mobile-header-display":"","site-post-title":"","ast-breadcrumbs-content":"","ast-featured-img":"","footer-sml-layout":"","theme-transparent-header-meta":"default","adv-header-id-meta":"","stick-header-meta":"default","header-above-stick-meta":"","header-main-stick-meta":"","header-below-stick-meta":"","astra-migrate-meta-layouts":"set","ast-page-background-enabled":"default","ast-page-background-meta":{"desktop":{"background-color":"","background-image":"","background-repeat":"repeat","background-position":"center center","background-size":"auto","background-attachment":"scroll","background-type":"","background-media":"","overlay-type":"","overlay-color":"","overlay-opacity":"","overlay-gradient":""},"tablet":{"background-color":"","background-image":"","background-repeat":"repeat","background-position":"center center","background-size":"auto","background-attachment":"scroll","background-type":"","background-media":"","overlay-type":"","overlay-color":"","overlay-opacity":"","overlay-gradient":""},"mobile":{"background-color":"","background-image":"","background-repeat":"repeat","background-position":"center center","background-size":"auto","background-attachment":"scroll","background-type":"","background-media":"","overlay-type":"","overlay-color":"","overlay-opacity":"","overlay-gradient":""}},"ast-content-background-meta":{"desktop":{"background-color":"var(--ast-global-color-5)","background-image":"","background-repeat":"repeat","background-position":"center center","background-size":"auto","background-attachment":"scroll","background-type":"","background-media":"","overlay-type":"","overlay-color":"","overlay-opacity":"","overlay-gradient":""},"tablet":{"background-color":"var(--ast-global-color-5)","background-image":"","background-repeat":"repeat","background-position":"center center","background-size":"auto","background-attachment":"scroll","background-type":"","background-media":"","overlay-type":"","overlay-color":"","overlay-opacity":"","overlay-gradient":""},"mobile":{"background-color":"var(--ast-global-color-5)","background-image":"","background-repeat":"repeat","background-position":"center center","background-size":"auto","background-attachment":"scroll","background-type":"","background-media":"","overlay-type":"","overlay-color":"","overlay-opacity":"","overlay-gradient":""}}},"class_list":["post-17922","product","type-product","status-publish","has-post-thumbnail","hentry","product_cat-pasivne-zvucne-kutije","product_cat-elac","product_tag-novi-modeli-elac","desktop-align-center","tablet-align-center","mobile-align-center","ast-product-gallery-layout-horizontal","ast-magnify-disabled","ast-product-single-variable","ast-product-tabs-layout-horizontal"],"yoast_head":"<!-- This site is optimized with the Yoast SEO plugin v21.4 - https:\/\/yoast.com\/wordpress\/plugins\/seo\/ -->\n<title>ELAC Elegant BS 305 (par) - hd-multimedia<\/title>\n<meta name=\"description\" content=\"ELAC BS 305 je kompaktan, ali mo\u0107an bookshelf zvu\u010dnik dizajniran za vrhunsku reprodukciju zvuka uz moderan i elegantan izgled.\" \/>\n<meta name=\"robots\" content=\"index, follow, max-snippet:-1, max-image-preview:large, max-video-preview:-1\" \/>\n<link rel=\"canonical\" href=\"https:\/\/hd-multimedia.com\/sl\/trgovina\/elac-elegant-bs-305\/\" \/>\n<meta property=\"og:locale\" content=\"sl_SI\" \/>\n<meta property=\"og:type\" content=\"article\" \/>\n<meta property=\"og:title\" content=\"ELAC Elegant BS 305 (par) - hd-multimedia\" \/>\n<meta property=\"og:description\" content=\"ELAC BS 305 je kompaktan, ali mo\u0107an bookshelf zvu\u010dnik dizajniran za vrhunsku reprodukciju zvuka uz moderan i elegantan izgled.\" \/>\n<meta property=\"og:url\" content=\"https:\/\/hd-multimedia.com\/sl\/trgovina\/elac-elegant-bs-305\/\" \/>\n<meta property=\"og:site_name\" content=\"hd-multimedia\" \/>\n<meta property=\"article:modified_time\" content=\"2025-04-22T09:34:42+00:00\" \/>\n<meta property=\"og:image\" content=\"https:\/\/hd-multimedia.com\/hdm_media\/ELAC-WEB-Elegant-BS-305-Black-4-24-3_1-e1741088457198.webp\" \/>\n\t<meta property=\"og:image:width\" content=\"900\" \/>\n\t<meta property=\"og:image:height\" content=\"900\" \/>\n\t<meta property=\"og:image:type\" content=\"image\/webp\" \/>\n<meta name=\"twitter:card\" content=\"summary_large_image\" \/>\n<meta name=\"twitter:label1\" content=\"Est. reading time\" \/>\n\t<meta name=\"twitter:data1\" content=\"1 minuta\" \/>\n<script type=\"application\/ld+json\" class=\"yoast-schema-graph\">{\"@context\":\"https:\/\/schema.org\",\"@graph\":[{\"@type\":\"WebPage\",\"@id\":\"https:\/\/hd-multimedia.com\/trgovina\/elac-elegant-bs-305\/\",\"url\":\"https:\/\/hd-multimedia.com\/trgovina\/elac-elegant-bs-305\/\",\"name\":\"ELAC Elegant BS 305 (par) - hd-multimedia\",\"isPartOf\":{\"@id\":\"https:\/\/hd-multimedia.com\/#website\"},\"datePublished\":\"2025-03-04T09:54:56+00:00\",\"dateModified\":\"2025-04-22T09:34:42+00:00\",\"description\":\"ELAC BS 305 je kompaktan, ali mo\u0107an bookshelf zvu\u010dnik dizajniran za vrhunsku reprodukciju zvuka uz moderan i elegantan izgled.\",\"breadcrumb\":{\"@id\":\"https:\/\/hd-multimedia.com\/trgovina\/elac-elegant-bs-305\/#breadcrumb\"},\"inLanguage\":\"sl-SI\",\"potentialAction\":[{\"@type\":\"ReadAction\",\"target\":[\"https:\/\/hd-multimedia.com\/trgovina\/elac-elegant-bs-305\/\"]}]},{\"@type\":\"BreadcrumbList\",\"@id\":\"https:\/\/hd-multimedia.com\/trgovina\/elac-elegant-bs-305\/#breadcrumb\",\"itemListElement\":[{\"@type\":\"ListItem\",\"position\":1,\"name\":\"Po\u010detna stranica\",\"item\":\"https:\/\/hd-multimedia.com\/\"},{\"@type\":\"ListItem\",\"position\":2,\"name\":\"Trgovina\",\"item\":\"https:\/\/hd-multimedia.com\/trgovina\/\"},{\"@type\":\"ListItem\",\"position\":3,\"name\":\"ELAC Elegant BS 305 (par)\"}]},{\"@type\":\"WebSite\",\"@id\":\"https:\/\/hd-multimedia.com\/#website\",\"url\":\"https:\/\/hd-multimedia.com\/\",\"name\":\"hd-multimedia\",\"description\":\"\",\"publisher\":{\"@id\":\"https:\/\/hd-multimedia.com\/#organization\"},\"potentialAction\":[{\"@type\":\"SearchAction\",\"target\":{\"@type\":\"EntryPoint\",\"urlTemplate\":\"https:\/\/hd-multimedia.com\/?s={search_term_string}\"},\"query-input\":\"required name=search_term_string\"}],\"inLanguage\":\"sl-SI\"},{\"@type\":\"Organization\",\"@id\":\"https:\/\/hd-multimedia.com\/#organization\",\"name\":\"hd-multimedia\",\"url\":\"https:\/\/hd-multimedia.com\/\",\"logo\":{\"@type\":\"ImageObject\",\"inLanguage\":\"sl-SI\",\"@id\":\"https:\/\/hd-multimedia.com\/#\/schema\/logo\/image\/\",\"url\":\"https:\/\/hd-multimedia.com\/hdm_media\/HD-curves-ok-196-56px-alpha-1.png\",\"contentUrl\":\"https:\/\/hd-multimedia.com\/hdm_media\/HD-curves-ok-196-56px-alpha-1.png\",\"width\":196,\"height\":53,\"caption\":\"hd-multimedia\"},\"image\":{\"@id\":\"https:\/\/hd-multimedia.com\/#\/schema\/logo\/image\/\"}}]}<\/script>\n<!-- \/ Yoast SEO plugin. -->","yoast_head_json":{"title":"ELAC Elegant BS 305 (par) - hd-multimedia","description":"ELAC BS 305 je kompaktan, ali mo\u0107an bookshelf zvu\u010dnik dizajniran za vrhunsku reprodukciju zvuka uz moderan i elegantan izgled.","robots":{"index":"index","follow":"follow","max-snippet":"max-snippet:-1","max-image-preview":"max-image-preview:large","max-video-preview":"max-video-preview:-1"},"canonical":"https:\/\/hd-multimedia.com\/sl\/trgovina\/elac-elegant-bs-305\/","og_locale":"sl_SI","og_type":"article","og_title":"ELAC Elegant BS 305 (par) - hd-multimedia","og_description":"ELAC BS 305 je kompaktan, ali mo\u0107an bookshelf zvu\u010dnik dizajniran za vrhunsku reprodukciju zvuka uz moderan i elegantan izgled.","og_url":"https:\/\/hd-multimedia.com\/sl\/trgovina\/elac-elegant-bs-305\/","og_site_name":"hd-multimedia","article_modified_time":"2025-04-22T09:34:42+00:00","og_image":[{"width":900,"height":900,"url":"https:\/\/hd-multimedia.com\/hdm_media\/ELAC-WEB-Elegant-BS-305-Black-4-24-3_1-e1741088457198.webp","type":"image\/webp"}],"twitter_card":"summary_large_image","twitter_misc":{"Est. reading time":"1 minuta"},"schema":{"@context":"https:\/\/schema.org","@graph":[{"@type":"WebPage","@id":"https:\/\/hd-multimedia.com\/trgovina\/elac-elegant-bs-305\/","url":"https:\/\/hd-multimedia.com\/trgovina\/elac-elegant-bs-305\/","name":"ELAC Elegant BS 305 (par) - hd-multimedia","isPartOf":{"@id":"https:\/\/hd-multimedia.com\/#website"},"datePublished":"2025-03-04T09:54:56+00:00","dateModified":"2025-04-22T09:34:42+00:00","description":"ELAC BS 305 je kompaktan, ali mo\u0107an bookshelf zvu\u010dnik dizajniran za vrhunsku reprodukciju zvuka uz moderan i elegantan izgled.","breadcrumb":{"@id":"https:\/\/hd-multimedia.com\/trgovina\/elac-elegant-bs-305\/#breadcrumb"},"inLanguage":"sl-SI","potentialAction":[{"@type":"ReadAction","target":["https:\/\/hd-multimedia.com\/trgovina\/elac-elegant-bs-305\/"]}]},{"@type":"BreadcrumbList","@id":"https:\/\/hd-multimedia.com\/trgovina\/elac-elegant-bs-305\/#breadcrumb","itemListElement":[{"@type":"ListItem","position":1,"name":"Po\u010detna stranica","item":"https:\/\/hd-multimedia.com\/"},{"@type":"ListItem","position":2,"name":"Trgovina","item":"https:\/\/hd-multimedia.com\/trgovina\/"},{"@type":"ListItem","position":3,"name":"ELAC Elegant BS 305 (par)"}]},{"@type":"WebSite","@id":"https:\/\/hd-multimedia.com\/#website","url":"https:\/\/hd-multimedia.com\/","name":"hd-multimedia","description":"","publisher":{"@id":"https:\/\/hd-multimedia.com\/#organization"},"potentialAction":[{"@type":"SearchAction","target":{"@type":"EntryPoint","urlTemplate":"https:\/\/hd-multimedia.com\/?s={search_term_string}"},"query-input":"required name=search_term_string"}],"inLanguage":"sl-SI"},{"@type":"Organization","@id":"https:\/\/hd-multimedia.com\/#organization","name":"hd-multimedia","url":"https:\/\/hd-multimedia.com\/","logo":{"@type":"ImageObject","inLanguage":"sl-SI","@id":"https:\/\/hd-multimedia.com\/#\/schema\/logo\/image\/","url":"https:\/\/hd-multimedia.com\/hdm_media\/HD-curves-ok-196-56px-alpha-1.png","contentUrl":"https:\/\/hd-multimedia.com\/hdm_media\/HD-curves-ok-196-56px-alpha-1.png","width":196,"height":53,"caption":"hd-multimedia"},"image":{"@id":"https:\/\/hd-multimedia.com\/#\/schema\/logo\/image\/"}}]}},"post_mailing_queue_ids":[],"_links":{"self":[{"href":"https:\/\/hd-multimedia.com\/sl\/wp-json\/wp\/v2\/product\/17922","targetHints":{"allow":["GET"]}}],"collection":[{"href":"https:\/\/hd-multimedia.com\/sl\/wp-json\/wp\/v2\/product"}],"about":[{"href":"https:\/\/hd-multimedia.com\/sl\/wp-json\/wp\/v2\/types\/product"}],"version-history":[{"count":9,"href":"https:\/\/hd-multimedia.com\/sl\/wp-json\/wp\/v2\/product\/17922\/revisions"}],"predecessor-version":[{"id":17924,"href":"https:\/\/hd-multimedia.com\/sl\/wp-json\/wp\/v2\/product\/17922\/revisions\/17924"}],"wp:featuredmedia":[{"embeddable":true,"href":"https:\/\/hd-multimedia.com\/sl\/wp-json\/wp\/v2\/media\/17928"}],"wp:attachment":[{"href":"https:\/\/hd-multimedia.com\/sl\/wp-json\/wp\/v2\/media?parent=17922"}],"curies":[{"name":"wp","href":"https:\/\/api.w.org\/{rel}","templated":true}]}}