{"id":17742,"date":"2025-02-04T09:54:12","date_gmt":"2025-02-04T09:54:12","guid":{"rendered":"https:\/\/hd-multimedia.com\/?post_type=product&#038;p=17742"},"modified":"2026-03-06T15:54:22","modified_gmt":"2026-03-06T15:54:22","slug":"elac-debut-f6-3","status":"publish","type":"product","link":"https:\/\/hd-multimedia.com\/sl\/trgovina\/elac-debut-f6-3\/","title":{"rendered":"Elac Debut F6.3 (par)"},"content":{"rendered":"<p>Debut F6.3, zasnovan s poudarkom na zmogljivosti in estetiki, ima pozla\u010dene 5-stezne konektorje za optimalno prevodnost in obse\u017ene mo\u017enosti povezovanja. 16 mm debelo ohi\u0161je je dodatno oja\u010dano z notranjimi nosilci za zmanj\u0161anje resonanc, medtem ko pre\u010dke s konicami zagotavljajo stabilno podlago in u\u010dinkovito lo\u010dijo zvo\u010dnik od tal, izbolj\u0161ajo \u010distost zvoka in zmanj\u0161ajo vibracije. S svojim elegantnim mat zaklju\u010dkom in natan\u010dno izdelano konstrukcijo ELAC Debut F6.3 ne zagotavlja le vrhunske zvo\u010dne zmogljivosti, ampak tudi estetsko obogati vsak prostor za poslu\u0161anje.<\/p>","protected":false},"excerpt":{"rendered":"<p>Samostoje\u010di zvo\u010dniki ELAC Debut F6.3 zagotavljajo impresivno in dinami\u010dno zvo\u010dno izku\u0161njo, popolno za ljubitelje glasbe in doma\u010dega kina. Ti zvo\u010dniki s tremi zmogljivimi 160 mm nizkotonci ponujajo globok bas, izbolj\u0161ano dinamiko in visoko mo\u010d, zaradi \u010desar so odli\u010dna izbira za tiste, ki radi glasno in energi\u010dno poslu\u0161ajo. Popolna 3-stezna zasnova zagotavlja jasen in uravnote\u017een zvok na vseh frekvencah, medtem ko sta visokotonec in 16 cm srednjetonec name\u0161\u010dena v lo\u010deni komori za zmanj\u0161anje popa\u010denja in ne\u017eelenih tresljajev. Ne glede na to, ali u\u017eivate v subtilnih podrobnostih akusti\u010dne glasbe ali krepite zvok za zabavo, Debut F6.3 zagotavlja prostorno in natan\u010dno zvo\u010dno izku\u0161njo.<\/p>\n<p>Cena velja za par (2 zvo\u010dnika)<\/p>","protected":false},"featured_media":17744,"template":"","meta":{"site-sidebar-layout":"default","site-content-layout":"","ast-site-content-layout":"default","site-content-style":"default","site-sidebar-style":"default","ast-global-header-display":"","ast-banner-title-visibility":"","ast-main-header-display":"","ast-hfb-above-header-display":"","ast-hfb-below-header-display":"","ast-hfb-mobile-header-display":"","site-post-title":"","ast-breadcrumbs-content":"","ast-featured-img":"","footer-sml-layout":"","theme-transparent-header-meta":"default","adv-header-id-meta":"","stick-header-meta":"default","header-above-stick-meta":"","header-main-stick-meta":"","header-below-stick-meta":"","astra-migrate-meta-layouts":"set","ast-page-background-enabled":"default","ast-page-background-meta":{"desktop":{"background-color":"","background-image":"","background-repeat":"repeat","background-position":"center center","background-size":"auto","background-attachment":"scroll","background-type":"","background-media":"","overlay-type":"","overlay-color":"","overlay-opacity":"","overlay-gradient":""},"tablet":{"background-color":"","background-image":"","background-repeat":"repeat","background-position":"center center","background-size":"auto","background-attachment":"scroll","background-type":"","background-media":"","overlay-type":"","overlay-color":"","overlay-opacity":"","overlay-gradient":""},"mobile":{"background-color":"","background-image":"","background-repeat":"repeat","background-position":"center center","background-size":"auto","background-attachment":"scroll","background-type":"","background-media":"","overlay-type":"","overlay-color":"","overlay-opacity":"","overlay-gradient":""}},"ast-content-background-meta":{"desktop":{"background-color":"var(--ast-global-color-5)","background-image":"","background-repeat":"repeat","background-position":"center center","background-size":"auto","background-attachment":"scroll","background-type":"","background-media":"","overlay-type":"","overlay-color":"","overlay-opacity":"","overlay-gradient":""},"tablet":{"background-color":"var(--ast-global-color-5)","background-image":"","background-repeat":"repeat","background-position":"center center","background-size":"auto","background-attachment":"scroll","background-type":"","background-media":"","overlay-type":"","overlay-color":"","overlay-opacity":"","overlay-gradient":""},"mobile":{"background-color":"var(--ast-global-color-5)","background-image":"","background-repeat":"repeat","background-position":"center center","background-size":"auto","background-attachment":"scroll","background-type":"","background-media":"","overlay-type":"","overlay-color":"","overlay-opacity":"","overlay-gradient":""}}},"class_list":["post-17742","product","type-product","status-publish","has-post-thumbnail","hentry","product_cat-pasivne-zvucne-kutije","product_cat-elac","product_tag-novi-modeli-elac","desktop-align-center","tablet-align-center","mobile-align-center","ast-product-gallery-layout-horizontal","ast-magnify-disabled","ast-product-single-variable","ast-product-tabs-layout-horizontal"],"yoast_head":"<!-- This site is optimized with the Yoast SEO plugin v21.4 - https:\/\/yoast.com\/wordpress\/plugins\/seo\/ -->\n<title>Elac Debut F6.3 (par) - hd-multimedia<\/title>\n<meta name=\"description\" content=\"ELAC Debut F6.3 samostoje\u0107i zvu\u010dnici pru\u017eaju impresivan i dinami\u010dan zvu\u010dni do\u017eivljaj, savr\u0161en za ljubitelje glazbe i ku\u0107nog kina.\" \/>\n<meta name=\"robots\" content=\"index, follow, max-snippet:-1, max-image-preview:large, max-video-preview:-1\" \/>\n<link rel=\"canonical\" href=\"https:\/\/hd-multimedia.com\/sl\/trgovina\/elac-debut-f6-3\/\" \/>\n<meta property=\"og:locale\" content=\"sl_SI\" \/>\n<meta property=\"og:type\" content=\"article\" \/>\n<meta property=\"og:title\" content=\"Elac Debut F6.3 (par) - hd-multimedia\" \/>\n<meta property=\"og:description\" content=\"ELAC Debut F6.3 samostoje\u0107i zvu\u010dnici pru\u017eaju impresivan i dinami\u010dan zvu\u010dni do\u017eivljaj, savr\u0161en za ljubitelje glazbe i ku\u0107nog kina.\" \/>\n<meta property=\"og:url\" content=\"https:\/\/hd-multimedia.com\/sl\/trgovina\/elac-debut-f6-3\/\" \/>\n<meta property=\"og:site_name\" content=\"hd-multimedia\" \/>\n<meta property=\"article:modified_time\" content=\"2026-03-06T15:54:22+00:00\" \/>\n<meta property=\"og:image\" content=\"https:\/\/hd-multimedia.com\/hdm_media\/elac-debut-f63-per-pair.webp\" \/>\n\t<meta property=\"og:image:width\" content=\"1000\" \/>\n\t<meta property=\"og:image:height\" content=\"1000\" \/>\n\t<meta property=\"og:image:type\" content=\"image\/webp\" \/>\n<meta name=\"twitter:card\" content=\"summary_large_image\" \/>\n<meta name=\"twitter:label1\" content=\"Est. reading time\" \/>\n\t<meta name=\"twitter:data1\" content=\"1 minuta\" \/>\n<script type=\"application\/ld+json\" class=\"yoast-schema-graph\">{\"@context\":\"https:\/\/schema.org\",\"@graph\":[{\"@type\":\"WebPage\",\"@id\":\"https:\/\/hd-multimedia.com\/trgovina\/elac-debut-f6-3\/\",\"url\":\"https:\/\/hd-multimedia.com\/trgovina\/elac-debut-f6-3\/\",\"name\":\"Elac Debut F6.3 (par) - hd-multimedia\",\"isPartOf\":{\"@id\":\"https:\/\/hd-multimedia.com\/#website\"},\"datePublished\":\"2025-02-04T09:54:12+00:00\",\"dateModified\":\"2026-03-06T15:54:22+00:00\",\"description\":\"ELAC Debut F6.3 samostoje\u0107i zvu\u010dnici pru\u017eaju impresivan i dinami\u010dan zvu\u010dni do\u017eivljaj, savr\u0161en za ljubitelje glazbe i ku\u0107nog kina.\",\"breadcrumb\":{\"@id\":\"https:\/\/hd-multimedia.com\/trgovina\/elac-debut-f6-3\/#breadcrumb\"},\"inLanguage\":\"sl-SI\",\"potentialAction\":[{\"@type\":\"ReadAction\",\"target\":[\"https:\/\/hd-multimedia.com\/trgovina\/elac-debut-f6-3\/\"]}]},{\"@type\":\"BreadcrumbList\",\"@id\":\"https:\/\/hd-multimedia.com\/trgovina\/elac-debut-f6-3\/#breadcrumb\",\"itemListElement\":[{\"@type\":\"ListItem\",\"position\":1,\"name\":\"Po\u010detna stranica\",\"item\":\"https:\/\/hd-multimedia.com\/\"},{\"@type\":\"ListItem\",\"position\":2,\"name\":\"Trgovina\",\"item\":\"https:\/\/hd-multimedia.com\/trgovina\/\"},{\"@type\":\"ListItem\",\"position\":3,\"name\":\"Elac Debut F6.3 (par)\"}]},{\"@type\":\"WebSite\",\"@id\":\"https:\/\/hd-multimedia.com\/#website\",\"url\":\"https:\/\/hd-multimedia.com\/\",\"name\":\"hd-multimedia\",\"description\":\"\",\"publisher\":{\"@id\":\"https:\/\/hd-multimedia.com\/#organization\"},\"potentialAction\":[{\"@type\":\"SearchAction\",\"target\":{\"@type\":\"EntryPoint\",\"urlTemplate\":\"https:\/\/hd-multimedia.com\/?s={search_term_string}\"},\"query-input\":\"required name=search_term_string\"}],\"inLanguage\":\"sl-SI\"},{\"@type\":\"Organization\",\"@id\":\"https:\/\/hd-multimedia.com\/#organization\",\"name\":\"hd-multimedia\",\"url\":\"https:\/\/hd-multimedia.com\/\",\"logo\":{\"@type\":\"ImageObject\",\"inLanguage\":\"sl-SI\",\"@id\":\"https:\/\/hd-multimedia.com\/#\/schema\/logo\/image\/\",\"url\":\"https:\/\/hd-multimedia.com\/hdm_media\/HD-curves-ok-196-56px-alpha-1.png\",\"contentUrl\":\"https:\/\/hd-multimedia.com\/hdm_media\/HD-curves-ok-196-56px-alpha-1.png\",\"width\":196,\"height\":53,\"caption\":\"hd-multimedia\"},\"image\":{\"@id\":\"https:\/\/hd-multimedia.com\/#\/schema\/logo\/image\/\"}}]}<\/script>\n<!-- \/ Yoast SEO plugin. -->","yoast_head_json":{"title":"Elac Debut F6.3 (par) - hd-multimedia","description":"ELAC Debut F6.3 samostoje\u0107i zvu\u010dnici pru\u017eaju impresivan i dinami\u010dan zvu\u010dni do\u017eivljaj, savr\u0161en za ljubitelje glazbe i ku\u0107nog kina.","robots":{"index":"index","follow":"follow","max-snippet":"max-snippet:-1","max-image-preview":"max-image-preview:large","max-video-preview":"max-video-preview:-1"},"canonical":"https:\/\/hd-multimedia.com\/sl\/trgovina\/elac-debut-f6-3\/","og_locale":"sl_SI","og_type":"article","og_title":"Elac Debut F6.3 (par) - hd-multimedia","og_description":"ELAC Debut F6.3 samostoje\u0107i zvu\u010dnici pru\u017eaju impresivan i dinami\u010dan zvu\u010dni do\u017eivljaj, savr\u0161en za ljubitelje glazbe i ku\u0107nog kina.","og_url":"https:\/\/hd-multimedia.com\/sl\/trgovina\/elac-debut-f6-3\/","og_site_name":"hd-multimedia","article_modified_time":"2026-03-06T15:54:22+00:00","og_image":[{"width":1000,"height":1000,"url":"https:\/\/hd-multimedia.com\/hdm_media\/elac-debut-f63-per-pair.webp","type":"image\/webp"}],"twitter_card":"summary_large_image","twitter_misc":{"Est. reading time":"1 minuta"},"schema":{"@context":"https:\/\/schema.org","@graph":[{"@type":"WebPage","@id":"https:\/\/hd-multimedia.com\/trgovina\/elac-debut-f6-3\/","url":"https:\/\/hd-multimedia.com\/trgovina\/elac-debut-f6-3\/","name":"Elac Debut F6.3 (par) - hd-multimedia","isPartOf":{"@id":"https:\/\/hd-multimedia.com\/#website"},"datePublished":"2025-02-04T09:54:12+00:00","dateModified":"2026-03-06T15:54:22+00:00","description":"ELAC Debut F6.3 samostoje\u0107i zvu\u010dnici pru\u017eaju impresivan i dinami\u010dan zvu\u010dni do\u017eivljaj, savr\u0161en za ljubitelje glazbe i ku\u0107nog kina.","breadcrumb":{"@id":"https:\/\/hd-multimedia.com\/trgovina\/elac-debut-f6-3\/#breadcrumb"},"inLanguage":"sl-SI","potentialAction":[{"@type":"ReadAction","target":["https:\/\/hd-multimedia.com\/trgovina\/elac-debut-f6-3\/"]}]},{"@type":"BreadcrumbList","@id":"https:\/\/hd-multimedia.com\/trgovina\/elac-debut-f6-3\/#breadcrumb","itemListElement":[{"@type":"ListItem","position":1,"name":"Po\u010detna stranica","item":"https:\/\/hd-multimedia.com\/"},{"@type":"ListItem","position":2,"name":"Trgovina","item":"https:\/\/hd-multimedia.com\/trgovina\/"},{"@type":"ListItem","position":3,"name":"Elac Debut F6.3 (par)"}]},{"@type":"WebSite","@id":"https:\/\/hd-multimedia.com\/#website","url":"https:\/\/hd-multimedia.com\/","name":"hd-multimedia","description":"","publisher":{"@id":"https:\/\/hd-multimedia.com\/#organization"},"potentialAction":[{"@type":"SearchAction","target":{"@type":"EntryPoint","urlTemplate":"https:\/\/hd-multimedia.com\/?s={search_term_string}"},"query-input":"required name=search_term_string"}],"inLanguage":"sl-SI"},{"@type":"Organization","@id":"https:\/\/hd-multimedia.com\/#organization","name":"hd-multimedia","url":"https:\/\/hd-multimedia.com\/","logo":{"@type":"ImageObject","inLanguage":"sl-SI","@id":"https:\/\/hd-multimedia.com\/#\/schema\/logo\/image\/","url":"https:\/\/hd-multimedia.com\/hdm_media\/HD-curves-ok-196-56px-alpha-1.png","contentUrl":"https:\/\/hd-multimedia.com\/hdm_media\/HD-curves-ok-196-56px-alpha-1.png","width":196,"height":53,"caption":"hd-multimedia"},"image":{"@id":"https:\/\/hd-multimedia.com\/#\/schema\/logo\/image\/"}}]}},"post_mailing_queue_ids":[],"_links":{"self":[{"href":"https:\/\/hd-multimedia.com\/sl\/wp-json\/wp\/v2\/product\/17742","targetHints":{"allow":["GET"]}}],"collection":[{"href":"https:\/\/hd-multimedia.com\/sl\/wp-json\/wp\/v2\/product"}],"about":[{"href":"https:\/\/hd-multimedia.com\/sl\/wp-json\/wp\/v2\/types\/product"}],"version-history":[{"count":4,"href":"https:\/\/hd-multimedia.com\/sl\/wp-json\/wp\/v2\/product\/17742\/revisions"}],"predecessor-version":[{"id":18336,"href":"https:\/\/hd-multimedia.com\/sl\/wp-json\/wp\/v2\/product\/17742\/revisions\/18336"}],"wp:featuredmedia":[{"embeddable":true,"href":"https:\/\/hd-multimedia.com\/sl\/wp-json\/wp\/v2\/media\/17744"}],"wp:attachment":[{"href":"https:\/\/hd-multimedia.com\/sl\/wp-json\/wp\/v2\/media?parent=17742"}],"curies":[{"name":"wp","href":"https:\/\/api.w.org\/{rel}","templated":true}]}}