{"id":17730,"date":"2025-02-04T09:35:56","date_gmt":"2025-02-04T09:35:56","guid":{"rendered":"https:\/\/hd-multimedia.com\/?post_type=product&#038;p=17730"},"modified":"2026-03-08T22:07:12","modified_gmt":"2026-03-08T22:07:12","slug":"elac-debut-b6-3","status":"publish","type":"product","link":"https:\/\/hd-multimedia.com\/sl\/trgovina\/elac-debut-b6-3\/","title":{"rendered":"ELAC Debut B6.3 (par)"},"content":{"rendered":"<p>Estetsko Debut B6.3 zdru\u017euje sodoben dizajn s prakti\u010dnimi detajli, ki izbolj\u0161ajo njegov videz in funkcionalnost. Magnetne za\u0161\u010ditne mre\u017eice zagotavljajo eleganten videz brez vidnih pritrdilnih to\u010dk, medtem ko pozla\u010deni 5-smerni konektorji zagotavljajo optimalno prevodnost in zdru\u017eljivost z razli\u010dnimi vrstami kablov. S svojim prefinjenim mat zaklju\u010dkom in natan\u010dno izdelanim ohi\u0161jem ti zvo\u010dniki ne zagotavljajo samo vrhunske zvo\u010dne zmogljivosti, ampak tudi estetsko obogatijo vsak prostor.<\/p>","protected":false},"excerpt":{"rendered":"<p>Knji\u017eni zvo\u010dniki ELAC Debut B6.3 zagotavljajo mo\u010dan in podroben zvok v kompaktni zasnovi, ki je idealen za ljubitelje glasbe in doma\u010dega kina. Zahvaljujo\u010d 160 mm nizkotoncu ponujajo ti zvo\u010dniki bogato in dinami\u010dno zvo\u010dno izku\u0161njo z ve\u010djo globino in polnostjo v primerjavi z manj\u0161imi modeli. Njihovo 16 mm ohi\u0161je je dodatno oja\u010dano z notranjimi nosilci za zmanj\u0161anje ne\u017eelenih tresljajev in resonanc, kar omogo\u010da natan\u010dno reprodukcijo zvoka brez popa\u010denj. Ne glede na to, ali poslu\u0161ate glasbo ali gledate filme, Debut B6.3 zagotavlja kristalno \u010dist in uravnote\u017een zvok.<\/p>\n<p>Cena velja za par (2 zvo\u010dnika)<\/p>","protected":false},"featured_media":17735,"template":"","meta":{"site-sidebar-layout":"default","site-content-layout":"","ast-site-content-layout":"default","site-content-style":"default","site-sidebar-style":"default","ast-global-header-display":"","ast-banner-title-visibility":"","ast-main-header-display":"","ast-hfb-above-header-display":"","ast-hfb-below-header-display":"","ast-hfb-mobile-header-display":"","site-post-title":"","ast-breadcrumbs-content":"","ast-featured-img":"","footer-sml-layout":"","theme-transparent-header-meta":"default","adv-header-id-meta":"","stick-header-meta":"default","header-above-stick-meta":"","header-main-stick-meta":"","header-below-stick-meta":"","astra-migrate-meta-layouts":"set","ast-page-background-enabled":"default","ast-page-background-meta":{"desktop":{"background-color":"","background-image":"","background-repeat":"repeat","background-position":"center center","background-size":"auto","background-attachment":"scroll","background-type":"","background-media":"","overlay-type":"","overlay-color":"","overlay-opacity":"","overlay-gradient":""},"tablet":{"background-color":"","background-image":"","background-repeat":"repeat","background-position":"center center","background-size":"auto","background-attachment":"scroll","background-type":"","background-media":"","overlay-type":"","overlay-color":"","overlay-opacity":"","overlay-gradient":""},"mobile":{"background-color":"","background-image":"","background-repeat":"repeat","background-position":"center center","background-size":"auto","background-attachment":"scroll","background-type":"","background-media":"","overlay-type":"","overlay-color":"","overlay-opacity":"","overlay-gradient":""}},"ast-content-background-meta":{"desktop":{"background-color":"var(--ast-global-color-5)","background-image":"","background-repeat":"repeat","background-position":"center center","background-size":"auto","background-attachment":"scroll","background-type":"","background-media":"","overlay-type":"","overlay-color":"","overlay-opacity":"","overlay-gradient":""},"tablet":{"background-color":"var(--ast-global-color-5)","background-image":"","background-repeat":"repeat","background-position":"center center","background-size":"auto","background-attachment":"scroll","background-type":"","background-media":"","overlay-type":"","overlay-color":"","overlay-opacity":"","overlay-gradient":""},"mobile":{"background-color":"var(--ast-global-color-5)","background-image":"","background-repeat":"repeat","background-position":"center center","background-size":"auto","background-attachment":"scroll","background-type":"","background-media":"","overlay-type":"","overlay-color":"","overlay-opacity":"","overlay-gradient":""}}},"class_list":["post-17730","product","type-product","status-publish","has-post-thumbnail","hentry","product_cat-pasivne-zvucne-kutije","product_cat-elac","product_tag-novi-modeli-elac","desktop-align-center","tablet-align-center","mobile-align-center","ast-product-gallery-layout-horizontal","ast-magnify-disabled","ast-product-single-variable","ast-product-tabs-layout-horizontal"],"yoast_head":"<!-- This site is optimized with the Yoast SEO plugin v21.4 - https:\/\/yoast.com\/wordpress\/plugins\/seo\/ -->\n<title>ELAC Debut B6.3 (par) - hd-multimedia<\/title>\n<meta name=\"description\" content=\"ELAC Debut B6.3 bookshelf zvu\u010dnici pru\u017eaju sna\u017ean i detaljan zvuk u kompaktnom dizajnu, idealnom za ljubitelje glazbe i ku\u0107nog kina.\" \/>\n<meta name=\"robots\" content=\"index, follow, max-snippet:-1, max-image-preview:large, max-video-preview:-1\" \/>\n<link rel=\"canonical\" href=\"https:\/\/hd-multimedia.com\/sl\/trgovina\/elac-debut-b6-3\/\" \/>\n<meta property=\"og:locale\" content=\"sl_SI\" \/>\n<meta property=\"og:type\" content=\"article\" \/>\n<meta property=\"og:title\" content=\"ELAC Debut B6.3 (par) - hd-multimedia\" \/>\n<meta property=\"og:description\" content=\"ELAC Debut B6.3 bookshelf zvu\u010dnici pru\u017eaju sna\u017ean i detaljan zvuk u kompaktnom dizajnu, idealnom za ljubitelje glazbe i ku\u0107nog kina.\" \/>\n<meta property=\"og:url\" content=\"https:\/\/hd-multimedia.com\/sl\/trgovina\/elac-debut-b6-3\/\" \/>\n<meta property=\"og:site_name\" content=\"hd-multimedia\" \/>\n<meta property=\"article:modified_time\" content=\"2026-03-08T22:07:12+00:00\" \/>\n<meta property=\"og:image\" content=\"https:\/\/hd-multimedia.com\/hdm_media\/elac-debut-b63-per-pair-4.webp\" \/>\n\t<meta property=\"og:image:width\" content=\"1000\" \/>\n\t<meta property=\"og:image:height\" content=\"1000\" \/>\n\t<meta property=\"og:image:type\" content=\"image\/webp\" \/>\n<meta name=\"twitter:card\" content=\"summary_large_image\" \/>\n<meta name=\"twitter:label1\" content=\"Est. reading time\" \/>\n\t<meta name=\"twitter:data1\" content=\"1 minuta\" \/>\n<script type=\"application\/ld+json\" class=\"yoast-schema-graph\">{\"@context\":\"https:\/\/schema.org\",\"@graph\":[{\"@type\":\"WebPage\",\"@id\":\"https:\/\/hd-multimedia.com\/trgovina\/elac-debut-b6-3\/\",\"url\":\"https:\/\/hd-multimedia.com\/trgovina\/elac-debut-b6-3\/\",\"name\":\"ELAC Debut B6.3 (par) - hd-multimedia\",\"isPartOf\":{\"@id\":\"https:\/\/hd-multimedia.com\/#website\"},\"datePublished\":\"2025-02-04T09:35:56+00:00\",\"dateModified\":\"2026-03-08T22:07:12+00:00\",\"description\":\"ELAC Debut B6.3 bookshelf zvu\u010dnici pru\u017eaju sna\u017ean i detaljan zvuk u kompaktnom dizajnu, idealnom za ljubitelje glazbe i ku\u0107nog kina.\",\"breadcrumb\":{\"@id\":\"https:\/\/hd-multimedia.com\/trgovina\/elac-debut-b6-3\/#breadcrumb\"},\"inLanguage\":\"sl-SI\",\"potentialAction\":[{\"@type\":\"ReadAction\",\"target\":[\"https:\/\/hd-multimedia.com\/trgovina\/elac-debut-b6-3\/\"]}]},{\"@type\":\"BreadcrumbList\",\"@id\":\"https:\/\/hd-multimedia.com\/trgovina\/elac-debut-b6-3\/#breadcrumb\",\"itemListElement\":[{\"@type\":\"ListItem\",\"position\":1,\"name\":\"Po\u010detna stranica\",\"item\":\"https:\/\/hd-multimedia.com\/\"},{\"@type\":\"ListItem\",\"position\":2,\"name\":\"Trgovina\",\"item\":\"https:\/\/hd-multimedia.com\/trgovina\/\"},{\"@type\":\"ListItem\",\"position\":3,\"name\":\"ELAC Debut B6.3 (par)\"}]},{\"@type\":\"WebSite\",\"@id\":\"https:\/\/hd-multimedia.com\/#website\",\"url\":\"https:\/\/hd-multimedia.com\/\",\"name\":\"hd-multimedia\",\"description\":\"\",\"publisher\":{\"@id\":\"https:\/\/hd-multimedia.com\/#organization\"},\"potentialAction\":[{\"@type\":\"SearchAction\",\"target\":{\"@type\":\"EntryPoint\",\"urlTemplate\":\"https:\/\/hd-multimedia.com\/?s={search_term_string}\"},\"query-input\":\"required name=search_term_string\"}],\"inLanguage\":\"sl-SI\"},{\"@type\":\"Organization\",\"@id\":\"https:\/\/hd-multimedia.com\/#organization\",\"name\":\"hd-multimedia\",\"url\":\"https:\/\/hd-multimedia.com\/\",\"logo\":{\"@type\":\"ImageObject\",\"inLanguage\":\"sl-SI\",\"@id\":\"https:\/\/hd-multimedia.com\/#\/schema\/logo\/image\/\",\"url\":\"https:\/\/hd-multimedia.com\/hdm_media\/HD-curves-ok-196-56px-alpha-1.png\",\"contentUrl\":\"https:\/\/hd-multimedia.com\/hdm_media\/HD-curves-ok-196-56px-alpha-1.png\",\"width\":196,\"height\":53,\"caption\":\"hd-multimedia\"},\"image\":{\"@id\":\"https:\/\/hd-multimedia.com\/#\/schema\/logo\/image\/\"}}]}<\/script>\n<!-- \/ Yoast SEO plugin. -->","yoast_head_json":{"title":"ELAC Debut B6.3 (par) - hd-multimedia","description":"ELAC Debut B6.3 bookshelf zvu\u010dnici pru\u017eaju sna\u017ean i detaljan zvuk u kompaktnom dizajnu, idealnom za ljubitelje glazbe i ku\u0107nog kina.","robots":{"index":"index","follow":"follow","max-snippet":"max-snippet:-1","max-image-preview":"max-image-preview:large","max-video-preview":"max-video-preview:-1"},"canonical":"https:\/\/hd-multimedia.com\/sl\/trgovina\/elac-debut-b6-3\/","og_locale":"sl_SI","og_type":"article","og_title":"ELAC Debut B6.3 (par) - hd-multimedia","og_description":"ELAC Debut B6.3 bookshelf zvu\u010dnici pru\u017eaju sna\u017ean i detaljan zvuk u kompaktnom dizajnu, idealnom za ljubitelje glazbe i ku\u0107nog kina.","og_url":"https:\/\/hd-multimedia.com\/sl\/trgovina\/elac-debut-b6-3\/","og_site_name":"hd-multimedia","article_modified_time":"2026-03-08T22:07:12+00:00","og_image":[{"width":1000,"height":1000,"url":"https:\/\/hd-multimedia.com\/hdm_media\/elac-debut-b63-per-pair-4.webp","type":"image\/webp"}],"twitter_card":"summary_large_image","twitter_misc":{"Est. reading time":"1 minuta"},"schema":{"@context":"https:\/\/schema.org","@graph":[{"@type":"WebPage","@id":"https:\/\/hd-multimedia.com\/trgovina\/elac-debut-b6-3\/","url":"https:\/\/hd-multimedia.com\/trgovina\/elac-debut-b6-3\/","name":"ELAC Debut B6.3 (par) - hd-multimedia","isPartOf":{"@id":"https:\/\/hd-multimedia.com\/#website"},"datePublished":"2025-02-04T09:35:56+00:00","dateModified":"2026-03-08T22:07:12+00:00","description":"ELAC Debut B6.3 bookshelf zvu\u010dnici pru\u017eaju sna\u017ean i detaljan zvuk u kompaktnom dizajnu, idealnom za ljubitelje glazbe i ku\u0107nog kina.","breadcrumb":{"@id":"https:\/\/hd-multimedia.com\/trgovina\/elac-debut-b6-3\/#breadcrumb"},"inLanguage":"sl-SI","potentialAction":[{"@type":"ReadAction","target":["https:\/\/hd-multimedia.com\/trgovina\/elac-debut-b6-3\/"]}]},{"@type":"BreadcrumbList","@id":"https:\/\/hd-multimedia.com\/trgovina\/elac-debut-b6-3\/#breadcrumb","itemListElement":[{"@type":"ListItem","position":1,"name":"Po\u010detna stranica","item":"https:\/\/hd-multimedia.com\/"},{"@type":"ListItem","position":2,"name":"Trgovina","item":"https:\/\/hd-multimedia.com\/trgovina\/"},{"@type":"ListItem","position":3,"name":"ELAC Debut B6.3 (par)"}]},{"@type":"WebSite","@id":"https:\/\/hd-multimedia.com\/#website","url":"https:\/\/hd-multimedia.com\/","name":"hd-multimedia","description":"","publisher":{"@id":"https:\/\/hd-multimedia.com\/#organization"},"potentialAction":[{"@type":"SearchAction","target":{"@type":"EntryPoint","urlTemplate":"https:\/\/hd-multimedia.com\/?s={search_term_string}"},"query-input":"required name=search_term_string"}],"inLanguage":"sl-SI"},{"@type":"Organization","@id":"https:\/\/hd-multimedia.com\/#organization","name":"hd-multimedia","url":"https:\/\/hd-multimedia.com\/","logo":{"@type":"ImageObject","inLanguage":"sl-SI","@id":"https:\/\/hd-multimedia.com\/#\/schema\/logo\/image\/","url":"https:\/\/hd-multimedia.com\/hdm_media\/HD-curves-ok-196-56px-alpha-1.png","contentUrl":"https:\/\/hd-multimedia.com\/hdm_media\/HD-curves-ok-196-56px-alpha-1.png","width":196,"height":53,"caption":"hd-multimedia"},"image":{"@id":"https:\/\/hd-multimedia.com\/#\/schema\/logo\/image\/"}}]}},"post_mailing_queue_ids":[],"_links":{"self":[{"href":"https:\/\/hd-multimedia.com\/sl\/wp-json\/wp\/v2\/product\/17730","targetHints":{"allow":["GET"]}}],"collection":[{"href":"https:\/\/hd-multimedia.com\/sl\/wp-json\/wp\/v2\/product"}],"about":[{"href":"https:\/\/hd-multimedia.com\/sl\/wp-json\/wp\/v2\/types\/product"}],"version-history":[{"count":7,"href":"https:\/\/hd-multimedia.com\/sl\/wp-json\/wp\/v2\/product\/17730\/revisions"}],"predecessor-version":[{"id":19386,"href":"https:\/\/hd-multimedia.com\/sl\/wp-json\/wp\/v2\/product\/17730\/revisions\/19386"}],"wp:featuredmedia":[{"embeddable":true,"href":"https:\/\/hd-multimedia.com\/sl\/wp-json\/wp\/v2\/media\/17735"}],"wp:attachment":[{"href":"https:\/\/hd-multimedia.com\/sl\/wp-json\/wp\/v2\/media?parent=17730"}],"curies":[{"name":"wp","href":"https:\/\/api.w.org\/{rel}","templated":true}]}}